{"id":62342,"date":"2023-03-03T09:08:37","date_gmt":"2023-03-03T08:08:37","guid":{"rendered":"https:\/\/turijnmagazijn.nl\/product\/retour-deau-de-refroidissement-de-tuyauterie-turbo-lancia-delta-integrale-nouveau\/"},"modified":"2025-05-29T16:12:47","modified_gmt":"2025-05-29T14:12:47","slug":"tuyau-de-refroidissement-de-leau-retour-turbo-lancia-delta-integral-nouveau","status":"publish","type":"product","link":"https:\/\/turijnmagazijn.nl\/fr\/produit\/tuyau-de-refroidissement-de-leau-retour-turbo-lancia-delta-integral-nouveau\/","title":{"rendered":"Retour d\u2019eau de refroidissement de tuyauterie Turbo Lancia Delta Integrale -NOUVEAU-"},"content":{"rendered":"<p>Nouvel article, concerne une imitation pour remplacer le tuyau m\u00e9tallique d\u2019origine qui n\u2019est plus disponible. Fabriqu\u00e9 enti\u00e8rement en aluminium. Banjokop avec un al\u00e9sage de 16,5 mm. S\u2019adapte en combinaison avec le boulon d\u2019origine sur le turbo. L\u2019autre c\u00f4t\u00e9 a une connexion de type \u00ab&nbsp;push on&nbsp;\u00bb sur laquelle le tuyau peut \u00eatre fix\u00e9 \u00e0 l\u2019aide d\u2019une pince de tuyau. Le diam\u00e8tre int\u00e9rieur du c\u00f4t\u00e9 poussable est de 9 mm et celui de l\u2019ext\u00e9rieur de 12 mm.<\/p>\n<p>Pour r\u00e9f\u00e9rence, le num\u00e9ro OEM pour lequel ce produit est l\u2019alternative:<\/p>\n<p>OEM LANCIA 7726257<\/p>\n<p>&nbsp;<\/p>\n<p>Pi\u00e8ce num\u00e9ro 2 sur le dessin technique de l&rsquo;EPER, num\u00e9ro de dessin 1040201003. Une copie est requise par voiture.<\/p>\n","protected":false},"excerpt":{"rendered":"<p>7726257 Retour d\u2019eau de refroidissement de tuyau Turbo Lancia Delta Integrale -NOUVEAU- &#8211; Nouvel article, concerne une imitation pour remplacer le tuyau m\u00e9tallique d\u2019origine qui n\u2019est plus disponible.<\/p>\n","protected":false},"featured_media":34332,"comment_status":"closed","ping_status":"closed","template":"","meta":{"_acf_changed":false},"product_brand":[],"product_cat":[1806,1830,1798],"product_tag":[],"class_list":{"0":"post-62342","1":"product","2":"type-product","3":"status-publish","4":"has-post-thumbnail","6":"product_cat-delta-1-831-fr","7":"product_cat-integrale-8v-fr","8":"product_cat-lancia-fr","9":"pa_soort-onderdeel-moteur-et-accessoires","11":"first","12":"instock","13":"taxable","14":"shipping-taxable","15":"purchasable","16":"product-type-simple"},"acf":[],"yoast_head":"<!-- This site is optimized with the Yoast SEO plugin v27.2 - https:\/\/yoast.com\/product\/yoast-seo-wordpress\/ -->\n<title>Retour d\u2019eau de refroidissement de tuyauterie Turbo Lancia Delta Integrale -NOUVEAU- Turijnmagazijn<\/title>\n<meta name=\"robots\" content=\"index, follow, max-snippet:-1, max-image-preview:large, max-video-preview:-1\" \/>\n<link rel=\"canonical\" href=\"https:\/\/turijnmagazijn.nl\/fr\/produit\/tuyau-de-refroidissement-de-leau-retour-turbo-lancia-delta-integral-nouveau\/\" \/>\n<meta property=\"og:locale\" content=\"fr_FR\" \/>\n<meta property=\"og:type\" content=\"article\" \/>\n<meta property=\"og:title\" content=\"Retour d\u2019eau de refroidissement de tuyauterie Turbo Lancia Delta Integrale -NOUVEAU- Turijnmagazijn\" \/>\n<meta property=\"og:description\" content=\"7726257 Retour d\u2019eau de refroidissement de tuyau Turbo Lancia Delta Integrale -NOUVEAU- - Nouvel article, concerne une imitation pour remplacer le tuyau m\u00e9tallique d\u2019origine qui n\u2019est plus disponible.\" \/>\n<meta property=\"og:url\" content=\"https:\/\/turijnmagazijn.nl\/fr\/produit\/tuyau-de-refroidissement-de-leau-retour-turbo-lancia-delta-integral-nouveau\/\" \/>\n<meta property=\"og:site_name\" content=\"Turijnmagazijn\" \/>\n<meta property=\"article:publisher\" content=\"https:\/\/www.facebook.com\/turijnmagazijn\" \/>\n<meta property=\"article:modified_time\" content=\"2025-05-29T14:12:47+00:00\" \/>\n<meta property=\"og:image\" content=\"https:\/\/turijnmagazijn.nl\/wp-content\/uploads\/2023\/03\/DN00100033_Leiding_koelwater_retour_Turbo_Lancia_Delta_Integrale_-NIEUW-_3.jpg\" \/>\n\t<meta property=\"og:image:width\" content=\"800\" \/>\n\t<meta property=\"og:image:height\" content=\"600\" \/>\n\t<meta property=\"og:image:type\" content=\"image\/jpeg\" \/>\n<meta name=\"twitter:card\" content=\"summary_large_image\" \/>\n<meta name=\"twitter:label1\" content=\"Dur\u00e9e de lecture estim\u00e9e\" \/>\n\t<meta name=\"twitter:data1\" content=\"1 minute\" \/>\n<script type=\"application\/ld+json\" class=\"yoast-schema-graph\">{\"@context\":\"https:\/\/schema.org\",\"@graph\":[{\"@type\":\"WebPage\",\"@id\":\"https:\/\/turijnmagazijn.nl\/fr\/produit\/tuyau-de-refroidissement-de-leau-retour-turbo-lancia-delta-integral-nouveau\/\",\"url\":\"https:\/\/turijnmagazijn.nl\/fr\/produit\/tuyau-de-refroidissement-de-leau-retour-turbo-lancia-delta-integral-nouveau\/\",\"name\":\"Retour d\u2019eau de refroidissement de tuyauterie Turbo Lancia Delta Integrale -NOUVEAU- Turijnmagazijn\",\"isPartOf\":{\"@id\":\"https:\/\/turijnmagazijn.jumpstone-dev.nl\/#website\"},\"primaryImageOfPage\":{\"@id\":\"https:\/\/turijnmagazijn.nl\/fr\/produit\/tuyau-de-refroidissement-de-leau-retour-turbo-lancia-delta-integral-nouveau\/#primaryimage\"},\"image\":{\"@id\":\"https:\/\/turijnmagazijn.nl\/fr\/produit\/tuyau-de-refroidissement-de-leau-retour-turbo-lancia-delta-integral-nouveau\/#primaryimage\"},\"thumbnailUrl\":\"https:\/\/turijnmagazijn.nl\/wp-content\/uploads\/2023\/03\/DN00100033_Leiding_koelwater_retour_Turbo_Lancia_Delta_Integrale_-NIEUW-_3.jpg\",\"datePublished\":\"2023-03-03T08:08:37+00:00\",\"dateModified\":\"2025-05-29T14:12:47+00:00\",\"breadcrumb\":{\"@id\":\"https:\/\/turijnmagazijn.nl\/fr\/produit\/tuyau-de-refroidissement-de-leau-retour-turbo-lancia-delta-integral-nouveau\/#breadcrumb\"},\"inLanguage\":\"fr-FR\",\"potentialAction\":[{\"@type\":\"ReadAction\",\"target\":[\"https:\/\/turijnmagazijn.nl\/fr\/produit\/tuyau-de-refroidissement-de-leau-retour-turbo-lancia-delta-integral-nouveau\/\"]}]},{\"@type\":\"ImageObject\",\"inLanguage\":\"fr-FR\",\"@id\":\"https:\/\/turijnmagazijn.nl\/fr\/produit\/tuyau-de-refroidissement-de-leau-retour-turbo-lancia-delta-integral-nouveau\/#primaryimage\",\"url\":\"https:\/\/turijnmagazijn.nl\/wp-content\/uploads\/2023\/03\/DN00100033_Leiding_koelwater_retour_Turbo_Lancia_Delta_Integrale_-NIEUW-_3.jpg\",\"contentUrl\":\"https:\/\/turijnmagazijn.nl\/wp-content\/uploads\/2023\/03\/DN00100033_Leiding_koelwater_retour_Turbo_Lancia_Delta_Integrale_-NIEUW-_3.jpg\",\"width\":800,\"height\":600},{\"@type\":\"BreadcrumbList\",\"@id\":\"https:\/\/turijnmagazijn.nl\/fr\/produit\/tuyau-de-refroidissement-de-leau-retour-turbo-lancia-delta-integral-nouveau\/#breadcrumb\",\"itemListElement\":[{\"@type\":\"ListItem\",\"position\":1,\"name\":\"Home\",\"item\":\"https:\/\/turijnmagazijn.jumpstone-dev.nl\/\"},{\"@type\":\"ListItem\",\"position\":2,\"name\":\"Produits\",\"item\":\"https:\/\/turijnmagazijn.nl\/fr\/shop\/\"},{\"@type\":\"ListItem\",\"position\":3,\"name\":\"Retour d\u2019eau de refroidissement de tuyauterie Turbo Lancia Delta Integrale -NOUVEAU-\"}]},{\"@type\":\"WebSite\",\"@id\":\"https:\/\/turijnmagazijn.jumpstone-dev.nl\/#website\",\"url\":\"https:\/\/turijnmagazijn.jumpstone-dev.nl\/\",\"name\":\"Turijnmagazijn\",\"description\":\"Onderdelen nieuw en gebruikt - Fiat &amp; Lancia\",\"publisher\":{\"@id\":\"https:\/\/turijnmagazijn.jumpstone-dev.nl\/#organization\"},\"potentialAction\":[{\"@type\":\"SearchAction\",\"target\":{\"@type\":\"EntryPoint\",\"urlTemplate\":\"https:\/\/turijnmagazijn.jumpstone-dev.nl\/?s={search_term_string}\"},\"query-input\":{\"@type\":\"PropertyValueSpecification\",\"valueRequired\":true,\"valueName\":\"search_term_string\"}}],\"inLanguage\":\"fr-FR\"},{\"@type\":\"Organization\",\"@id\":\"https:\/\/turijnmagazijn.jumpstone-dev.nl\/#organization\",\"name\":\"Turijnmagazijn\",\"url\":\"https:\/\/turijnmagazijn.jumpstone-dev.nl\/\",\"logo\":{\"@type\":\"ImageObject\",\"inLanguage\":\"fr-FR\",\"@id\":\"https:\/\/turijnmagazijn.jumpstone-dev.nl\/#\/schema\/logo\/image\/\",\"url\":\"https:\/\/turijnmagazijn.nl\/wp-content\/uploads\/2021\/02\/turijnmagazijnlogo.png\",\"contentUrl\":\"https:\/\/turijnmagazijn.nl\/wp-content\/uploads\/2021\/02\/turijnmagazijnlogo.png\",\"width\":555,\"height\":270,\"caption\":\"Turijnmagazijn\"},\"image\":{\"@id\":\"https:\/\/turijnmagazijn.jumpstone-dev.nl\/#\/schema\/logo\/image\/\"},\"sameAs\":[\"https:\/\/www.facebook.com\/turijnmagazijn\"]}]}<\/script>\n<!-- \/ Yoast SEO plugin. -->","yoast_head_json":{"title":"Retour d\u2019eau de refroidissement de tuyauterie Turbo Lancia Delta Integrale -NOUVEAU- Turijnmagazijn","robots":{"index":"index","follow":"follow","max-snippet":"max-snippet:-1","max-image-preview":"max-image-preview:large","max-video-preview":"max-video-preview:-1"},"canonical":"https:\/\/turijnmagazijn.nl\/fr\/produit\/tuyau-de-refroidissement-de-leau-retour-turbo-lancia-delta-integral-nouveau\/","og_locale":"fr_FR","og_type":"article","og_title":"Retour d\u2019eau de refroidissement de tuyauterie Turbo Lancia Delta Integrale -NOUVEAU- Turijnmagazijn","og_description":"7726257 Retour d\u2019eau de refroidissement de tuyau Turbo Lancia Delta Integrale -NOUVEAU- - Nouvel article, concerne une imitation pour remplacer le tuyau m\u00e9tallique d\u2019origine qui n\u2019est plus disponible.","og_url":"https:\/\/turijnmagazijn.nl\/fr\/produit\/tuyau-de-refroidissement-de-leau-retour-turbo-lancia-delta-integral-nouveau\/","og_site_name":"Turijnmagazijn","article_publisher":"https:\/\/www.facebook.com\/turijnmagazijn","article_modified_time":"2025-05-29T14:12:47+00:00","og_image":[{"width":800,"height":600,"url":"https:\/\/turijnmagazijn.nl\/wp-content\/uploads\/2023\/03\/DN00100033_Leiding_koelwater_retour_Turbo_Lancia_Delta_Integrale_-NIEUW-_3.jpg","type":"image\/jpeg"}],"twitter_card":"summary_large_image","twitter_misc":{"Dur\u00e9e de lecture estim\u00e9e":"1 minute"},"schema":{"@context":"https:\/\/schema.org","@graph":[{"@type":"WebPage","@id":"https:\/\/turijnmagazijn.nl\/fr\/produit\/tuyau-de-refroidissement-de-leau-retour-turbo-lancia-delta-integral-nouveau\/","url":"https:\/\/turijnmagazijn.nl\/fr\/produit\/tuyau-de-refroidissement-de-leau-retour-turbo-lancia-delta-integral-nouveau\/","name":"Retour d\u2019eau de refroidissement de tuyauterie Turbo Lancia Delta Integrale -NOUVEAU- Turijnmagazijn","isPartOf":{"@id":"https:\/\/turijnmagazijn.jumpstone-dev.nl\/#website"},"primaryImageOfPage":{"@id":"https:\/\/turijnmagazijn.nl\/fr\/produit\/tuyau-de-refroidissement-de-leau-retour-turbo-lancia-delta-integral-nouveau\/#primaryimage"},"image":{"@id":"https:\/\/turijnmagazijn.nl\/fr\/produit\/tuyau-de-refroidissement-de-leau-retour-turbo-lancia-delta-integral-nouveau\/#primaryimage"},"thumbnailUrl":"https:\/\/turijnmagazijn.nl\/wp-content\/uploads\/2023\/03\/DN00100033_Leiding_koelwater_retour_Turbo_Lancia_Delta_Integrale_-NIEUW-_3.jpg","datePublished":"2023-03-03T08:08:37+00:00","dateModified":"2025-05-29T14:12:47+00:00","breadcrumb":{"@id":"https:\/\/turijnmagazijn.nl\/fr\/produit\/tuyau-de-refroidissement-de-leau-retour-turbo-lancia-delta-integral-nouveau\/#breadcrumb"},"inLanguage":"fr-FR","potentialAction":[{"@type":"ReadAction","target":["https:\/\/turijnmagazijn.nl\/fr\/produit\/tuyau-de-refroidissement-de-leau-retour-turbo-lancia-delta-integral-nouveau\/"]}]},{"@type":"ImageObject","inLanguage":"fr-FR","@id":"https:\/\/turijnmagazijn.nl\/fr\/produit\/tuyau-de-refroidissement-de-leau-retour-turbo-lancia-delta-integral-nouveau\/#primaryimage","url":"https:\/\/turijnmagazijn.nl\/wp-content\/uploads\/2023\/03\/DN00100033_Leiding_koelwater_retour_Turbo_Lancia_Delta_Integrale_-NIEUW-_3.jpg","contentUrl":"https:\/\/turijnmagazijn.nl\/wp-content\/uploads\/2023\/03\/DN00100033_Leiding_koelwater_retour_Turbo_Lancia_Delta_Integrale_-NIEUW-_3.jpg","width":800,"height":600},{"@type":"BreadcrumbList","@id":"https:\/\/turijnmagazijn.nl\/fr\/produit\/tuyau-de-refroidissement-de-leau-retour-turbo-lancia-delta-integral-nouveau\/#breadcrumb","itemListElement":[{"@type":"ListItem","position":1,"name":"Home","item":"https:\/\/turijnmagazijn.jumpstone-dev.nl\/"},{"@type":"ListItem","position":2,"name":"Produits","item":"https:\/\/turijnmagazijn.nl\/fr\/shop\/"},{"@type":"ListItem","position":3,"name":"Retour d\u2019eau de refroidissement de tuyauterie Turbo Lancia Delta Integrale -NOUVEAU-"}]},{"@type":"WebSite","@id":"https:\/\/turijnmagazijn.jumpstone-dev.nl\/#website","url":"https:\/\/turijnmagazijn.jumpstone-dev.nl\/","name":"Turijnmagazijn","description":"Onderdelen nieuw en gebruikt - Fiat &amp; Lancia","publisher":{"@id":"https:\/\/turijnmagazijn.jumpstone-dev.nl\/#organization"},"potentialAction":[{"@type":"SearchAction","target":{"@type":"EntryPoint","urlTemplate":"https:\/\/turijnmagazijn.jumpstone-dev.nl\/?s={search_term_string}"},"query-input":{"@type":"PropertyValueSpecification","valueRequired":true,"valueName":"search_term_string"}}],"inLanguage":"fr-FR"},{"@type":"Organization","@id":"https:\/\/turijnmagazijn.jumpstone-dev.nl\/#organization","name":"Turijnmagazijn","url":"https:\/\/turijnmagazijn.jumpstone-dev.nl\/","logo":{"@type":"ImageObject","inLanguage":"fr-FR","@id":"https:\/\/turijnmagazijn.jumpstone-dev.nl\/#\/schema\/logo\/image\/","url":"https:\/\/turijnmagazijn.nl\/wp-content\/uploads\/2021\/02\/turijnmagazijnlogo.png","contentUrl":"https:\/\/turijnmagazijn.nl\/wp-content\/uploads\/2021\/02\/turijnmagazijnlogo.png","width":555,"height":270,"caption":"Turijnmagazijn"},"image":{"@id":"https:\/\/turijnmagazijn.jumpstone-dev.nl\/#\/schema\/logo\/image\/"},"sameAs":["https:\/\/www.facebook.com\/turijnmagazijn"]}]}},"_links":{"self":[{"href":"https:\/\/turijnmagazijn.nl\/fr\/wp-json\/wp\/v2\/product\/62342","targetHints":{"allow":["GET"]}}],"collection":[{"href":"https:\/\/turijnmagazijn.nl\/fr\/wp-json\/wp\/v2\/product"}],"about":[{"href":"https:\/\/turijnmagazijn.nl\/fr\/wp-json\/wp\/v2\/types\/product"}],"replies":[{"embeddable":true,"href":"https:\/\/turijnmagazijn.nl\/fr\/wp-json\/wp\/v2\/comments?post=62342"}],"wp:featuredmedia":[{"embeddable":true,"href":"https:\/\/turijnmagazijn.nl\/fr\/wp-json\/wp\/v2\/media\/34332"}],"wp:attachment":[{"href":"https:\/\/turijnmagazijn.nl\/fr\/wp-json\/wp\/v2\/media?parent=62342"}],"wp:term":[{"taxonomy":"product_brand","embeddable":true,"href":"https:\/\/turijnmagazijn.nl\/fr\/wp-json\/wp\/v2\/product_brand?post=62342"},{"taxonomy":"product_cat","embeddable":true,"href":"https:\/\/turijnmagazijn.nl\/fr\/wp-json\/wp\/v2\/product_cat?post=62342"},{"taxonomy":"product_tag","embeddable":true,"href":"https:\/\/turijnmagazijn.nl\/fr\/wp-json\/wp\/v2\/product_tag?post=62342"}],"curies":[{"name":"wp","href":"https:\/\/api.w.org\/{rel}","templated":true}]}}