{"id":62348,"date":"2023-03-03T09:08:59","date_gmt":"2023-03-03T08:08:59","guid":{"rendered":"https:\/\/turijnmagazijn.nl\/product\/etagere-chapeau-en-corde-alfa-147-fiat-grande-punto\/"},"modified":"2024-01-01T19:28:57","modified_gmt":"2024-01-01T18:28:57","slug":"etagere-de-colis-de-corde-alfa-147-fiat-grande-punto","status":"publish","type":"product","link":"https:\/\/turijnmagazijn.nl\/fr\/produit\/etagere-de-colis-de-corde-alfa-147-fiat-grande-punto\/","title":{"rendered":"\u00c9tag\u00e8re chapeau en corde Alfa 147 &#8211; Fiat Grande Punto"},"content":{"rendered":"<p>Ficelle pour suspendre l\u2019\u00e9tag\u00e8re \u00e0 colis pour Alfa 147, \u00e9galement applicable pour Fiat Grande Punto Fiat Punto I et Fiat Punto II. Les cordes sont faciles \u00e0 changer. Concerne un jeu de 2 cordes usag\u00e9es d\u2019une Alfa 147 construite en 2001.<\/p>\n<p>Emball\u00e9 par 2 pi\u00e8ces.<\/p>\n<p>Concerne un nouvel article.<\/p>\n<p>OEM 7740229<\/p>\n","protected":false},"excerpt":{"rendered":"<p>7740229 \u00c9tag\u00e8re \u00e0 colis en corde Alfa 147 &#8211; Fiat Grande Punto &#8211; Ficelle pour suspendre l\u2019\u00e9tag\u00e8re \u00e0 colis pour Alfa 147, \u00e9galement applicable pour Fiat Grande Punto.\u00c9tag\u00e8re \u00e0 colis en corde Alfa 147 &#8211; Fiat Grande Punto &#8211; Ficelle pour suspendre l\u2019\u00e9tag\u00e8re \u00e0 colis pour Alfa 147, o<\/p>\n","protected":false},"featured_media":34532,"comment_status":"closed","ping_status":"closed","template":"","meta":{"_acf_changed":false},"product_brand":[],"product_cat":[1606,1582,1690,1731,1631,1748,1752],"product_tag":[],"class_list":{"0":"post-62348","1":"product","2":"type-product","3":"status-publish","4":"has-post-thumbnail","6":"product_cat-147-937-fr","7":"product_cat-alfa-romeo-fr","8":"product_cat-fiat-fr","9":"product_cat-grande-punto-199-fr","10":"product_cat-gt-937-fr","11":"product_cat-punto-1-176-fr","12":"product_cat-punto-2-188-fr","13":"pa_soort-onderdeel-petit-materiel","15":"first","16":"instock","17":"taxable","18":"shipping-taxable","19":"purchasable","20":"product-type-simple"},"acf":[],"yoast_head":"<!-- This site is optimized with the Yoast SEO plugin v27.2 - https:\/\/yoast.com\/product\/yoast-seo-wordpress\/ -->\n<title>\u00c9tag\u00e8re chapeau en corde Alfa 147 - Fiat Grande Punto - Turijnmagazijn<\/title>\n<meta name=\"robots\" content=\"index, follow, max-snippet:-1, max-image-preview:large, max-video-preview:-1\" \/>\n<link rel=\"canonical\" href=\"https:\/\/turijnmagazijn.nl\/fr\/produit\/etagere-de-colis-de-corde-alfa-147-fiat-grande-punto\/\" \/>\n<meta property=\"og:locale\" content=\"fr_FR\" \/>\n<meta property=\"og:type\" content=\"article\" \/>\n<meta property=\"og:title\" content=\"\u00c9tag\u00e8re chapeau en corde Alfa 147 - Fiat Grande Punto - Turijnmagazijn\" \/>\n<meta property=\"og:description\" content=\"7740229 \u00c9tag\u00e8re \u00e0 colis en corde Alfa 147 - Fiat Grande Punto - Ficelle pour suspendre l\u2019\u00e9tag\u00e8re \u00e0 colis pour Alfa 147, \u00e9galement applicable pour Fiat Grande Punto.\u00c9tag\u00e8re \u00e0 colis en corde Alfa 147 - Fiat Grande Punto - Ficelle pour suspendre l\u2019\u00e9tag\u00e8re \u00e0 colis pour Alfa 147, o\" \/>\n<meta property=\"og:url\" content=\"https:\/\/turijnmagazijn.nl\/fr\/produit\/etagere-de-colis-de-corde-alfa-147-fiat-grande-punto\/\" \/>\n<meta property=\"og:site_name\" content=\"Turijnmagazijn\" \/>\n<meta property=\"article:publisher\" content=\"https:\/\/www.facebook.com\/turijnmagazijn\" \/>\n<meta property=\"article:modified_time\" content=\"2024-01-01T18:28:57+00:00\" \/>\n<meta property=\"og:image\" content=\"https:\/\/turijnmagazijn.nl\/wp-content\/uploads\/2023\/03\/DN00100047_Touw_hoedenplank_Alfa_147_-_Fiat_Grande_Punto_3-800x600-1.jpg\" \/>\n\t<meta property=\"og:image:width\" content=\"800\" \/>\n\t<meta property=\"og:image:height\" content=\"600\" \/>\n\t<meta property=\"og:image:type\" content=\"image\/jpeg\" \/>\n<meta name=\"twitter:card\" content=\"summary_large_image\" \/>\n<script type=\"application\/ld+json\" class=\"yoast-schema-graph\">{\"@context\":\"https:\/\/schema.org\",\"@graph\":[{\"@type\":\"WebPage\",\"@id\":\"https:\/\/turijnmagazijn.nl\/fr\/produit\/etagere-de-colis-de-corde-alfa-147-fiat-grande-punto\/\",\"url\":\"https:\/\/turijnmagazijn.nl\/fr\/produit\/etagere-de-colis-de-corde-alfa-147-fiat-grande-punto\/\",\"name\":\"\u00c9tag\u00e8re chapeau en corde Alfa 147 - Fiat Grande Punto - Turijnmagazijn\",\"isPartOf\":{\"@id\":\"https:\/\/turijnmagazijn.jumpstone-dev.nl\/#website\"},\"primaryImageOfPage\":{\"@id\":\"https:\/\/turijnmagazijn.nl\/fr\/produit\/etagere-de-colis-de-corde-alfa-147-fiat-grande-punto\/#primaryimage\"},\"image\":{\"@id\":\"https:\/\/turijnmagazijn.nl\/fr\/produit\/etagere-de-colis-de-corde-alfa-147-fiat-grande-punto\/#primaryimage\"},\"thumbnailUrl\":\"https:\/\/turijnmagazijn.nl\/wp-content\/uploads\/2023\/03\/DN00100047_Touw_hoedenplank_Alfa_147_-_Fiat_Grande_Punto_3-800x600-1.jpg\",\"datePublished\":\"2023-03-03T08:08:59+00:00\",\"dateModified\":\"2024-01-01T18:28:57+00:00\",\"breadcrumb\":{\"@id\":\"https:\/\/turijnmagazijn.nl\/fr\/produit\/etagere-de-colis-de-corde-alfa-147-fiat-grande-punto\/#breadcrumb\"},\"inLanguage\":\"fr-FR\",\"potentialAction\":[{\"@type\":\"ReadAction\",\"target\":[\"https:\/\/turijnmagazijn.nl\/fr\/produit\/etagere-de-colis-de-corde-alfa-147-fiat-grande-punto\/\"]}]},{\"@type\":\"ImageObject\",\"inLanguage\":\"fr-FR\",\"@id\":\"https:\/\/turijnmagazijn.nl\/fr\/produit\/etagere-de-colis-de-corde-alfa-147-fiat-grande-punto\/#primaryimage\",\"url\":\"https:\/\/turijnmagazijn.nl\/wp-content\/uploads\/2023\/03\/DN00100047_Touw_hoedenplank_Alfa_147_-_Fiat_Grande_Punto_3-800x600-1.jpg\",\"contentUrl\":\"https:\/\/turijnmagazijn.nl\/wp-content\/uploads\/2023\/03\/DN00100047_Touw_hoedenplank_Alfa_147_-_Fiat_Grande_Punto_3-800x600-1.jpg\",\"width\":800,\"height\":600},{\"@type\":\"BreadcrumbList\",\"@id\":\"https:\/\/turijnmagazijn.nl\/fr\/produit\/etagere-de-colis-de-corde-alfa-147-fiat-grande-punto\/#breadcrumb\",\"itemListElement\":[{\"@type\":\"ListItem\",\"position\":1,\"name\":\"Home\",\"item\":\"https:\/\/turijnmagazijn.jumpstone-dev.nl\/\"},{\"@type\":\"ListItem\",\"position\":2,\"name\":\"Produits\",\"item\":\"https:\/\/turijnmagazijn.nl\/fr\/shop\/\"},{\"@type\":\"ListItem\",\"position\":3,\"name\":\"\u00c9tag\u00e8re chapeau en corde Alfa 147 &#8211; Fiat Grande Punto\"}]},{\"@type\":\"WebSite\",\"@id\":\"https:\/\/turijnmagazijn.jumpstone-dev.nl\/#website\",\"url\":\"https:\/\/turijnmagazijn.jumpstone-dev.nl\/\",\"name\":\"Turijnmagazijn\",\"description\":\"Onderdelen nieuw en gebruikt - Fiat &amp; Lancia\",\"publisher\":{\"@id\":\"https:\/\/turijnmagazijn.jumpstone-dev.nl\/#organization\"},\"potentialAction\":[{\"@type\":\"SearchAction\",\"target\":{\"@type\":\"EntryPoint\",\"urlTemplate\":\"https:\/\/turijnmagazijn.jumpstone-dev.nl\/?s={search_term_string}\"},\"query-input\":{\"@type\":\"PropertyValueSpecification\",\"valueRequired\":true,\"valueName\":\"search_term_string\"}}],\"inLanguage\":\"fr-FR\"},{\"@type\":\"Organization\",\"@id\":\"https:\/\/turijnmagazijn.jumpstone-dev.nl\/#organization\",\"name\":\"Turijnmagazijn\",\"url\":\"https:\/\/turijnmagazijn.jumpstone-dev.nl\/\",\"logo\":{\"@type\":\"ImageObject\",\"inLanguage\":\"fr-FR\",\"@id\":\"https:\/\/turijnmagazijn.jumpstone-dev.nl\/#\/schema\/logo\/image\/\",\"url\":\"https:\/\/turijnmagazijn.nl\/wp-content\/uploads\/2021\/02\/turijnmagazijnlogo.png\",\"contentUrl\":\"https:\/\/turijnmagazijn.nl\/wp-content\/uploads\/2021\/02\/turijnmagazijnlogo.png\",\"width\":555,\"height\":270,\"caption\":\"Turijnmagazijn\"},\"image\":{\"@id\":\"https:\/\/turijnmagazijn.jumpstone-dev.nl\/#\/schema\/logo\/image\/\"},\"sameAs\":[\"https:\/\/www.facebook.com\/turijnmagazijn\"]}]}<\/script>\n<!-- \/ Yoast SEO plugin. -->","yoast_head_json":{"title":"\u00c9tag\u00e8re chapeau en corde Alfa 147 - Fiat Grande Punto - Turijnmagazijn","robots":{"index":"index","follow":"follow","max-snippet":"max-snippet:-1","max-image-preview":"max-image-preview:large","max-video-preview":"max-video-preview:-1"},"canonical":"https:\/\/turijnmagazijn.nl\/fr\/produit\/etagere-de-colis-de-corde-alfa-147-fiat-grande-punto\/","og_locale":"fr_FR","og_type":"article","og_title":"\u00c9tag\u00e8re chapeau en corde Alfa 147 - Fiat Grande Punto - Turijnmagazijn","og_description":"7740229 \u00c9tag\u00e8re \u00e0 colis en corde Alfa 147 - Fiat Grande Punto - Ficelle pour suspendre l\u2019\u00e9tag\u00e8re \u00e0 colis pour Alfa 147, \u00e9galement applicable pour Fiat Grande Punto.\u00c9tag\u00e8re \u00e0 colis en corde Alfa 147 - Fiat Grande Punto - Ficelle pour suspendre l\u2019\u00e9tag\u00e8re \u00e0 colis pour Alfa 147, o","og_url":"https:\/\/turijnmagazijn.nl\/fr\/produit\/etagere-de-colis-de-corde-alfa-147-fiat-grande-punto\/","og_site_name":"Turijnmagazijn","article_publisher":"https:\/\/www.facebook.com\/turijnmagazijn","article_modified_time":"2024-01-01T18:28:57+00:00","og_image":[{"width":800,"height":600,"url":"https:\/\/turijnmagazijn.nl\/wp-content\/uploads\/2023\/03\/DN00100047_Touw_hoedenplank_Alfa_147_-_Fiat_Grande_Punto_3-800x600-1.jpg","type":"image\/jpeg"}],"twitter_card":"summary_large_image","schema":{"@context":"https:\/\/schema.org","@graph":[{"@type":"WebPage","@id":"https:\/\/turijnmagazijn.nl\/fr\/produit\/etagere-de-colis-de-corde-alfa-147-fiat-grande-punto\/","url":"https:\/\/turijnmagazijn.nl\/fr\/produit\/etagere-de-colis-de-corde-alfa-147-fiat-grande-punto\/","name":"\u00c9tag\u00e8re chapeau en corde Alfa 147 - Fiat Grande Punto - Turijnmagazijn","isPartOf":{"@id":"https:\/\/turijnmagazijn.jumpstone-dev.nl\/#website"},"primaryImageOfPage":{"@id":"https:\/\/turijnmagazijn.nl\/fr\/produit\/etagere-de-colis-de-corde-alfa-147-fiat-grande-punto\/#primaryimage"},"image":{"@id":"https:\/\/turijnmagazijn.nl\/fr\/produit\/etagere-de-colis-de-corde-alfa-147-fiat-grande-punto\/#primaryimage"},"thumbnailUrl":"https:\/\/turijnmagazijn.nl\/wp-content\/uploads\/2023\/03\/DN00100047_Touw_hoedenplank_Alfa_147_-_Fiat_Grande_Punto_3-800x600-1.jpg","datePublished":"2023-03-03T08:08:59+00:00","dateModified":"2024-01-01T18:28:57+00:00","breadcrumb":{"@id":"https:\/\/turijnmagazijn.nl\/fr\/produit\/etagere-de-colis-de-corde-alfa-147-fiat-grande-punto\/#breadcrumb"},"inLanguage":"fr-FR","potentialAction":[{"@type":"ReadAction","target":["https:\/\/turijnmagazijn.nl\/fr\/produit\/etagere-de-colis-de-corde-alfa-147-fiat-grande-punto\/"]}]},{"@type":"ImageObject","inLanguage":"fr-FR","@id":"https:\/\/turijnmagazijn.nl\/fr\/produit\/etagere-de-colis-de-corde-alfa-147-fiat-grande-punto\/#primaryimage","url":"https:\/\/turijnmagazijn.nl\/wp-content\/uploads\/2023\/03\/DN00100047_Touw_hoedenplank_Alfa_147_-_Fiat_Grande_Punto_3-800x600-1.jpg","contentUrl":"https:\/\/turijnmagazijn.nl\/wp-content\/uploads\/2023\/03\/DN00100047_Touw_hoedenplank_Alfa_147_-_Fiat_Grande_Punto_3-800x600-1.jpg","width":800,"height":600},{"@type":"BreadcrumbList","@id":"https:\/\/turijnmagazijn.nl\/fr\/produit\/etagere-de-colis-de-corde-alfa-147-fiat-grande-punto\/#breadcrumb","itemListElement":[{"@type":"ListItem","position":1,"name":"Home","item":"https:\/\/turijnmagazijn.jumpstone-dev.nl\/"},{"@type":"ListItem","position":2,"name":"Produits","item":"https:\/\/turijnmagazijn.nl\/fr\/shop\/"},{"@type":"ListItem","position":3,"name":"\u00c9tag\u00e8re chapeau en corde Alfa 147 &#8211; Fiat Grande Punto"}]},{"@type":"WebSite","@id":"https:\/\/turijnmagazijn.jumpstone-dev.nl\/#website","url":"https:\/\/turijnmagazijn.jumpstone-dev.nl\/","name":"Turijnmagazijn","description":"Onderdelen nieuw en gebruikt - Fiat &amp; Lancia","publisher":{"@id":"https:\/\/turijnmagazijn.jumpstone-dev.nl\/#organization"},"potentialAction":[{"@type":"SearchAction","target":{"@type":"EntryPoint","urlTemplate":"https:\/\/turijnmagazijn.jumpstone-dev.nl\/?s={search_term_string}"},"query-input":{"@type":"PropertyValueSpecification","valueRequired":true,"valueName":"search_term_string"}}],"inLanguage":"fr-FR"},{"@type":"Organization","@id":"https:\/\/turijnmagazijn.jumpstone-dev.nl\/#organization","name":"Turijnmagazijn","url":"https:\/\/turijnmagazijn.jumpstone-dev.nl\/","logo":{"@type":"ImageObject","inLanguage":"fr-FR","@id":"https:\/\/turijnmagazijn.jumpstone-dev.nl\/#\/schema\/logo\/image\/","url":"https:\/\/turijnmagazijn.nl\/wp-content\/uploads\/2021\/02\/turijnmagazijnlogo.png","contentUrl":"https:\/\/turijnmagazijn.nl\/wp-content\/uploads\/2021\/02\/turijnmagazijnlogo.png","width":555,"height":270,"caption":"Turijnmagazijn"},"image":{"@id":"https:\/\/turijnmagazijn.jumpstone-dev.nl\/#\/schema\/logo\/image\/"},"sameAs":["https:\/\/www.facebook.com\/turijnmagazijn"]}]}},"_links":{"self":[{"href":"https:\/\/turijnmagazijn.nl\/fr\/wp-json\/wp\/v2\/product\/62348","targetHints":{"allow":["GET"]}}],"collection":[{"href":"https:\/\/turijnmagazijn.nl\/fr\/wp-json\/wp\/v2\/product"}],"about":[{"href":"https:\/\/turijnmagazijn.nl\/fr\/wp-json\/wp\/v2\/types\/product"}],"replies":[{"embeddable":true,"href":"https:\/\/turijnmagazijn.nl\/fr\/wp-json\/wp\/v2\/comments?post=62348"}],"wp:featuredmedia":[{"embeddable":true,"href":"https:\/\/turijnmagazijn.nl\/fr\/wp-json\/wp\/v2\/media\/34532"}],"wp:attachment":[{"href":"https:\/\/turijnmagazijn.nl\/fr\/wp-json\/wp\/v2\/media?parent=62348"}],"wp:term":[{"taxonomy":"product_brand","embeddable":true,"href":"https:\/\/turijnmagazijn.nl\/fr\/wp-json\/wp\/v2\/product_brand?post=62348"},{"taxonomy":"product_cat","embeddable":true,"href":"https:\/\/turijnmagazijn.nl\/fr\/wp-json\/wp\/v2\/product_cat?post=62348"},{"taxonomy":"product_tag","embeddable":true,"href":"https:\/\/turijnmagazijn.nl\/fr\/wp-json\/wp\/v2\/product_tag?post=62348"}],"curies":[{"name":"wp","href":"https:\/\/api.w.org\/{rel}","templated":true}]}}