{"id":62360,"date":"2023-03-03T08:08:37","date_gmt":"2023-03-03T07:08:37","guid":{"rendered":"https:\/\/turijnmagazijn.nl\/product\/soupape-de-soufflage-turbo-pression-lancia-delta-integrale-nouveau\/"},"modified":"2025-08-04T08:47:02","modified_gmt":"2025-08-04T06:47:02","slug":"soupape-de-soufflage-turbo-pression-lancia-delta-integrale-nouveau","status":"publish","type":"product","link":"https:\/\/turijnmagazijn.nl\/fr\/produit\/soupape-de-soufflage-turbo-pression-lancia-delta-integrale-nouveau\/","title":{"rendered":"Soupape de soufflage turbo pression Lancia Delta Integrale -NOUVEAU-"},"content":{"rendered":"<p>Soupape de purge en plastique pour la pression turbo conform\u00e9ment \u00e0 l\u2019original tel qu\u2019appliqu\u00e9 par Lancia. Il s\u2019agit d\u2019une reproduction conforme aux sp\u00e9cifications originales de Bosch. Il s\u2019agit techniquement de la m\u00eame unit\u00e9 que Lancia utilise avec la m\u00eame bosse de soufflage que la version d\u2019usine standard. Un excellent remplacement pour un original d\u00e9fectueux.<\/p>\n<p>Concerne une nouvelle unit\u00e9 dans son emballage d\u2019origine.<\/p>\n<p>Lancia OEM 82408820<\/p>\n<p>Num\u00e9ro d\u2019origine pour r\u00e9f\u00e9rence seulement, la pi\u00e8ce n\u2019est pas une pi\u00e8ce Lancia d\u2019origine!<\/p>\n<p>&nbsp;<\/p>\n<p>Cette pi\u00e8ce est \u00e9galement interchangeable avec les 82468490 OEM pour les mod\u00e8les FIat COupe turbo et pour les mod\u00e8les Lancia Delta 2 avec turbo.<\/p>\n<p>&nbsp;<\/p>\n<p>Pi\u00e8ce num\u00e9ro 1 sur le dessin technique de l&rsquo;EPER, num\u00e9ro de dessin 1024700003. Une copie est requise par voiture.<\/p>\n","protected":false},"excerpt":{"rendered":"<p>82408820 Soupape de purge turbo pression Lancia Delta Integrale -NOUVEAU- Soupape de soufflage en plastique pour turbo pression conforme \u00e0 l\u2019original tel que Lancia s\u2019applique.<\/p>\n","protected":false},"featured_media":34392,"comment_status":"closed","ping_status":"closed","template":"","meta":{"_acf_changed":false},"product_brand":[],"product_cat":[1846,1851,1719,1806,1841,1690,1821,1825,1836,1830,1838,1798],"product_tag":[],"class_list":{"0":"post-62360","1":"product","2":"type-product","3":"status-publish","4":"has-post-thumbnail","6":"product_cat-3-deurs-hpe-fr","7":"product_cat-5-deurs-fr","8":"product_cat-coupe-175-fr","9":"product_cat-delta-1-831-fr","10":"product_cat-delta-2-836-fr","11":"product_cat-fiat-fr","12":"product_cat-hf-4wd-fr","13":"product_cat-hf-turbo-fr","14":"product_cat-integrale-16v-fr","15":"product_cat-integrale-8v-fr","16":"product_cat-integrale-evo-fr","17":"product_cat-lancia-fr","18":"pa_soort-onderdeel-moteur-et-accessoires","20":"first","21":"instock","22":"featured","23":"taxable","24":"shipping-taxable","25":"purchasable","26":"product-type-simple"},"acf":[],"yoast_head":"<!-- This site is optimized with the Yoast SEO plugin v27.3 - https:\/\/yoast.com\/product\/yoast-seo-wordpress\/ -->\n<title>Soupape de soufflage turbo pression Lancia Delta Integrale -NOUVEAU- Turijnmagazijn<\/title>\n<meta name=\"robots\" content=\"index, follow, max-snippet:-1, max-image-preview:large, max-video-preview:-1\" \/>\n<link rel=\"canonical\" href=\"https:\/\/turijnmagazijn.nl\/fr\/produit\/soupape-de-soufflage-turbo-pression-lancia-delta-integrale-nouveau\/\" \/>\n<meta property=\"og:locale\" content=\"fr_FR\" \/>\n<meta property=\"og:type\" content=\"article\" \/>\n<meta property=\"og:title\" content=\"Soupape de soufflage turbo pression Lancia Delta Integrale -NOUVEAU- Turijnmagazijn\" \/>\n<meta property=\"og:description\" content=\"82408820 Soupape de purge turbo pression Lancia Delta Integrale -NOUVEAU- Soupape de soufflage en plastique pour turbo pression conforme \u00e0 l\u2019original tel que Lancia s\u2019applique.\" \/>\n<meta property=\"og:url\" content=\"https:\/\/turijnmagazijn.nl\/fr\/produit\/soupape-de-soufflage-turbo-pression-lancia-delta-integrale-nouveau\/\" \/>\n<meta property=\"og:site_name\" content=\"Turijnmagazijn\" \/>\n<meta property=\"article:publisher\" content=\"https:\/\/www.facebook.com\/turijnmagazijn\" \/>\n<meta property=\"article:modified_time\" content=\"2025-08-04T06:47:02+00:00\" \/>\n<meta property=\"og:image\" content=\"https:\/\/turijnmagazijn.nl\/wp-content\/uploads\/2023\/03\/DN00100043_Afblaasklep_turbodruk_Lancia_Delta_Integrale_-NIEUW-_2.jpg\" \/>\n\t<meta property=\"og:image:width\" content=\"800\" \/>\n\t<meta property=\"og:image:height\" content=\"600\" \/>\n\t<meta property=\"og:image:type\" content=\"image\/jpeg\" \/>\n<meta name=\"twitter:card\" content=\"summary_large_image\" \/>\n<meta name=\"twitter:label1\" content=\"Dur\u00e9e de lecture estim\u00e9e\" \/>\n\t<meta name=\"twitter:data1\" content=\"1 minute\" \/>\n<script type=\"application\/ld+json\" class=\"yoast-schema-graph\">{\"@context\":\"https:\\\/\\\/schema.org\",\"@graph\":[{\"@type\":\"WebPage\",\"@id\":\"https:\\\/\\\/turijnmagazijn.nl\\\/fr\\\/produit\\\/soupape-de-soufflage-turbo-pression-lancia-delta-integrale-nouveau\\\/\",\"url\":\"https:\\\/\\\/turijnmagazijn.nl\\\/fr\\\/produit\\\/soupape-de-soufflage-turbo-pression-lancia-delta-integrale-nouveau\\\/\",\"name\":\"Soupape de soufflage turbo pression Lancia Delta Integrale -NOUVEAU- Turijnmagazijn\",\"isPartOf\":{\"@id\":\"https:\\\/\\\/turijnmagazijn.jumpstone-dev.nl\\\/#website\"},\"primaryImageOfPage\":{\"@id\":\"https:\\\/\\\/turijnmagazijn.nl\\\/fr\\\/produit\\\/soupape-de-soufflage-turbo-pression-lancia-delta-integrale-nouveau\\\/#primaryimage\"},\"image\":{\"@id\":\"https:\\\/\\\/turijnmagazijn.nl\\\/fr\\\/produit\\\/soupape-de-soufflage-turbo-pression-lancia-delta-integrale-nouveau\\\/#primaryimage\"},\"thumbnailUrl\":\"https:\\\/\\\/turijnmagazijn.nl\\\/wp-content\\\/uploads\\\/2023\\\/03\\\/DN00100043_Afblaasklep_turbodruk_Lancia_Delta_Integrale_-NIEUW-_2.jpg\",\"datePublished\":\"2023-03-03T07:08:37+00:00\",\"dateModified\":\"2025-08-04T06:47:02+00:00\",\"breadcrumb\":{\"@id\":\"https:\\\/\\\/turijnmagazijn.nl\\\/fr\\\/produit\\\/soupape-de-soufflage-turbo-pression-lancia-delta-integrale-nouveau\\\/#breadcrumb\"},\"inLanguage\":\"fr-FR\",\"potentialAction\":[{\"@type\":\"ReadAction\",\"target\":[\"https:\\\/\\\/turijnmagazijn.nl\\\/fr\\\/produit\\\/soupape-de-soufflage-turbo-pression-lancia-delta-integrale-nouveau\\\/\"]}]},{\"@type\":\"ImageObject\",\"inLanguage\":\"fr-FR\",\"@id\":\"https:\\\/\\\/turijnmagazijn.nl\\\/fr\\\/produit\\\/soupape-de-soufflage-turbo-pression-lancia-delta-integrale-nouveau\\\/#primaryimage\",\"url\":\"https:\\\/\\\/turijnmagazijn.nl\\\/wp-content\\\/uploads\\\/2023\\\/03\\\/DN00100043_Afblaasklep_turbodruk_Lancia_Delta_Integrale_-NIEUW-_2.jpg\",\"contentUrl\":\"https:\\\/\\\/turijnmagazijn.nl\\\/wp-content\\\/uploads\\\/2023\\\/03\\\/DN00100043_Afblaasklep_turbodruk_Lancia_Delta_Integrale_-NIEUW-_2.jpg\",\"width\":800,\"height\":600},{\"@type\":\"BreadcrumbList\",\"@id\":\"https:\\\/\\\/turijnmagazijn.nl\\\/fr\\\/produit\\\/soupape-de-soufflage-turbo-pression-lancia-delta-integrale-nouveau\\\/#breadcrumb\",\"itemListElement\":[{\"@type\":\"ListItem\",\"position\":1,\"name\":\"Home\",\"item\":\"https:\\\/\\\/turijnmagazijn.nl\\\/fr\\\/\"},{\"@type\":\"ListItem\",\"position\":2,\"name\":\"Produits\",\"item\":\"https:\\\/\\\/turijnmagazijn.nl\\\/fr\\\/shop\\\/\"},{\"@type\":\"ListItem\",\"position\":3,\"name\":\"Soupape de soufflage turbo pression Lancia Delta Integrale -NOUVEAU-\"}]},{\"@type\":\"WebSite\",\"@id\":\"https:\\\/\\\/turijnmagazijn.jumpstone-dev.nl\\\/#website\",\"url\":\"https:\\\/\\\/turijnmagazijn.jumpstone-dev.nl\\\/\",\"name\":\"Turijnmagazijn\",\"description\":\"Onderdelen nieuw en gebruikt - Fiat &amp; Lancia\",\"publisher\":{\"@id\":\"https:\\\/\\\/turijnmagazijn.jumpstone-dev.nl\\\/#organization\"},\"potentialAction\":[{\"@type\":\"SearchAction\",\"target\":{\"@type\":\"EntryPoint\",\"urlTemplate\":\"https:\\\/\\\/turijnmagazijn.jumpstone-dev.nl\\\/?s={search_term_string}\"},\"query-input\":{\"@type\":\"PropertyValueSpecification\",\"valueRequired\":true,\"valueName\":\"search_term_string\"}}],\"inLanguage\":\"fr-FR\"},{\"@type\":\"Organization\",\"@id\":\"https:\\\/\\\/turijnmagazijn.jumpstone-dev.nl\\\/#organization\",\"name\":\"Turijnmagazijn\",\"url\":\"https:\\\/\\\/turijnmagazijn.jumpstone-dev.nl\\\/\",\"logo\":{\"@type\":\"ImageObject\",\"inLanguage\":\"fr-FR\",\"@id\":\"https:\\\/\\\/turijnmagazijn.jumpstone-dev.nl\\\/#\\\/schema\\\/logo\\\/image\\\/\",\"url\":\"https:\\\/\\\/turijnmagazijn.nl\\\/wp-content\\\/uploads\\\/2021\\\/02\\\/turijnmagazijnlogo.png\",\"contentUrl\":\"https:\\\/\\\/turijnmagazijn.nl\\\/wp-content\\\/uploads\\\/2021\\\/02\\\/turijnmagazijnlogo.png\",\"width\":555,\"height\":270,\"caption\":\"Turijnmagazijn\"},\"image\":{\"@id\":\"https:\\\/\\\/turijnmagazijn.jumpstone-dev.nl\\\/#\\\/schema\\\/logo\\\/image\\\/\"},\"sameAs\":[\"https:\\\/\\\/www.facebook.com\\\/turijnmagazijn\"]}]}<\/script>\n<!-- \/ Yoast SEO plugin. -->","yoast_head_json":{"title":"Soupape de soufflage turbo pression Lancia Delta Integrale -NOUVEAU- Turijnmagazijn","robots":{"index":"index","follow":"follow","max-snippet":"max-snippet:-1","max-image-preview":"max-image-preview:large","max-video-preview":"max-video-preview:-1"},"canonical":"https:\/\/turijnmagazijn.nl\/fr\/produit\/soupape-de-soufflage-turbo-pression-lancia-delta-integrale-nouveau\/","og_locale":"fr_FR","og_type":"article","og_title":"Soupape de soufflage turbo pression Lancia Delta Integrale -NOUVEAU- Turijnmagazijn","og_description":"82408820 Soupape de purge turbo pression Lancia Delta Integrale -NOUVEAU- Soupape de soufflage en plastique pour turbo pression conforme \u00e0 l\u2019original tel que Lancia s\u2019applique.","og_url":"https:\/\/turijnmagazijn.nl\/fr\/produit\/soupape-de-soufflage-turbo-pression-lancia-delta-integrale-nouveau\/","og_site_name":"Turijnmagazijn","article_publisher":"https:\/\/www.facebook.com\/turijnmagazijn","article_modified_time":"2025-08-04T06:47:02+00:00","og_image":[{"width":800,"height":600,"url":"https:\/\/turijnmagazijn.nl\/wp-content\/uploads\/2023\/03\/DN00100043_Afblaasklep_turbodruk_Lancia_Delta_Integrale_-NIEUW-_2.jpg","type":"image\/jpeg"}],"twitter_card":"summary_large_image","twitter_misc":{"Dur\u00e9e de lecture estim\u00e9e":"1 minute"},"schema":{"@context":"https:\/\/schema.org","@graph":[{"@type":"WebPage","@id":"https:\/\/turijnmagazijn.nl\/fr\/produit\/soupape-de-soufflage-turbo-pression-lancia-delta-integrale-nouveau\/","url":"https:\/\/turijnmagazijn.nl\/fr\/produit\/soupape-de-soufflage-turbo-pression-lancia-delta-integrale-nouveau\/","name":"Soupape de soufflage turbo pression Lancia Delta Integrale -NOUVEAU- Turijnmagazijn","isPartOf":{"@id":"https:\/\/turijnmagazijn.jumpstone-dev.nl\/#website"},"primaryImageOfPage":{"@id":"https:\/\/turijnmagazijn.nl\/fr\/produit\/soupape-de-soufflage-turbo-pression-lancia-delta-integrale-nouveau\/#primaryimage"},"image":{"@id":"https:\/\/turijnmagazijn.nl\/fr\/produit\/soupape-de-soufflage-turbo-pression-lancia-delta-integrale-nouveau\/#primaryimage"},"thumbnailUrl":"https:\/\/turijnmagazijn.nl\/wp-content\/uploads\/2023\/03\/DN00100043_Afblaasklep_turbodruk_Lancia_Delta_Integrale_-NIEUW-_2.jpg","datePublished":"2023-03-03T07:08:37+00:00","dateModified":"2025-08-04T06:47:02+00:00","breadcrumb":{"@id":"https:\/\/turijnmagazijn.nl\/fr\/produit\/soupape-de-soufflage-turbo-pression-lancia-delta-integrale-nouveau\/#breadcrumb"},"inLanguage":"fr-FR","potentialAction":[{"@type":"ReadAction","target":["https:\/\/turijnmagazijn.nl\/fr\/produit\/soupape-de-soufflage-turbo-pression-lancia-delta-integrale-nouveau\/"]}]},{"@type":"ImageObject","inLanguage":"fr-FR","@id":"https:\/\/turijnmagazijn.nl\/fr\/produit\/soupape-de-soufflage-turbo-pression-lancia-delta-integrale-nouveau\/#primaryimage","url":"https:\/\/turijnmagazijn.nl\/wp-content\/uploads\/2023\/03\/DN00100043_Afblaasklep_turbodruk_Lancia_Delta_Integrale_-NIEUW-_2.jpg","contentUrl":"https:\/\/turijnmagazijn.nl\/wp-content\/uploads\/2023\/03\/DN00100043_Afblaasklep_turbodruk_Lancia_Delta_Integrale_-NIEUW-_2.jpg","width":800,"height":600},{"@type":"BreadcrumbList","@id":"https:\/\/turijnmagazijn.nl\/fr\/produit\/soupape-de-soufflage-turbo-pression-lancia-delta-integrale-nouveau\/#breadcrumb","itemListElement":[{"@type":"ListItem","position":1,"name":"Home","item":"https:\/\/turijnmagazijn.nl\/fr\/"},{"@type":"ListItem","position":2,"name":"Produits","item":"https:\/\/turijnmagazijn.nl\/fr\/shop\/"},{"@type":"ListItem","position":3,"name":"Soupape de soufflage turbo pression Lancia Delta Integrale -NOUVEAU-"}]},{"@type":"WebSite","@id":"https:\/\/turijnmagazijn.jumpstone-dev.nl\/#website","url":"https:\/\/turijnmagazijn.jumpstone-dev.nl\/","name":"Turijnmagazijn","description":"Onderdelen nieuw en gebruikt - Fiat &amp; Lancia","publisher":{"@id":"https:\/\/turijnmagazijn.jumpstone-dev.nl\/#organization"},"potentialAction":[{"@type":"SearchAction","target":{"@type":"EntryPoint","urlTemplate":"https:\/\/turijnmagazijn.jumpstone-dev.nl\/?s={search_term_string}"},"query-input":{"@type":"PropertyValueSpecification","valueRequired":true,"valueName":"search_term_string"}}],"inLanguage":"fr-FR"},{"@type":"Organization","@id":"https:\/\/turijnmagazijn.jumpstone-dev.nl\/#organization","name":"Turijnmagazijn","url":"https:\/\/turijnmagazijn.jumpstone-dev.nl\/","logo":{"@type":"ImageObject","inLanguage":"fr-FR","@id":"https:\/\/turijnmagazijn.jumpstone-dev.nl\/#\/schema\/logo\/image\/","url":"https:\/\/turijnmagazijn.nl\/wp-content\/uploads\/2021\/02\/turijnmagazijnlogo.png","contentUrl":"https:\/\/turijnmagazijn.nl\/wp-content\/uploads\/2021\/02\/turijnmagazijnlogo.png","width":555,"height":270,"caption":"Turijnmagazijn"},"image":{"@id":"https:\/\/turijnmagazijn.jumpstone-dev.nl\/#\/schema\/logo\/image\/"},"sameAs":["https:\/\/www.facebook.com\/turijnmagazijn"]}]}},"_links":{"self":[{"href":"https:\/\/turijnmagazijn.nl\/fr\/wp-json\/wp\/v2\/product\/62360","targetHints":{"allow":["GET"]}}],"collection":[{"href":"https:\/\/turijnmagazijn.nl\/fr\/wp-json\/wp\/v2\/product"}],"about":[{"href":"https:\/\/turijnmagazijn.nl\/fr\/wp-json\/wp\/v2\/types\/product"}],"replies":[{"embeddable":true,"href":"https:\/\/turijnmagazijn.nl\/fr\/wp-json\/wp\/v2\/comments?post=62360"}],"wp:featuredmedia":[{"embeddable":true,"href":"https:\/\/turijnmagazijn.nl\/fr\/wp-json\/wp\/v2\/media\/34392"}],"wp:attachment":[{"href":"https:\/\/turijnmagazijn.nl\/fr\/wp-json\/wp\/v2\/media?parent=62360"}],"wp:term":[{"taxonomy":"product_brand","embeddable":true,"href":"https:\/\/turijnmagazijn.nl\/fr\/wp-json\/wp\/v2\/product_brand?post=62360"},{"taxonomy":"product_cat","embeddable":true,"href":"https:\/\/turijnmagazijn.nl\/fr\/wp-json\/wp\/v2\/product_cat?post=62360"},{"taxonomy":"product_tag","embeddable":true,"href":"https:\/\/turijnmagazijn.nl\/fr\/wp-json\/wp\/v2\/product_tag?post=62360"}],"curies":[{"name":"wp","href":"https:\/\/api.w.org\/{rel}","templated":true}]}}