{"id":62365,"date":"2023-03-03T09:08:59","date_gmt":"2023-03-03T08:08:59","guid":{"rendered":"https:\/\/turijnmagazijn.nl\/product\/collecteur-de-clapet-anti-retour-tuyau-de-fluide-lave-glace-alfa-fiat-lancia\/"},"modified":"2025-05-29T16:22:58","modified_gmt":"2025-05-29T14:22:58","slug":"vanne-anti-refoulement-collecteur-lave-glace-fluide-tuyau-alpha-fiat-lancia","status":"publish","type":"product","link":"https:\/\/turijnmagazijn.nl\/fr\/produit\/vanne-anti-refoulement-collecteur-lave-glace-fluide-tuyau-alpha-fiat-lancia\/","title":{"rendered":"Collecteur de clapet anti-retour tuyau de fluide lave-glace Alfa Fiat Lancia"},"content":{"rendered":"<p>Soupape anti-retour avec split pour le tuyau de liquide lave-glace pour diff\u00e9rents types de Fiat Lancia et Alfa Romeo. Appliqu\u00e9 aux Fiat Stilo, Alfa 156, 147 et 166, mais aussi \u00e0 divers mod\u00e8les Lancia. La vanne emp\u00eache le refoulement de la poussi\u00e8re de puces vers le r\u00e9servoir d\u00e8s qu\u2019il a pass\u00e9 la fente dans les tuyaux.<\/p>\n<p>OEM 7667888<\/p>\n<p>Convient \u00e9galement pour une utilisation sur Lancia Delta int\u00e9grale comme s\u00e9parateur pour les deux buses avant du parafan.<\/p>\n<p>Dans cette application, ce collecteur remplace le composant suivant :<\/p>\n<p>Lancia OEM 46418009<\/p>\n","protected":false},"excerpt":{"rendered":"<p>7667888 46418009 Collecteur de clapet anti-retour tuyau de liquide lave-glace Alfa Fiat Lancia &#8211; Soupape anti-retour avec split pour le tuyau de liquide lave-glace pour diff\u00e9rents types de Fiat Lancia et Alfa Romeo.<\/p>\n","protected":false},"featured_media":34520,"comment_status":"closed","ping_status":"closed","template":"","meta":{"_acf_changed":false},"product_brand":[],"product_cat":[1609,1613,1582,1798,1873],"product_tag":[],"class_list":{"0":"post-62365","1":"product","2":"type-product","3":"status-publish","4":"has-post-thumbnail","6":"product_cat-155-167-fr","7":"product_cat-156-932-fr","8":"product_cat-alfa-romeo-fr","9":"product_cat-lancia-fr","10":"product_cat-lybra-839-fr","11":"pa_soort-onderdeel-petit-materiel","13":"first","14":"instock","15":"taxable","16":"shipping-taxable","17":"purchasable","18":"product-type-simple"},"acf":[],"yoast_head":"<!-- This site is optimized with the Yoast SEO plugin v27.3 - https:\/\/yoast.com\/product\/yoast-seo-wordpress\/ -->\n<title>Collecteur de clapet anti-retour tuyau de fluide lave-glace Alfa Fiat Lancia - Turijnmagazijn<\/title>\n<meta name=\"robots\" content=\"index, follow, max-snippet:-1, max-image-preview:large, max-video-preview:-1\" \/>\n<link rel=\"canonical\" href=\"https:\/\/turijnmagazijn.nl\/fr\/produit\/vanne-anti-refoulement-collecteur-lave-glace-fluide-tuyau-alpha-fiat-lancia\/\" \/>\n<meta property=\"og:locale\" content=\"fr_FR\" \/>\n<meta property=\"og:type\" content=\"article\" \/>\n<meta property=\"og:title\" content=\"Collecteur de clapet anti-retour tuyau de fluide lave-glace Alfa Fiat Lancia - Turijnmagazijn\" \/>\n<meta property=\"og:description\" content=\"7667888 46418009 Collecteur de clapet anti-retour tuyau de liquide lave-glace Alfa Fiat Lancia - Soupape anti-retour avec split pour le tuyau de liquide lave-glace pour diff\u00e9rents types de Fiat Lancia et Alfa Romeo.\" \/>\n<meta property=\"og:url\" content=\"https:\/\/turijnmagazijn.nl\/fr\/produit\/vanne-anti-refoulement-collecteur-lave-glace-fluide-tuyau-alpha-fiat-lancia\/\" \/>\n<meta property=\"og:site_name\" content=\"Turijnmagazijn\" \/>\n<meta property=\"article:publisher\" content=\"https:\/\/www.facebook.com\/turijnmagazijn\" \/>\n<meta property=\"article:modified_time\" content=\"2025-05-29T14:22:58+00:00\" \/>\n<meta property=\"og:image\" content=\"https:\/\/turijnmagazijn.nl\/wp-content\/uploads\/2023\/03\/DN00100046_Terugstroomklepje_verdeelstuk_ruitensproeiervloeistof_leiding_Alfa_Fiat_Lancia_3-800x600-1.jpg\" \/>\n\t<meta property=\"og:image:width\" content=\"800\" \/>\n\t<meta property=\"og:image:height\" content=\"600\" \/>\n\t<meta property=\"og:image:type\" content=\"image\/jpeg\" \/>\n<meta name=\"twitter:card\" content=\"summary_large_image\" \/>\n<script type=\"application\/ld+json\" class=\"yoast-schema-graph\">{\"@context\":\"https:\\\/\\\/schema.org\",\"@graph\":[{\"@type\":\"WebPage\",\"@id\":\"https:\\\/\\\/turijnmagazijn.nl\\\/fr\\\/produit\\\/vanne-anti-refoulement-collecteur-lave-glace-fluide-tuyau-alpha-fiat-lancia\\\/\",\"url\":\"https:\\\/\\\/turijnmagazijn.nl\\\/fr\\\/produit\\\/vanne-anti-refoulement-collecteur-lave-glace-fluide-tuyau-alpha-fiat-lancia\\\/\",\"name\":\"Collecteur de clapet anti-retour tuyau de fluide lave-glace Alfa Fiat Lancia - Turijnmagazijn\",\"isPartOf\":{\"@id\":\"https:\\\/\\\/turijnmagazijn.jumpstone-dev.nl\\\/#website\"},\"primaryImageOfPage\":{\"@id\":\"https:\\\/\\\/turijnmagazijn.nl\\\/fr\\\/produit\\\/vanne-anti-refoulement-collecteur-lave-glace-fluide-tuyau-alpha-fiat-lancia\\\/#primaryimage\"},\"image\":{\"@id\":\"https:\\\/\\\/turijnmagazijn.nl\\\/fr\\\/produit\\\/vanne-anti-refoulement-collecteur-lave-glace-fluide-tuyau-alpha-fiat-lancia\\\/#primaryimage\"},\"thumbnailUrl\":\"https:\\\/\\\/turijnmagazijn.nl\\\/wp-content\\\/uploads\\\/2023\\\/03\\\/DN00100046_Terugstroomklepje_verdeelstuk_ruitensproeiervloeistof_leiding_Alfa_Fiat_Lancia_3-800x600-1.jpg\",\"datePublished\":\"2023-03-03T08:08:59+00:00\",\"dateModified\":\"2025-05-29T14:22:58+00:00\",\"breadcrumb\":{\"@id\":\"https:\\\/\\\/turijnmagazijn.nl\\\/fr\\\/produit\\\/vanne-anti-refoulement-collecteur-lave-glace-fluide-tuyau-alpha-fiat-lancia\\\/#breadcrumb\"},\"inLanguage\":\"fr-FR\",\"potentialAction\":[{\"@type\":\"ReadAction\",\"target\":[\"https:\\\/\\\/turijnmagazijn.nl\\\/fr\\\/produit\\\/vanne-anti-refoulement-collecteur-lave-glace-fluide-tuyau-alpha-fiat-lancia\\\/\"]}]},{\"@type\":\"ImageObject\",\"inLanguage\":\"fr-FR\",\"@id\":\"https:\\\/\\\/turijnmagazijn.nl\\\/fr\\\/produit\\\/vanne-anti-refoulement-collecteur-lave-glace-fluide-tuyau-alpha-fiat-lancia\\\/#primaryimage\",\"url\":\"https:\\\/\\\/turijnmagazijn.nl\\\/wp-content\\\/uploads\\\/2023\\\/03\\\/DN00100046_Terugstroomklepje_verdeelstuk_ruitensproeiervloeistof_leiding_Alfa_Fiat_Lancia_3-800x600-1.jpg\",\"contentUrl\":\"https:\\\/\\\/turijnmagazijn.nl\\\/wp-content\\\/uploads\\\/2023\\\/03\\\/DN00100046_Terugstroomklepje_verdeelstuk_ruitensproeiervloeistof_leiding_Alfa_Fiat_Lancia_3-800x600-1.jpg\",\"width\":800,\"height\":600},{\"@type\":\"BreadcrumbList\",\"@id\":\"https:\\\/\\\/turijnmagazijn.nl\\\/fr\\\/produit\\\/vanne-anti-refoulement-collecteur-lave-glace-fluide-tuyau-alpha-fiat-lancia\\\/#breadcrumb\",\"itemListElement\":[{\"@type\":\"ListItem\",\"position\":1,\"name\":\"Home\",\"item\":\"https:\\\/\\\/turijnmagazijn.nl\\\/fr\\\/\"},{\"@type\":\"ListItem\",\"position\":2,\"name\":\"Produits\",\"item\":\"https:\\\/\\\/turijnmagazijn.nl\\\/fr\\\/shop\\\/\"},{\"@type\":\"ListItem\",\"position\":3,\"name\":\"Collecteur de clapet anti-retour tuyau de fluide lave-glace Alfa Fiat Lancia\"}]},{\"@type\":\"WebSite\",\"@id\":\"https:\\\/\\\/turijnmagazijn.jumpstone-dev.nl\\\/#website\",\"url\":\"https:\\\/\\\/turijnmagazijn.jumpstone-dev.nl\\\/\",\"name\":\"Turijnmagazijn\",\"description\":\"Onderdelen nieuw en gebruikt - Fiat &amp; Lancia\",\"publisher\":{\"@id\":\"https:\\\/\\\/turijnmagazijn.jumpstone-dev.nl\\\/#organization\"},\"potentialAction\":[{\"@type\":\"SearchAction\",\"target\":{\"@type\":\"EntryPoint\",\"urlTemplate\":\"https:\\\/\\\/turijnmagazijn.jumpstone-dev.nl\\\/?s={search_term_string}\"},\"query-input\":{\"@type\":\"PropertyValueSpecification\",\"valueRequired\":true,\"valueName\":\"search_term_string\"}}],\"inLanguage\":\"fr-FR\"},{\"@type\":\"Organization\",\"@id\":\"https:\\\/\\\/turijnmagazijn.jumpstone-dev.nl\\\/#organization\",\"name\":\"Turijnmagazijn\",\"url\":\"https:\\\/\\\/turijnmagazijn.jumpstone-dev.nl\\\/\",\"logo\":{\"@type\":\"ImageObject\",\"inLanguage\":\"fr-FR\",\"@id\":\"https:\\\/\\\/turijnmagazijn.jumpstone-dev.nl\\\/#\\\/schema\\\/logo\\\/image\\\/\",\"url\":\"https:\\\/\\\/turijnmagazijn.nl\\\/wp-content\\\/uploads\\\/2021\\\/02\\\/turijnmagazijnlogo.png\",\"contentUrl\":\"https:\\\/\\\/turijnmagazijn.nl\\\/wp-content\\\/uploads\\\/2021\\\/02\\\/turijnmagazijnlogo.png\",\"width\":555,\"height\":270,\"caption\":\"Turijnmagazijn\"},\"image\":{\"@id\":\"https:\\\/\\\/turijnmagazijn.jumpstone-dev.nl\\\/#\\\/schema\\\/logo\\\/image\\\/\"},\"sameAs\":[\"https:\\\/\\\/www.facebook.com\\\/turijnmagazijn\"]}]}<\/script>\n<!-- \/ Yoast SEO plugin. -->","yoast_head_json":{"title":"Collecteur de clapet anti-retour tuyau de fluide lave-glace Alfa Fiat Lancia - Turijnmagazijn","robots":{"index":"index","follow":"follow","max-snippet":"max-snippet:-1","max-image-preview":"max-image-preview:large","max-video-preview":"max-video-preview:-1"},"canonical":"https:\/\/turijnmagazijn.nl\/fr\/produit\/vanne-anti-refoulement-collecteur-lave-glace-fluide-tuyau-alpha-fiat-lancia\/","og_locale":"fr_FR","og_type":"article","og_title":"Collecteur de clapet anti-retour tuyau de fluide lave-glace Alfa Fiat Lancia - Turijnmagazijn","og_description":"7667888 46418009 Collecteur de clapet anti-retour tuyau de liquide lave-glace Alfa Fiat Lancia - Soupape anti-retour avec split pour le tuyau de liquide lave-glace pour diff\u00e9rents types de Fiat Lancia et Alfa Romeo.","og_url":"https:\/\/turijnmagazijn.nl\/fr\/produit\/vanne-anti-refoulement-collecteur-lave-glace-fluide-tuyau-alpha-fiat-lancia\/","og_site_name":"Turijnmagazijn","article_publisher":"https:\/\/www.facebook.com\/turijnmagazijn","article_modified_time":"2025-05-29T14:22:58+00:00","og_image":[{"width":800,"height":600,"url":"https:\/\/turijnmagazijn.nl\/wp-content\/uploads\/2023\/03\/DN00100046_Terugstroomklepje_verdeelstuk_ruitensproeiervloeistof_leiding_Alfa_Fiat_Lancia_3-800x600-1.jpg","type":"image\/jpeg"}],"twitter_card":"summary_large_image","schema":{"@context":"https:\/\/schema.org","@graph":[{"@type":"WebPage","@id":"https:\/\/turijnmagazijn.nl\/fr\/produit\/vanne-anti-refoulement-collecteur-lave-glace-fluide-tuyau-alpha-fiat-lancia\/","url":"https:\/\/turijnmagazijn.nl\/fr\/produit\/vanne-anti-refoulement-collecteur-lave-glace-fluide-tuyau-alpha-fiat-lancia\/","name":"Collecteur de clapet anti-retour tuyau de fluide lave-glace Alfa Fiat Lancia - Turijnmagazijn","isPartOf":{"@id":"https:\/\/turijnmagazijn.jumpstone-dev.nl\/#website"},"primaryImageOfPage":{"@id":"https:\/\/turijnmagazijn.nl\/fr\/produit\/vanne-anti-refoulement-collecteur-lave-glace-fluide-tuyau-alpha-fiat-lancia\/#primaryimage"},"image":{"@id":"https:\/\/turijnmagazijn.nl\/fr\/produit\/vanne-anti-refoulement-collecteur-lave-glace-fluide-tuyau-alpha-fiat-lancia\/#primaryimage"},"thumbnailUrl":"https:\/\/turijnmagazijn.nl\/wp-content\/uploads\/2023\/03\/DN00100046_Terugstroomklepje_verdeelstuk_ruitensproeiervloeistof_leiding_Alfa_Fiat_Lancia_3-800x600-1.jpg","datePublished":"2023-03-03T08:08:59+00:00","dateModified":"2025-05-29T14:22:58+00:00","breadcrumb":{"@id":"https:\/\/turijnmagazijn.nl\/fr\/produit\/vanne-anti-refoulement-collecteur-lave-glace-fluide-tuyau-alpha-fiat-lancia\/#breadcrumb"},"inLanguage":"fr-FR","potentialAction":[{"@type":"ReadAction","target":["https:\/\/turijnmagazijn.nl\/fr\/produit\/vanne-anti-refoulement-collecteur-lave-glace-fluide-tuyau-alpha-fiat-lancia\/"]}]},{"@type":"ImageObject","inLanguage":"fr-FR","@id":"https:\/\/turijnmagazijn.nl\/fr\/produit\/vanne-anti-refoulement-collecteur-lave-glace-fluide-tuyau-alpha-fiat-lancia\/#primaryimage","url":"https:\/\/turijnmagazijn.nl\/wp-content\/uploads\/2023\/03\/DN00100046_Terugstroomklepje_verdeelstuk_ruitensproeiervloeistof_leiding_Alfa_Fiat_Lancia_3-800x600-1.jpg","contentUrl":"https:\/\/turijnmagazijn.nl\/wp-content\/uploads\/2023\/03\/DN00100046_Terugstroomklepje_verdeelstuk_ruitensproeiervloeistof_leiding_Alfa_Fiat_Lancia_3-800x600-1.jpg","width":800,"height":600},{"@type":"BreadcrumbList","@id":"https:\/\/turijnmagazijn.nl\/fr\/produit\/vanne-anti-refoulement-collecteur-lave-glace-fluide-tuyau-alpha-fiat-lancia\/#breadcrumb","itemListElement":[{"@type":"ListItem","position":1,"name":"Home","item":"https:\/\/turijnmagazijn.nl\/fr\/"},{"@type":"ListItem","position":2,"name":"Produits","item":"https:\/\/turijnmagazijn.nl\/fr\/shop\/"},{"@type":"ListItem","position":3,"name":"Collecteur de clapet anti-retour tuyau de fluide lave-glace Alfa Fiat Lancia"}]},{"@type":"WebSite","@id":"https:\/\/turijnmagazijn.jumpstone-dev.nl\/#website","url":"https:\/\/turijnmagazijn.jumpstone-dev.nl\/","name":"Turijnmagazijn","description":"Onderdelen nieuw en gebruikt - Fiat &amp; Lancia","publisher":{"@id":"https:\/\/turijnmagazijn.jumpstone-dev.nl\/#organization"},"potentialAction":[{"@type":"SearchAction","target":{"@type":"EntryPoint","urlTemplate":"https:\/\/turijnmagazijn.jumpstone-dev.nl\/?s={search_term_string}"},"query-input":{"@type":"PropertyValueSpecification","valueRequired":true,"valueName":"search_term_string"}}],"inLanguage":"fr-FR"},{"@type":"Organization","@id":"https:\/\/turijnmagazijn.jumpstone-dev.nl\/#organization","name":"Turijnmagazijn","url":"https:\/\/turijnmagazijn.jumpstone-dev.nl\/","logo":{"@type":"ImageObject","inLanguage":"fr-FR","@id":"https:\/\/turijnmagazijn.jumpstone-dev.nl\/#\/schema\/logo\/image\/","url":"https:\/\/turijnmagazijn.nl\/wp-content\/uploads\/2021\/02\/turijnmagazijnlogo.png","contentUrl":"https:\/\/turijnmagazijn.nl\/wp-content\/uploads\/2021\/02\/turijnmagazijnlogo.png","width":555,"height":270,"caption":"Turijnmagazijn"},"image":{"@id":"https:\/\/turijnmagazijn.jumpstone-dev.nl\/#\/schema\/logo\/image\/"},"sameAs":["https:\/\/www.facebook.com\/turijnmagazijn"]}]}},"_links":{"self":[{"href":"https:\/\/turijnmagazijn.nl\/fr\/wp-json\/wp\/v2\/product\/62365","targetHints":{"allow":["GET"]}}],"collection":[{"href":"https:\/\/turijnmagazijn.nl\/fr\/wp-json\/wp\/v2\/product"}],"about":[{"href":"https:\/\/turijnmagazijn.nl\/fr\/wp-json\/wp\/v2\/types\/product"}],"replies":[{"embeddable":true,"href":"https:\/\/turijnmagazijn.nl\/fr\/wp-json\/wp\/v2\/comments?post=62365"}],"wp:featuredmedia":[{"embeddable":true,"href":"https:\/\/turijnmagazijn.nl\/fr\/wp-json\/wp\/v2\/media\/34520"}],"wp:attachment":[{"href":"https:\/\/turijnmagazijn.nl\/fr\/wp-json\/wp\/v2\/media?parent=62365"}],"wp:term":[{"taxonomy":"product_brand","embeddable":true,"href":"https:\/\/turijnmagazijn.nl\/fr\/wp-json\/wp\/v2\/product_brand?post=62365"},{"taxonomy":"product_cat","embeddable":true,"href":"https:\/\/turijnmagazijn.nl\/fr\/wp-json\/wp\/v2\/product_cat?post=62365"},{"taxonomy":"product_tag","embeddable":true,"href":"https:\/\/turijnmagazijn.nl\/fr\/wp-json\/wp\/v2\/product_tag?post=62365"}],"curies":[{"name":"wp","href":"https:\/\/api.w.org\/{rel}","templated":true}]}}