{"id":62460,"date":"2023-03-03T09:11:46","date_gmt":"2023-03-03T08:11:46","guid":{"rendered":"https:\/\/turijnmagazijn.nl\/product\/ordinateur-abs-fiat-tipo-tempra-1-9-td\/"},"modified":"2023-07-26T13:45:18","modified_gmt":"2023-07-26T11:45:18","slug":"abs-ordinateur-fiat-tipo-tempra-1-9-td","status":"publish","type":"product","link":"https:\/\/turijnmagazijn.nl\/fr\/produit\/abs-ordinateur-fiat-tipo-tempra-1-9-td\/","title":{"rendered":"Ordinateur ABS Fiat Tipo \/ Tempra 1.9 TD"},"content":{"rendered":"<p>Ordinateur ABS pour contr\u00f4ler le syst\u00e8me de freinage ABS dans les Fiat Tipo et Tempra. Convient \u00e9galement pour Lancia Dedra.<\/p>\n<p>L\u2019ordinateur provient d\u2019une Tipo construite en 1994 avec 1900 Turbodiesel en version SX.<\/p>\n<p>L\u2019unit\u00e9 est en bon \u00e9tat de fonctionnement.<\/p>\n<p>Inscriptions sur cette unit\u00e9 :<br \/>BOSCH<\/p>\n<p>0 265 100 042<br \/>Fabriqu\u00e9 en Allemagne<br \/>3680230<\/p>\n<p>Num\u00e9ro OEM Fiat&nbsp;82434698<\/p>\n","protected":false},"excerpt":{"rendered":"<p>Ordinateur ABS Fiat Tipo 1.6 &#8211; Ordinateur ABS pour contr\u00f4ler le syst\u00e8me de freinage ABS dans l\u2019ordinateur Fiat Tipo.ABS Fiat Tipo 1.9 TD &#8211; Ordinateur ABS pour contr\u00f4ler le syst\u00e8me de freinage ABS dans l\u2019ordinateur Fiat Tipo.ABS Fiat Tipo \/ Tempra 1.9 TD &#8211; Calcul ABS<\/p>\n","protected":false},"featured_media":37592,"comment_status":"open","ping_status":"closed","template":"","meta":{"_acf_changed":false},"product_brand":[],"product_cat":[1802,1690,1798,1779,1781],"product_tag":[],"class_list":{"0":"post-62460","1":"product","2":"type-product","3":"status-publish","4":"has-post-thumbnail","6":"product_cat-dedra-835-fr","7":"product_cat-fiat-fr","8":"product_cat-lancia-fr","9":"product_cat-tempra-159-fr","10":"product_cat-tipo-1-160-fr","11":"pa_soort-onderdeel-freins-et-conduite","12":"pa_soort-onderdeel-tableau-de-bord-et-commutateurs","14":"first","15":"instock","16":"shipping-taxable","17":"purchasable","18":"product-type-simple"},"acf":[],"yoast_head":"<!-- This site is optimized with the Yoast SEO plugin v27.3 - https:\/\/yoast.com\/product\/yoast-seo-wordpress\/ -->\n<title>Ordinateur ABS Fiat Tipo \/ Tempra 1.9 TD - Turijnmagazijn<\/title>\n<meta name=\"robots\" content=\"index, follow, max-snippet:-1, max-image-preview:large, max-video-preview:-1\" \/>\n<link rel=\"canonical\" href=\"https:\/\/turijnmagazijn.nl\/fr\/produit\/abs-ordinateur-fiat-tipo-tempra-1-9-td\/\" \/>\n<meta property=\"og:locale\" content=\"fr_FR\" \/>\n<meta property=\"og:type\" content=\"article\" \/>\n<meta property=\"og:title\" content=\"Ordinateur ABS Fiat Tipo \/ Tempra 1.9 TD - Turijnmagazijn\" \/>\n<meta property=\"og:description\" content=\"Ordinateur ABS Fiat Tipo 1.6 - Ordinateur ABS pour contr\u00f4ler le syst\u00e8me de freinage ABS dans l\u2019ordinateur Fiat Tipo.ABS Fiat Tipo 1.9 TD - Ordinateur ABS pour contr\u00f4ler le syst\u00e8me de freinage ABS dans l\u2019ordinateur Fiat Tipo.ABS Fiat Tipo \/ Tempra 1.9 TD - Calcul ABS\" \/>\n<meta property=\"og:url\" content=\"https:\/\/turijnmagazijn.nl\/fr\/produit\/abs-ordinateur-fiat-tipo-tempra-1-9-td\/\" \/>\n<meta property=\"og:site_name\" content=\"Turijnmagazijn\" \/>\n<meta property=\"article:publisher\" content=\"https:\/\/www.facebook.com\/turijnmagazijn\" \/>\n<meta property=\"article:modified_time\" content=\"2023-07-26T11:45:18+00:00\" \/>\n<meta property=\"og:image\" content=\"https:\/\/turijnmagazijn.jumpstone-dev.nl\/wp-content\/uploads\/2023\/03\/DK0010082120ABS20computer20Fiat20Tipo201.920TD203.jpg\" \/>\n\t<meta property=\"og:image:width\" content=\"800\" \/>\n\t<meta property=\"og:image:height\" content=\"600\" \/>\n\t<meta property=\"og:image:type\" content=\"image\/jpeg\" \/>\n<meta name=\"twitter:card\" content=\"summary_large_image\" \/>\n<script type=\"application\/ld+json\" class=\"yoast-schema-graph\">{\"@context\":\"https:\\\/\\\/schema.org\",\"@graph\":[{\"@type\":\"WebPage\",\"@id\":\"https:\\\/\\\/turijnmagazijn.nl\\\/fr\\\/produit\\\/abs-ordinateur-fiat-tipo-tempra-1-9-td\\\/\",\"url\":\"https:\\\/\\\/turijnmagazijn.nl\\\/fr\\\/produit\\\/abs-ordinateur-fiat-tipo-tempra-1-9-td\\\/\",\"name\":\"Ordinateur ABS Fiat Tipo \\\/ Tempra 1.9 TD - Turijnmagazijn\",\"isPartOf\":{\"@id\":\"https:\\\/\\\/turijnmagazijn.jumpstone-dev.nl\\\/#website\"},\"primaryImageOfPage\":{\"@id\":\"https:\\\/\\\/turijnmagazijn.nl\\\/fr\\\/produit\\\/abs-ordinateur-fiat-tipo-tempra-1-9-td\\\/#primaryimage\"},\"image\":{\"@id\":\"https:\\\/\\\/turijnmagazijn.nl\\\/fr\\\/produit\\\/abs-ordinateur-fiat-tipo-tempra-1-9-td\\\/#primaryimage\"},\"thumbnailUrl\":\"https:\\\/\\\/turijnmagazijn.nl\\\/wp-content\\\/uploads\\\/2023\\\/03\\\/DK0010082120ABS20computer20Fiat20Tipo201.920TD203.jpg\",\"datePublished\":\"2023-03-03T08:11:46+00:00\",\"dateModified\":\"2023-07-26T11:45:18+00:00\",\"breadcrumb\":{\"@id\":\"https:\\\/\\\/turijnmagazijn.nl\\\/fr\\\/produit\\\/abs-ordinateur-fiat-tipo-tempra-1-9-td\\\/#breadcrumb\"},\"inLanguage\":\"fr-FR\",\"potentialAction\":[{\"@type\":\"ReadAction\",\"target\":[\"https:\\\/\\\/turijnmagazijn.nl\\\/fr\\\/produit\\\/abs-ordinateur-fiat-tipo-tempra-1-9-td\\\/\"]}]},{\"@type\":\"ImageObject\",\"inLanguage\":\"fr-FR\",\"@id\":\"https:\\\/\\\/turijnmagazijn.nl\\\/fr\\\/produit\\\/abs-ordinateur-fiat-tipo-tempra-1-9-td\\\/#primaryimage\",\"url\":\"https:\\\/\\\/turijnmagazijn.nl\\\/wp-content\\\/uploads\\\/2023\\\/03\\\/DK0010082120ABS20computer20Fiat20Tipo201.920TD203.jpg\",\"contentUrl\":\"https:\\\/\\\/turijnmagazijn.nl\\\/wp-content\\\/uploads\\\/2023\\\/03\\\/DK0010082120ABS20computer20Fiat20Tipo201.920TD203.jpg\",\"width\":800,\"height\":600},{\"@type\":\"BreadcrumbList\",\"@id\":\"https:\\\/\\\/turijnmagazijn.nl\\\/fr\\\/produit\\\/abs-ordinateur-fiat-tipo-tempra-1-9-td\\\/#breadcrumb\",\"itemListElement\":[{\"@type\":\"ListItem\",\"position\":1,\"name\":\"Home\",\"item\":\"https:\\\/\\\/turijnmagazijn.nl\\\/fr\\\/\"},{\"@type\":\"ListItem\",\"position\":2,\"name\":\"Produits\",\"item\":\"https:\\\/\\\/turijnmagazijn.nl\\\/fr\\\/shop\\\/\"},{\"@type\":\"ListItem\",\"position\":3,\"name\":\"Ordinateur ABS Fiat Tipo \\\/ Tempra 1.9 TD\"}]},{\"@type\":\"WebSite\",\"@id\":\"https:\\\/\\\/turijnmagazijn.jumpstone-dev.nl\\\/#website\",\"url\":\"https:\\\/\\\/turijnmagazijn.jumpstone-dev.nl\\\/\",\"name\":\"Turijnmagazijn\",\"description\":\"Onderdelen nieuw en gebruikt - Fiat &amp; Lancia\",\"publisher\":{\"@id\":\"https:\\\/\\\/turijnmagazijn.jumpstone-dev.nl\\\/#organization\"},\"potentialAction\":[{\"@type\":\"SearchAction\",\"target\":{\"@type\":\"EntryPoint\",\"urlTemplate\":\"https:\\\/\\\/turijnmagazijn.jumpstone-dev.nl\\\/?s={search_term_string}\"},\"query-input\":{\"@type\":\"PropertyValueSpecification\",\"valueRequired\":true,\"valueName\":\"search_term_string\"}}],\"inLanguage\":\"fr-FR\"},{\"@type\":\"Organization\",\"@id\":\"https:\\\/\\\/turijnmagazijn.jumpstone-dev.nl\\\/#organization\",\"name\":\"Turijnmagazijn\",\"url\":\"https:\\\/\\\/turijnmagazijn.jumpstone-dev.nl\\\/\",\"logo\":{\"@type\":\"ImageObject\",\"inLanguage\":\"fr-FR\",\"@id\":\"https:\\\/\\\/turijnmagazijn.jumpstone-dev.nl\\\/#\\\/schema\\\/logo\\\/image\\\/\",\"url\":\"https:\\\/\\\/turijnmagazijn.nl\\\/wp-content\\\/uploads\\\/2021\\\/02\\\/turijnmagazijnlogo.png\",\"contentUrl\":\"https:\\\/\\\/turijnmagazijn.nl\\\/wp-content\\\/uploads\\\/2021\\\/02\\\/turijnmagazijnlogo.png\",\"width\":555,\"height\":270,\"caption\":\"Turijnmagazijn\"},\"image\":{\"@id\":\"https:\\\/\\\/turijnmagazijn.jumpstone-dev.nl\\\/#\\\/schema\\\/logo\\\/image\\\/\"},\"sameAs\":[\"https:\\\/\\\/www.facebook.com\\\/turijnmagazijn\"]}]}<\/script>\n<!-- \/ Yoast SEO plugin. -->","yoast_head_json":{"title":"Ordinateur ABS Fiat Tipo \/ Tempra 1.9 TD - Turijnmagazijn","robots":{"index":"index","follow":"follow","max-snippet":"max-snippet:-1","max-image-preview":"max-image-preview:large","max-video-preview":"max-video-preview:-1"},"canonical":"https:\/\/turijnmagazijn.nl\/fr\/produit\/abs-ordinateur-fiat-tipo-tempra-1-9-td\/","og_locale":"fr_FR","og_type":"article","og_title":"Ordinateur ABS Fiat Tipo \/ Tempra 1.9 TD - Turijnmagazijn","og_description":"Ordinateur ABS Fiat Tipo 1.6 - Ordinateur ABS pour contr\u00f4ler le syst\u00e8me de freinage ABS dans l\u2019ordinateur Fiat Tipo.ABS Fiat Tipo 1.9 TD - Ordinateur ABS pour contr\u00f4ler le syst\u00e8me de freinage ABS dans l\u2019ordinateur Fiat Tipo.ABS Fiat Tipo \/ Tempra 1.9 TD - Calcul ABS","og_url":"https:\/\/turijnmagazijn.nl\/fr\/produit\/abs-ordinateur-fiat-tipo-tempra-1-9-td\/","og_site_name":"Turijnmagazijn","article_publisher":"https:\/\/www.facebook.com\/turijnmagazijn","article_modified_time":"2023-07-26T11:45:18+00:00","og_image":[{"width":800,"height":600,"url":"https:\/\/turijnmagazijn.jumpstone-dev.nl\/wp-content\/uploads\/2023\/03\/DK0010082120ABS20computer20Fiat20Tipo201.920TD203.jpg","type":"image\/jpeg"}],"twitter_card":"summary_large_image","schema":{"@context":"https:\/\/schema.org","@graph":[{"@type":"WebPage","@id":"https:\/\/turijnmagazijn.nl\/fr\/produit\/abs-ordinateur-fiat-tipo-tempra-1-9-td\/","url":"https:\/\/turijnmagazijn.nl\/fr\/produit\/abs-ordinateur-fiat-tipo-tempra-1-9-td\/","name":"Ordinateur ABS Fiat Tipo \/ Tempra 1.9 TD - Turijnmagazijn","isPartOf":{"@id":"https:\/\/turijnmagazijn.jumpstone-dev.nl\/#website"},"primaryImageOfPage":{"@id":"https:\/\/turijnmagazijn.nl\/fr\/produit\/abs-ordinateur-fiat-tipo-tempra-1-9-td\/#primaryimage"},"image":{"@id":"https:\/\/turijnmagazijn.nl\/fr\/produit\/abs-ordinateur-fiat-tipo-tempra-1-9-td\/#primaryimage"},"thumbnailUrl":"https:\/\/turijnmagazijn.nl\/wp-content\/uploads\/2023\/03\/DK0010082120ABS20computer20Fiat20Tipo201.920TD203.jpg","datePublished":"2023-03-03T08:11:46+00:00","dateModified":"2023-07-26T11:45:18+00:00","breadcrumb":{"@id":"https:\/\/turijnmagazijn.nl\/fr\/produit\/abs-ordinateur-fiat-tipo-tempra-1-9-td\/#breadcrumb"},"inLanguage":"fr-FR","potentialAction":[{"@type":"ReadAction","target":["https:\/\/turijnmagazijn.nl\/fr\/produit\/abs-ordinateur-fiat-tipo-tempra-1-9-td\/"]}]},{"@type":"ImageObject","inLanguage":"fr-FR","@id":"https:\/\/turijnmagazijn.nl\/fr\/produit\/abs-ordinateur-fiat-tipo-tempra-1-9-td\/#primaryimage","url":"https:\/\/turijnmagazijn.nl\/wp-content\/uploads\/2023\/03\/DK0010082120ABS20computer20Fiat20Tipo201.920TD203.jpg","contentUrl":"https:\/\/turijnmagazijn.nl\/wp-content\/uploads\/2023\/03\/DK0010082120ABS20computer20Fiat20Tipo201.920TD203.jpg","width":800,"height":600},{"@type":"BreadcrumbList","@id":"https:\/\/turijnmagazijn.nl\/fr\/produit\/abs-ordinateur-fiat-tipo-tempra-1-9-td\/#breadcrumb","itemListElement":[{"@type":"ListItem","position":1,"name":"Home","item":"https:\/\/turijnmagazijn.nl\/fr\/"},{"@type":"ListItem","position":2,"name":"Produits","item":"https:\/\/turijnmagazijn.nl\/fr\/shop\/"},{"@type":"ListItem","position":3,"name":"Ordinateur ABS Fiat Tipo \/ Tempra 1.9 TD"}]},{"@type":"WebSite","@id":"https:\/\/turijnmagazijn.jumpstone-dev.nl\/#website","url":"https:\/\/turijnmagazijn.jumpstone-dev.nl\/","name":"Turijnmagazijn","description":"Onderdelen nieuw en gebruikt - Fiat &amp; Lancia","publisher":{"@id":"https:\/\/turijnmagazijn.jumpstone-dev.nl\/#organization"},"potentialAction":[{"@type":"SearchAction","target":{"@type":"EntryPoint","urlTemplate":"https:\/\/turijnmagazijn.jumpstone-dev.nl\/?s={search_term_string}"},"query-input":{"@type":"PropertyValueSpecification","valueRequired":true,"valueName":"search_term_string"}}],"inLanguage":"fr-FR"},{"@type":"Organization","@id":"https:\/\/turijnmagazijn.jumpstone-dev.nl\/#organization","name":"Turijnmagazijn","url":"https:\/\/turijnmagazijn.jumpstone-dev.nl\/","logo":{"@type":"ImageObject","inLanguage":"fr-FR","@id":"https:\/\/turijnmagazijn.jumpstone-dev.nl\/#\/schema\/logo\/image\/","url":"https:\/\/turijnmagazijn.nl\/wp-content\/uploads\/2021\/02\/turijnmagazijnlogo.png","contentUrl":"https:\/\/turijnmagazijn.nl\/wp-content\/uploads\/2021\/02\/turijnmagazijnlogo.png","width":555,"height":270,"caption":"Turijnmagazijn"},"image":{"@id":"https:\/\/turijnmagazijn.jumpstone-dev.nl\/#\/schema\/logo\/image\/"},"sameAs":["https:\/\/www.facebook.com\/turijnmagazijn"]}]}},"_links":{"self":[{"href":"https:\/\/turijnmagazijn.nl\/fr\/wp-json\/wp\/v2\/product\/62460","targetHints":{"allow":["GET"]}}],"collection":[{"href":"https:\/\/turijnmagazijn.nl\/fr\/wp-json\/wp\/v2\/product"}],"about":[{"href":"https:\/\/turijnmagazijn.nl\/fr\/wp-json\/wp\/v2\/types\/product"}],"replies":[{"embeddable":true,"href":"https:\/\/turijnmagazijn.nl\/fr\/wp-json\/wp\/v2\/comments?post=62460"}],"wp:featuredmedia":[{"embeddable":true,"href":"https:\/\/turijnmagazijn.nl\/fr\/wp-json\/wp\/v2\/media\/37592"}],"wp:attachment":[{"href":"https:\/\/turijnmagazijn.nl\/fr\/wp-json\/wp\/v2\/media?parent=62460"}],"wp:term":[{"taxonomy":"product_brand","embeddable":true,"href":"https:\/\/turijnmagazijn.nl\/fr\/wp-json\/wp\/v2\/product_brand?post=62460"},{"taxonomy":"product_cat","embeddable":true,"href":"https:\/\/turijnmagazijn.nl\/fr\/wp-json\/wp\/v2\/product_cat?post=62460"},{"taxonomy":"product_tag","embeddable":true,"href":"https:\/\/turijnmagazijn.nl\/fr\/wp-json\/wp\/v2\/product_tag?post=62460"}],"curies":[{"name":"wp","href":"https:\/\/api.w.org\/{rel}","templated":true}]}}