{"id":62488,"date":"2023-03-03T09:11:46","date_gmt":"2023-03-03T08:11:46","guid":{"rendered":"https:\/\/turijnmagazijn.nl\/product\/interrupteur-eclairage-de-recul-alfa-156-1-9-jtd\/"},"modified":"2023-07-26T13:46:08","modified_gmt":"2023-07-26T11:46:08","slug":"interrupteur-feux-de-recul-alfa-156-1-9-jtd","status":"publish","type":"product","link":"https:\/\/turijnmagazijn.nl\/fr\/produit\/interrupteur-feux-de-recul-alfa-156-1-9-jtd\/","title":{"rendered":"Interrupteur \u00c9clairage de recul Alfa 156 1.9 JTD"},"content":{"rendered":"<p>Interrupteur pour allumer les feux de recul pour Alfa Romeo 156 \u00e9quip\u00e9 d\u2019un moteur diesel 1.9 JTD. L\u2019interrupteur enregistre la commutation de la marche arri\u00e8re sur la bo\u00eete de vitesses. L\u2019interrupteur est mont\u00e9 au milieu sur le dessus de la bo\u00eete de vitesses sur ces v\u00e9hicules.<\/p>\n<p>L\u2019interrupteur est correctement d\u00e9mont\u00e9 \u00e0 partir d\u2019une berline 156 construite en 1999.<\/p>\n<p>Num\u00e9ro OEM Alfa Romeo&nbsp;<a name=\"tavolaPartLink\" style=\"color: rgb(73, 73, 73); font-family: Verdana, Arial, Calibri, Tahoma, Helvetica, sans-serif; font-size: 9.60000038146973px; line-height: normal; text-align: -webkit-right; text-transform: uppercase; white-space: nowrap; background-color: rgb(255, 255, 255);\">46434553<\/a><\/p>\n","protected":false},"excerpt":{"rendered":"<p>Interrupteur de marche arri\u00e8re Alfa 156 1.9 JTD &#8211; Interrupteur pour allumer les feux de recul pour Alfa Romeo 156 \u00e9quip\u00e9 de 1.Switch \u00c9clairage de recul Alfa 156 1.9 JTD &#8211; Interrupteur pour marche arri\u00e8re<\/p>\n","protected":false},"featured_media":37720,"comment_status":"open","ping_status":"closed","template":"","meta":{"_acf_changed":false},"product_brand":[],"product_cat":[1613,1582],"product_tag":[],"class_list":{"0":"post-62488","1":"product","2":"type-product","3":"status-publish","4":"has-post-thumbnail","6":"product_cat-156-932-fr","7":"product_cat-alfa-romeo-fr","8":"pa_soort-onderdeel-eclairage","9":"pa_soort-onderdeel-tableau-de-bord-et-commutateurs","11":"first","12":"instock","13":"shipping-taxable","14":"purchasable","15":"product-type-simple"},"acf":[],"yoast_head":"<!-- This site is optimized with the Yoast SEO plugin v27.3 - https:\/\/yoast.com\/product\/yoast-seo-wordpress\/ -->\n<title>Interrupteur \u00c9clairage de recul Alfa 156 1.9 JTD - Turijnmagazijn<\/title>\n<meta name=\"robots\" content=\"index, follow, max-snippet:-1, max-image-preview:large, max-video-preview:-1\" \/>\n<link rel=\"canonical\" href=\"https:\/\/turijnmagazijn.nl\/fr\/produit\/interrupteur-feux-de-recul-alfa-156-1-9-jtd\/\" \/>\n<meta property=\"og:locale\" content=\"fr_FR\" \/>\n<meta property=\"og:type\" content=\"article\" \/>\n<meta property=\"og:title\" content=\"Interrupteur \u00c9clairage de recul Alfa 156 1.9 JTD - Turijnmagazijn\" \/>\n<meta property=\"og:description\" content=\"Interrupteur de marche arri\u00e8re Alfa 156 1.9 JTD - Interrupteur pour allumer les feux de recul pour Alfa Romeo 156 \u00e9quip\u00e9 de 1.Switch \u00c9clairage de recul Alfa 156 1.9 JTD - Interrupteur pour marche arri\u00e8re\" \/>\n<meta property=\"og:url\" content=\"https:\/\/turijnmagazijn.nl\/fr\/produit\/interrupteur-feux-de-recul-alfa-156-1-9-jtd\/\" \/>\n<meta property=\"og:site_name\" content=\"Turijnmagazijn\" \/>\n<meta property=\"article:publisher\" content=\"https:\/\/www.facebook.com\/turijnmagazijn\" \/>\n<meta property=\"article:modified_time\" content=\"2023-07-26T11:46:08+00:00\" \/>\n<meta property=\"og:image\" content=\"https:\/\/turijnmagazijn.jumpstone-dev.nl\/wp-content\/uploads\/2023\/03\/DK0010083620Schakelaar20achteruitversnelling20Alfa20156201.920JTD202.jpg\" \/>\n\t<meta property=\"og:image:width\" content=\"800\" \/>\n\t<meta property=\"og:image:height\" content=\"600\" \/>\n\t<meta property=\"og:image:type\" content=\"image\/jpeg\" \/>\n<meta name=\"twitter:card\" content=\"summary_large_image\" \/>\n<script type=\"application\/ld+json\" class=\"yoast-schema-graph\">{\"@context\":\"https:\\\/\\\/schema.org\",\"@graph\":[{\"@type\":\"WebPage\",\"@id\":\"https:\\\/\\\/turijnmagazijn.nl\\\/fr\\\/produit\\\/interrupteur-feux-de-recul-alfa-156-1-9-jtd\\\/\",\"url\":\"https:\\\/\\\/turijnmagazijn.nl\\\/fr\\\/produit\\\/interrupteur-feux-de-recul-alfa-156-1-9-jtd\\\/\",\"name\":\"Interrupteur \u00c9clairage de recul Alfa 156 1.9 JTD - Turijnmagazijn\",\"isPartOf\":{\"@id\":\"https:\\\/\\\/turijnmagazijn.jumpstone-dev.nl\\\/#website\"},\"primaryImageOfPage\":{\"@id\":\"https:\\\/\\\/turijnmagazijn.nl\\\/fr\\\/produit\\\/interrupteur-feux-de-recul-alfa-156-1-9-jtd\\\/#primaryimage\"},\"image\":{\"@id\":\"https:\\\/\\\/turijnmagazijn.nl\\\/fr\\\/produit\\\/interrupteur-feux-de-recul-alfa-156-1-9-jtd\\\/#primaryimage\"},\"thumbnailUrl\":\"https:\\\/\\\/turijnmagazijn.nl\\\/wp-content\\\/uploads\\\/2023\\\/03\\\/DK0010083620Schakelaar20achteruitversnelling20Alfa20156201.920JTD202.jpg\",\"datePublished\":\"2023-03-03T08:11:46+00:00\",\"dateModified\":\"2023-07-26T11:46:08+00:00\",\"breadcrumb\":{\"@id\":\"https:\\\/\\\/turijnmagazijn.nl\\\/fr\\\/produit\\\/interrupteur-feux-de-recul-alfa-156-1-9-jtd\\\/#breadcrumb\"},\"inLanguage\":\"fr-FR\",\"potentialAction\":[{\"@type\":\"ReadAction\",\"target\":[\"https:\\\/\\\/turijnmagazijn.nl\\\/fr\\\/produit\\\/interrupteur-feux-de-recul-alfa-156-1-9-jtd\\\/\"]}]},{\"@type\":\"ImageObject\",\"inLanguage\":\"fr-FR\",\"@id\":\"https:\\\/\\\/turijnmagazijn.nl\\\/fr\\\/produit\\\/interrupteur-feux-de-recul-alfa-156-1-9-jtd\\\/#primaryimage\",\"url\":\"https:\\\/\\\/turijnmagazijn.nl\\\/wp-content\\\/uploads\\\/2023\\\/03\\\/DK0010083620Schakelaar20achteruitversnelling20Alfa20156201.920JTD202.jpg\",\"contentUrl\":\"https:\\\/\\\/turijnmagazijn.nl\\\/wp-content\\\/uploads\\\/2023\\\/03\\\/DK0010083620Schakelaar20achteruitversnelling20Alfa20156201.920JTD202.jpg\",\"width\":800,\"height\":600},{\"@type\":\"BreadcrumbList\",\"@id\":\"https:\\\/\\\/turijnmagazijn.nl\\\/fr\\\/produit\\\/interrupteur-feux-de-recul-alfa-156-1-9-jtd\\\/#breadcrumb\",\"itemListElement\":[{\"@type\":\"ListItem\",\"position\":1,\"name\":\"Home\",\"item\":\"https:\\\/\\\/turijnmagazijn.nl\\\/fr\\\/\"},{\"@type\":\"ListItem\",\"position\":2,\"name\":\"Produits\",\"item\":\"https:\\\/\\\/turijnmagazijn.nl\\\/fr\\\/shop\\\/\"},{\"@type\":\"ListItem\",\"position\":3,\"name\":\"Interrupteur \u00c9clairage de recul Alfa 156 1.9 JTD\"}]},{\"@type\":\"WebSite\",\"@id\":\"https:\\\/\\\/turijnmagazijn.jumpstone-dev.nl\\\/#website\",\"url\":\"https:\\\/\\\/turijnmagazijn.jumpstone-dev.nl\\\/\",\"name\":\"Turijnmagazijn\",\"description\":\"Onderdelen nieuw en gebruikt - Fiat &amp; Lancia\",\"publisher\":{\"@id\":\"https:\\\/\\\/turijnmagazijn.jumpstone-dev.nl\\\/#organization\"},\"potentialAction\":[{\"@type\":\"SearchAction\",\"target\":{\"@type\":\"EntryPoint\",\"urlTemplate\":\"https:\\\/\\\/turijnmagazijn.jumpstone-dev.nl\\\/?s={search_term_string}\"},\"query-input\":{\"@type\":\"PropertyValueSpecification\",\"valueRequired\":true,\"valueName\":\"search_term_string\"}}],\"inLanguage\":\"fr-FR\"},{\"@type\":\"Organization\",\"@id\":\"https:\\\/\\\/turijnmagazijn.jumpstone-dev.nl\\\/#organization\",\"name\":\"Turijnmagazijn\",\"url\":\"https:\\\/\\\/turijnmagazijn.jumpstone-dev.nl\\\/\",\"logo\":{\"@type\":\"ImageObject\",\"inLanguage\":\"fr-FR\",\"@id\":\"https:\\\/\\\/turijnmagazijn.jumpstone-dev.nl\\\/#\\\/schema\\\/logo\\\/image\\\/\",\"url\":\"https:\\\/\\\/turijnmagazijn.nl\\\/wp-content\\\/uploads\\\/2021\\\/02\\\/turijnmagazijnlogo.png\",\"contentUrl\":\"https:\\\/\\\/turijnmagazijn.nl\\\/wp-content\\\/uploads\\\/2021\\\/02\\\/turijnmagazijnlogo.png\",\"width\":555,\"height\":270,\"caption\":\"Turijnmagazijn\"},\"image\":{\"@id\":\"https:\\\/\\\/turijnmagazijn.jumpstone-dev.nl\\\/#\\\/schema\\\/logo\\\/image\\\/\"},\"sameAs\":[\"https:\\\/\\\/www.facebook.com\\\/turijnmagazijn\"]}]}<\/script>\n<!-- \/ Yoast SEO plugin. -->","yoast_head_json":{"title":"Interrupteur \u00c9clairage de recul Alfa 156 1.9 JTD - Turijnmagazijn","robots":{"index":"index","follow":"follow","max-snippet":"max-snippet:-1","max-image-preview":"max-image-preview:large","max-video-preview":"max-video-preview:-1"},"canonical":"https:\/\/turijnmagazijn.nl\/fr\/produit\/interrupteur-feux-de-recul-alfa-156-1-9-jtd\/","og_locale":"fr_FR","og_type":"article","og_title":"Interrupteur \u00c9clairage de recul Alfa 156 1.9 JTD - Turijnmagazijn","og_description":"Interrupteur de marche arri\u00e8re Alfa 156 1.9 JTD - Interrupteur pour allumer les feux de recul pour Alfa Romeo 156 \u00e9quip\u00e9 de 1.Switch \u00c9clairage de recul Alfa 156 1.9 JTD - Interrupteur pour marche arri\u00e8re","og_url":"https:\/\/turijnmagazijn.nl\/fr\/produit\/interrupteur-feux-de-recul-alfa-156-1-9-jtd\/","og_site_name":"Turijnmagazijn","article_publisher":"https:\/\/www.facebook.com\/turijnmagazijn","article_modified_time":"2023-07-26T11:46:08+00:00","og_image":[{"width":800,"height":600,"url":"https:\/\/turijnmagazijn.jumpstone-dev.nl\/wp-content\/uploads\/2023\/03\/DK0010083620Schakelaar20achteruitversnelling20Alfa20156201.920JTD202.jpg","type":"image\/jpeg"}],"twitter_card":"summary_large_image","schema":{"@context":"https:\/\/schema.org","@graph":[{"@type":"WebPage","@id":"https:\/\/turijnmagazijn.nl\/fr\/produit\/interrupteur-feux-de-recul-alfa-156-1-9-jtd\/","url":"https:\/\/turijnmagazijn.nl\/fr\/produit\/interrupteur-feux-de-recul-alfa-156-1-9-jtd\/","name":"Interrupteur \u00c9clairage de recul Alfa 156 1.9 JTD - Turijnmagazijn","isPartOf":{"@id":"https:\/\/turijnmagazijn.jumpstone-dev.nl\/#website"},"primaryImageOfPage":{"@id":"https:\/\/turijnmagazijn.nl\/fr\/produit\/interrupteur-feux-de-recul-alfa-156-1-9-jtd\/#primaryimage"},"image":{"@id":"https:\/\/turijnmagazijn.nl\/fr\/produit\/interrupteur-feux-de-recul-alfa-156-1-9-jtd\/#primaryimage"},"thumbnailUrl":"https:\/\/turijnmagazijn.nl\/wp-content\/uploads\/2023\/03\/DK0010083620Schakelaar20achteruitversnelling20Alfa20156201.920JTD202.jpg","datePublished":"2023-03-03T08:11:46+00:00","dateModified":"2023-07-26T11:46:08+00:00","breadcrumb":{"@id":"https:\/\/turijnmagazijn.nl\/fr\/produit\/interrupteur-feux-de-recul-alfa-156-1-9-jtd\/#breadcrumb"},"inLanguage":"fr-FR","potentialAction":[{"@type":"ReadAction","target":["https:\/\/turijnmagazijn.nl\/fr\/produit\/interrupteur-feux-de-recul-alfa-156-1-9-jtd\/"]}]},{"@type":"ImageObject","inLanguage":"fr-FR","@id":"https:\/\/turijnmagazijn.nl\/fr\/produit\/interrupteur-feux-de-recul-alfa-156-1-9-jtd\/#primaryimage","url":"https:\/\/turijnmagazijn.nl\/wp-content\/uploads\/2023\/03\/DK0010083620Schakelaar20achteruitversnelling20Alfa20156201.920JTD202.jpg","contentUrl":"https:\/\/turijnmagazijn.nl\/wp-content\/uploads\/2023\/03\/DK0010083620Schakelaar20achteruitversnelling20Alfa20156201.920JTD202.jpg","width":800,"height":600},{"@type":"BreadcrumbList","@id":"https:\/\/turijnmagazijn.nl\/fr\/produit\/interrupteur-feux-de-recul-alfa-156-1-9-jtd\/#breadcrumb","itemListElement":[{"@type":"ListItem","position":1,"name":"Home","item":"https:\/\/turijnmagazijn.nl\/fr\/"},{"@type":"ListItem","position":2,"name":"Produits","item":"https:\/\/turijnmagazijn.nl\/fr\/shop\/"},{"@type":"ListItem","position":3,"name":"Interrupteur \u00c9clairage de recul Alfa 156 1.9 JTD"}]},{"@type":"WebSite","@id":"https:\/\/turijnmagazijn.jumpstone-dev.nl\/#website","url":"https:\/\/turijnmagazijn.jumpstone-dev.nl\/","name":"Turijnmagazijn","description":"Onderdelen nieuw en gebruikt - Fiat &amp; Lancia","publisher":{"@id":"https:\/\/turijnmagazijn.jumpstone-dev.nl\/#organization"},"potentialAction":[{"@type":"SearchAction","target":{"@type":"EntryPoint","urlTemplate":"https:\/\/turijnmagazijn.jumpstone-dev.nl\/?s={search_term_string}"},"query-input":{"@type":"PropertyValueSpecification","valueRequired":true,"valueName":"search_term_string"}}],"inLanguage":"fr-FR"},{"@type":"Organization","@id":"https:\/\/turijnmagazijn.jumpstone-dev.nl\/#organization","name":"Turijnmagazijn","url":"https:\/\/turijnmagazijn.jumpstone-dev.nl\/","logo":{"@type":"ImageObject","inLanguage":"fr-FR","@id":"https:\/\/turijnmagazijn.jumpstone-dev.nl\/#\/schema\/logo\/image\/","url":"https:\/\/turijnmagazijn.nl\/wp-content\/uploads\/2021\/02\/turijnmagazijnlogo.png","contentUrl":"https:\/\/turijnmagazijn.nl\/wp-content\/uploads\/2021\/02\/turijnmagazijnlogo.png","width":555,"height":270,"caption":"Turijnmagazijn"},"image":{"@id":"https:\/\/turijnmagazijn.jumpstone-dev.nl\/#\/schema\/logo\/image\/"},"sameAs":["https:\/\/www.facebook.com\/turijnmagazijn"]}]}},"_links":{"self":[{"href":"https:\/\/turijnmagazijn.nl\/fr\/wp-json\/wp\/v2\/product\/62488","targetHints":{"allow":["GET"]}}],"collection":[{"href":"https:\/\/turijnmagazijn.nl\/fr\/wp-json\/wp\/v2\/product"}],"about":[{"href":"https:\/\/turijnmagazijn.nl\/fr\/wp-json\/wp\/v2\/types\/product"}],"replies":[{"embeddable":true,"href":"https:\/\/turijnmagazijn.nl\/fr\/wp-json\/wp\/v2\/comments?post=62488"}],"wp:featuredmedia":[{"embeddable":true,"href":"https:\/\/turijnmagazijn.nl\/fr\/wp-json\/wp\/v2\/media\/37720"}],"wp:attachment":[{"href":"https:\/\/turijnmagazijn.nl\/fr\/wp-json\/wp\/v2\/media?parent=62488"}],"wp:term":[{"taxonomy":"product_brand","embeddable":true,"href":"https:\/\/turijnmagazijn.nl\/fr\/wp-json\/wp\/v2\/product_brand?post=62488"},{"taxonomy":"product_cat","embeddable":true,"href":"https:\/\/turijnmagazijn.nl\/fr\/wp-json\/wp\/v2\/product_cat?post=62488"},{"taxonomy":"product_tag","embeddable":true,"href":"https:\/\/turijnmagazijn.nl\/fr\/wp-json\/wp\/v2\/product_tag?post=62488"}],"curies":[{"name":"wp","href":"https:\/\/api.w.org\/{rel}","templated":true}]}}