{"id":62498,"date":"2023-03-03T09:11:46","date_gmt":"2023-03-03T08:11:46","guid":{"rendered":"https:\/\/turijnmagazijn.nl\/product\/ecu-ordinateur-de-gestion-moteur-alfa-156-1-9-jtd\/"},"modified":"2023-07-26T13:46:00","modified_gmt":"2023-07-26T11:46:00","slug":"ecu-engine-management-computer-alfa-156-1-9-jtd","status":"publish","type":"product","link":"https:\/\/turijnmagazijn.nl\/fr\/produit\/ecu-engine-management-computer-alfa-156-1-9-jtd\/","title":{"rendered":"ECU ordinateur de gestion moteur Alfa 156 1.9 JTD"},"content":{"rendered":"<p>ECU pour contr\u00f4ler la gestion du moteur d\u2019une Alfa Romeo 156 \u00e9quip\u00e9e d\u2019un moteur turbodiesel 1.9 JTD. Cet ordinateur contr\u00f4le la marche au ralenti correcte du moteur ainsi que la commande de l\u2019injection (ordinateur d\u2019injection). L\u2019ordinateur est correctement d\u00e9mont\u00e9 d\u2019une berline Alfa Romeo 156 construite en 1999. La version du moteur est CN2. L\u2019ordinateur est un produit de Bosch fabriqu\u00e9 en Allemagne. Veuillez noter que changer les ordinateurs d\u2019injection n\u00e9cessite une reprogrammation par un expert, les codes \u00e9lectroniques de la voiture doivent \u00eatre synchronis\u00e9s par le concessionnaire ou un sp\u00e9cialiste, sinon la voiture passera en mode sans \u00e9chec ou ne fonctionnera pas du tout.<\/p>\n<p>L\u2019ordinateur de ces mod\u00e8les est mont\u00e9 sous le tableau de bord c\u00f4t\u00e9 passager et est fix\u00e9 avec trois boulons.<br \/>La connexion se compose de 5 multi-prises de diff\u00e9rentes couleurs.<\/p>\n<p>Rubriques de l\u2019\u00c9cu:<br \/>0281010020<br \/>990713<br \/>Version logicielle: 28SA3992<br \/>96713<br \/>111 0396<br \/>46739031<br \/>C414B932<\/p>\n<p>Num\u00e9ro OEM Alfa Romeo 46739031<\/p>\n","protected":false},"excerpt":{"rendered":"<p>ECU ordinateur de gestion du moteur Alfa 156 1.9 JTD &#8211; ECU pour contr\u00f4ler la gestion du moteur d\u2019une Alfa Romeo 156 \u00e9quip\u00e9e d\u2019un moteur turbodiesel 1.9 JTD.<\/p>\n","protected":false},"featured_media":37744,"comment_status":"open","ping_status":"closed","template":"","meta":{"_acf_changed":false},"product_brand":[],"product_cat":[1613,1582],"product_tag":[],"class_list":{"0":"post-62498","1":"product","2":"type-product","3":"status-publish","4":"has-post-thumbnail","6":"product_cat-156-932-fr","7":"product_cat-alfa-romeo-fr","8":"pa_soort-onderdeel-electronique-et-cables","9":"pa_soort-onderdeel-moteur-et-accessoires","11":"first","12":"instock","13":"shipping-taxable","14":"purchasable","15":"product-type-simple"},"acf":[],"yoast_head":"<!-- This site is optimized with the Yoast SEO plugin v27.3 - https:\/\/yoast.com\/product\/yoast-seo-wordpress\/ -->\n<title>ECU ordinateur de gestion moteur Alfa 156 1.9 JTD - Turijnmagazijn<\/title>\n<meta name=\"robots\" content=\"index, follow, max-snippet:-1, max-image-preview:large, max-video-preview:-1\" \/>\n<link rel=\"canonical\" href=\"https:\/\/turijnmagazijn.nl\/fr\/produit\/ecu-engine-management-computer-alfa-156-1-9-jtd\/\" \/>\n<meta property=\"og:locale\" content=\"fr_FR\" \/>\n<meta property=\"og:type\" content=\"article\" \/>\n<meta property=\"og:title\" content=\"ECU ordinateur de gestion moteur Alfa 156 1.9 JTD - Turijnmagazijn\" \/>\n<meta property=\"og:description\" content=\"ECU ordinateur de gestion du moteur Alfa 156 1.9 JTD - ECU pour contr\u00f4ler la gestion du moteur d\u2019une Alfa Romeo 156 \u00e9quip\u00e9e d\u2019un moteur turbodiesel 1.9 JTD.\" \/>\n<meta property=\"og:url\" content=\"https:\/\/turijnmagazijn.nl\/fr\/produit\/ecu-engine-management-computer-alfa-156-1-9-jtd\/\" \/>\n<meta property=\"og:site_name\" content=\"Turijnmagazijn\" \/>\n<meta property=\"article:publisher\" content=\"https:\/\/www.facebook.com\/turijnmagazijn\" \/>\n<meta property=\"article:modified_time\" content=\"2023-07-26T11:46:00+00:00\" \/>\n<meta property=\"og:image\" content=\"https:\/\/turijnmagazijn.jumpstone-dev.nl\/wp-content\/uploads\/2023\/03\/DK00100839_ECU_motormanagement_computer_Alfa_156_1_2-1.jpg\" \/>\n\t<meta property=\"og:image:width\" content=\"800\" \/>\n\t<meta property=\"og:image:height\" content=\"600\" \/>\n\t<meta property=\"og:image:type\" content=\"image\/jpeg\" \/>\n<meta name=\"twitter:card\" content=\"summary_large_image\" \/>\n<meta name=\"twitter:label1\" content=\"Dur\u00e9e de lecture estim\u00e9e\" \/>\n\t<meta name=\"twitter:data1\" content=\"1 minute\" \/>\n<script type=\"application\/ld+json\" class=\"yoast-schema-graph\">{\"@context\":\"https:\\\/\\\/schema.org\",\"@graph\":[{\"@type\":\"WebPage\",\"@id\":\"https:\\\/\\\/turijnmagazijn.nl\\\/fr\\\/produit\\\/ecu-engine-management-computer-alfa-156-1-9-jtd\\\/\",\"url\":\"https:\\\/\\\/turijnmagazijn.nl\\\/fr\\\/produit\\\/ecu-engine-management-computer-alfa-156-1-9-jtd\\\/\",\"name\":\"ECU ordinateur de gestion moteur Alfa 156 1.9 JTD - Turijnmagazijn\",\"isPartOf\":{\"@id\":\"https:\\\/\\\/turijnmagazijn.jumpstone-dev.nl\\\/#website\"},\"primaryImageOfPage\":{\"@id\":\"https:\\\/\\\/turijnmagazijn.nl\\\/fr\\\/produit\\\/ecu-engine-management-computer-alfa-156-1-9-jtd\\\/#primaryimage\"},\"image\":{\"@id\":\"https:\\\/\\\/turijnmagazijn.nl\\\/fr\\\/produit\\\/ecu-engine-management-computer-alfa-156-1-9-jtd\\\/#primaryimage\"},\"thumbnailUrl\":\"https:\\\/\\\/turijnmagazijn.nl\\\/wp-content\\\/uploads\\\/2023\\\/03\\\/DK00100839_ECU_motormanagement_computer_Alfa_156_1_2-1.jpg\",\"datePublished\":\"2023-03-03T08:11:46+00:00\",\"dateModified\":\"2023-07-26T11:46:00+00:00\",\"breadcrumb\":{\"@id\":\"https:\\\/\\\/turijnmagazijn.nl\\\/fr\\\/produit\\\/ecu-engine-management-computer-alfa-156-1-9-jtd\\\/#breadcrumb\"},\"inLanguage\":\"fr-FR\",\"potentialAction\":[{\"@type\":\"ReadAction\",\"target\":[\"https:\\\/\\\/turijnmagazijn.nl\\\/fr\\\/produit\\\/ecu-engine-management-computer-alfa-156-1-9-jtd\\\/\"]}]},{\"@type\":\"ImageObject\",\"inLanguage\":\"fr-FR\",\"@id\":\"https:\\\/\\\/turijnmagazijn.nl\\\/fr\\\/produit\\\/ecu-engine-management-computer-alfa-156-1-9-jtd\\\/#primaryimage\",\"url\":\"https:\\\/\\\/turijnmagazijn.nl\\\/wp-content\\\/uploads\\\/2023\\\/03\\\/DK00100839_ECU_motormanagement_computer_Alfa_156_1_2-1.jpg\",\"contentUrl\":\"https:\\\/\\\/turijnmagazijn.nl\\\/wp-content\\\/uploads\\\/2023\\\/03\\\/DK00100839_ECU_motormanagement_computer_Alfa_156_1_2-1.jpg\",\"width\":800,\"height\":600},{\"@type\":\"BreadcrumbList\",\"@id\":\"https:\\\/\\\/turijnmagazijn.nl\\\/fr\\\/produit\\\/ecu-engine-management-computer-alfa-156-1-9-jtd\\\/#breadcrumb\",\"itemListElement\":[{\"@type\":\"ListItem\",\"position\":1,\"name\":\"Home\",\"item\":\"https:\\\/\\\/turijnmagazijn.nl\\\/fr\\\/\"},{\"@type\":\"ListItem\",\"position\":2,\"name\":\"Produits\",\"item\":\"https:\\\/\\\/turijnmagazijn.nl\\\/fr\\\/shop\\\/\"},{\"@type\":\"ListItem\",\"position\":3,\"name\":\"ECU ordinateur de gestion moteur Alfa 156 1.9 JTD\"}]},{\"@type\":\"WebSite\",\"@id\":\"https:\\\/\\\/turijnmagazijn.jumpstone-dev.nl\\\/#website\",\"url\":\"https:\\\/\\\/turijnmagazijn.jumpstone-dev.nl\\\/\",\"name\":\"Turijnmagazijn\",\"description\":\"Onderdelen nieuw en gebruikt - Fiat &amp; Lancia\",\"publisher\":{\"@id\":\"https:\\\/\\\/turijnmagazijn.jumpstone-dev.nl\\\/#organization\"},\"potentialAction\":[{\"@type\":\"SearchAction\",\"target\":{\"@type\":\"EntryPoint\",\"urlTemplate\":\"https:\\\/\\\/turijnmagazijn.jumpstone-dev.nl\\\/?s={search_term_string}\"},\"query-input\":{\"@type\":\"PropertyValueSpecification\",\"valueRequired\":true,\"valueName\":\"search_term_string\"}}],\"inLanguage\":\"fr-FR\"},{\"@type\":\"Organization\",\"@id\":\"https:\\\/\\\/turijnmagazijn.jumpstone-dev.nl\\\/#organization\",\"name\":\"Turijnmagazijn\",\"url\":\"https:\\\/\\\/turijnmagazijn.jumpstone-dev.nl\\\/\",\"logo\":{\"@type\":\"ImageObject\",\"inLanguage\":\"fr-FR\",\"@id\":\"https:\\\/\\\/turijnmagazijn.jumpstone-dev.nl\\\/#\\\/schema\\\/logo\\\/image\\\/\",\"url\":\"https:\\\/\\\/turijnmagazijn.nl\\\/wp-content\\\/uploads\\\/2021\\\/02\\\/turijnmagazijnlogo.png\",\"contentUrl\":\"https:\\\/\\\/turijnmagazijn.nl\\\/wp-content\\\/uploads\\\/2021\\\/02\\\/turijnmagazijnlogo.png\",\"width\":555,\"height\":270,\"caption\":\"Turijnmagazijn\"},\"image\":{\"@id\":\"https:\\\/\\\/turijnmagazijn.jumpstone-dev.nl\\\/#\\\/schema\\\/logo\\\/image\\\/\"},\"sameAs\":[\"https:\\\/\\\/www.facebook.com\\\/turijnmagazijn\"]}]}<\/script>\n<!-- \/ Yoast SEO plugin. -->","yoast_head_json":{"title":"ECU ordinateur de gestion moteur Alfa 156 1.9 JTD - Turijnmagazijn","robots":{"index":"index","follow":"follow","max-snippet":"max-snippet:-1","max-image-preview":"max-image-preview:large","max-video-preview":"max-video-preview:-1"},"canonical":"https:\/\/turijnmagazijn.nl\/fr\/produit\/ecu-engine-management-computer-alfa-156-1-9-jtd\/","og_locale":"fr_FR","og_type":"article","og_title":"ECU ordinateur de gestion moteur Alfa 156 1.9 JTD - Turijnmagazijn","og_description":"ECU ordinateur de gestion du moteur Alfa 156 1.9 JTD - ECU pour contr\u00f4ler la gestion du moteur d\u2019une Alfa Romeo 156 \u00e9quip\u00e9e d\u2019un moteur turbodiesel 1.9 JTD.","og_url":"https:\/\/turijnmagazijn.nl\/fr\/produit\/ecu-engine-management-computer-alfa-156-1-9-jtd\/","og_site_name":"Turijnmagazijn","article_publisher":"https:\/\/www.facebook.com\/turijnmagazijn","article_modified_time":"2023-07-26T11:46:00+00:00","og_image":[{"width":800,"height":600,"url":"https:\/\/turijnmagazijn.jumpstone-dev.nl\/wp-content\/uploads\/2023\/03\/DK00100839_ECU_motormanagement_computer_Alfa_156_1_2-1.jpg","type":"image\/jpeg"}],"twitter_card":"summary_large_image","twitter_misc":{"Dur\u00e9e de lecture estim\u00e9e":"1 minute"},"schema":{"@context":"https:\/\/schema.org","@graph":[{"@type":"WebPage","@id":"https:\/\/turijnmagazijn.nl\/fr\/produit\/ecu-engine-management-computer-alfa-156-1-9-jtd\/","url":"https:\/\/turijnmagazijn.nl\/fr\/produit\/ecu-engine-management-computer-alfa-156-1-9-jtd\/","name":"ECU ordinateur de gestion moteur Alfa 156 1.9 JTD - Turijnmagazijn","isPartOf":{"@id":"https:\/\/turijnmagazijn.jumpstone-dev.nl\/#website"},"primaryImageOfPage":{"@id":"https:\/\/turijnmagazijn.nl\/fr\/produit\/ecu-engine-management-computer-alfa-156-1-9-jtd\/#primaryimage"},"image":{"@id":"https:\/\/turijnmagazijn.nl\/fr\/produit\/ecu-engine-management-computer-alfa-156-1-9-jtd\/#primaryimage"},"thumbnailUrl":"https:\/\/turijnmagazijn.nl\/wp-content\/uploads\/2023\/03\/DK00100839_ECU_motormanagement_computer_Alfa_156_1_2-1.jpg","datePublished":"2023-03-03T08:11:46+00:00","dateModified":"2023-07-26T11:46:00+00:00","breadcrumb":{"@id":"https:\/\/turijnmagazijn.nl\/fr\/produit\/ecu-engine-management-computer-alfa-156-1-9-jtd\/#breadcrumb"},"inLanguage":"fr-FR","potentialAction":[{"@type":"ReadAction","target":["https:\/\/turijnmagazijn.nl\/fr\/produit\/ecu-engine-management-computer-alfa-156-1-9-jtd\/"]}]},{"@type":"ImageObject","inLanguage":"fr-FR","@id":"https:\/\/turijnmagazijn.nl\/fr\/produit\/ecu-engine-management-computer-alfa-156-1-9-jtd\/#primaryimage","url":"https:\/\/turijnmagazijn.nl\/wp-content\/uploads\/2023\/03\/DK00100839_ECU_motormanagement_computer_Alfa_156_1_2-1.jpg","contentUrl":"https:\/\/turijnmagazijn.nl\/wp-content\/uploads\/2023\/03\/DK00100839_ECU_motormanagement_computer_Alfa_156_1_2-1.jpg","width":800,"height":600},{"@type":"BreadcrumbList","@id":"https:\/\/turijnmagazijn.nl\/fr\/produit\/ecu-engine-management-computer-alfa-156-1-9-jtd\/#breadcrumb","itemListElement":[{"@type":"ListItem","position":1,"name":"Home","item":"https:\/\/turijnmagazijn.nl\/fr\/"},{"@type":"ListItem","position":2,"name":"Produits","item":"https:\/\/turijnmagazijn.nl\/fr\/shop\/"},{"@type":"ListItem","position":3,"name":"ECU ordinateur de gestion moteur Alfa 156 1.9 JTD"}]},{"@type":"WebSite","@id":"https:\/\/turijnmagazijn.jumpstone-dev.nl\/#website","url":"https:\/\/turijnmagazijn.jumpstone-dev.nl\/","name":"Turijnmagazijn","description":"Onderdelen nieuw en gebruikt - Fiat &amp; Lancia","publisher":{"@id":"https:\/\/turijnmagazijn.jumpstone-dev.nl\/#organization"},"potentialAction":[{"@type":"SearchAction","target":{"@type":"EntryPoint","urlTemplate":"https:\/\/turijnmagazijn.jumpstone-dev.nl\/?s={search_term_string}"},"query-input":{"@type":"PropertyValueSpecification","valueRequired":true,"valueName":"search_term_string"}}],"inLanguage":"fr-FR"},{"@type":"Organization","@id":"https:\/\/turijnmagazijn.jumpstone-dev.nl\/#organization","name":"Turijnmagazijn","url":"https:\/\/turijnmagazijn.jumpstone-dev.nl\/","logo":{"@type":"ImageObject","inLanguage":"fr-FR","@id":"https:\/\/turijnmagazijn.jumpstone-dev.nl\/#\/schema\/logo\/image\/","url":"https:\/\/turijnmagazijn.nl\/wp-content\/uploads\/2021\/02\/turijnmagazijnlogo.png","contentUrl":"https:\/\/turijnmagazijn.nl\/wp-content\/uploads\/2021\/02\/turijnmagazijnlogo.png","width":555,"height":270,"caption":"Turijnmagazijn"},"image":{"@id":"https:\/\/turijnmagazijn.jumpstone-dev.nl\/#\/schema\/logo\/image\/"},"sameAs":["https:\/\/www.facebook.com\/turijnmagazijn"]}]}},"_links":{"self":[{"href":"https:\/\/turijnmagazijn.nl\/fr\/wp-json\/wp\/v2\/product\/62498","targetHints":{"allow":["GET"]}}],"collection":[{"href":"https:\/\/turijnmagazijn.nl\/fr\/wp-json\/wp\/v2\/product"}],"about":[{"href":"https:\/\/turijnmagazijn.nl\/fr\/wp-json\/wp\/v2\/types\/product"}],"replies":[{"embeddable":true,"href":"https:\/\/turijnmagazijn.nl\/fr\/wp-json\/wp\/v2\/comments?post=62498"}],"wp:featuredmedia":[{"embeddable":true,"href":"https:\/\/turijnmagazijn.nl\/fr\/wp-json\/wp\/v2\/media\/37744"}],"wp:attachment":[{"href":"https:\/\/turijnmagazijn.nl\/fr\/wp-json\/wp\/v2\/media?parent=62498"}],"wp:term":[{"taxonomy":"product_brand","embeddable":true,"href":"https:\/\/turijnmagazijn.nl\/fr\/wp-json\/wp\/v2\/product_brand?post=62498"},{"taxonomy":"product_cat","embeddable":true,"href":"https:\/\/turijnmagazijn.nl\/fr\/wp-json\/wp\/v2\/product_cat?post=62498"},{"taxonomy":"product_tag","embeddable":true,"href":"https:\/\/turijnmagazijn.nl\/fr\/wp-json\/wp\/v2\/product_tag?post=62498"}],"curies":[{"name":"wp","href":"https:\/\/api.w.org\/{rel}","templated":true}]}}