{"id":62513,"date":"2023-03-03T09:10:02","date_gmt":"2023-03-03T08:10:02","guid":{"rendered":"https:\/\/turijnmagazijn.nl\/product\/relais-30-ampere-jaune-lancia-fiat-alfa-romeo\/"},"modified":"2026-03-18T19:17:21","modified_gmt":"2026-03-18T18:17:21","slug":"relais-30-amperes-jaune-lancia-fiat-alfa-romeo","status":"publish","type":"product","link":"https:\/\/turijnmagazijn.nl\/fr\/produit\/relais-30-amperes-jaune-lancia-fiat-alfa-romeo\/","title":{"rendered":"Relais 30 Amp\u00e8re Jaune Lancia Fiat Alfa Romeo"},"content":{"rendered":"<p style=\"text-align: left;\">zeYellow Relais 30 amp\u00e8res pour l&rsquo;allumage des feux de route et du chauffage de la lunette arri\u00e8re pour Lancia Delta 2\u00e8me type. Les ann\u00e9es de construction de cette voiture se situent entre 1993 et 2000. Ce type de relais est \u00e9galement appliqu\u00e9 \u00e0 l\u2019Alfa Romeo 156. Deux de ce type de relais sont plac\u00e9s \u00e0 l\u2019arri\u00e8re de la bo\u00eete \u00e0 fusibles \u00e0 l\u2019int\u00e9rieur.<\/p>\n<p>  \u00c9galement utilis\u00e9 sur les mod\u00e8les Lancia Delta HF integral 8V et 16V dans la bo\u00eete \u00e0 fusibles sous le tableau de bord, c\u00f4t\u00e9 conducteur. Il s\u2019agit du relais du milieu. Num\u00e9ro 10 sur le dessin technique 46B56B1A8B590736F0FFCA9B0449D544 Num\u00e9ro 13 sur le dessin technique 1040900001 Peut \u00e9galement \u00eatre utilis\u00e9 pour Lancia Kappa et Lancia Thema I et Lancia Lybra.<br \/>\nLes inscriptions sur le relais sont A727 520 12V 30A Num\u00e9ro OEM Lancia <span style=\"line-height: 15px;\">82461739<\/span> <\/p>\n<p>&nbsp;<\/p>\n","protected":false},"excerpt":{"rendered":"<p>Relais 5 p\u00f4les Chauffage de lunette arri\u00e8re jaune, feux de route Lancia Delta e.2 Alfa 156 &#8211; Relais jaunes de 30 amp\u00e8res pour le chauffage des feux de route et des lunettes arri\u00e8re de la Lancia Delta du 2\u00e8me type. Relais 30 Amp\u00e8re Jaune Lancia Delta e.2 Alfa 156 &#8211; Jaune 3<\/p>\n","protected":false},"featured_media":35584,"comment_status":"closed","ping_status":"closed","template":"","meta":{"_acf_changed":false},"product_brand":[],"product_cat":[1613,1846,1851,1582,1862,1865,1806,1841,1830,1860,1798,1873,1882,1617,1623,1870,1880,1896,1902,1897],"product_tag":[],"class_list":{"0":"post-62513","1":"product","2":"type-product","3":"status-publish","4":"has-post-thumbnail","6":"product_cat-156-932-fr","7":"product_cat-3-deurs-hpe-fr","8":"product_cat-5-deurs-fr","9":"product_cat-alfa-romeo-fr","10":"product_cat-berlina-fr","11":"product_cat-coupe-fr","12":"product_cat-delta-1-831-fr","13":"product_cat-delta-2-836-fr","14":"product_cat-integrale-8v-fr","15":"product_cat-kappa-838-fr","16":"product_cat-lancia-fr","17":"product_cat-lybra-839-fr","18":"product_cat-sedan-lybra-839-fr","19":"product_cat-sedan-fr","20":"product_cat-sportwagon-fr","21":"product_cat-sw-fr","22":"product_cat-sw-lybra-839-fr","23":"product_cat-thema-834-fr","24":"product_cat-thema-sedan-fr","25":"product_cat-thema-sw-fr","26":"pa_soort-onderdeel-electronique-et-cables","28":"first","29":"instock","30":"shipping-taxable","31":"purchasable","32":"product-type-simple"},"acf":[],"yoast_head":"<!-- This site is optimized with the Yoast SEO plugin v27.3 - https:\/\/yoast.com\/product\/yoast-seo-wordpress\/ -->\n<title>Relais 30 Amp\u00e8re Jaune Lancia Fiat Alfa Romeo - Turijnmagazijn<\/title>\n<meta name=\"robots\" content=\"index, follow, max-snippet:-1, max-image-preview:large, max-video-preview:-1\" \/>\n<link rel=\"canonical\" href=\"https:\/\/turijnmagazijn.nl\/fr\/produit\/relais-30-amperes-jaune-lancia-fiat-alfa-romeo\/\" \/>\n<meta property=\"og:locale\" content=\"fr_FR\" \/>\n<meta property=\"og:type\" content=\"article\" \/>\n<meta property=\"og:title\" content=\"Relais 30 Amp\u00e8re Jaune Lancia Fiat Alfa Romeo - Turijnmagazijn\" \/>\n<meta property=\"og:description\" content=\"Relais 5 p\u00f4les Chauffage de lunette arri\u00e8re jaune, feux de route Lancia Delta e.2 Alfa 156 - Relais jaunes de 30 amp\u00e8res pour le chauffage des feux de route et des lunettes arri\u00e8re de la Lancia Delta du 2\u00e8me type. Relais 30 Amp\u00e8re Jaune Lancia Delta e.2 Alfa 156 - Jaune 3\" \/>\n<meta property=\"og:url\" content=\"https:\/\/turijnmagazijn.nl\/fr\/produit\/relais-30-amperes-jaune-lancia-fiat-alfa-romeo\/\" \/>\n<meta property=\"og:site_name\" content=\"Turijnmagazijn\" \/>\n<meta property=\"article:publisher\" content=\"https:\/\/www.facebook.com\/turijnmagazijn\" \/>\n<meta property=\"article:modified_time\" content=\"2026-03-18T18:17:21+00:00\" \/>\n<meta property=\"og:image\" content=\"https:\/\/turijnmagazijn.nl\/wp-content\/uploads\/2023\/03\/relais-5-polig-geel-achterruitverwarming-grootlicht-lancia-delta-e-2-alfa-156-244.jpg\" \/>\n\t<meta property=\"og:image:width\" content=\"1440\" \/>\n\t<meta property=\"og:image:height\" content=\"1080\" \/>\n\t<meta property=\"og:image:type\" content=\"image\/jpeg\" \/>\n<meta name=\"twitter:card\" content=\"summary_large_image\" \/>\n<meta name=\"twitter:label1\" content=\"Dur\u00e9e de lecture estim\u00e9e\" \/>\n\t<meta name=\"twitter:data1\" content=\"1 minute\" \/>\n<script type=\"application\/ld+json\" class=\"yoast-schema-graph\">{\"@context\":\"https:\\\/\\\/schema.org\",\"@graph\":[{\"@type\":\"WebPage\",\"@id\":\"https:\\\/\\\/turijnmagazijn.nl\\\/fr\\\/produit\\\/relais-30-amperes-jaune-lancia-fiat-alfa-romeo\\\/\",\"url\":\"https:\\\/\\\/turijnmagazijn.nl\\\/fr\\\/produit\\\/relais-30-amperes-jaune-lancia-fiat-alfa-romeo\\\/\",\"name\":\"Relais 30 Amp\u00e8re Jaune Lancia Fiat Alfa Romeo - Turijnmagazijn\",\"isPartOf\":{\"@id\":\"https:\\\/\\\/turijnmagazijn.jumpstone-dev.nl\\\/#website\"},\"primaryImageOfPage\":{\"@id\":\"https:\\\/\\\/turijnmagazijn.nl\\\/fr\\\/produit\\\/relais-30-amperes-jaune-lancia-fiat-alfa-romeo\\\/#primaryimage\"},\"image\":{\"@id\":\"https:\\\/\\\/turijnmagazijn.nl\\\/fr\\\/produit\\\/relais-30-amperes-jaune-lancia-fiat-alfa-romeo\\\/#primaryimage\"},\"thumbnailUrl\":\"https:\\\/\\\/turijnmagazijn.nl\\\/wp-content\\\/uploads\\\/2023\\\/03\\\/relais-5-polig-geel-achterruitverwarming-grootlicht-lancia-delta-e-2-alfa-156-244.jpg\",\"datePublished\":\"2023-03-03T08:10:02+00:00\",\"dateModified\":\"2026-03-18T18:17:21+00:00\",\"breadcrumb\":{\"@id\":\"https:\\\/\\\/turijnmagazijn.nl\\\/fr\\\/produit\\\/relais-30-amperes-jaune-lancia-fiat-alfa-romeo\\\/#breadcrumb\"},\"inLanguage\":\"fr-FR\",\"potentialAction\":[{\"@type\":\"ReadAction\",\"target\":[\"https:\\\/\\\/turijnmagazijn.nl\\\/fr\\\/produit\\\/relais-30-amperes-jaune-lancia-fiat-alfa-romeo\\\/\"]}]},{\"@type\":\"ImageObject\",\"inLanguage\":\"fr-FR\",\"@id\":\"https:\\\/\\\/turijnmagazijn.nl\\\/fr\\\/produit\\\/relais-30-amperes-jaune-lancia-fiat-alfa-romeo\\\/#primaryimage\",\"url\":\"https:\\\/\\\/turijnmagazijn.nl\\\/wp-content\\\/uploads\\\/2023\\\/03\\\/relais-5-polig-geel-achterruitverwarming-grootlicht-lancia-delta-e-2-alfa-156-244.jpg\",\"contentUrl\":\"https:\\\/\\\/turijnmagazijn.nl\\\/wp-content\\\/uploads\\\/2023\\\/03\\\/relais-5-polig-geel-achterruitverwarming-grootlicht-lancia-delta-e-2-alfa-156-244.jpg\",\"width\":1440,\"height\":1080},{\"@type\":\"BreadcrumbList\",\"@id\":\"https:\\\/\\\/turijnmagazijn.nl\\\/fr\\\/produit\\\/relais-30-amperes-jaune-lancia-fiat-alfa-romeo\\\/#breadcrumb\",\"itemListElement\":[{\"@type\":\"ListItem\",\"position\":1,\"name\":\"Home\",\"item\":\"https:\\\/\\\/turijnmagazijn.nl\\\/fr\\\/\"},{\"@type\":\"ListItem\",\"position\":2,\"name\":\"Produits\",\"item\":\"https:\\\/\\\/turijnmagazijn.nl\\\/fr\\\/shop\\\/\"},{\"@type\":\"ListItem\",\"position\":3,\"name\":\"Relais 30 Amp\u00e8re Jaune Lancia Fiat Alfa Romeo\"}]},{\"@type\":\"WebSite\",\"@id\":\"https:\\\/\\\/turijnmagazijn.jumpstone-dev.nl\\\/#website\",\"url\":\"https:\\\/\\\/turijnmagazijn.jumpstone-dev.nl\\\/\",\"name\":\"Turijnmagazijn\",\"description\":\"Onderdelen nieuw en gebruikt - Fiat &amp; Lancia\",\"publisher\":{\"@id\":\"https:\\\/\\\/turijnmagazijn.jumpstone-dev.nl\\\/#organization\"},\"potentialAction\":[{\"@type\":\"SearchAction\",\"target\":{\"@type\":\"EntryPoint\",\"urlTemplate\":\"https:\\\/\\\/turijnmagazijn.jumpstone-dev.nl\\\/?s={search_term_string}\"},\"query-input\":{\"@type\":\"PropertyValueSpecification\",\"valueRequired\":true,\"valueName\":\"search_term_string\"}}],\"inLanguage\":\"fr-FR\"},{\"@type\":\"Organization\",\"@id\":\"https:\\\/\\\/turijnmagazijn.jumpstone-dev.nl\\\/#organization\",\"name\":\"Turijnmagazijn\",\"url\":\"https:\\\/\\\/turijnmagazijn.jumpstone-dev.nl\\\/\",\"logo\":{\"@type\":\"ImageObject\",\"inLanguage\":\"fr-FR\",\"@id\":\"https:\\\/\\\/turijnmagazijn.jumpstone-dev.nl\\\/#\\\/schema\\\/logo\\\/image\\\/\",\"url\":\"https:\\\/\\\/turijnmagazijn.nl\\\/wp-content\\\/uploads\\\/2021\\\/02\\\/turijnmagazijnlogo.png\",\"contentUrl\":\"https:\\\/\\\/turijnmagazijn.nl\\\/wp-content\\\/uploads\\\/2021\\\/02\\\/turijnmagazijnlogo.png\",\"width\":555,\"height\":270,\"caption\":\"Turijnmagazijn\"},\"image\":{\"@id\":\"https:\\\/\\\/turijnmagazijn.jumpstone-dev.nl\\\/#\\\/schema\\\/logo\\\/image\\\/\"},\"sameAs\":[\"https:\\\/\\\/www.facebook.com\\\/turijnmagazijn\"]}]}<\/script>\n<!-- \/ Yoast SEO plugin. -->","yoast_head_json":{"title":"Relais 30 Amp\u00e8re Jaune Lancia Fiat Alfa Romeo - Turijnmagazijn","robots":{"index":"index","follow":"follow","max-snippet":"max-snippet:-1","max-image-preview":"max-image-preview:large","max-video-preview":"max-video-preview:-1"},"canonical":"https:\/\/turijnmagazijn.nl\/fr\/produit\/relais-30-amperes-jaune-lancia-fiat-alfa-romeo\/","og_locale":"fr_FR","og_type":"article","og_title":"Relais 30 Amp\u00e8re Jaune Lancia Fiat Alfa Romeo - Turijnmagazijn","og_description":"Relais 5 p\u00f4les Chauffage de lunette arri\u00e8re jaune, feux de route Lancia Delta e.2 Alfa 156 - Relais jaunes de 30 amp\u00e8res pour le chauffage des feux de route et des lunettes arri\u00e8re de la Lancia Delta du 2\u00e8me type. Relais 30 Amp\u00e8re Jaune Lancia Delta e.2 Alfa 156 - Jaune 3","og_url":"https:\/\/turijnmagazijn.nl\/fr\/produit\/relais-30-amperes-jaune-lancia-fiat-alfa-romeo\/","og_site_name":"Turijnmagazijn","article_publisher":"https:\/\/www.facebook.com\/turijnmagazijn","article_modified_time":"2026-03-18T18:17:21+00:00","og_image":[{"width":1440,"height":1080,"url":"https:\/\/turijnmagazijn.nl\/wp-content\/uploads\/2023\/03\/relais-5-polig-geel-achterruitverwarming-grootlicht-lancia-delta-e-2-alfa-156-244.jpg","type":"image\/jpeg"}],"twitter_card":"summary_large_image","twitter_misc":{"Dur\u00e9e de lecture estim\u00e9e":"1 minute"},"schema":{"@context":"https:\/\/schema.org","@graph":[{"@type":"WebPage","@id":"https:\/\/turijnmagazijn.nl\/fr\/produit\/relais-30-amperes-jaune-lancia-fiat-alfa-romeo\/","url":"https:\/\/turijnmagazijn.nl\/fr\/produit\/relais-30-amperes-jaune-lancia-fiat-alfa-romeo\/","name":"Relais 30 Amp\u00e8re Jaune Lancia Fiat Alfa Romeo - Turijnmagazijn","isPartOf":{"@id":"https:\/\/turijnmagazijn.jumpstone-dev.nl\/#website"},"primaryImageOfPage":{"@id":"https:\/\/turijnmagazijn.nl\/fr\/produit\/relais-30-amperes-jaune-lancia-fiat-alfa-romeo\/#primaryimage"},"image":{"@id":"https:\/\/turijnmagazijn.nl\/fr\/produit\/relais-30-amperes-jaune-lancia-fiat-alfa-romeo\/#primaryimage"},"thumbnailUrl":"https:\/\/turijnmagazijn.nl\/wp-content\/uploads\/2023\/03\/relais-5-polig-geel-achterruitverwarming-grootlicht-lancia-delta-e-2-alfa-156-244.jpg","datePublished":"2023-03-03T08:10:02+00:00","dateModified":"2026-03-18T18:17:21+00:00","breadcrumb":{"@id":"https:\/\/turijnmagazijn.nl\/fr\/produit\/relais-30-amperes-jaune-lancia-fiat-alfa-romeo\/#breadcrumb"},"inLanguage":"fr-FR","potentialAction":[{"@type":"ReadAction","target":["https:\/\/turijnmagazijn.nl\/fr\/produit\/relais-30-amperes-jaune-lancia-fiat-alfa-romeo\/"]}]},{"@type":"ImageObject","inLanguage":"fr-FR","@id":"https:\/\/turijnmagazijn.nl\/fr\/produit\/relais-30-amperes-jaune-lancia-fiat-alfa-romeo\/#primaryimage","url":"https:\/\/turijnmagazijn.nl\/wp-content\/uploads\/2023\/03\/relais-5-polig-geel-achterruitverwarming-grootlicht-lancia-delta-e-2-alfa-156-244.jpg","contentUrl":"https:\/\/turijnmagazijn.nl\/wp-content\/uploads\/2023\/03\/relais-5-polig-geel-achterruitverwarming-grootlicht-lancia-delta-e-2-alfa-156-244.jpg","width":1440,"height":1080},{"@type":"BreadcrumbList","@id":"https:\/\/turijnmagazijn.nl\/fr\/produit\/relais-30-amperes-jaune-lancia-fiat-alfa-romeo\/#breadcrumb","itemListElement":[{"@type":"ListItem","position":1,"name":"Home","item":"https:\/\/turijnmagazijn.nl\/fr\/"},{"@type":"ListItem","position":2,"name":"Produits","item":"https:\/\/turijnmagazijn.nl\/fr\/shop\/"},{"@type":"ListItem","position":3,"name":"Relais 30 Amp\u00e8re Jaune Lancia Fiat Alfa Romeo"}]},{"@type":"WebSite","@id":"https:\/\/turijnmagazijn.jumpstone-dev.nl\/#website","url":"https:\/\/turijnmagazijn.jumpstone-dev.nl\/","name":"Turijnmagazijn","description":"Onderdelen nieuw en gebruikt - Fiat &amp; Lancia","publisher":{"@id":"https:\/\/turijnmagazijn.jumpstone-dev.nl\/#organization"},"potentialAction":[{"@type":"SearchAction","target":{"@type":"EntryPoint","urlTemplate":"https:\/\/turijnmagazijn.jumpstone-dev.nl\/?s={search_term_string}"},"query-input":{"@type":"PropertyValueSpecification","valueRequired":true,"valueName":"search_term_string"}}],"inLanguage":"fr-FR"},{"@type":"Organization","@id":"https:\/\/turijnmagazijn.jumpstone-dev.nl\/#organization","name":"Turijnmagazijn","url":"https:\/\/turijnmagazijn.jumpstone-dev.nl\/","logo":{"@type":"ImageObject","inLanguage":"fr-FR","@id":"https:\/\/turijnmagazijn.jumpstone-dev.nl\/#\/schema\/logo\/image\/","url":"https:\/\/turijnmagazijn.nl\/wp-content\/uploads\/2021\/02\/turijnmagazijnlogo.png","contentUrl":"https:\/\/turijnmagazijn.nl\/wp-content\/uploads\/2021\/02\/turijnmagazijnlogo.png","width":555,"height":270,"caption":"Turijnmagazijn"},"image":{"@id":"https:\/\/turijnmagazijn.jumpstone-dev.nl\/#\/schema\/logo\/image\/"},"sameAs":["https:\/\/www.facebook.com\/turijnmagazijn"]}]}},"_links":{"self":[{"href":"https:\/\/turijnmagazijn.nl\/fr\/wp-json\/wp\/v2\/product\/62513","targetHints":{"allow":["GET"]}}],"collection":[{"href":"https:\/\/turijnmagazijn.nl\/fr\/wp-json\/wp\/v2\/product"}],"about":[{"href":"https:\/\/turijnmagazijn.nl\/fr\/wp-json\/wp\/v2\/types\/product"}],"replies":[{"embeddable":true,"href":"https:\/\/turijnmagazijn.nl\/fr\/wp-json\/wp\/v2\/comments?post=62513"}],"wp:featuredmedia":[{"embeddable":true,"href":"https:\/\/turijnmagazijn.nl\/fr\/wp-json\/wp\/v2\/media\/35584"}],"wp:attachment":[{"href":"https:\/\/turijnmagazijn.nl\/fr\/wp-json\/wp\/v2\/media?parent=62513"}],"wp:term":[{"taxonomy":"product_brand","embeddable":true,"href":"https:\/\/turijnmagazijn.nl\/fr\/wp-json\/wp\/v2\/product_brand?post=62513"},{"taxonomy":"product_cat","embeddable":true,"href":"https:\/\/turijnmagazijn.nl\/fr\/wp-json\/wp\/v2\/product_cat?post=62513"},{"taxonomy":"product_tag","embeddable":true,"href":"https:\/\/turijnmagazijn.nl\/fr\/wp-json\/wp\/v2\/product_tag?post=62513"}],"curies":[{"name":"wp","href":"https:\/\/api.w.org\/{rel}","templated":true}]}}