{"id":62515,"date":"2023-03-03T09:10:02","date_gmt":"2023-03-03T08:10:02","guid":{"rendered":"https:\/\/turijnmagazijn.nl\/product\/ventilateur-de-radiateur-alfa-romeo-166\/"},"modified":"2023-07-26T13:17:58","modified_gmt":"2023-07-26T11:17:58","slug":"ventilateur-de-radiateur-alpha-romeo-166","status":"publish","type":"product","link":"https:\/\/turijnmagazijn.nl\/fr\/produit\/ventilateur-de-radiateur-alpha-romeo-166\/","title":{"rendered":"Ventilateur de radiateur Alfa Romeo 166"},"content":{"rendered":"<p style=\"color: rgb(0, 0, 0); line-height: normal; font-family: Arial, Helvetica, sans-serif; margin-top: 0px; margin-bottom: 20px;\">Ventilateur de refroidissement complet \/ ventilateur pour le radiateur d\u2019une Alfa Romeo 166 de la premi\u00e8re s\u00e9rie. Le ventilateur a \u00e9t\u00e9 test\u00e9 pour son fonctionnement et s\u2019est av\u00e9r\u00e9 bon. Le ventilateur est complet avec un bo\u00eetier en plastique pour le montage sur le radiateur, mais \u00e0 l\u2019exclusion de la r\u00e9sistance. Cela peut facilement \u00eatre transf\u00e9r\u00e9 \u00e0 partir d\u2019un bo\u00eetier existant ou command\u00e9 s\u00e9par\u00e9ment dans notre boutique en ligne.<\/p>\n<p style=\"color: rgb(0, 0, 0); line-height: normal; font-family: Arial, Helvetica, sans-serif; margin-top: 0px; margin-bottom: 20px;\">D\u2019une <span style=\"color: rgb(0, 0, 0); line-height: normal; font-family: Arial, Helvetica, sans-serif; font-size: 13px;\">Alfa Romeo 166<\/span>&nbsp;2.0&nbsp;16V Twin Spark construite en 1999<\/p>\n<p style=\"color: rgb(0, 0, 0); line-height: normal; font-family: Arial, Helvetica, sans-serif; margin-top: 0px; margin-bottom: 20px;\">Le ventilateur est une unit\u00e9 de 12 volts de Magneti Marelli. Le ventilateur a un grand diam\u00e8tre et est un mod\u00e8le lourd car il refroidit \u00e9galement le radiateur de climatisation.<\/p>\n<p style=\"color: rgb(0, 0, 0); line-height: normal; font-family: Arial, Helvetica, sans-serif; margin-top: 0px; margin-bottom: 20px;\">Num\u00e9ro OEM Alfa Romeo&nbsp;<span style=\"color: rgb(6, 45, 104); text-transform: uppercase; line-height: normal; font-family: Verdana; font-size: 10px; background-color: rgb(229, 229, 229);\">60692418<\/span><\/p>\n","protected":false},"excerpt":{"rendered":"<p>Ventilateur de radiateur Alfa Romeo 166 &#8211; Ventilateur de refroidissement complet \/ ventilateur pour le radiateur d\u2019une Alfa Romeo 166 de la premi\u00e8re s\u00e9rie.<\/p>\n","protected":false},"featured_media":35652,"comment_status":"open","ping_status":"closed","template":"","meta":{"_acf_changed":false},"product_brand":[],"product_cat":[1650,1582],"product_tag":[],"class_list":{"0":"post-62515","1":"product","2":"type-product","3":"status-publish","4":"has-post-thumbnail","6":"product_cat-166-936-fr","7":"product_cat-alfa-romeo-fr","8":"pa_soort-onderdeel-moteur-et-accessoires","10":"first","11":"instock","12":"sale","13":"shipping-taxable","14":"purchasable","15":"product-type-simple"},"acf":[],"yoast_head":"<!-- This site is optimized with the Yoast SEO plugin v27.3 - https:\/\/yoast.com\/product\/yoast-seo-wordpress\/ -->\n<title>Ventilateur de radiateur Alfa Romeo 166 - Turijnmagazijn<\/title>\n<meta name=\"robots\" content=\"index, follow, max-snippet:-1, max-image-preview:large, max-video-preview:-1\" \/>\n<link rel=\"canonical\" href=\"https:\/\/turijnmagazijn.nl\/fr\/produit\/ventilateur-de-radiateur-alpha-romeo-166\/\" \/>\n<meta property=\"og:locale\" content=\"fr_FR\" \/>\n<meta property=\"og:type\" content=\"article\" \/>\n<meta property=\"og:title\" content=\"Ventilateur de radiateur Alfa Romeo 166 - Turijnmagazijn\" \/>\n<meta property=\"og:description\" content=\"Ventilateur de radiateur Alfa Romeo 166 - Ventilateur de refroidissement complet \/ ventilateur pour le radiateur d\u2019une Alfa Romeo 166 de la premi\u00e8re s\u00e9rie.\" \/>\n<meta property=\"og:url\" content=\"https:\/\/turijnmagazijn.nl\/fr\/produit\/ventilateur-de-radiateur-alpha-romeo-166\/\" \/>\n<meta property=\"og:site_name\" content=\"Turijnmagazijn\" \/>\n<meta property=\"article:publisher\" content=\"https:\/\/www.facebook.com\/turijnmagazijn\" \/>\n<meta property=\"article:modified_time\" content=\"2023-07-26T11:17:58+00:00\" \/>\n<meta property=\"og:image\" content=\"https:\/\/turijnmagazijn.jumpstone-dev.nl\/wp-content\/uploads\/2023\/03\/radiateurfan-ventilator-alfa-romeo-166-369.jpg\" \/>\n\t<meta property=\"og:image:width\" content=\"1440\" \/>\n\t<meta property=\"og:image:height\" content=\"1080\" \/>\n\t<meta property=\"og:image:type\" content=\"image\/jpeg\" \/>\n<meta name=\"twitter:card\" content=\"summary_large_image\" \/>\n<meta name=\"twitter:label1\" content=\"Dur\u00e9e de lecture estim\u00e9e\" \/>\n\t<meta name=\"twitter:data1\" content=\"1 minute\" \/>\n<script type=\"application\/ld+json\" class=\"yoast-schema-graph\">{\"@context\":\"https:\\\/\\\/schema.org\",\"@graph\":[{\"@type\":\"WebPage\",\"@id\":\"https:\\\/\\\/turijnmagazijn.nl\\\/fr\\\/produit\\\/ventilateur-de-radiateur-alpha-romeo-166\\\/\",\"url\":\"https:\\\/\\\/turijnmagazijn.nl\\\/fr\\\/produit\\\/ventilateur-de-radiateur-alpha-romeo-166\\\/\",\"name\":\"Ventilateur de radiateur Alfa Romeo 166 - Turijnmagazijn\",\"isPartOf\":{\"@id\":\"https:\\\/\\\/turijnmagazijn.jumpstone-dev.nl\\\/#website\"},\"primaryImageOfPage\":{\"@id\":\"https:\\\/\\\/turijnmagazijn.nl\\\/fr\\\/produit\\\/ventilateur-de-radiateur-alpha-romeo-166\\\/#primaryimage\"},\"image\":{\"@id\":\"https:\\\/\\\/turijnmagazijn.nl\\\/fr\\\/produit\\\/ventilateur-de-radiateur-alpha-romeo-166\\\/#primaryimage\"},\"thumbnailUrl\":\"https:\\\/\\\/turijnmagazijn.nl\\\/wp-content\\\/uploads\\\/2023\\\/03\\\/radiateurfan-ventilator-alfa-romeo-166-369.jpg\",\"datePublished\":\"2023-03-03T08:10:02+00:00\",\"dateModified\":\"2023-07-26T11:17:58+00:00\",\"breadcrumb\":{\"@id\":\"https:\\\/\\\/turijnmagazijn.nl\\\/fr\\\/produit\\\/ventilateur-de-radiateur-alpha-romeo-166\\\/#breadcrumb\"},\"inLanguage\":\"fr-FR\",\"potentialAction\":[{\"@type\":\"ReadAction\",\"target\":[\"https:\\\/\\\/turijnmagazijn.nl\\\/fr\\\/produit\\\/ventilateur-de-radiateur-alpha-romeo-166\\\/\"]}]},{\"@type\":\"ImageObject\",\"inLanguage\":\"fr-FR\",\"@id\":\"https:\\\/\\\/turijnmagazijn.nl\\\/fr\\\/produit\\\/ventilateur-de-radiateur-alpha-romeo-166\\\/#primaryimage\",\"url\":\"https:\\\/\\\/turijnmagazijn.nl\\\/wp-content\\\/uploads\\\/2023\\\/03\\\/radiateurfan-ventilator-alfa-romeo-166-369.jpg\",\"contentUrl\":\"https:\\\/\\\/turijnmagazijn.nl\\\/wp-content\\\/uploads\\\/2023\\\/03\\\/radiateurfan-ventilator-alfa-romeo-166-369.jpg\",\"width\":1440,\"height\":1080},{\"@type\":\"BreadcrumbList\",\"@id\":\"https:\\\/\\\/turijnmagazijn.nl\\\/fr\\\/produit\\\/ventilateur-de-radiateur-alpha-romeo-166\\\/#breadcrumb\",\"itemListElement\":[{\"@type\":\"ListItem\",\"position\":1,\"name\":\"Home\",\"item\":\"https:\\\/\\\/turijnmagazijn.nl\\\/fr\\\/\"},{\"@type\":\"ListItem\",\"position\":2,\"name\":\"Produits\",\"item\":\"https:\\\/\\\/turijnmagazijn.nl\\\/fr\\\/shop\\\/\"},{\"@type\":\"ListItem\",\"position\":3,\"name\":\"Ventilateur de radiateur Alfa Romeo 166\"}]},{\"@type\":\"WebSite\",\"@id\":\"https:\\\/\\\/turijnmagazijn.jumpstone-dev.nl\\\/#website\",\"url\":\"https:\\\/\\\/turijnmagazijn.jumpstone-dev.nl\\\/\",\"name\":\"Turijnmagazijn\",\"description\":\"Onderdelen nieuw en gebruikt - Fiat &amp; Lancia\",\"publisher\":{\"@id\":\"https:\\\/\\\/turijnmagazijn.jumpstone-dev.nl\\\/#organization\"},\"potentialAction\":[{\"@type\":\"SearchAction\",\"target\":{\"@type\":\"EntryPoint\",\"urlTemplate\":\"https:\\\/\\\/turijnmagazijn.jumpstone-dev.nl\\\/?s={search_term_string}\"},\"query-input\":{\"@type\":\"PropertyValueSpecification\",\"valueRequired\":true,\"valueName\":\"search_term_string\"}}],\"inLanguage\":\"fr-FR\"},{\"@type\":\"Organization\",\"@id\":\"https:\\\/\\\/turijnmagazijn.jumpstone-dev.nl\\\/#organization\",\"name\":\"Turijnmagazijn\",\"url\":\"https:\\\/\\\/turijnmagazijn.jumpstone-dev.nl\\\/\",\"logo\":{\"@type\":\"ImageObject\",\"inLanguage\":\"fr-FR\",\"@id\":\"https:\\\/\\\/turijnmagazijn.jumpstone-dev.nl\\\/#\\\/schema\\\/logo\\\/image\\\/\",\"url\":\"https:\\\/\\\/turijnmagazijn.nl\\\/wp-content\\\/uploads\\\/2021\\\/02\\\/turijnmagazijnlogo.png\",\"contentUrl\":\"https:\\\/\\\/turijnmagazijn.nl\\\/wp-content\\\/uploads\\\/2021\\\/02\\\/turijnmagazijnlogo.png\",\"width\":555,\"height\":270,\"caption\":\"Turijnmagazijn\"},\"image\":{\"@id\":\"https:\\\/\\\/turijnmagazijn.jumpstone-dev.nl\\\/#\\\/schema\\\/logo\\\/image\\\/\"},\"sameAs\":[\"https:\\\/\\\/www.facebook.com\\\/turijnmagazijn\"]}]}<\/script>\n<!-- \/ Yoast SEO plugin. -->","yoast_head_json":{"title":"Ventilateur de radiateur Alfa Romeo 166 - Turijnmagazijn","robots":{"index":"index","follow":"follow","max-snippet":"max-snippet:-1","max-image-preview":"max-image-preview:large","max-video-preview":"max-video-preview:-1"},"canonical":"https:\/\/turijnmagazijn.nl\/fr\/produit\/ventilateur-de-radiateur-alpha-romeo-166\/","og_locale":"fr_FR","og_type":"article","og_title":"Ventilateur de radiateur Alfa Romeo 166 - Turijnmagazijn","og_description":"Ventilateur de radiateur Alfa Romeo 166 - Ventilateur de refroidissement complet \/ ventilateur pour le radiateur d\u2019une Alfa Romeo 166 de la premi\u00e8re s\u00e9rie.","og_url":"https:\/\/turijnmagazijn.nl\/fr\/produit\/ventilateur-de-radiateur-alpha-romeo-166\/","og_site_name":"Turijnmagazijn","article_publisher":"https:\/\/www.facebook.com\/turijnmagazijn","article_modified_time":"2023-07-26T11:17:58+00:00","og_image":[{"width":1440,"height":1080,"url":"https:\/\/turijnmagazijn.jumpstone-dev.nl\/wp-content\/uploads\/2023\/03\/radiateurfan-ventilator-alfa-romeo-166-369.jpg","type":"image\/jpeg"}],"twitter_card":"summary_large_image","twitter_misc":{"Dur\u00e9e de lecture estim\u00e9e":"1 minute"},"schema":{"@context":"https:\/\/schema.org","@graph":[{"@type":"WebPage","@id":"https:\/\/turijnmagazijn.nl\/fr\/produit\/ventilateur-de-radiateur-alpha-romeo-166\/","url":"https:\/\/turijnmagazijn.nl\/fr\/produit\/ventilateur-de-radiateur-alpha-romeo-166\/","name":"Ventilateur de radiateur Alfa Romeo 166 - Turijnmagazijn","isPartOf":{"@id":"https:\/\/turijnmagazijn.jumpstone-dev.nl\/#website"},"primaryImageOfPage":{"@id":"https:\/\/turijnmagazijn.nl\/fr\/produit\/ventilateur-de-radiateur-alpha-romeo-166\/#primaryimage"},"image":{"@id":"https:\/\/turijnmagazijn.nl\/fr\/produit\/ventilateur-de-radiateur-alpha-romeo-166\/#primaryimage"},"thumbnailUrl":"https:\/\/turijnmagazijn.nl\/wp-content\/uploads\/2023\/03\/radiateurfan-ventilator-alfa-romeo-166-369.jpg","datePublished":"2023-03-03T08:10:02+00:00","dateModified":"2023-07-26T11:17:58+00:00","breadcrumb":{"@id":"https:\/\/turijnmagazijn.nl\/fr\/produit\/ventilateur-de-radiateur-alpha-romeo-166\/#breadcrumb"},"inLanguage":"fr-FR","potentialAction":[{"@type":"ReadAction","target":["https:\/\/turijnmagazijn.nl\/fr\/produit\/ventilateur-de-radiateur-alpha-romeo-166\/"]}]},{"@type":"ImageObject","inLanguage":"fr-FR","@id":"https:\/\/turijnmagazijn.nl\/fr\/produit\/ventilateur-de-radiateur-alpha-romeo-166\/#primaryimage","url":"https:\/\/turijnmagazijn.nl\/wp-content\/uploads\/2023\/03\/radiateurfan-ventilator-alfa-romeo-166-369.jpg","contentUrl":"https:\/\/turijnmagazijn.nl\/wp-content\/uploads\/2023\/03\/radiateurfan-ventilator-alfa-romeo-166-369.jpg","width":1440,"height":1080},{"@type":"BreadcrumbList","@id":"https:\/\/turijnmagazijn.nl\/fr\/produit\/ventilateur-de-radiateur-alpha-romeo-166\/#breadcrumb","itemListElement":[{"@type":"ListItem","position":1,"name":"Home","item":"https:\/\/turijnmagazijn.nl\/fr\/"},{"@type":"ListItem","position":2,"name":"Produits","item":"https:\/\/turijnmagazijn.nl\/fr\/shop\/"},{"@type":"ListItem","position":3,"name":"Ventilateur de radiateur Alfa Romeo 166"}]},{"@type":"WebSite","@id":"https:\/\/turijnmagazijn.jumpstone-dev.nl\/#website","url":"https:\/\/turijnmagazijn.jumpstone-dev.nl\/","name":"Turijnmagazijn","description":"Onderdelen nieuw en gebruikt - Fiat &amp; Lancia","publisher":{"@id":"https:\/\/turijnmagazijn.jumpstone-dev.nl\/#organization"},"potentialAction":[{"@type":"SearchAction","target":{"@type":"EntryPoint","urlTemplate":"https:\/\/turijnmagazijn.jumpstone-dev.nl\/?s={search_term_string}"},"query-input":{"@type":"PropertyValueSpecification","valueRequired":true,"valueName":"search_term_string"}}],"inLanguage":"fr-FR"},{"@type":"Organization","@id":"https:\/\/turijnmagazijn.jumpstone-dev.nl\/#organization","name":"Turijnmagazijn","url":"https:\/\/turijnmagazijn.jumpstone-dev.nl\/","logo":{"@type":"ImageObject","inLanguage":"fr-FR","@id":"https:\/\/turijnmagazijn.jumpstone-dev.nl\/#\/schema\/logo\/image\/","url":"https:\/\/turijnmagazijn.nl\/wp-content\/uploads\/2021\/02\/turijnmagazijnlogo.png","contentUrl":"https:\/\/turijnmagazijn.nl\/wp-content\/uploads\/2021\/02\/turijnmagazijnlogo.png","width":555,"height":270,"caption":"Turijnmagazijn"},"image":{"@id":"https:\/\/turijnmagazijn.jumpstone-dev.nl\/#\/schema\/logo\/image\/"},"sameAs":["https:\/\/www.facebook.com\/turijnmagazijn"]}]}},"_links":{"self":[{"href":"https:\/\/turijnmagazijn.nl\/fr\/wp-json\/wp\/v2\/product\/62515","targetHints":{"allow":["GET"]}}],"collection":[{"href":"https:\/\/turijnmagazijn.nl\/fr\/wp-json\/wp\/v2\/product"}],"about":[{"href":"https:\/\/turijnmagazijn.nl\/fr\/wp-json\/wp\/v2\/types\/product"}],"replies":[{"embeddable":true,"href":"https:\/\/turijnmagazijn.nl\/fr\/wp-json\/wp\/v2\/comments?post=62515"}],"wp:featuredmedia":[{"embeddable":true,"href":"https:\/\/turijnmagazijn.nl\/fr\/wp-json\/wp\/v2\/media\/35652"}],"wp:attachment":[{"href":"https:\/\/turijnmagazijn.nl\/fr\/wp-json\/wp\/v2\/media?parent=62515"}],"wp:term":[{"taxonomy":"product_brand","embeddable":true,"href":"https:\/\/turijnmagazijn.nl\/fr\/wp-json\/wp\/v2\/product_brand?post=62515"},{"taxonomy":"product_cat","embeddable":true,"href":"https:\/\/turijnmagazijn.nl\/fr\/wp-json\/wp\/v2\/product_cat?post=62515"},{"taxonomy":"product_tag","embeddable":true,"href":"https:\/\/turijnmagazijn.nl\/fr\/wp-json\/wp\/v2\/product_tag?post=62515"}],"curies":[{"name":"wp","href":"https:\/\/api.w.org\/{rel}","templated":true}]}}