{"id":62584,"date":"2023-03-03T09:10:03","date_gmt":"2023-03-03T08:10:03","guid":{"rendered":"https:\/\/turijnmagazijn.nl\/product\/demarreur-alfa-156-147-alfa-romeo-alfa-romeo-alfetta-1160-ts-16v\/"},"modified":"2023-07-26T13:18:44","modified_gmt":"2023-07-26T11:18:44","slug":"demarreur-alfa-156-147-alfa-romeo-alfa-romeo-alfetta-1160-ts-16v","status":"publish","type":"product","link":"https:\/\/turijnmagazijn.nl\/fr\/produit\/demarreur-alfa-156-147-alfa-romeo-alfa-romeo-alfetta-1160-ts-16v\/","title":{"rendered":"D\u00e9marreur Alfa 156\/147 Alfa Romeo, Alfa Romeo &gt; Alfetta [116],0 TS 16V"},"content":{"rendered":"<p>D\u00e9marreur pour Alfa Romeo 156. Ce d\u00e9marreur est en bon \u00e9tat de fonctionnement. Le d\u00e9marreur provient d\u2019une Alfa Romeo 156 construite en 2001 avec un moteur 1.6 Twin Spark 16V. Le d\u00e9marreur s\u2019adaptera \u00e9galement \u00e0 d\u2019autres Alfa Romeo avec le m\u00eame moteur, au moins les 147 de ces ann\u00e9es.<\/p>\n<p>Le d\u00e9marreur s\u2019adaptera \u00e9galement sur les moteurs 1800 TS 16V et 2000 TS 16V&nbsp;sur les mod\u00e8les Alfa Romeo mentionn\u00e9s.<\/p>\n<p>V\u00e9rifiez toujours si le d\u00e9marreur est adapt\u00e9 \u00e0 votre application, cela peut varier selon l\u2019ann\u00e9e et le type de moteur.<\/p>\n<p>Num\u00e9ro OEM Alfa Romeo&nbsp;<span style=\"color: rgb(6, 45, 104); text-transform: uppercase; line-height: normal; font-family: Verdana; font-size: 10px; background-color: rgb(229, 229, 229);\">60813461<\/span><\/p>\n","protected":false},"excerpt":{"rendered":"<p>D\u00e9marreur Alfa 156\/147 Alfa Romeo, Alfa Romeo &gt; Alfetta [116],0 TS 16V &#8211; D\u00e9marreur pour Alfa Romeo 156.<\/p>\n","protected":false},"featured_media":35768,"comment_status":"open","ping_status":"closed","template":"","meta":{"_acf_changed":false},"product_brand":[],"product_cat":[1613,1582],"product_tag":[],"class_list":{"0":"post-62584","1":"product","2":"type-product","3":"status-publish","4":"has-post-thumbnail","6":"product_cat-156-932-fr","7":"product_cat-alfa-romeo-fr","8":"pa_soort-onderdeel-electronique-et-cables","9":"pa_soort-onderdeel-moteur-et-accessoires","11":"first","12":"instock","13":"shipping-taxable","14":"purchasable","15":"product-type-simple"},"acf":[],"yoast_head":"<!-- This site is optimized with the Yoast SEO plugin v27.3 - https:\/\/yoast.com\/product\/yoast-seo-wordpress\/ -->\n<title>D\u00e9marreur Alfa 156\/147 Alfa Romeo, Alfa Romeo &gt; Alfetta [116],0 TS 16V - Turijnmagazijn<\/title>\n<meta name=\"robots\" content=\"index, follow, max-snippet:-1, max-image-preview:large, max-video-preview:-1\" \/>\n<link rel=\"canonical\" href=\"https:\/\/turijnmagazijn.nl\/fr\/produit\/demarreur-alfa-156-147-alfa-romeo-alfa-romeo-alfetta-1160-ts-16v\/\" \/>\n<meta property=\"og:locale\" content=\"fr_FR\" \/>\n<meta property=\"og:type\" content=\"article\" \/>\n<meta property=\"og:title\" content=\"D\u00e9marreur Alfa 156\/147 Alfa Romeo, Alfa Romeo &gt; Alfetta [116],0 TS 16V - Turijnmagazijn\" \/>\n<meta property=\"og:description\" content=\"D\u00e9marreur Alfa 156\/147 Alfa Romeo, Alfa Romeo &gt; Alfetta [116],0 TS 16V - D\u00e9marreur pour Alfa Romeo 156.\" \/>\n<meta property=\"og:url\" content=\"https:\/\/turijnmagazijn.nl\/fr\/produit\/demarreur-alfa-156-147-alfa-romeo-alfa-romeo-alfetta-1160-ts-16v\/\" \/>\n<meta property=\"og:site_name\" content=\"Turijnmagazijn\" \/>\n<meta property=\"article:publisher\" content=\"https:\/\/www.facebook.com\/turijnmagazijn\" \/>\n<meta property=\"article:modified_time\" content=\"2023-07-26T11:18:44+00:00\" \/>\n<meta property=\"og:image\" content=\"https:\/\/turijnmagazijn.jumpstone-dev.nl\/wp-content\/uploads\/2023\/03\/DK0010031520Startmotor20Alfa201562014720160020TS2016V20286292028Large2915.jpg\" \/>\n\t<meta property=\"og:image:width\" content=\"1440\" \/>\n\t<meta property=\"og:image:height\" content=\"1080\" \/>\n\t<meta property=\"og:image:type\" content=\"image\/jpeg\" \/>\n<meta name=\"twitter:card\" content=\"summary_large_image\" \/>\n<meta name=\"twitter:label1\" content=\"Dur\u00e9e de lecture estim\u00e9e\" \/>\n\t<meta name=\"twitter:data1\" content=\"1 minute\" \/>\n<script type=\"application\/ld+json\" class=\"yoast-schema-graph\">{\"@context\":\"https:\\\/\\\/schema.org\",\"@graph\":[{\"@type\":\"WebPage\",\"@id\":\"https:\\\/\\\/turijnmagazijn.nl\\\/fr\\\/produit\\\/demarreur-alfa-156-147-alfa-romeo-alfa-romeo-alfetta-1160-ts-16v\\\/\",\"url\":\"https:\\\/\\\/turijnmagazijn.nl\\\/fr\\\/produit\\\/demarreur-alfa-156-147-alfa-romeo-alfa-romeo-alfetta-1160-ts-16v\\\/\",\"name\":\"D\u00e9marreur Alfa 156\\\/147 Alfa Romeo, Alfa Romeo &gt; Alfetta [116],0 TS 16V - Turijnmagazijn\",\"isPartOf\":{\"@id\":\"https:\\\/\\\/turijnmagazijn.jumpstone-dev.nl\\\/#website\"},\"primaryImageOfPage\":{\"@id\":\"https:\\\/\\\/turijnmagazijn.nl\\\/fr\\\/produit\\\/demarreur-alfa-156-147-alfa-romeo-alfa-romeo-alfetta-1160-ts-16v\\\/#primaryimage\"},\"image\":{\"@id\":\"https:\\\/\\\/turijnmagazijn.nl\\\/fr\\\/produit\\\/demarreur-alfa-156-147-alfa-romeo-alfa-romeo-alfetta-1160-ts-16v\\\/#primaryimage\"},\"thumbnailUrl\":\"https:\\\/\\\/turijnmagazijn.nl\\\/wp-content\\\/uploads\\\/2023\\\/03\\\/DK0010031520Startmotor20Alfa201562014720160020TS2016V20286292028Large2915.jpg\",\"datePublished\":\"2023-03-03T08:10:03+00:00\",\"dateModified\":\"2023-07-26T11:18:44+00:00\",\"breadcrumb\":{\"@id\":\"https:\\\/\\\/turijnmagazijn.nl\\\/fr\\\/produit\\\/demarreur-alfa-156-147-alfa-romeo-alfa-romeo-alfetta-1160-ts-16v\\\/#breadcrumb\"},\"inLanguage\":\"fr-FR\",\"potentialAction\":[{\"@type\":\"ReadAction\",\"target\":[\"https:\\\/\\\/turijnmagazijn.nl\\\/fr\\\/produit\\\/demarreur-alfa-156-147-alfa-romeo-alfa-romeo-alfetta-1160-ts-16v\\\/\"]}]},{\"@type\":\"ImageObject\",\"inLanguage\":\"fr-FR\",\"@id\":\"https:\\\/\\\/turijnmagazijn.nl\\\/fr\\\/produit\\\/demarreur-alfa-156-147-alfa-romeo-alfa-romeo-alfetta-1160-ts-16v\\\/#primaryimage\",\"url\":\"https:\\\/\\\/turijnmagazijn.nl\\\/wp-content\\\/uploads\\\/2023\\\/03\\\/DK0010031520Startmotor20Alfa201562014720160020TS2016V20286292028Large2915.jpg\",\"contentUrl\":\"https:\\\/\\\/turijnmagazijn.nl\\\/wp-content\\\/uploads\\\/2023\\\/03\\\/DK0010031520Startmotor20Alfa201562014720160020TS2016V20286292028Large2915.jpg\",\"width\":1440,\"height\":1080},{\"@type\":\"BreadcrumbList\",\"@id\":\"https:\\\/\\\/turijnmagazijn.nl\\\/fr\\\/produit\\\/demarreur-alfa-156-147-alfa-romeo-alfa-romeo-alfetta-1160-ts-16v\\\/#breadcrumb\",\"itemListElement\":[{\"@type\":\"ListItem\",\"position\":1,\"name\":\"Home\",\"item\":\"https:\\\/\\\/turijnmagazijn.nl\\\/fr\\\/\"},{\"@type\":\"ListItem\",\"position\":2,\"name\":\"Produits\",\"item\":\"https:\\\/\\\/turijnmagazijn.nl\\\/fr\\\/shop\\\/\"},{\"@type\":\"ListItem\",\"position\":3,\"name\":\"D\u00e9marreur Alfa 156\\\/147 Alfa Romeo, Alfa Romeo &gt; Alfetta [116],0 TS 16V\"}]},{\"@type\":\"WebSite\",\"@id\":\"https:\\\/\\\/turijnmagazijn.jumpstone-dev.nl\\\/#website\",\"url\":\"https:\\\/\\\/turijnmagazijn.jumpstone-dev.nl\\\/\",\"name\":\"Turijnmagazijn\",\"description\":\"Onderdelen nieuw en gebruikt - Fiat &amp; Lancia\",\"publisher\":{\"@id\":\"https:\\\/\\\/turijnmagazijn.jumpstone-dev.nl\\\/#organization\"},\"potentialAction\":[{\"@type\":\"SearchAction\",\"target\":{\"@type\":\"EntryPoint\",\"urlTemplate\":\"https:\\\/\\\/turijnmagazijn.jumpstone-dev.nl\\\/?s={search_term_string}\"},\"query-input\":{\"@type\":\"PropertyValueSpecification\",\"valueRequired\":true,\"valueName\":\"search_term_string\"}}],\"inLanguage\":\"fr-FR\"},{\"@type\":\"Organization\",\"@id\":\"https:\\\/\\\/turijnmagazijn.jumpstone-dev.nl\\\/#organization\",\"name\":\"Turijnmagazijn\",\"url\":\"https:\\\/\\\/turijnmagazijn.jumpstone-dev.nl\\\/\",\"logo\":{\"@type\":\"ImageObject\",\"inLanguage\":\"fr-FR\",\"@id\":\"https:\\\/\\\/turijnmagazijn.jumpstone-dev.nl\\\/#\\\/schema\\\/logo\\\/image\\\/\",\"url\":\"https:\\\/\\\/turijnmagazijn.nl\\\/wp-content\\\/uploads\\\/2021\\\/02\\\/turijnmagazijnlogo.png\",\"contentUrl\":\"https:\\\/\\\/turijnmagazijn.nl\\\/wp-content\\\/uploads\\\/2021\\\/02\\\/turijnmagazijnlogo.png\",\"width\":555,\"height\":270,\"caption\":\"Turijnmagazijn\"},\"image\":{\"@id\":\"https:\\\/\\\/turijnmagazijn.jumpstone-dev.nl\\\/#\\\/schema\\\/logo\\\/image\\\/\"},\"sameAs\":[\"https:\\\/\\\/www.facebook.com\\\/turijnmagazijn\"]}]}<\/script>\n<!-- \/ Yoast SEO plugin. -->","yoast_head_json":{"title":"D\u00e9marreur Alfa 156\/147 Alfa Romeo, Alfa Romeo &gt; Alfetta [116],0 TS 16V - Turijnmagazijn","robots":{"index":"index","follow":"follow","max-snippet":"max-snippet:-1","max-image-preview":"max-image-preview:large","max-video-preview":"max-video-preview:-1"},"canonical":"https:\/\/turijnmagazijn.nl\/fr\/produit\/demarreur-alfa-156-147-alfa-romeo-alfa-romeo-alfetta-1160-ts-16v\/","og_locale":"fr_FR","og_type":"article","og_title":"D\u00e9marreur Alfa 156\/147 Alfa Romeo, Alfa Romeo &gt; Alfetta [116],0 TS 16V - Turijnmagazijn","og_description":"D\u00e9marreur Alfa 156\/147 Alfa Romeo, Alfa Romeo &gt; Alfetta [116],0 TS 16V - D\u00e9marreur pour Alfa Romeo 156.","og_url":"https:\/\/turijnmagazijn.nl\/fr\/produit\/demarreur-alfa-156-147-alfa-romeo-alfa-romeo-alfetta-1160-ts-16v\/","og_site_name":"Turijnmagazijn","article_publisher":"https:\/\/www.facebook.com\/turijnmagazijn","article_modified_time":"2023-07-26T11:18:44+00:00","og_image":[{"width":1440,"height":1080,"url":"https:\/\/turijnmagazijn.jumpstone-dev.nl\/wp-content\/uploads\/2023\/03\/DK0010031520Startmotor20Alfa201562014720160020TS2016V20286292028Large2915.jpg","type":"image\/jpeg"}],"twitter_card":"summary_large_image","twitter_misc":{"Dur\u00e9e de lecture estim\u00e9e":"1 minute"},"schema":{"@context":"https:\/\/schema.org","@graph":[{"@type":"WebPage","@id":"https:\/\/turijnmagazijn.nl\/fr\/produit\/demarreur-alfa-156-147-alfa-romeo-alfa-romeo-alfetta-1160-ts-16v\/","url":"https:\/\/turijnmagazijn.nl\/fr\/produit\/demarreur-alfa-156-147-alfa-romeo-alfa-romeo-alfetta-1160-ts-16v\/","name":"D\u00e9marreur Alfa 156\/147 Alfa Romeo, Alfa Romeo &gt; Alfetta [116],0 TS 16V - Turijnmagazijn","isPartOf":{"@id":"https:\/\/turijnmagazijn.jumpstone-dev.nl\/#website"},"primaryImageOfPage":{"@id":"https:\/\/turijnmagazijn.nl\/fr\/produit\/demarreur-alfa-156-147-alfa-romeo-alfa-romeo-alfetta-1160-ts-16v\/#primaryimage"},"image":{"@id":"https:\/\/turijnmagazijn.nl\/fr\/produit\/demarreur-alfa-156-147-alfa-romeo-alfa-romeo-alfetta-1160-ts-16v\/#primaryimage"},"thumbnailUrl":"https:\/\/turijnmagazijn.nl\/wp-content\/uploads\/2023\/03\/DK0010031520Startmotor20Alfa201562014720160020TS2016V20286292028Large2915.jpg","datePublished":"2023-03-03T08:10:03+00:00","dateModified":"2023-07-26T11:18:44+00:00","breadcrumb":{"@id":"https:\/\/turijnmagazijn.nl\/fr\/produit\/demarreur-alfa-156-147-alfa-romeo-alfa-romeo-alfetta-1160-ts-16v\/#breadcrumb"},"inLanguage":"fr-FR","potentialAction":[{"@type":"ReadAction","target":["https:\/\/turijnmagazijn.nl\/fr\/produit\/demarreur-alfa-156-147-alfa-romeo-alfa-romeo-alfetta-1160-ts-16v\/"]}]},{"@type":"ImageObject","inLanguage":"fr-FR","@id":"https:\/\/turijnmagazijn.nl\/fr\/produit\/demarreur-alfa-156-147-alfa-romeo-alfa-romeo-alfetta-1160-ts-16v\/#primaryimage","url":"https:\/\/turijnmagazijn.nl\/wp-content\/uploads\/2023\/03\/DK0010031520Startmotor20Alfa201562014720160020TS2016V20286292028Large2915.jpg","contentUrl":"https:\/\/turijnmagazijn.nl\/wp-content\/uploads\/2023\/03\/DK0010031520Startmotor20Alfa201562014720160020TS2016V20286292028Large2915.jpg","width":1440,"height":1080},{"@type":"BreadcrumbList","@id":"https:\/\/turijnmagazijn.nl\/fr\/produit\/demarreur-alfa-156-147-alfa-romeo-alfa-romeo-alfetta-1160-ts-16v\/#breadcrumb","itemListElement":[{"@type":"ListItem","position":1,"name":"Home","item":"https:\/\/turijnmagazijn.nl\/fr\/"},{"@type":"ListItem","position":2,"name":"Produits","item":"https:\/\/turijnmagazijn.nl\/fr\/shop\/"},{"@type":"ListItem","position":3,"name":"D\u00e9marreur Alfa 156\/147 Alfa Romeo, Alfa Romeo &gt; Alfetta [116],0 TS 16V"}]},{"@type":"WebSite","@id":"https:\/\/turijnmagazijn.jumpstone-dev.nl\/#website","url":"https:\/\/turijnmagazijn.jumpstone-dev.nl\/","name":"Turijnmagazijn","description":"Onderdelen nieuw en gebruikt - Fiat &amp; Lancia","publisher":{"@id":"https:\/\/turijnmagazijn.jumpstone-dev.nl\/#organization"},"potentialAction":[{"@type":"SearchAction","target":{"@type":"EntryPoint","urlTemplate":"https:\/\/turijnmagazijn.jumpstone-dev.nl\/?s={search_term_string}"},"query-input":{"@type":"PropertyValueSpecification","valueRequired":true,"valueName":"search_term_string"}}],"inLanguage":"fr-FR"},{"@type":"Organization","@id":"https:\/\/turijnmagazijn.jumpstone-dev.nl\/#organization","name":"Turijnmagazijn","url":"https:\/\/turijnmagazijn.jumpstone-dev.nl\/","logo":{"@type":"ImageObject","inLanguage":"fr-FR","@id":"https:\/\/turijnmagazijn.jumpstone-dev.nl\/#\/schema\/logo\/image\/","url":"https:\/\/turijnmagazijn.nl\/wp-content\/uploads\/2021\/02\/turijnmagazijnlogo.png","contentUrl":"https:\/\/turijnmagazijn.nl\/wp-content\/uploads\/2021\/02\/turijnmagazijnlogo.png","width":555,"height":270,"caption":"Turijnmagazijn"},"image":{"@id":"https:\/\/turijnmagazijn.jumpstone-dev.nl\/#\/schema\/logo\/image\/"},"sameAs":["https:\/\/www.facebook.com\/turijnmagazijn"]}]}},"_links":{"self":[{"href":"https:\/\/turijnmagazijn.nl\/fr\/wp-json\/wp\/v2\/product\/62584","targetHints":{"allow":["GET"]}}],"collection":[{"href":"https:\/\/turijnmagazijn.nl\/fr\/wp-json\/wp\/v2\/product"}],"about":[{"href":"https:\/\/turijnmagazijn.nl\/fr\/wp-json\/wp\/v2\/types\/product"}],"replies":[{"embeddable":true,"href":"https:\/\/turijnmagazijn.nl\/fr\/wp-json\/wp\/v2\/comments?post=62584"}],"wp:featuredmedia":[{"embeddable":true,"href":"https:\/\/turijnmagazijn.nl\/fr\/wp-json\/wp\/v2\/media\/35768"}],"wp:attachment":[{"href":"https:\/\/turijnmagazijn.nl\/fr\/wp-json\/wp\/v2\/media?parent=62584"}],"wp:term":[{"taxonomy":"product_brand","embeddable":true,"href":"https:\/\/turijnmagazijn.nl\/fr\/wp-json\/wp\/v2\/product_brand?post=62584"},{"taxonomy":"product_cat","embeddable":true,"href":"https:\/\/turijnmagazijn.nl\/fr\/wp-json\/wp\/v2\/product_cat?post=62584"},{"taxonomy":"product_tag","embeddable":true,"href":"https:\/\/turijnmagazijn.nl\/fr\/wp-json\/wp\/v2\/product_tag?post=62584"}],"curies":[{"name":"wp","href":"https:\/\/api.w.org\/{rel}","templated":true}]}}