{"id":62926,"date":"2023-03-03T09:11:27","date_gmt":"2023-03-03T08:11:27","guid":{"rendered":"https:\/\/turijnmagazijn.nl\/product\/module-de-retroviseurs-exterieurs-electriques-alfa-156\/"},"modified":"2023-07-26T13:43:59","modified_gmt":"2023-07-26T11:43:59","slug":"electrique-retroviseur-exterieur-module-alfa-156","status":"publish","type":"product","link":"https:\/\/turijnmagazijn.nl\/fr\/produit\/electrique-retroviseur-exterieur-module-alfa-156\/","title":{"rendered":"Module de r\u00e9troviseurs ext\u00e9rieurs \u00e9lectriques Alfa 156"},"content":{"rendered":"<p>Module de r\u00e9troviseur ext\u00e9rieur c\u00f4t\u00e9 conducteur gauche pour berline Alfa 156. Ce module provient d\u2019une berline 156 construite en 1998 sans climatisation. L\u2019unit\u00e9 comprend les moteurs de r\u00e9glage pour le r\u00e9glage du miroir et le m\u00e9canisme de pliage. Est \u00e9quip\u00e9 d\u2019un c\u00e2blage pour le chauffage miroir, non \u00e9quip\u00e9 d\u2019un c\u00e2blage pour la climatisation du capteur de temp\u00e9rature!<\/p>\n<p>Equip\u00e9 d\u2019une connexion \u00e0 5 broches.<\/p>\n<p>Num\u00e9ro OEM Alfa Romeo <span style=\"color: #062d68; text-transform: uppercase; line-height: normal; font-family: Verdana; font-size: 10px; background-color: #e5e5e5;\">60779517<\/span><\/p>\n","protected":false},"excerpt":{"rendered":"<p>Module de r\u00e9troviseurs ext\u00e9rieurs \u00e9lectriques Alfa 156 &#8211; Module de r\u00e9troviseurs ext\u00e9rieurs c\u00f4t\u00e9 conducteur gauche pour berline Alfa 156. Module de r\u00e9troviseurs ext\u00e9rieurs \u00e9lectriques Alfa 156 &#8211; Module de r\u00e9troviseurs ext\u00e9rieurs c\u00f4t\u00e9 conducteur gauche pour berline Alfa 156.<\/p>\n","protected":false},"featured_media":37308,"comment_status":"closed","ping_status":"closed","template":"","meta":{"_acf_changed":false},"product_brand":[],"product_cat":[1613,1582],"product_tag":[],"class_list":{"0":"post-62926","1":"product","2":"type-product","3":"status-publish","4":"has-post-thumbnail","6":"product_cat-156-932-fr","7":"product_cat-alfa-romeo-fr","8":"pa_soort-onderdeel-electronique-et-cables","9":"pa_soort-onderdeel-miroirs","11":"first","12":"instock","13":"shipping-taxable","14":"purchasable","15":"product-type-simple"},"acf":[],"yoast_head":"<!-- This site is optimized with the Yoast SEO plugin v27.3 - https:\/\/yoast.com\/product\/yoast-seo-wordpress\/ -->\n<title>Module de r\u00e9troviseurs ext\u00e9rieurs \u00e9lectriques Alfa 156 - Turijnmagazijn<\/title>\n<meta name=\"robots\" content=\"index, follow, max-snippet:-1, max-image-preview:large, max-video-preview:-1\" \/>\n<link rel=\"canonical\" href=\"https:\/\/turijnmagazijn.nl\/fr\/produit\/electrique-retroviseur-exterieur-module-alfa-156\/\" \/>\n<meta property=\"og:locale\" content=\"fr_FR\" \/>\n<meta property=\"og:type\" content=\"article\" \/>\n<meta property=\"og:title\" content=\"Module de r\u00e9troviseurs ext\u00e9rieurs \u00e9lectriques Alfa 156 - Turijnmagazijn\" \/>\n<meta property=\"og:description\" content=\"Module de r\u00e9troviseurs ext\u00e9rieurs \u00e9lectriques Alfa 156 - Module de r\u00e9troviseurs ext\u00e9rieurs c\u00f4t\u00e9 conducteur gauche pour berline Alfa 156. Module de r\u00e9troviseurs ext\u00e9rieurs \u00e9lectriques Alfa 156 - Module de r\u00e9troviseurs ext\u00e9rieurs c\u00f4t\u00e9 conducteur gauche pour berline Alfa 156.\" \/>\n<meta property=\"og:url\" content=\"https:\/\/turijnmagazijn.nl\/fr\/produit\/electrique-retroviseur-exterieur-module-alfa-156\/\" \/>\n<meta property=\"og:site_name\" content=\"Turijnmagazijn\" \/>\n<meta property=\"article:publisher\" content=\"https:\/\/www.facebook.com\/turijnmagazijn\" \/>\n<meta property=\"article:modified_time\" content=\"2023-07-26T11:43:59+00:00\" \/>\n<meta property=\"og:image\" content=\"https:\/\/turijnmagazijn.jumpstone-dev.nl\/wp-content\/uploads\/2023\/03\/electrische-buitenspiegel-module-alfa-156-835.jpg\" \/>\n\t<meta property=\"og:image:width\" content=\"1440\" \/>\n\t<meta property=\"og:image:height\" content=\"1080\" \/>\n\t<meta property=\"og:image:type\" content=\"image\/jpeg\" \/>\n<meta name=\"twitter:card\" content=\"summary_large_image\" \/>\n<script type=\"application\/ld+json\" class=\"yoast-schema-graph\">{\"@context\":\"https:\\\/\\\/schema.org\",\"@graph\":[{\"@type\":\"WebPage\",\"@id\":\"https:\\\/\\\/turijnmagazijn.nl\\\/fr\\\/produit\\\/electrique-retroviseur-exterieur-module-alfa-156\\\/\",\"url\":\"https:\\\/\\\/turijnmagazijn.nl\\\/fr\\\/produit\\\/electrique-retroviseur-exterieur-module-alfa-156\\\/\",\"name\":\"Module de r\u00e9troviseurs ext\u00e9rieurs \u00e9lectriques Alfa 156 - Turijnmagazijn\",\"isPartOf\":{\"@id\":\"https:\\\/\\\/turijnmagazijn.jumpstone-dev.nl\\\/#website\"},\"primaryImageOfPage\":{\"@id\":\"https:\\\/\\\/turijnmagazijn.nl\\\/fr\\\/produit\\\/electrique-retroviseur-exterieur-module-alfa-156\\\/#primaryimage\"},\"image\":{\"@id\":\"https:\\\/\\\/turijnmagazijn.nl\\\/fr\\\/produit\\\/electrique-retroviseur-exterieur-module-alfa-156\\\/#primaryimage\"},\"thumbnailUrl\":\"https:\\\/\\\/turijnmagazijn.nl\\\/wp-content\\\/uploads\\\/2023\\\/03\\\/electrische-buitenspiegel-module-alfa-156-835.jpg\",\"datePublished\":\"2023-03-03T08:11:27+00:00\",\"dateModified\":\"2023-07-26T11:43:59+00:00\",\"breadcrumb\":{\"@id\":\"https:\\\/\\\/turijnmagazijn.nl\\\/fr\\\/produit\\\/electrique-retroviseur-exterieur-module-alfa-156\\\/#breadcrumb\"},\"inLanguage\":\"fr-FR\",\"potentialAction\":[{\"@type\":\"ReadAction\",\"target\":[\"https:\\\/\\\/turijnmagazijn.nl\\\/fr\\\/produit\\\/electrique-retroviseur-exterieur-module-alfa-156\\\/\"]}]},{\"@type\":\"ImageObject\",\"inLanguage\":\"fr-FR\",\"@id\":\"https:\\\/\\\/turijnmagazijn.nl\\\/fr\\\/produit\\\/electrique-retroviseur-exterieur-module-alfa-156\\\/#primaryimage\",\"url\":\"https:\\\/\\\/turijnmagazijn.nl\\\/wp-content\\\/uploads\\\/2023\\\/03\\\/electrische-buitenspiegel-module-alfa-156-835.jpg\",\"contentUrl\":\"https:\\\/\\\/turijnmagazijn.nl\\\/wp-content\\\/uploads\\\/2023\\\/03\\\/electrische-buitenspiegel-module-alfa-156-835.jpg\",\"width\":1440,\"height\":1080},{\"@type\":\"BreadcrumbList\",\"@id\":\"https:\\\/\\\/turijnmagazijn.nl\\\/fr\\\/produit\\\/electrique-retroviseur-exterieur-module-alfa-156\\\/#breadcrumb\",\"itemListElement\":[{\"@type\":\"ListItem\",\"position\":1,\"name\":\"Home\",\"item\":\"https:\\\/\\\/turijnmagazijn.nl\\\/fr\\\/\"},{\"@type\":\"ListItem\",\"position\":2,\"name\":\"Produits\",\"item\":\"https:\\\/\\\/turijnmagazijn.nl\\\/fr\\\/shop\\\/\"},{\"@type\":\"ListItem\",\"position\":3,\"name\":\"Module de r\u00e9troviseurs ext\u00e9rieurs \u00e9lectriques Alfa 156\"}]},{\"@type\":\"WebSite\",\"@id\":\"https:\\\/\\\/turijnmagazijn.jumpstone-dev.nl\\\/#website\",\"url\":\"https:\\\/\\\/turijnmagazijn.jumpstone-dev.nl\\\/\",\"name\":\"Turijnmagazijn\",\"description\":\"Onderdelen nieuw en gebruikt - Fiat &amp; Lancia\",\"publisher\":{\"@id\":\"https:\\\/\\\/turijnmagazijn.jumpstone-dev.nl\\\/#organization\"},\"potentialAction\":[{\"@type\":\"SearchAction\",\"target\":{\"@type\":\"EntryPoint\",\"urlTemplate\":\"https:\\\/\\\/turijnmagazijn.jumpstone-dev.nl\\\/?s={search_term_string}\"},\"query-input\":{\"@type\":\"PropertyValueSpecification\",\"valueRequired\":true,\"valueName\":\"search_term_string\"}}],\"inLanguage\":\"fr-FR\"},{\"@type\":\"Organization\",\"@id\":\"https:\\\/\\\/turijnmagazijn.jumpstone-dev.nl\\\/#organization\",\"name\":\"Turijnmagazijn\",\"url\":\"https:\\\/\\\/turijnmagazijn.jumpstone-dev.nl\\\/\",\"logo\":{\"@type\":\"ImageObject\",\"inLanguage\":\"fr-FR\",\"@id\":\"https:\\\/\\\/turijnmagazijn.jumpstone-dev.nl\\\/#\\\/schema\\\/logo\\\/image\\\/\",\"url\":\"https:\\\/\\\/turijnmagazijn.nl\\\/wp-content\\\/uploads\\\/2021\\\/02\\\/turijnmagazijnlogo.png\",\"contentUrl\":\"https:\\\/\\\/turijnmagazijn.nl\\\/wp-content\\\/uploads\\\/2021\\\/02\\\/turijnmagazijnlogo.png\",\"width\":555,\"height\":270,\"caption\":\"Turijnmagazijn\"},\"image\":{\"@id\":\"https:\\\/\\\/turijnmagazijn.jumpstone-dev.nl\\\/#\\\/schema\\\/logo\\\/image\\\/\"},\"sameAs\":[\"https:\\\/\\\/www.facebook.com\\\/turijnmagazijn\"]}]}<\/script>\n<!-- \/ Yoast SEO plugin. -->","yoast_head_json":{"title":"Module de r\u00e9troviseurs ext\u00e9rieurs \u00e9lectriques Alfa 156 - Turijnmagazijn","robots":{"index":"index","follow":"follow","max-snippet":"max-snippet:-1","max-image-preview":"max-image-preview:large","max-video-preview":"max-video-preview:-1"},"canonical":"https:\/\/turijnmagazijn.nl\/fr\/produit\/electrique-retroviseur-exterieur-module-alfa-156\/","og_locale":"fr_FR","og_type":"article","og_title":"Module de r\u00e9troviseurs ext\u00e9rieurs \u00e9lectriques Alfa 156 - Turijnmagazijn","og_description":"Module de r\u00e9troviseurs ext\u00e9rieurs \u00e9lectriques Alfa 156 - Module de r\u00e9troviseurs ext\u00e9rieurs c\u00f4t\u00e9 conducteur gauche pour berline Alfa 156. Module de r\u00e9troviseurs ext\u00e9rieurs \u00e9lectriques Alfa 156 - Module de r\u00e9troviseurs ext\u00e9rieurs c\u00f4t\u00e9 conducteur gauche pour berline Alfa 156.","og_url":"https:\/\/turijnmagazijn.nl\/fr\/produit\/electrique-retroviseur-exterieur-module-alfa-156\/","og_site_name":"Turijnmagazijn","article_publisher":"https:\/\/www.facebook.com\/turijnmagazijn","article_modified_time":"2023-07-26T11:43:59+00:00","og_image":[{"width":1440,"height":1080,"url":"https:\/\/turijnmagazijn.jumpstone-dev.nl\/wp-content\/uploads\/2023\/03\/electrische-buitenspiegel-module-alfa-156-835.jpg","type":"image\/jpeg"}],"twitter_card":"summary_large_image","schema":{"@context":"https:\/\/schema.org","@graph":[{"@type":"WebPage","@id":"https:\/\/turijnmagazijn.nl\/fr\/produit\/electrique-retroviseur-exterieur-module-alfa-156\/","url":"https:\/\/turijnmagazijn.nl\/fr\/produit\/electrique-retroviseur-exterieur-module-alfa-156\/","name":"Module de r\u00e9troviseurs ext\u00e9rieurs \u00e9lectriques Alfa 156 - Turijnmagazijn","isPartOf":{"@id":"https:\/\/turijnmagazijn.jumpstone-dev.nl\/#website"},"primaryImageOfPage":{"@id":"https:\/\/turijnmagazijn.nl\/fr\/produit\/electrique-retroviseur-exterieur-module-alfa-156\/#primaryimage"},"image":{"@id":"https:\/\/turijnmagazijn.nl\/fr\/produit\/electrique-retroviseur-exterieur-module-alfa-156\/#primaryimage"},"thumbnailUrl":"https:\/\/turijnmagazijn.nl\/wp-content\/uploads\/2023\/03\/electrische-buitenspiegel-module-alfa-156-835.jpg","datePublished":"2023-03-03T08:11:27+00:00","dateModified":"2023-07-26T11:43:59+00:00","breadcrumb":{"@id":"https:\/\/turijnmagazijn.nl\/fr\/produit\/electrique-retroviseur-exterieur-module-alfa-156\/#breadcrumb"},"inLanguage":"fr-FR","potentialAction":[{"@type":"ReadAction","target":["https:\/\/turijnmagazijn.nl\/fr\/produit\/electrique-retroviseur-exterieur-module-alfa-156\/"]}]},{"@type":"ImageObject","inLanguage":"fr-FR","@id":"https:\/\/turijnmagazijn.nl\/fr\/produit\/electrique-retroviseur-exterieur-module-alfa-156\/#primaryimage","url":"https:\/\/turijnmagazijn.nl\/wp-content\/uploads\/2023\/03\/electrische-buitenspiegel-module-alfa-156-835.jpg","contentUrl":"https:\/\/turijnmagazijn.nl\/wp-content\/uploads\/2023\/03\/electrische-buitenspiegel-module-alfa-156-835.jpg","width":1440,"height":1080},{"@type":"BreadcrumbList","@id":"https:\/\/turijnmagazijn.nl\/fr\/produit\/electrique-retroviseur-exterieur-module-alfa-156\/#breadcrumb","itemListElement":[{"@type":"ListItem","position":1,"name":"Home","item":"https:\/\/turijnmagazijn.nl\/fr\/"},{"@type":"ListItem","position":2,"name":"Produits","item":"https:\/\/turijnmagazijn.nl\/fr\/shop\/"},{"@type":"ListItem","position":3,"name":"Module de r\u00e9troviseurs ext\u00e9rieurs \u00e9lectriques Alfa 156"}]},{"@type":"WebSite","@id":"https:\/\/turijnmagazijn.jumpstone-dev.nl\/#website","url":"https:\/\/turijnmagazijn.jumpstone-dev.nl\/","name":"Turijnmagazijn","description":"Onderdelen nieuw en gebruikt - Fiat &amp; Lancia","publisher":{"@id":"https:\/\/turijnmagazijn.jumpstone-dev.nl\/#organization"},"potentialAction":[{"@type":"SearchAction","target":{"@type":"EntryPoint","urlTemplate":"https:\/\/turijnmagazijn.jumpstone-dev.nl\/?s={search_term_string}"},"query-input":{"@type":"PropertyValueSpecification","valueRequired":true,"valueName":"search_term_string"}}],"inLanguage":"fr-FR"},{"@type":"Organization","@id":"https:\/\/turijnmagazijn.jumpstone-dev.nl\/#organization","name":"Turijnmagazijn","url":"https:\/\/turijnmagazijn.jumpstone-dev.nl\/","logo":{"@type":"ImageObject","inLanguage":"fr-FR","@id":"https:\/\/turijnmagazijn.jumpstone-dev.nl\/#\/schema\/logo\/image\/","url":"https:\/\/turijnmagazijn.nl\/wp-content\/uploads\/2021\/02\/turijnmagazijnlogo.png","contentUrl":"https:\/\/turijnmagazijn.nl\/wp-content\/uploads\/2021\/02\/turijnmagazijnlogo.png","width":555,"height":270,"caption":"Turijnmagazijn"},"image":{"@id":"https:\/\/turijnmagazijn.jumpstone-dev.nl\/#\/schema\/logo\/image\/"},"sameAs":["https:\/\/www.facebook.com\/turijnmagazijn"]}]}},"_links":{"self":[{"href":"https:\/\/turijnmagazijn.nl\/fr\/wp-json\/wp\/v2\/product\/62926","targetHints":{"allow":["GET"]}}],"collection":[{"href":"https:\/\/turijnmagazijn.nl\/fr\/wp-json\/wp\/v2\/product"}],"about":[{"href":"https:\/\/turijnmagazijn.nl\/fr\/wp-json\/wp\/v2\/types\/product"}],"replies":[{"embeddable":true,"href":"https:\/\/turijnmagazijn.nl\/fr\/wp-json\/wp\/v2\/comments?post=62926"}],"wp:featuredmedia":[{"embeddable":true,"href":"https:\/\/turijnmagazijn.nl\/fr\/wp-json\/wp\/v2\/media\/37308"}],"wp:attachment":[{"href":"https:\/\/turijnmagazijn.nl\/fr\/wp-json\/wp\/v2\/media?parent=62926"}],"wp:term":[{"taxonomy":"product_brand","embeddable":true,"href":"https:\/\/turijnmagazijn.nl\/fr\/wp-json\/wp\/v2\/product_brand?post=62926"},{"taxonomy":"product_cat","embeddable":true,"href":"https:\/\/turijnmagazijn.nl\/fr\/wp-json\/wp\/v2\/product_cat?post=62926"},{"taxonomy":"product_tag","embeddable":true,"href":"https:\/\/turijnmagazijn.nl\/fr\/wp-json\/wp\/v2\/product_tag?post=62926"}],"curies":[{"name":"wp","href":"https:\/\/api.w.org\/{rel}","templated":true}]}}