{"id":63032,"date":"2023-03-03T09:12:07","date_gmt":"2023-03-03T08:12:07","guid":{"rendered":"https:\/\/turijnmagazijn.nl\/product\/ecu-ordinateur-de-gestion-du-moteur-alfa-33-1-5-i-e\/"},"modified":"2023-07-26T13:46:55","modified_gmt":"2023-07-26T11:46:55","slug":"ecu-engine-management-computer-alfa-33-1-5-i-e","status":"publish","type":"product","link":"https:\/\/turijnmagazijn.nl\/fr\/produit\/ecu-engine-management-computer-alfa-33-1-5-i-e\/","title":{"rendered":"ECU ordinateur de gestion du moteur Alfa 33 &#8211; 1.5 I.E."},"content":{"rendered":"<p>Calculateur de gestion du moteur \u00e0 montage sur le d\u00e9bitm\u00e8tre massique d\u2019air d\u2019une Alfa Romeo 33 \u00e9quip\u00e9e d\u2019un moteur essence de 1,5 UI. L\u2019appareil fonctionne bien et est \u00e9quip\u00e9 d\u2019une connexion \u00e0 15 broches.<\/p>\n<p>Inscriptions sur l\u2019unit\u00e9:<br \/>BOSCH<br \/>JETRONIC<br \/>0 280 000 615<br \/>Fabriqu\u00e9 en Allemagne<br \/>164 18<br \/>28RT7767<br \/>6318 00443<\/p>\n<p>Num\u00e9ro OEM Alfa Romeo 0 280 000 615<\/p>\n","protected":false},"excerpt":{"rendered":"<p>Calculateur de gestion de moteur ECU Alfa 33 &#8211; 1.5 \/ 1.7 &#8211; ECU ordinateur de gestion du moteur pour montage sur le d\u00e9bitm\u00e8tre d\u2019air massique pour une Alfa Romeo 33 \u00e9quip\u00e9 d\u2019un ordinateur de gestion de moteur 1.ECU Alfa 33 &#8211; 1.5 C.-I. &#8211; Calculateur de gestion du moteur pour montage sur l\u2019air<\/p>\n","protected":false},"featured_media":38064,"comment_status":"open","ping_status":"closed","template":"","meta":{"_acf_changed":false},"product_brand":[],"product_cat":[1588,1582],"product_tag":[],"class_list":{"0":"post-63032","1":"product","2":"type-product","3":"status-publish","4":"has-post-thumbnail","6":"product_cat-33-905-fr","7":"product_cat-alfa-romeo-fr","8":"pa_soort-onderdeel-moteur-et-accessoires","9":"pa_soort-onderdeel-systemes-de-carburant","11":"first","12":"instock","13":"shipping-taxable","14":"purchasable","15":"product-type-simple"},"acf":[],"yoast_head":"<!-- This site is optimized with the Yoast SEO plugin v27.3 - https:\/\/yoast.com\/product\/yoast-seo-wordpress\/ -->\n<title>ECU ordinateur de gestion du moteur Alfa 33 - 1.5 I.E. - Turijnmagazijn<\/title>\n<meta name=\"robots\" content=\"index, follow, max-snippet:-1, max-image-preview:large, max-video-preview:-1\" \/>\n<link rel=\"canonical\" href=\"https:\/\/turijnmagazijn.nl\/fr\/produit\/ecu-engine-management-computer-alfa-33-1-5-i-e\/\" \/>\n<meta property=\"og:locale\" content=\"fr_FR\" \/>\n<meta property=\"og:type\" content=\"article\" \/>\n<meta property=\"og:title\" content=\"ECU ordinateur de gestion du moteur Alfa 33 - 1.5 I.E. - Turijnmagazijn\" \/>\n<meta property=\"og:description\" content=\"Calculateur de gestion de moteur ECU Alfa 33 - 1.5 \/ 1.7 - ECU ordinateur de gestion du moteur pour montage sur le d\u00e9bitm\u00e8tre d\u2019air massique pour une Alfa Romeo 33 \u00e9quip\u00e9 d\u2019un ordinateur de gestion de moteur 1.ECU Alfa 33 - 1.5 C.-I. - Calculateur de gestion du moteur pour montage sur l\u2019air\" \/>\n<meta property=\"og:url\" content=\"https:\/\/turijnmagazijn.nl\/fr\/produit\/ecu-engine-management-computer-alfa-33-1-5-i-e\/\" \/>\n<meta property=\"og:site_name\" content=\"Turijnmagazijn\" \/>\n<meta property=\"article:publisher\" content=\"https:\/\/www.facebook.com\/turijnmagazijn\" \/>\n<meta property=\"article:modified_time\" content=\"2023-07-26T11:46:55+00:00\" \/>\n<meta property=\"og:image\" content=\"https:\/\/turijnmagazijn.jumpstone-dev.nl\/wp-content\/uploads\/2023\/03\/Dk0010090820ECU20motormanagement20computer20Alfa203320-201.520I.E20520Large.jpg\" \/>\n\t<meta property=\"og:image:width\" content=\"1440\" \/>\n\t<meta property=\"og:image:height\" content=\"1080\" \/>\n\t<meta property=\"og:image:type\" content=\"image\/jpeg\" \/>\n<meta name=\"twitter:card\" content=\"summary_large_image\" \/>\n<script type=\"application\/ld+json\" class=\"yoast-schema-graph\">{\"@context\":\"https:\\\/\\\/schema.org\",\"@graph\":[{\"@type\":\"WebPage\",\"@id\":\"https:\\\/\\\/turijnmagazijn.nl\\\/fr\\\/produit\\\/ecu-engine-management-computer-alfa-33-1-5-i-e\\\/\",\"url\":\"https:\\\/\\\/turijnmagazijn.nl\\\/fr\\\/produit\\\/ecu-engine-management-computer-alfa-33-1-5-i-e\\\/\",\"name\":\"ECU ordinateur de gestion du moteur Alfa 33 - 1.5 I.E. - Turijnmagazijn\",\"isPartOf\":{\"@id\":\"https:\\\/\\\/turijnmagazijn.jumpstone-dev.nl\\\/#website\"},\"primaryImageOfPage\":{\"@id\":\"https:\\\/\\\/turijnmagazijn.nl\\\/fr\\\/produit\\\/ecu-engine-management-computer-alfa-33-1-5-i-e\\\/#primaryimage\"},\"image\":{\"@id\":\"https:\\\/\\\/turijnmagazijn.nl\\\/fr\\\/produit\\\/ecu-engine-management-computer-alfa-33-1-5-i-e\\\/#primaryimage\"},\"thumbnailUrl\":\"https:\\\/\\\/turijnmagazijn.nl\\\/wp-content\\\/uploads\\\/2023\\\/03\\\/Dk0010090820ECU20motormanagement20computer20Alfa203320-201.520I.E20520Large.jpg\",\"datePublished\":\"2023-03-03T08:12:07+00:00\",\"dateModified\":\"2023-07-26T11:46:55+00:00\",\"breadcrumb\":{\"@id\":\"https:\\\/\\\/turijnmagazijn.nl\\\/fr\\\/produit\\\/ecu-engine-management-computer-alfa-33-1-5-i-e\\\/#breadcrumb\"},\"inLanguage\":\"fr-FR\",\"potentialAction\":[{\"@type\":\"ReadAction\",\"target\":[\"https:\\\/\\\/turijnmagazijn.nl\\\/fr\\\/produit\\\/ecu-engine-management-computer-alfa-33-1-5-i-e\\\/\"]}]},{\"@type\":\"ImageObject\",\"inLanguage\":\"fr-FR\",\"@id\":\"https:\\\/\\\/turijnmagazijn.nl\\\/fr\\\/produit\\\/ecu-engine-management-computer-alfa-33-1-5-i-e\\\/#primaryimage\",\"url\":\"https:\\\/\\\/turijnmagazijn.nl\\\/wp-content\\\/uploads\\\/2023\\\/03\\\/Dk0010090820ECU20motormanagement20computer20Alfa203320-201.520I.E20520Large.jpg\",\"contentUrl\":\"https:\\\/\\\/turijnmagazijn.nl\\\/wp-content\\\/uploads\\\/2023\\\/03\\\/Dk0010090820ECU20motormanagement20computer20Alfa203320-201.520I.E20520Large.jpg\",\"width\":1440,\"height\":1080},{\"@type\":\"BreadcrumbList\",\"@id\":\"https:\\\/\\\/turijnmagazijn.nl\\\/fr\\\/produit\\\/ecu-engine-management-computer-alfa-33-1-5-i-e\\\/#breadcrumb\",\"itemListElement\":[{\"@type\":\"ListItem\",\"position\":1,\"name\":\"Home\",\"item\":\"https:\\\/\\\/turijnmagazijn.nl\\\/fr\\\/\"},{\"@type\":\"ListItem\",\"position\":2,\"name\":\"Produits\",\"item\":\"https:\\\/\\\/turijnmagazijn.nl\\\/fr\\\/shop\\\/\"},{\"@type\":\"ListItem\",\"position\":3,\"name\":\"ECU ordinateur de gestion du moteur Alfa 33 &#8211; 1.5 I.E.\"}]},{\"@type\":\"WebSite\",\"@id\":\"https:\\\/\\\/turijnmagazijn.jumpstone-dev.nl\\\/#website\",\"url\":\"https:\\\/\\\/turijnmagazijn.jumpstone-dev.nl\\\/\",\"name\":\"Turijnmagazijn\",\"description\":\"Onderdelen nieuw en gebruikt - Fiat &amp; Lancia\",\"publisher\":{\"@id\":\"https:\\\/\\\/turijnmagazijn.jumpstone-dev.nl\\\/#organization\"},\"potentialAction\":[{\"@type\":\"SearchAction\",\"target\":{\"@type\":\"EntryPoint\",\"urlTemplate\":\"https:\\\/\\\/turijnmagazijn.jumpstone-dev.nl\\\/?s={search_term_string}\"},\"query-input\":{\"@type\":\"PropertyValueSpecification\",\"valueRequired\":true,\"valueName\":\"search_term_string\"}}],\"inLanguage\":\"fr-FR\"},{\"@type\":\"Organization\",\"@id\":\"https:\\\/\\\/turijnmagazijn.jumpstone-dev.nl\\\/#organization\",\"name\":\"Turijnmagazijn\",\"url\":\"https:\\\/\\\/turijnmagazijn.jumpstone-dev.nl\\\/\",\"logo\":{\"@type\":\"ImageObject\",\"inLanguage\":\"fr-FR\",\"@id\":\"https:\\\/\\\/turijnmagazijn.jumpstone-dev.nl\\\/#\\\/schema\\\/logo\\\/image\\\/\",\"url\":\"https:\\\/\\\/turijnmagazijn.nl\\\/wp-content\\\/uploads\\\/2021\\\/02\\\/turijnmagazijnlogo.png\",\"contentUrl\":\"https:\\\/\\\/turijnmagazijn.nl\\\/wp-content\\\/uploads\\\/2021\\\/02\\\/turijnmagazijnlogo.png\",\"width\":555,\"height\":270,\"caption\":\"Turijnmagazijn\"},\"image\":{\"@id\":\"https:\\\/\\\/turijnmagazijn.jumpstone-dev.nl\\\/#\\\/schema\\\/logo\\\/image\\\/\"},\"sameAs\":[\"https:\\\/\\\/www.facebook.com\\\/turijnmagazijn\"]}]}<\/script>\n<!-- \/ Yoast SEO plugin. -->","yoast_head_json":{"title":"ECU ordinateur de gestion du moteur Alfa 33 - 1.5 I.E. - Turijnmagazijn","robots":{"index":"index","follow":"follow","max-snippet":"max-snippet:-1","max-image-preview":"max-image-preview:large","max-video-preview":"max-video-preview:-1"},"canonical":"https:\/\/turijnmagazijn.nl\/fr\/produit\/ecu-engine-management-computer-alfa-33-1-5-i-e\/","og_locale":"fr_FR","og_type":"article","og_title":"ECU ordinateur de gestion du moteur Alfa 33 - 1.5 I.E. - Turijnmagazijn","og_description":"Calculateur de gestion de moteur ECU Alfa 33 - 1.5 \/ 1.7 - ECU ordinateur de gestion du moteur pour montage sur le d\u00e9bitm\u00e8tre d\u2019air massique pour une Alfa Romeo 33 \u00e9quip\u00e9 d\u2019un ordinateur de gestion de moteur 1.ECU Alfa 33 - 1.5 C.-I. - Calculateur de gestion du moteur pour montage sur l\u2019air","og_url":"https:\/\/turijnmagazijn.nl\/fr\/produit\/ecu-engine-management-computer-alfa-33-1-5-i-e\/","og_site_name":"Turijnmagazijn","article_publisher":"https:\/\/www.facebook.com\/turijnmagazijn","article_modified_time":"2023-07-26T11:46:55+00:00","og_image":[{"width":1440,"height":1080,"url":"https:\/\/turijnmagazijn.jumpstone-dev.nl\/wp-content\/uploads\/2023\/03\/Dk0010090820ECU20motormanagement20computer20Alfa203320-201.520I.E20520Large.jpg","type":"image\/jpeg"}],"twitter_card":"summary_large_image","schema":{"@context":"https:\/\/schema.org","@graph":[{"@type":"WebPage","@id":"https:\/\/turijnmagazijn.nl\/fr\/produit\/ecu-engine-management-computer-alfa-33-1-5-i-e\/","url":"https:\/\/turijnmagazijn.nl\/fr\/produit\/ecu-engine-management-computer-alfa-33-1-5-i-e\/","name":"ECU ordinateur de gestion du moteur Alfa 33 - 1.5 I.E. - Turijnmagazijn","isPartOf":{"@id":"https:\/\/turijnmagazijn.jumpstone-dev.nl\/#website"},"primaryImageOfPage":{"@id":"https:\/\/turijnmagazijn.nl\/fr\/produit\/ecu-engine-management-computer-alfa-33-1-5-i-e\/#primaryimage"},"image":{"@id":"https:\/\/turijnmagazijn.nl\/fr\/produit\/ecu-engine-management-computer-alfa-33-1-5-i-e\/#primaryimage"},"thumbnailUrl":"https:\/\/turijnmagazijn.nl\/wp-content\/uploads\/2023\/03\/Dk0010090820ECU20motormanagement20computer20Alfa203320-201.520I.E20520Large.jpg","datePublished":"2023-03-03T08:12:07+00:00","dateModified":"2023-07-26T11:46:55+00:00","breadcrumb":{"@id":"https:\/\/turijnmagazijn.nl\/fr\/produit\/ecu-engine-management-computer-alfa-33-1-5-i-e\/#breadcrumb"},"inLanguage":"fr-FR","potentialAction":[{"@type":"ReadAction","target":["https:\/\/turijnmagazijn.nl\/fr\/produit\/ecu-engine-management-computer-alfa-33-1-5-i-e\/"]}]},{"@type":"ImageObject","inLanguage":"fr-FR","@id":"https:\/\/turijnmagazijn.nl\/fr\/produit\/ecu-engine-management-computer-alfa-33-1-5-i-e\/#primaryimage","url":"https:\/\/turijnmagazijn.nl\/wp-content\/uploads\/2023\/03\/Dk0010090820ECU20motormanagement20computer20Alfa203320-201.520I.E20520Large.jpg","contentUrl":"https:\/\/turijnmagazijn.nl\/wp-content\/uploads\/2023\/03\/Dk0010090820ECU20motormanagement20computer20Alfa203320-201.520I.E20520Large.jpg","width":1440,"height":1080},{"@type":"BreadcrumbList","@id":"https:\/\/turijnmagazijn.nl\/fr\/produit\/ecu-engine-management-computer-alfa-33-1-5-i-e\/#breadcrumb","itemListElement":[{"@type":"ListItem","position":1,"name":"Home","item":"https:\/\/turijnmagazijn.nl\/fr\/"},{"@type":"ListItem","position":2,"name":"Produits","item":"https:\/\/turijnmagazijn.nl\/fr\/shop\/"},{"@type":"ListItem","position":3,"name":"ECU ordinateur de gestion du moteur Alfa 33 &#8211; 1.5 I.E."}]},{"@type":"WebSite","@id":"https:\/\/turijnmagazijn.jumpstone-dev.nl\/#website","url":"https:\/\/turijnmagazijn.jumpstone-dev.nl\/","name":"Turijnmagazijn","description":"Onderdelen nieuw en gebruikt - Fiat &amp; Lancia","publisher":{"@id":"https:\/\/turijnmagazijn.jumpstone-dev.nl\/#organization"},"potentialAction":[{"@type":"SearchAction","target":{"@type":"EntryPoint","urlTemplate":"https:\/\/turijnmagazijn.jumpstone-dev.nl\/?s={search_term_string}"},"query-input":{"@type":"PropertyValueSpecification","valueRequired":true,"valueName":"search_term_string"}}],"inLanguage":"fr-FR"},{"@type":"Organization","@id":"https:\/\/turijnmagazijn.jumpstone-dev.nl\/#organization","name":"Turijnmagazijn","url":"https:\/\/turijnmagazijn.jumpstone-dev.nl\/","logo":{"@type":"ImageObject","inLanguage":"fr-FR","@id":"https:\/\/turijnmagazijn.jumpstone-dev.nl\/#\/schema\/logo\/image\/","url":"https:\/\/turijnmagazijn.nl\/wp-content\/uploads\/2021\/02\/turijnmagazijnlogo.png","contentUrl":"https:\/\/turijnmagazijn.nl\/wp-content\/uploads\/2021\/02\/turijnmagazijnlogo.png","width":555,"height":270,"caption":"Turijnmagazijn"},"image":{"@id":"https:\/\/turijnmagazijn.jumpstone-dev.nl\/#\/schema\/logo\/image\/"},"sameAs":["https:\/\/www.facebook.com\/turijnmagazijn"]}]}},"_links":{"self":[{"href":"https:\/\/turijnmagazijn.nl\/fr\/wp-json\/wp\/v2\/product\/63032","targetHints":{"allow":["GET"]}}],"collection":[{"href":"https:\/\/turijnmagazijn.nl\/fr\/wp-json\/wp\/v2\/product"}],"about":[{"href":"https:\/\/turijnmagazijn.nl\/fr\/wp-json\/wp\/v2\/types\/product"}],"replies":[{"embeddable":true,"href":"https:\/\/turijnmagazijn.nl\/fr\/wp-json\/wp\/v2\/comments?post=63032"}],"wp:featuredmedia":[{"embeddable":true,"href":"https:\/\/turijnmagazijn.nl\/fr\/wp-json\/wp\/v2\/media\/38064"}],"wp:attachment":[{"href":"https:\/\/turijnmagazijn.nl\/fr\/wp-json\/wp\/v2\/media?parent=63032"}],"wp:term":[{"taxonomy":"product_brand","embeddable":true,"href":"https:\/\/turijnmagazijn.nl\/fr\/wp-json\/wp\/v2\/product_brand?post=63032"},{"taxonomy":"product_cat","embeddable":true,"href":"https:\/\/turijnmagazijn.nl\/fr\/wp-json\/wp\/v2\/product_cat?post=63032"},{"taxonomy":"product_tag","embeddable":true,"href":"https:\/\/turijnmagazijn.nl\/fr\/wp-json\/wp\/v2\/product_tag?post=63032"}],"curies":[{"name":"wp","href":"https:\/\/api.w.org\/{rel}","templated":true}]}}