{"id":63093,"date":"2023-03-03T09:12:08","date_gmt":"2023-03-03T08:12:08","guid":{"rendered":"https:\/\/turijnmagazijn.nl\/product\/capteur-de-pression-dhuile-alfa-romeo-et-fiat\/"},"modified":"2024-04-22T22:17:56","modified_gmt":"2024-04-22T20:17:56","slug":"capteur-de-pression-dhuile-alpha-romeo-en-fiat-2","status":"publish","type":"product","link":"https:\/\/turijnmagazijn.nl\/fr\/produit\/capteur-de-pression-dhuile-alpha-romeo-en-fiat-2\/","title":{"rendered":"Capteur de pression d\u2019huile Alfa Romeo et Fiat"},"content":{"rendered":"<p><a style=\"background-color: #ffffff; color: #23527c; outline: 0px;\" href=\"https:\/\/turijnmagazijn.nl\/brievenbusverzending\/\" target=\"\" rel=\"noopener\"><img decoding=\"async\" src=\"https:\/\/www.delenkorf.nl\/image\/catalog\/brievenbus.png\"><\/a><\/p>\n<p>Capteur de pression d\u2019huile de Sipea largement utilis\u00e9 dans les mod\u00e8les d\u2019Alfa Romeo et Fiat. Cette unit\u00e9 provient d\u2019une Alfa Romeo 156 construite en 1998 avec un moteur essence 1.8 Twin Spark. Le capteur est applicable \u00e0 une large gamme de types, y compris :<\/p>\n<ul>\n<li>Fiat <span style=\"text-align: justify;\">COUPE 1.8 2.0 16v &amp; 20v &amp; Turbo<\/span>.<\/li>\n<\/ul>\n<ul>\n<li><span style=\"text-align: justify;\">Alfa Romeo <\/span><span style=\"text-align: justify;\">147 1.6 2.0 Twin Spark 3.2 GTA 1.9Jtd et <\/span> <\/li>\n<\/ul>\n<ul>\n<li><span style=\"text-align: justify;\">Alfa Romeo 156 1.6 1.8 2.0 TwinSpark 2.5 V6 3.2 GTA 1.9Jtd 2.4Jtd et  <\/span><\/li>\n<\/ul>\n<ul>\n<li><span style=\"text-align: justify;\">Alfa Romeo 1<\/span><span style=\"text-align: justify;\">59 1.9Jtdm 8v &amp; 16v 2.4Jtdm et <\/span> <\/li>\n<\/ul>\n<ul>\n<li><span style=\"text-align: justify;\">Alfa Romeo 166 2.0 TS 2.5 3.0 3.2 V6 2.4Jtd et  <\/span><\/li>\n<\/ul>\n<ul>\n<li><span style=\"text-align: justify;\">Alfa Romeo Alfa GT 1.8 TS 2.0JTS 3.2 GTA 1.9Jtd et  <\/span><\/li>\n<\/ul>\n<ul>\n<li><span style=\"text-align: justify;\">Alfa Romeo GTV (916) 1.8 2.0 TwinSpark 2.0JTS 3.0 3.2 V6 et  <\/span><\/li>\n<\/ul>\n<ul>\n<li><span style=\"text-align: justify;\">Alfa Romeo MITO 1.4 tb 1.6Jtdm et  <\/span><\/li>\n<\/ul>\n<ul>\n<li><span style=\"text-align: justify;\">Alfa Romeo SPIDER (916) 1.8 2.0 TwinSpark 2.0Jts 3.0 3.2 V6 2.4Jtdm<\/span><\/li>\n<\/ul>\n<p><span style=\"text-align: justify;\">Num\u00e9ro OEM Alfa Romeo et Fiat <\/span>7705830<\/p>\n<p>Pi\u00e8ce num\u00e9ro 1 sur le dessin technique de l&rsquo;EPER, num\u00e9ro de dessin 1030100004. Une copie est requise par voiture.<\/p>\n","protected":false},"excerpt":{"rendered":"<p>Capteur de pression d\u2019huile Alfa Romeo et Fiat &#8211; Capteur de pression d\u2019huile largement utilis\u00e9 dans les mod\u00e8les d\u2019Alfa Romeo et Fiat.Capteur de pression d\u2019huile Alfa Romeo et Fiat &#8211; Capteur de pression d\u2019huile de Sipea largement utilis\u00e9 dans les mod\u00e8les d\u2019Alfa Romeo et Fiat.<\/p>\n","protected":false},"featured_media":35980,"comment_status":"open","ping_status":"closed","template":"","meta":{"_acf_changed":false},"product_brand":[],"product_cat":[1606,1613,1650,1582],"product_tag":[],"class_list":{"0":"post-63093","1":"product","2":"type-product","3":"status-publish","4":"has-post-thumbnail","6":"product_cat-147-937-fr","7":"product_cat-156-932-fr","8":"product_cat-166-936-fr","9":"product_cat-alfa-romeo-fr","10":"pa_soort-onderdeel-moteur-et-accessoires","12":"first","13":"instock","14":"shipping-taxable","15":"purchasable","16":"product-type-simple"},"acf":[],"yoast_head":"<!-- This site is optimized with the Yoast SEO plugin v27.2 - https:\/\/yoast.com\/product\/yoast-seo-wordpress\/ -->\n<title>Capteur de pression d\u2019huile Alfa Romeo et Fiat - Turijnmagazijn<\/title>\n<meta name=\"robots\" content=\"index, follow, max-snippet:-1, max-image-preview:large, max-video-preview:-1\" \/>\n<link rel=\"canonical\" href=\"https:\/\/turijnmagazijn.nl\/fr\/produit\/capteur-de-pression-dhuile-alpha-romeo-en-fiat-2\/\" \/>\n<meta property=\"og:locale\" content=\"fr_FR\" \/>\n<meta property=\"og:type\" content=\"article\" \/>\n<meta property=\"og:title\" content=\"Capteur de pression d\u2019huile Alfa Romeo et Fiat - Turijnmagazijn\" \/>\n<meta property=\"og:description\" content=\"Capteur de pression d\u2019huile Alfa Romeo et Fiat - Capteur de pression d\u2019huile largement utilis\u00e9 dans les mod\u00e8les d\u2019Alfa Romeo et Fiat.Capteur de pression d\u2019huile Alfa Romeo et Fiat - Capteur de pression d\u2019huile de Sipea largement utilis\u00e9 dans les mod\u00e8les d\u2019Alfa Romeo et Fiat.\" \/>\n<meta property=\"og:url\" content=\"https:\/\/turijnmagazijn.nl\/fr\/produit\/capteur-de-pression-dhuile-alpha-romeo-en-fiat-2\/\" \/>\n<meta property=\"og:site_name\" content=\"Turijnmagazijn\" \/>\n<meta property=\"article:publisher\" content=\"https:\/\/www.facebook.com\/turijnmagazijn\" \/>\n<meta property=\"article:modified_time\" content=\"2024-04-22T20:17:56+00:00\" \/>\n<meta property=\"og:image\" content=\"https:\/\/turijnmagazijn.nl\/wp-content\/uploads\/2023\/03\/oliedruksensor-alfa-romeo-en-fiat-961.jpg\" \/>\n\t<meta property=\"og:image:width\" content=\"1440\" \/>\n\t<meta property=\"og:image:height\" content=\"1080\" \/>\n\t<meta property=\"og:image:type\" content=\"image\/jpeg\" \/>\n<meta name=\"twitter:card\" content=\"summary_large_image\" \/>\n<meta name=\"twitter:label1\" content=\"Dur\u00e9e de lecture estim\u00e9e\" \/>\n\t<meta name=\"twitter:data1\" content=\"1 minute\" \/>\n<script type=\"application\/ld+json\" class=\"yoast-schema-graph\">{\"@context\":\"https:\/\/schema.org\",\"@graph\":[{\"@type\":\"WebPage\",\"@id\":\"https:\/\/turijnmagazijn.nl\/fr\/produit\/capteur-de-pression-dhuile-alpha-romeo-en-fiat-2\/\",\"url\":\"https:\/\/turijnmagazijn.nl\/fr\/produit\/capteur-de-pression-dhuile-alpha-romeo-en-fiat-2\/\",\"name\":\"Capteur de pression d\u2019huile Alfa Romeo et Fiat - Turijnmagazijn\",\"isPartOf\":{\"@id\":\"https:\/\/turijnmagazijn.jumpstone-dev.nl\/#website\"},\"primaryImageOfPage\":{\"@id\":\"https:\/\/turijnmagazijn.nl\/fr\/produit\/capteur-de-pression-dhuile-alpha-romeo-en-fiat-2\/#primaryimage\"},\"image\":{\"@id\":\"https:\/\/turijnmagazijn.nl\/fr\/produit\/capteur-de-pression-dhuile-alpha-romeo-en-fiat-2\/#primaryimage\"},\"thumbnailUrl\":\"https:\/\/turijnmagazijn.nl\/wp-content\/uploads\/2023\/03\/oliedruksensor-alfa-romeo-en-fiat-961.jpg\",\"datePublished\":\"2023-03-03T08:12:08+00:00\",\"dateModified\":\"2024-04-22T20:17:56+00:00\",\"breadcrumb\":{\"@id\":\"https:\/\/turijnmagazijn.nl\/fr\/produit\/capteur-de-pression-dhuile-alpha-romeo-en-fiat-2\/#breadcrumb\"},\"inLanguage\":\"fr-FR\",\"potentialAction\":[{\"@type\":\"ReadAction\",\"target\":[\"https:\/\/turijnmagazijn.nl\/fr\/produit\/capteur-de-pression-dhuile-alpha-romeo-en-fiat-2\/\"]}]},{\"@type\":\"ImageObject\",\"inLanguage\":\"fr-FR\",\"@id\":\"https:\/\/turijnmagazijn.nl\/fr\/produit\/capteur-de-pression-dhuile-alpha-romeo-en-fiat-2\/#primaryimage\",\"url\":\"https:\/\/turijnmagazijn.nl\/wp-content\/uploads\/2023\/03\/oliedruksensor-alfa-romeo-en-fiat-961.jpg\",\"contentUrl\":\"https:\/\/turijnmagazijn.nl\/wp-content\/uploads\/2023\/03\/oliedruksensor-alfa-romeo-en-fiat-961.jpg\",\"width\":1440,\"height\":1080},{\"@type\":\"BreadcrumbList\",\"@id\":\"https:\/\/turijnmagazijn.nl\/fr\/produit\/capteur-de-pression-dhuile-alpha-romeo-en-fiat-2\/#breadcrumb\",\"itemListElement\":[{\"@type\":\"ListItem\",\"position\":1,\"name\":\"Home\",\"item\":\"https:\/\/turijnmagazijn.nl\/fr\/\"},{\"@type\":\"ListItem\",\"position\":2,\"name\":\"Produits\",\"item\":\"https:\/\/turijnmagazijn.nl\/fr\/shop\/\"},{\"@type\":\"ListItem\",\"position\":3,\"name\":\"Capteur de pression d\u2019huile Alfa Romeo et Fiat\"}]},{\"@type\":\"WebSite\",\"@id\":\"https:\/\/turijnmagazijn.jumpstone-dev.nl\/#website\",\"url\":\"https:\/\/turijnmagazijn.jumpstone-dev.nl\/\",\"name\":\"Turijnmagazijn\",\"description\":\"Onderdelen nieuw en gebruikt - Fiat &amp; Lancia\",\"publisher\":{\"@id\":\"https:\/\/turijnmagazijn.jumpstone-dev.nl\/#organization\"},\"potentialAction\":[{\"@type\":\"SearchAction\",\"target\":{\"@type\":\"EntryPoint\",\"urlTemplate\":\"https:\/\/turijnmagazijn.jumpstone-dev.nl\/?s={search_term_string}\"},\"query-input\":{\"@type\":\"PropertyValueSpecification\",\"valueRequired\":true,\"valueName\":\"search_term_string\"}}],\"inLanguage\":\"fr-FR\"},{\"@type\":\"Organization\",\"@id\":\"https:\/\/turijnmagazijn.jumpstone-dev.nl\/#organization\",\"name\":\"Turijnmagazijn\",\"url\":\"https:\/\/turijnmagazijn.jumpstone-dev.nl\/\",\"logo\":{\"@type\":\"ImageObject\",\"inLanguage\":\"fr-FR\",\"@id\":\"https:\/\/turijnmagazijn.jumpstone-dev.nl\/#\/schema\/logo\/image\/\",\"url\":\"https:\/\/turijnmagazijn.nl\/wp-content\/uploads\/2021\/02\/turijnmagazijnlogo.png\",\"contentUrl\":\"https:\/\/turijnmagazijn.nl\/wp-content\/uploads\/2021\/02\/turijnmagazijnlogo.png\",\"width\":555,\"height\":270,\"caption\":\"Turijnmagazijn\"},\"image\":{\"@id\":\"https:\/\/turijnmagazijn.jumpstone-dev.nl\/#\/schema\/logo\/image\/\"},\"sameAs\":[\"https:\/\/www.facebook.com\/turijnmagazijn\"]}]}<\/script>\n<!-- \/ Yoast SEO plugin. -->","yoast_head_json":{"title":"Capteur de pression d\u2019huile Alfa Romeo et Fiat - Turijnmagazijn","robots":{"index":"index","follow":"follow","max-snippet":"max-snippet:-1","max-image-preview":"max-image-preview:large","max-video-preview":"max-video-preview:-1"},"canonical":"https:\/\/turijnmagazijn.nl\/fr\/produit\/capteur-de-pression-dhuile-alpha-romeo-en-fiat-2\/","og_locale":"fr_FR","og_type":"article","og_title":"Capteur de pression d\u2019huile Alfa Romeo et Fiat - Turijnmagazijn","og_description":"Capteur de pression d\u2019huile Alfa Romeo et Fiat - Capteur de pression d\u2019huile largement utilis\u00e9 dans les mod\u00e8les d\u2019Alfa Romeo et Fiat.Capteur de pression d\u2019huile Alfa Romeo et Fiat - Capteur de pression d\u2019huile de Sipea largement utilis\u00e9 dans les mod\u00e8les d\u2019Alfa Romeo et Fiat.","og_url":"https:\/\/turijnmagazijn.nl\/fr\/produit\/capteur-de-pression-dhuile-alpha-romeo-en-fiat-2\/","og_site_name":"Turijnmagazijn","article_publisher":"https:\/\/www.facebook.com\/turijnmagazijn","article_modified_time":"2024-04-22T20:17:56+00:00","og_image":[{"width":1440,"height":1080,"url":"https:\/\/turijnmagazijn.nl\/wp-content\/uploads\/2023\/03\/oliedruksensor-alfa-romeo-en-fiat-961.jpg","type":"image\/jpeg"}],"twitter_card":"summary_large_image","twitter_misc":{"Dur\u00e9e de lecture estim\u00e9e":"1 minute"},"schema":{"@context":"https:\/\/schema.org","@graph":[{"@type":"WebPage","@id":"https:\/\/turijnmagazijn.nl\/fr\/produit\/capteur-de-pression-dhuile-alpha-romeo-en-fiat-2\/","url":"https:\/\/turijnmagazijn.nl\/fr\/produit\/capteur-de-pression-dhuile-alpha-romeo-en-fiat-2\/","name":"Capteur de pression d\u2019huile Alfa Romeo et Fiat - Turijnmagazijn","isPartOf":{"@id":"https:\/\/turijnmagazijn.jumpstone-dev.nl\/#website"},"primaryImageOfPage":{"@id":"https:\/\/turijnmagazijn.nl\/fr\/produit\/capteur-de-pression-dhuile-alpha-romeo-en-fiat-2\/#primaryimage"},"image":{"@id":"https:\/\/turijnmagazijn.nl\/fr\/produit\/capteur-de-pression-dhuile-alpha-romeo-en-fiat-2\/#primaryimage"},"thumbnailUrl":"https:\/\/turijnmagazijn.nl\/wp-content\/uploads\/2023\/03\/oliedruksensor-alfa-romeo-en-fiat-961.jpg","datePublished":"2023-03-03T08:12:08+00:00","dateModified":"2024-04-22T20:17:56+00:00","breadcrumb":{"@id":"https:\/\/turijnmagazijn.nl\/fr\/produit\/capteur-de-pression-dhuile-alpha-romeo-en-fiat-2\/#breadcrumb"},"inLanguage":"fr-FR","potentialAction":[{"@type":"ReadAction","target":["https:\/\/turijnmagazijn.nl\/fr\/produit\/capteur-de-pression-dhuile-alpha-romeo-en-fiat-2\/"]}]},{"@type":"ImageObject","inLanguage":"fr-FR","@id":"https:\/\/turijnmagazijn.nl\/fr\/produit\/capteur-de-pression-dhuile-alpha-romeo-en-fiat-2\/#primaryimage","url":"https:\/\/turijnmagazijn.nl\/wp-content\/uploads\/2023\/03\/oliedruksensor-alfa-romeo-en-fiat-961.jpg","contentUrl":"https:\/\/turijnmagazijn.nl\/wp-content\/uploads\/2023\/03\/oliedruksensor-alfa-romeo-en-fiat-961.jpg","width":1440,"height":1080},{"@type":"BreadcrumbList","@id":"https:\/\/turijnmagazijn.nl\/fr\/produit\/capteur-de-pression-dhuile-alpha-romeo-en-fiat-2\/#breadcrumb","itemListElement":[{"@type":"ListItem","position":1,"name":"Home","item":"https:\/\/turijnmagazijn.nl\/fr\/"},{"@type":"ListItem","position":2,"name":"Produits","item":"https:\/\/turijnmagazijn.nl\/fr\/shop\/"},{"@type":"ListItem","position":3,"name":"Capteur de pression d\u2019huile Alfa Romeo et Fiat"}]},{"@type":"WebSite","@id":"https:\/\/turijnmagazijn.jumpstone-dev.nl\/#website","url":"https:\/\/turijnmagazijn.jumpstone-dev.nl\/","name":"Turijnmagazijn","description":"Onderdelen nieuw en gebruikt - Fiat &amp; Lancia","publisher":{"@id":"https:\/\/turijnmagazijn.jumpstone-dev.nl\/#organization"},"potentialAction":[{"@type":"SearchAction","target":{"@type":"EntryPoint","urlTemplate":"https:\/\/turijnmagazijn.jumpstone-dev.nl\/?s={search_term_string}"},"query-input":{"@type":"PropertyValueSpecification","valueRequired":true,"valueName":"search_term_string"}}],"inLanguage":"fr-FR"},{"@type":"Organization","@id":"https:\/\/turijnmagazijn.jumpstone-dev.nl\/#organization","name":"Turijnmagazijn","url":"https:\/\/turijnmagazijn.jumpstone-dev.nl\/","logo":{"@type":"ImageObject","inLanguage":"fr-FR","@id":"https:\/\/turijnmagazijn.jumpstone-dev.nl\/#\/schema\/logo\/image\/","url":"https:\/\/turijnmagazijn.nl\/wp-content\/uploads\/2021\/02\/turijnmagazijnlogo.png","contentUrl":"https:\/\/turijnmagazijn.nl\/wp-content\/uploads\/2021\/02\/turijnmagazijnlogo.png","width":555,"height":270,"caption":"Turijnmagazijn"},"image":{"@id":"https:\/\/turijnmagazijn.jumpstone-dev.nl\/#\/schema\/logo\/image\/"},"sameAs":["https:\/\/www.facebook.com\/turijnmagazijn"]}]}},"_links":{"self":[{"href":"https:\/\/turijnmagazijn.nl\/fr\/wp-json\/wp\/v2\/product\/63093","targetHints":{"allow":["GET"]}}],"collection":[{"href":"https:\/\/turijnmagazijn.nl\/fr\/wp-json\/wp\/v2\/product"}],"about":[{"href":"https:\/\/turijnmagazijn.nl\/fr\/wp-json\/wp\/v2\/types\/product"}],"replies":[{"embeddable":true,"href":"https:\/\/turijnmagazijn.nl\/fr\/wp-json\/wp\/v2\/comments?post=63093"}],"wp:featuredmedia":[{"embeddable":true,"href":"https:\/\/turijnmagazijn.nl\/fr\/wp-json\/wp\/v2\/media\/35980"}],"wp:attachment":[{"href":"https:\/\/turijnmagazijn.nl\/fr\/wp-json\/wp\/v2\/media?parent=63093"}],"wp:term":[{"taxonomy":"product_brand","embeddable":true,"href":"https:\/\/turijnmagazijn.nl\/fr\/wp-json\/wp\/v2\/product_brand?post=63093"},{"taxonomy":"product_cat","embeddable":true,"href":"https:\/\/turijnmagazijn.nl\/fr\/wp-json\/wp\/v2\/product_cat?post=63093"},{"taxonomy":"product_tag","embeddable":true,"href":"https:\/\/turijnmagazijn.nl\/fr\/wp-json\/wp\/v2\/product_tag?post=63093"}],"curies":[{"name":"wp","href":"https:\/\/api.w.org\/{rel}","templated":true}]}}