{"id":63233,"date":"2023-03-03T09:12:49","date_gmt":"2023-03-03T08:12:49","guid":{"rendered":"https:\/\/turijnmagazijn.nl\/product\/radiateur-soufflerie-alfa-156-1-8-ts-pas-de-climatisation\/"},"modified":"2023-07-26T13:51:37","modified_gmt":"2023-07-26T11:51:37","slug":"soufflerie-radiateur-alfa-156-1-8-ts-no-air-conditionneur","status":"publish","type":"product","link":"https:\/\/turijnmagazijn.nl\/fr\/produit\/soufflerie-radiateur-alfa-156-1-8-ts-no-air-conditionneur\/","title":{"rendered":"Radiateur soufflerie Alfa 156 1.8 TS pas de climatisation"},"content":{"rendered":"<p>D\u00e9flecteur de vent pour montage sur radiateur pour Alfa Romeo 156. Provenant d\u2019une berline 156 construite en 1998 avec un moteur essence 1.8 TS. Cette voiture n\u2019\u00e9tait pas \u00e9quip\u00e9e de la climatisation et d\u2019un seul ventilateur de radiateur. La soufflerie est en plastique noir.<\/p>\n<p>Inscription en soufflerie :<br \/>60621167<\/p>\n<p>Num\u00e9ro OEM Alfa Romeo 60621167<\/p>\n","protected":false},"excerpt":{"rendered":"<p>Radiateur soufflerie Alfa 156 1.8 TS pas de climatisation &#8211; D\u00e9flecteur de vent pour montage sur radiateur pour Alfa Romeo 156.<\/p>\n","protected":false},"featured_media":39256,"comment_status":"open","ping_status":"closed","template":"","meta":{"_acf_changed":false},"product_brand":[],"product_cat":[1613,1582],"product_tag":[],"class_list":{"0":"post-63233","1":"product","2":"type-product","3":"status-publish","4":"has-post-thumbnail","6":"product_cat-156-932-fr","7":"product_cat-alfa-romeo-fr","8":"pa_soort-onderdeel-carrosserie-et-tolerie","9":"pa_soort-onderdeel-electronique-et-cables","11":"first","12":"instock","13":"shipping-taxable","14":"purchasable","15":"product-type-simple"},"acf":[],"yoast_head":"<!-- This site is optimized with the Yoast SEO plugin v27.3 - https:\/\/yoast.com\/product\/yoast-seo-wordpress\/ -->\n<title>Radiateur soufflerie Alfa 156 1.8 TS pas de climatisation - Turijnmagazijn<\/title>\n<meta name=\"robots\" content=\"index, follow, max-snippet:-1, max-image-preview:large, max-video-preview:-1\" \/>\n<link rel=\"canonical\" href=\"https:\/\/turijnmagazijn.nl\/fr\/produit\/soufflerie-radiateur-alfa-156-1-8-ts-no-air-conditionneur\/\" \/>\n<meta property=\"og:locale\" content=\"fr_FR\" \/>\n<meta property=\"og:type\" content=\"article\" \/>\n<meta property=\"og:title\" content=\"Radiateur soufflerie Alfa 156 1.8 TS pas de climatisation - Turijnmagazijn\" \/>\n<meta property=\"og:description\" content=\"Radiateur soufflerie Alfa 156 1.8 TS pas de climatisation - D\u00e9flecteur de vent pour montage sur radiateur pour Alfa Romeo 156.\" \/>\n<meta property=\"og:url\" content=\"https:\/\/turijnmagazijn.nl\/fr\/produit\/soufflerie-radiateur-alfa-156-1-8-ts-no-air-conditionneur\/\" \/>\n<meta property=\"og:site_name\" content=\"Turijnmagazijn\" \/>\n<meta property=\"article:publisher\" content=\"https:\/\/www.facebook.com\/turijnmagazijn\" \/>\n<meta property=\"article:modified_time\" content=\"2023-07-26T11:51:37+00:00\" \/>\n<meta property=\"og:image\" content=\"https:\/\/turijnmagazijn.jumpstone-dev.nl\/wp-content\/uploads\/2023\/03\/DK00101034_Windtunnel_radiateur_Alfa_156_1.8_TS_geen_airco_3-1.jpg\" \/>\n\t<meta property=\"og:image:width\" content=\"800\" \/>\n\t<meta property=\"og:image:height\" content=\"600\" \/>\n\t<meta property=\"og:image:type\" content=\"image\/jpeg\" \/>\n<meta name=\"twitter:card\" content=\"summary_large_image\" \/>\n<script type=\"application\/ld+json\" class=\"yoast-schema-graph\">{\"@context\":\"https:\\\/\\\/schema.org\",\"@graph\":[{\"@type\":\"WebPage\",\"@id\":\"https:\\\/\\\/turijnmagazijn.nl\\\/fr\\\/produit\\\/soufflerie-radiateur-alfa-156-1-8-ts-no-air-conditionneur\\\/\",\"url\":\"https:\\\/\\\/turijnmagazijn.nl\\\/fr\\\/produit\\\/soufflerie-radiateur-alfa-156-1-8-ts-no-air-conditionneur\\\/\",\"name\":\"Radiateur soufflerie Alfa 156 1.8 TS pas de climatisation - Turijnmagazijn\",\"isPartOf\":{\"@id\":\"https:\\\/\\\/turijnmagazijn.jumpstone-dev.nl\\\/#website\"},\"primaryImageOfPage\":{\"@id\":\"https:\\\/\\\/turijnmagazijn.nl\\\/fr\\\/produit\\\/soufflerie-radiateur-alfa-156-1-8-ts-no-air-conditionneur\\\/#primaryimage\"},\"image\":{\"@id\":\"https:\\\/\\\/turijnmagazijn.nl\\\/fr\\\/produit\\\/soufflerie-radiateur-alfa-156-1-8-ts-no-air-conditionneur\\\/#primaryimage\"},\"thumbnailUrl\":\"https:\\\/\\\/turijnmagazijn.nl\\\/wp-content\\\/uploads\\\/2023\\\/03\\\/DK00101034_Windtunnel_radiateur_Alfa_156_1.8_TS_geen_airco_3-1.jpg\",\"datePublished\":\"2023-03-03T08:12:49+00:00\",\"dateModified\":\"2023-07-26T11:51:37+00:00\",\"breadcrumb\":{\"@id\":\"https:\\\/\\\/turijnmagazijn.nl\\\/fr\\\/produit\\\/soufflerie-radiateur-alfa-156-1-8-ts-no-air-conditionneur\\\/#breadcrumb\"},\"inLanguage\":\"fr-FR\",\"potentialAction\":[{\"@type\":\"ReadAction\",\"target\":[\"https:\\\/\\\/turijnmagazijn.nl\\\/fr\\\/produit\\\/soufflerie-radiateur-alfa-156-1-8-ts-no-air-conditionneur\\\/\"]}]},{\"@type\":\"ImageObject\",\"inLanguage\":\"fr-FR\",\"@id\":\"https:\\\/\\\/turijnmagazijn.nl\\\/fr\\\/produit\\\/soufflerie-radiateur-alfa-156-1-8-ts-no-air-conditionneur\\\/#primaryimage\",\"url\":\"https:\\\/\\\/turijnmagazijn.nl\\\/wp-content\\\/uploads\\\/2023\\\/03\\\/DK00101034_Windtunnel_radiateur_Alfa_156_1.8_TS_geen_airco_3-1.jpg\",\"contentUrl\":\"https:\\\/\\\/turijnmagazijn.nl\\\/wp-content\\\/uploads\\\/2023\\\/03\\\/DK00101034_Windtunnel_radiateur_Alfa_156_1.8_TS_geen_airco_3-1.jpg\",\"width\":800,\"height\":600},{\"@type\":\"BreadcrumbList\",\"@id\":\"https:\\\/\\\/turijnmagazijn.nl\\\/fr\\\/produit\\\/soufflerie-radiateur-alfa-156-1-8-ts-no-air-conditionneur\\\/#breadcrumb\",\"itemListElement\":[{\"@type\":\"ListItem\",\"position\":1,\"name\":\"Home\",\"item\":\"https:\\\/\\\/turijnmagazijn.nl\\\/fr\\\/\"},{\"@type\":\"ListItem\",\"position\":2,\"name\":\"Produits\",\"item\":\"https:\\\/\\\/turijnmagazijn.nl\\\/fr\\\/shop\\\/\"},{\"@type\":\"ListItem\",\"position\":3,\"name\":\"Radiateur soufflerie Alfa 156 1.8 TS pas de climatisation\"}]},{\"@type\":\"WebSite\",\"@id\":\"https:\\\/\\\/turijnmagazijn.jumpstone-dev.nl\\\/#website\",\"url\":\"https:\\\/\\\/turijnmagazijn.jumpstone-dev.nl\\\/\",\"name\":\"Turijnmagazijn\",\"description\":\"Onderdelen nieuw en gebruikt - Fiat &amp; Lancia\",\"publisher\":{\"@id\":\"https:\\\/\\\/turijnmagazijn.jumpstone-dev.nl\\\/#organization\"},\"potentialAction\":[{\"@type\":\"SearchAction\",\"target\":{\"@type\":\"EntryPoint\",\"urlTemplate\":\"https:\\\/\\\/turijnmagazijn.jumpstone-dev.nl\\\/?s={search_term_string}\"},\"query-input\":{\"@type\":\"PropertyValueSpecification\",\"valueRequired\":true,\"valueName\":\"search_term_string\"}}],\"inLanguage\":\"fr-FR\"},{\"@type\":\"Organization\",\"@id\":\"https:\\\/\\\/turijnmagazijn.jumpstone-dev.nl\\\/#organization\",\"name\":\"Turijnmagazijn\",\"url\":\"https:\\\/\\\/turijnmagazijn.jumpstone-dev.nl\\\/\",\"logo\":{\"@type\":\"ImageObject\",\"inLanguage\":\"fr-FR\",\"@id\":\"https:\\\/\\\/turijnmagazijn.jumpstone-dev.nl\\\/#\\\/schema\\\/logo\\\/image\\\/\",\"url\":\"https:\\\/\\\/turijnmagazijn.nl\\\/wp-content\\\/uploads\\\/2021\\\/02\\\/turijnmagazijnlogo.png\",\"contentUrl\":\"https:\\\/\\\/turijnmagazijn.nl\\\/wp-content\\\/uploads\\\/2021\\\/02\\\/turijnmagazijnlogo.png\",\"width\":555,\"height\":270,\"caption\":\"Turijnmagazijn\"},\"image\":{\"@id\":\"https:\\\/\\\/turijnmagazijn.jumpstone-dev.nl\\\/#\\\/schema\\\/logo\\\/image\\\/\"},\"sameAs\":[\"https:\\\/\\\/www.facebook.com\\\/turijnmagazijn\"]}]}<\/script>\n<!-- \/ Yoast SEO plugin. -->","yoast_head_json":{"title":"Radiateur soufflerie Alfa 156 1.8 TS pas de climatisation - Turijnmagazijn","robots":{"index":"index","follow":"follow","max-snippet":"max-snippet:-1","max-image-preview":"max-image-preview:large","max-video-preview":"max-video-preview:-1"},"canonical":"https:\/\/turijnmagazijn.nl\/fr\/produit\/soufflerie-radiateur-alfa-156-1-8-ts-no-air-conditionneur\/","og_locale":"fr_FR","og_type":"article","og_title":"Radiateur soufflerie Alfa 156 1.8 TS pas de climatisation - Turijnmagazijn","og_description":"Radiateur soufflerie Alfa 156 1.8 TS pas de climatisation - D\u00e9flecteur de vent pour montage sur radiateur pour Alfa Romeo 156.","og_url":"https:\/\/turijnmagazijn.nl\/fr\/produit\/soufflerie-radiateur-alfa-156-1-8-ts-no-air-conditionneur\/","og_site_name":"Turijnmagazijn","article_publisher":"https:\/\/www.facebook.com\/turijnmagazijn","article_modified_time":"2023-07-26T11:51:37+00:00","og_image":[{"width":800,"height":600,"url":"https:\/\/turijnmagazijn.jumpstone-dev.nl\/wp-content\/uploads\/2023\/03\/DK00101034_Windtunnel_radiateur_Alfa_156_1.8_TS_geen_airco_3-1.jpg","type":"image\/jpeg"}],"twitter_card":"summary_large_image","schema":{"@context":"https:\/\/schema.org","@graph":[{"@type":"WebPage","@id":"https:\/\/turijnmagazijn.nl\/fr\/produit\/soufflerie-radiateur-alfa-156-1-8-ts-no-air-conditionneur\/","url":"https:\/\/turijnmagazijn.nl\/fr\/produit\/soufflerie-radiateur-alfa-156-1-8-ts-no-air-conditionneur\/","name":"Radiateur soufflerie Alfa 156 1.8 TS pas de climatisation - Turijnmagazijn","isPartOf":{"@id":"https:\/\/turijnmagazijn.jumpstone-dev.nl\/#website"},"primaryImageOfPage":{"@id":"https:\/\/turijnmagazijn.nl\/fr\/produit\/soufflerie-radiateur-alfa-156-1-8-ts-no-air-conditionneur\/#primaryimage"},"image":{"@id":"https:\/\/turijnmagazijn.nl\/fr\/produit\/soufflerie-radiateur-alfa-156-1-8-ts-no-air-conditionneur\/#primaryimage"},"thumbnailUrl":"https:\/\/turijnmagazijn.nl\/wp-content\/uploads\/2023\/03\/DK00101034_Windtunnel_radiateur_Alfa_156_1.8_TS_geen_airco_3-1.jpg","datePublished":"2023-03-03T08:12:49+00:00","dateModified":"2023-07-26T11:51:37+00:00","breadcrumb":{"@id":"https:\/\/turijnmagazijn.nl\/fr\/produit\/soufflerie-radiateur-alfa-156-1-8-ts-no-air-conditionneur\/#breadcrumb"},"inLanguage":"fr-FR","potentialAction":[{"@type":"ReadAction","target":["https:\/\/turijnmagazijn.nl\/fr\/produit\/soufflerie-radiateur-alfa-156-1-8-ts-no-air-conditionneur\/"]}]},{"@type":"ImageObject","inLanguage":"fr-FR","@id":"https:\/\/turijnmagazijn.nl\/fr\/produit\/soufflerie-radiateur-alfa-156-1-8-ts-no-air-conditionneur\/#primaryimage","url":"https:\/\/turijnmagazijn.nl\/wp-content\/uploads\/2023\/03\/DK00101034_Windtunnel_radiateur_Alfa_156_1.8_TS_geen_airco_3-1.jpg","contentUrl":"https:\/\/turijnmagazijn.nl\/wp-content\/uploads\/2023\/03\/DK00101034_Windtunnel_radiateur_Alfa_156_1.8_TS_geen_airco_3-1.jpg","width":800,"height":600},{"@type":"BreadcrumbList","@id":"https:\/\/turijnmagazijn.nl\/fr\/produit\/soufflerie-radiateur-alfa-156-1-8-ts-no-air-conditionneur\/#breadcrumb","itemListElement":[{"@type":"ListItem","position":1,"name":"Home","item":"https:\/\/turijnmagazijn.nl\/fr\/"},{"@type":"ListItem","position":2,"name":"Produits","item":"https:\/\/turijnmagazijn.nl\/fr\/shop\/"},{"@type":"ListItem","position":3,"name":"Radiateur soufflerie Alfa 156 1.8 TS pas de climatisation"}]},{"@type":"WebSite","@id":"https:\/\/turijnmagazijn.jumpstone-dev.nl\/#website","url":"https:\/\/turijnmagazijn.jumpstone-dev.nl\/","name":"Turijnmagazijn","description":"Onderdelen nieuw en gebruikt - Fiat &amp; Lancia","publisher":{"@id":"https:\/\/turijnmagazijn.jumpstone-dev.nl\/#organization"},"potentialAction":[{"@type":"SearchAction","target":{"@type":"EntryPoint","urlTemplate":"https:\/\/turijnmagazijn.jumpstone-dev.nl\/?s={search_term_string}"},"query-input":{"@type":"PropertyValueSpecification","valueRequired":true,"valueName":"search_term_string"}}],"inLanguage":"fr-FR"},{"@type":"Organization","@id":"https:\/\/turijnmagazijn.jumpstone-dev.nl\/#organization","name":"Turijnmagazijn","url":"https:\/\/turijnmagazijn.jumpstone-dev.nl\/","logo":{"@type":"ImageObject","inLanguage":"fr-FR","@id":"https:\/\/turijnmagazijn.jumpstone-dev.nl\/#\/schema\/logo\/image\/","url":"https:\/\/turijnmagazijn.nl\/wp-content\/uploads\/2021\/02\/turijnmagazijnlogo.png","contentUrl":"https:\/\/turijnmagazijn.nl\/wp-content\/uploads\/2021\/02\/turijnmagazijnlogo.png","width":555,"height":270,"caption":"Turijnmagazijn"},"image":{"@id":"https:\/\/turijnmagazijn.jumpstone-dev.nl\/#\/schema\/logo\/image\/"},"sameAs":["https:\/\/www.facebook.com\/turijnmagazijn"]}]}},"_links":{"self":[{"href":"https:\/\/turijnmagazijn.nl\/fr\/wp-json\/wp\/v2\/product\/63233","targetHints":{"allow":["GET"]}}],"collection":[{"href":"https:\/\/turijnmagazijn.nl\/fr\/wp-json\/wp\/v2\/product"}],"about":[{"href":"https:\/\/turijnmagazijn.nl\/fr\/wp-json\/wp\/v2\/types\/product"}],"replies":[{"embeddable":true,"href":"https:\/\/turijnmagazijn.nl\/fr\/wp-json\/wp\/v2\/comments?post=63233"}],"wp:featuredmedia":[{"embeddable":true,"href":"https:\/\/turijnmagazijn.nl\/fr\/wp-json\/wp\/v2\/media\/39256"}],"wp:attachment":[{"href":"https:\/\/turijnmagazijn.nl\/fr\/wp-json\/wp\/v2\/media?parent=63233"}],"wp:term":[{"taxonomy":"product_brand","embeddable":true,"href":"https:\/\/turijnmagazijn.nl\/fr\/wp-json\/wp\/v2\/product_brand?post=63233"},{"taxonomy":"product_cat","embeddable":true,"href":"https:\/\/turijnmagazijn.nl\/fr\/wp-json\/wp\/v2\/product_cat?post=63233"},{"taxonomy":"product_tag","embeddable":true,"href":"https:\/\/turijnmagazijn.nl\/fr\/wp-json\/wp\/v2\/product_tag?post=63233"}],"curies":[{"name":"wp","href":"https:\/\/api.w.org\/{rel}","templated":true}]}}