{"id":63247,"date":"2023-03-03T09:12:49","date_gmt":"2023-03-03T08:12:49","guid":{"rendered":"https:\/\/turijnmagazijn.nl\/product\/regulateur-de-pression-climatisation-alfa-147-156-et-166\/"},"modified":"2023-07-26T14:19:44","modified_gmt":"2023-07-26T12:19:44","slug":"regulateur-de-pression-airco-alfa-147-156-fr-166","status":"publish","type":"product","link":"https:\/\/turijnmagazijn.nl\/fr\/produit\/regulateur-de-pression-airco-alfa-147-156-fr-166\/","title":{"rendered":"R\u00e9gulateur de pression Climatisation Alfa 147 156 et 166"},"content":{"rendered":"<p>R\u00e9gulateur de pression pour syst\u00e8me de climatisation pour Alfa Romeo 166. Issu d\u2019une premi\u00e8re s\u00e9rie 166 construite en 1999 avec un moteur essence 2.0 TS. Le deuxi\u00e8me exemplaire de notre stock est identique et provient d\u2019une Alfa Romeo 156 construite en 1999 avec un moteur 1.9 JTD. \u00c9galement appliqu\u00e9 \u00e0 l\u2019Alfa Romeo 147 et \u00e0 la Lancia Lybra.<\/p>\n<p>Le r\u00e9gulateur de pression a un bo\u00eetier en aluminium et est \u00e9quip\u00e9 d\u2019une connexion \u00e0 5 broches. Sleutmaat mesure 19 mm.<\/p>\n<p>Inscriptions sur le contr\u00f4leur :<br \/>Magneti Marelli Eltron<br \/>B837<br \/>283001<br \/>R134a<br \/>12VDC<br \/>544274000<\/p>\n<p>Num\u00e9ro OEM Alfa Romeo&nbsp;<span style=\"color: rgb(6, 45, 104); font-family: Verdana; font-size: 10px; line-height: normal; text-align: -webkit-right; text-transform: uppercase; background-color: rgb(229, 229, 229);\">60665196<\/span><\/p>\n<p><span style=\"font-size: 11.9999990463257px;\">Num\u00e9ro OEM Alfa Romeo&nbsp;<\/span> <span style=\"color: rgb(6, 45, 104); font-family: Verdana; font-size: 10px; line-height: normal; text-align: -webkit-right; text-transform: uppercase; background-color: rgb(229, 229, 229);\">60625482<\/span><span style=\"color: rgb(6, 45, 104); font-family: Verdana; font-size: 10px; line-height: normal; text-align: -webkit-right; text-transform: uppercase; background-color: rgb(229, 229, 229);\"><br \/><\/span><\/p>\n","protected":false},"excerpt":{"rendered":"<p>R\u00e9gulateur de pression Climatisation Alfa 166 &#8211; R\u00e9gulateur de pression pour syst\u00e8me de climatisation pour Alfa Romeo 166.R\u00e9gulateur de pression Climatisation Alfa 156 et 166 &#8211; R\u00e9gulateur de pression pour syst\u00e8me de climatisation pour Alfa Romeo 166.R\u00e9gulateur de pression Climatisation Alfa 147 156 et 166 &#8211; R\u00e9gulateur de pression pour syst\u00e8me de climatisation pour Alfa Rome<\/p>\n","protected":false},"featured_media":39304,"comment_status":"open","ping_status":"closed","template":"","meta":{"_acf_changed":false},"product_brand":[],"product_cat":[1606,1613,1650,1582,1798,1873,1617,1882,1623,1880],"product_tag":[],"class_list":{"0":"post-63247","1":"product","2":"type-product","3":"status-publish","4":"has-post-thumbnail","6":"product_cat-147-937-fr","7":"product_cat-156-932-fr","8":"product_cat-166-936-fr","9":"product_cat-alfa-romeo-fr","10":"product_cat-lancia-fr","11":"product_cat-lybra-839-fr","12":"product_cat-sedan-fr","13":"product_cat-sedan-lybra-839-fr","14":"product_cat-sportwagon-fr","15":"product_cat-sw-lybra-839-fr","16":"pa_soort-onderdeel-climatisation-et-chauffage","17":"pa_soort-onderdeel-moteur-et-accessoires","19":"first","20":"instock","21":"shipping-taxable","22":"purchasable","23":"product-type-simple"},"acf":[],"yoast_head":"<!-- This site is optimized with the Yoast SEO plugin v27.3 - https:\/\/yoast.com\/product\/yoast-seo-wordpress\/ -->\n<title>R\u00e9gulateur de pression Climatisation Alfa 147 156 et 166 - Turijnmagazijn<\/title>\n<meta name=\"robots\" content=\"index, follow, max-snippet:-1, max-image-preview:large, max-video-preview:-1\" \/>\n<link rel=\"canonical\" href=\"https:\/\/turijnmagazijn.nl\/fr\/produit\/regulateur-de-pression-airco-alfa-147-156-fr-166\/\" \/>\n<meta property=\"og:locale\" content=\"fr_FR\" \/>\n<meta property=\"og:type\" content=\"article\" \/>\n<meta property=\"og:title\" content=\"R\u00e9gulateur de pression Climatisation Alfa 147 156 et 166 - Turijnmagazijn\" \/>\n<meta property=\"og:description\" content=\"R\u00e9gulateur de pression Climatisation Alfa 166 - R\u00e9gulateur de pression pour syst\u00e8me de climatisation pour Alfa Romeo 166.R\u00e9gulateur de pression Climatisation Alfa 156 et 166 - R\u00e9gulateur de pression pour syst\u00e8me de climatisation pour Alfa Romeo 166.R\u00e9gulateur de pression Climatisation Alfa 147 156 et 166 - R\u00e9gulateur de pression pour syst\u00e8me de climatisation pour Alfa Rome\" \/>\n<meta property=\"og:url\" content=\"https:\/\/turijnmagazijn.nl\/fr\/produit\/regulateur-de-pression-airco-alfa-147-156-fr-166\/\" \/>\n<meta property=\"og:site_name\" content=\"Turijnmagazijn\" \/>\n<meta property=\"article:publisher\" content=\"https:\/\/www.facebook.com\/turijnmagazijn\" \/>\n<meta property=\"article:modified_time\" content=\"2023-07-26T12:19:44+00:00\" \/>\n<meta property=\"og:image\" content=\"https:\/\/turijnmagazijn.jumpstone-dev.nl\/wp-content\/uploads\/2023\/03\/DK00101037_Drukregelaar_Airco_Alfa_166_6-1.jpg\" \/>\n\t<meta property=\"og:image:width\" content=\"800\" \/>\n\t<meta property=\"og:image:height\" content=\"600\" \/>\n\t<meta property=\"og:image:type\" content=\"image\/jpeg\" \/>\n<meta name=\"twitter:card\" content=\"summary_large_image\" \/>\n<meta name=\"twitter:label1\" content=\"Dur\u00e9e de lecture estim\u00e9e\" \/>\n\t<meta name=\"twitter:data1\" content=\"1 minute\" \/>\n<script type=\"application\/ld+json\" class=\"yoast-schema-graph\">{\"@context\":\"https:\\\/\\\/schema.org\",\"@graph\":[{\"@type\":\"WebPage\",\"@id\":\"https:\\\/\\\/turijnmagazijn.nl\\\/fr\\\/produit\\\/regulateur-de-pression-airco-alfa-147-156-fr-166\\\/\",\"url\":\"https:\\\/\\\/turijnmagazijn.nl\\\/fr\\\/produit\\\/regulateur-de-pression-airco-alfa-147-156-fr-166\\\/\",\"name\":\"R\u00e9gulateur de pression Climatisation Alfa 147 156 et 166 - Turijnmagazijn\",\"isPartOf\":{\"@id\":\"https:\\\/\\\/turijnmagazijn.jumpstone-dev.nl\\\/#website\"},\"primaryImageOfPage\":{\"@id\":\"https:\\\/\\\/turijnmagazijn.nl\\\/fr\\\/produit\\\/regulateur-de-pression-airco-alfa-147-156-fr-166\\\/#primaryimage\"},\"image\":{\"@id\":\"https:\\\/\\\/turijnmagazijn.nl\\\/fr\\\/produit\\\/regulateur-de-pression-airco-alfa-147-156-fr-166\\\/#primaryimage\"},\"thumbnailUrl\":\"https:\\\/\\\/turijnmagazijn.nl\\\/wp-content\\\/uploads\\\/2023\\\/03\\\/DK00101037_Drukregelaar_Airco_Alfa_166_6-1.jpg\",\"datePublished\":\"2023-03-03T08:12:49+00:00\",\"dateModified\":\"2023-07-26T12:19:44+00:00\",\"breadcrumb\":{\"@id\":\"https:\\\/\\\/turijnmagazijn.nl\\\/fr\\\/produit\\\/regulateur-de-pression-airco-alfa-147-156-fr-166\\\/#breadcrumb\"},\"inLanguage\":\"fr-FR\",\"potentialAction\":[{\"@type\":\"ReadAction\",\"target\":[\"https:\\\/\\\/turijnmagazijn.nl\\\/fr\\\/produit\\\/regulateur-de-pression-airco-alfa-147-156-fr-166\\\/\"]}]},{\"@type\":\"ImageObject\",\"inLanguage\":\"fr-FR\",\"@id\":\"https:\\\/\\\/turijnmagazijn.nl\\\/fr\\\/produit\\\/regulateur-de-pression-airco-alfa-147-156-fr-166\\\/#primaryimage\",\"url\":\"https:\\\/\\\/turijnmagazijn.nl\\\/wp-content\\\/uploads\\\/2023\\\/03\\\/DK00101037_Drukregelaar_Airco_Alfa_166_6-1.jpg\",\"contentUrl\":\"https:\\\/\\\/turijnmagazijn.nl\\\/wp-content\\\/uploads\\\/2023\\\/03\\\/DK00101037_Drukregelaar_Airco_Alfa_166_6-1.jpg\",\"width\":800,\"height\":600},{\"@type\":\"BreadcrumbList\",\"@id\":\"https:\\\/\\\/turijnmagazijn.nl\\\/fr\\\/produit\\\/regulateur-de-pression-airco-alfa-147-156-fr-166\\\/#breadcrumb\",\"itemListElement\":[{\"@type\":\"ListItem\",\"position\":1,\"name\":\"Home\",\"item\":\"https:\\\/\\\/turijnmagazijn.nl\\\/fr\\\/\"},{\"@type\":\"ListItem\",\"position\":2,\"name\":\"Produits\",\"item\":\"https:\\\/\\\/turijnmagazijn.nl\\\/fr\\\/shop\\\/\"},{\"@type\":\"ListItem\",\"position\":3,\"name\":\"R\u00e9gulateur de pression Climatisation Alfa 147 156 et 166\"}]},{\"@type\":\"WebSite\",\"@id\":\"https:\\\/\\\/turijnmagazijn.jumpstone-dev.nl\\\/#website\",\"url\":\"https:\\\/\\\/turijnmagazijn.jumpstone-dev.nl\\\/\",\"name\":\"Turijnmagazijn\",\"description\":\"Onderdelen nieuw en gebruikt - Fiat &amp; Lancia\",\"publisher\":{\"@id\":\"https:\\\/\\\/turijnmagazijn.jumpstone-dev.nl\\\/#organization\"},\"potentialAction\":[{\"@type\":\"SearchAction\",\"target\":{\"@type\":\"EntryPoint\",\"urlTemplate\":\"https:\\\/\\\/turijnmagazijn.jumpstone-dev.nl\\\/?s={search_term_string}\"},\"query-input\":{\"@type\":\"PropertyValueSpecification\",\"valueRequired\":true,\"valueName\":\"search_term_string\"}}],\"inLanguage\":\"fr-FR\"},{\"@type\":\"Organization\",\"@id\":\"https:\\\/\\\/turijnmagazijn.jumpstone-dev.nl\\\/#organization\",\"name\":\"Turijnmagazijn\",\"url\":\"https:\\\/\\\/turijnmagazijn.jumpstone-dev.nl\\\/\",\"logo\":{\"@type\":\"ImageObject\",\"inLanguage\":\"fr-FR\",\"@id\":\"https:\\\/\\\/turijnmagazijn.jumpstone-dev.nl\\\/#\\\/schema\\\/logo\\\/image\\\/\",\"url\":\"https:\\\/\\\/turijnmagazijn.nl\\\/wp-content\\\/uploads\\\/2021\\\/02\\\/turijnmagazijnlogo.png\",\"contentUrl\":\"https:\\\/\\\/turijnmagazijn.nl\\\/wp-content\\\/uploads\\\/2021\\\/02\\\/turijnmagazijnlogo.png\",\"width\":555,\"height\":270,\"caption\":\"Turijnmagazijn\"},\"image\":{\"@id\":\"https:\\\/\\\/turijnmagazijn.jumpstone-dev.nl\\\/#\\\/schema\\\/logo\\\/image\\\/\"},\"sameAs\":[\"https:\\\/\\\/www.facebook.com\\\/turijnmagazijn\"]}]}<\/script>\n<!-- \/ Yoast SEO plugin. -->","yoast_head_json":{"title":"R\u00e9gulateur de pression Climatisation Alfa 147 156 et 166 - Turijnmagazijn","robots":{"index":"index","follow":"follow","max-snippet":"max-snippet:-1","max-image-preview":"max-image-preview:large","max-video-preview":"max-video-preview:-1"},"canonical":"https:\/\/turijnmagazijn.nl\/fr\/produit\/regulateur-de-pression-airco-alfa-147-156-fr-166\/","og_locale":"fr_FR","og_type":"article","og_title":"R\u00e9gulateur de pression Climatisation Alfa 147 156 et 166 - Turijnmagazijn","og_description":"R\u00e9gulateur de pression Climatisation Alfa 166 - R\u00e9gulateur de pression pour syst\u00e8me de climatisation pour Alfa Romeo 166.R\u00e9gulateur de pression Climatisation Alfa 156 et 166 - R\u00e9gulateur de pression pour syst\u00e8me de climatisation pour Alfa Romeo 166.R\u00e9gulateur de pression Climatisation Alfa 147 156 et 166 - R\u00e9gulateur de pression pour syst\u00e8me de climatisation pour Alfa Rome","og_url":"https:\/\/turijnmagazijn.nl\/fr\/produit\/regulateur-de-pression-airco-alfa-147-156-fr-166\/","og_site_name":"Turijnmagazijn","article_publisher":"https:\/\/www.facebook.com\/turijnmagazijn","article_modified_time":"2023-07-26T12:19:44+00:00","og_image":[{"width":800,"height":600,"url":"https:\/\/turijnmagazijn.jumpstone-dev.nl\/wp-content\/uploads\/2023\/03\/DK00101037_Drukregelaar_Airco_Alfa_166_6-1.jpg","type":"image\/jpeg"}],"twitter_card":"summary_large_image","twitter_misc":{"Dur\u00e9e de lecture estim\u00e9e":"1 minute"},"schema":{"@context":"https:\/\/schema.org","@graph":[{"@type":"WebPage","@id":"https:\/\/turijnmagazijn.nl\/fr\/produit\/regulateur-de-pression-airco-alfa-147-156-fr-166\/","url":"https:\/\/turijnmagazijn.nl\/fr\/produit\/regulateur-de-pression-airco-alfa-147-156-fr-166\/","name":"R\u00e9gulateur de pression Climatisation Alfa 147 156 et 166 - Turijnmagazijn","isPartOf":{"@id":"https:\/\/turijnmagazijn.jumpstone-dev.nl\/#website"},"primaryImageOfPage":{"@id":"https:\/\/turijnmagazijn.nl\/fr\/produit\/regulateur-de-pression-airco-alfa-147-156-fr-166\/#primaryimage"},"image":{"@id":"https:\/\/turijnmagazijn.nl\/fr\/produit\/regulateur-de-pression-airco-alfa-147-156-fr-166\/#primaryimage"},"thumbnailUrl":"https:\/\/turijnmagazijn.nl\/wp-content\/uploads\/2023\/03\/DK00101037_Drukregelaar_Airco_Alfa_166_6-1.jpg","datePublished":"2023-03-03T08:12:49+00:00","dateModified":"2023-07-26T12:19:44+00:00","breadcrumb":{"@id":"https:\/\/turijnmagazijn.nl\/fr\/produit\/regulateur-de-pression-airco-alfa-147-156-fr-166\/#breadcrumb"},"inLanguage":"fr-FR","potentialAction":[{"@type":"ReadAction","target":["https:\/\/turijnmagazijn.nl\/fr\/produit\/regulateur-de-pression-airco-alfa-147-156-fr-166\/"]}]},{"@type":"ImageObject","inLanguage":"fr-FR","@id":"https:\/\/turijnmagazijn.nl\/fr\/produit\/regulateur-de-pression-airco-alfa-147-156-fr-166\/#primaryimage","url":"https:\/\/turijnmagazijn.nl\/wp-content\/uploads\/2023\/03\/DK00101037_Drukregelaar_Airco_Alfa_166_6-1.jpg","contentUrl":"https:\/\/turijnmagazijn.nl\/wp-content\/uploads\/2023\/03\/DK00101037_Drukregelaar_Airco_Alfa_166_6-1.jpg","width":800,"height":600},{"@type":"BreadcrumbList","@id":"https:\/\/turijnmagazijn.nl\/fr\/produit\/regulateur-de-pression-airco-alfa-147-156-fr-166\/#breadcrumb","itemListElement":[{"@type":"ListItem","position":1,"name":"Home","item":"https:\/\/turijnmagazijn.nl\/fr\/"},{"@type":"ListItem","position":2,"name":"Produits","item":"https:\/\/turijnmagazijn.nl\/fr\/shop\/"},{"@type":"ListItem","position":3,"name":"R\u00e9gulateur de pression Climatisation Alfa 147 156 et 166"}]},{"@type":"WebSite","@id":"https:\/\/turijnmagazijn.jumpstone-dev.nl\/#website","url":"https:\/\/turijnmagazijn.jumpstone-dev.nl\/","name":"Turijnmagazijn","description":"Onderdelen nieuw en gebruikt - Fiat &amp; Lancia","publisher":{"@id":"https:\/\/turijnmagazijn.jumpstone-dev.nl\/#organization"},"potentialAction":[{"@type":"SearchAction","target":{"@type":"EntryPoint","urlTemplate":"https:\/\/turijnmagazijn.jumpstone-dev.nl\/?s={search_term_string}"},"query-input":{"@type":"PropertyValueSpecification","valueRequired":true,"valueName":"search_term_string"}}],"inLanguage":"fr-FR"},{"@type":"Organization","@id":"https:\/\/turijnmagazijn.jumpstone-dev.nl\/#organization","name":"Turijnmagazijn","url":"https:\/\/turijnmagazijn.jumpstone-dev.nl\/","logo":{"@type":"ImageObject","inLanguage":"fr-FR","@id":"https:\/\/turijnmagazijn.jumpstone-dev.nl\/#\/schema\/logo\/image\/","url":"https:\/\/turijnmagazijn.nl\/wp-content\/uploads\/2021\/02\/turijnmagazijnlogo.png","contentUrl":"https:\/\/turijnmagazijn.nl\/wp-content\/uploads\/2021\/02\/turijnmagazijnlogo.png","width":555,"height":270,"caption":"Turijnmagazijn"},"image":{"@id":"https:\/\/turijnmagazijn.jumpstone-dev.nl\/#\/schema\/logo\/image\/"},"sameAs":["https:\/\/www.facebook.com\/turijnmagazijn"]}]}},"_links":{"self":[{"href":"https:\/\/turijnmagazijn.nl\/fr\/wp-json\/wp\/v2\/product\/63247","targetHints":{"allow":["GET"]}}],"collection":[{"href":"https:\/\/turijnmagazijn.nl\/fr\/wp-json\/wp\/v2\/product"}],"about":[{"href":"https:\/\/turijnmagazijn.nl\/fr\/wp-json\/wp\/v2\/types\/product"}],"replies":[{"embeddable":true,"href":"https:\/\/turijnmagazijn.nl\/fr\/wp-json\/wp\/v2\/comments?post=63247"}],"wp:featuredmedia":[{"embeddable":true,"href":"https:\/\/turijnmagazijn.nl\/fr\/wp-json\/wp\/v2\/media\/39304"}],"wp:attachment":[{"href":"https:\/\/turijnmagazijn.nl\/fr\/wp-json\/wp\/v2\/media?parent=63247"}],"wp:term":[{"taxonomy":"product_brand","embeddable":true,"href":"https:\/\/turijnmagazijn.nl\/fr\/wp-json\/wp\/v2\/product_brand?post=63247"},{"taxonomy":"product_cat","embeddable":true,"href":"https:\/\/turijnmagazijn.nl\/fr\/wp-json\/wp\/v2\/product_cat?post=63247"},{"taxonomy":"product_tag","embeddable":true,"href":"https:\/\/turijnmagazijn.nl\/fr\/wp-json\/wp\/v2\/product_tag?post=63247"}],"curies":[{"name":"wp","href":"https:\/\/api.w.org\/{rel}","templated":true}]}}