{"id":63288,"date":"2023-03-03T09:13:32","date_gmt":"2023-03-03T08:13:32","guid":{"rendered":"https:\/\/turijnmagazijn.nl\/product\/ecu-ordinateur-de-gestion-moteur-alfa-155-2-5-td\/"},"modified":"2024-08-19T12:31:14","modified_gmt":"2024-08-19T10:31:14","slug":"ecu-gestion-du-moteur-ordinateur-alfa-155-2-5-td","status":"publish","type":"product","link":"https:\/\/turijnmagazijn.nl\/fr\/produit\/ecu-gestion-du-moteur-ordinateur-alfa-155-2-5-td\/","title":{"rendered":"ECU Ordinateur de gestion moteur Alfa 155 2.5 TD"},"content":{"rendered":"<p><span style=\"font-size: 12px;\">Ordinateur de gestion du moteur pour le contr\u00f4le de l\u2019allumage et de l\u2019injection pour Alfa 155 \u00e9quip\u00e9 de 2.5 Turbodiesel. D\u2019un 155 construit en 1994. Il s\u2019agit d\u2019un ordinateur Bosch en aluminium avec 4 points de montage.<\/span><\/p>\n<p>Inscriptions sur l\u2019unit\u00e9:<\/p>\n<\/p>\n<ul>\n<li><span style=\"font-size: 12px;\">Bosch<\/span><\/li>\n<li><span style=\"font-size: 12px;\">Fabriqu\u00e9 en Allemagne<\/span><\/li>\n<li><span style=\"font-size: 12px;\">0 281 001 191<\/span><\/li>\n<li><span style=\"font-size: 12px;\">078<\/span><\/li>\n<li><span style=\"font-size: 12px;\">CL1T 078<\/span><\/li>\n<li><span style=\"font-size: 12px;\">372.04<\/span><\/li>\n<li><span style=\"font-size: 12px;\">28RTD058<\/span><\/li>\n<li><span style=\"font-size: 12px;\">6923.00Fiat, Fiat &gt; Grande Punto [199],  <\/span><\/li>\n<\/ul>\n<p><\/p>\n<p>Num\u00e9ro OEM Alfa Romeo Unknown<\/p>\n","protected":false},"excerpt":{"rendered":"<p>ECU Gestion moteur Alfa 155 2.5 TD &#8211; Ordinateur de gestion moteur pour le contr\u00f4le de l\u2019allumage et de l\u2019injection pour Alfa 155 \u00e9quip\u00e9 de 2.ECU Ordinateur de gestion du moteur Alfa 155 2.5 TD &#8211; Ordinateur de gestion du moteur pour le contr\u00f4le de l\u2019allumage et de l\u2019injection v<\/p>\n","protected":false},"featured_media":40064,"comment_status":"open","ping_status":"closed","template":"","meta":{"_acf_changed":false},"product_brand":[],"product_cat":[1609,1582],"product_tag":[],"class_list":{"0":"post-63288","1":"product","2":"type-product","3":"status-publish","4":"has-post-thumbnail","6":"product_cat-155-167-fr","7":"product_cat-alfa-romeo-fr","8":"pa_soort-onderdeel-electronique-et-cables","9":"pa_soort-onderdeel-moteur-et-accessoires","11":"first","12":"instock","13":"shipping-taxable","14":"purchasable","15":"product-type-simple"},"acf":[],"yoast_head":"<!-- This site is optimized with the Yoast SEO plugin v27.3 - https:\/\/yoast.com\/product\/yoast-seo-wordpress\/ -->\n<title>ECU Ordinateur de gestion moteur Alfa 155 2.5 TD - Turijnmagazijn<\/title>\n<meta name=\"robots\" content=\"index, follow, max-snippet:-1, max-image-preview:large, max-video-preview:-1\" \/>\n<link rel=\"canonical\" href=\"https:\/\/turijnmagazijn.nl\/fr\/produit\/ecu-gestion-du-moteur-ordinateur-alfa-155-2-5-td\/\" \/>\n<meta property=\"og:locale\" content=\"fr_FR\" \/>\n<meta property=\"og:type\" content=\"article\" \/>\n<meta property=\"og:title\" content=\"ECU Ordinateur de gestion moteur Alfa 155 2.5 TD - Turijnmagazijn\" \/>\n<meta property=\"og:description\" content=\"ECU Gestion moteur Alfa 155 2.5 TD - Ordinateur de gestion moteur pour le contr\u00f4le de l\u2019allumage et de l\u2019injection pour Alfa 155 \u00e9quip\u00e9 de 2.ECU Ordinateur de gestion du moteur Alfa 155 2.5 TD - Ordinateur de gestion du moteur pour le contr\u00f4le de l\u2019allumage et de l\u2019injection v\" \/>\n<meta property=\"og:url\" content=\"https:\/\/turijnmagazijn.nl\/fr\/produit\/ecu-gestion-du-moteur-ordinateur-alfa-155-2-5-td\/\" \/>\n<meta property=\"og:site_name\" content=\"Turijnmagazijn\" \/>\n<meta property=\"article:publisher\" content=\"https:\/\/www.facebook.com\/turijnmagazijn\" \/>\n<meta property=\"article:modified_time\" content=\"2024-08-19T10:31:14+00:00\" \/>\n<meta property=\"og:image\" content=\"https:\/\/turijnmagazijn.nl\/wp-content\/uploads\/2023\/03\/DK00101228_ECU_Motormanagement_computer_Alfa_155_2.5_TD_3-1.jpg\" \/>\n\t<meta property=\"og:image:width\" content=\"800\" \/>\n\t<meta property=\"og:image:height\" content=\"600\" \/>\n\t<meta property=\"og:image:type\" content=\"image\/jpeg\" \/>\n<meta name=\"twitter:card\" content=\"summary_large_image\" \/>\n<script type=\"application\/ld+json\" class=\"yoast-schema-graph\">{\"@context\":\"https:\\\/\\\/schema.org\",\"@graph\":[{\"@type\":\"WebPage\",\"@id\":\"https:\\\/\\\/turijnmagazijn.nl\\\/fr\\\/produit\\\/ecu-gestion-du-moteur-ordinateur-alfa-155-2-5-td\\\/\",\"url\":\"https:\\\/\\\/turijnmagazijn.nl\\\/fr\\\/produit\\\/ecu-gestion-du-moteur-ordinateur-alfa-155-2-5-td\\\/\",\"name\":\"ECU Ordinateur de gestion moteur Alfa 155 2.5 TD - Turijnmagazijn\",\"isPartOf\":{\"@id\":\"https:\\\/\\\/turijnmagazijn.jumpstone-dev.nl\\\/#website\"},\"primaryImageOfPage\":{\"@id\":\"https:\\\/\\\/turijnmagazijn.nl\\\/fr\\\/produit\\\/ecu-gestion-du-moteur-ordinateur-alfa-155-2-5-td\\\/#primaryimage\"},\"image\":{\"@id\":\"https:\\\/\\\/turijnmagazijn.nl\\\/fr\\\/produit\\\/ecu-gestion-du-moteur-ordinateur-alfa-155-2-5-td\\\/#primaryimage\"},\"thumbnailUrl\":\"https:\\\/\\\/turijnmagazijn.nl\\\/wp-content\\\/uploads\\\/2023\\\/03\\\/DK00101228_ECU_Motormanagement_computer_Alfa_155_2.5_TD_3-1.jpg\",\"datePublished\":\"2023-03-03T08:13:32+00:00\",\"dateModified\":\"2024-08-19T10:31:14+00:00\",\"breadcrumb\":{\"@id\":\"https:\\\/\\\/turijnmagazijn.nl\\\/fr\\\/produit\\\/ecu-gestion-du-moteur-ordinateur-alfa-155-2-5-td\\\/#breadcrumb\"},\"inLanguage\":\"fr-FR\",\"potentialAction\":[{\"@type\":\"ReadAction\",\"target\":[\"https:\\\/\\\/turijnmagazijn.nl\\\/fr\\\/produit\\\/ecu-gestion-du-moteur-ordinateur-alfa-155-2-5-td\\\/\"]}]},{\"@type\":\"ImageObject\",\"inLanguage\":\"fr-FR\",\"@id\":\"https:\\\/\\\/turijnmagazijn.nl\\\/fr\\\/produit\\\/ecu-gestion-du-moteur-ordinateur-alfa-155-2-5-td\\\/#primaryimage\",\"url\":\"https:\\\/\\\/turijnmagazijn.nl\\\/wp-content\\\/uploads\\\/2023\\\/03\\\/DK00101228_ECU_Motormanagement_computer_Alfa_155_2.5_TD_3-1.jpg\",\"contentUrl\":\"https:\\\/\\\/turijnmagazijn.nl\\\/wp-content\\\/uploads\\\/2023\\\/03\\\/DK00101228_ECU_Motormanagement_computer_Alfa_155_2.5_TD_3-1.jpg\",\"width\":800,\"height\":600},{\"@type\":\"BreadcrumbList\",\"@id\":\"https:\\\/\\\/turijnmagazijn.nl\\\/fr\\\/produit\\\/ecu-gestion-du-moteur-ordinateur-alfa-155-2-5-td\\\/#breadcrumb\",\"itemListElement\":[{\"@type\":\"ListItem\",\"position\":1,\"name\":\"Home\",\"item\":\"https:\\\/\\\/turijnmagazijn.nl\\\/fr\\\/\"},{\"@type\":\"ListItem\",\"position\":2,\"name\":\"Produits\",\"item\":\"https:\\\/\\\/turijnmagazijn.nl\\\/fr\\\/shop\\\/\"},{\"@type\":\"ListItem\",\"position\":3,\"name\":\"ECU Ordinateur de gestion moteur Alfa 155 2.5 TD\"}]},{\"@type\":\"WebSite\",\"@id\":\"https:\\\/\\\/turijnmagazijn.jumpstone-dev.nl\\\/#website\",\"url\":\"https:\\\/\\\/turijnmagazijn.jumpstone-dev.nl\\\/\",\"name\":\"Turijnmagazijn\",\"description\":\"Onderdelen nieuw en gebruikt - Fiat &amp; Lancia\",\"publisher\":{\"@id\":\"https:\\\/\\\/turijnmagazijn.jumpstone-dev.nl\\\/#organization\"},\"potentialAction\":[{\"@type\":\"SearchAction\",\"target\":{\"@type\":\"EntryPoint\",\"urlTemplate\":\"https:\\\/\\\/turijnmagazijn.jumpstone-dev.nl\\\/?s={search_term_string}\"},\"query-input\":{\"@type\":\"PropertyValueSpecification\",\"valueRequired\":true,\"valueName\":\"search_term_string\"}}],\"inLanguage\":\"fr-FR\"},{\"@type\":\"Organization\",\"@id\":\"https:\\\/\\\/turijnmagazijn.jumpstone-dev.nl\\\/#organization\",\"name\":\"Turijnmagazijn\",\"url\":\"https:\\\/\\\/turijnmagazijn.jumpstone-dev.nl\\\/\",\"logo\":{\"@type\":\"ImageObject\",\"inLanguage\":\"fr-FR\",\"@id\":\"https:\\\/\\\/turijnmagazijn.jumpstone-dev.nl\\\/#\\\/schema\\\/logo\\\/image\\\/\",\"url\":\"https:\\\/\\\/turijnmagazijn.nl\\\/wp-content\\\/uploads\\\/2021\\\/02\\\/turijnmagazijnlogo.png\",\"contentUrl\":\"https:\\\/\\\/turijnmagazijn.nl\\\/wp-content\\\/uploads\\\/2021\\\/02\\\/turijnmagazijnlogo.png\",\"width\":555,\"height\":270,\"caption\":\"Turijnmagazijn\"},\"image\":{\"@id\":\"https:\\\/\\\/turijnmagazijn.jumpstone-dev.nl\\\/#\\\/schema\\\/logo\\\/image\\\/\"},\"sameAs\":[\"https:\\\/\\\/www.facebook.com\\\/turijnmagazijn\"]}]}<\/script>\n<!-- \/ Yoast SEO plugin. -->","yoast_head_json":{"title":"ECU Ordinateur de gestion moteur Alfa 155 2.5 TD - Turijnmagazijn","robots":{"index":"index","follow":"follow","max-snippet":"max-snippet:-1","max-image-preview":"max-image-preview:large","max-video-preview":"max-video-preview:-1"},"canonical":"https:\/\/turijnmagazijn.nl\/fr\/produit\/ecu-gestion-du-moteur-ordinateur-alfa-155-2-5-td\/","og_locale":"fr_FR","og_type":"article","og_title":"ECU Ordinateur de gestion moteur Alfa 155 2.5 TD - Turijnmagazijn","og_description":"ECU Gestion moteur Alfa 155 2.5 TD - Ordinateur de gestion moteur pour le contr\u00f4le de l\u2019allumage et de l\u2019injection pour Alfa 155 \u00e9quip\u00e9 de 2.ECU Ordinateur de gestion du moteur Alfa 155 2.5 TD - Ordinateur de gestion du moteur pour le contr\u00f4le de l\u2019allumage et de l\u2019injection v","og_url":"https:\/\/turijnmagazijn.nl\/fr\/produit\/ecu-gestion-du-moteur-ordinateur-alfa-155-2-5-td\/","og_site_name":"Turijnmagazijn","article_publisher":"https:\/\/www.facebook.com\/turijnmagazijn","article_modified_time":"2024-08-19T10:31:14+00:00","og_image":[{"width":800,"height":600,"url":"https:\/\/turijnmagazijn.nl\/wp-content\/uploads\/2023\/03\/DK00101228_ECU_Motormanagement_computer_Alfa_155_2.5_TD_3-1.jpg","type":"image\/jpeg"}],"twitter_card":"summary_large_image","schema":{"@context":"https:\/\/schema.org","@graph":[{"@type":"WebPage","@id":"https:\/\/turijnmagazijn.nl\/fr\/produit\/ecu-gestion-du-moteur-ordinateur-alfa-155-2-5-td\/","url":"https:\/\/turijnmagazijn.nl\/fr\/produit\/ecu-gestion-du-moteur-ordinateur-alfa-155-2-5-td\/","name":"ECU Ordinateur de gestion moteur Alfa 155 2.5 TD - Turijnmagazijn","isPartOf":{"@id":"https:\/\/turijnmagazijn.jumpstone-dev.nl\/#website"},"primaryImageOfPage":{"@id":"https:\/\/turijnmagazijn.nl\/fr\/produit\/ecu-gestion-du-moteur-ordinateur-alfa-155-2-5-td\/#primaryimage"},"image":{"@id":"https:\/\/turijnmagazijn.nl\/fr\/produit\/ecu-gestion-du-moteur-ordinateur-alfa-155-2-5-td\/#primaryimage"},"thumbnailUrl":"https:\/\/turijnmagazijn.nl\/wp-content\/uploads\/2023\/03\/DK00101228_ECU_Motormanagement_computer_Alfa_155_2.5_TD_3-1.jpg","datePublished":"2023-03-03T08:13:32+00:00","dateModified":"2024-08-19T10:31:14+00:00","breadcrumb":{"@id":"https:\/\/turijnmagazijn.nl\/fr\/produit\/ecu-gestion-du-moteur-ordinateur-alfa-155-2-5-td\/#breadcrumb"},"inLanguage":"fr-FR","potentialAction":[{"@type":"ReadAction","target":["https:\/\/turijnmagazijn.nl\/fr\/produit\/ecu-gestion-du-moteur-ordinateur-alfa-155-2-5-td\/"]}]},{"@type":"ImageObject","inLanguage":"fr-FR","@id":"https:\/\/turijnmagazijn.nl\/fr\/produit\/ecu-gestion-du-moteur-ordinateur-alfa-155-2-5-td\/#primaryimage","url":"https:\/\/turijnmagazijn.nl\/wp-content\/uploads\/2023\/03\/DK00101228_ECU_Motormanagement_computer_Alfa_155_2.5_TD_3-1.jpg","contentUrl":"https:\/\/turijnmagazijn.nl\/wp-content\/uploads\/2023\/03\/DK00101228_ECU_Motormanagement_computer_Alfa_155_2.5_TD_3-1.jpg","width":800,"height":600},{"@type":"BreadcrumbList","@id":"https:\/\/turijnmagazijn.nl\/fr\/produit\/ecu-gestion-du-moteur-ordinateur-alfa-155-2-5-td\/#breadcrumb","itemListElement":[{"@type":"ListItem","position":1,"name":"Home","item":"https:\/\/turijnmagazijn.nl\/fr\/"},{"@type":"ListItem","position":2,"name":"Produits","item":"https:\/\/turijnmagazijn.nl\/fr\/shop\/"},{"@type":"ListItem","position":3,"name":"ECU Ordinateur de gestion moteur Alfa 155 2.5 TD"}]},{"@type":"WebSite","@id":"https:\/\/turijnmagazijn.jumpstone-dev.nl\/#website","url":"https:\/\/turijnmagazijn.jumpstone-dev.nl\/","name":"Turijnmagazijn","description":"Onderdelen nieuw en gebruikt - Fiat &amp; Lancia","publisher":{"@id":"https:\/\/turijnmagazijn.jumpstone-dev.nl\/#organization"},"potentialAction":[{"@type":"SearchAction","target":{"@type":"EntryPoint","urlTemplate":"https:\/\/turijnmagazijn.jumpstone-dev.nl\/?s={search_term_string}"},"query-input":{"@type":"PropertyValueSpecification","valueRequired":true,"valueName":"search_term_string"}}],"inLanguage":"fr-FR"},{"@type":"Organization","@id":"https:\/\/turijnmagazijn.jumpstone-dev.nl\/#organization","name":"Turijnmagazijn","url":"https:\/\/turijnmagazijn.jumpstone-dev.nl\/","logo":{"@type":"ImageObject","inLanguage":"fr-FR","@id":"https:\/\/turijnmagazijn.jumpstone-dev.nl\/#\/schema\/logo\/image\/","url":"https:\/\/turijnmagazijn.nl\/wp-content\/uploads\/2021\/02\/turijnmagazijnlogo.png","contentUrl":"https:\/\/turijnmagazijn.nl\/wp-content\/uploads\/2021\/02\/turijnmagazijnlogo.png","width":555,"height":270,"caption":"Turijnmagazijn"},"image":{"@id":"https:\/\/turijnmagazijn.jumpstone-dev.nl\/#\/schema\/logo\/image\/"},"sameAs":["https:\/\/www.facebook.com\/turijnmagazijn"]}]}},"_links":{"self":[{"href":"https:\/\/turijnmagazijn.nl\/fr\/wp-json\/wp\/v2\/product\/63288","targetHints":{"allow":["GET"]}}],"collection":[{"href":"https:\/\/turijnmagazijn.nl\/fr\/wp-json\/wp\/v2\/product"}],"about":[{"href":"https:\/\/turijnmagazijn.nl\/fr\/wp-json\/wp\/v2\/types\/product"}],"replies":[{"embeddable":true,"href":"https:\/\/turijnmagazijn.nl\/fr\/wp-json\/wp\/v2\/comments?post=63288"}],"wp:featuredmedia":[{"embeddable":true,"href":"https:\/\/turijnmagazijn.nl\/fr\/wp-json\/wp\/v2\/media\/40064"}],"wp:attachment":[{"href":"https:\/\/turijnmagazijn.nl\/fr\/wp-json\/wp\/v2\/media?parent=63288"}],"wp:term":[{"taxonomy":"product_brand","embeddable":true,"href":"https:\/\/turijnmagazijn.nl\/fr\/wp-json\/wp\/v2\/product_brand?post=63288"},{"taxonomy":"product_cat","embeddable":true,"href":"https:\/\/turijnmagazijn.nl\/fr\/wp-json\/wp\/v2\/product_cat?post=63288"},{"taxonomy":"product_tag","embeddable":true,"href":"https:\/\/turijnmagazijn.nl\/fr\/wp-json\/wp\/v2\/product_tag?post=63288"}],"curies":[{"name":"wp","href":"https:\/\/api.w.org\/{rel}","templated":true}]}}