{"id":63383,"date":"2023-03-03T09:13:34","date_gmt":"2023-03-03T08:13:34","guid":{"rendered":"https:\/\/turijnmagazijn.nl\/product\/livret-du-proprietaire-avec-pieces-jointes-et-couverture-alfa-147\/"},"modified":"2023-07-26T13:55:11","modified_gmt":"2023-07-26T11:55:11","slug":"livret-dinstructions-avec-pieces-et-couverture-alfa-147","status":"publish","type":"product","link":"https:\/\/turijnmagazijn.nl\/fr\/produit\/livret-dinstructions-avec-pieces-et-couverture-alfa-147\/","title":{"rendered":"Livret du propri\u00e9taire avec pi\u00e8ces jointes et couverture Alfa 147"},"content":{"rendered":"<p><a style=\"background-color: #ffffff; color: #23527c; outline: 0px;\" href=\"https:\/\/turijnmagazijn.nl\/fr\/expedition-par-boite-aux-lettres\/\" target=\"\" rel=\"noopener\"><img decoding=\"async\" src=\"https:\/\/www.delenkorf.nl\/image\/catalog\/brievenbus.png\"><\/a><span style=\"font-size: 12px;\"><br \/>\n<\/span><\/p>\n<p><span style=\"font-size: 12px;\">Livret d\u2019instructions en bon \u00e9tat, et fourni avec pi\u00e8ces jointes, adresses de service et carnet d\u2019entretien. Le livret d\u2019instructions appartenait \u00e0 une Alfa Romeo 147 de 2002 et est \u00e9crit en n\u00e9erlandais. L\u2019ensemble est livr\u00e9 dans la couverture d\u2019origine, qui est encore dans un \u00e9tat assez soign\u00e9.  <\/span><\/p>\n<p><span style=\"font-size: 12px;\">Le livret d\u2019instructions provient d\u2019une voiture fumante et n\u2019est donc pas \u00ab&nbsp;frais&nbsp;\u00bb<\/span><\/p>\n<p><span style=\"font-size: 12px;\">1re \u00e9d. NL<\/span><\/p>\n<p><span style=\"font-size: 12px;\">Num\u00e9ro OEM Alfa Romeo 60490983<\/span><\/p>\n","protected":false},"excerpt":{"rendered":"<p>Livret d\u2019instructions avec pi\u00e8ces jointes et couvercle Alfa 147 &#8211; Livret d\u2019instructions en bon \u00e9tat, et avec pi\u00e8ces jointes, adresses de service et carnet d\u2019entretien.<\/p>\n","protected":false},"featured_media":40540,"comment_status":"closed","ping_status":"closed","template":"","meta":{"_acf_changed":false},"product_brand":[],"product_cat":[1606,1582],"product_tag":[],"class_list":{"0":"post-63383","1":"product","2":"type-product","3":"status-publish","4":"has-post-thumbnail","6":"product_cat-147-937-fr","7":"product_cat-alfa-romeo-fr","8":"pa_soort-onderdeel-interieur-et-sellerie","9":"pa_soort-onderdeel-livres-et-documentation","11":"first","12":"instock","13":"shipping-taxable","14":"purchasable","15":"product-type-simple"},"acf":[],"yoast_head":"<!-- This site is optimized with the Yoast SEO plugin v27.2 - https:\/\/yoast.com\/product\/yoast-seo-wordpress\/ -->\n<title>Livret du propri\u00e9taire avec pi\u00e8ces jointes et couverture Alfa 147 - Turijnmagazijn<\/title>\n<meta name=\"robots\" content=\"index, follow, max-snippet:-1, max-image-preview:large, max-video-preview:-1\" \/>\n<link rel=\"canonical\" href=\"https:\/\/turijnmagazijn.nl\/fr\/produit\/livret-dinstructions-avec-pieces-et-couverture-alfa-147\/\" \/>\n<meta property=\"og:locale\" content=\"fr_FR\" \/>\n<meta property=\"og:type\" content=\"article\" \/>\n<meta property=\"og:title\" content=\"Livret du propri\u00e9taire avec pi\u00e8ces jointes et couverture Alfa 147 - Turijnmagazijn\" \/>\n<meta property=\"og:description\" content=\"Livret d\u2019instructions avec pi\u00e8ces jointes et couvercle Alfa 147 - Livret d\u2019instructions en bon \u00e9tat, et avec pi\u00e8ces jointes, adresses de service et carnet d\u2019entretien.\" \/>\n<meta property=\"og:url\" content=\"https:\/\/turijnmagazijn.nl\/fr\/produit\/livret-dinstructions-avec-pieces-et-couverture-alfa-147\/\" \/>\n<meta property=\"og:site_name\" content=\"Turijnmagazijn\" \/>\n<meta property=\"article:publisher\" content=\"https:\/\/www.facebook.com\/turijnmagazijn\" \/>\n<meta property=\"article:modified_time\" content=\"2023-07-26T11:55:11+00:00\" \/>\n<meta property=\"og:image\" content=\"https:\/\/turijnmagazijn.jumpstone-dev.nl\/wp-content\/uploads\/2023\/03\/DK00101291-Instructieboekje-met-bijlagen-en-hoes-Alfa-147-5.jpg\" \/>\n\t<meta property=\"og:image:width\" content=\"800\" \/>\n\t<meta property=\"og:image:height\" content=\"600\" \/>\n\t<meta property=\"og:image:type\" content=\"image\/jpeg\" \/>\n<meta name=\"twitter:card\" content=\"summary_large_image\" \/>\n<script type=\"application\/ld+json\" class=\"yoast-schema-graph\">{\"@context\":\"https:\/\/schema.org\",\"@graph\":[{\"@type\":\"WebPage\",\"@id\":\"https:\/\/turijnmagazijn.nl\/fr\/produit\/livret-dinstructions-avec-pieces-et-couverture-alfa-147\/\",\"url\":\"https:\/\/turijnmagazijn.nl\/fr\/produit\/livret-dinstructions-avec-pieces-et-couverture-alfa-147\/\",\"name\":\"Livret du propri\u00e9taire avec pi\u00e8ces jointes et couverture Alfa 147 - Turijnmagazijn\",\"isPartOf\":{\"@id\":\"https:\/\/turijnmagazijn.jumpstone-dev.nl\/#website\"},\"primaryImageOfPage\":{\"@id\":\"https:\/\/turijnmagazijn.nl\/fr\/produit\/livret-dinstructions-avec-pieces-et-couverture-alfa-147\/#primaryimage\"},\"image\":{\"@id\":\"https:\/\/turijnmagazijn.nl\/fr\/produit\/livret-dinstructions-avec-pieces-et-couverture-alfa-147\/#primaryimage\"},\"thumbnailUrl\":\"https:\/\/turijnmagazijn.nl\/wp-content\/uploads\/2023\/03\/DK00101291-Instructieboekje-met-bijlagen-en-hoes-Alfa-147-5.jpg\",\"datePublished\":\"2023-03-03T08:13:34+00:00\",\"dateModified\":\"2023-07-26T11:55:11+00:00\",\"breadcrumb\":{\"@id\":\"https:\/\/turijnmagazijn.nl\/fr\/produit\/livret-dinstructions-avec-pieces-et-couverture-alfa-147\/#breadcrumb\"},\"inLanguage\":\"fr-FR\",\"potentialAction\":[{\"@type\":\"ReadAction\",\"target\":[\"https:\/\/turijnmagazijn.nl\/fr\/produit\/livret-dinstructions-avec-pieces-et-couverture-alfa-147\/\"]}]},{\"@type\":\"ImageObject\",\"inLanguage\":\"fr-FR\",\"@id\":\"https:\/\/turijnmagazijn.nl\/fr\/produit\/livret-dinstructions-avec-pieces-et-couverture-alfa-147\/#primaryimage\",\"url\":\"https:\/\/turijnmagazijn.nl\/wp-content\/uploads\/2023\/03\/DK00101291-Instructieboekje-met-bijlagen-en-hoes-Alfa-147-5.jpg\",\"contentUrl\":\"https:\/\/turijnmagazijn.nl\/wp-content\/uploads\/2023\/03\/DK00101291-Instructieboekje-met-bijlagen-en-hoes-Alfa-147-5.jpg\",\"width\":800,\"height\":600},{\"@type\":\"BreadcrumbList\",\"@id\":\"https:\/\/turijnmagazijn.nl\/fr\/produit\/livret-dinstructions-avec-pieces-et-couverture-alfa-147\/#breadcrumb\",\"itemListElement\":[{\"@type\":\"ListItem\",\"position\":1,\"name\":\"Home\",\"item\":\"https:\/\/turijnmagazijn.nl\/fr\/\"},{\"@type\":\"ListItem\",\"position\":2,\"name\":\"Produits\",\"item\":\"https:\/\/turijnmagazijn.nl\/fr\/shop\/\"},{\"@type\":\"ListItem\",\"position\":3,\"name\":\"Livret du propri\u00e9taire avec pi\u00e8ces jointes et couverture Alfa 147\"}]},{\"@type\":\"WebSite\",\"@id\":\"https:\/\/turijnmagazijn.jumpstone-dev.nl\/#website\",\"url\":\"https:\/\/turijnmagazijn.jumpstone-dev.nl\/\",\"name\":\"Turijnmagazijn\",\"description\":\"Onderdelen nieuw en gebruikt - Fiat &amp; Lancia\",\"publisher\":{\"@id\":\"https:\/\/turijnmagazijn.jumpstone-dev.nl\/#organization\"},\"potentialAction\":[{\"@type\":\"SearchAction\",\"target\":{\"@type\":\"EntryPoint\",\"urlTemplate\":\"https:\/\/turijnmagazijn.jumpstone-dev.nl\/?s={search_term_string}\"},\"query-input\":{\"@type\":\"PropertyValueSpecification\",\"valueRequired\":true,\"valueName\":\"search_term_string\"}}],\"inLanguage\":\"fr-FR\"},{\"@type\":\"Organization\",\"@id\":\"https:\/\/turijnmagazijn.jumpstone-dev.nl\/#organization\",\"name\":\"Turijnmagazijn\",\"url\":\"https:\/\/turijnmagazijn.jumpstone-dev.nl\/\",\"logo\":{\"@type\":\"ImageObject\",\"inLanguage\":\"fr-FR\",\"@id\":\"https:\/\/turijnmagazijn.jumpstone-dev.nl\/#\/schema\/logo\/image\/\",\"url\":\"https:\/\/turijnmagazijn.nl\/wp-content\/uploads\/2021\/02\/turijnmagazijnlogo.png\",\"contentUrl\":\"https:\/\/turijnmagazijn.nl\/wp-content\/uploads\/2021\/02\/turijnmagazijnlogo.png\",\"width\":555,\"height\":270,\"caption\":\"Turijnmagazijn\"},\"image\":{\"@id\":\"https:\/\/turijnmagazijn.jumpstone-dev.nl\/#\/schema\/logo\/image\/\"},\"sameAs\":[\"https:\/\/www.facebook.com\/turijnmagazijn\"]}]}<\/script>\n<!-- \/ Yoast SEO plugin. -->","yoast_head_json":{"title":"Livret du propri\u00e9taire avec pi\u00e8ces jointes et couverture Alfa 147 - Turijnmagazijn","robots":{"index":"index","follow":"follow","max-snippet":"max-snippet:-1","max-image-preview":"max-image-preview:large","max-video-preview":"max-video-preview:-1"},"canonical":"https:\/\/turijnmagazijn.nl\/fr\/produit\/livret-dinstructions-avec-pieces-et-couverture-alfa-147\/","og_locale":"fr_FR","og_type":"article","og_title":"Livret du propri\u00e9taire avec pi\u00e8ces jointes et couverture Alfa 147 - Turijnmagazijn","og_description":"Livret d\u2019instructions avec pi\u00e8ces jointes et couvercle Alfa 147 - Livret d\u2019instructions en bon \u00e9tat, et avec pi\u00e8ces jointes, adresses de service et carnet d\u2019entretien.","og_url":"https:\/\/turijnmagazijn.nl\/fr\/produit\/livret-dinstructions-avec-pieces-et-couverture-alfa-147\/","og_site_name":"Turijnmagazijn","article_publisher":"https:\/\/www.facebook.com\/turijnmagazijn","article_modified_time":"2023-07-26T11:55:11+00:00","og_image":[{"width":800,"height":600,"url":"https:\/\/turijnmagazijn.jumpstone-dev.nl\/wp-content\/uploads\/2023\/03\/DK00101291-Instructieboekje-met-bijlagen-en-hoes-Alfa-147-5.jpg","type":"image\/jpeg"}],"twitter_card":"summary_large_image","schema":{"@context":"https:\/\/schema.org","@graph":[{"@type":"WebPage","@id":"https:\/\/turijnmagazijn.nl\/fr\/produit\/livret-dinstructions-avec-pieces-et-couverture-alfa-147\/","url":"https:\/\/turijnmagazijn.nl\/fr\/produit\/livret-dinstructions-avec-pieces-et-couverture-alfa-147\/","name":"Livret du propri\u00e9taire avec pi\u00e8ces jointes et couverture Alfa 147 - Turijnmagazijn","isPartOf":{"@id":"https:\/\/turijnmagazijn.jumpstone-dev.nl\/#website"},"primaryImageOfPage":{"@id":"https:\/\/turijnmagazijn.nl\/fr\/produit\/livret-dinstructions-avec-pieces-et-couverture-alfa-147\/#primaryimage"},"image":{"@id":"https:\/\/turijnmagazijn.nl\/fr\/produit\/livret-dinstructions-avec-pieces-et-couverture-alfa-147\/#primaryimage"},"thumbnailUrl":"https:\/\/turijnmagazijn.nl\/wp-content\/uploads\/2023\/03\/DK00101291-Instructieboekje-met-bijlagen-en-hoes-Alfa-147-5.jpg","datePublished":"2023-03-03T08:13:34+00:00","dateModified":"2023-07-26T11:55:11+00:00","breadcrumb":{"@id":"https:\/\/turijnmagazijn.nl\/fr\/produit\/livret-dinstructions-avec-pieces-et-couverture-alfa-147\/#breadcrumb"},"inLanguage":"fr-FR","potentialAction":[{"@type":"ReadAction","target":["https:\/\/turijnmagazijn.nl\/fr\/produit\/livret-dinstructions-avec-pieces-et-couverture-alfa-147\/"]}]},{"@type":"ImageObject","inLanguage":"fr-FR","@id":"https:\/\/turijnmagazijn.nl\/fr\/produit\/livret-dinstructions-avec-pieces-et-couverture-alfa-147\/#primaryimage","url":"https:\/\/turijnmagazijn.nl\/wp-content\/uploads\/2023\/03\/DK00101291-Instructieboekje-met-bijlagen-en-hoes-Alfa-147-5.jpg","contentUrl":"https:\/\/turijnmagazijn.nl\/wp-content\/uploads\/2023\/03\/DK00101291-Instructieboekje-met-bijlagen-en-hoes-Alfa-147-5.jpg","width":800,"height":600},{"@type":"BreadcrumbList","@id":"https:\/\/turijnmagazijn.nl\/fr\/produit\/livret-dinstructions-avec-pieces-et-couverture-alfa-147\/#breadcrumb","itemListElement":[{"@type":"ListItem","position":1,"name":"Home","item":"https:\/\/turijnmagazijn.nl\/fr\/"},{"@type":"ListItem","position":2,"name":"Produits","item":"https:\/\/turijnmagazijn.nl\/fr\/shop\/"},{"@type":"ListItem","position":3,"name":"Livret du propri\u00e9taire avec pi\u00e8ces jointes et couverture Alfa 147"}]},{"@type":"WebSite","@id":"https:\/\/turijnmagazijn.jumpstone-dev.nl\/#website","url":"https:\/\/turijnmagazijn.jumpstone-dev.nl\/","name":"Turijnmagazijn","description":"Onderdelen nieuw en gebruikt - Fiat &amp; Lancia","publisher":{"@id":"https:\/\/turijnmagazijn.jumpstone-dev.nl\/#organization"},"potentialAction":[{"@type":"SearchAction","target":{"@type":"EntryPoint","urlTemplate":"https:\/\/turijnmagazijn.jumpstone-dev.nl\/?s={search_term_string}"},"query-input":{"@type":"PropertyValueSpecification","valueRequired":true,"valueName":"search_term_string"}}],"inLanguage":"fr-FR"},{"@type":"Organization","@id":"https:\/\/turijnmagazijn.jumpstone-dev.nl\/#organization","name":"Turijnmagazijn","url":"https:\/\/turijnmagazijn.jumpstone-dev.nl\/","logo":{"@type":"ImageObject","inLanguage":"fr-FR","@id":"https:\/\/turijnmagazijn.jumpstone-dev.nl\/#\/schema\/logo\/image\/","url":"https:\/\/turijnmagazijn.nl\/wp-content\/uploads\/2021\/02\/turijnmagazijnlogo.png","contentUrl":"https:\/\/turijnmagazijn.nl\/wp-content\/uploads\/2021\/02\/turijnmagazijnlogo.png","width":555,"height":270,"caption":"Turijnmagazijn"},"image":{"@id":"https:\/\/turijnmagazijn.jumpstone-dev.nl\/#\/schema\/logo\/image\/"},"sameAs":["https:\/\/www.facebook.com\/turijnmagazijn"]}]}},"_links":{"self":[{"href":"https:\/\/turijnmagazijn.nl\/fr\/wp-json\/wp\/v2\/product\/63383","targetHints":{"allow":["GET"]}}],"collection":[{"href":"https:\/\/turijnmagazijn.nl\/fr\/wp-json\/wp\/v2\/product"}],"about":[{"href":"https:\/\/turijnmagazijn.nl\/fr\/wp-json\/wp\/v2\/types\/product"}],"replies":[{"embeddable":true,"href":"https:\/\/turijnmagazijn.nl\/fr\/wp-json\/wp\/v2\/comments?post=63383"}],"wp:featuredmedia":[{"embeddable":true,"href":"https:\/\/turijnmagazijn.nl\/fr\/wp-json\/wp\/v2\/media\/40540"}],"wp:attachment":[{"href":"https:\/\/turijnmagazijn.nl\/fr\/wp-json\/wp\/v2\/media?parent=63383"}],"wp:term":[{"taxonomy":"product_brand","embeddable":true,"href":"https:\/\/turijnmagazijn.nl\/fr\/wp-json\/wp\/v2\/product_brand?post=63383"},{"taxonomy":"product_cat","embeddable":true,"href":"https:\/\/turijnmagazijn.nl\/fr\/wp-json\/wp\/v2\/product_cat?post=63383"},{"taxonomy":"product_tag","embeddable":true,"href":"https:\/\/turijnmagazijn.nl\/fr\/wp-json\/wp\/v2\/product_tag?post=63383"}],"curies":[{"name":"wp","href":"https:\/\/api.w.org\/{rel}","templated":true}]}}