{"id":63397,"date":"2023-03-03T09:13:34","date_gmt":"2023-03-03T08:13:34","guid":{"rendered":"https:\/\/turijnmagazijn.nl\/product\/manuel-du-proprietaire-avec-accessoires-et-housse-fiat-stilo\/"},"modified":"2023-07-26T13:55:09","modified_gmt":"2023-07-26T11:55:09","slug":"livret-dinstructions-avec-pieces-et-couverture-fiat-stilo","status":"publish","type":"product","link":"https:\/\/turijnmagazijn.nl\/fr\/produit\/livret-dinstructions-avec-pieces-et-couverture-fiat-stilo\/","title":{"rendered":"Manuel du propri\u00e9taire avec accessoires et housse Fiat Stilo"},"content":{"rendered":"<p><a style=\"background-color: #ffffff; color: #23527c; outline: 0px;\" href=\"https:\/\/turijnmagazijn.nl\/fr\/expedition-par-boite-aux-lettres\/\" target=\"\" rel=\"noopener\"><img decoding=\"async\" src=\"https:\/\/www.delenkorf.nl\/image\/catalog\/brievenbus.png\"><\/a><span style=\"font-size: 12px;\"><br \/>\n<\/span><\/p>\n<p><span style=\"font-size: 12px;\">Livret d\u2019instructions en bon \u00e9tat, avec pi\u00e8ces jointes, adresses de service et carnet d\u2019entretien, livret Lineaccesoiri avec accessoires optionnels disponibles pour le Stilo. \u00c9galement \u00e9quip\u00e9 du livret d\u2019instructions pour CONNECT nav, pour Stilo \u00e9quip\u00e9 d\u2019un syst\u00e8me de navigation grand \u00e9cran. Le livret d\u2019instructions appartenait \u00e0 une Fiat Stilo Abarth construite en 2003 et est \u00e9crit en n\u00e9erlandais. L\u2019ensemble est livr\u00e9 dans la couverture orange robuste d\u2019origine, qui est encore dans un \u00e9tat assez soign\u00e9.  <\/span><\/p>\n<p><span style=\"font-size: 12px;\">Le livret d\u2019instructions provient de la voiture d\u2019un fumeur et n\u2019est donc pas \u00ab frais \u00bb.<\/span><\/p>\n<p>VII-2001 1\u00e8re \u00e9dition<\/p>\n<p><span style=\"font-size: 12px;\">60345328 FIAT OEM<\/span><\/p>\n","protected":false},"excerpt":{"rendered":"<p>Manuel du propri\u00e9taire avec accessoires et couvercle Fiat Stilo &#8211; Livret d\u2019instructions en bon \u00e9tat, et avec accessoires, adresses d\u2019entretien et carnet d\u2019entretien, livret Lineaccesoiri avec accessoires optionnels disponibles pour le Stilo.<\/p>\n","protected":false},"featured_media":33856,"comment_status":"closed","ping_status":"closed","template":"","meta":{"_acf_changed":false},"product_brand":[],"product_cat":[1766,1769,1690,1774,1763],"product_tag":[],"class_list":{"0":"post-63397","1":"product","2":"type-product","3":"status-publish","4":"has-post-thumbnail","6":"product_cat-5drs-fr","7":"product_cat-abarth-3drs-fr","8":"product_cat-fiat-fr","9":"product_cat-multiwagon-fr","10":"product_cat-stilo-192-fr","11":"pa_soort-onderdeel-interieur-et-sellerie","12":"pa_soort-onderdeel-livres-et-documentation","14":"first","15":"instock","16":"shipping-taxable","17":"purchasable","18":"product-type-simple"},"acf":[],"yoast_head":"<!-- This site is optimized with the Yoast SEO plugin v27.2 - https:\/\/yoast.com\/product\/yoast-seo-wordpress\/ -->\n<title>Manuel du propri\u00e9taire avec accessoires et housse Fiat Stilo - Turijnmagazijn<\/title>\n<meta name=\"robots\" content=\"index, follow, max-snippet:-1, max-image-preview:large, max-video-preview:-1\" \/>\n<link rel=\"canonical\" href=\"https:\/\/turijnmagazijn.nl\/fr\/produit\/livret-dinstructions-avec-pieces-et-couverture-fiat-stilo\/\" \/>\n<meta property=\"og:locale\" content=\"fr_FR\" \/>\n<meta property=\"og:type\" content=\"article\" \/>\n<meta property=\"og:title\" content=\"Manuel du propri\u00e9taire avec accessoires et housse Fiat Stilo - Turijnmagazijn\" \/>\n<meta property=\"og:description\" content=\"Manuel du propri\u00e9taire avec accessoires et couvercle Fiat Stilo - Livret d\u2019instructions en bon \u00e9tat, et avec accessoires, adresses d\u2019entretien et carnet d\u2019entretien, livret Lineaccesoiri avec accessoires optionnels disponibles pour le Stilo.\" \/>\n<meta property=\"og:url\" content=\"https:\/\/turijnmagazijn.nl\/fr\/produit\/livret-dinstructions-avec-pieces-et-couverture-fiat-stilo\/\" \/>\n<meta property=\"og:site_name\" content=\"Turijnmagazijn\" \/>\n<meta property=\"article:publisher\" content=\"https:\/\/www.facebook.com\/turijnmagazijn\" \/>\n<meta property=\"article:modified_time\" content=\"2023-07-26T11:55:09+00:00\" \/>\n<meta property=\"og:image\" content=\"https:\/\/turijnmagazijn.jumpstone-dev.nl\/wp-content\/uploads\/2023\/03\/DK00101292-Instructieboekje-met-bijlagen-en-hoes-Fiat-Stilo-455-600x600-1.jpg\" \/>\n\t<meta property=\"og:image:width\" content=\"600\" \/>\n\t<meta property=\"og:image:height\" content=\"600\" \/>\n\t<meta property=\"og:image:type\" content=\"image\/jpeg\" \/>\n<meta name=\"twitter:card\" content=\"summary_large_image\" \/>\n<meta name=\"twitter:label1\" content=\"Dur\u00e9e de lecture estim\u00e9e\" \/>\n\t<meta name=\"twitter:data1\" content=\"1 minute\" \/>\n<script type=\"application\/ld+json\" class=\"yoast-schema-graph\">{\"@context\":\"https:\/\/schema.org\",\"@graph\":[{\"@type\":\"WebPage\",\"@id\":\"https:\/\/turijnmagazijn.nl\/fr\/produit\/livret-dinstructions-avec-pieces-et-couverture-fiat-stilo\/\",\"url\":\"https:\/\/turijnmagazijn.nl\/fr\/produit\/livret-dinstructions-avec-pieces-et-couverture-fiat-stilo\/\",\"name\":\"Manuel du propri\u00e9taire avec accessoires et housse Fiat Stilo - Turijnmagazijn\",\"isPartOf\":{\"@id\":\"https:\/\/turijnmagazijn.jumpstone-dev.nl\/#website\"},\"primaryImageOfPage\":{\"@id\":\"https:\/\/turijnmagazijn.nl\/fr\/produit\/livret-dinstructions-avec-pieces-et-couverture-fiat-stilo\/#primaryimage\"},\"image\":{\"@id\":\"https:\/\/turijnmagazijn.nl\/fr\/produit\/livret-dinstructions-avec-pieces-et-couverture-fiat-stilo\/#primaryimage\"},\"thumbnailUrl\":\"https:\/\/turijnmagazijn.nl\/wp-content\/uploads\/2023\/03\/DK00101292-Instructieboekje-met-bijlagen-en-hoes-Fiat-Stilo-455-600x600-1.jpg\",\"datePublished\":\"2023-03-03T08:13:34+00:00\",\"dateModified\":\"2023-07-26T11:55:09+00:00\",\"breadcrumb\":{\"@id\":\"https:\/\/turijnmagazijn.nl\/fr\/produit\/livret-dinstructions-avec-pieces-et-couverture-fiat-stilo\/#breadcrumb\"},\"inLanguage\":\"fr-FR\",\"potentialAction\":[{\"@type\":\"ReadAction\",\"target\":[\"https:\/\/turijnmagazijn.nl\/fr\/produit\/livret-dinstructions-avec-pieces-et-couverture-fiat-stilo\/\"]}]},{\"@type\":\"ImageObject\",\"inLanguage\":\"fr-FR\",\"@id\":\"https:\/\/turijnmagazijn.nl\/fr\/produit\/livret-dinstructions-avec-pieces-et-couverture-fiat-stilo\/#primaryimage\",\"url\":\"https:\/\/turijnmagazijn.nl\/wp-content\/uploads\/2023\/03\/DK00101292-Instructieboekje-met-bijlagen-en-hoes-Fiat-Stilo-455-600x600-1.jpg\",\"contentUrl\":\"https:\/\/turijnmagazijn.nl\/wp-content\/uploads\/2023\/03\/DK00101292-Instructieboekje-met-bijlagen-en-hoes-Fiat-Stilo-455-600x600-1.jpg\",\"width\":600,\"height\":600},{\"@type\":\"BreadcrumbList\",\"@id\":\"https:\/\/turijnmagazijn.nl\/fr\/produit\/livret-dinstructions-avec-pieces-et-couverture-fiat-stilo\/#breadcrumb\",\"itemListElement\":[{\"@type\":\"ListItem\",\"position\":1,\"name\":\"Home\",\"item\":\"https:\/\/turijnmagazijn.nl\/fr\/\"},{\"@type\":\"ListItem\",\"position\":2,\"name\":\"Produits\",\"item\":\"https:\/\/turijnmagazijn.nl\/fr\/shop\/\"},{\"@type\":\"ListItem\",\"position\":3,\"name\":\"Manuel du propri\u00e9taire avec accessoires et housse Fiat Stilo\"}]},{\"@type\":\"WebSite\",\"@id\":\"https:\/\/turijnmagazijn.jumpstone-dev.nl\/#website\",\"url\":\"https:\/\/turijnmagazijn.jumpstone-dev.nl\/\",\"name\":\"Turijnmagazijn\",\"description\":\"Onderdelen nieuw en gebruikt - Fiat &amp; Lancia\",\"publisher\":{\"@id\":\"https:\/\/turijnmagazijn.jumpstone-dev.nl\/#organization\"},\"potentialAction\":[{\"@type\":\"SearchAction\",\"target\":{\"@type\":\"EntryPoint\",\"urlTemplate\":\"https:\/\/turijnmagazijn.jumpstone-dev.nl\/?s={search_term_string}\"},\"query-input\":{\"@type\":\"PropertyValueSpecification\",\"valueRequired\":true,\"valueName\":\"search_term_string\"}}],\"inLanguage\":\"fr-FR\"},{\"@type\":\"Organization\",\"@id\":\"https:\/\/turijnmagazijn.jumpstone-dev.nl\/#organization\",\"name\":\"Turijnmagazijn\",\"url\":\"https:\/\/turijnmagazijn.jumpstone-dev.nl\/\",\"logo\":{\"@type\":\"ImageObject\",\"inLanguage\":\"fr-FR\",\"@id\":\"https:\/\/turijnmagazijn.jumpstone-dev.nl\/#\/schema\/logo\/image\/\",\"url\":\"https:\/\/turijnmagazijn.nl\/wp-content\/uploads\/2021\/02\/turijnmagazijnlogo.png\",\"contentUrl\":\"https:\/\/turijnmagazijn.nl\/wp-content\/uploads\/2021\/02\/turijnmagazijnlogo.png\",\"width\":555,\"height\":270,\"caption\":\"Turijnmagazijn\"},\"image\":{\"@id\":\"https:\/\/turijnmagazijn.jumpstone-dev.nl\/#\/schema\/logo\/image\/\"},\"sameAs\":[\"https:\/\/www.facebook.com\/turijnmagazijn\"]}]}<\/script>\n<!-- \/ Yoast SEO plugin. -->","yoast_head_json":{"title":"Manuel du propri\u00e9taire avec accessoires et housse Fiat Stilo - Turijnmagazijn","robots":{"index":"index","follow":"follow","max-snippet":"max-snippet:-1","max-image-preview":"max-image-preview:large","max-video-preview":"max-video-preview:-1"},"canonical":"https:\/\/turijnmagazijn.nl\/fr\/produit\/livret-dinstructions-avec-pieces-et-couverture-fiat-stilo\/","og_locale":"fr_FR","og_type":"article","og_title":"Manuel du propri\u00e9taire avec accessoires et housse Fiat Stilo - Turijnmagazijn","og_description":"Manuel du propri\u00e9taire avec accessoires et couvercle Fiat Stilo - Livret d\u2019instructions en bon \u00e9tat, et avec accessoires, adresses d\u2019entretien et carnet d\u2019entretien, livret Lineaccesoiri avec accessoires optionnels disponibles pour le Stilo.","og_url":"https:\/\/turijnmagazijn.nl\/fr\/produit\/livret-dinstructions-avec-pieces-et-couverture-fiat-stilo\/","og_site_name":"Turijnmagazijn","article_publisher":"https:\/\/www.facebook.com\/turijnmagazijn","article_modified_time":"2023-07-26T11:55:09+00:00","og_image":[{"width":600,"height":600,"url":"https:\/\/turijnmagazijn.jumpstone-dev.nl\/wp-content\/uploads\/2023\/03\/DK00101292-Instructieboekje-met-bijlagen-en-hoes-Fiat-Stilo-455-600x600-1.jpg","type":"image\/jpeg"}],"twitter_card":"summary_large_image","twitter_misc":{"Dur\u00e9e de lecture estim\u00e9e":"1 minute"},"schema":{"@context":"https:\/\/schema.org","@graph":[{"@type":"WebPage","@id":"https:\/\/turijnmagazijn.nl\/fr\/produit\/livret-dinstructions-avec-pieces-et-couverture-fiat-stilo\/","url":"https:\/\/turijnmagazijn.nl\/fr\/produit\/livret-dinstructions-avec-pieces-et-couverture-fiat-stilo\/","name":"Manuel du propri\u00e9taire avec accessoires et housse Fiat Stilo - Turijnmagazijn","isPartOf":{"@id":"https:\/\/turijnmagazijn.jumpstone-dev.nl\/#website"},"primaryImageOfPage":{"@id":"https:\/\/turijnmagazijn.nl\/fr\/produit\/livret-dinstructions-avec-pieces-et-couverture-fiat-stilo\/#primaryimage"},"image":{"@id":"https:\/\/turijnmagazijn.nl\/fr\/produit\/livret-dinstructions-avec-pieces-et-couverture-fiat-stilo\/#primaryimage"},"thumbnailUrl":"https:\/\/turijnmagazijn.nl\/wp-content\/uploads\/2023\/03\/DK00101292-Instructieboekje-met-bijlagen-en-hoes-Fiat-Stilo-455-600x600-1.jpg","datePublished":"2023-03-03T08:13:34+00:00","dateModified":"2023-07-26T11:55:09+00:00","breadcrumb":{"@id":"https:\/\/turijnmagazijn.nl\/fr\/produit\/livret-dinstructions-avec-pieces-et-couverture-fiat-stilo\/#breadcrumb"},"inLanguage":"fr-FR","potentialAction":[{"@type":"ReadAction","target":["https:\/\/turijnmagazijn.nl\/fr\/produit\/livret-dinstructions-avec-pieces-et-couverture-fiat-stilo\/"]}]},{"@type":"ImageObject","inLanguage":"fr-FR","@id":"https:\/\/turijnmagazijn.nl\/fr\/produit\/livret-dinstructions-avec-pieces-et-couverture-fiat-stilo\/#primaryimage","url":"https:\/\/turijnmagazijn.nl\/wp-content\/uploads\/2023\/03\/DK00101292-Instructieboekje-met-bijlagen-en-hoes-Fiat-Stilo-455-600x600-1.jpg","contentUrl":"https:\/\/turijnmagazijn.nl\/wp-content\/uploads\/2023\/03\/DK00101292-Instructieboekje-met-bijlagen-en-hoes-Fiat-Stilo-455-600x600-1.jpg","width":600,"height":600},{"@type":"BreadcrumbList","@id":"https:\/\/turijnmagazijn.nl\/fr\/produit\/livret-dinstructions-avec-pieces-et-couverture-fiat-stilo\/#breadcrumb","itemListElement":[{"@type":"ListItem","position":1,"name":"Home","item":"https:\/\/turijnmagazijn.nl\/fr\/"},{"@type":"ListItem","position":2,"name":"Produits","item":"https:\/\/turijnmagazijn.nl\/fr\/shop\/"},{"@type":"ListItem","position":3,"name":"Manuel du propri\u00e9taire avec accessoires et housse Fiat Stilo"}]},{"@type":"WebSite","@id":"https:\/\/turijnmagazijn.jumpstone-dev.nl\/#website","url":"https:\/\/turijnmagazijn.jumpstone-dev.nl\/","name":"Turijnmagazijn","description":"Onderdelen nieuw en gebruikt - Fiat &amp; Lancia","publisher":{"@id":"https:\/\/turijnmagazijn.jumpstone-dev.nl\/#organization"},"potentialAction":[{"@type":"SearchAction","target":{"@type":"EntryPoint","urlTemplate":"https:\/\/turijnmagazijn.jumpstone-dev.nl\/?s={search_term_string}"},"query-input":{"@type":"PropertyValueSpecification","valueRequired":true,"valueName":"search_term_string"}}],"inLanguage":"fr-FR"},{"@type":"Organization","@id":"https:\/\/turijnmagazijn.jumpstone-dev.nl\/#organization","name":"Turijnmagazijn","url":"https:\/\/turijnmagazijn.jumpstone-dev.nl\/","logo":{"@type":"ImageObject","inLanguage":"fr-FR","@id":"https:\/\/turijnmagazijn.jumpstone-dev.nl\/#\/schema\/logo\/image\/","url":"https:\/\/turijnmagazijn.nl\/wp-content\/uploads\/2021\/02\/turijnmagazijnlogo.png","contentUrl":"https:\/\/turijnmagazijn.nl\/wp-content\/uploads\/2021\/02\/turijnmagazijnlogo.png","width":555,"height":270,"caption":"Turijnmagazijn"},"image":{"@id":"https:\/\/turijnmagazijn.jumpstone-dev.nl\/#\/schema\/logo\/image\/"},"sameAs":["https:\/\/www.facebook.com\/turijnmagazijn"]}]}},"_links":{"self":[{"href":"https:\/\/turijnmagazijn.nl\/fr\/wp-json\/wp\/v2\/product\/63397","targetHints":{"allow":["GET"]}}],"collection":[{"href":"https:\/\/turijnmagazijn.nl\/fr\/wp-json\/wp\/v2\/product"}],"about":[{"href":"https:\/\/turijnmagazijn.nl\/fr\/wp-json\/wp\/v2\/types\/product"}],"replies":[{"embeddable":true,"href":"https:\/\/turijnmagazijn.nl\/fr\/wp-json\/wp\/v2\/comments?post=63397"}],"wp:featuredmedia":[{"embeddable":true,"href":"https:\/\/turijnmagazijn.nl\/fr\/wp-json\/wp\/v2\/media\/33856"}],"wp:attachment":[{"href":"https:\/\/turijnmagazijn.nl\/fr\/wp-json\/wp\/v2\/media?parent=63397"}],"wp:term":[{"taxonomy":"product_brand","embeddable":true,"href":"https:\/\/turijnmagazijn.nl\/fr\/wp-json\/wp\/v2\/product_brand?post=63397"},{"taxonomy":"product_cat","embeddable":true,"href":"https:\/\/turijnmagazijn.nl\/fr\/wp-json\/wp\/v2\/product_cat?post=63397"},{"taxonomy":"product_tag","embeddable":true,"href":"https:\/\/turijnmagazijn.nl\/fr\/wp-json\/wp\/v2\/product_tag?post=63397"}],"curies":[{"name":"wp","href":"https:\/\/api.w.org\/{rel}","templated":true}]}}