{"id":63401,"date":"2023-03-03T09:13:54","date_gmt":"2023-03-03T08:13:54","guid":{"rendered":"https:\/\/turijnmagazijn.nl\/product\/panneau-de-commande-eclairage-secondaire-lancia-kappa-gris-sans-buee-pour\/"},"modified":"2023-07-26T14:24:59","modified_gmt":"2023-07-26T12:24:59","slug":"panneau-commutateur-eclairage-secondaire-lancia-kappa-gris-sans-buee-avant","status":"publish","type":"product","link":"https:\/\/turijnmagazijn.nl\/fr\/produit\/panneau-commutateur-eclairage-secondaire-lancia-kappa-gris-sans-buee-avant\/","title":{"rendered":"Panneau de commande \u00e9clairage secondaire Lancia Kappa gris sans bu\u00e9e pour"},"content":{"rendered":"<p>Bloc de commutation pour montage en tableau de bord gris \u00e0 gauche du volant pour Lancia Kappa, le m\u00eame pour tous les mod\u00e8les, donc \u00e9galement applicable aux Coup\u00e2\u00a9 et SW. Le bloc d\u2019interrupteur comprend un interrupteur pour les phares antibrouillard arri\u00e8re.<\/p>\n<\/p>\n<p>Cette version est sans l\u2019interrupteur pour les phares antibrouillard avant. (Ceci est \u00e9galement disponible dans la boutique, voir les produits connexes au bas de la page.<\/p>\n<p>De plus, le bloc est \u00e9quip\u00e9 du commutateur de hauteur pour le r\u00e9glage de la hauteur des phares. L\u2019unit\u00e9 est dans un \u00e9tat tr\u00e8s soign\u00e9.<\/p>\n<p>D\u2019une berline Lancia Kappa construite en 1995.<\/p>\n<p>Lancia&nbsp; OEM<span style=\"font-size: 12px; text-align: -webkit-right;\">177263460&nbsp;<\/span><\/p>\n","protected":false},"excerpt":{"rendered":"<p>Panneau de commande \u00e9clairage secondaire Lancia Kappa &#8211; Pad de commutation pour montage dans le tableau de bord \u00e0 gauche du volant pour Lancia Kappa, le m\u00eame pour tous les mod\u00e8les, donc \u00e9galement applicable \u00e0 Coup\u00e2\u00a9 et SW. Panneau de commande \u00e9clairage secondaire Lancia Hood<\/p>\n","protected":false},"featured_media":40604,"comment_status":"open","ping_status":"closed","template":"","meta":{"_acf_changed":false},"product_brand":[],"product_cat":[1865,1860,1798,1870],"product_tag":[],"class_list":{"0":"post-63401","1":"product","2":"type-product","3":"status-publish","4":"has-post-thumbnail","6":"product_cat-coupe-fr","7":"product_cat-kappa-838-fr","8":"product_cat-lancia-fr","9":"product_cat-sw-fr","10":"pa_soort-onderdeel-tableau-de-bord-et-commutateurs","12":"first","13":"instock","14":"shipping-taxable","15":"purchasable","16":"product-type-simple"},"acf":[],"yoast_head":"<!-- This site is optimized with the Yoast SEO plugin v27.3 - https:\/\/yoast.com\/product\/yoast-seo-wordpress\/ -->\n<title>Panneau de commande \u00e9clairage secondaire Lancia Kappa gris sans bu\u00e9e pour - Turijnmagazijn<\/title>\n<meta name=\"robots\" content=\"index, follow, max-snippet:-1, max-image-preview:large, max-video-preview:-1\" \/>\n<link rel=\"canonical\" href=\"https:\/\/turijnmagazijn.nl\/fr\/produit\/panneau-commutateur-eclairage-secondaire-lancia-kappa-gris-sans-buee-avant\/\" \/>\n<meta property=\"og:locale\" content=\"fr_FR\" \/>\n<meta property=\"og:type\" content=\"article\" \/>\n<meta property=\"og:title\" content=\"Panneau de commande \u00e9clairage secondaire Lancia Kappa gris sans bu\u00e9e pour - Turijnmagazijn\" \/>\n<meta property=\"og:description\" content=\"Panneau de commande \u00e9clairage secondaire Lancia Kappa - Pad de commutation pour montage dans le tableau de bord \u00e0 gauche du volant pour Lancia Kappa, le m\u00eame pour tous les mod\u00e8les, donc \u00e9galement applicable \u00e0 Coup\u00e2\u00a9 et SW. Panneau de commande \u00e9clairage secondaire Lancia Hood\" \/>\n<meta property=\"og:url\" content=\"https:\/\/turijnmagazijn.nl\/fr\/produit\/panneau-commutateur-eclairage-secondaire-lancia-kappa-gris-sans-buee-avant\/\" \/>\n<meta property=\"og:site_name\" content=\"Turijnmagazijn\" \/>\n<meta property=\"article:publisher\" content=\"https:\/\/www.facebook.com\/turijnmagazijn\" \/>\n<meta property=\"article:modified_time\" content=\"2023-07-26T12:24:59+00:00\" \/>\n<meta property=\"og:image\" content=\"https:\/\/turijnmagazijn.jumpstone-dev.nl\/wp-content\/uploads\/2023\/03\/DK00101303-Schakelaarpaneel-secundaire-verlichting-Lancia-Kappa-grijs-3-1.jpg\" \/>\n\t<meta property=\"og:image:width\" content=\"800\" \/>\n\t<meta property=\"og:image:height\" content=\"600\" \/>\n\t<meta property=\"og:image:type\" content=\"image\/jpeg\" \/>\n<meta name=\"twitter:card\" content=\"summary_large_image\" \/>\n<meta name=\"twitter:label1\" content=\"Dur\u00e9e de lecture estim\u00e9e\" \/>\n\t<meta name=\"twitter:data1\" content=\"1 minute\" \/>\n<script type=\"application\/ld+json\" class=\"yoast-schema-graph\">{\"@context\":\"https:\\\/\\\/schema.org\",\"@graph\":[{\"@type\":\"WebPage\",\"@id\":\"https:\\\/\\\/turijnmagazijn.nl\\\/fr\\\/produit\\\/panneau-commutateur-eclairage-secondaire-lancia-kappa-gris-sans-buee-avant\\\/\",\"url\":\"https:\\\/\\\/turijnmagazijn.nl\\\/fr\\\/produit\\\/panneau-commutateur-eclairage-secondaire-lancia-kappa-gris-sans-buee-avant\\\/\",\"name\":\"Panneau de commande \u00e9clairage secondaire Lancia Kappa gris sans bu\u00e9e pour - Turijnmagazijn\",\"isPartOf\":{\"@id\":\"https:\\\/\\\/turijnmagazijn.jumpstone-dev.nl\\\/#website\"},\"primaryImageOfPage\":{\"@id\":\"https:\\\/\\\/turijnmagazijn.nl\\\/fr\\\/produit\\\/panneau-commutateur-eclairage-secondaire-lancia-kappa-gris-sans-buee-avant\\\/#primaryimage\"},\"image\":{\"@id\":\"https:\\\/\\\/turijnmagazijn.nl\\\/fr\\\/produit\\\/panneau-commutateur-eclairage-secondaire-lancia-kappa-gris-sans-buee-avant\\\/#primaryimage\"},\"thumbnailUrl\":\"https:\\\/\\\/turijnmagazijn.nl\\\/wp-content\\\/uploads\\\/2023\\\/03\\\/DK00101303-Schakelaarpaneel-secundaire-verlichting-Lancia-Kappa-grijs-3-1.jpg\",\"datePublished\":\"2023-03-03T08:13:54+00:00\",\"dateModified\":\"2023-07-26T12:24:59+00:00\",\"breadcrumb\":{\"@id\":\"https:\\\/\\\/turijnmagazijn.nl\\\/fr\\\/produit\\\/panneau-commutateur-eclairage-secondaire-lancia-kappa-gris-sans-buee-avant\\\/#breadcrumb\"},\"inLanguage\":\"fr-FR\",\"potentialAction\":[{\"@type\":\"ReadAction\",\"target\":[\"https:\\\/\\\/turijnmagazijn.nl\\\/fr\\\/produit\\\/panneau-commutateur-eclairage-secondaire-lancia-kappa-gris-sans-buee-avant\\\/\"]}]},{\"@type\":\"ImageObject\",\"inLanguage\":\"fr-FR\",\"@id\":\"https:\\\/\\\/turijnmagazijn.nl\\\/fr\\\/produit\\\/panneau-commutateur-eclairage-secondaire-lancia-kappa-gris-sans-buee-avant\\\/#primaryimage\",\"url\":\"https:\\\/\\\/turijnmagazijn.nl\\\/wp-content\\\/uploads\\\/2023\\\/03\\\/DK00101303-Schakelaarpaneel-secundaire-verlichting-Lancia-Kappa-grijs-3-1.jpg\",\"contentUrl\":\"https:\\\/\\\/turijnmagazijn.nl\\\/wp-content\\\/uploads\\\/2023\\\/03\\\/DK00101303-Schakelaarpaneel-secundaire-verlichting-Lancia-Kappa-grijs-3-1.jpg\",\"width\":800,\"height\":600},{\"@type\":\"BreadcrumbList\",\"@id\":\"https:\\\/\\\/turijnmagazijn.nl\\\/fr\\\/produit\\\/panneau-commutateur-eclairage-secondaire-lancia-kappa-gris-sans-buee-avant\\\/#breadcrumb\",\"itemListElement\":[{\"@type\":\"ListItem\",\"position\":1,\"name\":\"Home\",\"item\":\"https:\\\/\\\/turijnmagazijn.nl\\\/fr\\\/\"},{\"@type\":\"ListItem\",\"position\":2,\"name\":\"Produits\",\"item\":\"https:\\\/\\\/turijnmagazijn.nl\\\/fr\\\/shop\\\/\"},{\"@type\":\"ListItem\",\"position\":3,\"name\":\"Panneau de commande \u00e9clairage secondaire Lancia Kappa gris sans bu\u00e9e pour\"}]},{\"@type\":\"WebSite\",\"@id\":\"https:\\\/\\\/turijnmagazijn.jumpstone-dev.nl\\\/#website\",\"url\":\"https:\\\/\\\/turijnmagazijn.jumpstone-dev.nl\\\/\",\"name\":\"Turijnmagazijn\",\"description\":\"Onderdelen nieuw en gebruikt - Fiat &amp; Lancia\",\"publisher\":{\"@id\":\"https:\\\/\\\/turijnmagazijn.jumpstone-dev.nl\\\/#organization\"},\"potentialAction\":[{\"@type\":\"SearchAction\",\"target\":{\"@type\":\"EntryPoint\",\"urlTemplate\":\"https:\\\/\\\/turijnmagazijn.jumpstone-dev.nl\\\/?s={search_term_string}\"},\"query-input\":{\"@type\":\"PropertyValueSpecification\",\"valueRequired\":true,\"valueName\":\"search_term_string\"}}],\"inLanguage\":\"fr-FR\"},{\"@type\":\"Organization\",\"@id\":\"https:\\\/\\\/turijnmagazijn.jumpstone-dev.nl\\\/#organization\",\"name\":\"Turijnmagazijn\",\"url\":\"https:\\\/\\\/turijnmagazijn.jumpstone-dev.nl\\\/\",\"logo\":{\"@type\":\"ImageObject\",\"inLanguage\":\"fr-FR\",\"@id\":\"https:\\\/\\\/turijnmagazijn.jumpstone-dev.nl\\\/#\\\/schema\\\/logo\\\/image\\\/\",\"url\":\"https:\\\/\\\/turijnmagazijn.nl\\\/wp-content\\\/uploads\\\/2021\\\/02\\\/turijnmagazijnlogo.png\",\"contentUrl\":\"https:\\\/\\\/turijnmagazijn.nl\\\/wp-content\\\/uploads\\\/2021\\\/02\\\/turijnmagazijnlogo.png\",\"width\":555,\"height\":270,\"caption\":\"Turijnmagazijn\"},\"image\":{\"@id\":\"https:\\\/\\\/turijnmagazijn.jumpstone-dev.nl\\\/#\\\/schema\\\/logo\\\/image\\\/\"},\"sameAs\":[\"https:\\\/\\\/www.facebook.com\\\/turijnmagazijn\"]}]}<\/script>\n<!-- \/ Yoast SEO plugin. -->","yoast_head_json":{"title":"Panneau de commande \u00e9clairage secondaire Lancia Kappa gris sans bu\u00e9e pour - Turijnmagazijn","robots":{"index":"index","follow":"follow","max-snippet":"max-snippet:-1","max-image-preview":"max-image-preview:large","max-video-preview":"max-video-preview:-1"},"canonical":"https:\/\/turijnmagazijn.nl\/fr\/produit\/panneau-commutateur-eclairage-secondaire-lancia-kappa-gris-sans-buee-avant\/","og_locale":"fr_FR","og_type":"article","og_title":"Panneau de commande \u00e9clairage secondaire Lancia Kappa gris sans bu\u00e9e pour - Turijnmagazijn","og_description":"Panneau de commande \u00e9clairage secondaire Lancia Kappa - Pad de commutation pour montage dans le tableau de bord \u00e0 gauche du volant pour Lancia Kappa, le m\u00eame pour tous les mod\u00e8les, donc \u00e9galement applicable \u00e0 Coup\u00e2\u00a9 et SW. Panneau de commande \u00e9clairage secondaire Lancia Hood","og_url":"https:\/\/turijnmagazijn.nl\/fr\/produit\/panneau-commutateur-eclairage-secondaire-lancia-kappa-gris-sans-buee-avant\/","og_site_name":"Turijnmagazijn","article_publisher":"https:\/\/www.facebook.com\/turijnmagazijn","article_modified_time":"2023-07-26T12:24:59+00:00","og_image":[{"width":800,"height":600,"url":"https:\/\/turijnmagazijn.jumpstone-dev.nl\/wp-content\/uploads\/2023\/03\/DK00101303-Schakelaarpaneel-secundaire-verlichting-Lancia-Kappa-grijs-3-1.jpg","type":"image\/jpeg"}],"twitter_card":"summary_large_image","twitter_misc":{"Dur\u00e9e de lecture estim\u00e9e":"1 minute"},"schema":{"@context":"https:\/\/schema.org","@graph":[{"@type":"WebPage","@id":"https:\/\/turijnmagazijn.nl\/fr\/produit\/panneau-commutateur-eclairage-secondaire-lancia-kappa-gris-sans-buee-avant\/","url":"https:\/\/turijnmagazijn.nl\/fr\/produit\/panneau-commutateur-eclairage-secondaire-lancia-kappa-gris-sans-buee-avant\/","name":"Panneau de commande \u00e9clairage secondaire Lancia Kappa gris sans bu\u00e9e pour - Turijnmagazijn","isPartOf":{"@id":"https:\/\/turijnmagazijn.jumpstone-dev.nl\/#website"},"primaryImageOfPage":{"@id":"https:\/\/turijnmagazijn.nl\/fr\/produit\/panneau-commutateur-eclairage-secondaire-lancia-kappa-gris-sans-buee-avant\/#primaryimage"},"image":{"@id":"https:\/\/turijnmagazijn.nl\/fr\/produit\/panneau-commutateur-eclairage-secondaire-lancia-kappa-gris-sans-buee-avant\/#primaryimage"},"thumbnailUrl":"https:\/\/turijnmagazijn.nl\/wp-content\/uploads\/2023\/03\/DK00101303-Schakelaarpaneel-secundaire-verlichting-Lancia-Kappa-grijs-3-1.jpg","datePublished":"2023-03-03T08:13:54+00:00","dateModified":"2023-07-26T12:24:59+00:00","breadcrumb":{"@id":"https:\/\/turijnmagazijn.nl\/fr\/produit\/panneau-commutateur-eclairage-secondaire-lancia-kappa-gris-sans-buee-avant\/#breadcrumb"},"inLanguage":"fr-FR","potentialAction":[{"@type":"ReadAction","target":["https:\/\/turijnmagazijn.nl\/fr\/produit\/panneau-commutateur-eclairage-secondaire-lancia-kappa-gris-sans-buee-avant\/"]}]},{"@type":"ImageObject","inLanguage":"fr-FR","@id":"https:\/\/turijnmagazijn.nl\/fr\/produit\/panneau-commutateur-eclairage-secondaire-lancia-kappa-gris-sans-buee-avant\/#primaryimage","url":"https:\/\/turijnmagazijn.nl\/wp-content\/uploads\/2023\/03\/DK00101303-Schakelaarpaneel-secundaire-verlichting-Lancia-Kappa-grijs-3-1.jpg","contentUrl":"https:\/\/turijnmagazijn.nl\/wp-content\/uploads\/2023\/03\/DK00101303-Schakelaarpaneel-secundaire-verlichting-Lancia-Kappa-grijs-3-1.jpg","width":800,"height":600},{"@type":"BreadcrumbList","@id":"https:\/\/turijnmagazijn.nl\/fr\/produit\/panneau-commutateur-eclairage-secondaire-lancia-kappa-gris-sans-buee-avant\/#breadcrumb","itemListElement":[{"@type":"ListItem","position":1,"name":"Home","item":"https:\/\/turijnmagazijn.nl\/fr\/"},{"@type":"ListItem","position":2,"name":"Produits","item":"https:\/\/turijnmagazijn.nl\/fr\/shop\/"},{"@type":"ListItem","position":3,"name":"Panneau de commande \u00e9clairage secondaire Lancia Kappa gris sans bu\u00e9e pour"}]},{"@type":"WebSite","@id":"https:\/\/turijnmagazijn.jumpstone-dev.nl\/#website","url":"https:\/\/turijnmagazijn.jumpstone-dev.nl\/","name":"Turijnmagazijn","description":"Onderdelen nieuw en gebruikt - Fiat &amp; Lancia","publisher":{"@id":"https:\/\/turijnmagazijn.jumpstone-dev.nl\/#organization"},"potentialAction":[{"@type":"SearchAction","target":{"@type":"EntryPoint","urlTemplate":"https:\/\/turijnmagazijn.jumpstone-dev.nl\/?s={search_term_string}"},"query-input":{"@type":"PropertyValueSpecification","valueRequired":true,"valueName":"search_term_string"}}],"inLanguage":"fr-FR"},{"@type":"Organization","@id":"https:\/\/turijnmagazijn.jumpstone-dev.nl\/#organization","name":"Turijnmagazijn","url":"https:\/\/turijnmagazijn.jumpstone-dev.nl\/","logo":{"@type":"ImageObject","inLanguage":"fr-FR","@id":"https:\/\/turijnmagazijn.jumpstone-dev.nl\/#\/schema\/logo\/image\/","url":"https:\/\/turijnmagazijn.nl\/wp-content\/uploads\/2021\/02\/turijnmagazijnlogo.png","contentUrl":"https:\/\/turijnmagazijn.nl\/wp-content\/uploads\/2021\/02\/turijnmagazijnlogo.png","width":555,"height":270,"caption":"Turijnmagazijn"},"image":{"@id":"https:\/\/turijnmagazijn.jumpstone-dev.nl\/#\/schema\/logo\/image\/"},"sameAs":["https:\/\/www.facebook.com\/turijnmagazijn"]}]}},"_links":{"self":[{"href":"https:\/\/turijnmagazijn.nl\/fr\/wp-json\/wp\/v2\/product\/63401","targetHints":{"allow":["GET"]}}],"collection":[{"href":"https:\/\/turijnmagazijn.nl\/fr\/wp-json\/wp\/v2\/product"}],"about":[{"href":"https:\/\/turijnmagazijn.nl\/fr\/wp-json\/wp\/v2\/types\/product"}],"replies":[{"embeddable":true,"href":"https:\/\/turijnmagazijn.nl\/fr\/wp-json\/wp\/v2\/comments?post=63401"}],"wp:featuredmedia":[{"embeddable":true,"href":"https:\/\/turijnmagazijn.nl\/fr\/wp-json\/wp\/v2\/media\/40604"}],"wp:attachment":[{"href":"https:\/\/turijnmagazijn.nl\/fr\/wp-json\/wp\/v2\/media?parent=63401"}],"wp:term":[{"taxonomy":"product_brand","embeddable":true,"href":"https:\/\/turijnmagazijn.nl\/fr\/wp-json\/wp\/v2\/product_brand?post=63401"},{"taxonomy":"product_cat","embeddable":true,"href":"https:\/\/turijnmagazijn.nl\/fr\/wp-json\/wp\/v2\/product_cat?post=63401"},{"taxonomy":"product_tag","embeddable":true,"href":"https:\/\/turijnmagazijn.nl\/fr\/wp-json\/wp\/v2\/product_tag?post=63401"}],"curies":[{"name":"wp","href":"https:\/\/api.w.org\/{rel}","templated":true}]}}