{"id":63405,"date":"2023-03-03T09:13:34","date_gmt":"2023-03-03T08:13:34","guid":{"rendered":"https:\/\/turijnmagazijn.nl\/product\/feu-arriere-interieur-gauche-lancia-kappa-berline-et-sw\/"},"modified":"2023-07-26T13:55:04","modified_gmt":"2023-07-26T11:55:04","slug":"feu-arriere-a-gauche-lancia-kappa-sedan-fr-sw","status":"publish","type":"product","link":"https:\/\/turijnmagazijn.nl\/fr\/produit\/feu-arriere-a-gauche-lancia-kappa-sedan-fr-sw\/","title":{"rendered":"Feu arri\u00e8re int\u00e9rieur gauche Lancia Kappa berline et SW"},"content":{"rendered":"<p style=\"margin-bottom: 10px; font-size: 12px; line-height: 20px;\">Partie int\u00e9rieure du feu arri\u00e8re gauche pour Lancia Kappa. Le feu arri\u00e8re convient \u00e0 la SW et \u00e0 la berline, PAS au coup. \u00a9 Il s\u2019agit de la partie du feu arri\u00e8re qui est int\u00e9gr\u00e9e dans le hayon. Ce feu arri\u00e8re est en bon \u00e9tat et provient d\u2019une berline Lancia Kappa construite en 1995.<\/p>\n<p style=\"margin-bottom: 10px; font-size: 12px; line-height: 20px;\"><\/p>\n<p style=\"margin-bottom: 10px; font-size: 12px; line-height: 20px;\"><span style=\"font-weight: bold; background-color: yellow;\">Ce feu arri\u00e8re a \u00e9t\u00e9 endommag\u00e9 et donc r\u00e9duit.  <\/span><\/p>\n<p style=\"margin-bottom: 10px; font-size: 12px; line-height: 20px;\"><span style=\"font-weight: bold; background-color: yellow;\">Il y a une fissure au milieu du verre (non visible sur les photos!) et n\u2019est utilisable que pour les pi\u00e8ces!<\/span><\/p>\n<p style=\"margin-bottom: 10px; font-size: 12px; line-height: 20px;\"><\/p>\n<p style=\"margin-bottom: 10px;\"><span style=\"font-size: 12px; line-height: 20px;\">Lancia&nbsp; OEM<\/span> <span style=\"text-align: -webkit-right;\">7780141<\/span><\/p>\n","protected":false},"excerpt":{"rendered":"<p>Feu arri\u00e8re int\u00e9rieur gauche Lancia Kappa berline et SW &#8211; Partie int\u00e9rieure du feu arri\u00e8re gauche pour Lancia Kappa.<\/p>\n","protected":false},"featured_media":40560,"comment_status":"open","ping_status":"closed","template":"","meta":{"_acf_changed":false},"product_brand":[],"product_cat":[1862,1860,1798,1870],"product_tag":[],"class_list":{"0":"post-63405","1":"product","2":"type-product","3":"status-publish","4":"has-post-thumbnail","6":"product_cat-berlina-fr","7":"product_cat-kappa-838-fr","8":"product_cat-lancia-fr","9":"product_cat-sw-fr","10":"pa_soort-onderdeel-eclairage","12":"first","13":"instock","14":"shipping-taxable","15":"purchasable","16":"product-type-simple"},"acf":[],"yoast_head":"<!-- This site is optimized with the Yoast SEO plugin v27.3 - https:\/\/yoast.com\/product\/yoast-seo-wordpress\/ -->\n<title>Feu arri\u00e8re int\u00e9rieur gauche Lancia Kappa berline et SW - Turijnmagazijn<\/title>\n<meta name=\"robots\" content=\"index, follow, max-snippet:-1, max-image-preview:large, max-video-preview:-1\" \/>\n<link rel=\"canonical\" href=\"https:\/\/turijnmagazijn.nl\/fr\/produit\/feu-arriere-a-gauche-lancia-kappa-sedan-fr-sw\/\" \/>\n<meta property=\"og:locale\" content=\"fr_FR\" \/>\n<meta property=\"og:type\" content=\"article\" \/>\n<meta property=\"og:title\" content=\"Feu arri\u00e8re int\u00e9rieur gauche Lancia Kappa berline et SW - Turijnmagazijn\" \/>\n<meta property=\"og:description\" content=\"Feu arri\u00e8re int\u00e9rieur gauche Lancia Kappa berline et SW - Partie int\u00e9rieure du feu arri\u00e8re gauche pour Lancia Kappa.\" \/>\n<meta property=\"og:url\" content=\"https:\/\/turijnmagazijn.nl\/fr\/produit\/feu-arriere-a-gauche-lancia-kappa-sedan-fr-sw\/\" \/>\n<meta property=\"og:site_name\" content=\"Turijnmagazijn\" \/>\n<meta property=\"article:publisher\" content=\"https:\/\/www.facebook.com\/turijnmagazijn\" \/>\n<meta property=\"article:modified_time\" content=\"2023-07-26T11:55:04+00:00\" \/>\n<meta property=\"og:image\" content=\"https:\/\/turijnmagazijn.jumpstone-dev.nl\/wp-content\/uploads\/2023\/03\/DK00101296-Achterlicht-binnen-links-Lancia-Kappa-sedan-en-SW-3-1.jpg\" \/>\n\t<meta property=\"og:image:width\" content=\"800\" \/>\n\t<meta property=\"og:image:height\" content=\"600\" \/>\n\t<meta property=\"og:image:type\" content=\"image\/jpeg\" \/>\n<meta name=\"twitter:card\" content=\"summary_large_image\" \/>\n<script type=\"application\/ld+json\" class=\"yoast-schema-graph\">{\"@context\":\"https:\\\/\\\/schema.org\",\"@graph\":[{\"@type\":\"WebPage\",\"@id\":\"https:\\\/\\\/turijnmagazijn.nl\\\/fr\\\/produit\\\/feu-arriere-a-gauche-lancia-kappa-sedan-fr-sw\\\/\",\"url\":\"https:\\\/\\\/turijnmagazijn.nl\\\/fr\\\/produit\\\/feu-arriere-a-gauche-lancia-kappa-sedan-fr-sw\\\/\",\"name\":\"Feu arri\u00e8re int\u00e9rieur gauche Lancia Kappa berline et SW - Turijnmagazijn\",\"isPartOf\":{\"@id\":\"https:\\\/\\\/turijnmagazijn.jumpstone-dev.nl\\\/#website\"},\"primaryImageOfPage\":{\"@id\":\"https:\\\/\\\/turijnmagazijn.nl\\\/fr\\\/produit\\\/feu-arriere-a-gauche-lancia-kappa-sedan-fr-sw\\\/#primaryimage\"},\"image\":{\"@id\":\"https:\\\/\\\/turijnmagazijn.nl\\\/fr\\\/produit\\\/feu-arriere-a-gauche-lancia-kappa-sedan-fr-sw\\\/#primaryimage\"},\"thumbnailUrl\":\"https:\\\/\\\/turijnmagazijn.nl\\\/wp-content\\\/uploads\\\/2023\\\/03\\\/DK00101296-Achterlicht-binnen-links-Lancia-Kappa-sedan-en-SW-3-1.jpg\",\"datePublished\":\"2023-03-03T08:13:34+00:00\",\"dateModified\":\"2023-07-26T11:55:04+00:00\",\"breadcrumb\":{\"@id\":\"https:\\\/\\\/turijnmagazijn.nl\\\/fr\\\/produit\\\/feu-arriere-a-gauche-lancia-kappa-sedan-fr-sw\\\/#breadcrumb\"},\"inLanguage\":\"fr-FR\",\"potentialAction\":[{\"@type\":\"ReadAction\",\"target\":[\"https:\\\/\\\/turijnmagazijn.nl\\\/fr\\\/produit\\\/feu-arriere-a-gauche-lancia-kappa-sedan-fr-sw\\\/\"]}]},{\"@type\":\"ImageObject\",\"inLanguage\":\"fr-FR\",\"@id\":\"https:\\\/\\\/turijnmagazijn.nl\\\/fr\\\/produit\\\/feu-arriere-a-gauche-lancia-kappa-sedan-fr-sw\\\/#primaryimage\",\"url\":\"https:\\\/\\\/turijnmagazijn.nl\\\/wp-content\\\/uploads\\\/2023\\\/03\\\/DK00101296-Achterlicht-binnen-links-Lancia-Kappa-sedan-en-SW-3-1.jpg\",\"contentUrl\":\"https:\\\/\\\/turijnmagazijn.nl\\\/wp-content\\\/uploads\\\/2023\\\/03\\\/DK00101296-Achterlicht-binnen-links-Lancia-Kappa-sedan-en-SW-3-1.jpg\",\"width\":800,\"height\":600},{\"@type\":\"BreadcrumbList\",\"@id\":\"https:\\\/\\\/turijnmagazijn.nl\\\/fr\\\/produit\\\/feu-arriere-a-gauche-lancia-kappa-sedan-fr-sw\\\/#breadcrumb\",\"itemListElement\":[{\"@type\":\"ListItem\",\"position\":1,\"name\":\"Home\",\"item\":\"https:\\\/\\\/turijnmagazijn.nl\\\/fr\\\/\"},{\"@type\":\"ListItem\",\"position\":2,\"name\":\"Produits\",\"item\":\"https:\\\/\\\/turijnmagazijn.nl\\\/fr\\\/shop\\\/\"},{\"@type\":\"ListItem\",\"position\":3,\"name\":\"Feu arri\u00e8re int\u00e9rieur gauche Lancia Kappa berline et SW\"}]},{\"@type\":\"WebSite\",\"@id\":\"https:\\\/\\\/turijnmagazijn.jumpstone-dev.nl\\\/#website\",\"url\":\"https:\\\/\\\/turijnmagazijn.jumpstone-dev.nl\\\/\",\"name\":\"Turijnmagazijn\",\"description\":\"Onderdelen nieuw en gebruikt - Fiat &amp; Lancia\",\"publisher\":{\"@id\":\"https:\\\/\\\/turijnmagazijn.jumpstone-dev.nl\\\/#organization\"},\"potentialAction\":[{\"@type\":\"SearchAction\",\"target\":{\"@type\":\"EntryPoint\",\"urlTemplate\":\"https:\\\/\\\/turijnmagazijn.jumpstone-dev.nl\\\/?s={search_term_string}\"},\"query-input\":{\"@type\":\"PropertyValueSpecification\",\"valueRequired\":true,\"valueName\":\"search_term_string\"}}],\"inLanguage\":\"fr-FR\"},{\"@type\":\"Organization\",\"@id\":\"https:\\\/\\\/turijnmagazijn.jumpstone-dev.nl\\\/#organization\",\"name\":\"Turijnmagazijn\",\"url\":\"https:\\\/\\\/turijnmagazijn.jumpstone-dev.nl\\\/\",\"logo\":{\"@type\":\"ImageObject\",\"inLanguage\":\"fr-FR\",\"@id\":\"https:\\\/\\\/turijnmagazijn.jumpstone-dev.nl\\\/#\\\/schema\\\/logo\\\/image\\\/\",\"url\":\"https:\\\/\\\/turijnmagazijn.nl\\\/wp-content\\\/uploads\\\/2021\\\/02\\\/turijnmagazijnlogo.png\",\"contentUrl\":\"https:\\\/\\\/turijnmagazijn.nl\\\/wp-content\\\/uploads\\\/2021\\\/02\\\/turijnmagazijnlogo.png\",\"width\":555,\"height\":270,\"caption\":\"Turijnmagazijn\"},\"image\":{\"@id\":\"https:\\\/\\\/turijnmagazijn.jumpstone-dev.nl\\\/#\\\/schema\\\/logo\\\/image\\\/\"},\"sameAs\":[\"https:\\\/\\\/www.facebook.com\\\/turijnmagazijn\"]}]}<\/script>\n<!-- \/ Yoast SEO plugin. -->","yoast_head_json":{"title":"Feu arri\u00e8re int\u00e9rieur gauche Lancia Kappa berline et SW - Turijnmagazijn","robots":{"index":"index","follow":"follow","max-snippet":"max-snippet:-1","max-image-preview":"max-image-preview:large","max-video-preview":"max-video-preview:-1"},"canonical":"https:\/\/turijnmagazijn.nl\/fr\/produit\/feu-arriere-a-gauche-lancia-kappa-sedan-fr-sw\/","og_locale":"fr_FR","og_type":"article","og_title":"Feu arri\u00e8re int\u00e9rieur gauche Lancia Kappa berline et SW - Turijnmagazijn","og_description":"Feu arri\u00e8re int\u00e9rieur gauche Lancia Kappa berline et SW - Partie int\u00e9rieure du feu arri\u00e8re gauche pour Lancia Kappa.","og_url":"https:\/\/turijnmagazijn.nl\/fr\/produit\/feu-arriere-a-gauche-lancia-kappa-sedan-fr-sw\/","og_site_name":"Turijnmagazijn","article_publisher":"https:\/\/www.facebook.com\/turijnmagazijn","article_modified_time":"2023-07-26T11:55:04+00:00","og_image":[{"width":800,"height":600,"url":"https:\/\/turijnmagazijn.jumpstone-dev.nl\/wp-content\/uploads\/2023\/03\/DK00101296-Achterlicht-binnen-links-Lancia-Kappa-sedan-en-SW-3-1.jpg","type":"image\/jpeg"}],"twitter_card":"summary_large_image","schema":{"@context":"https:\/\/schema.org","@graph":[{"@type":"WebPage","@id":"https:\/\/turijnmagazijn.nl\/fr\/produit\/feu-arriere-a-gauche-lancia-kappa-sedan-fr-sw\/","url":"https:\/\/turijnmagazijn.nl\/fr\/produit\/feu-arriere-a-gauche-lancia-kappa-sedan-fr-sw\/","name":"Feu arri\u00e8re int\u00e9rieur gauche Lancia Kappa berline et SW - Turijnmagazijn","isPartOf":{"@id":"https:\/\/turijnmagazijn.jumpstone-dev.nl\/#website"},"primaryImageOfPage":{"@id":"https:\/\/turijnmagazijn.nl\/fr\/produit\/feu-arriere-a-gauche-lancia-kappa-sedan-fr-sw\/#primaryimage"},"image":{"@id":"https:\/\/turijnmagazijn.nl\/fr\/produit\/feu-arriere-a-gauche-lancia-kappa-sedan-fr-sw\/#primaryimage"},"thumbnailUrl":"https:\/\/turijnmagazijn.nl\/wp-content\/uploads\/2023\/03\/DK00101296-Achterlicht-binnen-links-Lancia-Kappa-sedan-en-SW-3-1.jpg","datePublished":"2023-03-03T08:13:34+00:00","dateModified":"2023-07-26T11:55:04+00:00","breadcrumb":{"@id":"https:\/\/turijnmagazijn.nl\/fr\/produit\/feu-arriere-a-gauche-lancia-kappa-sedan-fr-sw\/#breadcrumb"},"inLanguage":"fr-FR","potentialAction":[{"@type":"ReadAction","target":["https:\/\/turijnmagazijn.nl\/fr\/produit\/feu-arriere-a-gauche-lancia-kappa-sedan-fr-sw\/"]}]},{"@type":"ImageObject","inLanguage":"fr-FR","@id":"https:\/\/turijnmagazijn.nl\/fr\/produit\/feu-arriere-a-gauche-lancia-kappa-sedan-fr-sw\/#primaryimage","url":"https:\/\/turijnmagazijn.nl\/wp-content\/uploads\/2023\/03\/DK00101296-Achterlicht-binnen-links-Lancia-Kappa-sedan-en-SW-3-1.jpg","contentUrl":"https:\/\/turijnmagazijn.nl\/wp-content\/uploads\/2023\/03\/DK00101296-Achterlicht-binnen-links-Lancia-Kappa-sedan-en-SW-3-1.jpg","width":800,"height":600},{"@type":"BreadcrumbList","@id":"https:\/\/turijnmagazijn.nl\/fr\/produit\/feu-arriere-a-gauche-lancia-kappa-sedan-fr-sw\/#breadcrumb","itemListElement":[{"@type":"ListItem","position":1,"name":"Home","item":"https:\/\/turijnmagazijn.nl\/fr\/"},{"@type":"ListItem","position":2,"name":"Produits","item":"https:\/\/turijnmagazijn.nl\/fr\/shop\/"},{"@type":"ListItem","position":3,"name":"Feu arri\u00e8re int\u00e9rieur gauche Lancia Kappa berline et SW"}]},{"@type":"WebSite","@id":"https:\/\/turijnmagazijn.jumpstone-dev.nl\/#website","url":"https:\/\/turijnmagazijn.jumpstone-dev.nl\/","name":"Turijnmagazijn","description":"Onderdelen nieuw en gebruikt - Fiat &amp; Lancia","publisher":{"@id":"https:\/\/turijnmagazijn.jumpstone-dev.nl\/#organization"},"potentialAction":[{"@type":"SearchAction","target":{"@type":"EntryPoint","urlTemplate":"https:\/\/turijnmagazijn.jumpstone-dev.nl\/?s={search_term_string}"},"query-input":{"@type":"PropertyValueSpecification","valueRequired":true,"valueName":"search_term_string"}}],"inLanguage":"fr-FR"},{"@type":"Organization","@id":"https:\/\/turijnmagazijn.jumpstone-dev.nl\/#organization","name":"Turijnmagazijn","url":"https:\/\/turijnmagazijn.jumpstone-dev.nl\/","logo":{"@type":"ImageObject","inLanguage":"fr-FR","@id":"https:\/\/turijnmagazijn.jumpstone-dev.nl\/#\/schema\/logo\/image\/","url":"https:\/\/turijnmagazijn.nl\/wp-content\/uploads\/2021\/02\/turijnmagazijnlogo.png","contentUrl":"https:\/\/turijnmagazijn.nl\/wp-content\/uploads\/2021\/02\/turijnmagazijnlogo.png","width":555,"height":270,"caption":"Turijnmagazijn"},"image":{"@id":"https:\/\/turijnmagazijn.jumpstone-dev.nl\/#\/schema\/logo\/image\/"},"sameAs":["https:\/\/www.facebook.com\/turijnmagazijn"]}]}},"_links":{"self":[{"href":"https:\/\/turijnmagazijn.nl\/fr\/wp-json\/wp\/v2\/product\/63405","targetHints":{"allow":["GET"]}}],"collection":[{"href":"https:\/\/turijnmagazijn.nl\/fr\/wp-json\/wp\/v2\/product"}],"about":[{"href":"https:\/\/turijnmagazijn.nl\/fr\/wp-json\/wp\/v2\/types\/product"}],"replies":[{"embeddable":true,"href":"https:\/\/turijnmagazijn.nl\/fr\/wp-json\/wp\/v2\/comments?post=63405"}],"wp:featuredmedia":[{"embeddable":true,"href":"https:\/\/turijnmagazijn.nl\/fr\/wp-json\/wp\/v2\/media\/40560"}],"wp:attachment":[{"href":"https:\/\/turijnmagazijn.nl\/fr\/wp-json\/wp\/v2\/media?parent=63405"}],"wp:term":[{"taxonomy":"product_brand","embeddable":true,"href":"https:\/\/turijnmagazijn.nl\/fr\/wp-json\/wp\/v2\/product_brand?post=63405"},{"taxonomy":"product_cat","embeddable":true,"href":"https:\/\/turijnmagazijn.nl\/fr\/wp-json\/wp\/v2\/product_cat?post=63405"},{"taxonomy":"product_tag","embeddable":true,"href":"https:\/\/turijnmagazijn.nl\/fr\/wp-json\/wp\/v2\/product_tag?post=63405"}],"curies":[{"name":"wp","href":"https:\/\/api.w.org\/{rel}","templated":true}]}}