{"id":63490,"date":"2023-03-03T09:13:55","date_gmt":"2023-03-03T08:13:55","guid":{"rendered":"https:\/\/turijnmagazijn.nl\/product\/seat-airbag-rv-alfa-romeo-166-sieges-a-reglage-electrique\/"},"modified":"2023-07-26T13:56:33","modified_gmt":"2023-07-26T11:56:33","slug":"airbag-de-siege-rv-alfa-romeo-166-sieges-reglables-electriques","status":"publish","type":"product","link":"https:\/\/turijnmagazijn.nl\/fr\/produit\/airbag-de-siege-rv-alfa-romeo-166-sieges-reglables-electriques\/","title":{"rendered":"Seat airbag RV Alfa Romeo 166 si\u00e8ges \u00e0 r\u00e9glage \u00e9lectrique"},"content":{"rendered":"<p><span style=\"font-size: 12px;\">Airbag pour montage sur le si\u00e8ge avant droit (si\u00e8ge passager) de l\u2019Alfa Romeo 166 pour les versions avec les deuxi\u00e8mes si\u00e8ges tr\u00e8s r\u00e9glables \u00e9lectriquement, avec boutons de commande ergonomiques mais sans m\u00e9moire et sans soutien lombaire r\u00e9glable. L\u2019airbag a \u00e9t\u00e9 d\u00e9mont\u00e9 d\u2019une Alfa 166 construite en 1999.<\/span><\/p>\n<p>Inscription sur les autocollants appos\u00e9s sur l\u2019airbag :<br \/>\n5Fiat, Fiat &gt; Grande Punto [199], 356F0390<br \/>\nSidebag Modul<br \/>\nTRW<\/p>\n<p>Num\u00e9ro OEM Alfa Romeo 60655476<\/p>\n","protected":false},"excerpt":{"rendered":"<p>Seat airbag RV Alfa Romeo 166 si\u00e8ges \u00e0 r\u00e9glage \u00e9lectrique &#8211; Airbag pour montage sur le si\u00e8ge avant droit (si\u00e8ge passager) de Alfa Romeo 166 pour les versions avec le second tr\u00e8s si\u00e8ges \u00e0 r\u00e9glage \u00e9lectrique, avec boutons de commande ergonomiques mais soleil<\/p>\n","protected":false},"featured_media":40944,"comment_status":"open","ping_status":"closed","template":"","meta":{"_acf_changed":false},"product_brand":[],"product_cat":[1650,1582],"product_tag":[],"class_list":{"0":"post-63490","1":"product","2":"type-product","3":"status-publish","4":"has-post-thumbnail","6":"product_cat-166-936-fr","7":"product_cat-alfa-romeo-fr","8":"pa_soort-onderdeel-airbags-et-accessoires","9":"pa_soort-onderdeel-carrosserie-et-tolerie","11":"first","12":"instock","13":"shipping-taxable","14":"purchasable","15":"product-type-simple"},"acf":[],"yoast_head":"<!-- This site is optimized with the Yoast SEO plugin v27.3 - https:\/\/yoast.com\/product\/yoast-seo-wordpress\/ -->\n<title>Seat airbag RV Alfa Romeo 166 si\u00e8ges \u00e0 r\u00e9glage \u00e9lectrique - Turijnmagazijn<\/title>\n<meta name=\"robots\" content=\"index, follow, max-snippet:-1, max-image-preview:large, max-video-preview:-1\" \/>\n<link rel=\"canonical\" href=\"https:\/\/turijnmagazijn.nl\/fr\/produit\/airbag-de-siege-rv-alfa-romeo-166-sieges-reglables-electriques\/\" \/>\n<meta property=\"og:locale\" content=\"fr_FR\" \/>\n<meta property=\"og:type\" content=\"article\" \/>\n<meta property=\"og:title\" content=\"Seat airbag RV Alfa Romeo 166 si\u00e8ges \u00e0 r\u00e9glage \u00e9lectrique - Turijnmagazijn\" \/>\n<meta property=\"og:description\" content=\"Seat airbag RV Alfa Romeo 166 si\u00e8ges \u00e0 r\u00e9glage \u00e9lectrique - Airbag pour montage sur le si\u00e8ge avant droit (si\u00e8ge passager) de Alfa Romeo 166 pour les versions avec le second tr\u00e8s si\u00e8ges \u00e0 r\u00e9glage \u00e9lectrique, avec boutons de commande ergonomiques mais soleil\" \/>\n<meta property=\"og:url\" content=\"https:\/\/turijnmagazijn.nl\/fr\/produit\/airbag-de-siege-rv-alfa-romeo-166-sieges-reglables-electriques\/\" \/>\n<meta property=\"og:site_name\" content=\"Turijnmagazijn\" \/>\n<meta property=\"article:publisher\" content=\"https:\/\/www.facebook.com\/turijnmagazijn\" \/>\n<meta property=\"article:modified_time\" content=\"2023-07-26T11:56:33+00:00\" \/>\n<meta property=\"og:image\" content=\"https:\/\/turijnmagazijn.jumpstone-dev.nl\/wp-content\/uploads\/2023\/03\/DK00101360-Stoelairbag-RV-Alfa-Romeo-166-elektrisch-verstelbare-stoelen-3-1.jpg\" \/>\n\t<meta property=\"og:image:width\" content=\"800\" \/>\n\t<meta property=\"og:image:height\" content=\"600\" \/>\n\t<meta property=\"og:image:type\" content=\"image\/jpeg\" \/>\n<meta name=\"twitter:card\" content=\"summary_large_image\" \/>\n<script type=\"application\/ld+json\" class=\"yoast-schema-graph\">{\"@context\":\"https:\\\/\\\/schema.org\",\"@graph\":[{\"@type\":\"WebPage\",\"@id\":\"https:\\\/\\\/turijnmagazijn.nl\\\/fr\\\/produit\\\/airbag-de-siege-rv-alfa-romeo-166-sieges-reglables-electriques\\\/\",\"url\":\"https:\\\/\\\/turijnmagazijn.nl\\\/fr\\\/produit\\\/airbag-de-siege-rv-alfa-romeo-166-sieges-reglables-electriques\\\/\",\"name\":\"Seat airbag RV Alfa Romeo 166 si\u00e8ges \u00e0 r\u00e9glage \u00e9lectrique - Turijnmagazijn\",\"isPartOf\":{\"@id\":\"https:\\\/\\\/turijnmagazijn.jumpstone-dev.nl\\\/#website\"},\"primaryImageOfPage\":{\"@id\":\"https:\\\/\\\/turijnmagazijn.nl\\\/fr\\\/produit\\\/airbag-de-siege-rv-alfa-romeo-166-sieges-reglables-electriques\\\/#primaryimage\"},\"image\":{\"@id\":\"https:\\\/\\\/turijnmagazijn.nl\\\/fr\\\/produit\\\/airbag-de-siege-rv-alfa-romeo-166-sieges-reglables-electriques\\\/#primaryimage\"},\"thumbnailUrl\":\"https:\\\/\\\/turijnmagazijn.nl\\\/wp-content\\\/uploads\\\/2023\\\/03\\\/DK00101360-Stoelairbag-RV-Alfa-Romeo-166-elektrisch-verstelbare-stoelen-3-1.jpg\",\"datePublished\":\"2023-03-03T08:13:55+00:00\",\"dateModified\":\"2023-07-26T11:56:33+00:00\",\"breadcrumb\":{\"@id\":\"https:\\\/\\\/turijnmagazijn.nl\\\/fr\\\/produit\\\/airbag-de-siege-rv-alfa-romeo-166-sieges-reglables-electriques\\\/#breadcrumb\"},\"inLanguage\":\"fr-FR\",\"potentialAction\":[{\"@type\":\"ReadAction\",\"target\":[\"https:\\\/\\\/turijnmagazijn.nl\\\/fr\\\/produit\\\/airbag-de-siege-rv-alfa-romeo-166-sieges-reglables-electriques\\\/\"]}]},{\"@type\":\"ImageObject\",\"inLanguage\":\"fr-FR\",\"@id\":\"https:\\\/\\\/turijnmagazijn.nl\\\/fr\\\/produit\\\/airbag-de-siege-rv-alfa-romeo-166-sieges-reglables-electriques\\\/#primaryimage\",\"url\":\"https:\\\/\\\/turijnmagazijn.nl\\\/wp-content\\\/uploads\\\/2023\\\/03\\\/DK00101360-Stoelairbag-RV-Alfa-Romeo-166-elektrisch-verstelbare-stoelen-3-1.jpg\",\"contentUrl\":\"https:\\\/\\\/turijnmagazijn.nl\\\/wp-content\\\/uploads\\\/2023\\\/03\\\/DK00101360-Stoelairbag-RV-Alfa-Romeo-166-elektrisch-verstelbare-stoelen-3-1.jpg\",\"width\":800,\"height\":600},{\"@type\":\"BreadcrumbList\",\"@id\":\"https:\\\/\\\/turijnmagazijn.nl\\\/fr\\\/produit\\\/airbag-de-siege-rv-alfa-romeo-166-sieges-reglables-electriques\\\/#breadcrumb\",\"itemListElement\":[{\"@type\":\"ListItem\",\"position\":1,\"name\":\"Home\",\"item\":\"https:\\\/\\\/turijnmagazijn.nl\\\/fr\\\/\"},{\"@type\":\"ListItem\",\"position\":2,\"name\":\"Produits\",\"item\":\"https:\\\/\\\/turijnmagazijn.nl\\\/fr\\\/shop\\\/\"},{\"@type\":\"ListItem\",\"position\":3,\"name\":\"Seat airbag RV Alfa Romeo 166 si\u00e8ges \u00e0 r\u00e9glage \u00e9lectrique\"}]},{\"@type\":\"WebSite\",\"@id\":\"https:\\\/\\\/turijnmagazijn.jumpstone-dev.nl\\\/#website\",\"url\":\"https:\\\/\\\/turijnmagazijn.jumpstone-dev.nl\\\/\",\"name\":\"Turijnmagazijn\",\"description\":\"Onderdelen nieuw en gebruikt - Fiat &amp; Lancia\",\"publisher\":{\"@id\":\"https:\\\/\\\/turijnmagazijn.jumpstone-dev.nl\\\/#organization\"},\"potentialAction\":[{\"@type\":\"SearchAction\",\"target\":{\"@type\":\"EntryPoint\",\"urlTemplate\":\"https:\\\/\\\/turijnmagazijn.jumpstone-dev.nl\\\/?s={search_term_string}\"},\"query-input\":{\"@type\":\"PropertyValueSpecification\",\"valueRequired\":true,\"valueName\":\"search_term_string\"}}],\"inLanguage\":\"fr-FR\"},{\"@type\":\"Organization\",\"@id\":\"https:\\\/\\\/turijnmagazijn.jumpstone-dev.nl\\\/#organization\",\"name\":\"Turijnmagazijn\",\"url\":\"https:\\\/\\\/turijnmagazijn.jumpstone-dev.nl\\\/\",\"logo\":{\"@type\":\"ImageObject\",\"inLanguage\":\"fr-FR\",\"@id\":\"https:\\\/\\\/turijnmagazijn.jumpstone-dev.nl\\\/#\\\/schema\\\/logo\\\/image\\\/\",\"url\":\"https:\\\/\\\/turijnmagazijn.nl\\\/wp-content\\\/uploads\\\/2021\\\/02\\\/turijnmagazijnlogo.png\",\"contentUrl\":\"https:\\\/\\\/turijnmagazijn.nl\\\/wp-content\\\/uploads\\\/2021\\\/02\\\/turijnmagazijnlogo.png\",\"width\":555,\"height\":270,\"caption\":\"Turijnmagazijn\"},\"image\":{\"@id\":\"https:\\\/\\\/turijnmagazijn.jumpstone-dev.nl\\\/#\\\/schema\\\/logo\\\/image\\\/\"},\"sameAs\":[\"https:\\\/\\\/www.facebook.com\\\/turijnmagazijn\"]}]}<\/script>\n<!-- \/ Yoast SEO plugin. -->","yoast_head_json":{"title":"Seat airbag RV Alfa Romeo 166 si\u00e8ges \u00e0 r\u00e9glage \u00e9lectrique - Turijnmagazijn","robots":{"index":"index","follow":"follow","max-snippet":"max-snippet:-1","max-image-preview":"max-image-preview:large","max-video-preview":"max-video-preview:-1"},"canonical":"https:\/\/turijnmagazijn.nl\/fr\/produit\/airbag-de-siege-rv-alfa-romeo-166-sieges-reglables-electriques\/","og_locale":"fr_FR","og_type":"article","og_title":"Seat airbag RV Alfa Romeo 166 si\u00e8ges \u00e0 r\u00e9glage \u00e9lectrique - Turijnmagazijn","og_description":"Seat airbag RV Alfa Romeo 166 si\u00e8ges \u00e0 r\u00e9glage \u00e9lectrique - Airbag pour montage sur le si\u00e8ge avant droit (si\u00e8ge passager) de Alfa Romeo 166 pour les versions avec le second tr\u00e8s si\u00e8ges \u00e0 r\u00e9glage \u00e9lectrique, avec boutons de commande ergonomiques mais soleil","og_url":"https:\/\/turijnmagazijn.nl\/fr\/produit\/airbag-de-siege-rv-alfa-romeo-166-sieges-reglables-electriques\/","og_site_name":"Turijnmagazijn","article_publisher":"https:\/\/www.facebook.com\/turijnmagazijn","article_modified_time":"2023-07-26T11:56:33+00:00","og_image":[{"width":800,"height":600,"url":"https:\/\/turijnmagazijn.jumpstone-dev.nl\/wp-content\/uploads\/2023\/03\/DK00101360-Stoelairbag-RV-Alfa-Romeo-166-elektrisch-verstelbare-stoelen-3-1.jpg","type":"image\/jpeg"}],"twitter_card":"summary_large_image","schema":{"@context":"https:\/\/schema.org","@graph":[{"@type":"WebPage","@id":"https:\/\/turijnmagazijn.nl\/fr\/produit\/airbag-de-siege-rv-alfa-romeo-166-sieges-reglables-electriques\/","url":"https:\/\/turijnmagazijn.nl\/fr\/produit\/airbag-de-siege-rv-alfa-romeo-166-sieges-reglables-electriques\/","name":"Seat airbag RV Alfa Romeo 166 si\u00e8ges \u00e0 r\u00e9glage \u00e9lectrique - Turijnmagazijn","isPartOf":{"@id":"https:\/\/turijnmagazijn.jumpstone-dev.nl\/#website"},"primaryImageOfPage":{"@id":"https:\/\/turijnmagazijn.nl\/fr\/produit\/airbag-de-siege-rv-alfa-romeo-166-sieges-reglables-electriques\/#primaryimage"},"image":{"@id":"https:\/\/turijnmagazijn.nl\/fr\/produit\/airbag-de-siege-rv-alfa-romeo-166-sieges-reglables-electriques\/#primaryimage"},"thumbnailUrl":"https:\/\/turijnmagazijn.nl\/wp-content\/uploads\/2023\/03\/DK00101360-Stoelairbag-RV-Alfa-Romeo-166-elektrisch-verstelbare-stoelen-3-1.jpg","datePublished":"2023-03-03T08:13:55+00:00","dateModified":"2023-07-26T11:56:33+00:00","breadcrumb":{"@id":"https:\/\/turijnmagazijn.nl\/fr\/produit\/airbag-de-siege-rv-alfa-romeo-166-sieges-reglables-electriques\/#breadcrumb"},"inLanguage":"fr-FR","potentialAction":[{"@type":"ReadAction","target":["https:\/\/turijnmagazijn.nl\/fr\/produit\/airbag-de-siege-rv-alfa-romeo-166-sieges-reglables-electriques\/"]}]},{"@type":"ImageObject","inLanguage":"fr-FR","@id":"https:\/\/turijnmagazijn.nl\/fr\/produit\/airbag-de-siege-rv-alfa-romeo-166-sieges-reglables-electriques\/#primaryimage","url":"https:\/\/turijnmagazijn.nl\/wp-content\/uploads\/2023\/03\/DK00101360-Stoelairbag-RV-Alfa-Romeo-166-elektrisch-verstelbare-stoelen-3-1.jpg","contentUrl":"https:\/\/turijnmagazijn.nl\/wp-content\/uploads\/2023\/03\/DK00101360-Stoelairbag-RV-Alfa-Romeo-166-elektrisch-verstelbare-stoelen-3-1.jpg","width":800,"height":600},{"@type":"BreadcrumbList","@id":"https:\/\/turijnmagazijn.nl\/fr\/produit\/airbag-de-siege-rv-alfa-romeo-166-sieges-reglables-electriques\/#breadcrumb","itemListElement":[{"@type":"ListItem","position":1,"name":"Home","item":"https:\/\/turijnmagazijn.nl\/fr\/"},{"@type":"ListItem","position":2,"name":"Produits","item":"https:\/\/turijnmagazijn.nl\/fr\/shop\/"},{"@type":"ListItem","position":3,"name":"Seat airbag RV Alfa Romeo 166 si\u00e8ges \u00e0 r\u00e9glage \u00e9lectrique"}]},{"@type":"WebSite","@id":"https:\/\/turijnmagazijn.jumpstone-dev.nl\/#website","url":"https:\/\/turijnmagazijn.jumpstone-dev.nl\/","name":"Turijnmagazijn","description":"Onderdelen nieuw en gebruikt - Fiat &amp; Lancia","publisher":{"@id":"https:\/\/turijnmagazijn.jumpstone-dev.nl\/#organization"},"potentialAction":[{"@type":"SearchAction","target":{"@type":"EntryPoint","urlTemplate":"https:\/\/turijnmagazijn.jumpstone-dev.nl\/?s={search_term_string}"},"query-input":{"@type":"PropertyValueSpecification","valueRequired":true,"valueName":"search_term_string"}}],"inLanguage":"fr-FR"},{"@type":"Organization","@id":"https:\/\/turijnmagazijn.jumpstone-dev.nl\/#organization","name":"Turijnmagazijn","url":"https:\/\/turijnmagazijn.jumpstone-dev.nl\/","logo":{"@type":"ImageObject","inLanguage":"fr-FR","@id":"https:\/\/turijnmagazijn.jumpstone-dev.nl\/#\/schema\/logo\/image\/","url":"https:\/\/turijnmagazijn.nl\/wp-content\/uploads\/2021\/02\/turijnmagazijnlogo.png","contentUrl":"https:\/\/turijnmagazijn.nl\/wp-content\/uploads\/2021\/02\/turijnmagazijnlogo.png","width":555,"height":270,"caption":"Turijnmagazijn"},"image":{"@id":"https:\/\/turijnmagazijn.jumpstone-dev.nl\/#\/schema\/logo\/image\/"},"sameAs":["https:\/\/www.facebook.com\/turijnmagazijn"]}]}},"_links":{"self":[{"href":"https:\/\/turijnmagazijn.nl\/fr\/wp-json\/wp\/v2\/product\/63490","targetHints":{"allow":["GET"]}}],"collection":[{"href":"https:\/\/turijnmagazijn.nl\/fr\/wp-json\/wp\/v2\/product"}],"about":[{"href":"https:\/\/turijnmagazijn.nl\/fr\/wp-json\/wp\/v2\/types\/product"}],"replies":[{"embeddable":true,"href":"https:\/\/turijnmagazijn.nl\/fr\/wp-json\/wp\/v2\/comments?post=63490"}],"wp:featuredmedia":[{"embeddable":true,"href":"https:\/\/turijnmagazijn.nl\/fr\/wp-json\/wp\/v2\/media\/40944"}],"wp:attachment":[{"href":"https:\/\/turijnmagazijn.nl\/fr\/wp-json\/wp\/v2\/media?parent=63490"}],"wp:term":[{"taxonomy":"product_brand","embeddable":true,"href":"https:\/\/turijnmagazijn.nl\/fr\/wp-json\/wp\/v2\/product_brand?post=63490"},{"taxonomy":"product_cat","embeddable":true,"href":"https:\/\/turijnmagazijn.nl\/fr\/wp-json\/wp\/v2\/product_cat?post=63490"},{"taxonomy":"product_tag","embeddable":true,"href":"https:\/\/turijnmagazijn.nl\/fr\/wp-json\/wp\/v2\/product_tag?post=63490"}],"curies":[{"name":"wp","href":"https:\/\/api.w.org\/{rel}","templated":true}]}}