{"id":63501,"date":"2023-03-03T09:13:55","date_gmt":"2023-03-03T08:13:55","guid":{"rendered":"https:\/\/turijnmagazijn.nl\/product\/galerie-dinjection-moteurs-turbodiesel-fiat-alfa-lancia\/"},"modified":"2023-07-26T13:56:33","modified_gmt":"2023-07-26T11:56:33","slug":"galerie-injection-turbodiesel-moteurs-fiat-alfa-lancia","status":"publish","type":"product","link":"https:\/\/turijnmagazijn.nl\/fr\/produit\/galerie-injection-turbodiesel-moteurs-fiat-alfa-lancia\/","title":{"rendered":"Galerie d\u2019injection Moteurs turbodiesel Fiat Alfa Lancia"},"content":{"rendered":"<p>Galerie d\u2019injection pour l\u2019alimentation en diesel sous haute pression (1500 bar) pour les moteurs JTD. Provenant d\u2019une Alfa 156 construite en 1999 avec un moteur 1.9 JTD mais applicable \u00e0 de nombreux mod\u00e8les de voitures diff\u00e9rents dans lesquels des moteurs diesel JTD ont \u00e9t\u00e9 utilis\u00e9s. V\u00e9rifiez toujours \u00e0 l\u2019avance via EPER si cette galerie est applicable \u00e0 votre version sp\u00e9cifique.<\/p>\n<p>Partie de Bosch avec inscriptions:<br \/>96718<\/p>\n<p>V=30cm2<br \/>13839<br \/>0455214012<\/p>\n<p>Num\u00e9ro OEM Alfa Fiat Lancia&nbsp;<span style=\"text-align: -webkit-right;\">46542551<\/span><\/p>\n","protected":false},"excerpt":{"rendered":"<p>Galerie d\u2019injection Moteurs turbodiesel Fiat Alfa Lancia &#8211; Galerie d\u2019injection pour l\u2019alimentation en diesel sous haute pression (1500 bar) pour moteurs JTD.<\/p>\n","protected":false},"featured_media":40852,"comment_status":"open","ping_status":"closed","template":"","meta":{"_acf_changed":false},"product_brand":[],"product_cat":[1606,1613,1766,1769,1582,1690,1798,1873,1736,1738,1774,1752,1882,1617,1623,1763,1880],"product_tag":[],"class_list":{"0":"post-63501","1":"product","2":"type-product","3":"status-publish","4":"has-post-thumbnail","6":"product_cat-147-937-fr","7":"product_cat-156-932-fr","8":"product_cat-5drs-fr","9":"product_cat-abarth-3drs-fr","10":"product_cat-alfa-romeo-fr","11":"product_cat-fiat-fr","12":"product_cat-lancia-fr","13":"product_cat-lybra-839-fr","14":"product_cat-marea-185-fr","15":"product_cat-multipla-186-fr","16":"product_cat-multiwagon-fr","17":"product_cat-punto-2-188-fr","18":"product_cat-sedan-lybra-839-fr","19":"product_cat-sedan-fr","20":"product_cat-sportwagon-fr","21":"product_cat-stilo-192-fr","22":"product_cat-sw-lybra-839-fr","23":"pa_soort-onderdeel-dautres-pieces-de-voiture","24":"pa_soort-onderdeel-moteur-et-accessoires","26":"first","27":"instock","28":"shipping-taxable","29":"purchasable","30":"product-type-simple"},"acf":[],"yoast_head":"<!-- This site is optimized with the Yoast SEO plugin v27.3 - https:\/\/yoast.com\/product\/yoast-seo-wordpress\/ -->\n<title>Galerie d\u2019injection Moteurs turbodiesel Fiat Alfa Lancia - Turijnmagazijn<\/title>\n<meta name=\"robots\" content=\"index, follow, max-snippet:-1, max-image-preview:large, max-video-preview:-1\" \/>\n<link rel=\"canonical\" href=\"https:\/\/turijnmagazijn.nl\/fr\/produit\/galerie-injection-turbodiesel-moteurs-fiat-alfa-lancia\/\" \/>\n<meta property=\"og:locale\" content=\"fr_FR\" \/>\n<meta property=\"og:type\" content=\"article\" \/>\n<meta property=\"og:title\" content=\"Galerie d\u2019injection Moteurs turbodiesel Fiat Alfa Lancia - Turijnmagazijn\" \/>\n<meta property=\"og:description\" content=\"Galerie d\u2019injection Moteurs turbodiesel Fiat Alfa Lancia - Galerie d\u2019injection pour l\u2019alimentation en diesel sous haute pression (1500 bar) pour moteurs JTD.\" \/>\n<meta property=\"og:url\" content=\"https:\/\/turijnmagazijn.nl\/fr\/produit\/galerie-injection-turbodiesel-moteurs-fiat-alfa-lancia\/\" \/>\n<meta property=\"og:site_name\" content=\"Turijnmagazijn\" \/>\n<meta property=\"article:publisher\" content=\"https:\/\/www.facebook.com\/turijnmagazijn\" \/>\n<meta property=\"article:modified_time\" content=\"2023-07-26T11:56:33+00:00\" \/>\n<meta property=\"og:image\" content=\"https:\/\/turijnmagazijn.jumpstone-dev.nl\/wp-content\/uploads\/2023\/03\/DK00101353-Injectie-gallerij-Turbodiesel-motoren-Fiat-Alfa-Lancia-3-1.jpg\" \/>\n\t<meta property=\"og:image:width\" content=\"800\" \/>\n\t<meta property=\"og:image:height\" content=\"600\" \/>\n\t<meta property=\"og:image:type\" content=\"image\/jpeg\" \/>\n<meta name=\"twitter:card\" content=\"summary_large_image\" \/>\n<script type=\"application\/ld+json\" class=\"yoast-schema-graph\">{\"@context\":\"https:\\\/\\\/schema.org\",\"@graph\":[{\"@type\":\"WebPage\",\"@id\":\"https:\\\/\\\/turijnmagazijn.nl\\\/fr\\\/produit\\\/galerie-injection-turbodiesel-moteurs-fiat-alfa-lancia\\\/\",\"url\":\"https:\\\/\\\/turijnmagazijn.nl\\\/fr\\\/produit\\\/galerie-injection-turbodiesel-moteurs-fiat-alfa-lancia\\\/\",\"name\":\"Galerie d\u2019injection Moteurs turbodiesel Fiat Alfa Lancia - Turijnmagazijn\",\"isPartOf\":{\"@id\":\"https:\\\/\\\/turijnmagazijn.jumpstone-dev.nl\\\/#website\"},\"primaryImageOfPage\":{\"@id\":\"https:\\\/\\\/turijnmagazijn.nl\\\/fr\\\/produit\\\/galerie-injection-turbodiesel-moteurs-fiat-alfa-lancia\\\/#primaryimage\"},\"image\":{\"@id\":\"https:\\\/\\\/turijnmagazijn.nl\\\/fr\\\/produit\\\/galerie-injection-turbodiesel-moteurs-fiat-alfa-lancia\\\/#primaryimage\"},\"thumbnailUrl\":\"https:\\\/\\\/turijnmagazijn.nl\\\/wp-content\\\/uploads\\\/2023\\\/03\\\/DK00101353-Injectie-gallerij-Turbodiesel-motoren-Fiat-Alfa-Lancia-3-1.jpg\",\"datePublished\":\"2023-03-03T08:13:55+00:00\",\"dateModified\":\"2023-07-26T11:56:33+00:00\",\"breadcrumb\":{\"@id\":\"https:\\\/\\\/turijnmagazijn.nl\\\/fr\\\/produit\\\/galerie-injection-turbodiesel-moteurs-fiat-alfa-lancia\\\/#breadcrumb\"},\"inLanguage\":\"fr-FR\",\"potentialAction\":[{\"@type\":\"ReadAction\",\"target\":[\"https:\\\/\\\/turijnmagazijn.nl\\\/fr\\\/produit\\\/galerie-injection-turbodiesel-moteurs-fiat-alfa-lancia\\\/\"]}]},{\"@type\":\"ImageObject\",\"inLanguage\":\"fr-FR\",\"@id\":\"https:\\\/\\\/turijnmagazijn.nl\\\/fr\\\/produit\\\/galerie-injection-turbodiesel-moteurs-fiat-alfa-lancia\\\/#primaryimage\",\"url\":\"https:\\\/\\\/turijnmagazijn.nl\\\/wp-content\\\/uploads\\\/2023\\\/03\\\/DK00101353-Injectie-gallerij-Turbodiesel-motoren-Fiat-Alfa-Lancia-3-1.jpg\",\"contentUrl\":\"https:\\\/\\\/turijnmagazijn.nl\\\/wp-content\\\/uploads\\\/2023\\\/03\\\/DK00101353-Injectie-gallerij-Turbodiesel-motoren-Fiat-Alfa-Lancia-3-1.jpg\",\"width\":800,\"height\":600},{\"@type\":\"BreadcrumbList\",\"@id\":\"https:\\\/\\\/turijnmagazijn.nl\\\/fr\\\/produit\\\/galerie-injection-turbodiesel-moteurs-fiat-alfa-lancia\\\/#breadcrumb\",\"itemListElement\":[{\"@type\":\"ListItem\",\"position\":1,\"name\":\"Home\",\"item\":\"https:\\\/\\\/turijnmagazijn.nl\\\/fr\\\/\"},{\"@type\":\"ListItem\",\"position\":2,\"name\":\"Produits\",\"item\":\"https:\\\/\\\/turijnmagazijn.nl\\\/fr\\\/shop\\\/\"},{\"@type\":\"ListItem\",\"position\":3,\"name\":\"Galerie d\u2019injection Moteurs turbodiesel Fiat Alfa Lancia\"}]},{\"@type\":\"WebSite\",\"@id\":\"https:\\\/\\\/turijnmagazijn.jumpstone-dev.nl\\\/#website\",\"url\":\"https:\\\/\\\/turijnmagazijn.jumpstone-dev.nl\\\/\",\"name\":\"Turijnmagazijn\",\"description\":\"Onderdelen nieuw en gebruikt - Fiat &amp; Lancia\",\"publisher\":{\"@id\":\"https:\\\/\\\/turijnmagazijn.jumpstone-dev.nl\\\/#organization\"},\"potentialAction\":[{\"@type\":\"SearchAction\",\"target\":{\"@type\":\"EntryPoint\",\"urlTemplate\":\"https:\\\/\\\/turijnmagazijn.jumpstone-dev.nl\\\/?s={search_term_string}\"},\"query-input\":{\"@type\":\"PropertyValueSpecification\",\"valueRequired\":true,\"valueName\":\"search_term_string\"}}],\"inLanguage\":\"fr-FR\"},{\"@type\":\"Organization\",\"@id\":\"https:\\\/\\\/turijnmagazijn.jumpstone-dev.nl\\\/#organization\",\"name\":\"Turijnmagazijn\",\"url\":\"https:\\\/\\\/turijnmagazijn.jumpstone-dev.nl\\\/\",\"logo\":{\"@type\":\"ImageObject\",\"inLanguage\":\"fr-FR\",\"@id\":\"https:\\\/\\\/turijnmagazijn.jumpstone-dev.nl\\\/#\\\/schema\\\/logo\\\/image\\\/\",\"url\":\"https:\\\/\\\/turijnmagazijn.nl\\\/wp-content\\\/uploads\\\/2021\\\/02\\\/turijnmagazijnlogo.png\",\"contentUrl\":\"https:\\\/\\\/turijnmagazijn.nl\\\/wp-content\\\/uploads\\\/2021\\\/02\\\/turijnmagazijnlogo.png\",\"width\":555,\"height\":270,\"caption\":\"Turijnmagazijn\"},\"image\":{\"@id\":\"https:\\\/\\\/turijnmagazijn.jumpstone-dev.nl\\\/#\\\/schema\\\/logo\\\/image\\\/\"},\"sameAs\":[\"https:\\\/\\\/www.facebook.com\\\/turijnmagazijn\"]}]}<\/script>\n<!-- \/ Yoast SEO plugin. -->","yoast_head_json":{"title":"Galerie d\u2019injection Moteurs turbodiesel Fiat Alfa Lancia - Turijnmagazijn","robots":{"index":"index","follow":"follow","max-snippet":"max-snippet:-1","max-image-preview":"max-image-preview:large","max-video-preview":"max-video-preview:-1"},"canonical":"https:\/\/turijnmagazijn.nl\/fr\/produit\/galerie-injection-turbodiesel-moteurs-fiat-alfa-lancia\/","og_locale":"fr_FR","og_type":"article","og_title":"Galerie d\u2019injection Moteurs turbodiesel Fiat Alfa Lancia - Turijnmagazijn","og_description":"Galerie d\u2019injection Moteurs turbodiesel Fiat Alfa Lancia - Galerie d\u2019injection pour l\u2019alimentation en diesel sous haute pression (1500 bar) pour moteurs JTD.","og_url":"https:\/\/turijnmagazijn.nl\/fr\/produit\/galerie-injection-turbodiesel-moteurs-fiat-alfa-lancia\/","og_site_name":"Turijnmagazijn","article_publisher":"https:\/\/www.facebook.com\/turijnmagazijn","article_modified_time":"2023-07-26T11:56:33+00:00","og_image":[{"width":800,"height":600,"url":"https:\/\/turijnmagazijn.jumpstone-dev.nl\/wp-content\/uploads\/2023\/03\/DK00101353-Injectie-gallerij-Turbodiesel-motoren-Fiat-Alfa-Lancia-3-1.jpg","type":"image\/jpeg"}],"twitter_card":"summary_large_image","schema":{"@context":"https:\/\/schema.org","@graph":[{"@type":"WebPage","@id":"https:\/\/turijnmagazijn.nl\/fr\/produit\/galerie-injection-turbodiesel-moteurs-fiat-alfa-lancia\/","url":"https:\/\/turijnmagazijn.nl\/fr\/produit\/galerie-injection-turbodiesel-moteurs-fiat-alfa-lancia\/","name":"Galerie d\u2019injection Moteurs turbodiesel Fiat Alfa Lancia - Turijnmagazijn","isPartOf":{"@id":"https:\/\/turijnmagazijn.jumpstone-dev.nl\/#website"},"primaryImageOfPage":{"@id":"https:\/\/turijnmagazijn.nl\/fr\/produit\/galerie-injection-turbodiesel-moteurs-fiat-alfa-lancia\/#primaryimage"},"image":{"@id":"https:\/\/turijnmagazijn.nl\/fr\/produit\/galerie-injection-turbodiesel-moteurs-fiat-alfa-lancia\/#primaryimage"},"thumbnailUrl":"https:\/\/turijnmagazijn.nl\/wp-content\/uploads\/2023\/03\/DK00101353-Injectie-gallerij-Turbodiesel-motoren-Fiat-Alfa-Lancia-3-1.jpg","datePublished":"2023-03-03T08:13:55+00:00","dateModified":"2023-07-26T11:56:33+00:00","breadcrumb":{"@id":"https:\/\/turijnmagazijn.nl\/fr\/produit\/galerie-injection-turbodiesel-moteurs-fiat-alfa-lancia\/#breadcrumb"},"inLanguage":"fr-FR","potentialAction":[{"@type":"ReadAction","target":["https:\/\/turijnmagazijn.nl\/fr\/produit\/galerie-injection-turbodiesel-moteurs-fiat-alfa-lancia\/"]}]},{"@type":"ImageObject","inLanguage":"fr-FR","@id":"https:\/\/turijnmagazijn.nl\/fr\/produit\/galerie-injection-turbodiesel-moteurs-fiat-alfa-lancia\/#primaryimage","url":"https:\/\/turijnmagazijn.nl\/wp-content\/uploads\/2023\/03\/DK00101353-Injectie-gallerij-Turbodiesel-motoren-Fiat-Alfa-Lancia-3-1.jpg","contentUrl":"https:\/\/turijnmagazijn.nl\/wp-content\/uploads\/2023\/03\/DK00101353-Injectie-gallerij-Turbodiesel-motoren-Fiat-Alfa-Lancia-3-1.jpg","width":800,"height":600},{"@type":"BreadcrumbList","@id":"https:\/\/turijnmagazijn.nl\/fr\/produit\/galerie-injection-turbodiesel-moteurs-fiat-alfa-lancia\/#breadcrumb","itemListElement":[{"@type":"ListItem","position":1,"name":"Home","item":"https:\/\/turijnmagazijn.nl\/fr\/"},{"@type":"ListItem","position":2,"name":"Produits","item":"https:\/\/turijnmagazijn.nl\/fr\/shop\/"},{"@type":"ListItem","position":3,"name":"Galerie d\u2019injection Moteurs turbodiesel Fiat Alfa Lancia"}]},{"@type":"WebSite","@id":"https:\/\/turijnmagazijn.jumpstone-dev.nl\/#website","url":"https:\/\/turijnmagazijn.jumpstone-dev.nl\/","name":"Turijnmagazijn","description":"Onderdelen nieuw en gebruikt - Fiat &amp; Lancia","publisher":{"@id":"https:\/\/turijnmagazijn.jumpstone-dev.nl\/#organization"},"potentialAction":[{"@type":"SearchAction","target":{"@type":"EntryPoint","urlTemplate":"https:\/\/turijnmagazijn.jumpstone-dev.nl\/?s={search_term_string}"},"query-input":{"@type":"PropertyValueSpecification","valueRequired":true,"valueName":"search_term_string"}}],"inLanguage":"fr-FR"},{"@type":"Organization","@id":"https:\/\/turijnmagazijn.jumpstone-dev.nl\/#organization","name":"Turijnmagazijn","url":"https:\/\/turijnmagazijn.jumpstone-dev.nl\/","logo":{"@type":"ImageObject","inLanguage":"fr-FR","@id":"https:\/\/turijnmagazijn.jumpstone-dev.nl\/#\/schema\/logo\/image\/","url":"https:\/\/turijnmagazijn.nl\/wp-content\/uploads\/2021\/02\/turijnmagazijnlogo.png","contentUrl":"https:\/\/turijnmagazijn.nl\/wp-content\/uploads\/2021\/02\/turijnmagazijnlogo.png","width":555,"height":270,"caption":"Turijnmagazijn"},"image":{"@id":"https:\/\/turijnmagazijn.jumpstone-dev.nl\/#\/schema\/logo\/image\/"},"sameAs":["https:\/\/www.facebook.com\/turijnmagazijn"]}]}},"_links":{"self":[{"href":"https:\/\/turijnmagazijn.nl\/fr\/wp-json\/wp\/v2\/product\/63501","targetHints":{"allow":["GET"]}}],"collection":[{"href":"https:\/\/turijnmagazijn.nl\/fr\/wp-json\/wp\/v2\/product"}],"about":[{"href":"https:\/\/turijnmagazijn.nl\/fr\/wp-json\/wp\/v2\/types\/product"}],"replies":[{"embeddable":true,"href":"https:\/\/turijnmagazijn.nl\/fr\/wp-json\/wp\/v2\/comments?post=63501"}],"wp:featuredmedia":[{"embeddable":true,"href":"https:\/\/turijnmagazijn.nl\/fr\/wp-json\/wp\/v2\/media\/40852"}],"wp:attachment":[{"href":"https:\/\/turijnmagazijn.nl\/fr\/wp-json\/wp\/v2\/media?parent=63501"}],"wp:term":[{"taxonomy":"product_brand","embeddable":true,"href":"https:\/\/turijnmagazijn.nl\/fr\/wp-json\/wp\/v2\/product_brand?post=63501"},{"taxonomy":"product_cat","embeddable":true,"href":"https:\/\/turijnmagazijn.nl\/fr\/wp-json\/wp\/v2\/product_cat?post=63501"},{"taxonomy":"product_tag","embeddable":true,"href":"https:\/\/turijnmagazijn.nl\/fr\/wp-json\/wp\/v2\/product_tag?post=63501"}],"curies":[{"name":"wp","href":"https:\/\/api.w.org\/{rel}","templated":true}]}}