{"id":63518,"date":"2023-03-03T09:13:55","date_gmt":"2023-03-03T08:13:55","guid":{"rendered":"https:\/\/turijnmagazijn.nl\/product\/airbag-de-siege-lv-alfa-romeo-166-sieges-a-reglage-electrique\/"},"modified":"2023-07-26T13:56:26","modified_gmt":"2023-07-26T11:56:26","slug":"airbag-de-siege-lv-alfa-romeo-166-sieges-electriques-reglables","status":"publish","type":"product","link":"https:\/\/turijnmagazijn.nl\/fr\/produit\/airbag-de-siege-lv-alfa-romeo-166-sieges-electriques-reglables\/","title":{"rendered":"Airbag de si\u00e8ge LV Alfa Romeo 166 si\u00e8ges \u00e0 r\u00e9glage \u00e9lectrique"},"content":{"rendered":"<p><span style=\"font-size: 12px;\">Airbag pour montage sur le si\u00e8ge avant gauche (si\u00e8ge conducteur) de l\u2019Alfa Romeo 166 pour les versions avec le deuxi\u00e8me si\u00e8ge tr\u00e8s r\u00e9glable \u00e9lectriquement, avec boutons de commande ergonomiques mais sans m\u00e9moire et sans soutien lombaire r\u00e9glable. L\u2019airbag a \u00e9t\u00e9 d\u00e9mont\u00e9 d\u2019une Alfa 166 construite en 1999.<\/span><\/p>\n<p>&nbsp;<\/p>\n<p>Num\u00e9ro OEM Alfa Romeo 60655475<\/p>\n","protected":false},"excerpt":{"rendered":"<p>Seat airbag LV Alfa Romeo 166 si\u00e8ges \u00e0 r\u00e9glage \u00e9lectrique &#8211; Airbag pour montage sur le si\u00e8ge avant gauche (si\u00e8ge conducteur) de l\u2019Alfa Romeo 166 pour les versions avec le second tr\u00e8s si\u00e8ges \u00e0 r\u00e9glage \u00e9lectrique, avec boutons de commande ergonomiques mais soleil<\/p>\n","protected":false},"featured_media":40980,"comment_status":"open","ping_status":"closed","template":"","meta":{"_acf_changed":false},"product_brand":[],"product_cat":[1650,1582],"product_tag":[],"class_list":{"0":"post-63518","1":"product","2":"type-product","3":"status-publish","4":"has-post-thumbnail","6":"product_cat-166-936-fr","7":"product_cat-alfa-romeo-fr","8":"pa_soort-onderdeel-airbags-et-accessoires","9":"pa_soort-onderdeel-freins-et-conduite","11":"first","12":"instock","13":"shipping-taxable","14":"purchasable","15":"product-type-simple"},"acf":[],"yoast_head":"<!-- This site is optimized with the Yoast SEO plugin v27.3 - https:\/\/yoast.com\/product\/yoast-seo-wordpress\/ -->\n<title>Airbag de si\u00e8ge LV Alfa Romeo 166 si\u00e8ges \u00e0 r\u00e9glage \u00e9lectrique - Turijnmagazijn<\/title>\n<meta name=\"robots\" content=\"index, follow, max-snippet:-1, max-image-preview:large, max-video-preview:-1\" \/>\n<link rel=\"canonical\" href=\"https:\/\/turijnmagazijn.nl\/fr\/produit\/airbag-de-siege-lv-alfa-romeo-166-sieges-electriques-reglables\/\" \/>\n<meta property=\"og:locale\" content=\"fr_FR\" \/>\n<meta property=\"og:type\" content=\"article\" \/>\n<meta property=\"og:title\" content=\"Airbag de si\u00e8ge LV Alfa Romeo 166 si\u00e8ges \u00e0 r\u00e9glage \u00e9lectrique - Turijnmagazijn\" \/>\n<meta property=\"og:description\" content=\"Seat airbag LV Alfa Romeo 166 si\u00e8ges \u00e0 r\u00e9glage \u00e9lectrique - Airbag pour montage sur le si\u00e8ge avant gauche (si\u00e8ge conducteur) de l\u2019Alfa Romeo 166 pour les versions avec le second tr\u00e8s si\u00e8ges \u00e0 r\u00e9glage \u00e9lectrique, avec boutons de commande ergonomiques mais soleil\" \/>\n<meta property=\"og:url\" content=\"https:\/\/turijnmagazijn.nl\/fr\/produit\/airbag-de-siege-lv-alfa-romeo-166-sieges-electriques-reglables\/\" \/>\n<meta property=\"og:site_name\" content=\"Turijnmagazijn\" \/>\n<meta property=\"article:publisher\" content=\"https:\/\/www.facebook.com\/turijnmagazijn\" \/>\n<meta property=\"article:modified_time\" content=\"2023-07-26T11:56:26+00:00\" \/>\n<meta property=\"og:image\" content=\"https:\/\/turijnmagazijn.jumpstone-dev.nl\/wp-content\/uploads\/2023\/03\/DK00101366-Stoelairbag-LV-Alfa-Romeo-166-elektrisch-verstelbare-stoelen-3-1.jpg\" \/>\n\t<meta property=\"og:image:width\" content=\"800\" \/>\n\t<meta property=\"og:image:height\" content=\"600\" \/>\n\t<meta property=\"og:image:type\" content=\"image\/jpeg\" \/>\n<meta name=\"twitter:card\" content=\"summary_large_image\" \/>\n<script type=\"application\/ld+json\" class=\"yoast-schema-graph\">{\"@context\":\"https:\\\/\\\/schema.org\",\"@graph\":[{\"@type\":\"WebPage\",\"@id\":\"https:\\\/\\\/turijnmagazijn.nl\\\/fr\\\/produit\\\/airbag-de-siege-lv-alfa-romeo-166-sieges-electriques-reglables\\\/\",\"url\":\"https:\\\/\\\/turijnmagazijn.nl\\\/fr\\\/produit\\\/airbag-de-siege-lv-alfa-romeo-166-sieges-electriques-reglables\\\/\",\"name\":\"Airbag de si\u00e8ge LV Alfa Romeo 166 si\u00e8ges \u00e0 r\u00e9glage \u00e9lectrique - Turijnmagazijn\",\"isPartOf\":{\"@id\":\"https:\\\/\\\/turijnmagazijn.jumpstone-dev.nl\\\/#website\"},\"primaryImageOfPage\":{\"@id\":\"https:\\\/\\\/turijnmagazijn.nl\\\/fr\\\/produit\\\/airbag-de-siege-lv-alfa-romeo-166-sieges-electriques-reglables\\\/#primaryimage\"},\"image\":{\"@id\":\"https:\\\/\\\/turijnmagazijn.nl\\\/fr\\\/produit\\\/airbag-de-siege-lv-alfa-romeo-166-sieges-electriques-reglables\\\/#primaryimage\"},\"thumbnailUrl\":\"https:\\\/\\\/turijnmagazijn.nl\\\/wp-content\\\/uploads\\\/2023\\\/03\\\/DK00101366-Stoelairbag-LV-Alfa-Romeo-166-elektrisch-verstelbare-stoelen-3-1.jpg\",\"datePublished\":\"2023-03-03T08:13:55+00:00\",\"dateModified\":\"2023-07-26T11:56:26+00:00\",\"breadcrumb\":{\"@id\":\"https:\\\/\\\/turijnmagazijn.nl\\\/fr\\\/produit\\\/airbag-de-siege-lv-alfa-romeo-166-sieges-electriques-reglables\\\/#breadcrumb\"},\"inLanguage\":\"fr-FR\",\"potentialAction\":[{\"@type\":\"ReadAction\",\"target\":[\"https:\\\/\\\/turijnmagazijn.nl\\\/fr\\\/produit\\\/airbag-de-siege-lv-alfa-romeo-166-sieges-electriques-reglables\\\/\"]}]},{\"@type\":\"ImageObject\",\"inLanguage\":\"fr-FR\",\"@id\":\"https:\\\/\\\/turijnmagazijn.nl\\\/fr\\\/produit\\\/airbag-de-siege-lv-alfa-romeo-166-sieges-electriques-reglables\\\/#primaryimage\",\"url\":\"https:\\\/\\\/turijnmagazijn.nl\\\/wp-content\\\/uploads\\\/2023\\\/03\\\/DK00101366-Stoelairbag-LV-Alfa-Romeo-166-elektrisch-verstelbare-stoelen-3-1.jpg\",\"contentUrl\":\"https:\\\/\\\/turijnmagazijn.nl\\\/wp-content\\\/uploads\\\/2023\\\/03\\\/DK00101366-Stoelairbag-LV-Alfa-Romeo-166-elektrisch-verstelbare-stoelen-3-1.jpg\",\"width\":800,\"height\":600},{\"@type\":\"BreadcrumbList\",\"@id\":\"https:\\\/\\\/turijnmagazijn.nl\\\/fr\\\/produit\\\/airbag-de-siege-lv-alfa-romeo-166-sieges-electriques-reglables\\\/#breadcrumb\",\"itemListElement\":[{\"@type\":\"ListItem\",\"position\":1,\"name\":\"Home\",\"item\":\"https:\\\/\\\/turijnmagazijn.nl\\\/fr\\\/\"},{\"@type\":\"ListItem\",\"position\":2,\"name\":\"Produits\",\"item\":\"https:\\\/\\\/turijnmagazijn.nl\\\/fr\\\/shop\\\/\"},{\"@type\":\"ListItem\",\"position\":3,\"name\":\"Airbag de si\u00e8ge LV Alfa Romeo 166 si\u00e8ges \u00e0 r\u00e9glage \u00e9lectrique\"}]},{\"@type\":\"WebSite\",\"@id\":\"https:\\\/\\\/turijnmagazijn.jumpstone-dev.nl\\\/#website\",\"url\":\"https:\\\/\\\/turijnmagazijn.jumpstone-dev.nl\\\/\",\"name\":\"Turijnmagazijn\",\"description\":\"Onderdelen nieuw en gebruikt - Fiat &amp; Lancia\",\"publisher\":{\"@id\":\"https:\\\/\\\/turijnmagazijn.jumpstone-dev.nl\\\/#organization\"},\"potentialAction\":[{\"@type\":\"SearchAction\",\"target\":{\"@type\":\"EntryPoint\",\"urlTemplate\":\"https:\\\/\\\/turijnmagazijn.jumpstone-dev.nl\\\/?s={search_term_string}\"},\"query-input\":{\"@type\":\"PropertyValueSpecification\",\"valueRequired\":true,\"valueName\":\"search_term_string\"}}],\"inLanguage\":\"fr-FR\"},{\"@type\":\"Organization\",\"@id\":\"https:\\\/\\\/turijnmagazijn.jumpstone-dev.nl\\\/#organization\",\"name\":\"Turijnmagazijn\",\"url\":\"https:\\\/\\\/turijnmagazijn.jumpstone-dev.nl\\\/\",\"logo\":{\"@type\":\"ImageObject\",\"inLanguage\":\"fr-FR\",\"@id\":\"https:\\\/\\\/turijnmagazijn.jumpstone-dev.nl\\\/#\\\/schema\\\/logo\\\/image\\\/\",\"url\":\"https:\\\/\\\/turijnmagazijn.nl\\\/wp-content\\\/uploads\\\/2021\\\/02\\\/turijnmagazijnlogo.png\",\"contentUrl\":\"https:\\\/\\\/turijnmagazijn.nl\\\/wp-content\\\/uploads\\\/2021\\\/02\\\/turijnmagazijnlogo.png\",\"width\":555,\"height\":270,\"caption\":\"Turijnmagazijn\"},\"image\":{\"@id\":\"https:\\\/\\\/turijnmagazijn.jumpstone-dev.nl\\\/#\\\/schema\\\/logo\\\/image\\\/\"},\"sameAs\":[\"https:\\\/\\\/www.facebook.com\\\/turijnmagazijn\"]}]}<\/script>\n<!-- \/ Yoast SEO plugin. -->","yoast_head_json":{"title":"Airbag de si\u00e8ge LV Alfa Romeo 166 si\u00e8ges \u00e0 r\u00e9glage \u00e9lectrique - Turijnmagazijn","robots":{"index":"index","follow":"follow","max-snippet":"max-snippet:-1","max-image-preview":"max-image-preview:large","max-video-preview":"max-video-preview:-1"},"canonical":"https:\/\/turijnmagazijn.nl\/fr\/produit\/airbag-de-siege-lv-alfa-romeo-166-sieges-electriques-reglables\/","og_locale":"fr_FR","og_type":"article","og_title":"Airbag de si\u00e8ge LV Alfa Romeo 166 si\u00e8ges \u00e0 r\u00e9glage \u00e9lectrique - Turijnmagazijn","og_description":"Seat airbag LV Alfa Romeo 166 si\u00e8ges \u00e0 r\u00e9glage \u00e9lectrique - Airbag pour montage sur le si\u00e8ge avant gauche (si\u00e8ge conducteur) de l\u2019Alfa Romeo 166 pour les versions avec le second tr\u00e8s si\u00e8ges \u00e0 r\u00e9glage \u00e9lectrique, avec boutons de commande ergonomiques mais soleil","og_url":"https:\/\/turijnmagazijn.nl\/fr\/produit\/airbag-de-siege-lv-alfa-romeo-166-sieges-electriques-reglables\/","og_site_name":"Turijnmagazijn","article_publisher":"https:\/\/www.facebook.com\/turijnmagazijn","article_modified_time":"2023-07-26T11:56:26+00:00","og_image":[{"width":800,"height":600,"url":"https:\/\/turijnmagazijn.jumpstone-dev.nl\/wp-content\/uploads\/2023\/03\/DK00101366-Stoelairbag-LV-Alfa-Romeo-166-elektrisch-verstelbare-stoelen-3-1.jpg","type":"image\/jpeg"}],"twitter_card":"summary_large_image","schema":{"@context":"https:\/\/schema.org","@graph":[{"@type":"WebPage","@id":"https:\/\/turijnmagazijn.nl\/fr\/produit\/airbag-de-siege-lv-alfa-romeo-166-sieges-electriques-reglables\/","url":"https:\/\/turijnmagazijn.nl\/fr\/produit\/airbag-de-siege-lv-alfa-romeo-166-sieges-electriques-reglables\/","name":"Airbag de si\u00e8ge LV Alfa Romeo 166 si\u00e8ges \u00e0 r\u00e9glage \u00e9lectrique - Turijnmagazijn","isPartOf":{"@id":"https:\/\/turijnmagazijn.jumpstone-dev.nl\/#website"},"primaryImageOfPage":{"@id":"https:\/\/turijnmagazijn.nl\/fr\/produit\/airbag-de-siege-lv-alfa-romeo-166-sieges-electriques-reglables\/#primaryimage"},"image":{"@id":"https:\/\/turijnmagazijn.nl\/fr\/produit\/airbag-de-siege-lv-alfa-romeo-166-sieges-electriques-reglables\/#primaryimage"},"thumbnailUrl":"https:\/\/turijnmagazijn.nl\/wp-content\/uploads\/2023\/03\/DK00101366-Stoelairbag-LV-Alfa-Romeo-166-elektrisch-verstelbare-stoelen-3-1.jpg","datePublished":"2023-03-03T08:13:55+00:00","dateModified":"2023-07-26T11:56:26+00:00","breadcrumb":{"@id":"https:\/\/turijnmagazijn.nl\/fr\/produit\/airbag-de-siege-lv-alfa-romeo-166-sieges-electriques-reglables\/#breadcrumb"},"inLanguage":"fr-FR","potentialAction":[{"@type":"ReadAction","target":["https:\/\/turijnmagazijn.nl\/fr\/produit\/airbag-de-siege-lv-alfa-romeo-166-sieges-electriques-reglables\/"]}]},{"@type":"ImageObject","inLanguage":"fr-FR","@id":"https:\/\/turijnmagazijn.nl\/fr\/produit\/airbag-de-siege-lv-alfa-romeo-166-sieges-electriques-reglables\/#primaryimage","url":"https:\/\/turijnmagazijn.nl\/wp-content\/uploads\/2023\/03\/DK00101366-Stoelairbag-LV-Alfa-Romeo-166-elektrisch-verstelbare-stoelen-3-1.jpg","contentUrl":"https:\/\/turijnmagazijn.nl\/wp-content\/uploads\/2023\/03\/DK00101366-Stoelairbag-LV-Alfa-Romeo-166-elektrisch-verstelbare-stoelen-3-1.jpg","width":800,"height":600},{"@type":"BreadcrumbList","@id":"https:\/\/turijnmagazijn.nl\/fr\/produit\/airbag-de-siege-lv-alfa-romeo-166-sieges-electriques-reglables\/#breadcrumb","itemListElement":[{"@type":"ListItem","position":1,"name":"Home","item":"https:\/\/turijnmagazijn.nl\/fr\/"},{"@type":"ListItem","position":2,"name":"Produits","item":"https:\/\/turijnmagazijn.nl\/fr\/shop\/"},{"@type":"ListItem","position":3,"name":"Airbag de si\u00e8ge LV Alfa Romeo 166 si\u00e8ges \u00e0 r\u00e9glage \u00e9lectrique"}]},{"@type":"WebSite","@id":"https:\/\/turijnmagazijn.jumpstone-dev.nl\/#website","url":"https:\/\/turijnmagazijn.jumpstone-dev.nl\/","name":"Turijnmagazijn","description":"Onderdelen nieuw en gebruikt - Fiat &amp; Lancia","publisher":{"@id":"https:\/\/turijnmagazijn.jumpstone-dev.nl\/#organization"},"potentialAction":[{"@type":"SearchAction","target":{"@type":"EntryPoint","urlTemplate":"https:\/\/turijnmagazijn.jumpstone-dev.nl\/?s={search_term_string}"},"query-input":{"@type":"PropertyValueSpecification","valueRequired":true,"valueName":"search_term_string"}}],"inLanguage":"fr-FR"},{"@type":"Organization","@id":"https:\/\/turijnmagazijn.jumpstone-dev.nl\/#organization","name":"Turijnmagazijn","url":"https:\/\/turijnmagazijn.jumpstone-dev.nl\/","logo":{"@type":"ImageObject","inLanguage":"fr-FR","@id":"https:\/\/turijnmagazijn.jumpstone-dev.nl\/#\/schema\/logo\/image\/","url":"https:\/\/turijnmagazijn.nl\/wp-content\/uploads\/2021\/02\/turijnmagazijnlogo.png","contentUrl":"https:\/\/turijnmagazijn.nl\/wp-content\/uploads\/2021\/02\/turijnmagazijnlogo.png","width":555,"height":270,"caption":"Turijnmagazijn"},"image":{"@id":"https:\/\/turijnmagazijn.jumpstone-dev.nl\/#\/schema\/logo\/image\/"},"sameAs":["https:\/\/www.facebook.com\/turijnmagazijn"]}]}},"_links":{"self":[{"href":"https:\/\/turijnmagazijn.nl\/fr\/wp-json\/wp\/v2\/product\/63518","targetHints":{"allow":["GET"]}}],"collection":[{"href":"https:\/\/turijnmagazijn.nl\/fr\/wp-json\/wp\/v2\/product"}],"about":[{"href":"https:\/\/turijnmagazijn.nl\/fr\/wp-json\/wp\/v2\/types\/product"}],"replies":[{"embeddable":true,"href":"https:\/\/turijnmagazijn.nl\/fr\/wp-json\/wp\/v2\/comments?post=63518"}],"wp:featuredmedia":[{"embeddable":true,"href":"https:\/\/turijnmagazijn.nl\/fr\/wp-json\/wp\/v2\/media\/40980"}],"wp:attachment":[{"href":"https:\/\/turijnmagazijn.nl\/fr\/wp-json\/wp\/v2\/media?parent=63518"}],"wp:term":[{"taxonomy":"product_brand","embeddable":true,"href":"https:\/\/turijnmagazijn.nl\/fr\/wp-json\/wp\/v2\/product_brand?post=63518"},{"taxonomy":"product_cat","embeddable":true,"href":"https:\/\/turijnmagazijn.nl\/fr\/wp-json\/wp\/v2\/product_cat?post=63518"},{"taxonomy":"product_tag","embeddable":true,"href":"https:\/\/turijnmagazijn.nl\/fr\/wp-json\/wp\/v2\/product_tag?post=63518"}],"curies":[{"name":"wp","href":"https:\/\/api.w.org\/{rel}","templated":true}]}}