{"id":63620,"date":"2023-03-03T09:14:18","date_gmt":"2023-03-03T08:14:18","guid":{"rendered":"https:\/\/turijnmagazijn.nl\/product\/ensemble-de-verrouillage-avec-emetteur-portable-fiat-stilo-3drs\/"},"modified":"2023-07-26T13:57:23","modified_gmt":"2023-07-26T11:57:23","slug":"verrouset-avec-emetteur-main-fiat-stilo-3drs","status":"publish","type":"product","link":"https:\/\/turijnmagazijn.nl\/fr\/produit\/verrouset-avec-emetteur-main-fiat-stilo-3drs\/","title":{"rendered":"Ensemble de verrouillage avec \u00e9metteur portable Fiat Stilo 3drs"},"content":{"rendered":"<p><span style=\"font-size: 12px;\">Serrure pour 3 portes Fiat Stilo compos\u00e9e de:<\/span><\/p>\n<\/p>\n<ul>\n<li><span style=\"font-size: 12px;\">1 cl\u00e9 avec \u00e9metteur portatif int\u00e9gr\u00e9 pour l\u2019ouverture \u00e0 distance 71738117<\/span><\/li>\n<li><span style=\"font-size: 12px;\">1 ordinateur corporel. 517Fiat, Fiat &gt; Barchetta [183], 62 L\u2019ordinateur de carrosserie contient le code de cl\u00e9 de la cl\u00e9 correspondante et est n\u00e9cessaire pour que la cl\u00e9 soit accept\u00e9e par la voiture.<\/span><\/li>\n<li><span style=\"font-size: 12px;\">1 serrure pour le conducteur de la porte avant 46840039<\/span><\/li>\n<li><span style=\"font-size: 12px;\">1 verrou de contact 46760152<\/span><\/li>\n<li><span style=\"font-size: 12px;\">1 interrupteur airbag avec serrure (actionn\u00e9 par cl\u00e9)<\/span><\/li>\n<li><span style=\"font-size: 12px;\">1 46845813 d\u2019\u00e9cluse de hayon<\/span><\/li>\n<\/ul>\n<p>Provient d\u2019une &nbsp;Stilo Abarth 2.4 3 portes avec automatique Selespeed de l\u2019ann\u00e9e 7\/2003.<\/p>\n<p><span style=\"font-size: 12px;\">Malheureusement, il n\u2019y a pas de carte de code avec cet ensemble et l\u2019ECU n\u2019est pas non plus disponible. Pour que le jeu de verrouillage fonctionne, l\u2019ECU moteur devra \u00eatre reprogramm\u00e9 par un sp\u00e9cialiste. R\u00e9organiser des cl\u00e9s suppl\u00e9mentaires n\u2019est pas bon non plus.<\/span><\/p>\n<div><\/div>\n","protected":false},"excerpt":{"rendered":"<p>Serrure avec \u00e9metteur portatif Fiat Stilo 3drs &#8211; Serrure pour 3 portes Fiat Stilo comprenant: 1 cl\u00e9 avec \u00e9metteur portatif int\u00e9gr\u00e9 pour l\u2019ouverture avec t\u00e9l\u00e9commande 717381171 corps ordinateur.<\/p>\n","protected":false},"featured_media":41260,"comment_status":"open","ping_status":"closed","template":"","meta":{"_acf_changed":false},"product_brand":[],"product_cat":[1769,1690,1763],"product_tag":[],"class_list":{"0":"post-63620","1":"product","2":"type-product","3":"status-publish","4":"has-post-thumbnail","6":"product_cat-abarth-3drs-fr","7":"product_cat-fiat-fr","8":"product_cat-stilo-192-fr","9":"pa_soort-onderdeel-carrosserie-et-tolerie","10":"pa_soort-onderdeel-electronique-et-cables","12":"first","13":"instock","14":"shipping-taxable","15":"purchasable","16":"product-type-simple"},"acf":[],"yoast_head":"<!-- This site is optimized with the Yoast SEO plugin v27.2 - https:\/\/yoast.com\/product\/yoast-seo-wordpress\/ -->\n<title>Ensemble de verrouillage avec \u00e9metteur portable Fiat Stilo 3drs - Turijnmagazijn<\/title>\n<meta name=\"robots\" content=\"index, follow, max-snippet:-1, max-image-preview:large, max-video-preview:-1\" \/>\n<link rel=\"canonical\" href=\"https:\/\/turijnmagazijn.nl\/fr\/produit\/verrouset-avec-emetteur-main-fiat-stilo-3drs\/\" \/>\n<meta property=\"og:locale\" content=\"fr_FR\" \/>\n<meta property=\"og:type\" content=\"article\" \/>\n<meta property=\"og:title\" content=\"Ensemble de verrouillage avec \u00e9metteur portable Fiat Stilo 3drs - Turijnmagazijn\" \/>\n<meta property=\"og:description\" content=\"Serrure avec \u00e9metteur portatif Fiat Stilo 3drs - Serrure pour 3 portes Fiat Stilo comprenant: 1 cl\u00e9 avec \u00e9metteur portatif int\u00e9gr\u00e9 pour l\u2019ouverture avec t\u00e9l\u00e9commande 717381171 corps ordinateur.\" \/>\n<meta property=\"og:url\" content=\"https:\/\/turijnmagazijn.nl\/fr\/produit\/verrouset-avec-emetteur-main-fiat-stilo-3drs\/\" \/>\n<meta property=\"og:site_name\" content=\"Turijnmagazijn\" \/>\n<meta property=\"article:publisher\" content=\"https:\/\/www.facebook.com\/turijnmagazijn\" \/>\n<meta property=\"article:modified_time\" content=\"2023-07-26T11:57:23+00:00\" \/>\n<meta property=\"og:image\" content=\"https:\/\/turijnmagazijn.jumpstone-dev.nl\/wp-content\/uploads\/2023\/03\/DK00101418_Slotenset_Fiat_Stilo_3drs_handzender_2-1-rotated-1.jpg\" \/>\n\t<meta property=\"og:image:width\" content=\"600\" \/>\n\t<meta property=\"og:image:height\" content=\"800\" \/>\n\t<meta property=\"og:image:type\" content=\"image\/jpeg\" \/>\n<meta name=\"twitter:card\" content=\"summary_large_image\" \/>\n<meta name=\"twitter:label1\" content=\"Dur\u00e9e de lecture estim\u00e9e\" \/>\n\t<meta name=\"twitter:data1\" content=\"1 minute\" \/>\n<script type=\"application\/ld+json\" class=\"yoast-schema-graph\">{\"@context\":\"https:\/\/schema.org\",\"@graph\":[{\"@type\":\"WebPage\",\"@id\":\"https:\/\/turijnmagazijn.nl\/fr\/produit\/verrouset-avec-emetteur-main-fiat-stilo-3drs\/\",\"url\":\"https:\/\/turijnmagazijn.nl\/fr\/produit\/verrouset-avec-emetteur-main-fiat-stilo-3drs\/\",\"name\":\"Ensemble de verrouillage avec \u00e9metteur portable Fiat Stilo 3drs - Turijnmagazijn\",\"isPartOf\":{\"@id\":\"https:\/\/turijnmagazijn.jumpstone-dev.nl\/#website\"},\"primaryImageOfPage\":{\"@id\":\"https:\/\/turijnmagazijn.nl\/fr\/produit\/verrouset-avec-emetteur-main-fiat-stilo-3drs\/#primaryimage\"},\"image\":{\"@id\":\"https:\/\/turijnmagazijn.nl\/fr\/produit\/verrouset-avec-emetteur-main-fiat-stilo-3drs\/#primaryimage\"},\"thumbnailUrl\":\"https:\/\/turijnmagazijn.nl\/wp-content\/uploads\/2023\/03\/DK00101418_Slotenset_Fiat_Stilo_3drs_handzender_2-1-rotated-1.jpg\",\"datePublished\":\"2023-03-03T08:14:18+00:00\",\"dateModified\":\"2023-07-26T11:57:23+00:00\",\"breadcrumb\":{\"@id\":\"https:\/\/turijnmagazijn.nl\/fr\/produit\/verrouset-avec-emetteur-main-fiat-stilo-3drs\/#breadcrumb\"},\"inLanguage\":\"fr-FR\",\"potentialAction\":[{\"@type\":\"ReadAction\",\"target\":[\"https:\/\/turijnmagazijn.nl\/fr\/produit\/verrouset-avec-emetteur-main-fiat-stilo-3drs\/\"]}]},{\"@type\":\"ImageObject\",\"inLanguage\":\"fr-FR\",\"@id\":\"https:\/\/turijnmagazijn.nl\/fr\/produit\/verrouset-avec-emetteur-main-fiat-stilo-3drs\/#primaryimage\",\"url\":\"https:\/\/turijnmagazijn.nl\/wp-content\/uploads\/2023\/03\/DK00101418_Slotenset_Fiat_Stilo_3drs_handzender_2-1-rotated-1.jpg\",\"contentUrl\":\"https:\/\/turijnmagazijn.nl\/wp-content\/uploads\/2023\/03\/DK00101418_Slotenset_Fiat_Stilo_3drs_handzender_2-1-rotated-1.jpg\",\"width\":600,\"height\":800},{\"@type\":\"BreadcrumbList\",\"@id\":\"https:\/\/turijnmagazijn.nl\/fr\/produit\/verrouset-avec-emetteur-main-fiat-stilo-3drs\/#breadcrumb\",\"itemListElement\":[{\"@type\":\"ListItem\",\"position\":1,\"name\":\"Home\",\"item\":\"https:\/\/turijnmagazijn.nl\/fr\/\"},{\"@type\":\"ListItem\",\"position\":2,\"name\":\"Produits\",\"item\":\"https:\/\/turijnmagazijn.nl\/fr\/shop\/\"},{\"@type\":\"ListItem\",\"position\":3,\"name\":\"Ensemble de verrouillage avec \u00e9metteur portable Fiat Stilo 3drs\"}]},{\"@type\":\"WebSite\",\"@id\":\"https:\/\/turijnmagazijn.jumpstone-dev.nl\/#website\",\"url\":\"https:\/\/turijnmagazijn.jumpstone-dev.nl\/\",\"name\":\"Turijnmagazijn\",\"description\":\"Onderdelen nieuw en gebruikt - Fiat &amp; Lancia\",\"publisher\":{\"@id\":\"https:\/\/turijnmagazijn.jumpstone-dev.nl\/#organization\"},\"potentialAction\":[{\"@type\":\"SearchAction\",\"target\":{\"@type\":\"EntryPoint\",\"urlTemplate\":\"https:\/\/turijnmagazijn.jumpstone-dev.nl\/?s={search_term_string}\"},\"query-input\":{\"@type\":\"PropertyValueSpecification\",\"valueRequired\":true,\"valueName\":\"search_term_string\"}}],\"inLanguage\":\"fr-FR\"},{\"@type\":\"Organization\",\"@id\":\"https:\/\/turijnmagazijn.jumpstone-dev.nl\/#organization\",\"name\":\"Turijnmagazijn\",\"url\":\"https:\/\/turijnmagazijn.jumpstone-dev.nl\/\",\"logo\":{\"@type\":\"ImageObject\",\"inLanguage\":\"fr-FR\",\"@id\":\"https:\/\/turijnmagazijn.jumpstone-dev.nl\/#\/schema\/logo\/image\/\",\"url\":\"https:\/\/turijnmagazijn.nl\/wp-content\/uploads\/2021\/02\/turijnmagazijnlogo.png\",\"contentUrl\":\"https:\/\/turijnmagazijn.nl\/wp-content\/uploads\/2021\/02\/turijnmagazijnlogo.png\",\"width\":555,\"height\":270,\"caption\":\"Turijnmagazijn\"},\"image\":{\"@id\":\"https:\/\/turijnmagazijn.jumpstone-dev.nl\/#\/schema\/logo\/image\/\"},\"sameAs\":[\"https:\/\/www.facebook.com\/turijnmagazijn\"]}]}<\/script>\n<!-- \/ Yoast SEO plugin. -->","yoast_head_json":{"title":"Ensemble de verrouillage avec \u00e9metteur portable Fiat Stilo 3drs - Turijnmagazijn","robots":{"index":"index","follow":"follow","max-snippet":"max-snippet:-1","max-image-preview":"max-image-preview:large","max-video-preview":"max-video-preview:-1"},"canonical":"https:\/\/turijnmagazijn.nl\/fr\/produit\/verrouset-avec-emetteur-main-fiat-stilo-3drs\/","og_locale":"fr_FR","og_type":"article","og_title":"Ensemble de verrouillage avec \u00e9metteur portable Fiat Stilo 3drs - Turijnmagazijn","og_description":"Serrure avec \u00e9metteur portatif Fiat Stilo 3drs - Serrure pour 3 portes Fiat Stilo comprenant: 1 cl\u00e9 avec \u00e9metteur portatif int\u00e9gr\u00e9 pour l\u2019ouverture avec t\u00e9l\u00e9commande 717381171 corps ordinateur.","og_url":"https:\/\/turijnmagazijn.nl\/fr\/produit\/verrouset-avec-emetteur-main-fiat-stilo-3drs\/","og_site_name":"Turijnmagazijn","article_publisher":"https:\/\/www.facebook.com\/turijnmagazijn","article_modified_time":"2023-07-26T11:57:23+00:00","og_image":[{"width":600,"height":800,"url":"https:\/\/turijnmagazijn.jumpstone-dev.nl\/wp-content\/uploads\/2023\/03\/DK00101418_Slotenset_Fiat_Stilo_3drs_handzender_2-1-rotated-1.jpg","type":"image\/jpeg"}],"twitter_card":"summary_large_image","twitter_misc":{"Dur\u00e9e de lecture estim\u00e9e":"1 minute"},"schema":{"@context":"https:\/\/schema.org","@graph":[{"@type":"WebPage","@id":"https:\/\/turijnmagazijn.nl\/fr\/produit\/verrouset-avec-emetteur-main-fiat-stilo-3drs\/","url":"https:\/\/turijnmagazijn.nl\/fr\/produit\/verrouset-avec-emetteur-main-fiat-stilo-3drs\/","name":"Ensemble de verrouillage avec \u00e9metteur portable Fiat Stilo 3drs - Turijnmagazijn","isPartOf":{"@id":"https:\/\/turijnmagazijn.jumpstone-dev.nl\/#website"},"primaryImageOfPage":{"@id":"https:\/\/turijnmagazijn.nl\/fr\/produit\/verrouset-avec-emetteur-main-fiat-stilo-3drs\/#primaryimage"},"image":{"@id":"https:\/\/turijnmagazijn.nl\/fr\/produit\/verrouset-avec-emetteur-main-fiat-stilo-3drs\/#primaryimage"},"thumbnailUrl":"https:\/\/turijnmagazijn.nl\/wp-content\/uploads\/2023\/03\/DK00101418_Slotenset_Fiat_Stilo_3drs_handzender_2-1-rotated-1.jpg","datePublished":"2023-03-03T08:14:18+00:00","dateModified":"2023-07-26T11:57:23+00:00","breadcrumb":{"@id":"https:\/\/turijnmagazijn.nl\/fr\/produit\/verrouset-avec-emetteur-main-fiat-stilo-3drs\/#breadcrumb"},"inLanguage":"fr-FR","potentialAction":[{"@type":"ReadAction","target":["https:\/\/turijnmagazijn.nl\/fr\/produit\/verrouset-avec-emetteur-main-fiat-stilo-3drs\/"]}]},{"@type":"ImageObject","inLanguage":"fr-FR","@id":"https:\/\/turijnmagazijn.nl\/fr\/produit\/verrouset-avec-emetteur-main-fiat-stilo-3drs\/#primaryimage","url":"https:\/\/turijnmagazijn.nl\/wp-content\/uploads\/2023\/03\/DK00101418_Slotenset_Fiat_Stilo_3drs_handzender_2-1-rotated-1.jpg","contentUrl":"https:\/\/turijnmagazijn.nl\/wp-content\/uploads\/2023\/03\/DK00101418_Slotenset_Fiat_Stilo_3drs_handzender_2-1-rotated-1.jpg","width":600,"height":800},{"@type":"BreadcrumbList","@id":"https:\/\/turijnmagazijn.nl\/fr\/produit\/verrouset-avec-emetteur-main-fiat-stilo-3drs\/#breadcrumb","itemListElement":[{"@type":"ListItem","position":1,"name":"Home","item":"https:\/\/turijnmagazijn.nl\/fr\/"},{"@type":"ListItem","position":2,"name":"Produits","item":"https:\/\/turijnmagazijn.nl\/fr\/shop\/"},{"@type":"ListItem","position":3,"name":"Ensemble de verrouillage avec \u00e9metteur portable Fiat Stilo 3drs"}]},{"@type":"WebSite","@id":"https:\/\/turijnmagazijn.jumpstone-dev.nl\/#website","url":"https:\/\/turijnmagazijn.jumpstone-dev.nl\/","name":"Turijnmagazijn","description":"Onderdelen nieuw en gebruikt - Fiat &amp; Lancia","publisher":{"@id":"https:\/\/turijnmagazijn.jumpstone-dev.nl\/#organization"},"potentialAction":[{"@type":"SearchAction","target":{"@type":"EntryPoint","urlTemplate":"https:\/\/turijnmagazijn.jumpstone-dev.nl\/?s={search_term_string}"},"query-input":{"@type":"PropertyValueSpecification","valueRequired":true,"valueName":"search_term_string"}}],"inLanguage":"fr-FR"},{"@type":"Organization","@id":"https:\/\/turijnmagazijn.jumpstone-dev.nl\/#organization","name":"Turijnmagazijn","url":"https:\/\/turijnmagazijn.jumpstone-dev.nl\/","logo":{"@type":"ImageObject","inLanguage":"fr-FR","@id":"https:\/\/turijnmagazijn.jumpstone-dev.nl\/#\/schema\/logo\/image\/","url":"https:\/\/turijnmagazijn.nl\/wp-content\/uploads\/2021\/02\/turijnmagazijnlogo.png","contentUrl":"https:\/\/turijnmagazijn.nl\/wp-content\/uploads\/2021\/02\/turijnmagazijnlogo.png","width":555,"height":270,"caption":"Turijnmagazijn"},"image":{"@id":"https:\/\/turijnmagazijn.jumpstone-dev.nl\/#\/schema\/logo\/image\/"},"sameAs":["https:\/\/www.facebook.com\/turijnmagazijn"]}]}},"_links":{"self":[{"href":"https:\/\/turijnmagazijn.nl\/fr\/wp-json\/wp\/v2\/product\/63620","targetHints":{"allow":["GET"]}}],"collection":[{"href":"https:\/\/turijnmagazijn.nl\/fr\/wp-json\/wp\/v2\/product"}],"about":[{"href":"https:\/\/turijnmagazijn.nl\/fr\/wp-json\/wp\/v2\/types\/product"}],"replies":[{"embeddable":true,"href":"https:\/\/turijnmagazijn.nl\/fr\/wp-json\/wp\/v2\/comments?post=63620"}],"wp:featuredmedia":[{"embeddable":true,"href":"https:\/\/turijnmagazijn.nl\/fr\/wp-json\/wp\/v2\/media\/41260"}],"wp:attachment":[{"href":"https:\/\/turijnmagazijn.nl\/fr\/wp-json\/wp\/v2\/media?parent=63620"}],"wp:term":[{"taxonomy":"product_brand","embeddable":true,"href":"https:\/\/turijnmagazijn.nl\/fr\/wp-json\/wp\/v2\/product_brand?post=63620"},{"taxonomy":"product_cat","embeddable":true,"href":"https:\/\/turijnmagazijn.nl\/fr\/wp-json\/wp\/v2\/product_cat?post=63620"},{"taxonomy":"product_tag","embeddable":true,"href":"https:\/\/turijnmagazijn.nl\/fr\/wp-json\/wp\/v2\/product_tag?post=63620"}],"curies":[{"name":"wp","href":"https:\/\/api.w.org\/{rel}","templated":true}]}}