{"id":63638,"date":"2023-03-03T09:14:18","date_gmt":"2023-03-03T08:14:18","guid":{"rendered":"https:\/\/turijnmagazijn.nl\/product\/relais-20a-noir-fiat-lancia-alfa-romeo\/"},"modified":"2023-12-04T19:47:38","modified_gmt":"2023-12-04T18:47:38","slug":"relay-20a-noir-fiat-lancia-alfa-romeo","status":"publish","type":"product","link":"https:\/\/turijnmagazijn.nl\/fr\/produit\/relay-20a-noir-fiat-lancia-alfa-romeo\/","title":{"rendered":"Relais 20A noir Fiat Lancia Alfa Romeo"},"content":{"rendered":"<p>Relais noir de 20 amp\u00e8res pour utilisation dans la bo\u00eete \u00e0 fusibles du compartiment moteur pour Alfa Romeo 147 et Fiat Stilo. Probablement utilis\u00e9 dans des mod\u00e8les plus divers de Fiat Lancia et Alfa Romeo. Venant d\u2019une Fiat Stilo Abarth avec moteur essence 2.4 construit en 2003 et Alfa Romeo 147 avec moteur 1.6 TS construit en 2002.<\/p>\n<p>\u00c9galement utilis\u00e9 une fois dans le coffre chez Fiat Stilo, au niveau du caisson de basses.<\/p>\n<p>Utilis\u00e9 \u00e9galement dans la Lancia Kappa et l&rsquo;Alfa Romeo 166 dans la bo\u00eete \u00e0 fusibles du compartiment moteur, alors avec le num\u00e9ro 7676504 et dans l&rsquo;EPER rectifi\u00e9 sous le num\u00e9ro 11130787.<\/p>\n<p>Inscriptions sur le relais noir :<br \/>\nA727<br \/>\n12V E<br \/>\n20A<br \/>\n702.30<br \/>\n46520421<\/p>\n<p>OEM Fiat \/ Alfa Romeo 46520421<\/p>\n","protected":false},"excerpt":{"rendered":"<p>46520421 Relais 20A noir Fiat Alfa Romeo &#8211; Relais noir de 20 amp\u00e8res \u00e0 utiliser dans la bo\u00eete \u00e0 fusibles du compartiment moteur pour Alfa Romeo 147 et Fiat Stilo.Relais 20A noir Fiat Lancia Alfa Romeo &#8211; Relais noir de 20 amp\u00e8res \u00e0 utiliser dans la bo\u00eete \u00e0 fusibles du compartiment moteurRelais 20<\/p>\n","protected":false},"featured_media":41336,"comment_status":"open","ping_status":"closed","template":"","meta":{"_acf_changed":false},"product_brand":[],"product_cat":[1606,1650,1766,1769,1582,1865,1719,1690,1860,1798,1774,1763,1870],"product_tag":[],"class_list":{"0":"post-63638","1":"product","2":"type-product","3":"status-publish","4":"has-post-thumbnail","6":"product_cat-147-937-fr","7":"product_cat-166-936-fr","8":"product_cat-5drs-fr","9":"product_cat-abarth-3drs-fr","10":"product_cat-alfa-romeo-fr","11":"product_cat-coupe-fr","12":"product_cat-coupe-175-fr","13":"product_cat-fiat-fr","14":"product_cat-kappa-838-fr","15":"product_cat-lancia-fr","16":"product_cat-multiwagon-fr","17":"product_cat-stilo-192-fr","18":"product_cat-sw-fr","19":"pa_soort-onderdeel-electronique-et-cables","20":"pa_soort-onderdeel-interieur-et-sellerie","22":"first","23":"instock","24":"shipping-taxable","25":"purchasable","26":"product-type-simple"},"acf":[],"yoast_head":"<!-- This site is optimized with the Yoast SEO plugin v27.3 - https:\/\/yoast.com\/product\/yoast-seo-wordpress\/ -->\n<title>Relais 20A noir Fiat Lancia Alfa Romeo - Turijnmagazijn<\/title>\n<meta name=\"robots\" content=\"index, follow, max-snippet:-1, max-image-preview:large, max-video-preview:-1\" \/>\n<link rel=\"canonical\" href=\"https:\/\/turijnmagazijn.nl\/fr\/produit\/relay-20a-noir-fiat-lancia-alfa-romeo\/\" \/>\n<meta property=\"og:locale\" content=\"fr_FR\" \/>\n<meta property=\"og:type\" content=\"article\" \/>\n<meta property=\"og:title\" content=\"Relais 20A noir Fiat Lancia Alfa Romeo - Turijnmagazijn\" \/>\n<meta property=\"og:description\" content=\"46520421 Relais 20A noir Fiat Alfa Romeo - Relais noir de 20 amp\u00e8res \u00e0 utiliser dans la bo\u00eete \u00e0 fusibles du compartiment moteur pour Alfa Romeo 147 et Fiat Stilo.Relais 20A noir Fiat Lancia Alfa Romeo - Relais noir de 20 amp\u00e8res \u00e0 utiliser dans la bo\u00eete \u00e0 fusibles du compartiment moteurRelais 20\" \/>\n<meta property=\"og:url\" content=\"https:\/\/turijnmagazijn.nl\/fr\/produit\/relay-20a-noir-fiat-lancia-alfa-romeo\/\" \/>\n<meta property=\"og:site_name\" content=\"Turijnmagazijn\" \/>\n<meta property=\"article:publisher\" content=\"https:\/\/www.facebook.com\/turijnmagazijn\" \/>\n<meta property=\"article:modified_time\" content=\"2023-12-04T18:47:38+00:00\" \/>\n<meta property=\"og:image\" content=\"https:\/\/turijnmagazijn.nl\/wp-content\/uploads\/2023\/03\/DK00101460_Relais_20A_zwart_Fiat_Alfa_Romeo_4-1-rotated-1.jpg\" \/>\n\t<meta property=\"og:image:width\" content=\"600\" \/>\n\t<meta property=\"og:image:height\" content=\"800\" \/>\n\t<meta property=\"og:image:type\" content=\"image\/jpeg\" \/>\n<meta name=\"twitter:card\" content=\"summary_large_image\" \/>\n<meta name=\"twitter:label1\" content=\"Dur\u00e9e de lecture estim\u00e9e\" \/>\n\t<meta name=\"twitter:data1\" content=\"1 minute\" \/>\n<script type=\"application\/ld+json\" class=\"yoast-schema-graph\">{\"@context\":\"https:\\\/\\\/schema.org\",\"@graph\":[{\"@type\":\"WebPage\",\"@id\":\"https:\\\/\\\/turijnmagazijn.nl\\\/fr\\\/produit\\\/relay-20a-noir-fiat-lancia-alfa-romeo\\\/\",\"url\":\"https:\\\/\\\/turijnmagazijn.nl\\\/fr\\\/produit\\\/relay-20a-noir-fiat-lancia-alfa-romeo\\\/\",\"name\":\"Relais 20A noir Fiat Lancia Alfa Romeo - Turijnmagazijn\",\"isPartOf\":{\"@id\":\"https:\\\/\\\/turijnmagazijn.jumpstone-dev.nl\\\/#website\"},\"primaryImageOfPage\":{\"@id\":\"https:\\\/\\\/turijnmagazijn.nl\\\/fr\\\/produit\\\/relay-20a-noir-fiat-lancia-alfa-romeo\\\/#primaryimage\"},\"image\":{\"@id\":\"https:\\\/\\\/turijnmagazijn.nl\\\/fr\\\/produit\\\/relay-20a-noir-fiat-lancia-alfa-romeo\\\/#primaryimage\"},\"thumbnailUrl\":\"https:\\\/\\\/turijnmagazijn.nl\\\/wp-content\\\/uploads\\\/2023\\\/03\\\/DK00101460_Relais_20A_zwart_Fiat_Alfa_Romeo_4-1-rotated-1.jpg\",\"datePublished\":\"2023-03-03T08:14:18+00:00\",\"dateModified\":\"2023-12-04T18:47:38+00:00\",\"breadcrumb\":{\"@id\":\"https:\\\/\\\/turijnmagazijn.nl\\\/fr\\\/produit\\\/relay-20a-noir-fiat-lancia-alfa-romeo\\\/#breadcrumb\"},\"inLanguage\":\"fr-FR\",\"potentialAction\":[{\"@type\":\"ReadAction\",\"target\":[\"https:\\\/\\\/turijnmagazijn.nl\\\/fr\\\/produit\\\/relay-20a-noir-fiat-lancia-alfa-romeo\\\/\"]}]},{\"@type\":\"ImageObject\",\"inLanguage\":\"fr-FR\",\"@id\":\"https:\\\/\\\/turijnmagazijn.nl\\\/fr\\\/produit\\\/relay-20a-noir-fiat-lancia-alfa-romeo\\\/#primaryimage\",\"url\":\"https:\\\/\\\/turijnmagazijn.nl\\\/wp-content\\\/uploads\\\/2023\\\/03\\\/DK00101460_Relais_20A_zwart_Fiat_Alfa_Romeo_4-1-rotated-1.jpg\",\"contentUrl\":\"https:\\\/\\\/turijnmagazijn.nl\\\/wp-content\\\/uploads\\\/2023\\\/03\\\/DK00101460_Relais_20A_zwart_Fiat_Alfa_Romeo_4-1-rotated-1.jpg\",\"width\":600,\"height\":800},{\"@type\":\"BreadcrumbList\",\"@id\":\"https:\\\/\\\/turijnmagazijn.nl\\\/fr\\\/produit\\\/relay-20a-noir-fiat-lancia-alfa-romeo\\\/#breadcrumb\",\"itemListElement\":[{\"@type\":\"ListItem\",\"position\":1,\"name\":\"Home\",\"item\":\"https:\\\/\\\/turijnmagazijn.nl\\\/fr\\\/\"},{\"@type\":\"ListItem\",\"position\":2,\"name\":\"Produits\",\"item\":\"https:\\\/\\\/turijnmagazijn.nl\\\/fr\\\/shop\\\/\"},{\"@type\":\"ListItem\",\"position\":3,\"name\":\"Relais 20A noir Fiat Lancia Alfa Romeo\"}]},{\"@type\":\"WebSite\",\"@id\":\"https:\\\/\\\/turijnmagazijn.jumpstone-dev.nl\\\/#website\",\"url\":\"https:\\\/\\\/turijnmagazijn.jumpstone-dev.nl\\\/\",\"name\":\"Turijnmagazijn\",\"description\":\"Onderdelen nieuw en gebruikt - Fiat &amp; Lancia\",\"publisher\":{\"@id\":\"https:\\\/\\\/turijnmagazijn.jumpstone-dev.nl\\\/#organization\"},\"potentialAction\":[{\"@type\":\"SearchAction\",\"target\":{\"@type\":\"EntryPoint\",\"urlTemplate\":\"https:\\\/\\\/turijnmagazijn.jumpstone-dev.nl\\\/?s={search_term_string}\"},\"query-input\":{\"@type\":\"PropertyValueSpecification\",\"valueRequired\":true,\"valueName\":\"search_term_string\"}}],\"inLanguage\":\"fr-FR\"},{\"@type\":\"Organization\",\"@id\":\"https:\\\/\\\/turijnmagazijn.jumpstone-dev.nl\\\/#organization\",\"name\":\"Turijnmagazijn\",\"url\":\"https:\\\/\\\/turijnmagazijn.jumpstone-dev.nl\\\/\",\"logo\":{\"@type\":\"ImageObject\",\"inLanguage\":\"fr-FR\",\"@id\":\"https:\\\/\\\/turijnmagazijn.jumpstone-dev.nl\\\/#\\\/schema\\\/logo\\\/image\\\/\",\"url\":\"https:\\\/\\\/turijnmagazijn.nl\\\/wp-content\\\/uploads\\\/2021\\\/02\\\/turijnmagazijnlogo.png\",\"contentUrl\":\"https:\\\/\\\/turijnmagazijn.nl\\\/wp-content\\\/uploads\\\/2021\\\/02\\\/turijnmagazijnlogo.png\",\"width\":555,\"height\":270,\"caption\":\"Turijnmagazijn\"},\"image\":{\"@id\":\"https:\\\/\\\/turijnmagazijn.jumpstone-dev.nl\\\/#\\\/schema\\\/logo\\\/image\\\/\"},\"sameAs\":[\"https:\\\/\\\/www.facebook.com\\\/turijnmagazijn\"]}]}<\/script>\n<!-- \/ Yoast SEO plugin. -->","yoast_head_json":{"title":"Relais 20A noir Fiat Lancia Alfa Romeo - Turijnmagazijn","robots":{"index":"index","follow":"follow","max-snippet":"max-snippet:-1","max-image-preview":"max-image-preview:large","max-video-preview":"max-video-preview:-1"},"canonical":"https:\/\/turijnmagazijn.nl\/fr\/produit\/relay-20a-noir-fiat-lancia-alfa-romeo\/","og_locale":"fr_FR","og_type":"article","og_title":"Relais 20A noir Fiat Lancia Alfa Romeo - Turijnmagazijn","og_description":"46520421 Relais 20A noir Fiat Alfa Romeo - Relais noir de 20 amp\u00e8res \u00e0 utiliser dans la bo\u00eete \u00e0 fusibles du compartiment moteur pour Alfa Romeo 147 et Fiat Stilo.Relais 20A noir Fiat Lancia Alfa Romeo - Relais noir de 20 amp\u00e8res \u00e0 utiliser dans la bo\u00eete \u00e0 fusibles du compartiment moteurRelais 20","og_url":"https:\/\/turijnmagazijn.nl\/fr\/produit\/relay-20a-noir-fiat-lancia-alfa-romeo\/","og_site_name":"Turijnmagazijn","article_publisher":"https:\/\/www.facebook.com\/turijnmagazijn","article_modified_time":"2023-12-04T18:47:38+00:00","og_image":[{"width":600,"height":800,"url":"https:\/\/turijnmagazijn.nl\/wp-content\/uploads\/2023\/03\/DK00101460_Relais_20A_zwart_Fiat_Alfa_Romeo_4-1-rotated-1.jpg","type":"image\/jpeg"}],"twitter_card":"summary_large_image","twitter_misc":{"Dur\u00e9e de lecture estim\u00e9e":"1 minute"},"schema":{"@context":"https:\/\/schema.org","@graph":[{"@type":"WebPage","@id":"https:\/\/turijnmagazijn.nl\/fr\/produit\/relay-20a-noir-fiat-lancia-alfa-romeo\/","url":"https:\/\/turijnmagazijn.nl\/fr\/produit\/relay-20a-noir-fiat-lancia-alfa-romeo\/","name":"Relais 20A noir Fiat Lancia Alfa Romeo - Turijnmagazijn","isPartOf":{"@id":"https:\/\/turijnmagazijn.jumpstone-dev.nl\/#website"},"primaryImageOfPage":{"@id":"https:\/\/turijnmagazijn.nl\/fr\/produit\/relay-20a-noir-fiat-lancia-alfa-romeo\/#primaryimage"},"image":{"@id":"https:\/\/turijnmagazijn.nl\/fr\/produit\/relay-20a-noir-fiat-lancia-alfa-romeo\/#primaryimage"},"thumbnailUrl":"https:\/\/turijnmagazijn.nl\/wp-content\/uploads\/2023\/03\/DK00101460_Relais_20A_zwart_Fiat_Alfa_Romeo_4-1-rotated-1.jpg","datePublished":"2023-03-03T08:14:18+00:00","dateModified":"2023-12-04T18:47:38+00:00","breadcrumb":{"@id":"https:\/\/turijnmagazijn.nl\/fr\/produit\/relay-20a-noir-fiat-lancia-alfa-romeo\/#breadcrumb"},"inLanguage":"fr-FR","potentialAction":[{"@type":"ReadAction","target":["https:\/\/turijnmagazijn.nl\/fr\/produit\/relay-20a-noir-fiat-lancia-alfa-romeo\/"]}]},{"@type":"ImageObject","inLanguage":"fr-FR","@id":"https:\/\/turijnmagazijn.nl\/fr\/produit\/relay-20a-noir-fiat-lancia-alfa-romeo\/#primaryimage","url":"https:\/\/turijnmagazijn.nl\/wp-content\/uploads\/2023\/03\/DK00101460_Relais_20A_zwart_Fiat_Alfa_Romeo_4-1-rotated-1.jpg","contentUrl":"https:\/\/turijnmagazijn.nl\/wp-content\/uploads\/2023\/03\/DK00101460_Relais_20A_zwart_Fiat_Alfa_Romeo_4-1-rotated-1.jpg","width":600,"height":800},{"@type":"BreadcrumbList","@id":"https:\/\/turijnmagazijn.nl\/fr\/produit\/relay-20a-noir-fiat-lancia-alfa-romeo\/#breadcrumb","itemListElement":[{"@type":"ListItem","position":1,"name":"Home","item":"https:\/\/turijnmagazijn.nl\/fr\/"},{"@type":"ListItem","position":2,"name":"Produits","item":"https:\/\/turijnmagazijn.nl\/fr\/shop\/"},{"@type":"ListItem","position":3,"name":"Relais 20A noir Fiat Lancia Alfa Romeo"}]},{"@type":"WebSite","@id":"https:\/\/turijnmagazijn.jumpstone-dev.nl\/#website","url":"https:\/\/turijnmagazijn.jumpstone-dev.nl\/","name":"Turijnmagazijn","description":"Onderdelen nieuw en gebruikt - Fiat &amp; Lancia","publisher":{"@id":"https:\/\/turijnmagazijn.jumpstone-dev.nl\/#organization"},"potentialAction":[{"@type":"SearchAction","target":{"@type":"EntryPoint","urlTemplate":"https:\/\/turijnmagazijn.jumpstone-dev.nl\/?s={search_term_string}"},"query-input":{"@type":"PropertyValueSpecification","valueRequired":true,"valueName":"search_term_string"}}],"inLanguage":"fr-FR"},{"@type":"Organization","@id":"https:\/\/turijnmagazijn.jumpstone-dev.nl\/#organization","name":"Turijnmagazijn","url":"https:\/\/turijnmagazijn.jumpstone-dev.nl\/","logo":{"@type":"ImageObject","inLanguage":"fr-FR","@id":"https:\/\/turijnmagazijn.jumpstone-dev.nl\/#\/schema\/logo\/image\/","url":"https:\/\/turijnmagazijn.nl\/wp-content\/uploads\/2021\/02\/turijnmagazijnlogo.png","contentUrl":"https:\/\/turijnmagazijn.nl\/wp-content\/uploads\/2021\/02\/turijnmagazijnlogo.png","width":555,"height":270,"caption":"Turijnmagazijn"},"image":{"@id":"https:\/\/turijnmagazijn.jumpstone-dev.nl\/#\/schema\/logo\/image\/"},"sameAs":["https:\/\/www.facebook.com\/turijnmagazijn"]}]}},"_links":{"self":[{"href":"https:\/\/turijnmagazijn.nl\/fr\/wp-json\/wp\/v2\/product\/63638","targetHints":{"allow":["GET"]}}],"collection":[{"href":"https:\/\/turijnmagazijn.nl\/fr\/wp-json\/wp\/v2\/product"}],"about":[{"href":"https:\/\/turijnmagazijn.nl\/fr\/wp-json\/wp\/v2\/types\/product"}],"replies":[{"embeddable":true,"href":"https:\/\/turijnmagazijn.nl\/fr\/wp-json\/wp\/v2\/comments?post=63638"}],"wp:featuredmedia":[{"embeddable":true,"href":"https:\/\/turijnmagazijn.nl\/fr\/wp-json\/wp\/v2\/media\/41336"}],"wp:attachment":[{"href":"https:\/\/turijnmagazijn.nl\/fr\/wp-json\/wp\/v2\/media?parent=63638"}],"wp:term":[{"taxonomy":"product_brand","embeddable":true,"href":"https:\/\/turijnmagazijn.nl\/fr\/wp-json\/wp\/v2\/product_brand?post=63638"},{"taxonomy":"product_cat","embeddable":true,"href":"https:\/\/turijnmagazijn.nl\/fr\/wp-json\/wp\/v2\/product_cat?post=63638"},{"taxonomy":"product_tag","embeddable":true,"href":"https:\/\/turijnmagazijn.nl\/fr\/wp-json\/wp\/v2\/product_tag?post=63638"}],"curies":[{"name":"wp","href":"https:\/\/api.w.org\/{rel}","templated":true}]}}