{"id":63677,"date":"2023-03-03T09:14:40","date_gmt":"2023-03-03T08:14:40","guid":{"rendered":"https:\/\/turijnmagazijn.nl\/product\/debitmetre-dair-massique-fiat-alfa-lancia-jtd-et-moteurs-diesel-multijet\/"},"modified":"2024-08-19T12:29:32","modified_gmt":"2024-08-19T10:29:32","slug":"compteur-de-masse-dair-fiat-alfa-lancia-jtd-en-multijet-diesel-moteurs","status":"publish","type":"product","link":"https:\/\/turijnmagazijn.nl\/fr\/produit\/compteur-de-masse-dair-fiat-alfa-lancia-jtd-en-multijet-diesel-moteurs\/","title":{"rendered":"D\u00e9bitm\u00e8tre d\u2019air massique Fiat Alfa Lancia JTD et moteurs diesel Multijet"},"content":{"rendered":"<p>Compteur de masse d\u2019air pour diff\u00e9rents mod\u00e8les de Fiat, Lancia et Alfa Romeo. Provenant d\u2019un diesel Fiat Bravo 1.6 Multijet construit en 2007. Le d\u00e9bitm\u00e8tre massique d\u2019air est test\u00e9 et fonctionne correctement. L\u2019unit\u00e9 a \u00e9t\u00e9 utilis\u00e9e.<\/p>\n<p>BOSCH 0 281 002 792<\/p>\n<p>Entre autres s\u2019appliquaient \u00e0:<\/p>\n<ul>\n<li>Alfa GT<\/li>\n<li>Fiat Punto II<\/li>\n<li>Fiat Doblo<\/li>\n<li>Fiat Bravo II<\/li>\n<\/ul>\n<p>V\u00e9rifiez toujours l\u2019applicabilit\u00e9 \u00e0 votre voiture \u00e0 l\u2019avance, les retours dus \u00e0 des commandes incorrectes ne seront pas accept\u00e9s.<\/p>\n<p>Num\u00e9ro OEM FIAT inconnu<\/p>\n","protected":false},"excerpt":{"rendered":"<p>Compteur de masse d\u2019air Fiat Alfa Lancia JTD et moteurs diesel Multijet &#8211; Compteur de masse d\u2019air pour diff\u00e9rents mod\u00e8les de Fiat, Lancia et Alfa Romeo.<\/p>\n","protected":false},"featured_media":41584,"comment_status":"open","ping_status":"closed","template":"","meta":{"_acf_changed":false},"product_brand":[],"product_cat":[1582,1709,1690,1631,1752],"product_tag":[],"class_list":{"0":"post-63677","1":"product","2":"type-product","3":"status-publish","4":"has-post-thumbnail","6":"product_cat-alfa-romeo-fr","7":"product_cat-bravo-198-fr","8":"product_cat-fiat-fr","9":"product_cat-gt-937-fr","10":"product_cat-punto-2-188-fr","11":"pa_soort-onderdeel-carrosserie-et-tolerie","12":"pa_soort-onderdeel-moteur-et-accessoires","14":"first","15":"instock","16":"shipping-taxable","17":"purchasable","18":"product-type-simple"},"acf":[],"yoast_head":"<!-- This site is optimized with the Yoast SEO plugin v27.3 - https:\/\/yoast.com\/product\/yoast-seo-wordpress\/ -->\n<title>D\u00e9bitm\u00e8tre d\u2019air massique Fiat Alfa Lancia JTD et moteurs diesel Multijet - Turijnmagazijn<\/title>\n<meta name=\"robots\" content=\"index, follow, max-snippet:-1, max-image-preview:large, max-video-preview:-1\" \/>\n<link rel=\"canonical\" href=\"https:\/\/turijnmagazijn.nl\/fr\/produit\/compteur-de-masse-dair-fiat-alfa-lancia-jtd-en-multijet-diesel-moteurs\/\" \/>\n<meta property=\"og:locale\" content=\"fr_FR\" \/>\n<meta property=\"og:type\" content=\"article\" \/>\n<meta property=\"og:title\" content=\"D\u00e9bitm\u00e8tre d\u2019air massique Fiat Alfa Lancia JTD et moteurs diesel Multijet - Turijnmagazijn\" \/>\n<meta property=\"og:description\" content=\"Compteur de masse d\u2019air Fiat Alfa Lancia JTD et moteurs diesel Multijet - Compteur de masse d\u2019air pour diff\u00e9rents mod\u00e8les de Fiat, Lancia et Alfa Romeo.\" \/>\n<meta property=\"og:url\" content=\"https:\/\/turijnmagazijn.nl\/fr\/produit\/compteur-de-masse-dair-fiat-alfa-lancia-jtd-en-multijet-diesel-moteurs\/\" \/>\n<meta property=\"og:site_name\" content=\"Turijnmagazijn\" \/>\n<meta property=\"article:publisher\" content=\"https:\/\/www.facebook.com\/turijnmagazijn\" \/>\n<meta property=\"article:modified_time\" content=\"2024-08-19T10:29:32+00:00\" \/>\n<meta property=\"og:image\" content=\"https:\/\/turijnmagazijn.nl\/wp-content\/uploads\/2023\/03\/DK00101507_Luchtmassameter_Fiat_Alfa_Lancia_JTD_en_Multijet_diesel_motoren_6-1.jpg\" \/>\n\t<meta property=\"og:image:width\" content=\"800\" \/>\n\t<meta property=\"og:image:height\" content=\"600\" \/>\n\t<meta property=\"og:image:type\" content=\"image\/jpeg\" \/>\n<meta name=\"twitter:card\" content=\"summary_large_image\" \/>\n<script type=\"application\/ld+json\" class=\"yoast-schema-graph\">{\"@context\":\"https:\\\/\\\/schema.org\",\"@graph\":[{\"@type\":\"WebPage\",\"@id\":\"https:\\\/\\\/turijnmagazijn.nl\\\/fr\\\/produit\\\/compteur-de-masse-dair-fiat-alfa-lancia-jtd-en-multijet-diesel-moteurs\\\/\",\"url\":\"https:\\\/\\\/turijnmagazijn.nl\\\/fr\\\/produit\\\/compteur-de-masse-dair-fiat-alfa-lancia-jtd-en-multijet-diesel-moteurs\\\/\",\"name\":\"D\u00e9bitm\u00e8tre d\u2019air massique Fiat Alfa Lancia JTD et moteurs diesel Multijet - Turijnmagazijn\",\"isPartOf\":{\"@id\":\"https:\\\/\\\/turijnmagazijn.jumpstone-dev.nl\\\/#website\"},\"primaryImageOfPage\":{\"@id\":\"https:\\\/\\\/turijnmagazijn.nl\\\/fr\\\/produit\\\/compteur-de-masse-dair-fiat-alfa-lancia-jtd-en-multijet-diesel-moteurs\\\/#primaryimage\"},\"image\":{\"@id\":\"https:\\\/\\\/turijnmagazijn.nl\\\/fr\\\/produit\\\/compteur-de-masse-dair-fiat-alfa-lancia-jtd-en-multijet-diesel-moteurs\\\/#primaryimage\"},\"thumbnailUrl\":\"https:\\\/\\\/turijnmagazijn.nl\\\/wp-content\\\/uploads\\\/2023\\\/03\\\/DK00101507_Luchtmassameter_Fiat_Alfa_Lancia_JTD_en_Multijet_diesel_motoren_6-1.jpg\",\"datePublished\":\"2023-03-03T08:14:40+00:00\",\"dateModified\":\"2024-08-19T10:29:32+00:00\",\"breadcrumb\":{\"@id\":\"https:\\\/\\\/turijnmagazijn.nl\\\/fr\\\/produit\\\/compteur-de-masse-dair-fiat-alfa-lancia-jtd-en-multijet-diesel-moteurs\\\/#breadcrumb\"},\"inLanguage\":\"fr-FR\",\"potentialAction\":[{\"@type\":\"ReadAction\",\"target\":[\"https:\\\/\\\/turijnmagazijn.nl\\\/fr\\\/produit\\\/compteur-de-masse-dair-fiat-alfa-lancia-jtd-en-multijet-diesel-moteurs\\\/\"]}]},{\"@type\":\"ImageObject\",\"inLanguage\":\"fr-FR\",\"@id\":\"https:\\\/\\\/turijnmagazijn.nl\\\/fr\\\/produit\\\/compteur-de-masse-dair-fiat-alfa-lancia-jtd-en-multijet-diesel-moteurs\\\/#primaryimage\",\"url\":\"https:\\\/\\\/turijnmagazijn.nl\\\/wp-content\\\/uploads\\\/2023\\\/03\\\/DK00101507_Luchtmassameter_Fiat_Alfa_Lancia_JTD_en_Multijet_diesel_motoren_6-1.jpg\",\"contentUrl\":\"https:\\\/\\\/turijnmagazijn.nl\\\/wp-content\\\/uploads\\\/2023\\\/03\\\/DK00101507_Luchtmassameter_Fiat_Alfa_Lancia_JTD_en_Multijet_diesel_motoren_6-1.jpg\",\"width\":800,\"height\":600},{\"@type\":\"BreadcrumbList\",\"@id\":\"https:\\\/\\\/turijnmagazijn.nl\\\/fr\\\/produit\\\/compteur-de-masse-dair-fiat-alfa-lancia-jtd-en-multijet-diesel-moteurs\\\/#breadcrumb\",\"itemListElement\":[{\"@type\":\"ListItem\",\"position\":1,\"name\":\"Home\",\"item\":\"https:\\\/\\\/turijnmagazijn.nl\\\/fr\\\/\"},{\"@type\":\"ListItem\",\"position\":2,\"name\":\"Produits\",\"item\":\"https:\\\/\\\/turijnmagazijn.nl\\\/fr\\\/shop\\\/\"},{\"@type\":\"ListItem\",\"position\":3,\"name\":\"D\u00e9bitm\u00e8tre d\u2019air massique Fiat Alfa Lancia JTD et moteurs diesel Multijet\"}]},{\"@type\":\"WebSite\",\"@id\":\"https:\\\/\\\/turijnmagazijn.jumpstone-dev.nl\\\/#website\",\"url\":\"https:\\\/\\\/turijnmagazijn.jumpstone-dev.nl\\\/\",\"name\":\"Turijnmagazijn\",\"description\":\"Onderdelen nieuw en gebruikt - Fiat &amp; Lancia\",\"publisher\":{\"@id\":\"https:\\\/\\\/turijnmagazijn.jumpstone-dev.nl\\\/#organization\"},\"potentialAction\":[{\"@type\":\"SearchAction\",\"target\":{\"@type\":\"EntryPoint\",\"urlTemplate\":\"https:\\\/\\\/turijnmagazijn.jumpstone-dev.nl\\\/?s={search_term_string}\"},\"query-input\":{\"@type\":\"PropertyValueSpecification\",\"valueRequired\":true,\"valueName\":\"search_term_string\"}}],\"inLanguage\":\"fr-FR\"},{\"@type\":\"Organization\",\"@id\":\"https:\\\/\\\/turijnmagazijn.jumpstone-dev.nl\\\/#organization\",\"name\":\"Turijnmagazijn\",\"url\":\"https:\\\/\\\/turijnmagazijn.jumpstone-dev.nl\\\/\",\"logo\":{\"@type\":\"ImageObject\",\"inLanguage\":\"fr-FR\",\"@id\":\"https:\\\/\\\/turijnmagazijn.jumpstone-dev.nl\\\/#\\\/schema\\\/logo\\\/image\\\/\",\"url\":\"https:\\\/\\\/turijnmagazijn.nl\\\/wp-content\\\/uploads\\\/2021\\\/02\\\/turijnmagazijnlogo.png\",\"contentUrl\":\"https:\\\/\\\/turijnmagazijn.nl\\\/wp-content\\\/uploads\\\/2021\\\/02\\\/turijnmagazijnlogo.png\",\"width\":555,\"height\":270,\"caption\":\"Turijnmagazijn\"},\"image\":{\"@id\":\"https:\\\/\\\/turijnmagazijn.jumpstone-dev.nl\\\/#\\\/schema\\\/logo\\\/image\\\/\"},\"sameAs\":[\"https:\\\/\\\/www.facebook.com\\\/turijnmagazijn\"]}]}<\/script>\n<!-- \/ Yoast SEO plugin. -->","yoast_head_json":{"title":"D\u00e9bitm\u00e8tre d\u2019air massique Fiat Alfa Lancia JTD et moteurs diesel Multijet - Turijnmagazijn","robots":{"index":"index","follow":"follow","max-snippet":"max-snippet:-1","max-image-preview":"max-image-preview:large","max-video-preview":"max-video-preview:-1"},"canonical":"https:\/\/turijnmagazijn.nl\/fr\/produit\/compteur-de-masse-dair-fiat-alfa-lancia-jtd-en-multijet-diesel-moteurs\/","og_locale":"fr_FR","og_type":"article","og_title":"D\u00e9bitm\u00e8tre d\u2019air massique Fiat Alfa Lancia JTD et moteurs diesel Multijet - Turijnmagazijn","og_description":"Compteur de masse d\u2019air Fiat Alfa Lancia JTD et moteurs diesel Multijet - Compteur de masse d\u2019air pour diff\u00e9rents mod\u00e8les de Fiat, Lancia et Alfa Romeo.","og_url":"https:\/\/turijnmagazijn.nl\/fr\/produit\/compteur-de-masse-dair-fiat-alfa-lancia-jtd-en-multijet-diesel-moteurs\/","og_site_name":"Turijnmagazijn","article_publisher":"https:\/\/www.facebook.com\/turijnmagazijn","article_modified_time":"2024-08-19T10:29:32+00:00","og_image":[{"width":800,"height":600,"url":"https:\/\/turijnmagazijn.nl\/wp-content\/uploads\/2023\/03\/DK00101507_Luchtmassameter_Fiat_Alfa_Lancia_JTD_en_Multijet_diesel_motoren_6-1.jpg","type":"image\/jpeg"}],"twitter_card":"summary_large_image","schema":{"@context":"https:\/\/schema.org","@graph":[{"@type":"WebPage","@id":"https:\/\/turijnmagazijn.nl\/fr\/produit\/compteur-de-masse-dair-fiat-alfa-lancia-jtd-en-multijet-diesel-moteurs\/","url":"https:\/\/turijnmagazijn.nl\/fr\/produit\/compteur-de-masse-dair-fiat-alfa-lancia-jtd-en-multijet-diesel-moteurs\/","name":"D\u00e9bitm\u00e8tre d\u2019air massique Fiat Alfa Lancia JTD et moteurs diesel Multijet - Turijnmagazijn","isPartOf":{"@id":"https:\/\/turijnmagazijn.jumpstone-dev.nl\/#website"},"primaryImageOfPage":{"@id":"https:\/\/turijnmagazijn.nl\/fr\/produit\/compteur-de-masse-dair-fiat-alfa-lancia-jtd-en-multijet-diesel-moteurs\/#primaryimage"},"image":{"@id":"https:\/\/turijnmagazijn.nl\/fr\/produit\/compteur-de-masse-dair-fiat-alfa-lancia-jtd-en-multijet-diesel-moteurs\/#primaryimage"},"thumbnailUrl":"https:\/\/turijnmagazijn.nl\/wp-content\/uploads\/2023\/03\/DK00101507_Luchtmassameter_Fiat_Alfa_Lancia_JTD_en_Multijet_diesel_motoren_6-1.jpg","datePublished":"2023-03-03T08:14:40+00:00","dateModified":"2024-08-19T10:29:32+00:00","breadcrumb":{"@id":"https:\/\/turijnmagazijn.nl\/fr\/produit\/compteur-de-masse-dair-fiat-alfa-lancia-jtd-en-multijet-diesel-moteurs\/#breadcrumb"},"inLanguage":"fr-FR","potentialAction":[{"@type":"ReadAction","target":["https:\/\/turijnmagazijn.nl\/fr\/produit\/compteur-de-masse-dair-fiat-alfa-lancia-jtd-en-multijet-diesel-moteurs\/"]}]},{"@type":"ImageObject","inLanguage":"fr-FR","@id":"https:\/\/turijnmagazijn.nl\/fr\/produit\/compteur-de-masse-dair-fiat-alfa-lancia-jtd-en-multijet-diesel-moteurs\/#primaryimage","url":"https:\/\/turijnmagazijn.nl\/wp-content\/uploads\/2023\/03\/DK00101507_Luchtmassameter_Fiat_Alfa_Lancia_JTD_en_Multijet_diesel_motoren_6-1.jpg","contentUrl":"https:\/\/turijnmagazijn.nl\/wp-content\/uploads\/2023\/03\/DK00101507_Luchtmassameter_Fiat_Alfa_Lancia_JTD_en_Multijet_diesel_motoren_6-1.jpg","width":800,"height":600},{"@type":"BreadcrumbList","@id":"https:\/\/turijnmagazijn.nl\/fr\/produit\/compteur-de-masse-dair-fiat-alfa-lancia-jtd-en-multijet-diesel-moteurs\/#breadcrumb","itemListElement":[{"@type":"ListItem","position":1,"name":"Home","item":"https:\/\/turijnmagazijn.nl\/fr\/"},{"@type":"ListItem","position":2,"name":"Produits","item":"https:\/\/turijnmagazijn.nl\/fr\/shop\/"},{"@type":"ListItem","position":3,"name":"D\u00e9bitm\u00e8tre d\u2019air massique Fiat Alfa Lancia JTD et moteurs diesel Multijet"}]},{"@type":"WebSite","@id":"https:\/\/turijnmagazijn.jumpstone-dev.nl\/#website","url":"https:\/\/turijnmagazijn.jumpstone-dev.nl\/","name":"Turijnmagazijn","description":"Onderdelen nieuw en gebruikt - Fiat &amp; Lancia","publisher":{"@id":"https:\/\/turijnmagazijn.jumpstone-dev.nl\/#organization"},"potentialAction":[{"@type":"SearchAction","target":{"@type":"EntryPoint","urlTemplate":"https:\/\/turijnmagazijn.jumpstone-dev.nl\/?s={search_term_string}"},"query-input":{"@type":"PropertyValueSpecification","valueRequired":true,"valueName":"search_term_string"}}],"inLanguage":"fr-FR"},{"@type":"Organization","@id":"https:\/\/turijnmagazijn.jumpstone-dev.nl\/#organization","name":"Turijnmagazijn","url":"https:\/\/turijnmagazijn.jumpstone-dev.nl\/","logo":{"@type":"ImageObject","inLanguage":"fr-FR","@id":"https:\/\/turijnmagazijn.jumpstone-dev.nl\/#\/schema\/logo\/image\/","url":"https:\/\/turijnmagazijn.nl\/wp-content\/uploads\/2021\/02\/turijnmagazijnlogo.png","contentUrl":"https:\/\/turijnmagazijn.nl\/wp-content\/uploads\/2021\/02\/turijnmagazijnlogo.png","width":555,"height":270,"caption":"Turijnmagazijn"},"image":{"@id":"https:\/\/turijnmagazijn.jumpstone-dev.nl\/#\/schema\/logo\/image\/"},"sameAs":["https:\/\/www.facebook.com\/turijnmagazijn"]}]}},"_links":{"self":[{"href":"https:\/\/turijnmagazijn.nl\/fr\/wp-json\/wp\/v2\/product\/63677","targetHints":{"allow":["GET"]}}],"collection":[{"href":"https:\/\/turijnmagazijn.nl\/fr\/wp-json\/wp\/v2\/product"}],"about":[{"href":"https:\/\/turijnmagazijn.nl\/fr\/wp-json\/wp\/v2\/types\/product"}],"replies":[{"embeddable":true,"href":"https:\/\/turijnmagazijn.nl\/fr\/wp-json\/wp\/v2\/comments?post=63677"}],"wp:featuredmedia":[{"embeddable":true,"href":"https:\/\/turijnmagazijn.nl\/fr\/wp-json\/wp\/v2\/media\/41584"}],"wp:attachment":[{"href":"https:\/\/turijnmagazijn.nl\/fr\/wp-json\/wp\/v2\/media?parent=63677"}],"wp:term":[{"taxonomy":"product_brand","embeddable":true,"href":"https:\/\/turijnmagazijn.nl\/fr\/wp-json\/wp\/v2\/product_brand?post=63677"},{"taxonomy":"product_cat","embeddable":true,"href":"https:\/\/turijnmagazijn.nl\/fr\/wp-json\/wp\/v2\/product_cat?post=63677"},{"taxonomy":"product_tag","embeddable":true,"href":"https:\/\/turijnmagazijn.nl\/fr\/wp-json\/wp\/v2\/product_tag?post=63677"}],"curies":[{"name":"wp","href":"https:\/\/api.w.org\/{rel}","templated":true}]}}