{"id":63687,"date":"2023-03-03T09:14:40","date_gmt":"2023-03-03T08:14:40","guid":{"rendered":"https:\/\/turijnmagazijn.nl\/product\/ressorts-a-gaz-capot-fiat-stilo-3drs-ensemble\/"},"modified":"2023-07-26T13:59:05","modified_gmt":"2023-07-26T11:59:05","slug":"ressorts-a-gaz-capot-fiat-stilo-3drs-set","status":"publish","type":"product","link":"https:\/\/turijnmagazijn.nl\/fr\/produit\/ressorts-a-gaz-capot-fiat-stilo-3drs-set\/","title":{"rendered":"Ressorts \u00e0 gaz capot Fiat Stilo 3drs (ensemble)"},"content":{"rendered":"<p><span style=\"font-size: 12px;\">Jeu de 2 ressorts gaz pour le capot d\u2019une Fiat Stilo en version 3 portes. Les ressorts \u00e0 gaz fonctionnent bien, ont toujours la bonne pression de travail pour ouvrir le hayon sans effort et ne montrent aucune fuite. En provenance d\u2019une voiture \u00e9quip\u00e9e d\u2019un aileron d\u2019usine, pression de gaz 250 N.<\/span><\/p>\n<p>Inscription sur les ressorts \u00e0 gaz :<\/p>\n<\/p>\n<ul>\n<li><span style=\"font-size: 12px;\">Stabilus Lift-o-mat<\/span><\/li>\n<li><span style=\"font-size: 12px;\">B418<\/span><\/li>\n<li>8357NON<\/li>\n<li>250 N<\/li>\n<li>46784590<\/li>\n<\/ul>\n<p><\/p>\n<p>Num\u00e9ro OEM Alfa Romeo&nbsp;<span style=\"font-size: 12px;\">46784590<\/span><\/p>\n","protected":false},"excerpt":{"rendered":"<p>Ressorts \u00e0 gaz hayon Fiat Stilo 3drs (ensemble) &#8211; Jeu de 2 ressorts \u00e0 gaz pour le hayon d\u2019une Fiat Stilo en version 3 portes. Ressorts \u00e0 gaz capot Fiat Stilo 3drs (set) &#8211; Jeu de 2 ressorts \u00e0 gaz pour le capot d\u2019une Fiat Stilo en version 3 portes.<\/p>\n","protected":false},"featured_media":41620,"comment_status":"open","ping_status":"closed","template":"","meta":{"_acf_changed":false},"product_brand":[],"product_cat":[1769,1690,1763],"product_tag":[],"class_list":{"0":"post-63687","1":"product","2":"type-product","3":"status-publish","4":"has-post-thumbnail","6":"product_cat-abarth-3drs-fr","7":"product_cat-fiat-fr","8":"product_cat-stilo-192-fr","9":"pa_soort-onderdeel-carrosserie-et-tolerie","10":"pa_soort-onderdeel-moteur-et-accessoires","12":"first","13":"instock","14":"shipping-taxable","15":"purchasable","16":"product-type-simple"},"acf":[],"yoast_head":"<!-- This site is optimized with the Yoast SEO plugin v27.2 - https:\/\/yoast.com\/product\/yoast-seo-wordpress\/ -->\n<title>Ressorts \u00e0 gaz capot Fiat Stilo 3drs (ensemble) - Turijnmagazijn<\/title>\n<meta name=\"robots\" content=\"index, follow, max-snippet:-1, max-image-preview:large, max-video-preview:-1\" \/>\n<link rel=\"canonical\" href=\"https:\/\/turijnmagazijn.nl\/fr\/produit\/ressorts-a-gaz-capot-fiat-stilo-3drs-set\/\" \/>\n<meta property=\"og:locale\" content=\"fr_FR\" \/>\n<meta property=\"og:type\" content=\"article\" \/>\n<meta property=\"og:title\" content=\"Ressorts \u00e0 gaz capot Fiat Stilo 3drs (ensemble) - Turijnmagazijn\" \/>\n<meta property=\"og:description\" content=\"Ressorts \u00e0 gaz hayon Fiat Stilo 3drs (ensemble) - Jeu de 2 ressorts \u00e0 gaz pour le hayon d\u2019une Fiat Stilo en version 3 portes. Ressorts \u00e0 gaz capot Fiat Stilo 3drs (set) - Jeu de 2 ressorts \u00e0 gaz pour le capot d\u2019une Fiat Stilo en version 3 portes.\" \/>\n<meta property=\"og:url\" content=\"https:\/\/turijnmagazijn.nl\/fr\/produit\/ressorts-a-gaz-capot-fiat-stilo-3drs-set\/\" \/>\n<meta property=\"og:site_name\" content=\"Turijnmagazijn\" \/>\n<meta property=\"article:publisher\" content=\"https:\/\/www.facebook.com\/turijnmagazijn\" \/>\n<meta property=\"article:modified_time\" content=\"2023-07-26T11:59:05+00:00\" \/>\n<meta property=\"og:image\" content=\"https:\/\/turijnmagazijn.jumpstone-dev.nl\/wp-content\/uploads\/2023\/03\/DK00101512_Gasveren_motorkap_Fiat_Stilo_3drs_set_3-1.jpg\" \/>\n\t<meta property=\"og:image:width\" content=\"800\" \/>\n\t<meta property=\"og:image:height\" content=\"600\" \/>\n\t<meta property=\"og:image:type\" content=\"image\/jpeg\" \/>\n<meta name=\"twitter:card\" content=\"summary_large_image\" \/>\n<script type=\"application\/ld+json\" class=\"yoast-schema-graph\">{\"@context\":\"https:\/\/schema.org\",\"@graph\":[{\"@type\":\"WebPage\",\"@id\":\"https:\/\/turijnmagazijn.nl\/fr\/produit\/ressorts-a-gaz-capot-fiat-stilo-3drs-set\/\",\"url\":\"https:\/\/turijnmagazijn.nl\/fr\/produit\/ressorts-a-gaz-capot-fiat-stilo-3drs-set\/\",\"name\":\"Ressorts \u00e0 gaz capot Fiat Stilo 3drs (ensemble) - Turijnmagazijn\",\"isPartOf\":{\"@id\":\"https:\/\/turijnmagazijn.jumpstone-dev.nl\/#website\"},\"primaryImageOfPage\":{\"@id\":\"https:\/\/turijnmagazijn.nl\/fr\/produit\/ressorts-a-gaz-capot-fiat-stilo-3drs-set\/#primaryimage\"},\"image\":{\"@id\":\"https:\/\/turijnmagazijn.nl\/fr\/produit\/ressorts-a-gaz-capot-fiat-stilo-3drs-set\/#primaryimage\"},\"thumbnailUrl\":\"https:\/\/turijnmagazijn.nl\/wp-content\/uploads\/2023\/03\/DK00101512_Gasveren_motorkap_Fiat_Stilo_3drs_set_3-1.jpg\",\"datePublished\":\"2023-03-03T08:14:40+00:00\",\"dateModified\":\"2023-07-26T11:59:05+00:00\",\"breadcrumb\":{\"@id\":\"https:\/\/turijnmagazijn.nl\/fr\/produit\/ressorts-a-gaz-capot-fiat-stilo-3drs-set\/#breadcrumb\"},\"inLanguage\":\"fr-FR\",\"potentialAction\":[{\"@type\":\"ReadAction\",\"target\":[\"https:\/\/turijnmagazijn.nl\/fr\/produit\/ressorts-a-gaz-capot-fiat-stilo-3drs-set\/\"]}]},{\"@type\":\"ImageObject\",\"inLanguage\":\"fr-FR\",\"@id\":\"https:\/\/turijnmagazijn.nl\/fr\/produit\/ressorts-a-gaz-capot-fiat-stilo-3drs-set\/#primaryimage\",\"url\":\"https:\/\/turijnmagazijn.nl\/wp-content\/uploads\/2023\/03\/DK00101512_Gasveren_motorkap_Fiat_Stilo_3drs_set_3-1.jpg\",\"contentUrl\":\"https:\/\/turijnmagazijn.nl\/wp-content\/uploads\/2023\/03\/DK00101512_Gasveren_motorkap_Fiat_Stilo_3drs_set_3-1.jpg\",\"width\":800,\"height\":600},{\"@type\":\"BreadcrumbList\",\"@id\":\"https:\/\/turijnmagazijn.nl\/fr\/produit\/ressorts-a-gaz-capot-fiat-stilo-3drs-set\/#breadcrumb\",\"itemListElement\":[{\"@type\":\"ListItem\",\"position\":1,\"name\":\"Home\",\"item\":\"https:\/\/turijnmagazijn.nl\/fr\/\"},{\"@type\":\"ListItem\",\"position\":2,\"name\":\"Produits\",\"item\":\"https:\/\/turijnmagazijn.nl\/fr\/shop\/\"},{\"@type\":\"ListItem\",\"position\":3,\"name\":\"Ressorts \u00e0 gaz capot Fiat Stilo 3drs (ensemble)\"}]},{\"@type\":\"WebSite\",\"@id\":\"https:\/\/turijnmagazijn.jumpstone-dev.nl\/#website\",\"url\":\"https:\/\/turijnmagazijn.jumpstone-dev.nl\/\",\"name\":\"Turijnmagazijn\",\"description\":\"Onderdelen nieuw en gebruikt - Fiat &amp; Lancia\",\"publisher\":{\"@id\":\"https:\/\/turijnmagazijn.jumpstone-dev.nl\/#organization\"},\"potentialAction\":[{\"@type\":\"SearchAction\",\"target\":{\"@type\":\"EntryPoint\",\"urlTemplate\":\"https:\/\/turijnmagazijn.jumpstone-dev.nl\/?s={search_term_string}\"},\"query-input\":{\"@type\":\"PropertyValueSpecification\",\"valueRequired\":true,\"valueName\":\"search_term_string\"}}],\"inLanguage\":\"fr-FR\"},{\"@type\":\"Organization\",\"@id\":\"https:\/\/turijnmagazijn.jumpstone-dev.nl\/#organization\",\"name\":\"Turijnmagazijn\",\"url\":\"https:\/\/turijnmagazijn.jumpstone-dev.nl\/\",\"logo\":{\"@type\":\"ImageObject\",\"inLanguage\":\"fr-FR\",\"@id\":\"https:\/\/turijnmagazijn.jumpstone-dev.nl\/#\/schema\/logo\/image\/\",\"url\":\"https:\/\/turijnmagazijn.nl\/wp-content\/uploads\/2021\/02\/turijnmagazijnlogo.png\",\"contentUrl\":\"https:\/\/turijnmagazijn.nl\/wp-content\/uploads\/2021\/02\/turijnmagazijnlogo.png\",\"width\":555,\"height\":270,\"caption\":\"Turijnmagazijn\"},\"image\":{\"@id\":\"https:\/\/turijnmagazijn.jumpstone-dev.nl\/#\/schema\/logo\/image\/\"},\"sameAs\":[\"https:\/\/www.facebook.com\/turijnmagazijn\"]}]}<\/script>\n<!-- \/ Yoast SEO plugin. -->","yoast_head_json":{"title":"Ressorts \u00e0 gaz capot Fiat Stilo 3drs (ensemble) - Turijnmagazijn","robots":{"index":"index","follow":"follow","max-snippet":"max-snippet:-1","max-image-preview":"max-image-preview:large","max-video-preview":"max-video-preview:-1"},"canonical":"https:\/\/turijnmagazijn.nl\/fr\/produit\/ressorts-a-gaz-capot-fiat-stilo-3drs-set\/","og_locale":"fr_FR","og_type":"article","og_title":"Ressorts \u00e0 gaz capot Fiat Stilo 3drs (ensemble) - Turijnmagazijn","og_description":"Ressorts \u00e0 gaz hayon Fiat Stilo 3drs (ensemble) - Jeu de 2 ressorts \u00e0 gaz pour le hayon d\u2019une Fiat Stilo en version 3 portes. Ressorts \u00e0 gaz capot Fiat Stilo 3drs (set) - Jeu de 2 ressorts \u00e0 gaz pour le capot d\u2019une Fiat Stilo en version 3 portes.","og_url":"https:\/\/turijnmagazijn.nl\/fr\/produit\/ressorts-a-gaz-capot-fiat-stilo-3drs-set\/","og_site_name":"Turijnmagazijn","article_publisher":"https:\/\/www.facebook.com\/turijnmagazijn","article_modified_time":"2023-07-26T11:59:05+00:00","og_image":[{"width":800,"height":600,"url":"https:\/\/turijnmagazijn.jumpstone-dev.nl\/wp-content\/uploads\/2023\/03\/DK00101512_Gasveren_motorkap_Fiat_Stilo_3drs_set_3-1.jpg","type":"image\/jpeg"}],"twitter_card":"summary_large_image","schema":{"@context":"https:\/\/schema.org","@graph":[{"@type":"WebPage","@id":"https:\/\/turijnmagazijn.nl\/fr\/produit\/ressorts-a-gaz-capot-fiat-stilo-3drs-set\/","url":"https:\/\/turijnmagazijn.nl\/fr\/produit\/ressorts-a-gaz-capot-fiat-stilo-3drs-set\/","name":"Ressorts \u00e0 gaz capot Fiat Stilo 3drs (ensemble) - Turijnmagazijn","isPartOf":{"@id":"https:\/\/turijnmagazijn.jumpstone-dev.nl\/#website"},"primaryImageOfPage":{"@id":"https:\/\/turijnmagazijn.nl\/fr\/produit\/ressorts-a-gaz-capot-fiat-stilo-3drs-set\/#primaryimage"},"image":{"@id":"https:\/\/turijnmagazijn.nl\/fr\/produit\/ressorts-a-gaz-capot-fiat-stilo-3drs-set\/#primaryimage"},"thumbnailUrl":"https:\/\/turijnmagazijn.nl\/wp-content\/uploads\/2023\/03\/DK00101512_Gasveren_motorkap_Fiat_Stilo_3drs_set_3-1.jpg","datePublished":"2023-03-03T08:14:40+00:00","dateModified":"2023-07-26T11:59:05+00:00","breadcrumb":{"@id":"https:\/\/turijnmagazijn.nl\/fr\/produit\/ressorts-a-gaz-capot-fiat-stilo-3drs-set\/#breadcrumb"},"inLanguage":"fr-FR","potentialAction":[{"@type":"ReadAction","target":["https:\/\/turijnmagazijn.nl\/fr\/produit\/ressorts-a-gaz-capot-fiat-stilo-3drs-set\/"]}]},{"@type":"ImageObject","inLanguage":"fr-FR","@id":"https:\/\/turijnmagazijn.nl\/fr\/produit\/ressorts-a-gaz-capot-fiat-stilo-3drs-set\/#primaryimage","url":"https:\/\/turijnmagazijn.nl\/wp-content\/uploads\/2023\/03\/DK00101512_Gasveren_motorkap_Fiat_Stilo_3drs_set_3-1.jpg","contentUrl":"https:\/\/turijnmagazijn.nl\/wp-content\/uploads\/2023\/03\/DK00101512_Gasveren_motorkap_Fiat_Stilo_3drs_set_3-1.jpg","width":800,"height":600},{"@type":"BreadcrumbList","@id":"https:\/\/turijnmagazijn.nl\/fr\/produit\/ressorts-a-gaz-capot-fiat-stilo-3drs-set\/#breadcrumb","itemListElement":[{"@type":"ListItem","position":1,"name":"Home","item":"https:\/\/turijnmagazijn.nl\/fr\/"},{"@type":"ListItem","position":2,"name":"Produits","item":"https:\/\/turijnmagazijn.nl\/fr\/shop\/"},{"@type":"ListItem","position":3,"name":"Ressorts \u00e0 gaz capot Fiat Stilo 3drs (ensemble)"}]},{"@type":"WebSite","@id":"https:\/\/turijnmagazijn.jumpstone-dev.nl\/#website","url":"https:\/\/turijnmagazijn.jumpstone-dev.nl\/","name":"Turijnmagazijn","description":"Onderdelen nieuw en gebruikt - Fiat &amp; Lancia","publisher":{"@id":"https:\/\/turijnmagazijn.jumpstone-dev.nl\/#organization"},"potentialAction":[{"@type":"SearchAction","target":{"@type":"EntryPoint","urlTemplate":"https:\/\/turijnmagazijn.jumpstone-dev.nl\/?s={search_term_string}"},"query-input":{"@type":"PropertyValueSpecification","valueRequired":true,"valueName":"search_term_string"}}],"inLanguage":"fr-FR"},{"@type":"Organization","@id":"https:\/\/turijnmagazijn.jumpstone-dev.nl\/#organization","name":"Turijnmagazijn","url":"https:\/\/turijnmagazijn.jumpstone-dev.nl\/","logo":{"@type":"ImageObject","inLanguage":"fr-FR","@id":"https:\/\/turijnmagazijn.jumpstone-dev.nl\/#\/schema\/logo\/image\/","url":"https:\/\/turijnmagazijn.nl\/wp-content\/uploads\/2021\/02\/turijnmagazijnlogo.png","contentUrl":"https:\/\/turijnmagazijn.nl\/wp-content\/uploads\/2021\/02\/turijnmagazijnlogo.png","width":555,"height":270,"caption":"Turijnmagazijn"},"image":{"@id":"https:\/\/turijnmagazijn.jumpstone-dev.nl\/#\/schema\/logo\/image\/"},"sameAs":["https:\/\/www.facebook.com\/turijnmagazijn"]}]}},"_links":{"self":[{"href":"https:\/\/turijnmagazijn.nl\/fr\/wp-json\/wp\/v2\/product\/63687","targetHints":{"allow":["GET"]}}],"collection":[{"href":"https:\/\/turijnmagazijn.nl\/fr\/wp-json\/wp\/v2\/product"}],"about":[{"href":"https:\/\/turijnmagazijn.nl\/fr\/wp-json\/wp\/v2\/types\/product"}],"replies":[{"embeddable":true,"href":"https:\/\/turijnmagazijn.nl\/fr\/wp-json\/wp\/v2\/comments?post=63687"}],"wp:featuredmedia":[{"embeddable":true,"href":"https:\/\/turijnmagazijn.nl\/fr\/wp-json\/wp\/v2\/media\/41620"}],"wp:attachment":[{"href":"https:\/\/turijnmagazijn.nl\/fr\/wp-json\/wp\/v2\/media?parent=63687"}],"wp:term":[{"taxonomy":"product_brand","embeddable":true,"href":"https:\/\/turijnmagazijn.nl\/fr\/wp-json\/wp\/v2\/product_brand?post=63687"},{"taxonomy":"product_cat","embeddable":true,"href":"https:\/\/turijnmagazijn.nl\/fr\/wp-json\/wp\/v2\/product_cat?post=63687"},{"taxonomy":"product_tag","embeddable":true,"href":"https:\/\/turijnmagazijn.nl\/fr\/wp-json\/wp\/v2\/product_tag?post=63687"}],"curies":[{"name":"wp","href":"https:\/\/api.w.org\/{rel}","templated":true}]}}