{"id":63692,"date":"2023-03-03T09:14:41","date_gmt":"2023-03-03T08:14:41","guid":{"rendered":"https:\/\/turijnmagazijn.nl\/product\/compartiment-moteur-boite-a-fusibles-alfa-147\/"},"modified":"2023-07-26T13:59:06","modified_gmt":"2023-07-26T11:59:06","slug":"boite-a-fusibles-compartiment-moteur-alfa-147","status":"publish","type":"product","link":"https:\/\/turijnmagazijn.nl\/fr\/produit\/boite-a-fusibles-compartiment-moteur-alfa-147\/","title":{"rendered":"Compartiment moteur bo\u00eete \u00e0 fusibles Alfa 147"},"content":{"rendered":"<p>Bo\u00eete \u00e0 fusibles pour le compartiment moteur pour Alfa Romeo 147 \u00e9quip\u00e9e d\u2019un moteur 1.6 TS.&nbsp; Provenant d\u2019une Alfa Romeo 147 construite en 2002 avec un moteur essence 1.6 16V Twin Spark. La bo\u00eete \u00e0 fusibles est \u00e9quip\u00e9e de tous les fusibles sans le relais. La bo\u00eete \u00e0 fusibles fonctionne correctement.&nbsp;<\/p>\n<p>Inscription sur l\u2019unit\u00e9 :<\/p>\n<p>46558759<br \/>Benzina 003021<\/p>\n<p>OEM Alfa Romeo&nbsp;<span style=\"font-size: 12px;\">46558759<\/span><\/p>\n","protected":false},"excerpt":{"rendered":"<p>Bo\u00eete \u00e0 fusibles compartiment moteur Alfa 147 &#8211; Bo\u00eete \u00e0 fusibles pour le compartiment moteur pour Alfa Romeo 147 \u00e9quip\u00e9e de 1.<\/p>\n","protected":false},"featured_media":41696,"comment_status":"open","ping_status":"closed","template":"","meta":{"_acf_changed":false},"product_brand":[],"product_cat":[1606,1582],"product_tag":[],"class_list":{"0":"post-63692","1":"product","2":"type-product","3":"status-publish","4":"has-post-thumbnail","6":"product_cat-147-937-fr","7":"product_cat-alfa-romeo-fr","8":"pa_soort-onderdeel-electronique-et-cables","9":"pa_soort-onderdeel-petit-materiel","11":"first","12":"instock","13":"shipping-taxable","14":"purchasable","15":"product-type-simple"},"acf":[],"yoast_head":"<!-- This site is optimized with the Yoast SEO plugin v27.2 - https:\/\/yoast.com\/product\/yoast-seo-wordpress\/ -->\n<title>Compartiment moteur bo\u00eete \u00e0 fusibles Alfa 147 - Turijnmagazijn<\/title>\n<meta name=\"robots\" content=\"index, follow, max-snippet:-1, max-image-preview:large, max-video-preview:-1\" \/>\n<link rel=\"canonical\" href=\"https:\/\/turijnmagazijn.nl\/fr\/produit\/boite-a-fusibles-compartiment-moteur-alfa-147\/\" \/>\n<meta property=\"og:locale\" content=\"fr_FR\" \/>\n<meta property=\"og:type\" content=\"article\" \/>\n<meta property=\"og:title\" content=\"Compartiment moteur bo\u00eete \u00e0 fusibles Alfa 147 - Turijnmagazijn\" \/>\n<meta property=\"og:description\" content=\"Bo\u00eete \u00e0 fusibles compartiment moteur Alfa 147 - Bo\u00eete \u00e0 fusibles pour le compartiment moteur pour Alfa Romeo 147 \u00e9quip\u00e9e de 1.\" \/>\n<meta property=\"og:url\" content=\"https:\/\/turijnmagazijn.nl\/fr\/produit\/boite-a-fusibles-compartiment-moteur-alfa-147\/\" \/>\n<meta property=\"og:site_name\" content=\"Turijnmagazijn\" \/>\n<meta property=\"article:publisher\" content=\"https:\/\/www.facebook.com\/turijnmagazijn\" \/>\n<meta property=\"article:modified_time\" content=\"2023-07-26T11:59:06+00:00\" \/>\n<meta property=\"og:image\" content=\"https:\/\/turijnmagazijn.jumpstone-dev.nl\/wp-content\/uploads\/2023\/03\/DK00101522_Zekeringkast_motorruimte_Alfa_147_4-1-rotated-1.jpg\" \/>\n\t<meta property=\"og:image:width\" content=\"600\" \/>\n\t<meta property=\"og:image:height\" content=\"800\" \/>\n\t<meta property=\"og:image:type\" content=\"image\/jpeg\" \/>\n<meta name=\"twitter:card\" content=\"summary_large_image\" \/>\n<script type=\"application\/ld+json\" class=\"yoast-schema-graph\">{\"@context\":\"https:\/\/schema.org\",\"@graph\":[{\"@type\":\"WebPage\",\"@id\":\"https:\/\/turijnmagazijn.nl\/fr\/produit\/boite-a-fusibles-compartiment-moteur-alfa-147\/\",\"url\":\"https:\/\/turijnmagazijn.nl\/fr\/produit\/boite-a-fusibles-compartiment-moteur-alfa-147\/\",\"name\":\"Compartiment moteur bo\u00eete \u00e0 fusibles Alfa 147 - Turijnmagazijn\",\"isPartOf\":{\"@id\":\"https:\/\/turijnmagazijn.jumpstone-dev.nl\/#website\"},\"primaryImageOfPage\":{\"@id\":\"https:\/\/turijnmagazijn.nl\/fr\/produit\/boite-a-fusibles-compartiment-moteur-alfa-147\/#primaryimage\"},\"image\":{\"@id\":\"https:\/\/turijnmagazijn.nl\/fr\/produit\/boite-a-fusibles-compartiment-moteur-alfa-147\/#primaryimage\"},\"thumbnailUrl\":\"https:\/\/turijnmagazijn.nl\/wp-content\/uploads\/2023\/03\/DK00101522_Zekeringkast_motorruimte_Alfa_147_4-1-rotated-1.jpg\",\"datePublished\":\"2023-03-03T08:14:41+00:00\",\"dateModified\":\"2023-07-26T11:59:06+00:00\",\"breadcrumb\":{\"@id\":\"https:\/\/turijnmagazijn.nl\/fr\/produit\/boite-a-fusibles-compartiment-moteur-alfa-147\/#breadcrumb\"},\"inLanguage\":\"fr-FR\",\"potentialAction\":[{\"@type\":\"ReadAction\",\"target\":[\"https:\/\/turijnmagazijn.nl\/fr\/produit\/boite-a-fusibles-compartiment-moteur-alfa-147\/\"]}]},{\"@type\":\"ImageObject\",\"inLanguage\":\"fr-FR\",\"@id\":\"https:\/\/turijnmagazijn.nl\/fr\/produit\/boite-a-fusibles-compartiment-moteur-alfa-147\/#primaryimage\",\"url\":\"https:\/\/turijnmagazijn.nl\/wp-content\/uploads\/2023\/03\/DK00101522_Zekeringkast_motorruimte_Alfa_147_4-1-rotated-1.jpg\",\"contentUrl\":\"https:\/\/turijnmagazijn.nl\/wp-content\/uploads\/2023\/03\/DK00101522_Zekeringkast_motorruimte_Alfa_147_4-1-rotated-1.jpg\",\"width\":600,\"height\":800},{\"@type\":\"BreadcrumbList\",\"@id\":\"https:\/\/turijnmagazijn.nl\/fr\/produit\/boite-a-fusibles-compartiment-moteur-alfa-147\/#breadcrumb\",\"itemListElement\":[{\"@type\":\"ListItem\",\"position\":1,\"name\":\"Home\",\"item\":\"https:\/\/turijnmagazijn.nl\/fr\/\"},{\"@type\":\"ListItem\",\"position\":2,\"name\":\"Produits\",\"item\":\"https:\/\/turijnmagazijn.nl\/fr\/shop\/\"},{\"@type\":\"ListItem\",\"position\":3,\"name\":\"Compartiment moteur bo\u00eete \u00e0 fusibles Alfa 147\"}]},{\"@type\":\"WebSite\",\"@id\":\"https:\/\/turijnmagazijn.jumpstone-dev.nl\/#website\",\"url\":\"https:\/\/turijnmagazijn.jumpstone-dev.nl\/\",\"name\":\"Turijnmagazijn\",\"description\":\"Onderdelen nieuw en gebruikt - Fiat &amp; Lancia\",\"publisher\":{\"@id\":\"https:\/\/turijnmagazijn.jumpstone-dev.nl\/#organization\"},\"potentialAction\":[{\"@type\":\"SearchAction\",\"target\":{\"@type\":\"EntryPoint\",\"urlTemplate\":\"https:\/\/turijnmagazijn.jumpstone-dev.nl\/?s={search_term_string}\"},\"query-input\":{\"@type\":\"PropertyValueSpecification\",\"valueRequired\":true,\"valueName\":\"search_term_string\"}}],\"inLanguage\":\"fr-FR\"},{\"@type\":\"Organization\",\"@id\":\"https:\/\/turijnmagazijn.jumpstone-dev.nl\/#organization\",\"name\":\"Turijnmagazijn\",\"url\":\"https:\/\/turijnmagazijn.jumpstone-dev.nl\/\",\"logo\":{\"@type\":\"ImageObject\",\"inLanguage\":\"fr-FR\",\"@id\":\"https:\/\/turijnmagazijn.jumpstone-dev.nl\/#\/schema\/logo\/image\/\",\"url\":\"https:\/\/turijnmagazijn.nl\/wp-content\/uploads\/2021\/02\/turijnmagazijnlogo.png\",\"contentUrl\":\"https:\/\/turijnmagazijn.nl\/wp-content\/uploads\/2021\/02\/turijnmagazijnlogo.png\",\"width\":555,\"height\":270,\"caption\":\"Turijnmagazijn\"},\"image\":{\"@id\":\"https:\/\/turijnmagazijn.jumpstone-dev.nl\/#\/schema\/logo\/image\/\"},\"sameAs\":[\"https:\/\/www.facebook.com\/turijnmagazijn\"]}]}<\/script>\n<!-- \/ Yoast SEO plugin. -->","yoast_head_json":{"title":"Compartiment moteur bo\u00eete \u00e0 fusibles Alfa 147 - Turijnmagazijn","robots":{"index":"index","follow":"follow","max-snippet":"max-snippet:-1","max-image-preview":"max-image-preview:large","max-video-preview":"max-video-preview:-1"},"canonical":"https:\/\/turijnmagazijn.nl\/fr\/produit\/boite-a-fusibles-compartiment-moteur-alfa-147\/","og_locale":"fr_FR","og_type":"article","og_title":"Compartiment moteur bo\u00eete \u00e0 fusibles Alfa 147 - Turijnmagazijn","og_description":"Bo\u00eete \u00e0 fusibles compartiment moteur Alfa 147 - Bo\u00eete \u00e0 fusibles pour le compartiment moteur pour Alfa Romeo 147 \u00e9quip\u00e9e de 1.","og_url":"https:\/\/turijnmagazijn.nl\/fr\/produit\/boite-a-fusibles-compartiment-moteur-alfa-147\/","og_site_name":"Turijnmagazijn","article_publisher":"https:\/\/www.facebook.com\/turijnmagazijn","article_modified_time":"2023-07-26T11:59:06+00:00","og_image":[{"width":600,"height":800,"url":"https:\/\/turijnmagazijn.jumpstone-dev.nl\/wp-content\/uploads\/2023\/03\/DK00101522_Zekeringkast_motorruimte_Alfa_147_4-1-rotated-1.jpg","type":"image\/jpeg"}],"twitter_card":"summary_large_image","schema":{"@context":"https:\/\/schema.org","@graph":[{"@type":"WebPage","@id":"https:\/\/turijnmagazijn.nl\/fr\/produit\/boite-a-fusibles-compartiment-moteur-alfa-147\/","url":"https:\/\/turijnmagazijn.nl\/fr\/produit\/boite-a-fusibles-compartiment-moteur-alfa-147\/","name":"Compartiment moteur bo\u00eete \u00e0 fusibles Alfa 147 - Turijnmagazijn","isPartOf":{"@id":"https:\/\/turijnmagazijn.jumpstone-dev.nl\/#website"},"primaryImageOfPage":{"@id":"https:\/\/turijnmagazijn.nl\/fr\/produit\/boite-a-fusibles-compartiment-moteur-alfa-147\/#primaryimage"},"image":{"@id":"https:\/\/turijnmagazijn.nl\/fr\/produit\/boite-a-fusibles-compartiment-moteur-alfa-147\/#primaryimage"},"thumbnailUrl":"https:\/\/turijnmagazijn.nl\/wp-content\/uploads\/2023\/03\/DK00101522_Zekeringkast_motorruimte_Alfa_147_4-1-rotated-1.jpg","datePublished":"2023-03-03T08:14:41+00:00","dateModified":"2023-07-26T11:59:06+00:00","breadcrumb":{"@id":"https:\/\/turijnmagazijn.nl\/fr\/produit\/boite-a-fusibles-compartiment-moteur-alfa-147\/#breadcrumb"},"inLanguage":"fr-FR","potentialAction":[{"@type":"ReadAction","target":["https:\/\/turijnmagazijn.nl\/fr\/produit\/boite-a-fusibles-compartiment-moteur-alfa-147\/"]}]},{"@type":"ImageObject","inLanguage":"fr-FR","@id":"https:\/\/turijnmagazijn.nl\/fr\/produit\/boite-a-fusibles-compartiment-moteur-alfa-147\/#primaryimage","url":"https:\/\/turijnmagazijn.nl\/wp-content\/uploads\/2023\/03\/DK00101522_Zekeringkast_motorruimte_Alfa_147_4-1-rotated-1.jpg","contentUrl":"https:\/\/turijnmagazijn.nl\/wp-content\/uploads\/2023\/03\/DK00101522_Zekeringkast_motorruimte_Alfa_147_4-1-rotated-1.jpg","width":600,"height":800},{"@type":"BreadcrumbList","@id":"https:\/\/turijnmagazijn.nl\/fr\/produit\/boite-a-fusibles-compartiment-moteur-alfa-147\/#breadcrumb","itemListElement":[{"@type":"ListItem","position":1,"name":"Home","item":"https:\/\/turijnmagazijn.nl\/fr\/"},{"@type":"ListItem","position":2,"name":"Produits","item":"https:\/\/turijnmagazijn.nl\/fr\/shop\/"},{"@type":"ListItem","position":3,"name":"Compartiment moteur bo\u00eete \u00e0 fusibles Alfa 147"}]},{"@type":"WebSite","@id":"https:\/\/turijnmagazijn.jumpstone-dev.nl\/#website","url":"https:\/\/turijnmagazijn.jumpstone-dev.nl\/","name":"Turijnmagazijn","description":"Onderdelen nieuw en gebruikt - Fiat &amp; Lancia","publisher":{"@id":"https:\/\/turijnmagazijn.jumpstone-dev.nl\/#organization"},"potentialAction":[{"@type":"SearchAction","target":{"@type":"EntryPoint","urlTemplate":"https:\/\/turijnmagazijn.jumpstone-dev.nl\/?s={search_term_string}"},"query-input":{"@type":"PropertyValueSpecification","valueRequired":true,"valueName":"search_term_string"}}],"inLanguage":"fr-FR"},{"@type":"Organization","@id":"https:\/\/turijnmagazijn.jumpstone-dev.nl\/#organization","name":"Turijnmagazijn","url":"https:\/\/turijnmagazijn.jumpstone-dev.nl\/","logo":{"@type":"ImageObject","inLanguage":"fr-FR","@id":"https:\/\/turijnmagazijn.jumpstone-dev.nl\/#\/schema\/logo\/image\/","url":"https:\/\/turijnmagazijn.nl\/wp-content\/uploads\/2021\/02\/turijnmagazijnlogo.png","contentUrl":"https:\/\/turijnmagazijn.nl\/wp-content\/uploads\/2021\/02\/turijnmagazijnlogo.png","width":555,"height":270,"caption":"Turijnmagazijn"},"image":{"@id":"https:\/\/turijnmagazijn.jumpstone-dev.nl\/#\/schema\/logo\/image\/"},"sameAs":["https:\/\/www.facebook.com\/turijnmagazijn"]}]}},"_links":{"self":[{"href":"https:\/\/turijnmagazijn.nl\/fr\/wp-json\/wp\/v2\/product\/63692","targetHints":{"allow":["GET"]}}],"collection":[{"href":"https:\/\/turijnmagazijn.nl\/fr\/wp-json\/wp\/v2\/product"}],"about":[{"href":"https:\/\/turijnmagazijn.nl\/fr\/wp-json\/wp\/v2\/types\/product"}],"replies":[{"embeddable":true,"href":"https:\/\/turijnmagazijn.nl\/fr\/wp-json\/wp\/v2\/comments?post=63692"}],"wp:featuredmedia":[{"embeddable":true,"href":"https:\/\/turijnmagazijn.nl\/fr\/wp-json\/wp\/v2\/media\/41696"}],"wp:attachment":[{"href":"https:\/\/turijnmagazijn.nl\/fr\/wp-json\/wp\/v2\/media?parent=63692"}],"wp:term":[{"taxonomy":"product_brand","embeddable":true,"href":"https:\/\/turijnmagazijn.nl\/fr\/wp-json\/wp\/v2\/product_brand?post=63692"},{"taxonomy":"product_cat","embeddable":true,"href":"https:\/\/turijnmagazijn.nl\/fr\/wp-json\/wp\/v2\/product_cat?post=63692"},{"taxonomy":"product_tag","embeddable":true,"href":"https:\/\/turijnmagazijn.nl\/fr\/wp-json\/wp\/v2\/product_tag?post=63692"}],"curies":[{"name":"wp","href":"https:\/\/api.w.org\/{rel}","templated":true}]}}