{"id":63713,"date":"2023-03-03T09:14:40","date_gmt":"2023-03-03T08:14:40","guid":{"rendered":"https:\/\/turijnmagazijn.nl\/product\/poignee-de-porte-cote-copilote-r-fiat-stilo-3-drs\/"},"modified":"2023-07-26T13:59:06","modified_gmt":"2023-07-26T11:59:06","slug":"poignee-de-porte-cote-conducteur-r-fiat-stilo-3-drs","status":"publish","type":"product","link":"https:\/\/turijnmagazijn.nl\/fr\/produit\/poignee-de-porte-cote-conducteur-r-fiat-stilo-3-drs\/","title":{"rendered":"Poign\u00e9e de porte C\u00f4t\u00e9 copilote R Fiat Stilo 3 drs"},"content":{"rendered":"<p>Poign\u00e9e de porte pour montage c\u00f4t\u00e9 passager (\u00e0 droite) pour Fiat Stilo en version 3 portes.&nbsp; Provient d\u2019une &nbsp;Stilo Abarth 2.4 3 portes avec automatique Selespeed de l\u2019ann\u00e9e 7\/2003.&nbsp;<span style=\"font-size: 12px;\">Il existe de nombreuses versions diff\u00e9rentes de ces poign\u00e9es de porte en circulation, alors v\u00e9rifiez \u00e0 l\u2019avance s\u2019il s\u2019agit de la bonne pi\u00e8ce pour votre voiture. C\u2019est la version pour les voitures sans entr\u00e9e sans cl\u00e9 (facile \u00e0 utiliser). Les autres styles de corps ont \u00e9galement des poign\u00e9es diff\u00e9rentes.&nbsp;<\/span><\/p>\n<p style=\"font-size: 12px;\"><span style=\"font-size: 12px;\">Ex\u00e9cut\u00e9 dans la couleur du corps, dans ce cas&nbsp;<\/span> Grigio Sassi SM,MET.MS. VEN. Num\u00e9ro de couleur 823. La peinture a subi des dommages tout autour.<br \/>Cette poign\u00e9e est fortement endommag\u00e9e, en partie une rayure profonde est pr\u00e9sente l\u00e0 o\u00f9 le mat\u00e9riau de base en plastique a \u00e9t\u00e9 endommag\u00e9, voir photos.<\/p>\n<p>Inscription sur la section :<br \/>71733469<\/p>\n<p>Num\u00e9ro OEM FIAT&nbsp;735316656<\/p>\n","protected":false},"excerpt":{"rendered":"<p>Poign\u00e9e de porte C\u00f4t\u00e9 copilote R Fiat Stilo 3 drs &#8211; Poign\u00e9e de porte pour montage c\u00f4t\u00e9 passager (\u00e0 droite) pour Fiat Stilo en version 3 portes.<\/p>\n","protected":false},"featured_media":41556,"comment_status":"open","ping_status":"closed","template":"","meta":{"_acf_changed":false},"product_brand":[],"product_cat":[1769,1690,1763],"product_tag":[],"class_list":{"0":"post-63713","1":"product","2":"type-product","3":"status-publish","4":"has-post-thumbnail","6":"product_cat-abarth-3drs-fr","7":"product_cat-fiat-fr","8":"product_cat-stilo-192-fr","9":"pa_soort-onderdeel-carrosserie-et-tolerie","11":"first","12":"instock","13":"shipping-taxable","14":"purchasable","15":"product-type-simple"},"acf":[],"yoast_head":"<!-- This site is optimized with the Yoast SEO plugin v27.2 - https:\/\/yoast.com\/product\/yoast-seo-wordpress\/ -->\n<title>Poign\u00e9e de porte C\u00f4t\u00e9 copilote R Fiat Stilo 3 drs - Turijnmagazijn<\/title>\n<meta name=\"robots\" content=\"index, follow, max-snippet:-1, max-image-preview:large, max-video-preview:-1\" \/>\n<link rel=\"canonical\" href=\"https:\/\/turijnmagazijn.nl\/fr\/produit\/poignee-de-porte-cote-conducteur-r-fiat-stilo-3-drs\/\" \/>\n<meta property=\"og:locale\" content=\"fr_FR\" \/>\n<meta property=\"og:type\" content=\"article\" \/>\n<meta property=\"og:title\" content=\"Poign\u00e9e de porte C\u00f4t\u00e9 copilote R Fiat Stilo 3 drs - Turijnmagazijn\" \/>\n<meta property=\"og:description\" content=\"Poign\u00e9e de porte C\u00f4t\u00e9 copilote R Fiat Stilo 3 drs - Poign\u00e9e de porte pour montage c\u00f4t\u00e9 passager (\u00e0 droite) pour Fiat Stilo en version 3 portes.\" \/>\n<meta property=\"og:url\" content=\"https:\/\/turijnmagazijn.nl\/fr\/produit\/poignee-de-porte-cote-conducteur-r-fiat-stilo-3-drs\/\" \/>\n<meta property=\"og:site_name\" content=\"Turijnmagazijn\" \/>\n<meta property=\"article:publisher\" content=\"https:\/\/www.facebook.com\/turijnmagazijn\" \/>\n<meta property=\"article:modified_time\" content=\"2023-07-26T11:59:06+00:00\" \/>\n<meta property=\"og:image\" content=\"https:\/\/turijnmagazijn.jumpstone-dev.nl\/wp-content\/uploads\/2023\/03\/DK00101494_Deurklink_Bijrijderszijde_R_Fiat_Stilo_3_drs_4-1.jpg\" \/>\n\t<meta property=\"og:image:width\" content=\"800\" \/>\n\t<meta property=\"og:image:height\" content=\"600\" \/>\n\t<meta property=\"og:image:type\" content=\"image\/jpeg\" \/>\n<meta name=\"twitter:card\" content=\"summary_large_image\" \/>\n<meta name=\"twitter:label1\" content=\"Dur\u00e9e de lecture estim\u00e9e\" \/>\n\t<meta name=\"twitter:data1\" content=\"1 minute\" \/>\n<script type=\"application\/ld+json\" class=\"yoast-schema-graph\">{\"@context\":\"https:\/\/schema.org\",\"@graph\":[{\"@type\":\"WebPage\",\"@id\":\"https:\/\/turijnmagazijn.nl\/fr\/produit\/poignee-de-porte-cote-conducteur-r-fiat-stilo-3-drs\/\",\"url\":\"https:\/\/turijnmagazijn.nl\/fr\/produit\/poignee-de-porte-cote-conducteur-r-fiat-stilo-3-drs\/\",\"name\":\"Poign\u00e9e de porte C\u00f4t\u00e9 copilote R Fiat Stilo 3 drs - Turijnmagazijn\",\"isPartOf\":{\"@id\":\"https:\/\/turijnmagazijn.jumpstone-dev.nl\/#website\"},\"primaryImageOfPage\":{\"@id\":\"https:\/\/turijnmagazijn.nl\/fr\/produit\/poignee-de-porte-cote-conducteur-r-fiat-stilo-3-drs\/#primaryimage\"},\"image\":{\"@id\":\"https:\/\/turijnmagazijn.nl\/fr\/produit\/poignee-de-porte-cote-conducteur-r-fiat-stilo-3-drs\/#primaryimage\"},\"thumbnailUrl\":\"https:\/\/turijnmagazijn.nl\/wp-content\/uploads\/2023\/03\/DK00101494_Deurklink_Bijrijderszijde_R_Fiat_Stilo_3_drs_4-1.jpg\",\"datePublished\":\"2023-03-03T08:14:40+00:00\",\"dateModified\":\"2023-07-26T11:59:06+00:00\",\"breadcrumb\":{\"@id\":\"https:\/\/turijnmagazijn.nl\/fr\/produit\/poignee-de-porte-cote-conducteur-r-fiat-stilo-3-drs\/#breadcrumb\"},\"inLanguage\":\"fr-FR\",\"potentialAction\":[{\"@type\":\"ReadAction\",\"target\":[\"https:\/\/turijnmagazijn.nl\/fr\/produit\/poignee-de-porte-cote-conducteur-r-fiat-stilo-3-drs\/\"]}]},{\"@type\":\"ImageObject\",\"inLanguage\":\"fr-FR\",\"@id\":\"https:\/\/turijnmagazijn.nl\/fr\/produit\/poignee-de-porte-cote-conducteur-r-fiat-stilo-3-drs\/#primaryimage\",\"url\":\"https:\/\/turijnmagazijn.nl\/wp-content\/uploads\/2023\/03\/DK00101494_Deurklink_Bijrijderszijde_R_Fiat_Stilo_3_drs_4-1.jpg\",\"contentUrl\":\"https:\/\/turijnmagazijn.nl\/wp-content\/uploads\/2023\/03\/DK00101494_Deurklink_Bijrijderszijde_R_Fiat_Stilo_3_drs_4-1.jpg\",\"width\":800,\"height\":600},{\"@type\":\"BreadcrumbList\",\"@id\":\"https:\/\/turijnmagazijn.nl\/fr\/produit\/poignee-de-porte-cote-conducteur-r-fiat-stilo-3-drs\/#breadcrumb\",\"itemListElement\":[{\"@type\":\"ListItem\",\"position\":1,\"name\":\"Home\",\"item\":\"https:\/\/turijnmagazijn.nl\/fr\/\"},{\"@type\":\"ListItem\",\"position\":2,\"name\":\"Produits\",\"item\":\"https:\/\/turijnmagazijn.nl\/fr\/shop\/\"},{\"@type\":\"ListItem\",\"position\":3,\"name\":\"Poign\u00e9e de porte C\u00f4t\u00e9 copilote R Fiat Stilo 3 drs\"}]},{\"@type\":\"WebSite\",\"@id\":\"https:\/\/turijnmagazijn.jumpstone-dev.nl\/#website\",\"url\":\"https:\/\/turijnmagazijn.jumpstone-dev.nl\/\",\"name\":\"Turijnmagazijn\",\"description\":\"Onderdelen nieuw en gebruikt - Fiat &amp; Lancia\",\"publisher\":{\"@id\":\"https:\/\/turijnmagazijn.jumpstone-dev.nl\/#organization\"},\"potentialAction\":[{\"@type\":\"SearchAction\",\"target\":{\"@type\":\"EntryPoint\",\"urlTemplate\":\"https:\/\/turijnmagazijn.jumpstone-dev.nl\/?s={search_term_string}\"},\"query-input\":{\"@type\":\"PropertyValueSpecification\",\"valueRequired\":true,\"valueName\":\"search_term_string\"}}],\"inLanguage\":\"fr-FR\"},{\"@type\":\"Organization\",\"@id\":\"https:\/\/turijnmagazijn.jumpstone-dev.nl\/#organization\",\"name\":\"Turijnmagazijn\",\"url\":\"https:\/\/turijnmagazijn.jumpstone-dev.nl\/\",\"logo\":{\"@type\":\"ImageObject\",\"inLanguage\":\"fr-FR\",\"@id\":\"https:\/\/turijnmagazijn.jumpstone-dev.nl\/#\/schema\/logo\/image\/\",\"url\":\"https:\/\/turijnmagazijn.nl\/wp-content\/uploads\/2021\/02\/turijnmagazijnlogo.png\",\"contentUrl\":\"https:\/\/turijnmagazijn.nl\/wp-content\/uploads\/2021\/02\/turijnmagazijnlogo.png\",\"width\":555,\"height\":270,\"caption\":\"Turijnmagazijn\"},\"image\":{\"@id\":\"https:\/\/turijnmagazijn.jumpstone-dev.nl\/#\/schema\/logo\/image\/\"},\"sameAs\":[\"https:\/\/www.facebook.com\/turijnmagazijn\"]}]}<\/script>\n<!-- \/ Yoast SEO plugin. -->","yoast_head_json":{"title":"Poign\u00e9e de porte C\u00f4t\u00e9 copilote R Fiat Stilo 3 drs - Turijnmagazijn","robots":{"index":"index","follow":"follow","max-snippet":"max-snippet:-1","max-image-preview":"max-image-preview:large","max-video-preview":"max-video-preview:-1"},"canonical":"https:\/\/turijnmagazijn.nl\/fr\/produit\/poignee-de-porte-cote-conducteur-r-fiat-stilo-3-drs\/","og_locale":"fr_FR","og_type":"article","og_title":"Poign\u00e9e de porte C\u00f4t\u00e9 copilote R Fiat Stilo 3 drs - Turijnmagazijn","og_description":"Poign\u00e9e de porte C\u00f4t\u00e9 copilote R Fiat Stilo 3 drs - Poign\u00e9e de porte pour montage c\u00f4t\u00e9 passager (\u00e0 droite) pour Fiat Stilo en version 3 portes.","og_url":"https:\/\/turijnmagazijn.nl\/fr\/produit\/poignee-de-porte-cote-conducteur-r-fiat-stilo-3-drs\/","og_site_name":"Turijnmagazijn","article_publisher":"https:\/\/www.facebook.com\/turijnmagazijn","article_modified_time":"2023-07-26T11:59:06+00:00","og_image":[{"width":800,"height":600,"url":"https:\/\/turijnmagazijn.jumpstone-dev.nl\/wp-content\/uploads\/2023\/03\/DK00101494_Deurklink_Bijrijderszijde_R_Fiat_Stilo_3_drs_4-1.jpg","type":"image\/jpeg"}],"twitter_card":"summary_large_image","twitter_misc":{"Dur\u00e9e de lecture estim\u00e9e":"1 minute"},"schema":{"@context":"https:\/\/schema.org","@graph":[{"@type":"WebPage","@id":"https:\/\/turijnmagazijn.nl\/fr\/produit\/poignee-de-porte-cote-conducteur-r-fiat-stilo-3-drs\/","url":"https:\/\/turijnmagazijn.nl\/fr\/produit\/poignee-de-porte-cote-conducteur-r-fiat-stilo-3-drs\/","name":"Poign\u00e9e de porte C\u00f4t\u00e9 copilote R Fiat Stilo 3 drs - Turijnmagazijn","isPartOf":{"@id":"https:\/\/turijnmagazijn.jumpstone-dev.nl\/#website"},"primaryImageOfPage":{"@id":"https:\/\/turijnmagazijn.nl\/fr\/produit\/poignee-de-porte-cote-conducteur-r-fiat-stilo-3-drs\/#primaryimage"},"image":{"@id":"https:\/\/turijnmagazijn.nl\/fr\/produit\/poignee-de-porte-cote-conducteur-r-fiat-stilo-3-drs\/#primaryimage"},"thumbnailUrl":"https:\/\/turijnmagazijn.nl\/wp-content\/uploads\/2023\/03\/DK00101494_Deurklink_Bijrijderszijde_R_Fiat_Stilo_3_drs_4-1.jpg","datePublished":"2023-03-03T08:14:40+00:00","dateModified":"2023-07-26T11:59:06+00:00","breadcrumb":{"@id":"https:\/\/turijnmagazijn.nl\/fr\/produit\/poignee-de-porte-cote-conducteur-r-fiat-stilo-3-drs\/#breadcrumb"},"inLanguage":"fr-FR","potentialAction":[{"@type":"ReadAction","target":["https:\/\/turijnmagazijn.nl\/fr\/produit\/poignee-de-porte-cote-conducteur-r-fiat-stilo-3-drs\/"]}]},{"@type":"ImageObject","inLanguage":"fr-FR","@id":"https:\/\/turijnmagazijn.nl\/fr\/produit\/poignee-de-porte-cote-conducteur-r-fiat-stilo-3-drs\/#primaryimage","url":"https:\/\/turijnmagazijn.nl\/wp-content\/uploads\/2023\/03\/DK00101494_Deurklink_Bijrijderszijde_R_Fiat_Stilo_3_drs_4-1.jpg","contentUrl":"https:\/\/turijnmagazijn.nl\/wp-content\/uploads\/2023\/03\/DK00101494_Deurklink_Bijrijderszijde_R_Fiat_Stilo_3_drs_4-1.jpg","width":800,"height":600},{"@type":"BreadcrumbList","@id":"https:\/\/turijnmagazijn.nl\/fr\/produit\/poignee-de-porte-cote-conducteur-r-fiat-stilo-3-drs\/#breadcrumb","itemListElement":[{"@type":"ListItem","position":1,"name":"Home","item":"https:\/\/turijnmagazijn.nl\/fr\/"},{"@type":"ListItem","position":2,"name":"Produits","item":"https:\/\/turijnmagazijn.nl\/fr\/shop\/"},{"@type":"ListItem","position":3,"name":"Poign\u00e9e de porte C\u00f4t\u00e9 copilote R Fiat Stilo 3 drs"}]},{"@type":"WebSite","@id":"https:\/\/turijnmagazijn.jumpstone-dev.nl\/#website","url":"https:\/\/turijnmagazijn.jumpstone-dev.nl\/","name":"Turijnmagazijn","description":"Onderdelen nieuw en gebruikt - Fiat &amp; Lancia","publisher":{"@id":"https:\/\/turijnmagazijn.jumpstone-dev.nl\/#organization"},"potentialAction":[{"@type":"SearchAction","target":{"@type":"EntryPoint","urlTemplate":"https:\/\/turijnmagazijn.jumpstone-dev.nl\/?s={search_term_string}"},"query-input":{"@type":"PropertyValueSpecification","valueRequired":true,"valueName":"search_term_string"}}],"inLanguage":"fr-FR"},{"@type":"Organization","@id":"https:\/\/turijnmagazijn.jumpstone-dev.nl\/#organization","name":"Turijnmagazijn","url":"https:\/\/turijnmagazijn.jumpstone-dev.nl\/","logo":{"@type":"ImageObject","inLanguage":"fr-FR","@id":"https:\/\/turijnmagazijn.jumpstone-dev.nl\/#\/schema\/logo\/image\/","url":"https:\/\/turijnmagazijn.nl\/wp-content\/uploads\/2021\/02\/turijnmagazijnlogo.png","contentUrl":"https:\/\/turijnmagazijn.nl\/wp-content\/uploads\/2021\/02\/turijnmagazijnlogo.png","width":555,"height":270,"caption":"Turijnmagazijn"},"image":{"@id":"https:\/\/turijnmagazijn.jumpstone-dev.nl\/#\/schema\/logo\/image\/"},"sameAs":["https:\/\/www.facebook.com\/turijnmagazijn"]}]}},"_links":{"self":[{"href":"https:\/\/turijnmagazijn.nl\/fr\/wp-json\/wp\/v2\/product\/63713","targetHints":{"allow":["GET"]}}],"collection":[{"href":"https:\/\/turijnmagazijn.nl\/fr\/wp-json\/wp\/v2\/product"}],"about":[{"href":"https:\/\/turijnmagazijn.nl\/fr\/wp-json\/wp\/v2\/types\/product"}],"replies":[{"embeddable":true,"href":"https:\/\/turijnmagazijn.nl\/fr\/wp-json\/wp\/v2\/comments?post=63713"}],"wp:featuredmedia":[{"embeddable":true,"href":"https:\/\/turijnmagazijn.nl\/fr\/wp-json\/wp\/v2\/media\/41556"}],"wp:attachment":[{"href":"https:\/\/turijnmagazijn.nl\/fr\/wp-json\/wp\/v2\/media?parent=63713"}],"wp:term":[{"taxonomy":"product_brand","embeddable":true,"href":"https:\/\/turijnmagazijn.nl\/fr\/wp-json\/wp\/v2\/product_brand?post=63713"},{"taxonomy":"product_cat","embeddable":true,"href":"https:\/\/turijnmagazijn.nl\/fr\/wp-json\/wp\/v2\/product_cat?post=63713"},{"taxonomy":"product_tag","embeddable":true,"href":"https:\/\/turijnmagazijn.nl\/fr\/wp-json\/wp\/v2\/product_tag?post=63713"}],"curies":[{"name":"wp","href":"https:\/\/api.w.org\/{rel}","templated":true}]}}