{"id":63798,"date":"2023-03-03T09:15:03","date_gmt":"2023-03-03T08:15:03","guid":{"rendered":"https:\/\/turijnmagazijn.nl\/product\/miroir-verre-gauche-chauffant-lancia-kappa-delta-ii-theme-i\/"},"modified":"2025-04-17T17:08:04","modified_gmt":"2025-04-17T15:08:04","slug":"miroir-verre-gauche-chauffe-lancia-kappa-delta-ii-thema-i","status":"publish","type":"product","link":"https:\/\/turijnmagazijn.nl\/fr\/produit\/miroir-verre-gauche-chauffe-lancia-kappa-delta-ii-thema-i\/","title":{"rendered":"Miroir Verre Gauche Chauffant Lancia Kappa Delta II Th\u00e8me I"},"content":{"rendered":"<p style=\"margin: 0cm 0cm 6.4pt; line-height: 13.5pt; background-image: initial; background-attachment: initial; background-size: initial; background-origin: initial; background-clip: initial; background-position: initial; background-repeat: initial;\"><span style=\"font-size: 9pt; font-family: Arial, sans-serif;\">Verre miroir chauffant<\/span><span class=\"apple-converted-space\" style=\"font-weight: bold;\"><span style=\"font-size: 9pt; font-family: Arial, sans-serif;\"> <\/span><\/p>\n<p><\/span> <span style=\"font-size: 9pt; font-family: Arial, sans-serif;\">pour montage dans le r\u00e9troviseur<br \/>\next\u00e9rieur sur le c\u00f4t\u00e9 gauche de la voiture, c\u00f4t\u00e9 conducteur.<\/span><\/p>\n<p style=\"margin: 0cm 0cm 6.4pt; line-height: 13.5pt; background-image: initial; background-attachment: initial; background-size: initial; background-origin: initial; background-clip: initial; background-position: initial; background-repeat: initial;\"><span style=\"font-size: 9pt; font-family: Arial, sans-serif;\">Le verre miroir est utilis\u00e9 et provient d\u2019une berline Lancia Kappa. Ce type<br \/>\nmirror a \u00e9galement \u00e9t\u00e9 appliqu\u00e9 \u00e0 Lancia Theme et Lancia Delta II. Le miroir clique<br \/>\nfix\u00e9 dans le bo\u00eetier et peut \u00eatre utilis\u00e9 sur tous les mod\u00e8les. Convient \u00e9galement aux voitures avec<br \/>\nr\u00e9troviseurs chauffants des deux c\u00f4t\u00e9s, car le Kappa Coup\u00e9 fonctionne \u00e9videmment en<br \/>\nDans ce cas, le chauffage n\u2019est plus devant le miroir.<\/span><\/p>\n<p style=\"margin: 0cm 0cm 6.4pt; background-image: initial; background-attachment: initial; background-size: initial; background-origin: initial; background-clip: initial; background-position: initial; background-repeat: initial;\"><span style=\"line-height: 13.5pt; font-size: 9pt; font-family: Arial, sans-serif;\">Le miroir est l\u00e9g\u00e8rement alt\u00e9r\u00e9, en particulier dans le coin sup\u00e9rieur gauche o\u00f9 un miroir d\u2019angle mort \u00e9tait autrefois mont\u00e9.<\/span><\/p>\n<p style=\"margin: 0cm 0cm 6.4pt; background-image: initial; background-attachment: initial; background-size: initial; background-origin: initial; background-clip: initial; background-position: initial; background-repeat: initial;\"><span style=\"line-height: 13.5pt; font-size: 9pt; font-family: Arial, sans-serif;\">OEM Lancia 5895395 <\/span><span style=\"text-align: -webkit-right;\"><\/span><\/p>\n<p class=\"MsoNormal\">\n","protected":false},"excerpt":{"rendered":"<p><span style=\"text-align: -webkit-right;\">5895395 <\/span>Verre miroir Gauche chauffant Lancia Kappa Delta II Th\u00e8me I &#8211; Verre miroir chauffant pour montage dans le r\u00e9troviseur ext\u00e9rieur sur le c\u00f4t\u00e9 gauche de la voiture, c\u00f4t\u00e9 conducteur.<\/p>\n","protected":false},"featured_media":77879,"comment_status":"closed","ping_status":"closed","template":"","meta":{"_acf_changed":false},"product_brand":[],"product_cat":[1865,1841,1860,1798,1870,1896],"product_tag":[],"class_list":{"0":"post-63798","1":"product","2":"type-product","3":"status-publish","4":"has-post-thumbnail","6":"product_cat-coupe-fr","7":"product_cat-delta-2-836-fr","8":"product_cat-kappa-838-fr","9":"product_cat-lancia-fr","10":"product_cat-sw-fr","11":"product_cat-thema-834-fr","12":"pa_soort-onderdeel-miroirs","14":"first","15":"instock","16":"shipping-taxable","17":"purchasable","18":"product-type-simple"},"acf":[],"yoast_head":"<!-- This site is optimized with the Yoast SEO plugin v27.2 - https:\/\/yoast.com\/product\/yoast-seo-wordpress\/ -->\n<title>Miroir Verre Gauche Chauffant Lancia Kappa Delta II Th\u00e8me I - Turijnmagazijn<\/title>\n<meta name=\"robots\" content=\"index, follow, max-snippet:-1, max-image-preview:large, max-video-preview:-1\" \/>\n<link rel=\"canonical\" href=\"https:\/\/turijnmagazijn.nl\/fr\/produit\/miroir-verre-gauche-chauffe-lancia-kappa-delta-ii-thema-i\/\" \/>\n<meta property=\"og:locale\" content=\"fr_FR\" \/>\n<meta property=\"og:type\" content=\"article\" \/>\n<meta property=\"og:title\" content=\"Miroir Verre Gauche Chauffant Lancia Kappa Delta II Th\u00e8me I - Turijnmagazijn\" \/>\n<meta property=\"og:description\" content=\"5895395 Verre miroir Gauche chauffant Lancia Kappa Delta II Th\u00e8me I - Verre miroir chauffant pour montage dans le r\u00e9troviseur ext\u00e9rieur sur le c\u00f4t\u00e9 gauche de la voiture, c\u00f4t\u00e9 conducteur.\" \/>\n<meta property=\"og:url\" content=\"https:\/\/turijnmagazijn.nl\/fr\/produit\/miroir-verre-gauche-chauffe-lancia-kappa-delta-ii-thema-i\/\" \/>\n<meta property=\"og:site_name\" content=\"Turijnmagazijn\" \/>\n<meta property=\"article:publisher\" content=\"https:\/\/www.facebook.com\/turijnmagazijn\" \/>\n<meta property=\"article:modified_time\" content=\"2025-04-17T15:08:04+00:00\" \/>\n<meta property=\"og:image\" content=\"https:\/\/turijnmagazijn.nl\/wp-content\/uploads\/2023\/03\/DK0101688-Spiegelglas-Links-verwarmd-Lancia-Kappa-Delta-II-Thema-I-5895395.png\" \/>\n\t<meta property=\"og:image:width\" content=\"1157\" \/>\n\t<meta property=\"og:image:height\" content=\"867\" \/>\n\t<meta property=\"og:image:type\" content=\"image\/png\" \/>\n<meta name=\"twitter:card\" content=\"summary_large_image\" \/>\n<meta name=\"twitter:label1\" content=\"Dur\u00e9e de lecture estim\u00e9e\" \/>\n\t<meta name=\"twitter:data1\" content=\"1 minute\" \/>\n<script type=\"application\/ld+json\" class=\"yoast-schema-graph\">{\"@context\":\"https:\/\/schema.org\",\"@graph\":[{\"@type\":\"WebPage\",\"@id\":\"https:\/\/turijnmagazijn.nl\/fr\/produit\/miroir-verre-gauche-chauffe-lancia-kappa-delta-ii-thema-i\/\",\"url\":\"https:\/\/turijnmagazijn.nl\/fr\/produit\/miroir-verre-gauche-chauffe-lancia-kappa-delta-ii-thema-i\/\",\"name\":\"Miroir Verre Gauche Chauffant Lancia Kappa Delta II Th\u00e8me I - Turijnmagazijn\",\"isPartOf\":{\"@id\":\"https:\/\/turijnmagazijn.jumpstone-dev.nl\/#website\"},\"primaryImageOfPage\":{\"@id\":\"https:\/\/turijnmagazijn.nl\/fr\/produit\/miroir-verre-gauche-chauffe-lancia-kappa-delta-ii-thema-i\/#primaryimage\"},\"image\":{\"@id\":\"https:\/\/turijnmagazijn.nl\/fr\/produit\/miroir-verre-gauche-chauffe-lancia-kappa-delta-ii-thema-i\/#primaryimage\"},\"thumbnailUrl\":\"https:\/\/turijnmagazijn.nl\/wp-content\/uploads\/2023\/03\/DK0101688-Spiegelglas-Links-verwarmd-Lancia-Kappa-Delta-II-Thema-I-5895395.png\",\"datePublished\":\"2023-03-03T08:15:03+00:00\",\"dateModified\":\"2025-04-17T15:08:04+00:00\",\"breadcrumb\":{\"@id\":\"https:\/\/turijnmagazijn.nl\/fr\/produit\/miroir-verre-gauche-chauffe-lancia-kappa-delta-ii-thema-i\/#breadcrumb\"},\"inLanguage\":\"fr-FR\",\"potentialAction\":[{\"@type\":\"ReadAction\",\"target\":[\"https:\/\/turijnmagazijn.nl\/fr\/produit\/miroir-verre-gauche-chauffe-lancia-kappa-delta-ii-thema-i\/\"]}]},{\"@type\":\"ImageObject\",\"inLanguage\":\"fr-FR\",\"@id\":\"https:\/\/turijnmagazijn.nl\/fr\/produit\/miroir-verre-gauche-chauffe-lancia-kappa-delta-ii-thema-i\/#primaryimage\",\"url\":\"https:\/\/turijnmagazijn.nl\/wp-content\/uploads\/2023\/03\/DK0101688-Spiegelglas-Links-verwarmd-Lancia-Kappa-Delta-II-Thema-I-5895395.png\",\"contentUrl\":\"https:\/\/turijnmagazijn.nl\/wp-content\/uploads\/2023\/03\/DK0101688-Spiegelglas-Links-verwarmd-Lancia-Kappa-Delta-II-Thema-I-5895395.png\",\"width\":1157,\"height\":867},{\"@type\":\"BreadcrumbList\",\"@id\":\"https:\/\/turijnmagazijn.nl\/fr\/produit\/miroir-verre-gauche-chauffe-lancia-kappa-delta-ii-thema-i\/#breadcrumb\",\"itemListElement\":[{\"@type\":\"ListItem\",\"position\":1,\"name\":\"Home\",\"item\":\"https:\/\/turijnmagazijn.nl\/fr\/\"},{\"@type\":\"ListItem\",\"position\":2,\"name\":\"Produits\",\"item\":\"https:\/\/turijnmagazijn.nl\/fr\/shop\/\"},{\"@type\":\"ListItem\",\"position\":3,\"name\":\"Miroir Verre Gauche Chauffant Lancia Kappa Delta II Th\u00e8me I\"}]},{\"@type\":\"WebSite\",\"@id\":\"https:\/\/turijnmagazijn.jumpstone-dev.nl\/#website\",\"url\":\"https:\/\/turijnmagazijn.jumpstone-dev.nl\/\",\"name\":\"Turijnmagazijn\",\"description\":\"Onderdelen nieuw en gebruikt - Fiat &amp; Lancia\",\"publisher\":{\"@id\":\"https:\/\/turijnmagazijn.jumpstone-dev.nl\/#organization\"},\"potentialAction\":[{\"@type\":\"SearchAction\",\"target\":{\"@type\":\"EntryPoint\",\"urlTemplate\":\"https:\/\/turijnmagazijn.jumpstone-dev.nl\/?s={search_term_string}\"},\"query-input\":{\"@type\":\"PropertyValueSpecification\",\"valueRequired\":true,\"valueName\":\"search_term_string\"}}],\"inLanguage\":\"fr-FR\"},{\"@type\":\"Organization\",\"@id\":\"https:\/\/turijnmagazijn.jumpstone-dev.nl\/#organization\",\"name\":\"Turijnmagazijn\",\"url\":\"https:\/\/turijnmagazijn.jumpstone-dev.nl\/\",\"logo\":{\"@type\":\"ImageObject\",\"inLanguage\":\"fr-FR\",\"@id\":\"https:\/\/turijnmagazijn.jumpstone-dev.nl\/#\/schema\/logo\/image\/\",\"url\":\"https:\/\/turijnmagazijn.nl\/wp-content\/uploads\/2021\/02\/turijnmagazijnlogo.png\",\"contentUrl\":\"https:\/\/turijnmagazijn.nl\/wp-content\/uploads\/2021\/02\/turijnmagazijnlogo.png\",\"width\":555,\"height\":270,\"caption\":\"Turijnmagazijn\"},\"image\":{\"@id\":\"https:\/\/turijnmagazijn.jumpstone-dev.nl\/#\/schema\/logo\/image\/\"},\"sameAs\":[\"https:\/\/www.facebook.com\/turijnmagazijn\"]}]}<\/script>\n<!-- \/ Yoast SEO plugin. -->","yoast_head_json":{"title":"Miroir Verre Gauche Chauffant Lancia Kappa Delta II Th\u00e8me I - Turijnmagazijn","robots":{"index":"index","follow":"follow","max-snippet":"max-snippet:-1","max-image-preview":"max-image-preview:large","max-video-preview":"max-video-preview:-1"},"canonical":"https:\/\/turijnmagazijn.nl\/fr\/produit\/miroir-verre-gauche-chauffe-lancia-kappa-delta-ii-thema-i\/","og_locale":"fr_FR","og_type":"article","og_title":"Miroir Verre Gauche Chauffant Lancia Kappa Delta II Th\u00e8me I - Turijnmagazijn","og_description":"5895395 Verre miroir Gauche chauffant Lancia Kappa Delta II Th\u00e8me I - Verre miroir chauffant pour montage dans le r\u00e9troviseur ext\u00e9rieur sur le c\u00f4t\u00e9 gauche de la voiture, c\u00f4t\u00e9 conducteur.","og_url":"https:\/\/turijnmagazijn.nl\/fr\/produit\/miroir-verre-gauche-chauffe-lancia-kappa-delta-ii-thema-i\/","og_site_name":"Turijnmagazijn","article_publisher":"https:\/\/www.facebook.com\/turijnmagazijn","article_modified_time":"2025-04-17T15:08:04+00:00","og_image":[{"width":1157,"height":867,"url":"https:\/\/turijnmagazijn.nl\/wp-content\/uploads\/2023\/03\/DK0101688-Spiegelglas-Links-verwarmd-Lancia-Kappa-Delta-II-Thema-I-5895395.png","type":"image\/png"}],"twitter_card":"summary_large_image","twitter_misc":{"Dur\u00e9e de lecture estim\u00e9e":"1 minute"},"schema":{"@context":"https:\/\/schema.org","@graph":[{"@type":"WebPage","@id":"https:\/\/turijnmagazijn.nl\/fr\/produit\/miroir-verre-gauche-chauffe-lancia-kappa-delta-ii-thema-i\/","url":"https:\/\/turijnmagazijn.nl\/fr\/produit\/miroir-verre-gauche-chauffe-lancia-kappa-delta-ii-thema-i\/","name":"Miroir Verre Gauche Chauffant Lancia Kappa Delta II Th\u00e8me I - Turijnmagazijn","isPartOf":{"@id":"https:\/\/turijnmagazijn.jumpstone-dev.nl\/#website"},"primaryImageOfPage":{"@id":"https:\/\/turijnmagazijn.nl\/fr\/produit\/miroir-verre-gauche-chauffe-lancia-kappa-delta-ii-thema-i\/#primaryimage"},"image":{"@id":"https:\/\/turijnmagazijn.nl\/fr\/produit\/miroir-verre-gauche-chauffe-lancia-kappa-delta-ii-thema-i\/#primaryimage"},"thumbnailUrl":"https:\/\/turijnmagazijn.nl\/wp-content\/uploads\/2023\/03\/DK0101688-Spiegelglas-Links-verwarmd-Lancia-Kappa-Delta-II-Thema-I-5895395.png","datePublished":"2023-03-03T08:15:03+00:00","dateModified":"2025-04-17T15:08:04+00:00","breadcrumb":{"@id":"https:\/\/turijnmagazijn.nl\/fr\/produit\/miroir-verre-gauche-chauffe-lancia-kappa-delta-ii-thema-i\/#breadcrumb"},"inLanguage":"fr-FR","potentialAction":[{"@type":"ReadAction","target":["https:\/\/turijnmagazijn.nl\/fr\/produit\/miroir-verre-gauche-chauffe-lancia-kappa-delta-ii-thema-i\/"]}]},{"@type":"ImageObject","inLanguage":"fr-FR","@id":"https:\/\/turijnmagazijn.nl\/fr\/produit\/miroir-verre-gauche-chauffe-lancia-kappa-delta-ii-thema-i\/#primaryimage","url":"https:\/\/turijnmagazijn.nl\/wp-content\/uploads\/2023\/03\/DK0101688-Spiegelglas-Links-verwarmd-Lancia-Kappa-Delta-II-Thema-I-5895395.png","contentUrl":"https:\/\/turijnmagazijn.nl\/wp-content\/uploads\/2023\/03\/DK0101688-Spiegelglas-Links-verwarmd-Lancia-Kappa-Delta-II-Thema-I-5895395.png","width":1157,"height":867},{"@type":"BreadcrumbList","@id":"https:\/\/turijnmagazijn.nl\/fr\/produit\/miroir-verre-gauche-chauffe-lancia-kappa-delta-ii-thema-i\/#breadcrumb","itemListElement":[{"@type":"ListItem","position":1,"name":"Home","item":"https:\/\/turijnmagazijn.nl\/fr\/"},{"@type":"ListItem","position":2,"name":"Produits","item":"https:\/\/turijnmagazijn.nl\/fr\/shop\/"},{"@type":"ListItem","position":3,"name":"Miroir Verre Gauche Chauffant Lancia Kappa Delta II Th\u00e8me I"}]},{"@type":"WebSite","@id":"https:\/\/turijnmagazijn.jumpstone-dev.nl\/#website","url":"https:\/\/turijnmagazijn.jumpstone-dev.nl\/","name":"Turijnmagazijn","description":"Onderdelen nieuw en gebruikt - Fiat &amp; Lancia","publisher":{"@id":"https:\/\/turijnmagazijn.jumpstone-dev.nl\/#organization"},"potentialAction":[{"@type":"SearchAction","target":{"@type":"EntryPoint","urlTemplate":"https:\/\/turijnmagazijn.jumpstone-dev.nl\/?s={search_term_string}"},"query-input":{"@type":"PropertyValueSpecification","valueRequired":true,"valueName":"search_term_string"}}],"inLanguage":"fr-FR"},{"@type":"Organization","@id":"https:\/\/turijnmagazijn.jumpstone-dev.nl\/#organization","name":"Turijnmagazijn","url":"https:\/\/turijnmagazijn.jumpstone-dev.nl\/","logo":{"@type":"ImageObject","inLanguage":"fr-FR","@id":"https:\/\/turijnmagazijn.jumpstone-dev.nl\/#\/schema\/logo\/image\/","url":"https:\/\/turijnmagazijn.nl\/wp-content\/uploads\/2021\/02\/turijnmagazijnlogo.png","contentUrl":"https:\/\/turijnmagazijn.nl\/wp-content\/uploads\/2021\/02\/turijnmagazijnlogo.png","width":555,"height":270,"caption":"Turijnmagazijn"},"image":{"@id":"https:\/\/turijnmagazijn.jumpstone-dev.nl\/#\/schema\/logo\/image\/"},"sameAs":["https:\/\/www.facebook.com\/turijnmagazijn"]}]}},"_links":{"self":[{"href":"https:\/\/turijnmagazijn.nl\/fr\/wp-json\/wp\/v2\/product\/63798","targetHints":{"allow":["GET"]}}],"collection":[{"href":"https:\/\/turijnmagazijn.nl\/fr\/wp-json\/wp\/v2\/product"}],"about":[{"href":"https:\/\/turijnmagazijn.nl\/fr\/wp-json\/wp\/v2\/types\/product"}],"replies":[{"embeddable":true,"href":"https:\/\/turijnmagazijn.nl\/fr\/wp-json\/wp\/v2\/comments?post=63798"}],"wp:featuredmedia":[{"embeddable":true,"href":"https:\/\/turijnmagazijn.nl\/fr\/wp-json\/wp\/v2\/media\/77879"}],"wp:attachment":[{"href":"https:\/\/turijnmagazijn.nl\/fr\/wp-json\/wp\/v2\/media?parent=63798"}],"wp:term":[{"taxonomy":"product_brand","embeddable":true,"href":"https:\/\/turijnmagazijn.nl\/fr\/wp-json\/wp\/v2\/product_brand?post=63798"},{"taxonomy":"product_cat","embeddable":true,"href":"https:\/\/turijnmagazijn.nl\/fr\/wp-json\/wp\/v2\/product_cat?post=63798"},{"taxonomy":"product_tag","embeddable":true,"href":"https:\/\/turijnmagazijn.nl\/fr\/wp-json\/wp\/v2\/product_tag?post=63798"}],"curies":[{"name":"wp","href":"https:\/\/api.w.org\/{rel}","templated":true}]}}