{"id":63819,"date":"2023-03-03T09:15:03","date_gmt":"2023-03-03T08:15:03","guid":{"rendered":"https:\/\/turijnmagazijn.nl\/product\/plaque-de-couverture-oeil-trainant-pare-chocs-arriere-lancia-kappa-bleu\/"},"modified":"2025-04-18T14:47:39","modified_gmt":"2025-04-18T12:47:39","slug":"couverture-remorquage-oeil-pare-chocs-arriere-lancia-kappa-bleu","status":"publish","type":"product","link":"https:\/\/turijnmagazijn.nl\/fr\/produit\/couverture-remorquage-oeil-pare-chocs-arriere-lancia-kappa-bleu\/","title":{"rendered":"Plaque de couverture \u0153il tra\u00eenant pare-chocs arri\u00e8re Lancia Kappa bleu"},"content":{"rendered":"<p><a href=\"https:\/\/turijnmagazijn.nl\/fr\/expedition-par-boite-aux-lettres\/\" target=\"\" style=\"background-color: rgb(255, 255, 255); color: rgb(35, 82, 124); outline: 0px;\" rel=\"noopener\"><img decoding=\"async\" src=\"https:\/\/www.delenkorf.nl\/image\/catalog\/brievenbus.png\"><\/a><\/p>\n<p>Plaque de recouvrement pour point de montage oeil de remorquage dans le pare-chocs arri\u00e8re pour Lancia Kappa dans la couleur de la carrosserie Blu Lancia. La plaque de recouvrement est en bon \u00e9tat et est \u00e9quip\u00e9e de toutes les languettes et de la ficelle en plastique d\u2019origine avec laquelle le bouchon reste avec le pare-chocs pendant l\u2019utilisation. Le ressort de serrage est assez rouill\u00e9, mais parfaitement utilisable et invisible lorsqu\u2019il est mont\u00e9 dans le pare-chocs.<\/p>\n<p>OEM Lancia&nbsp;177271399<\/p>\n","protected":false},"excerpt":{"rendered":"<p>Plaque de couverture \u0153il arri\u00e8re arri\u00e8re pare-chocs Lancia Kappa bleu &#8211; Plaque de recouvrement pour point de montage oeil de remorquage dans le pare-chocs arri\u00e8re pour Lancia Kappa dans la couleur de la carrosserie Blu Lancia.<\/p>\n","protected":false},"featured_media":42216,"comment_status":"open","ping_status":"closed","template":"","meta":{"_acf_changed":false},"product_brand":[],"product_cat":[1862,1865,1860,1798,1870],"product_tag":[],"class_list":{"0":"post-63819","1":"product","2":"type-product","3":"status-publish","4":"has-post-thumbnail","6":"product_cat-berlina-fr","7":"product_cat-coupe-fr","8":"product_cat-kappa-838-fr","9":"product_cat-lancia-fr","10":"product_cat-sw-fr","11":"pa_soort-onderdeel-carrosserie-et-tolerie","13":"first","14":"instock","15":"shipping-taxable","16":"purchasable","17":"product-type-simple"},"acf":[],"yoast_head":"<!-- This site is optimized with the Yoast SEO plugin v27.2 - https:\/\/yoast.com\/product\/yoast-seo-wordpress\/ -->\n<title>Plaque de couverture \u0153il tra\u00eenant pare-chocs arri\u00e8re Lancia Kappa bleu - Turijnmagazijn<\/title>\n<meta name=\"robots\" content=\"index, follow, max-snippet:-1, max-image-preview:large, max-video-preview:-1\" \/>\n<link rel=\"canonical\" href=\"https:\/\/turijnmagazijn.nl\/fr\/produit\/couverture-remorquage-oeil-pare-chocs-arriere-lancia-kappa-bleu\/\" \/>\n<meta property=\"og:locale\" content=\"fr_FR\" \/>\n<meta property=\"og:type\" content=\"article\" \/>\n<meta property=\"og:title\" content=\"Plaque de couverture \u0153il tra\u00eenant pare-chocs arri\u00e8re Lancia Kappa bleu - Turijnmagazijn\" \/>\n<meta property=\"og:description\" content=\"Plaque de couverture \u0153il arri\u00e8re arri\u00e8re pare-chocs Lancia Kappa bleu - Plaque de recouvrement pour point de montage oeil de remorquage dans le pare-chocs arri\u00e8re pour Lancia Kappa dans la couleur de la carrosserie Blu Lancia.\" \/>\n<meta property=\"og:url\" content=\"https:\/\/turijnmagazijn.nl\/fr\/produit\/couverture-remorquage-oeil-pare-chocs-arriere-lancia-kappa-bleu\/\" \/>\n<meta property=\"og:site_name\" content=\"Turijnmagazijn\" \/>\n<meta property=\"article:publisher\" content=\"https:\/\/www.facebook.com\/turijnmagazijn\" \/>\n<meta property=\"article:modified_time\" content=\"2025-04-18T12:47:39+00:00\" \/>\n<meta property=\"og:image\" content=\"https:\/\/turijnmagazijn.nl\/wp-content\/uploads\/2023\/03\/DK00101704_Afdekplaatje_sleepoog_achterbumper_Lancia_Kappa_blauw_3-1.jpg\" \/>\n\t<meta property=\"og:image:width\" content=\"800\" \/>\n\t<meta property=\"og:image:height\" content=\"600\" \/>\n\t<meta property=\"og:image:type\" content=\"image\/jpeg\" \/>\n<meta name=\"twitter:card\" content=\"summary_large_image\" \/>\n<script type=\"application\/ld+json\" class=\"yoast-schema-graph\">{\"@context\":\"https:\/\/schema.org\",\"@graph\":[{\"@type\":\"WebPage\",\"@id\":\"https:\/\/turijnmagazijn.nl\/fr\/produit\/couverture-remorquage-oeil-pare-chocs-arriere-lancia-kappa-bleu\/\",\"url\":\"https:\/\/turijnmagazijn.nl\/fr\/produit\/couverture-remorquage-oeil-pare-chocs-arriere-lancia-kappa-bleu\/\",\"name\":\"Plaque de couverture \u0153il tra\u00eenant pare-chocs arri\u00e8re Lancia Kappa bleu - Turijnmagazijn\",\"isPartOf\":{\"@id\":\"https:\/\/turijnmagazijn.jumpstone-dev.nl\/#website\"},\"primaryImageOfPage\":{\"@id\":\"https:\/\/turijnmagazijn.nl\/fr\/produit\/couverture-remorquage-oeil-pare-chocs-arriere-lancia-kappa-bleu\/#primaryimage\"},\"image\":{\"@id\":\"https:\/\/turijnmagazijn.nl\/fr\/produit\/couverture-remorquage-oeil-pare-chocs-arriere-lancia-kappa-bleu\/#primaryimage\"},\"thumbnailUrl\":\"https:\/\/turijnmagazijn.nl\/wp-content\/uploads\/2023\/03\/DK00101704_Afdekplaatje_sleepoog_achterbumper_Lancia_Kappa_blauw_3-1.jpg\",\"datePublished\":\"2023-03-03T08:15:03+00:00\",\"dateModified\":\"2025-04-18T12:47:39+00:00\",\"breadcrumb\":{\"@id\":\"https:\/\/turijnmagazijn.nl\/fr\/produit\/couverture-remorquage-oeil-pare-chocs-arriere-lancia-kappa-bleu\/#breadcrumb\"},\"inLanguage\":\"fr-FR\",\"potentialAction\":[{\"@type\":\"ReadAction\",\"target\":[\"https:\/\/turijnmagazijn.nl\/fr\/produit\/couverture-remorquage-oeil-pare-chocs-arriere-lancia-kappa-bleu\/\"]}]},{\"@type\":\"ImageObject\",\"inLanguage\":\"fr-FR\",\"@id\":\"https:\/\/turijnmagazijn.nl\/fr\/produit\/couverture-remorquage-oeil-pare-chocs-arriere-lancia-kappa-bleu\/#primaryimage\",\"url\":\"https:\/\/turijnmagazijn.nl\/wp-content\/uploads\/2023\/03\/DK00101704_Afdekplaatje_sleepoog_achterbumper_Lancia_Kappa_blauw_3-1.jpg\",\"contentUrl\":\"https:\/\/turijnmagazijn.nl\/wp-content\/uploads\/2023\/03\/DK00101704_Afdekplaatje_sleepoog_achterbumper_Lancia_Kappa_blauw_3-1.jpg\",\"width\":800,\"height\":600},{\"@type\":\"BreadcrumbList\",\"@id\":\"https:\/\/turijnmagazijn.nl\/fr\/produit\/couverture-remorquage-oeil-pare-chocs-arriere-lancia-kappa-bleu\/#breadcrumb\",\"itemListElement\":[{\"@type\":\"ListItem\",\"position\":1,\"name\":\"Home\",\"item\":\"https:\/\/turijnmagazijn.jumpstone-dev.nl\/\"},{\"@type\":\"ListItem\",\"position\":2,\"name\":\"Produits\",\"item\":\"https:\/\/turijnmagazijn.nl\/fr\/shop\/\"},{\"@type\":\"ListItem\",\"position\":3,\"name\":\"Plaque de couverture \u0153il tra\u00eenant pare-chocs arri\u00e8re Lancia Kappa bleu\"}]},{\"@type\":\"WebSite\",\"@id\":\"https:\/\/turijnmagazijn.jumpstone-dev.nl\/#website\",\"url\":\"https:\/\/turijnmagazijn.jumpstone-dev.nl\/\",\"name\":\"Turijnmagazijn\",\"description\":\"Onderdelen nieuw en gebruikt - Fiat &amp; Lancia\",\"publisher\":{\"@id\":\"https:\/\/turijnmagazijn.jumpstone-dev.nl\/#organization\"},\"potentialAction\":[{\"@type\":\"SearchAction\",\"target\":{\"@type\":\"EntryPoint\",\"urlTemplate\":\"https:\/\/turijnmagazijn.jumpstone-dev.nl\/?s={search_term_string}\"},\"query-input\":{\"@type\":\"PropertyValueSpecification\",\"valueRequired\":true,\"valueName\":\"search_term_string\"}}],\"inLanguage\":\"fr-FR\"},{\"@type\":\"Organization\",\"@id\":\"https:\/\/turijnmagazijn.jumpstone-dev.nl\/#organization\",\"name\":\"Turijnmagazijn\",\"url\":\"https:\/\/turijnmagazijn.jumpstone-dev.nl\/\",\"logo\":{\"@type\":\"ImageObject\",\"inLanguage\":\"fr-FR\",\"@id\":\"https:\/\/turijnmagazijn.jumpstone-dev.nl\/#\/schema\/logo\/image\/\",\"url\":\"https:\/\/turijnmagazijn.nl\/wp-content\/uploads\/2021\/02\/turijnmagazijnlogo.png\",\"contentUrl\":\"https:\/\/turijnmagazijn.nl\/wp-content\/uploads\/2021\/02\/turijnmagazijnlogo.png\",\"width\":555,\"height\":270,\"caption\":\"Turijnmagazijn\"},\"image\":{\"@id\":\"https:\/\/turijnmagazijn.jumpstone-dev.nl\/#\/schema\/logo\/image\/\"},\"sameAs\":[\"https:\/\/www.facebook.com\/turijnmagazijn\"]}]}<\/script>\n<!-- \/ Yoast SEO plugin. -->","yoast_head_json":{"title":"Plaque de couverture \u0153il tra\u00eenant pare-chocs arri\u00e8re Lancia Kappa bleu - Turijnmagazijn","robots":{"index":"index","follow":"follow","max-snippet":"max-snippet:-1","max-image-preview":"max-image-preview:large","max-video-preview":"max-video-preview:-1"},"canonical":"https:\/\/turijnmagazijn.nl\/fr\/produit\/couverture-remorquage-oeil-pare-chocs-arriere-lancia-kappa-bleu\/","og_locale":"fr_FR","og_type":"article","og_title":"Plaque de couverture \u0153il tra\u00eenant pare-chocs arri\u00e8re Lancia Kappa bleu - Turijnmagazijn","og_description":"Plaque de couverture \u0153il arri\u00e8re arri\u00e8re pare-chocs Lancia Kappa bleu - Plaque de recouvrement pour point de montage oeil de remorquage dans le pare-chocs arri\u00e8re pour Lancia Kappa dans la couleur de la carrosserie Blu Lancia.","og_url":"https:\/\/turijnmagazijn.nl\/fr\/produit\/couverture-remorquage-oeil-pare-chocs-arriere-lancia-kappa-bleu\/","og_site_name":"Turijnmagazijn","article_publisher":"https:\/\/www.facebook.com\/turijnmagazijn","article_modified_time":"2025-04-18T12:47:39+00:00","og_image":[{"width":800,"height":600,"url":"https:\/\/turijnmagazijn.nl\/wp-content\/uploads\/2023\/03\/DK00101704_Afdekplaatje_sleepoog_achterbumper_Lancia_Kappa_blauw_3-1.jpg","type":"image\/jpeg"}],"twitter_card":"summary_large_image","schema":{"@context":"https:\/\/schema.org","@graph":[{"@type":"WebPage","@id":"https:\/\/turijnmagazijn.nl\/fr\/produit\/couverture-remorquage-oeil-pare-chocs-arriere-lancia-kappa-bleu\/","url":"https:\/\/turijnmagazijn.nl\/fr\/produit\/couverture-remorquage-oeil-pare-chocs-arriere-lancia-kappa-bleu\/","name":"Plaque de couverture \u0153il tra\u00eenant pare-chocs arri\u00e8re Lancia Kappa bleu - Turijnmagazijn","isPartOf":{"@id":"https:\/\/turijnmagazijn.jumpstone-dev.nl\/#website"},"primaryImageOfPage":{"@id":"https:\/\/turijnmagazijn.nl\/fr\/produit\/couverture-remorquage-oeil-pare-chocs-arriere-lancia-kappa-bleu\/#primaryimage"},"image":{"@id":"https:\/\/turijnmagazijn.nl\/fr\/produit\/couverture-remorquage-oeil-pare-chocs-arriere-lancia-kappa-bleu\/#primaryimage"},"thumbnailUrl":"https:\/\/turijnmagazijn.nl\/wp-content\/uploads\/2023\/03\/DK00101704_Afdekplaatje_sleepoog_achterbumper_Lancia_Kappa_blauw_3-1.jpg","datePublished":"2023-03-03T08:15:03+00:00","dateModified":"2025-04-18T12:47:39+00:00","breadcrumb":{"@id":"https:\/\/turijnmagazijn.nl\/fr\/produit\/couverture-remorquage-oeil-pare-chocs-arriere-lancia-kappa-bleu\/#breadcrumb"},"inLanguage":"fr-FR","potentialAction":[{"@type":"ReadAction","target":["https:\/\/turijnmagazijn.nl\/fr\/produit\/couverture-remorquage-oeil-pare-chocs-arriere-lancia-kappa-bleu\/"]}]},{"@type":"ImageObject","inLanguage":"fr-FR","@id":"https:\/\/turijnmagazijn.nl\/fr\/produit\/couverture-remorquage-oeil-pare-chocs-arriere-lancia-kappa-bleu\/#primaryimage","url":"https:\/\/turijnmagazijn.nl\/wp-content\/uploads\/2023\/03\/DK00101704_Afdekplaatje_sleepoog_achterbumper_Lancia_Kappa_blauw_3-1.jpg","contentUrl":"https:\/\/turijnmagazijn.nl\/wp-content\/uploads\/2023\/03\/DK00101704_Afdekplaatje_sleepoog_achterbumper_Lancia_Kappa_blauw_3-1.jpg","width":800,"height":600},{"@type":"BreadcrumbList","@id":"https:\/\/turijnmagazijn.nl\/fr\/produit\/couverture-remorquage-oeil-pare-chocs-arriere-lancia-kappa-bleu\/#breadcrumb","itemListElement":[{"@type":"ListItem","position":1,"name":"Home","item":"https:\/\/turijnmagazijn.jumpstone-dev.nl\/"},{"@type":"ListItem","position":2,"name":"Produits","item":"https:\/\/turijnmagazijn.nl\/fr\/shop\/"},{"@type":"ListItem","position":3,"name":"Plaque de couverture \u0153il tra\u00eenant pare-chocs arri\u00e8re Lancia Kappa bleu"}]},{"@type":"WebSite","@id":"https:\/\/turijnmagazijn.jumpstone-dev.nl\/#website","url":"https:\/\/turijnmagazijn.jumpstone-dev.nl\/","name":"Turijnmagazijn","description":"Onderdelen nieuw en gebruikt - Fiat &amp; Lancia","publisher":{"@id":"https:\/\/turijnmagazijn.jumpstone-dev.nl\/#organization"},"potentialAction":[{"@type":"SearchAction","target":{"@type":"EntryPoint","urlTemplate":"https:\/\/turijnmagazijn.jumpstone-dev.nl\/?s={search_term_string}"},"query-input":{"@type":"PropertyValueSpecification","valueRequired":true,"valueName":"search_term_string"}}],"inLanguage":"fr-FR"},{"@type":"Organization","@id":"https:\/\/turijnmagazijn.jumpstone-dev.nl\/#organization","name":"Turijnmagazijn","url":"https:\/\/turijnmagazijn.jumpstone-dev.nl\/","logo":{"@type":"ImageObject","inLanguage":"fr-FR","@id":"https:\/\/turijnmagazijn.jumpstone-dev.nl\/#\/schema\/logo\/image\/","url":"https:\/\/turijnmagazijn.nl\/wp-content\/uploads\/2021\/02\/turijnmagazijnlogo.png","contentUrl":"https:\/\/turijnmagazijn.nl\/wp-content\/uploads\/2021\/02\/turijnmagazijnlogo.png","width":555,"height":270,"caption":"Turijnmagazijn"},"image":{"@id":"https:\/\/turijnmagazijn.jumpstone-dev.nl\/#\/schema\/logo\/image\/"},"sameAs":["https:\/\/www.facebook.com\/turijnmagazijn"]}]}},"_links":{"self":[{"href":"https:\/\/turijnmagazijn.nl\/fr\/wp-json\/wp\/v2\/product\/63819","targetHints":{"allow":["GET"]}}],"collection":[{"href":"https:\/\/turijnmagazijn.nl\/fr\/wp-json\/wp\/v2\/product"}],"about":[{"href":"https:\/\/turijnmagazijn.nl\/fr\/wp-json\/wp\/v2\/types\/product"}],"replies":[{"embeddable":true,"href":"https:\/\/turijnmagazijn.nl\/fr\/wp-json\/wp\/v2\/comments?post=63819"}],"wp:featuredmedia":[{"embeddable":true,"href":"https:\/\/turijnmagazijn.nl\/fr\/wp-json\/wp\/v2\/media\/42216"}],"wp:attachment":[{"href":"https:\/\/turijnmagazijn.nl\/fr\/wp-json\/wp\/v2\/media?parent=63819"}],"wp:term":[{"taxonomy":"product_brand","embeddable":true,"href":"https:\/\/turijnmagazijn.nl\/fr\/wp-json\/wp\/v2\/product_brand?post=63819"},{"taxonomy":"product_cat","embeddable":true,"href":"https:\/\/turijnmagazijn.nl\/fr\/wp-json\/wp\/v2\/product_cat?post=63819"},{"taxonomy":"product_tag","embeddable":true,"href":"https:\/\/turijnmagazijn.nl\/fr\/wp-json\/wp\/v2\/product_tag?post=63819"}],"curies":[{"name":"wp","href":"https:\/\/api.w.org\/{rel}","templated":true}]}}