{"id":63836,"date":"2023-03-03T09:15:24","date_gmt":"2023-03-03T08:15:24","guid":{"rendered":"https:\/\/turijnmagazijn.nl\/product\/cable-de-bougie-dallumage-piece-droite-alfa-romeo-twin-spark-par-piece\/"},"modified":"2023-07-26T14:03:05","modified_gmt":"2023-07-26T12:03:05","slug":"bougie-dallumage-cable-partie-droite-alpha-romeo-twin-etincelle-par-piece","status":"publish","type":"product","link":"https:\/\/turijnmagazijn.nl\/fr\/produit\/bougie-dallumage-cable-partie-droite-alpha-romeo-twin-etincelle-par-piece\/","title":{"rendered":"C\u00e2ble de bougie d\u2019allumage pi\u00e8ce droite Alfa Romeo Twin Spark par pi\u00e8ce"},"content":{"rendered":"<p><a href=\"https:\/\/turijnmagazijn.nl\/fr\/expedition-par-boite-aux-lettres\/\" target=\"\" style=\"background-color: rgb(255, 255, 255); color: rgb(35, 82, 124); outline: 0px;\" rel=\"noopener\"><img decoding=\"async\" src=\"https:\/\/www.delenkorf.nl\/image\/catalog\/brievenbus.png\"><\/a><\/p>\n<p>C\u00e2ble de bougie d\u2019allumage pour les bougies d\u2019allumage profondes de tous les moteurs Twin Spark.  &nbsp;C\u00e2ble de bougie d\u2019allumage usag\u00e9 d\u2019une Alfa Romeo 147 avec moteur essence 1.6 Twin Spark de 2002, mais \u00e9galement applicable \u00e0 tous les autres moteurs CF2 et CF3 Twin Spark des Alfa Romeo 156, 147 et 166.<\/p>\n<p>Bosch 0 356 100 107<\/p>\n<p>OEM Alfa Romeo&nbsp;<span style=\"text-align: -webkit-right;\">71713719<\/span><\/p>\n","protected":false},"excerpt":{"rendered":"<p>C\u00e2ble de bougie d\u2019allumage partie droite Alfa Romeo Twin Spark &#8211; C\u00e2ble de bougie d\u2019allumage pour les bougies d\u2019allumage plac\u00e9es profond\u00e9ment pour tous les moteurs Twin Spark. C\u00e2ble de bougie d\u2019allumage partie droite Alfa Romeo Twin Spark par pi\u00e8ce &#8211; C\u00e2ble de bougie d\u2019allumage pour les bougies d\u2019allumage plac\u00e9es profond\u00e9ment pour tous les moteurs Twin Spark.<\/p>\n","protected":false},"featured_media":42232,"comment_status":"open","ping_status":"closed","template":"","meta":{"_acf_changed":false},"product_brand":[],"product_cat":[1606,1613,1650,1582],"product_tag":[],"class_list":{"0":"post-63836","1":"product","2":"type-product","3":"status-publish","4":"has-post-thumbnail","6":"product_cat-147-937-fr","7":"product_cat-156-932-fr","8":"product_cat-166-936-fr","9":"product_cat-alfa-romeo-fr","10":"pa_soort-onderdeel-moteur-et-accessoires","11":"pa_soort-onderdeel-systemes-de-carburant","13":"first","14":"instock","15":"shipping-taxable","16":"purchasable","17":"product-type-simple"},"acf":[],"yoast_head":"<!-- This site is optimized with the Yoast SEO plugin v27.3 - https:\/\/yoast.com\/product\/yoast-seo-wordpress\/ -->\n<title>C\u00e2ble de bougie d\u2019allumage pi\u00e8ce droite Alfa Romeo Twin Spark par pi\u00e8ce - Turijnmagazijn<\/title>\n<meta name=\"robots\" content=\"index, follow, max-snippet:-1, max-image-preview:large, max-video-preview:-1\" \/>\n<link rel=\"canonical\" href=\"https:\/\/turijnmagazijn.nl\/fr\/produit\/bougie-dallumage-cable-partie-droite-alpha-romeo-twin-etincelle-par-piece\/\" \/>\n<meta property=\"og:locale\" content=\"fr_FR\" \/>\n<meta property=\"og:type\" content=\"article\" \/>\n<meta property=\"og:title\" content=\"C\u00e2ble de bougie d\u2019allumage pi\u00e8ce droite Alfa Romeo Twin Spark par pi\u00e8ce - Turijnmagazijn\" \/>\n<meta property=\"og:description\" content=\"C\u00e2ble de bougie d\u2019allumage partie droite Alfa Romeo Twin Spark - C\u00e2ble de bougie d\u2019allumage pour les bougies d\u2019allumage plac\u00e9es profond\u00e9ment pour tous les moteurs Twin Spark. C\u00e2ble de bougie d\u2019allumage partie droite Alfa Romeo Twin Spark par pi\u00e8ce - C\u00e2ble de bougie d\u2019allumage pour les bougies d\u2019allumage plac\u00e9es profond\u00e9ment pour tous les moteurs Twin Spark.\" \/>\n<meta property=\"og:url\" content=\"https:\/\/turijnmagazijn.nl\/fr\/produit\/bougie-dallumage-cable-partie-droite-alpha-romeo-twin-etincelle-par-piece\/\" \/>\n<meta property=\"og:site_name\" content=\"Turijnmagazijn\" \/>\n<meta property=\"article:publisher\" content=\"https:\/\/www.facebook.com\/turijnmagazijn\" \/>\n<meta property=\"article:modified_time\" content=\"2023-07-26T12:03:05+00:00\" \/>\n<meta property=\"og:image\" content=\"https:\/\/turijnmagazijn.jumpstone-dev.nl\/wp-content\/uploads\/2023\/03\/DK00101708_4-1.jpg\" \/>\n\t<meta property=\"og:image:width\" content=\"800\" \/>\n\t<meta property=\"og:image:height\" content=\"600\" \/>\n\t<meta property=\"og:image:type\" content=\"image\/jpeg\" \/>\n<meta name=\"twitter:card\" content=\"summary_large_image\" \/>\n<script type=\"application\/ld+json\" class=\"yoast-schema-graph\">{\"@context\":\"https:\\\/\\\/schema.org\",\"@graph\":[{\"@type\":\"WebPage\",\"@id\":\"https:\\\/\\\/turijnmagazijn.nl\\\/fr\\\/produit\\\/bougie-dallumage-cable-partie-droite-alpha-romeo-twin-etincelle-par-piece\\\/\",\"url\":\"https:\\\/\\\/turijnmagazijn.nl\\\/fr\\\/produit\\\/bougie-dallumage-cable-partie-droite-alpha-romeo-twin-etincelle-par-piece\\\/\",\"name\":\"C\u00e2ble de bougie d\u2019allumage pi\u00e8ce droite Alfa Romeo Twin Spark par pi\u00e8ce - Turijnmagazijn\",\"isPartOf\":{\"@id\":\"https:\\\/\\\/turijnmagazijn.jumpstone-dev.nl\\\/#website\"},\"primaryImageOfPage\":{\"@id\":\"https:\\\/\\\/turijnmagazijn.nl\\\/fr\\\/produit\\\/bougie-dallumage-cable-partie-droite-alpha-romeo-twin-etincelle-par-piece\\\/#primaryimage\"},\"image\":{\"@id\":\"https:\\\/\\\/turijnmagazijn.nl\\\/fr\\\/produit\\\/bougie-dallumage-cable-partie-droite-alpha-romeo-twin-etincelle-par-piece\\\/#primaryimage\"},\"thumbnailUrl\":\"https:\\\/\\\/turijnmagazijn.nl\\\/wp-content\\\/uploads\\\/2023\\\/03\\\/DK00101708_4-1.jpg\",\"datePublished\":\"2023-03-03T08:15:24+00:00\",\"dateModified\":\"2023-07-26T12:03:05+00:00\",\"breadcrumb\":{\"@id\":\"https:\\\/\\\/turijnmagazijn.nl\\\/fr\\\/produit\\\/bougie-dallumage-cable-partie-droite-alpha-romeo-twin-etincelle-par-piece\\\/#breadcrumb\"},\"inLanguage\":\"fr-FR\",\"potentialAction\":[{\"@type\":\"ReadAction\",\"target\":[\"https:\\\/\\\/turijnmagazijn.nl\\\/fr\\\/produit\\\/bougie-dallumage-cable-partie-droite-alpha-romeo-twin-etincelle-par-piece\\\/\"]}]},{\"@type\":\"ImageObject\",\"inLanguage\":\"fr-FR\",\"@id\":\"https:\\\/\\\/turijnmagazijn.nl\\\/fr\\\/produit\\\/bougie-dallumage-cable-partie-droite-alpha-romeo-twin-etincelle-par-piece\\\/#primaryimage\",\"url\":\"https:\\\/\\\/turijnmagazijn.nl\\\/wp-content\\\/uploads\\\/2023\\\/03\\\/DK00101708_4-1.jpg\",\"contentUrl\":\"https:\\\/\\\/turijnmagazijn.nl\\\/wp-content\\\/uploads\\\/2023\\\/03\\\/DK00101708_4-1.jpg\",\"width\":800,\"height\":600},{\"@type\":\"BreadcrumbList\",\"@id\":\"https:\\\/\\\/turijnmagazijn.nl\\\/fr\\\/produit\\\/bougie-dallumage-cable-partie-droite-alpha-romeo-twin-etincelle-par-piece\\\/#breadcrumb\",\"itemListElement\":[{\"@type\":\"ListItem\",\"position\":1,\"name\":\"Home\",\"item\":\"https:\\\/\\\/turijnmagazijn.nl\\\/fr\\\/\"},{\"@type\":\"ListItem\",\"position\":2,\"name\":\"Produits\",\"item\":\"https:\\\/\\\/turijnmagazijn.nl\\\/fr\\\/shop\\\/\"},{\"@type\":\"ListItem\",\"position\":3,\"name\":\"C\u00e2ble de bougie d\u2019allumage pi\u00e8ce droite Alfa Romeo Twin Spark par pi\u00e8ce\"}]},{\"@type\":\"WebSite\",\"@id\":\"https:\\\/\\\/turijnmagazijn.jumpstone-dev.nl\\\/#website\",\"url\":\"https:\\\/\\\/turijnmagazijn.jumpstone-dev.nl\\\/\",\"name\":\"Turijnmagazijn\",\"description\":\"Onderdelen nieuw en gebruikt - Fiat &amp; Lancia\",\"publisher\":{\"@id\":\"https:\\\/\\\/turijnmagazijn.jumpstone-dev.nl\\\/#organization\"},\"potentialAction\":[{\"@type\":\"SearchAction\",\"target\":{\"@type\":\"EntryPoint\",\"urlTemplate\":\"https:\\\/\\\/turijnmagazijn.jumpstone-dev.nl\\\/?s={search_term_string}\"},\"query-input\":{\"@type\":\"PropertyValueSpecification\",\"valueRequired\":true,\"valueName\":\"search_term_string\"}}],\"inLanguage\":\"fr-FR\"},{\"@type\":\"Organization\",\"@id\":\"https:\\\/\\\/turijnmagazijn.jumpstone-dev.nl\\\/#organization\",\"name\":\"Turijnmagazijn\",\"url\":\"https:\\\/\\\/turijnmagazijn.jumpstone-dev.nl\\\/\",\"logo\":{\"@type\":\"ImageObject\",\"inLanguage\":\"fr-FR\",\"@id\":\"https:\\\/\\\/turijnmagazijn.jumpstone-dev.nl\\\/#\\\/schema\\\/logo\\\/image\\\/\",\"url\":\"https:\\\/\\\/turijnmagazijn.nl\\\/wp-content\\\/uploads\\\/2021\\\/02\\\/turijnmagazijnlogo.png\",\"contentUrl\":\"https:\\\/\\\/turijnmagazijn.nl\\\/wp-content\\\/uploads\\\/2021\\\/02\\\/turijnmagazijnlogo.png\",\"width\":555,\"height\":270,\"caption\":\"Turijnmagazijn\"},\"image\":{\"@id\":\"https:\\\/\\\/turijnmagazijn.jumpstone-dev.nl\\\/#\\\/schema\\\/logo\\\/image\\\/\"},\"sameAs\":[\"https:\\\/\\\/www.facebook.com\\\/turijnmagazijn\"]}]}<\/script>\n<!-- \/ Yoast SEO plugin. -->","yoast_head_json":{"title":"C\u00e2ble de bougie d\u2019allumage pi\u00e8ce droite Alfa Romeo Twin Spark par pi\u00e8ce - Turijnmagazijn","robots":{"index":"index","follow":"follow","max-snippet":"max-snippet:-1","max-image-preview":"max-image-preview:large","max-video-preview":"max-video-preview:-1"},"canonical":"https:\/\/turijnmagazijn.nl\/fr\/produit\/bougie-dallumage-cable-partie-droite-alpha-romeo-twin-etincelle-par-piece\/","og_locale":"fr_FR","og_type":"article","og_title":"C\u00e2ble de bougie d\u2019allumage pi\u00e8ce droite Alfa Romeo Twin Spark par pi\u00e8ce - Turijnmagazijn","og_description":"C\u00e2ble de bougie d\u2019allumage partie droite Alfa Romeo Twin Spark - C\u00e2ble de bougie d\u2019allumage pour les bougies d\u2019allumage plac\u00e9es profond\u00e9ment pour tous les moteurs Twin Spark. C\u00e2ble de bougie d\u2019allumage partie droite Alfa Romeo Twin Spark par pi\u00e8ce - C\u00e2ble de bougie d\u2019allumage pour les bougies d\u2019allumage plac\u00e9es profond\u00e9ment pour tous les moteurs Twin Spark.","og_url":"https:\/\/turijnmagazijn.nl\/fr\/produit\/bougie-dallumage-cable-partie-droite-alpha-romeo-twin-etincelle-par-piece\/","og_site_name":"Turijnmagazijn","article_publisher":"https:\/\/www.facebook.com\/turijnmagazijn","article_modified_time":"2023-07-26T12:03:05+00:00","og_image":[{"width":800,"height":600,"url":"https:\/\/turijnmagazijn.jumpstone-dev.nl\/wp-content\/uploads\/2023\/03\/DK00101708_4-1.jpg","type":"image\/jpeg"}],"twitter_card":"summary_large_image","schema":{"@context":"https:\/\/schema.org","@graph":[{"@type":"WebPage","@id":"https:\/\/turijnmagazijn.nl\/fr\/produit\/bougie-dallumage-cable-partie-droite-alpha-romeo-twin-etincelle-par-piece\/","url":"https:\/\/turijnmagazijn.nl\/fr\/produit\/bougie-dallumage-cable-partie-droite-alpha-romeo-twin-etincelle-par-piece\/","name":"C\u00e2ble de bougie d\u2019allumage pi\u00e8ce droite Alfa Romeo Twin Spark par pi\u00e8ce - Turijnmagazijn","isPartOf":{"@id":"https:\/\/turijnmagazijn.jumpstone-dev.nl\/#website"},"primaryImageOfPage":{"@id":"https:\/\/turijnmagazijn.nl\/fr\/produit\/bougie-dallumage-cable-partie-droite-alpha-romeo-twin-etincelle-par-piece\/#primaryimage"},"image":{"@id":"https:\/\/turijnmagazijn.nl\/fr\/produit\/bougie-dallumage-cable-partie-droite-alpha-romeo-twin-etincelle-par-piece\/#primaryimage"},"thumbnailUrl":"https:\/\/turijnmagazijn.nl\/wp-content\/uploads\/2023\/03\/DK00101708_4-1.jpg","datePublished":"2023-03-03T08:15:24+00:00","dateModified":"2023-07-26T12:03:05+00:00","breadcrumb":{"@id":"https:\/\/turijnmagazijn.nl\/fr\/produit\/bougie-dallumage-cable-partie-droite-alpha-romeo-twin-etincelle-par-piece\/#breadcrumb"},"inLanguage":"fr-FR","potentialAction":[{"@type":"ReadAction","target":["https:\/\/turijnmagazijn.nl\/fr\/produit\/bougie-dallumage-cable-partie-droite-alpha-romeo-twin-etincelle-par-piece\/"]}]},{"@type":"ImageObject","inLanguage":"fr-FR","@id":"https:\/\/turijnmagazijn.nl\/fr\/produit\/bougie-dallumage-cable-partie-droite-alpha-romeo-twin-etincelle-par-piece\/#primaryimage","url":"https:\/\/turijnmagazijn.nl\/wp-content\/uploads\/2023\/03\/DK00101708_4-1.jpg","contentUrl":"https:\/\/turijnmagazijn.nl\/wp-content\/uploads\/2023\/03\/DK00101708_4-1.jpg","width":800,"height":600},{"@type":"BreadcrumbList","@id":"https:\/\/turijnmagazijn.nl\/fr\/produit\/bougie-dallumage-cable-partie-droite-alpha-romeo-twin-etincelle-par-piece\/#breadcrumb","itemListElement":[{"@type":"ListItem","position":1,"name":"Home","item":"https:\/\/turijnmagazijn.nl\/fr\/"},{"@type":"ListItem","position":2,"name":"Produits","item":"https:\/\/turijnmagazijn.nl\/fr\/shop\/"},{"@type":"ListItem","position":3,"name":"C\u00e2ble de bougie d\u2019allumage pi\u00e8ce droite Alfa Romeo Twin Spark par pi\u00e8ce"}]},{"@type":"WebSite","@id":"https:\/\/turijnmagazijn.jumpstone-dev.nl\/#website","url":"https:\/\/turijnmagazijn.jumpstone-dev.nl\/","name":"Turijnmagazijn","description":"Onderdelen nieuw en gebruikt - Fiat &amp; Lancia","publisher":{"@id":"https:\/\/turijnmagazijn.jumpstone-dev.nl\/#organization"},"potentialAction":[{"@type":"SearchAction","target":{"@type":"EntryPoint","urlTemplate":"https:\/\/turijnmagazijn.jumpstone-dev.nl\/?s={search_term_string}"},"query-input":{"@type":"PropertyValueSpecification","valueRequired":true,"valueName":"search_term_string"}}],"inLanguage":"fr-FR"},{"@type":"Organization","@id":"https:\/\/turijnmagazijn.jumpstone-dev.nl\/#organization","name":"Turijnmagazijn","url":"https:\/\/turijnmagazijn.jumpstone-dev.nl\/","logo":{"@type":"ImageObject","inLanguage":"fr-FR","@id":"https:\/\/turijnmagazijn.jumpstone-dev.nl\/#\/schema\/logo\/image\/","url":"https:\/\/turijnmagazijn.nl\/wp-content\/uploads\/2021\/02\/turijnmagazijnlogo.png","contentUrl":"https:\/\/turijnmagazijn.nl\/wp-content\/uploads\/2021\/02\/turijnmagazijnlogo.png","width":555,"height":270,"caption":"Turijnmagazijn"},"image":{"@id":"https:\/\/turijnmagazijn.jumpstone-dev.nl\/#\/schema\/logo\/image\/"},"sameAs":["https:\/\/www.facebook.com\/turijnmagazijn"]}]}},"_links":{"self":[{"href":"https:\/\/turijnmagazijn.nl\/fr\/wp-json\/wp\/v2\/product\/63836","targetHints":{"allow":["GET"]}}],"collection":[{"href":"https:\/\/turijnmagazijn.nl\/fr\/wp-json\/wp\/v2\/product"}],"about":[{"href":"https:\/\/turijnmagazijn.nl\/fr\/wp-json\/wp\/v2\/types\/product"}],"replies":[{"embeddable":true,"href":"https:\/\/turijnmagazijn.nl\/fr\/wp-json\/wp\/v2\/comments?post=63836"}],"wp:featuredmedia":[{"embeddable":true,"href":"https:\/\/turijnmagazijn.nl\/fr\/wp-json\/wp\/v2\/media\/42232"}],"wp:attachment":[{"href":"https:\/\/turijnmagazijn.nl\/fr\/wp-json\/wp\/v2\/media?parent=63836"}],"wp:term":[{"taxonomy":"product_brand","embeddable":true,"href":"https:\/\/turijnmagazijn.nl\/fr\/wp-json\/wp\/v2\/product_brand?post=63836"},{"taxonomy":"product_cat","embeddable":true,"href":"https:\/\/turijnmagazijn.nl\/fr\/wp-json\/wp\/v2\/product_cat?post=63836"},{"taxonomy":"product_tag","embeddable":true,"href":"https:\/\/turijnmagazijn.nl\/fr\/wp-json\/wp\/v2\/product_tag?post=63836"}],"curies":[{"name":"wp","href":"https:\/\/api.w.org\/{rel}","templated":true}]}}