{"id":63840,"date":"2023-03-03T09:15:24","date_gmt":"2023-03-03T08:15:24","guid":{"rendered":"https:\/\/turijnmagazijn.nl\/product\/double-bobine-dallumage-avec-support-lancia-delta-ii-hf-16v-turbo\/"},"modified":"2023-07-26T14:03:02","modified_gmt":"2023-07-26T12:03:02","slug":"bobine-dallumage-double-avec-support-lancia-delta-ii-hf-16v-turbo","status":"publish","type":"product","link":"https:\/\/turijnmagazijn.nl\/fr\/produit\/bobine-dallumage-double-avec-support-lancia-delta-ii-hf-16v-turbo\/","title":{"rendered":"Double bobine d\u2019allumage avec support Lancia Delta II HF 16V turbo"},"content":{"rendered":"<p>Deux bobines d\u2019allumage fonctionnant correctement dans le support d\u2019origine pour le montage sur le collecteur d\u2019admission pour Lancia Delta II HF \u00e9quip\u00e9e d\u2019un moteur Lampredi 2.0 16V. Les bobines d\u2019allumage fonctionnent correctement. L\u2019ensemble a \u00e9t\u00e9 d\u00e9mont\u00e9 \u00e0 partir d\u2019une Lancia Delta HF construite en 1999.<\/p>\n<p>Ces bobines d\u2019allumage ont \u00e9t\u00e9 appliqu\u00e9es \u00e0 diff\u00e9rents types de Lancia Fiat et Alfa Romeo.<\/p>\n<p>Les bobines d\u2019allumage ont les num\u00e9ros OEM suivants:<br \/>46548037  <br \/>7672018  <br \/>46543562<\/p>\n<p>Lancia&nbsp; OEM<span style=\"text-align: -webkit-right;\">7751259<\/span><\/p>\n<p><\/p>\n","protected":false},"excerpt":{"rendered":"<p>Double bobine d\u2019allumage avec support Lancia Delta II HF 16V turbo &#8211; Deux bobines d\u2019allumage fonctionnant correctement dans le support d\u2019origine pour montage sur le collecteur d\u2019admission pour Lancia Delta II HF \u00e9quip\u00e9e de 2.<\/p>\n","protected":false},"featured_media":97832,"comment_status":"open","ping_status":"closed","template":"","meta":{"_acf_changed":false},"product_brand":[],"product_cat":[1841,1798],"product_tag":[],"class_list":{"0":"post-63840","1":"product","2":"type-product","3":"status-publish","4":"has-post-thumbnail","6":"product_cat-delta-2-836-fr","7":"product_cat-lancia-fr","8":"pa_soort-onderdeel-moteur-et-accessoires","9":"pa_soort-onderdeel-systemes-de-carburant","11":"first","12":"instock","13":"shipping-taxable","14":"purchasable","15":"product-type-simple"},"acf":[],"yoast_head":"<!-- This site is optimized with the Yoast SEO plugin v27.3 - https:\/\/yoast.com\/product\/yoast-seo-wordpress\/ -->\n<title>Double bobine d\u2019allumage avec support Lancia Delta II HF 16V turbo - Turijnmagazijn<\/title>\n<meta name=\"robots\" content=\"index, follow, max-snippet:-1, max-image-preview:large, max-video-preview:-1\" \/>\n<link rel=\"canonical\" href=\"https:\/\/turijnmagazijn.nl\/fr\/produit\/bobine-dallumage-double-avec-support-lancia-delta-ii-hf-16v-turbo\/\" \/>\n<meta property=\"og:locale\" content=\"fr_FR\" \/>\n<meta property=\"og:type\" content=\"article\" \/>\n<meta property=\"og:title\" content=\"Double bobine d\u2019allumage avec support Lancia Delta II HF 16V turbo - Turijnmagazijn\" \/>\n<meta property=\"og:description\" content=\"Double bobine d\u2019allumage avec support Lancia Delta II HF 16V turbo - Deux bobines d\u2019allumage fonctionnant correctement dans le support d\u2019origine pour montage sur le collecteur d\u2019admission pour Lancia Delta II HF \u00e9quip\u00e9e de 2.\" \/>\n<meta property=\"og:url\" content=\"https:\/\/turijnmagazijn.nl\/fr\/produit\/bobine-dallumage-double-avec-support-lancia-delta-ii-hf-16v-turbo\/\" \/>\n<meta property=\"og:site_name\" content=\"Turijnmagazijn\" \/>\n<meta property=\"article:publisher\" content=\"https:\/\/www.facebook.com\/turijnmagazijn\" \/>\n<meta property=\"article:modified_time\" content=\"2023-07-26T12:03:02+00:00\" \/>\n<meta property=\"og:image\" content=\"https:\/\/turijnmagazijn.jumpstone-dev.nl\/wp-content\/uploads\/2023\/03\/DK00101729_Dubbele_bobine_met_houder_Lancia_Delta_II_HF_16V_turbo_2-1.jpg\" \/>\n\t<meta property=\"og:image:width\" content=\"800\" \/>\n\t<meta property=\"og:image:height\" content=\"600\" \/>\n\t<meta property=\"og:image:type\" content=\"image\/jpeg\" \/>\n<meta name=\"twitter:card\" content=\"summary_large_image\" \/>\n<script type=\"application\/ld+json\" class=\"yoast-schema-graph\">{\"@context\":\"https:\\\/\\\/schema.org\",\"@graph\":[{\"@type\":\"WebPage\",\"@id\":\"https:\\\/\\\/turijnmagazijn.nl\\\/fr\\\/produit\\\/bobine-dallumage-double-avec-support-lancia-delta-ii-hf-16v-turbo\\\/\",\"url\":\"https:\\\/\\\/turijnmagazijn.nl\\\/fr\\\/produit\\\/bobine-dallumage-double-avec-support-lancia-delta-ii-hf-16v-turbo\\\/\",\"name\":\"Double bobine d\u2019allumage avec support Lancia Delta II HF 16V turbo - Turijnmagazijn\",\"isPartOf\":{\"@id\":\"https:\\\/\\\/turijnmagazijn.jumpstone-dev.nl\\\/#website\"},\"primaryImageOfPage\":{\"@id\":\"https:\\\/\\\/turijnmagazijn.nl\\\/fr\\\/produit\\\/bobine-dallumage-double-avec-support-lancia-delta-ii-hf-16v-turbo\\\/#primaryimage\"},\"image\":{\"@id\":\"https:\\\/\\\/turijnmagazijn.nl\\\/fr\\\/produit\\\/bobine-dallumage-double-avec-support-lancia-delta-ii-hf-16v-turbo\\\/#primaryimage\"},\"thumbnailUrl\":\"https:\\\/\\\/turijnmagazijn.nl\\\/wp-content\\\/uploads\\\/2023\\\/03\\\/DK00101729_Dubbele_bobine_met_houder_Lancia_Delta_II_HF_16V_turbo_3-1.jpg\",\"datePublished\":\"2023-03-03T08:15:24+00:00\",\"dateModified\":\"2023-07-26T12:03:02+00:00\",\"breadcrumb\":{\"@id\":\"https:\\\/\\\/turijnmagazijn.nl\\\/fr\\\/produit\\\/bobine-dallumage-double-avec-support-lancia-delta-ii-hf-16v-turbo\\\/#breadcrumb\"},\"inLanguage\":\"fr-FR\",\"potentialAction\":[{\"@type\":\"ReadAction\",\"target\":[\"https:\\\/\\\/turijnmagazijn.nl\\\/fr\\\/produit\\\/bobine-dallumage-double-avec-support-lancia-delta-ii-hf-16v-turbo\\\/\"]}]},{\"@type\":\"ImageObject\",\"inLanguage\":\"fr-FR\",\"@id\":\"https:\\\/\\\/turijnmagazijn.nl\\\/fr\\\/produit\\\/bobine-dallumage-double-avec-support-lancia-delta-ii-hf-16v-turbo\\\/#primaryimage\",\"url\":\"https:\\\/\\\/turijnmagazijn.nl\\\/wp-content\\\/uploads\\\/2023\\\/03\\\/DK00101729_Dubbele_bobine_met_houder_Lancia_Delta_II_HF_16V_turbo_3-1.jpg\",\"contentUrl\":\"https:\\\/\\\/turijnmagazijn.nl\\\/wp-content\\\/uploads\\\/2023\\\/03\\\/DK00101729_Dubbele_bobine_met_houder_Lancia_Delta_II_HF_16V_turbo_3-1.jpg\",\"width\":800,\"height\":600},{\"@type\":\"BreadcrumbList\",\"@id\":\"https:\\\/\\\/turijnmagazijn.nl\\\/fr\\\/produit\\\/bobine-dallumage-double-avec-support-lancia-delta-ii-hf-16v-turbo\\\/#breadcrumb\",\"itemListElement\":[{\"@type\":\"ListItem\",\"position\":1,\"name\":\"Home\",\"item\":\"https:\\\/\\\/turijnmagazijn.nl\\\/fr\\\/\"},{\"@type\":\"ListItem\",\"position\":2,\"name\":\"Produits\",\"item\":\"https:\\\/\\\/turijnmagazijn.nl\\\/fr\\\/shop\\\/\"},{\"@type\":\"ListItem\",\"position\":3,\"name\":\"Double bobine d\u2019allumage avec support Lancia Delta II HF 16V turbo\"}]},{\"@type\":\"WebSite\",\"@id\":\"https:\\\/\\\/turijnmagazijn.jumpstone-dev.nl\\\/#website\",\"url\":\"https:\\\/\\\/turijnmagazijn.jumpstone-dev.nl\\\/\",\"name\":\"Turijnmagazijn\",\"description\":\"Onderdelen nieuw en gebruikt - Fiat &amp; Lancia\",\"publisher\":{\"@id\":\"https:\\\/\\\/turijnmagazijn.jumpstone-dev.nl\\\/#organization\"},\"potentialAction\":[{\"@type\":\"SearchAction\",\"target\":{\"@type\":\"EntryPoint\",\"urlTemplate\":\"https:\\\/\\\/turijnmagazijn.jumpstone-dev.nl\\\/?s={search_term_string}\"},\"query-input\":{\"@type\":\"PropertyValueSpecification\",\"valueRequired\":true,\"valueName\":\"search_term_string\"}}],\"inLanguage\":\"fr-FR\"},{\"@type\":\"Organization\",\"@id\":\"https:\\\/\\\/turijnmagazijn.jumpstone-dev.nl\\\/#organization\",\"name\":\"Turijnmagazijn\",\"url\":\"https:\\\/\\\/turijnmagazijn.jumpstone-dev.nl\\\/\",\"logo\":{\"@type\":\"ImageObject\",\"inLanguage\":\"fr-FR\",\"@id\":\"https:\\\/\\\/turijnmagazijn.jumpstone-dev.nl\\\/#\\\/schema\\\/logo\\\/image\\\/\",\"url\":\"https:\\\/\\\/turijnmagazijn.nl\\\/wp-content\\\/uploads\\\/2021\\\/02\\\/turijnmagazijnlogo.png\",\"contentUrl\":\"https:\\\/\\\/turijnmagazijn.nl\\\/wp-content\\\/uploads\\\/2021\\\/02\\\/turijnmagazijnlogo.png\",\"width\":555,\"height\":270,\"caption\":\"Turijnmagazijn\"},\"image\":{\"@id\":\"https:\\\/\\\/turijnmagazijn.jumpstone-dev.nl\\\/#\\\/schema\\\/logo\\\/image\\\/\"},\"sameAs\":[\"https:\\\/\\\/www.facebook.com\\\/turijnmagazijn\"]}]}<\/script>\n<!-- \/ Yoast SEO plugin. -->","yoast_head_json":{"title":"Double bobine d\u2019allumage avec support Lancia Delta II HF 16V turbo - Turijnmagazijn","robots":{"index":"index","follow":"follow","max-snippet":"max-snippet:-1","max-image-preview":"max-image-preview:large","max-video-preview":"max-video-preview:-1"},"canonical":"https:\/\/turijnmagazijn.nl\/fr\/produit\/bobine-dallumage-double-avec-support-lancia-delta-ii-hf-16v-turbo\/","og_locale":"fr_FR","og_type":"article","og_title":"Double bobine d\u2019allumage avec support Lancia Delta II HF 16V turbo - Turijnmagazijn","og_description":"Double bobine d\u2019allumage avec support Lancia Delta II HF 16V turbo - Deux bobines d\u2019allumage fonctionnant correctement dans le support d\u2019origine pour montage sur le collecteur d\u2019admission pour Lancia Delta II HF \u00e9quip\u00e9e de 2.","og_url":"https:\/\/turijnmagazijn.nl\/fr\/produit\/bobine-dallumage-double-avec-support-lancia-delta-ii-hf-16v-turbo\/","og_site_name":"Turijnmagazijn","article_publisher":"https:\/\/www.facebook.com\/turijnmagazijn","article_modified_time":"2023-07-26T12:03:02+00:00","og_image":[{"width":800,"height":600,"url":"https:\/\/turijnmagazijn.jumpstone-dev.nl\/wp-content\/uploads\/2023\/03\/DK00101729_Dubbele_bobine_met_houder_Lancia_Delta_II_HF_16V_turbo_2-1.jpg","type":"image\/jpeg"}],"twitter_card":"summary_large_image","schema":{"@context":"https:\/\/schema.org","@graph":[{"@type":"WebPage","@id":"https:\/\/turijnmagazijn.nl\/fr\/produit\/bobine-dallumage-double-avec-support-lancia-delta-ii-hf-16v-turbo\/","url":"https:\/\/turijnmagazijn.nl\/fr\/produit\/bobine-dallumage-double-avec-support-lancia-delta-ii-hf-16v-turbo\/","name":"Double bobine d\u2019allumage avec support Lancia Delta II HF 16V turbo - Turijnmagazijn","isPartOf":{"@id":"https:\/\/turijnmagazijn.jumpstone-dev.nl\/#website"},"primaryImageOfPage":{"@id":"https:\/\/turijnmagazijn.nl\/fr\/produit\/bobine-dallumage-double-avec-support-lancia-delta-ii-hf-16v-turbo\/#primaryimage"},"image":{"@id":"https:\/\/turijnmagazijn.nl\/fr\/produit\/bobine-dallumage-double-avec-support-lancia-delta-ii-hf-16v-turbo\/#primaryimage"},"thumbnailUrl":"https:\/\/turijnmagazijn.nl\/wp-content\/uploads\/2023\/03\/DK00101729_Dubbele_bobine_met_houder_Lancia_Delta_II_HF_16V_turbo_3-1.jpg","datePublished":"2023-03-03T08:15:24+00:00","dateModified":"2023-07-26T12:03:02+00:00","breadcrumb":{"@id":"https:\/\/turijnmagazijn.nl\/fr\/produit\/bobine-dallumage-double-avec-support-lancia-delta-ii-hf-16v-turbo\/#breadcrumb"},"inLanguage":"fr-FR","potentialAction":[{"@type":"ReadAction","target":["https:\/\/turijnmagazijn.nl\/fr\/produit\/bobine-dallumage-double-avec-support-lancia-delta-ii-hf-16v-turbo\/"]}]},{"@type":"ImageObject","inLanguage":"fr-FR","@id":"https:\/\/turijnmagazijn.nl\/fr\/produit\/bobine-dallumage-double-avec-support-lancia-delta-ii-hf-16v-turbo\/#primaryimage","url":"https:\/\/turijnmagazijn.nl\/wp-content\/uploads\/2023\/03\/DK00101729_Dubbele_bobine_met_houder_Lancia_Delta_II_HF_16V_turbo_3-1.jpg","contentUrl":"https:\/\/turijnmagazijn.nl\/wp-content\/uploads\/2023\/03\/DK00101729_Dubbele_bobine_met_houder_Lancia_Delta_II_HF_16V_turbo_3-1.jpg","width":800,"height":600},{"@type":"BreadcrumbList","@id":"https:\/\/turijnmagazijn.nl\/fr\/produit\/bobine-dallumage-double-avec-support-lancia-delta-ii-hf-16v-turbo\/#breadcrumb","itemListElement":[{"@type":"ListItem","position":1,"name":"Home","item":"https:\/\/turijnmagazijn.nl\/fr\/"},{"@type":"ListItem","position":2,"name":"Produits","item":"https:\/\/turijnmagazijn.nl\/fr\/shop\/"},{"@type":"ListItem","position":3,"name":"Double bobine d\u2019allumage avec support Lancia Delta II HF 16V turbo"}]},{"@type":"WebSite","@id":"https:\/\/turijnmagazijn.jumpstone-dev.nl\/#website","url":"https:\/\/turijnmagazijn.jumpstone-dev.nl\/","name":"Turijnmagazijn","description":"Onderdelen nieuw en gebruikt - Fiat &amp; Lancia","publisher":{"@id":"https:\/\/turijnmagazijn.jumpstone-dev.nl\/#organization"},"potentialAction":[{"@type":"SearchAction","target":{"@type":"EntryPoint","urlTemplate":"https:\/\/turijnmagazijn.jumpstone-dev.nl\/?s={search_term_string}"},"query-input":{"@type":"PropertyValueSpecification","valueRequired":true,"valueName":"search_term_string"}}],"inLanguage":"fr-FR"},{"@type":"Organization","@id":"https:\/\/turijnmagazijn.jumpstone-dev.nl\/#organization","name":"Turijnmagazijn","url":"https:\/\/turijnmagazijn.jumpstone-dev.nl\/","logo":{"@type":"ImageObject","inLanguage":"fr-FR","@id":"https:\/\/turijnmagazijn.jumpstone-dev.nl\/#\/schema\/logo\/image\/","url":"https:\/\/turijnmagazijn.nl\/wp-content\/uploads\/2021\/02\/turijnmagazijnlogo.png","contentUrl":"https:\/\/turijnmagazijn.nl\/wp-content\/uploads\/2021\/02\/turijnmagazijnlogo.png","width":555,"height":270,"caption":"Turijnmagazijn"},"image":{"@id":"https:\/\/turijnmagazijn.jumpstone-dev.nl\/#\/schema\/logo\/image\/"},"sameAs":["https:\/\/www.facebook.com\/turijnmagazijn"]}]}},"_links":{"self":[{"href":"https:\/\/turijnmagazijn.nl\/fr\/wp-json\/wp\/v2\/product\/63840","targetHints":{"allow":["GET"]}}],"collection":[{"href":"https:\/\/turijnmagazijn.nl\/fr\/wp-json\/wp\/v2\/product"}],"about":[{"href":"https:\/\/turijnmagazijn.nl\/fr\/wp-json\/wp\/v2\/types\/product"}],"replies":[{"embeddable":true,"href":"https:\/\/turijnmagazijn.nl\/fr\/wp-json\/wp\/v2\/comments?post=63840"}],"wp:featuredmedia":[{"embeddable":true,"href":"https:\/\/turijnmagazijn.nl\/fr\/wp-json\/wp\/v2\/media\/97832"}],"wp:attachment":[{"href":"https:\/\/turijnmagazijn.nl\/fr\/wp-json\/wp\/v2\/media?parent=63840"}],"wp:term":[{"taxonomy":"product_brand","embeddable":true,"href":"https:\/\/turijnmagazijn.nl\/fr\/wp-json\/wp\/v2\/product_brand?post=63840"},{"taxonomy":"product_cat","embeddable":true,"href":"https:\/\/turijnmagazijn.nl\/fr\/wp-json\/wp\/v2\/product_cat?post=63840"},{"taxonomy":"product_tag","embeddable":true,"href":"https:\/\/turijnmagazijn.nl\/fr\/wp-json\/wp\/v2\/product_tag?post=63840"}],"curies":[{"name":"wp","href":"https:\/\/api.w.org\/{rel}","templated":true}]}}