{"id":63877,"date":"2023-03-03T09:15:25","date_gmt":"2023-03-03T08:15:25","guid":{"rendered":"https:\/\/turijnmagazijn.nl\/product\/injecteur-lancia-fiat-2-0-8v-moteurs-non-turbo-nettoye\/"},"modified":"2023-07-26T14:03:47","modified_gmt":"2023-07-26T12:03:47","slug":"injecteur-lancia-fiat-2-0-8v-moteurs-non-turbo-nettoye","status":"publish","type":"product","link":"https:\/\/turijnmagazijn.nl\/fr\/produit\/injecteur-lancia-fiat-2-0-8v-moteurs-non-turbo-nettoye\/","title":{"rendered":"Injecteur Lancia FIAT 2.0 8V moteurs non-turbo -NETTOY\u00c9-"},"content":{"rendered":"<p>Injecteur de carburant d\u2019occasion adapt\u00e9 pour Lancia Delta I Thema I et Fiat Croma \u00e9quip\u00e9 d\u2019un moteur 2.0 8V. Convient uniquement aux mod\u00e8les non turbo!&nbsp;<\/p>\n<p><span style=\"font-weight: bold; background-color: yellow;\">Cet injecteur a \u00e9t\u00e9 nettoy\u00e9 par ultrasons par un sp\u00e9cialiste, puis test\u00e9 sur le banc d\u2019essai.<\/span><br \/><span style=\"background-color: yellow;\">Cet injecteur est garanti \u00e0 100% selon les sp\u00e9cifications et fonctionne comme un nouveau.&nbsp;<br \/>Si n\u00e9cessaire, les joints toriques du joint ont \u00e9t\u00e9 remplac\u00e9s,&nbsp;<\/span><\/p>\n<p>Equip\u00e9 d\u2019un connecteur jaune bipolaire.<\/p>\n<p>C\u2019est un injecteur noir de la marque Bosch.<br \/>Type:&nbsp;<br \/>Bosch<br \/>0 280 150 203<\/p>\n<p>OEM LANCIA FIAT 7626715<\/p>\n<p>OEM LANCIA FIAT 7615574<\/p>\n<p>OEM LANCIA&nbsp;5968078<\/p>\n","protected":false},"excerpt":{"rendered":"<p>Injecteur Lancia FIAT 2.0 8V moteurs non-turbo &#8211; Injecteur de carburant usag\u00e9 adapt\u00e9 pour Lancia Delta I Thema I et Fiat Croma \u00e9quip\u00e9 de moteurs 2.Injecteur Lancia FIAT 2.0 8V non turbo -CLEANED- &#8211; Injecteur de carburant usag\u00e9 adapt\u00e9 pour Lancia De<\/p>\n","protected":false},"featured_media":42488,"comment_status":"open","ping_status":"closed","template":"","meta":{"_acf_changed":false},"product_brand":[],"product_cat":[1722,1806,1690,1798,1896],"product_tag":[],"class_list":{"0":"post-63877","1":"product","2":"type-product","3":"status-publish","4":"has-post-thumbnail","6":"product_cat-croma-1-154-fr","7":"product_cat-delta-1-831-fr","8":"product_cat-fiat-fr","9":"product_cat-lancia-fr","10":"product_cat-thema-834-fr","11":"pa_soort-onderdeel-miroirs","12":"pa_soort-onderdeel-moteur-et-accessoires","14":"first","15":"instock","16":"shipping-taxable","17":"purchasable","18":"product-type-simple"},"acf":[],"yoast_head":"<!-- This site is optimized with the Yoast SEO plugin v27.3 - https:\/\/yoast.com\/product\/yoast-seo-wordpress\/ -->\n<title>Injecteur Lancia FIAT 2.0 8V moteurs non-turbo -NETTOY\u00c9- Turijnmagazijn<\/title>\n<meta name=\"robots\" content=\"index, follow, max-snippet:-1, max-image-preview:large, max-video-preview:-1\" \/>\n<link rel=\"canonical\" href=\"https:\/\/turijnmagazijn.nl\/fr\/produit\/injecteur-lancia-fiat-2-0-8v-moteurs-non-turbo-nettoye\/\" \/>\n<meta property=\"og:locale\" content=\"fr_FR\" \/>\n<meta property=\"og:type\" content=\"article\" \/>\n<meta property=\"og:title\" content=\"Injecteur Lancia FIAT 2.0 8V moteurs non-turbo -NETTOY\u00c9- Turijnmagazijn\" \/>\n<meta property=\"og:description\" content=\"Injecteur Lancia FIAT 2.0 8V moteurs non-turbo - Injecteur de carburant usag\u00e9 adapt\u00e9 pour Lancia Delta I Thema I et Fiat Croma \u00e9quip\u00e9 de moteurs 2.Injecteur Lancia FIAT 2.0 8V non turbo -CLEANED- - Injecteur de carburant usag\u00e9 adapt\u00e9 pour Lancia De\" \/>\n<meta property=\"og:url\" content=\"https:\/\/turijnmagazijn.nl\/fr\/produit\/injecteur-lancia-fiat-2-0-8v-moteurs-non-turbo-nettoye\/\" \/>\n<meta property=\"og:site_name\" content=\"Turijnmagazijn\" \/>\n<meta property=\"article:publisher\" content=\"https:\/\/www.facebook.com\/turijnmagazijn\" \/>\n<meta property=\"article:modified_time\" content=\"2023-07-26T12:03:47+00:00\" \/>\n<meta property=\"og:image\" content=\"https:\/\/turijnmagazijn.jumpstone-dev.nl\/wp-content\/uploads\/2023\/03\/DK00101750_Injector_Lancia_FIAT_2.0_8V_motoren_non-turbo_6-1.jpg\" \/>\n\t<meta property=\"og:image:width\" content=\"800\" \/>\n\t<meta property=\"og:image:height\" content=\"600\" \/>\n\t<meta property=\"og:image:type\" content=\"image\/jpeg\" \/>\n<meta name=\"twitter:card\" content=\"summary_large_image\" \/>\n<meta name=\"twitter:label1\" content=\"Dur\u00e9e de lecture estim\u00e9e\" \/>\n\t<meta name=\"twitter:data1\" content=\"1 minute\" \/>\n<script type=\"application\/ld+json\" class=\"yoast-schema-graph\">{\"@context\":\"https:\\\/\\\/schema.org\",\"@graph\":[{\"@type\":\"WebPage\",\"@id\":\"https:\\\/\\\/turijnmagazijn.nl\\\/fr\\\/produit\\\/injecteur-lancia-fiat-2-0-8v-moteurs-non-turbo-nettoye\\\/\",\"url\":\"https:\\\/\\\/turijnmagazijn.nl\\\/fr\\\/produit\\\/injecteur-lancia-fiat-2-0-8v-moteurs-non-turbo-nettoye\\\/\",\"name\":\"Injecteur Lancia FIAT 2.0 8V moteurs non-turbo -NETTOY\u00c9- Turijnmagazijn\",\"isPartOf\":{\"@id\":\"https:\\\/\\\/turijnmagazijn.jumpstone-dev.nl\\\/#website\"},\"primaryImageOfPage\":{\"@id\":\"https:\\\/\\\/turijnmagazijn.nl\\\/fr\\\/produit\\\/injecteur-lancia-fiat-2-0-8v-moteurs-non-turbo-nettoye\\\/#primaryimage\"},\"image\":{\"@id\":\"https:\\\/\\\/turijnmagazijn.nl\\\/fr\\\/produit\\\/injecteur-lancia-fiat-2-0-8v-moteurs-non-turbo-nettoye\\\/#primaryimage\"},\"thumbnailUrl\":\"https:\\\/\\\/turijnmagazijn.nl\\\/wp-content\\\/uploads\\\/2023\\\/03\\\/DK00101750_Injector_Lancia_FIAT_2.0_8V_motoren_non-turbo_6-1.jpg\",\"datePublished\":\"2023-03-03T08:15:25+00:00\",\"dateModified\":\"2023-07-26T12:03:47+00:00\",\"breadcrumb\":{\"@id\":\"https:\\\/\\\/turijnmagazijn.nl\\\/fr\\\/produit\\\/injecteur-lancia-fiat-2-0-8v-moteurs-non-turbo-nettoye\\\/#breadcrumb\"},\"inLanguage\":\"fr-FR\",\"potentialAction\":[{\"@type\":\"ReadAction\",\"target\":[\"https:\\\/\\\/turijnmagazijn.nl\\\/fr\\\/produit\\\/injecteur-lancia-fiat-2-0-8v-moteurs-non-turbo-nettoye\\\/\"]}]},{\"@type\":\"ImageObject\",\"inLanguage\":\"fr-FR\",\"@id\":\"https:\\\/\\\/turijnmagazijn.nl\\\/fr\\\/produit\\\/injecteur-lancia-fiat-2-0-8v-moteurs-non-turbo-nettoye\\\/#primaryimage\",\"url\":\"https:\\\/\\\/turijnmagazijn.nl\\\/wp-content\\\/uploads\\\/2023\\\/03\\\/DK00101750_Injector_Lancia_FIAT_2.0_8V_motoren_non-turbo_6-1.jpg\",\"contentUrl\":\"https:\\\/\\\/turijnmagazijn.nl\\\/wp-content\\\/uploads\\\/2023\\\/03\\\/DK00101750_Injector_Lancia_FIAT_2.0_8V_motoren_non-turbo_6-1.jpg\",\"width\":800,\"height\":600},{\"@type\":\"BreadcrumbList\",\"@id\":\"https:\\\/\\\/turijnmagazijn.nl\\\/fr\\\/produit\\\/injecteur-lancia-fiat-2-0-8v-moteurs-non-turbo-nettoye\\\/#breadcrumb\",\"itemListElement\":[{\"@type\":\"ListItem\",\"position\":1,\"name\":\"Home\",\"item\":\"https:\\\/\\\/turijnmagazijn.nl\\\/fr\\\/\"},{\"@type\":\"ListItem\",\"position\":2,\"name\":\"Produits\",\"item\":\"https:\\\/\\\/turijnmagazijn.nl\\\/fr\\\/shop\\\/\"},{\"@type\":\"ListItem\",\"position\":3,\"name\":\"Injecteur Lancia FIAT 2.0 8V moteurs non-turbo -NETTOY\u00c9-\"}]},{\"@type\":\"WebSite\",\"@id\":\"https:\\\/\\\/turijnmagazijn.jumpstone-dev.nl\\\/#website\",\"url\":\"https:\\\/\\\/turijnmagazijn.jumpstone-dev.nl\\\/\",\"name\":\"Turijnmagazijn\",\"description\":\"Onderdelen nieuw en gebruikt - Fiat &amp; Lancia\",\"publisher\":{\"@id\":\"https:\\\/\\\/turijnmagazijn.jumpstone-dev.nl\\\/#organization\"},\"potentialAction\":[{\"@type\":\"SearchAction\",\"target\":{\"@type\":\"EntryPoint\",\"urlTemplate\":\"https:\\\/\\\/turijnmagazijn.jumpstone-dev.nl\\\/?s={search_term_string}\"},\"query-input\":{\"@type\":\"PropertyValueSpecification\",\"valueRequired\":true,\"valueName\":\"search_term_string\"}}],\"inLanguage\":\"fr-FR\"},{\"@type\":\"Organization\",\"@id\":\"https:\\\/\\\/turijnmagazijn.jumpstone-dev.nl\\\/#organization\",\"name\":\"Turijnmagazijn\",\"url\":\"https:\\\/\\\/turijnmagazijn.jumpstone-dev.nl\\\/\",\"logo\":{\"@type\":\"ImageObject\",\"inLanguage\":\"fr-FR\",\"@id\":\"https:\\\/\\\/turijnmagazijn.jumpstone-dev.nl\\\/#\\\/schema\\\/logo\\\/image\\\/\",\"url\":\"https:\\\/\\\/turijnmagazijn.nl\\\/wp-content\\\/uploads\\\/2021\\\/02\\\/turijnmagazijnlogo.png\",\"contentUrl\":\"https:\\\/\\\/turijnmagazijn.nl\\\/wp-content\\\/uploads\\\/2021\\\/02\\\/turijnmagazijnlogo.png\",\"width\":555,\"height\":270,\"caption\":\"Turijnmagazijn\"},\"image\":{\"@id\":\"https:\\\/\\\/turijnmagazijn.jumpstone-dev.nl\\\/#\\\/schema\\\/logo\\\/image\\\/\"},\"sameAs\":[\"https:\\\/\\\/www.facebook.com\\\/turijnmagazijn\"]}]}<\/script>\n<!-- \/ Yoast SEO plugin. -->","yoast_head_json":{"title":"Injecteur Lancia FIAT 2.0 8V moteurs non-turbo -NETTOY\u00c9- Turijnmagazijn","robots":{"index":"index","follow":"follow","max-snippet":"max-snippet:-1","max-image-preview":"max-image-preview:large","max-video-preview":"max-video-preview:-1"},"canonical":"https:\/\/turijnmagazijn.nl\/fr\/produit\/injecteur-lancia-fiat-2-0-8v-moteurs-non-turbo-nettoye\/","og_locale":"fr_FR","og_type":"article","og_title":"Injecteur Lancia FIAT 2.0 8V moteurs non-turbo -NETTOY\u00c9- Turijnmagazijn","og_description":"Injecteur Lancia FIAT 2.0 8V moteurs non-turbo - Injecteur de carburant usag\u00e9 adapt\u00e9 pour Lancia Delta I Thema I et Fiat Croma \u00e9quip\u00e9 de moteurs 2.Injecteur Lancia FIAT 2.0 8V non turbo -CLEANED- - Injecteur de carburant usag\u00e9 adapt\u00e9 pour Lancia De","og_url":"https:\/\/turijnmagazijn.nl\/fr\/produit\/injecteur-lancia-fiat-2-0-8v-moteurs-non-turbo-nettoye\/","og_site_name":"Turijnmagazijn","article_publisher":"https:\/\/www.facebook.com\/turijnmagazijn","article_modified_time":"2023-07-26T12:03:47+00:00","og_image":[{"width":800,"height":600,"url":"https:\/\/turijnmagazijn.jumpstone-dev.nl\/wp-content\/uploads\/2023\/03\/DK00101750_Injector_Lancia_FIAT_2.0_8V_motoren_non-turbo_6-1.jpg","type":"image\/jpeg"}],"twitter_card":"summary_large_image","twitter_misc":{"Dur\u00e9e de lecture estim\u00e9e":"1 minute"},"schema":{"@context":"https:\/\/schema.org","@graph":[{"@type":"WebPage","@id":"https:\/\/turijnmagazijn.nl\/fr\/produit\/injecteur-lancia-fiat-2-0-8v-moteurs-non-turbo-nettoye\/","url":"https:\/\/turijnmagazijn.nl\/fr\/produit\/injecteur-lancia-fiat-2-0-8v-moteurs-non-turbo-nettoye\/","name":"Injecteur Lancia FIAT 2.0 8V moteurs non-turbo -NETTOY\u00c9- Turijnmagazijn","isPartOf":{"@id":"https:\/\/turijnmagazijn.jumpstone-dev.nl\/#website"},"primaryImageOfPage":{"@id":"https:\/\/turijnmagazijn.nl\/fr\/produit\/injecteur-lancia-fiat-2-0-8v-moteurs-non-turbo-nettoye\/#primaryimage"},"image":{"@id":"https:\/\/turijnmagazijn.nl\/fr\/produit\/injecteur-lancia-fiat-2-0-8v-moteurs-non-turbo-nettoye\/#primaryimage"},"thumbnailUrl":"https:\/\/turijnmagazijn.nl\/wp-content\/uploads\/2023\/03\/DK00101750_Injector_Lancia_FIAT_2.0_8V_motoren_non-turbo_6-1.jpg","datePublished":"2023-03-03T08:15:25+00:00","dateModified":"2023-07-26T12:03:47+00:00","breadcrumb":{"@id":"https:\/\/turijnmagazijn.nl\/fr\/produit\/injecteur-lancia-fiat-2-0-8v-moteurs-non-turbo-nettoye\/#breadcrumb"},"inLanguage":"fr-FR","potentialAction":[{"@type":"ReadAction","target":["https:\/\/turijnmagazijn.nl\/fr\/produit\/injecteur-lancia-fiat-2-0-8v-moteurs-non-turbo-nettoye\/"]}]},{"@type":"ImageObject","inLanguage":"fr-FR","@id":"https:\/\/turijnmagazijn.nl\/fr\/produit\/injecteur-lancia-fiat-2-0-8v-moteurs-non-turbo-nettoye\/#primaryimage","url":"https:\/\/turijnmagazijn.nl\/wp-content\/uploads\/2023\/03\/DK00101750_Injector_Lancia_FIAT_2.0_8V_motoren_non-turbo_6-1.jpg","contentUrl":"https:\/\/turijnmagazijn.nl\/wp-content\/uploads\/2023\/03\/DK00101750_Injector_Lancia_FIAT_2.0_8V_motoren_non-turbo_6-1.jpg","width":800,"height":600},{"@type":"BreadcrumbList","@id":"https:\/\/turijnmagazijn.nl\/fr\/produit\/injecteur-lancia-fiat-2-0-8v-moteurs-non-turbo-nettoye\/#breadcrumb","itemListElement":[{"@type":"ListItem","position":1,"name":"Home","item":"https:\/\/turijnmagazijn.nl\/fr\/"},{"@type":"ListItem","position":2,"name":"Produits","item":"https:\/\/turijnmagazijn.nl\/fr\/shop\/"},{"@type":"ListItem","position":3,"name":"Injecteur Lancia FIAT 2.0 8V moteurs non-turbo -NETTOY\u00c9-"}]},{"@type":"WebSite","@id":"https:\/\/turijnmagazijn.jumpstone-dev.nl\/#website","url":"https:\/\/turijnmagazijn.jumpstone-dev.nl\/","name":"Turijnmagazijn","description":"Onderdelen nieuw en gebruikt - Fiat &amp; Lancia","publisher":{"@id":"https:\/\/turijnmagazijn.jumpstone-dev.nl\/#organization"},"potentialAction":[{"@type":"SearchAction","target":{"@type":"EntryPoint","urlTemplate":"https:\/\/turijnmagazijn.jumpstone-dev.nl\/?s={search_term_string}"},"query-input":{"@type":"PropertyValueSpecification","valueRequired":true,"valueName":"search_term_string"}}],"inLanguage":"fr-FR"},{"@type":"Organization","@id":"https:\/\/turijnmagazijn.jumpstone-dev.nl\/#organization","name":"Turijnmagazijn","url":"https:\/\/turijnmagazijn.jumpstone-dev.nl\/","logo":{"@type":"ImageObject","inLanguage":"fr-FR","@id":"https:\/\/turijnmagazijn.jumpstone-dev.nl\/#\/schema\/logo\/image\/","url":"https:\/\/turijnmagazijn.nl\/wp-content\/uploads\/2021\/02\/turijnmagazijnlogo.png","contentUrl":"https:\/\/turijnmagazijn.nl\/wp-content\/uploads\/2021\/02\/turijnmagazijnlogo.png","width":555,"height":270,"caption":"Turijnmagazijn"},"image":{"@id":"https:\/\/turijnmagazijn.jumpstone-dev.nl\/#\/schema\/logo\/image\/"},"sameAs":["https:\/\/www.facebook.com\/turijnmagazijn"]}]}},"_links":{"self":[{"href":"https:\/\/turijnmagazijn.nl\/fr\/wp-json\/wp\/v2\/product\/63877","targetHints":{"allow":["GET"]}}],"collection":[{"href":"https:\/\/turijnmagazijn.nl\/fr\/wp-json\/wp\/v2\/product"}],"about":[{"href":"https:\/\/turijnmagazijn.nl\/fr\/wp-json\/wp\/v2\/types\/product"}],"replies":[{"embeddable":true,"href":"https:\/\/turijnmagazijn.nl\/fr\/wp-json\/wp\/v2\/comments?post=63877"}],"wp:featuredmedia":[{"embeddable":true,"href":"https:\/\/turijnmagazijn.nl\/fr\/wp-json\/wp\/v2\/media\/42488"}],"wp:attachment":[{"href":"https:\/\/turijnmagazijn.nl\/fr\/wp-json\/wp\/v2\/media?parent=63877"}],"wp:term":[{"taxonomy":"product_brand","embeddable":true,"href":"https:\/\/turijnmagazijn.nl\/fr\/wp-json\/wp\/v2\/product_brand?post=63877"},{"taxonomy":"product_cat","embeddable":true,"href":"https:\/\/turijnmagazijn.nl\/fr\/wp-json\/wp\/v2\/product_cat?post=63877"},{"taxonomy":"product_tag","embeddable":true,"href":"https:\/\/turijnmagazijn.nl\/fr\/wp-json\/wp\/v2\/product_tag?post=63877"}],"curies":[{"name":"wp","href":"https:\/\/api.w.org\/{rel}","templated":true}]}}