{"id":63953,"date":"2023-03-03T09:15:46","date_gmt":"2023-03-03T08:15:46","guid":{"rendered":"https:\/\/turijnmagazijn.nl\/product\/argent-relay-control-eclairage-lancia-theme-fiat-croma\/"},"modified":"2023-07-26T14:21:36","modified_gmt":"2023-07-26T12:21:36","slug":"argent-relais-controle-eclairage-lancia-theme-fiat-croma","status":"publish","type":"product","link":"https:\/\/turijnmagazijn.nl\/fr\/produit\/argent-relais-controle-eclairage-lancia-theme-fiat-croma\/","title":{"rendered":"Argent Relay Control \u00c9clairage Lancia Th\u00e8me Fiat Croma"},"content":{"rendered":"<p>Relais argent\u00e9s pour l\u2019\u00e9clairage de contr\u00f4le (int\u00e9rieur) pour Lancia Thema et Fiat Croma, peut-\u00eatre aussi appliqu\u00e9 \u00e0 d\u2019autres types de Fiat et Lancia de ces ann\u00e9es. Le relais est \u00e0 4 p\u00f4les et est situ\u00e9 sur la Lancia Thema juste sous le tableau de bord c\u00f4t\u00e9 passager, juste sous la bo\u00eete \u00e0 gants.<\/p>\n<p>Fonctionne correctement d\u00e9mont\u00e9 \u00e0 partir d\u2019un th\u00e8me Lancia de l\u2019ann\u00e9e 1989.<\/p>\n<p>Inscriptions sur le relais :<br \/>SIPEA<br \/>1248<\/p>\n<p>Lancia OEM 82466189<\/p>\n","protected":false},"excerpt":{"rendered":"<p>\u00c9clairage de commande relais Lancia Theme Fiat Croma &#8211; \u00c9clairage de commande relais Lancia Theme Fiat CromaSilver \u00c9clairage de contr\u00f4le relais Lancia Theme Fiat Croma &#8211; Relais argent pour l\u2019\u00e9clairage de commande (int\u00e9rieur) pour Lancia  <\/p>\n","protected":false},"featured_media":42800,"comment_status":"open","ping_status":"closed","template":"","meta":{"_acf_changed":false},"product_brand":[],"product_cat":[1722,1690,1798,1896],"product_tag":[],"class_list":{"0":"post-63953","1":"product","2":"type-product","3":"status-publish","4":"has-post-thumbnail","6":"product_cat-croma-1-154-fr","7":"product_cat-fiat-fr","8":"product_cat-lancia-fr","9":"product_cat-thema-834-fr","10":"pa_soort-onderdeel-electronique-et-cables","11":"pa_soort-onderdeel-suspension-et-chassis","13":"first","14":"instock","15":"shipping-taxable","16":"purchasable","17":"product-type-simple"},"acf":[],"yoast_head":"<!-- This site is optimized with the Yoast SEO plugin v27.2 - https:\/\/yoast.com\/product\/yoast-seo-wordpress\/ -->\n<title>Argent Relay Control \u00c9clairage Lancia Th\u00e8me Fiat Croma - Turijnmagazijn<\/title>\n<meta name=\"robots\" content=\"index, follow, max-snippet:-1, max-image-preview:large, max-video-preview:-1\" \/>\n<link rel=\"canonical\" href=\"https:\/\/turijnmagazijn.nl\/fr\/produit\/argent-relais-controle-eclairage-lancia-theme-fiat-croma\/\" \/>\n<meta property=\"og:locale\" content=\"fr_FR\" \/>\n<meta property=\"og:type\" content=\"article\" \/>\n<meta property=\"og:title\" content=\"Argent Relay Control \u00c9clairage Lancia Th\u00e8me Fiat Croma - Turijnmagazijn\" \/>\n<meta property=\"og:description\" content=\"\u00c9clairage de commande relais Lancia Theme Fiat Croma - \u00c9clairage de commande relais Lancia Theme Fiat CromaSilver \u00c9clairage de contr\u00f4le relais Lancia Theme Fiat Croma - Relais argent pour l\u2019\u00e9clairage de commande (int\u00e9rieur) pour Lancia\" \/>\n<meta property=\"og:url\" content=\"https:\/\/turijnmagazijn.nl\/fr\/produit\/argent-relais-controle-eclairage-lancia-theme-fiat-croma\/\" \/>\n<meta property=\"og:site_name\" content=\"Turijnmagazijn\" \/>\n<meta property=\"article:publisher\" content=\"https:\/\/www.facebook.com\/turijnmagazijn\" \/>\n<meta property=\"article:modified_time\" content=\"2023-07-26T12:21:36+00:00\" \/>\n<meta property=\"og:image\" content=\"https:\/\/turijnmagazijn.jumpstone-dev.nl\/wp-content\/uploads\/2023\/03\/DK00101785_Zilver_Relais_aansturing_verlichting_Lancia_Thema_Fiat_Croma_2-1.jpg\" \/>\n\t<meta property=\"og:image:width\" content=\"800\" \/>\n\t<meta property=\"og:image:height\" content=\"600\" \/>\n\t<meta property=\"og:image:type\" content=\"image\/jpeg\" \/>\n<meta name=\"twitter:card\" content=\"summary_large_image\" \/>\n<script type=\"application\/ld+json\" class=\"yoast-schema-graph\">{\"@context\":\"https:\/\/schema.org\",\"@graph\":[{\"@type\":\"WebPage\",\"@id\":\"https:\/\/turijnmagazijn.nl\/fr\/produit\/argent-relais-controle-eclairage-lancia-theme-fiat-croma\/\",\"url\":\"https:\/\/turijnmagazijn.nl\/fr\/produit\/argent-relais-controle-eclairage-lancia-theme-fiat-croma\/\",\"name\":\"Argent Relay Control \u00c9clairage Lancia Th\u00e8me Fiat Croma - Turijnmagazijn\",\"isPartOf\":{\"@id\":\"https:\/\/turijnmagazijn.jumpstone-dev.nl\/#website\"},\"primaryImageOfPage\":{\"@id\":\"https:\/\/turijnmagazijn.nl\/fr\/produit\/argent-relais-controle-eclairage-lancia-theme-fiat-croma\/#primaryimage\"},\"image\":{\"@id\":\"https:\/\/turijnmagazijn.nl\/fr\/produit\/argent-relais-controle-eclairage-lancia-theme-fiat-croma\/#primaryimage\"},\"thumbnailUrl\":\"https:\/\/turijnmagazijn.nl\/wp-content\/uploads\/2023\/03\/DK00101785_Zilver_Relais_aansturing_verlichting_Lancia_Thema_Fiat_Croma_2-1.jpg\",\"datePublished\":\"2023-03-03T08:15:46+00:00\",\"dateModified\":\"2023-07-26T12:21:36+00:00\",\"breadcrumb\":{\"@id\":\"https:\/\/turijnmagazijn.nl\/fr\/produit\/argent-relais-controle-eclairage-lancia-theme-fiat-croma\/#breadcrumb\"},\"inLanguage\":\"fr-FR\",\"potentialAction\":[{\"@type\":\"ReadAction\",\"target\":[\"https:\/\/turijnmagazijn.nl\/fr\/produit\/argent-relais-controle-eclairage-lancia-theme-fiat-croma\/\"]}]},{\"@type\":\"ImageObject\",\"inLanguage\":\"fr-FR\",\"@id\":\"https:\/\/turijnmagazijn.nl\/fr\/produit\/argent-relais-controle-eclairage-lancia-theme-fiat-croma\/#primaryimage\",\"url\":\"https:\/\/turijnmagazijn.nl\/wp-content\/uploads\/2023\/03\/DK00101785_Zilver_Relais_aansturing_verlichting_Lancia_Thema_Fiat_Croma_2-1.jpg\",\"contentUrl\":\"https:\/\/turijnmagazijn.nl\/wp-content\/uploads\/2023\/03\/DK00101785_Zilver_Relais_aansturing_verlichting_Lancia_Thema_Fiat_Croma_2-1.jpg\",\"width\":800,\"height\":600},{\"@type\":\"BreadcrumbList\",\"@id\":\"https:\/\/turijnmagazijn.nl\/fr\/produit\/argent-relais-controle-eclairage-lancia-theme-fiat-croma\/#breadcrumb\",\"itemListElement\":[{\"@type\":\"ListItem\",\"position\":1,\"name\":\"Home\",\"item\":\"https:\/\/turijnmagazijn.nl\/fr\/\"},{\"@type\":\"ListItem\",\"position\":2,\"name\":\"Produits\",\"item\":\"https:\/\/turijnmagazijn.nl\/fr\/shop\/\"},{\"@type\":\"ListItem\",\"position\":3,\"name\":\"Argent Relay Control \u00c9clairage Lancia Th\u00e8me Fiat Croma\"}]},{\"@type\":\"WebSite\",\"@id\":\"https:\/\/turijnmagazijn.jumpstone-dev.nl\/#website\",\"url\":\"https:\/\/turijnmagazijn.jumpstone-dev.nl\/\",\"name\":\"Turijnmagazijn\",\"description\":\"Onderdelen nieuw en gebruikt - Fiat &amp; Lancia\",\"publisher\":{\"@id\":\"https:\/\/turijnmagazijn.jumpstone-dev.nl\/#organization\"},\"potentialAction\":[{\"@type\":\"SearchAction\",\"target\":{\"@type\":\"EntryPoint\",\"urlTemplate\":\"https:\/\/turijnmagazijn.jumpstone-dev.nl\/?s={search_term_string}\"},\"query-input\":{\"@type\":\"PropertyValueSpecification\",\"valueRequired\":true,\"valueName\":\"search_term_string\"}}],\"inLanguage\":\"fr-FR\"},{\"@type\":\"Organization\",\"@id\":\"https:\/\/turijnmagazijn.jumpstone-dev.nl\/#organization\",\"name\":\"Turijnmagazijn\",\"url\":\"https:\/\/turijnmagazijn.jumpstone-dev.nl\/\",\"logo\":{\"@type\":\"ImageObject\",\"inLanguage\":\"fr-FR\",\"@id\":\"https:\/\/turijnmagazijn.jumpstone-dev.nl\/#\/schema\/logo\/image\/\",\"url\":\"https:\/\/turijnmagazijn.nl\/wp-content\/uploads\/2021\/02\/turijnmagazijnlogo.png\",\"contentUrl\":\"https:\/\/turijnmagazijn.nl\/wp-content\/uploads\/2021\/02\/turijnmagazijnlogo.png\",\"width\":555,\"height\":270,\"caption\":\"Turijnmagazijn\"},\"image\":{\"@id\":\"https:\/\/turijnmagazijn.jumpstone-dev.nl\/#\/schema\/logo\/image\/\"},\"sameAs\":[\"https:\/\/www.facebook.com\/turijnmagazijn\"]}]}<\/script>\n<!-- \/ Yoast SEO plugin. -->","yoast_head_json":{"title":"Argent Relay Control \u00c9clairage Lancia Th\u00e8me Fiat Croma - Turijnmagazijn","robots":{"index":"index","follow":"follow","max-snippet":"max-snippet:-1","max-image-preview":"max-image-preview:large","max-video-preview":"max-video-preview:-1"},"canonical":"https:\/\/turijnmagazijn.nl\/fr\/produit\/argent-relais-controle-eclairage-lancia-theme-fiat-croma\/","og_locale":"fr_FR","og_type":"article","og_title":"Argent Relay Control \u00c9clairage Lancia Th\u00e8me Fiat Croma - Turijnmagazijn","og_description":"\u00c9clairage de commande relais Lancia Theme Fiat Croma - \u00c9clairage de commande relais Lancia Theme Fiat CromaSilver \u00c9clairage de contr\u00f4le relais Lancia Theme Fiat Croma - Relais argent pour l\u2019\u00e9clairage de commande (int\u00e9rieur) pour Lancia","og_url":"https:\/\/turijnmagazijn.nl\/fr\/produit\/argent-relais-controle-eclairage-lancia-theme-fiat-croma\/","og_site_name":"Turijnmagazijn","article_publisher":"https:\/\/www.facebook.com\/turijnmagazijn","article_modified_time":"2023-07-26T12:21:36+00:00","og_image":[{"width":800,"height":600,"url":"https:\/\/turijnmagazijn.jumpstone-dev.nl\/wp-content\/uploads\/2023\/03\/DK00101785_Zilver_Relais_aansturing_verlichting_Lancia_Thema_Fiat_Croma_2-1.jpg","type":"image\/jpeg"}],"twitter_card":"summary_large_image","schema":{"@context":"https:\/\/schema.org","@graph":[{"@type":"WebPage","@id":"https:\/\/turijnmagazijn.nl\/fr\/produit\/argent-relais-controle-eclairage-lancia-theme-fiat-croma\/","url":"https:\/\/turijnmagazijn.nl\/fr\/produit\/argent-relais-controle-eclairage-lancia-theme-fiat-croma\/","name":"Argent Relay Control \u00c9clairage Lancia Th\u00e8me Fiat Croma - Turijnmagazijn","isPartOf":{"@id":"https:\/\/turijnmagazijn.jumpstone-dev.nl\/#website"},"primaryImageOfPage":{"@id":"https:\/\/turijnmagazijn.nl\/fr\/produit\/argent-relais-controle-eclairage-lancia-theme-fiat-croma\/#primaryimage"},"image":{"@id":"https:\/\/turijnmagazijn.nl\/fr\/produit\/argent-relais-controle-eclairage-lancia-theme-fiat-croma\/#primaryimage"},"thumbnailUrl":"https:\/\/turijnmagazijn.nl\/wp-content\/uploads\/2023\/03\/DK00101785_Zilver_Relais_aansturing_verlichting_Lancia_Thema_Fiat_Croma_2-1.jpg","datePublished":"2023-03-03T08:15:46+00:00","dateModified":"2023-07-26T12:21:36+00:00","breadcrumb":{"@id":"https:\/\/turijnmagazijn.nl\/fr\/produit\/argent-relais-controle-eclairage-lancia-theme-fiat-croma\/#breadcrumb"},"inLanguage":"fr-FR","potentialAction":[{"@type":"ReadAction","target":["https:\/\/turijnmagazijn.nl\/fr\/produit\/argent-relais-controle-eclairage-lancia-theme-fiat-croma\/"]}]},{"@type":"ImageObject","inLanguage":"fr-FR","@id":"https:\/\/turijnmagazijn.nl\/fr\/produit\/argent-relais-controle-eclairage-lancia-theme-fiat-croma\/#primaryimage","url":"https:\/\/turijnmagazijn.nl\/wp-content\/uploads\/2023\/03\/DK00101785_Zilver_Relais_aansturing_verlichting_Lancia_Thema_Fiat_Croma_2-1.jpg","contentUrl":"https:\/\/turijnmagazijn.nl\/wp-content\/uploads\/2023\/03\/DK00101785_Zilver_Relais_aansturing_verlichting_Lancia_Thema_Fiat_Croma_2-1.jpg","width":800,"height":600},{"@type":"BreadcrumbList","@id":"https:\/\/turijnmagazijn.nl\/fr\/produit\/argent-relais-controle-eclairage-lancia-theme-fiat-croma\/#breadcrumb","itemListElement":[{"@type":"ListItem","position":1,"name":"Home","item":"https:\/\/turijnmagazijn.nl\/fr\/"},{"@type":"ListItem","position":2,"name":"Produits","item":"https:\/\/turijnmagazijn.nl\/fr\/shop\/"},{"@type":"ListItem","position":3,"name":"Argent Relay Control \u00c9clairage Lancia Th\u00e8me Fiat Croma"}]},{"@type":"WebSite","@id":"https:\/\/turijnmagazijn.jumpstone-dev.nl\/#website","url":"https:\/\/turijnmagazijn.jumpstone-dev.nl\/","name":"Turijnmagazijn","description":"Onderdelen nieuw en gebruikt - Fiat &amp; Lancia","publisher":{"@id":"https:\/\/turijnmagazijn.jumpstone-dev.nl\/#organization"},"potentialAction":[{"@type":"SearchAction","target":{"@type":"EntryPoint","urlTemplate":"https:\/\/turijnmagazijn.jumpstone-dev.nl\/?s={search_term_string}"},"query-input":{"@type":"PropertyValueSpecification","valueRequired":true,"valueName":"search_term_string"}}],"inLanguage":"fr-FR"},{"@type":"Organization","@id":"https:\/\/turijnmagazijn.jumpstone-dev.nl\/#organization","name":"Turijnmagazijn","url":"https:\/\/turijnmagazijn.jumpstone-dev.nl\/","logo":{"@type":"ImageObject","inLanguage":"fr-FR","@id":"https:\/\/turijnmagazijn.jumpstone-dev.nl\/#\/schema\/logo\/image\/","url":"https:\/\/turijnmagazijn.nl\/wp-content\/uploads\/2021\/02\/turijnmagazijnlogo.png","contentUrl":"https:\/\/turijnmagazijn.nl\/wp-content\/uploads\/2021\/02\/turijnmagazijnlogo.png","width":555,"height":270,"caption":"Turijnmagazijn"},"image":{"@id":"https:\/\/turijnmagazijn.jumpstone-dev.nl\/#\/schema\/logo\/image\/"},"sameAs":["https:\/\/www.facebook.com\/turijnmagazijn"]}]}},"_links":{"self":[{"href":"https:\/\/turijnmagazijn.nl\/fr\/wp-json\/wp\/v2\/product\/63953","targetHints":{"allow":["GET"]}}],"collection":[{"href":"https:\/\/turijnmagazijn.nl\/fr\/wp-json\/wp\/v2\/product"}],"about":[{"href":"https:\/\/turijnmagazijn.nl\/fr\/wp-json\/wp\/v2\/types\/product"}],"replies":[{"embeddable":true,"href":"https:\/\/turijnmagazijn.nl\/fr\/wp-json\/wp\/v2\/comments?post=63953"}],"wp:featuredmedia":[{"embeddable":true,"href":"https:\/\/turijnmagazijn.nl\/fr\/wp-json\/wp\/v2\/media\/42800"}],"wp:attachment":[{"href":"https:\/\/turijnmagazijn.nl\/fr\/wp-json\/wp\/v2\/media?parent=63953"}],"wp:term":[{"taxonomy":"product_brand","embeddable":true,"href":"https:\/\/turijnmagazijn.nl\/fr\/wp-json\/wp\/v2\/product_brand?post=63953"},{"taxonomy":"product_cat","embeddable":true,"href":"https:\/\/turijnmagazijn.nl\/fr\/wp-json\/wp\/v2\/product_cat?post=63953"},{"taxonomy":"product_tag","embeddable":true,"href":"https:\/\/turijnmagazijn.nl\/fr\/wp-json\/wp\/v2\/product_tag?post=63953"}],"curies":[{"name":"wp","href":"https:\/\/api.w.org\/{rel}","templated":true}]}}