{"id":63975,"date":"2023-03-03T08:15:46","date_gmt":"2023-03-03T07:15:46","guid":{"rendered":"https:\/\/turijnmagazijn.nl\/product\/support-de-boite-de-vitesses-bolt-special-delta-integrale\/"},"modified":"2024-11-04T17:13:37","modified_gmt":"2024-11-04T16:13:37","slug":"special-boulon-boite-de-vitesses-support-delta-integrale","status":"publish","type":"product","link":"https:\/\/turijnmagazijn.nl\/fr\/produit\/special-boulon-boite-de-vitesses-support-delta-integrale\/","title":{"rendered":"Support de bo\u00eete de vitesses Bolt sp\u00e9cial Delta Integrale"},"content":{"rendered":"<p>Boulon utilis\u00e9 pour le support de montage moteur \/ bo\u00eete de vitesses pour le montage de la bo\u00eete de vitesses sur le corps. Ce boulon a des filetages sur deux c\u00f4t\u00e9s et une partie fixe au milieu.<\/p>\n<p>Teopasable sur tous les mod\u00e8les int\u00e9graux.<\/p>\n<p>Lancia OEM 82429166<\/p>\n<p>Num\u00e9ro de pi\u00e8ce 11 sur le dessin technique de l&rsquo;EPER, num\u00e9ro de dessin 1000200003. 1 exemplaire est n\u00e9cessaire par voiture.<\/p>\n","protected":false},"excerpt":{"rendered":"<p>Support de bo\u00eete de vitesses sp\u00e9cial Bolt Delta Integrale &#8211; Boulon d\u2019occasion pour support de montage moteur \/ bo\u00eete de vitesses pour le montage de la bo\u00eete de vitesses sur la carrosserie.<\/p>\n","protected":false},"featured_media":42904,"comment_status":"open","ping_status":"closed","template":"","meta":{"_acf_changed":false},"product_brand":[],"product_cat":[1806,1821,1836,1830,1838,1798],"product_tag":[],"class_list":{"0":"post-63975","1":"product","2":"type-product","3":"status-publish","4":"has-post-thumbnail","6":"product_cat-delta-1-831-fr","7":"product_cat-hf-4wd-fr","8":"product_cat-integrale-16v-fr","9":"product_cat-integrale-8v-fr","10":"product_cat-integrale-evo-fr","11":"product_cat-lancia-fr","12":"pa_soort-onderdeel-moteur-et-accessoires","14":"first","15":"instock","16":"shipping-taxable","17":"purchasable","18":"product-type-simple"},"acf":[],"yoast_head":"<!-- This site is optimized with the Yoast SEO plugin v27.2 - https:\/\/yoast.com\/product\/yoast-seo-wordpress\/ -->\n<title>Support de bo\u00eete de vitesses Bolt sp\u00e9cial Delta Integrale - Turijnmagazijn<\/title>\n<meta name=\"robots\" content=\"index, follow, max-snippet:-1, max-image-preview:large, max-video-preview:-1\" \/>\n<link rel=\"canonical\" href=\"https:\/\/turijnmagazijn.nl\/fr\/produit\/special-boulon-boite-de-vitesses-support-delta-integrale\/\" \/>\n<meta property=\"og:locale\" content=\"fr_FR\" \/>\n<meta property=\"og:type\" content=\"article\" \/>\n<meta property=\"og:title\" content=\"Support de bo\u00eete de vitesses Bolt sp\u00e9cial Delta Integrale - Turijnmagazijn\" \/>\n<meta property=\"og:description\" content=\"Support de bo\u00eete de vitesses sp\u00e9cial Bolt Delta Integrale - Boulon d\u2019occasion pour support de montage moteur \/ bo\u00eete de vitesses pour le montage de la bo\u00eete de vitesses sur la carrosserie.\" \/>\n<meta property=\"og:url\" content=\"https:\/\/turijnmagazijn.nl\/fr\/produit\/special-boulon-boite-de-vitesses-support-delta-integrale\/\" \/>\n<meta property=\"og:site_name\" content=\"Turijnmagazijn\" \/>\n<meta property=\"article:publisher\" content=\"https:\/\/www.facebook.com\/turijnmagazijn\" \/>\n<meta property=\"article:modified_time\" content=\"2024-11-04T16:13:37+00:00\" \/>\n<meta property=\"og:image\" content=\"https:\/\/turijnmagazijn.nl\/wp-content\/uploads\/2023\/03\/DK0010179720Speciale20Bout20versnellingsbak20steun20Delta20Integrale201.jpg\" \/>\n\t<meta property=\"og:image:width\" content=\"800\" \/>\n\t<meta property=\"og:image:height\" content=\"600\" \/>\n\t<meta property=\"og:image:type\" content=\"image\/jpeg\" \/>\n<meta name=\"twitter:card\" content=\"summary_large_image\" \/>\n<script type=\"application\/ld+json\" class=\"yoast-schema-graph\">{\"@context\":\"https:\/\/schema.org\",\"@graph\":[{\"@type\":\"WebPage\",\"@id\":\"https:\/\/turijnmagazijn.nl\/fr\/produit\/special-boulon-boite-de-vitesses-support-delta-integrale\/\",\"url\":\"https:\/\/turijnmagazijn.nl\/fr\/produit\/special-boulon-boite-de-vitesses-support-delta-integrale\/\",\"name\":\"Support de bo\u00eete de vitesses Bolt sp\u00e9cial Delta Integrale - Turijnmagazijn\",\"isPartOf\":{\"@id\":\"https:\/\/turijnmagazijn.jumpstone-dev.nl\/#website\"},\"primaryImageOfPage\":{\"@id\":\"https:\/\/turijnmagazijn.nl\/fr\/produit\/special-boulon-boite-de-vitesses-support-delta-integrale\/#primaryimage\"},\"image\":{\"@id\":\"https:\/\/turijnmagazijn.nl\/fr\/produit\/special-boulon-boite-de-vitesses-support-delta-integrale\/#primaryimage\"},\"thumbnailUrl\":\"https:\/\/turijnmagazijn.nl\/wp-content\/uploads\/2023\/03\/DK0010179720Speciale20Bout20versnellingsbak20steun20Delta20Integrale201.jpg\",\"datePublished\":\"2023-03-03T07:15:46+00:00\",\"dateModified\":\"2024-11-04T16:13:37+00:00\",\"breadcrumb\":{\"@id\":\"https:\/\/turijnmagazijn.nl\/fr\/produit\/special-boulon-boite-de-vitesses-support-delta-integrale\/#breadcrumb\"},\"inLanguage\":\"fr-FR\",\"potentialAction\":[{\"@type\":\"ReadAction\",\"target\":[\"https:\/\/turijnmagazijn.nl\/fr\/produit\/special-boulon-boite-de-vitesses-support-delta-integrale\/\"]}]},{\"@type\":\"ImageObject\",\"inLanguage\":\"fr-FR\",\"@id\":\"https:\/\/turijnmagazijn.nl\/fr\/produit\/special-boulon-boite-de-vitesses-support-delta-integrale\/#primaryimage\",\"url\":\"https:\/\/turijnmagazijn.nl\/wp-content\/uploads\/2023\/03\/DK0010179720Speciale20Bout20versnellingsbak20steun20Delta20Integrale201.jpg\",\"contentUrl\":\"https:\/\/turijnmagazijn.nl\/wp-content\/uploads\/2023\/03\/DK0010179720Speciale20Bout20versnellingsbak20steun20Delta20Integrale201.jpg\",\"width\":800,\"height\":600},{\"@type\":\"BreadcrumbList\",\"@id\":\"https:\/\/turijnmagazijn.nl\/fr\/produit\/special-boulon-boite-de-vitesses-support-delta-integrale\/#breadcrumb\",\"itemListElement\":[{\"@type\":\"ListItem\",\"position\":1,\"name\":\"Home\",\"item\":\"https:\/\/turijnmagazijn.nl\/fr\/\"},{\"@type\":\"ListItem\",\"position\":2,\"name\":\"Produits\",\"item\":\"https:\/\/turijnmagazijn.nl\/fr\/shop\/\"},{\"@type\":\"ListItem\",\"position\":3,\"name\":\"Support de bo\u00eete de vitesses Bolt sp\u00e9cial Delta Integrale\"}]},{\"@type\":\"WebSite\",\"@id\":\"https:\/\/turijnmagazijn.jumpstone-dev.nl\/#website\",\"url\":\"https:\/\/turijnmagazijn.jumpstone-dev.nl\/\",\"name\":\"Turijnmagazijn\",\"description\":\"Onderdelen nieuw en gebruikt - Fiat &amp; Lancia\",\"publisher\":{\"@id\":\"https:\/\/turijnmagazijn.jumpstone-dev.nl\/#organization\"},\"potentialAction\":[{\"@type\":\"SearchAction\",\"target\":{\"@type\":\"EntryPoint\",\"urlTemplate\":\"https:\/\/turijnmagazijn.jumpstone-dev.nl\/?s={search_term_string}\"},\"query-input\":{\"@type\":\"PropertyValueSpecification\",\"valueRequired\":true,\"valueName\":\"search_term_string\"}}],\"inLanguage\":\"fr-FR\"},{\"@type\":\"Organization\",\"@id\":\"https:\/\/turijnmagazijn.jumpstone-dev.nl\/#organization\",\"name\":\"Turijnmagazijn\",\"url\":\"https:\/\/turijnmagazijn.jumpstone-dev.nl\/\",\"logo\":{\"@type\":\"ImageObject\",\"inLanguage\":\"fr-FR\",\"@id\":\"https:\/\/turijnmagazijn.jumpstone-dev.nl\/#\/schema\/logo\/image\/\",\"url\":\"https:\/\/turijnmagazijn.nl\/wp-content\/uploads\/2021\/02\/turijnmagazijnlogo.png\",\"contentUrl\":\"https:\/\/turijnmagazijn.nl\/wp-content\/uploads\/2021\/02\/turijnmagazijnlogo.png\",\"width\":555,\"height\":270,\"caption\":\"Turijnmagazijn\"},\"image\":{\"@id\":\"https:\/\/turijnmagazijn.jumpstone-dev.nl\/#\/schema\/logo\/image\/\"},\"sameAs\":[\"https:\/\/www.facebook.com\/turijnmagazijn\"]}]}<\/script>\n<!-- \/ Yoast SEO plugin. -->","yoast_head_json":{"title":"Support de bo\u00eete de vitesses Bolt sp\u00e9cial Delta Integrale - Turijnmagazijn","robots":{"index":"index","follow":"follow","max-snippet":"max-snippet:-1","max-image-preview":"max-image-preview:large","max-video-preview":"max-video-preview:-1"},"canonical":"https:\/\/turijnmagazijn.nl\/fr\/produit\/special-boulon-boite-de-vitesses-support-delta-integrale\/","og_locale":"fr_FR","og_type":"article","og_title":"Support de bo\u00eete de vitesses Bolt sp\u00e9cial Delta Integrale - Turijnmagazijn","og_description":"Support de bo\u00eete de vitesses sp\u00e9cial Bolt Delta Integrale - Boulon d\u2019occasion pour support de montage moteur \/ bo\u00eete de vitesses pour le montage de la bo\u00eete de vitesses sur la carrosserie.","og_url":"https:\/\/turijnmagazijn.nl\/fr\/produit\/special-boulon-boite-de-vitesses-support-delta-integrale\/","og_site_name":"Turijnmagazijn","article_publisher":"https:\/\/www.facebook.com\/turijnmagazijn","article_modified_time":"2024-11-04T16:13:37+00:00","og_image":[{"width":800,"height":600,"url":"https:\/\/turijnmagazijn.nl\/wp-content\/uploads\/2023\/03\/DK0010179720Speciale20Bout20versnellingsbak20steun20Delta20Integrale201.jpg","type":"image\/jpeg"}],"twitter_card":"summary_large_image","schema":{"@context":"https:\/\/schema.org","@graph":[{"@type":"WebPage","@id":"https:\/\/turijnmagazijn.nl\/fr\/produit\/special-boulon-boite-de-vitesses-support-delta-integrale\/","url":"https:\/\/turijnmagazijn.nl\/fr\/produit\/special-boulon-boite-de-vitesses-support-delta-integrale\/","name":"Support de bo\u00eete de vitesses Bolt sp\u00e9cial Delta Integrale - Turijnmagazijn","isPartOf":{"@id":"https:\/\/turijnmagazijn.jumpstone-dev.nl\/#website"},"primaryImageOfPage":{"@id":"https:\/\/turijnmagazijn.nl\/fr\/produit\/special-boulon-boite-de-vitesses-support-delta-integrale\/#primaryimage"},"image":{"@id":"https:\/\/turijnmagazijn.nl\/fr\/produit\/special-boulon-boite-de-vitesses-support-delta-integrale\/#primaryimage"},"thumbnailUrl":"https:\/\/turijnmagazijn.nl\/wp-content\/uploads\/2023\/03\/DK0010179720Speciale20Bout20versnellingsbak20steun20Delta20Integrale201.jpg","datePublished":"2023-03-03T07:15:46+00:00","dateModified":"2024-11-04T16:13:37+00:00","breadcrumb":{"@id":"https:\/\/turijnmagazijn.nl\/fr\/produit\/special-boulon-boite-de-vitesses-support-delta-integrale\/#breadcrumb"},"inLanguage":"fr-FR","potentialAction":[{"@type":"ReadAction","target":["https:\/\/turijnmagazijn.nl\/fr\/produit\/special-boulon-boite-de-vitesses-support-delta-integrale\/"]}]},{"@type":"ImageObject","inLanguage":"fr-FR","@id":"https:\/\/turijnmagazijn.nl\/fr\/produit\/special-boulon-boite-de-vitesses-support-delta-integrale\/#primaryimage","url":"https:\/\/turijnmagazijn.nl\/wp-content\/uploads\/2023\/03\/DK0010179720Speciale20Bout20versnellingsbak20steun20Delta20Integrale201.jpg","contentUrl":"https:\/\/turijnmagazijn.nl\/wp-content\/uploads\/2023\/03\/DK0010179720Speciale20Bout20versnellingsbak20steun20Delta20Integrale201.jpg","width":800,"height":600},{"@type":"BreadcrumbList","@id":"https:\/\/turijnmagazijn.nl\/fr\/produit\/special-boulon-boite-de-vitesses-support-delta-integrale\/#breadcrumb","itemListElement":[{"@type":"ListItem","position":1,"name":"Home","item":"https:\/\/turijnmagazijn.nl\/fr\/"},{"@type":"ListItem","position":2,"name":"Produits","item":"https:\/\/turijnmagazijn.nl\/fr\/shop\/"},{"@type":"ListItem","position":3,"name":"Support de bo\u00eete de vitesses Bolt sp\u00e9cial Delta Integrale"}]},{"@type":"WebSite","@id":"https:\/\/turijnmagazijn.jumpstone-dev.nl\/#website","url":"https:\/\/turijnmagazijn.jumpstone-dev.nl\/","name":"Turijnmagazijn","description":"Onderdelen nieuw en gebruikt - Fiat &amp; Lancia","publisher":{"@id":"https:\/\/turijnmagazijn.jumpstone-dev.nl\/#organization"},"potentialAction":[{"@type":"SearchAction","target":{"@type":"EntryPoint","urlTemplate":"https:\/\/turijnmagazijn.jumpstone-dev.nl\/?s={search_term_string}"},"query-input":{"@type":"PropertyValueSpecification","valueRequired":true,"valueName":"search_term_string"}}],"inLanguage":"fr-FR"},{"@type":"Organization","@id":"https:\/\/turijnmagazijn.jumpstone-dev.nl\/#organization","name":"Turijnmagazijn","url":"https:\/\/turijnmagazijn.jumpstone-dev.nl\/","logo":{"@type":"ImageObject","inLanguage":"fr-FR","@id":"https:\/\/turijnmagazijn.jumpstone-dev.nl\/#\/schema\/logo\/image\/","url":"https:\/\/turijnmagazijn.nl\/wp-content\/uploads\/2021\/02\/turijnmagazijnlogo.png","contentUrl":"https:\/\/turijnmagazijn.nl\/wp-content\/uploads\/2021\/02\/turijnmagazijnlogo.png","width":555,"height":270,"caption":"Turijnmagazijn"},"image":{"@id":"https:\/\/turijnmagazijn.jumpstone-dev.nl\/#\/schema\/logo\/image\/"},"sameAs":["https:\/\/www.facebook.com\/turijnmagazijn"]}]}},"_links":{"self":[{"href":"https:\/\/turijnmagazijn.nl\/fr\/wp-json\/wp\/v2\/product\/63975","targetHints":{"allow":["GET"]}}],"collection":[{"href":"https:\/\/turijnmagazijn.nl\/fr\/wp-json\/wp\/v2\/product"}],"about":[{"href":"https:\/\/turijnmagazijn.nl\/fr\/wp-json\/wp\/v2\/types\/product"}],"replies":[{"embeddable":true,"href":"https:\/\/turijnmagazijn.nl\/fr\/wp-json\/wp\/v2\/comments?post=63975"}],"wp:featuredmedia":[{"embeddable":true,"href":"https:\/\/turijnmagazijn.nl\/fr\/wp-json\/wp\/v2\/media\/42904"}],"wp:attachment":[{"href":"https:\/\/turijnmagazijn.nl\/fr\/wp-json\/wp\/v2\/media?parent=63975"}],"wp:term":[{"taxonomy":"product_brand","embeddable":true,"href":"https:\/\/turijnmagazijn.nl\/fr\/wp-json\/wp\/v2\/product_brand?post=63975"},{"taxonomy":"product_cat","embeddable":true,"href":"https:\/\/turijnmagazijn.nl\/fr\/wp-json\/wp\/v2\/product_cat?post=63975"},{"taxonomy":"product_tag","embeddable":true,"href":"https:\/\/turijnmagazijn.nl\/fr\/wp-json\/wp\/v2\/product_tag?post=63975"}],"curies":[{"name":"wp","href":"https:\/\/api.w.org\/{rel}","templated":true}]}}