{"id":64022,"date":"2023-03-03T08:15:03","date_gmt":"2023-03-03T07:15:03","guid":{"rendered":"https:\/\/turijnmagazijn.nl\/product\/couvercle-de-retroviseur-en-bas-gauche-retroviseur-exterieur-lancia-kappa-delta-ii-thema-i\/"},"modified":"2025-09-26T10:22:04","modified_gmt":"2025-09-26T08:22:04","slug":"capuchon-miroir-gauche-bas-exterieur-miroir-lancia-kappa-delta-ii-theme-i","status":"publish","type":"product","link":"https:\/\/turijnmagazijn.nl\/fr\/produit\/capuchon-miroir-gauche-bas-exterieur-miroir-lancia-kappa-delta-ii-theme-i\/","title":{"rendered":"Couvercle de r\u00e9troviseur en bas gauche r\u00e9troviseur ext\u00e9rieur Lancia Kappa Delta II Thema I"},"content":{"rendered":"<p><a href=\"https:\/\/turijnmagazijn.nl\/fr\/expedition-par-boite-aux-lettres\/\" target=\"\" style=\"background-color: rgb(255, 255, 255); color: rgb(35, 82, 124); outline: 0px;\" rel=\"noopener\"><img decoding=\"async\" src=\"https:\/\/www.delenkorf.nl\/image\/catalog\/brievenbus.png\"><\/a><\/p>\n<p>Capot d\u00e9coratif pour le r\u00e9troviseur de l\u2019aile gauche pour Lancia Kappa, Delta II ou Theme I. Ce capot d\u00e9coratif provient d\u2019une berline Kappa construite en 1995 mais peut \u00eatre appliqu\u00e9 \u00e0 tous les mod\u00e8les Kappa (berline SW et Coup\u00e2\u00e2) \u00a9 mais aussi \u00e0 Lancia Theme type 1 et Lancia Delta du second type.<\/p>\n<p>La capuche est ex\u00e9cut\u00e9e dans la couleur de la carrosserie, dans ce cas Blu Lancia. Il y a des fissures dans la peinture et dans un coin, la peinture est d\u00e9coll\u00e9e.<\/p>\n<p>Inscription sur l\u2019unit\u00e9 :<br \/>Vitaloni<br \/>Gilardini<br \/>51227<br \/>0151227<br \/>8139672<br \/>S<\/p>\n<p>Lancia&nbsp;OEM 5896116<\/p>\n","protected":false},"excerpt":{"rendered":"<p>Couvercle de r\u00e9troviseur inf\u00e9rieur gauche Lancia Kappa Delta II Theme I &#8211; Capot d\u00e9coratif pour r\u00e9troviseur gauche pour Lancia Kappa, Delta II ou Theme I.<\/p>\n","protected":false},"featured_media":42204,"comment_status":"open","ping_status":"closed","template":"","meta":{"_acf_changed":false},"product_brand":[],"product_cat":[1865,1841,1860,1798,1870,1896],"product_tag":[],"class_list":{"0":"post-64022","1":"product","2":"type-product","3":"status-publish","4":"has-post-thumbnail","6":"product_cat-coupe-fr","7":"product_cat-delta-2-836-fr","8":"product_cat-kappa-838-fr","9":"product_cat-lancia-fr","10":"product_cat-sw-fr","11":"product_cat-thema-834-fr","12":"pa_soort-onderdeel-miroirs","14":"first","15":"instock","16":"shipping-taxable","17":"purchasable","18":"product-type-simple"},"acf":[],"yoast_head":"<!-- This site is optimized with the Yoast SEO plugin v27.3 - https:\/\/yoast.com\/product\/yoast-seo-wordpress\/ -->\n<title>Couvercle de r\u00e9troviseur en bas gauche r\u00e9troviseur ext\u00e9rieur Lancia Kappa Delta II Thema I - Turijnmagazijn<\/title>\n<meta name=\"robots\" content=\"index, follow, max-snippet:-1, max-image-preview:large, max-video-preview:-1\" \/>\n<link rel=\"canonical\" href=\"https:\/\/turijnmagazijn.nl\/fr\/produit\/capuchon-miroir-gauche-bas-exterieur-miroir-lancia-kappa-delta-ii-theme-i\/\" \/>\n<meta property=\"og:locale\" content=\"fr_FR\" \/>\n<meta property=\"og:type\" content=\"article\" \/>\n<meta property=\"og:title\" content=\"Couvercle de r\u00e9troviseur en bas gauche r\u00e9troviseur ext\u00e9rieur Lancia Kappa Delta II Thema I - Turijnmagazijn\" \/>\n<meta property=\"og:description\" content=\"Couvercle de r\u00e9troviseur inf\u00e9rieur gauche Lancia Kappa Delta II Theme I - Capot d\u00e9coratif pour r\u00e9troviseur gauche pour Lancia Kappa, Delta II ou Theme I.\" \/>\n<meta property=\"og:url\" content=\"https:\/\/turijnmagazijn.nl\/fr\/produit\/capuchon-miroir-gauche-bas-exterieur-miroir-lancia-kappa-delta-ii-theme-i\/\" \/>\n<meta property=\"og:site_name\" content=\"Turijnmagazijn\" \/>\n<meta property=\"article:publisher\" content=\"https:\/\/www.facebook.com\/turijnmagazijn\" \/>\n<meta property=\"article:modified_time\" content=\"2025-09-26T08:22:04+00:00\" \/>\n<meta property=\"og:image\" content=\"https:\/\/turijnmagazijn.nl\/wp-content\/uploads\/2023\/03\/DK00101701_Spiegelkap_links_onderzijde_buitenspiegel_Lancia_Kappa_Delta_II_Thema_I_1-1.jpg\" \/>\n\t<meta property=\"og:image:width\" content=\"800\" \/>\n\t<meta property=\"og:image:height\" content=\"600\" \/>\n\t<meta property=\"og:image:type\" content=\"image\/jpeg\" \/>\n<meta name=\"twitter:card\" content=\"summary_large_image\" \/>\n<script type=\"application\/ld+json\" class=\"yoast-schema-graph\">{\"@context\":\"https:\\\/\\\/schema.org\",\"@graph\":[{\"@type\":\"WebPage\",\"@id\":\"https:\\\/\\\/turijnmagazijn.nl\\\/fr\\\/produit\\\/capuchon-miroir-gauche-bas-exterieur-miroir-lancia-kappa-delta-ii-theme-i\\\/\",\"url\":\"https:\\\/\\\/turijnmagazijn.nl\\\/fr\\\/produit\\\/capuchon-miroir-gauche-bas-exterieur-miroir-lancia-kappa-delta-ii-theme-i\\\/\",\"name\":\"Couvercle de r\u00e9troviseur en bas gauche r\u00e9troviseur ext\u00e9rieur Lancia Kappa Delta II Thema I - Turijnmagazijn\",\"isPartOf\":{\"@id\":\"https:\\\/\\\/turijnmagazijn.jumpstone-dev.nl\\\/#website\"},\"primaryImageOfPage\":{\"@id\":\"https:\\\/\\\/turijnmagazijn.nl\\\/fr\\\/produit\\\/capuchon-miroir-gauche-bas-exterieur-miroir-lancia-kappa-delta-ii-theme-i\\\/#primaryimage\"},\"image\":{\"@id\":\"https:\\\/\\\/turijnmagazijn.nl\\\/fr\\\/produit\\\/capuchon-miroir-gauche-bas-exterieur-miroir-lancia-kappa-delta-ii-theme-i\\\/#primaryimage\"},\"thumbnailUrl\":\"https:\\\/\\\/turijnmagazijn.nl\\\/wp-content\\\/uploads\\\/2023\\\/03\\\/DK00101701_Spiegelkap_links_onderzijde_buitenspiegel_Lancia_Kappa_Delta_II_Thema_I_1-1.jpg\",\"datePublished\":\"2023-03-03T07:15:03+00:00\",\"dateModified\":\"2025-09-26T08:22:04+00:00\",\"breadcrumb\":{\"@id\":\"https:\\\/\\\/turijnmagazijn.nl\\\/fr\\\/produit\\\/capuchon-miroir-gauche-bas-exterieur-miroir-lancia-kappa-delta-ii-theme-i\\\/#breadcrumb\"},\"inLanguage\":\"fr-FR\",\"potentialAction\":[{\"@type\":\"ReadAction\",\"target\":[\"https:\\\/\\\/turijnmagazijn.nl\\\/fr\\\/produit\\\/capuchon-miroir-gauche-bas-exterieur-miroir-lancia-kappa-delta-ii-theme-i\\\/\"]}]},{\"@type\":\"ImageObject\",\"inLanguage\":\"fr-FR\",\"@id\":\"https:\\\/\\\/turijnmagazijn.nl\\\/fr\\\/produit\\\/capuchon-miroir-gauche-bas-exterieur-miroir-lancia-kappa-delta-ii-theme-i\\\/#primaryimage\",\"url\":\"https:\\\/\\\/turijnmagazijn.nl\\\/wp-content\\\/uploads\\\/2023\\\/03\\\/DK00101701_Spiegelkap_links_onderzijde_buitenspiegel_Lancia_Kappa_Delta_II_Thema_I_1-1.jpg\",\"contentUrl\":\"https:\\\/\\\/turijnmagazijn.nl\\\/wp-content\\\/uploads\\\/2023\\\/03\\\/DK00101701_Spiegelkap_links_onderzijde_buitenspiegel_Lancia_Kappa_Delta_II_Thema_I_1-1.jpg\",\"width\":800,\"height\":600},{\"@type\":\"BreadcrumbList\",\"@id\":\"https:\\\/\\\/turijnmagazijn.nl\\\/fr\\\/produit\\\/capuchon-miroir-gauche-bas-exterieur-miroir-lancia-kappa-delta-ii-theme-i\\\/#breadcrumb\",\"itemListElement\":[{\"@type\":\"ListItem\",\"position\":1,\"name\":\"Home\",\"item\":\"https:\\\/\\\/turijnmagazijn.nl\\\/fr\\\/\"},{\"@type\":\"ListItem\",\"position\":2,\"name\":\"Produits\",\"item\":\"https:\\\/\\\/turijnmagazijn.nl\\\/fr\\\/shop\\\/\"},{\"@type\":\"ListItem\",\"position\":3,\"name\":\"Couvercle de r\u00e9troviseur en bas gauche r\u00e9troviseur ext\u00e9rieur Lancia Kappa Delta II Thema I\"}]},{\"@type\":\"WebSite\",\"@id\":\"https:\\\/\\\/turijnmagazijn.jumpstone-dev.nl\\\/#website\",\"url\":\"https:\\\/\\\/turijnmagazijn.jumpstone-dev.nl\\\/\",\"name\":\"Turijnmagazijn\",\"description\":\"Onderdelen nieuw en gebruikt - Fiat &amp; Lancia\",\"publisher\":{\"@id\":\"https:\\\/\\\/turijnmagazijn.jumpstone-dev.nl\\\/#organization\"},\"potentialAction\":[{\"@type\":\"SearchAction\",\"target\":{\"@type\":\"EntryPoint\",\"urlTemplate\":\"https:\\\/\\\/turijnmagazijn.jumpstone-dev.nl\\\/?s={search_term_string}\"},\"query-input\":{\"@type\":\"PropertyValueSpecification\",\"valueRequired\":true,\"valueName\":\"search_term_string\"}}],\"inLanguage\":\"fr-FR\"},{\"@type\":\"Organization\",\"@id\":\"https:\\\/\\\/turijnmagazijn.jumpstone-dev.nl\\\/#organization\",\"name\":\"Turijnmagazijn\",\"url\":\"https:\\\/\\\/turijnmagazijn.jumpstone-dev.nl\\\/\",\"logo\":{\"@type\":\"ImageObject\",\"inLanguage\":\"fr-FR\",\"@id\":\"https:\\\/\\\/turijnmagazijn.jumpstone-dev.nl\\\/#\\\/schema\\\/logo\\\/image\\\/\",\"url\":\"https:\\\/\\\/turijnmagazijn.nl\\\/wp-content\\\/uploads\\\/2021\\\/02\\\/turijnmagazijnlogo.png\",\"contentUrl\":\"https:\\\/\\\/turijnmagazijn.nl\\\/wp-content\\\/uploads\\\/2021\\\/02\\\/turijnmagazijnlogo.png\",\"width\":555,\"height\":270,\"caption\":\"Turijnmagazijn\"},\"image\":{\"@id\":\"https:\\\/\\\/turijnmagazijn.jumpstone-dev.nl\\\/#\\\/schema\\\/logo\\\/image\\\/\"},\"sameAs\":[\"https:\\\/\\\/www.facebook.com\\\/turijnmagazijn\"]}]}<\/script>\n<!-- \/ Yoast SEO plugin. -->","yoast_head_json":{"title":"Couvercle de r\u00e9troviseur en bas gauche r\u00e9troviseur ext\u00e9rieur Lancia Kappa Delta II Thema I - Turijnmagazijn","robots":{"index":"index","follow":"follow","max-snippet":"max-snippet:-1","max-image-preview":"max-image-preview:large","max-video-preview":"max-video-preview:-1"},"canonical":"https:\/\/turijnmagazijn.nl\/fr\/produit\/capuchon-miroir-gauche-bas-exterieur-miroir-lancia-kappa-delta-ii-theme-i\/","og_locale":"fr_FR","og_type":"article","og_title":"Couvercle de r\u00e9troviseur en bas gauche r\u00e9troviseur ext\u00e9rieur Lancia Kappa Delta II Thema I - Turijnmagazijn","og_description":"Couvercle de r\u00e9troviseur inf\u00e9rieur gauche Lancia Kappa Delta II Theme I - Capot d\u00e9coratif pour r\u00e9troviseur gauche pour Lancia Kappa, Delta II ou Theme I.","og_url":"https:\/\/turijnmagazijn.nl\/fr\/produit\/capuchon-miroir-gauche-bas-exterieur-miroir-lancia-kappa-delta-ii-theme-i\/","og_site_name":"Turijnmagazijn","article_publisher":"https:\/\/www.facebook.com\/turijnmagazijn","article_modified_time":"2025-09-26T08:22:04+00:00","og_image":[{"width":800,"height":600,"url":"https:\/\/turijnmagazijn.nl\/wp-content\/uploads\/2023\/03\/DK00101701_Spiegelkap_links_onderzijde_buitenspiegel_Lancia_Kappa_Delta_II_Thema_I_1-1.jpg","type":"image\/jpeg"}],"twitter_card":"summary_large_image","schema":{"@context":"https:\/\/schema.org","@graph":[{"@type":"WebPage","@id":"https:\/\/turijnmagazijn.nl\/fr\/produit\/capuchon-miroir-gauche-bas-exterieur-miroir-lancia-kappa-delta-ii-theme-i\/","url":"https:\/\/turijnmagazijn.nl\/fr\/produit\/capuchon-miroir-gauche-bas-exterieur-miroir-lancia-kappa-delta-ii-theme-i\/","name":"Couvercle de r\u00e9troviseur en bas gauche r\u00e9troviseur ext\u00e9rieur Lancia Kappa Delta II Thema I - Turijnmagazijn","isPartOf":{"@id":"https:\/\/turijnmagazijn.jumpstone-dev.nl\/#website"},"primaryImageOfPage":{"@id":"https:\/\/turijnmagazijn.nl\/fr\/produit\/capuchon-miroir-gauche-bas-exterieur-miroir-lancia-kappa-delta-ii-theme-i\/#primaryimage"},"image":{"@id":"https:\/\/turijnmagazijn.nl\/fr\/produit\/capuchon-miroir-gauche-bas-exterieur-miroir-lancia-kappa-delta-ii-theme-i\/#primaryimage"},"thumbnailUrl":"https:\/\/turijnmagazijn.nl\/wp-content\/uploads\/2023\/03\/DK00101701_Spiegelkap_links_onderzijde_buitenspiegel_Lancia_Kappa_Delta_II_Thema_I_1-1.jpg","datePublished":"2023-03-03T07:15:03+00:00","dateModified":"2025-09-26T08:22:04+00:00","breadcrumb":{"@id":"https:\/\/turijnmagazijn.nl\/fr\/produit\/capuchon-miroir-gauche-bas-exterieur-miroir-lancia-kappa-delta-ii-theme-i\/#breadcrumb"},"inLanguage":"fr-FR","potentialAction":[{"@type":"ReadAction","target":["https:\/\/turijnmagazijn.nl\/fr\/produit\/capuchon-miroir-gauche-bas-exterieur-miroir-lancia-kappa-delta-ii-theme-i\/"]}]},{"@type":"ImageObject","inLanguage":"fr-FR","@id":"https:\/\/turijnmagazijn.nl\/fr\/produit\/capuchon-miroir-gauche-bas-exterieur-miroir-lancia-kappa-delta-ii-theme-i\/#primaryimage","url":"https:\/\/turijnmagazijn.nl\/wp-content\/uploads\/2023\/03\/DK00101701_Spiegelkap_links_onderzijde_buitenspiegel_Lancia_Kappa_Delta_II_Thema_I_1-1.jpg","contentUrl":"https:\/\/turijnmagazijn.nl\/wp-content\/uploads\/2023\/03\/DK00101701_Spiegelkap_links_onderzijde_buitenspiegel_Lancia_Kappa_Delta_II_Thema_I_1-1.jpg","width":800,"height":600},{"@type":"BreadcrumbList","@id":"https:\/\/turijnmagazijn.nl\/fr\/produit\/capuchon-miroir-gauche-bas-exterieur-miroir-lancia-kappa-delta-ii-theme-i\/#breadcrumb","itemListElement":[{"@type":"ListItem","position":1,"name":"Home","item":"https:\/\/turijnmagazijn.nl\/fr\/"},{"@type":"ListItem","position":2,"name":"Produits","item":"https:\/\/turijnmagazijn.nl\/fr\/shop\/"},{"@type":"ListItem","position":3,"name":"Couvercle de r\u00e9troviseur en bas gauche r\u00e9troviseur ext\u00e9rieur Lancia Kappa Delta II Thema I"}]},{"@type":"WebSite","@id":"https:\/\/turijnmagazijn.jumpstone-dev.nl\/#website","url":"https:\/\/turijnmagazijn.jumpstone-dev.nl\/","name":"Turijnmagazijn","description":"Onderdelen nieuw en gebruikt - Fiat &amp; Lancia","publisher":{"@id":"https:\/\/turijnmagazijn.jumpstone-dev.nl\/#organization"},"potentialAction":[{"@type":"SearchAction","target":{"@type":"EntryPoint","urlTemplate":"https:\/\/turijnmagazijn.jumpstone-dev.nl\/?s={search_term_string}"},"query-input":{"@type":"PropertyValueSpecification","valueRequired":true,"valueName":"search_term_string"}}],"inLanguage":"fr-FR"},{"@type":"Organization","@id":"https:\/\/turijnmagazijn.jumpstone-dev.nl\/#organization","name":"Turijnmagazijn","url":"https:\/\/turijnmagazijn.jumpstone-dev.nl\/","logo":{"@type":"ImageObject","inLanguage":"fr-FR","@id":"https:\/\/turijnmagazijn.jumpstone-dev.nl\/#\/schema\/logo\/image\/","url":"https:\/\/turijnmagazijn.nl\/wp-content\/uploads\/2021\/02\/turijnmagazijnlogo.png","contentUrl":"https:\/\/turijnmagazijn.nl\/wp-content\/uploads\/2021\/02\/turijnmagazijnlogo.png","width":555,"height":270,"caption":"Turijnmagazijn"},"image":{"@id":"https:\/\/turijnmagazijn.jumpstone-dev.nl\/#\/schema\/logo\/image\/"},"sameAs":["https:\/\/www.facebook.com\/turijnmagazijn"]}]}},"_links":{"self":[{"href":"https:\/\/turijnmagazijn.nl\/fr\/wp-json\/wp\/v2\/product\/64022","targetHints":{"allow":["GET"]}}],"collection":[{"href":"https:\/\/turijnmagazijn.nl\/fr\/wp-json\/wp\/v2\/product"}],"about":[{"href":"https:\/\/turijnmagazijn.nl\/fr\/wp-json\/wp\/v2\/types\/product"}],"replies":[{"embeddable":true,"href":"https:\/\/turijnmagazijn.nl\/fr\/wp-json\/wp\/v2\/comments?post=64022"}],"wp:featuredmedia":[{"embeddable":true,"href":"https:\/\/turijnmagazijn.nl\/fr\/wp-json\/wp\/v2\/media\/42204"}],"wp:attachment":[{"href":"https:\/\/turijnmagazijn.nl\/fr\/wp-json\/wp\/v2\/media?parent=64022"}],"wp:term":[{"taxonomy":"product_brand","embeddable":true,"href":"https:\/\/turijnmagazijn.nl\/fr\/wp-json\/wp\/v2\/product_brand?post=64022"},{"taxonomy":"product_cat","embeddable":true,"href":"https:\/\/turijnmagazijn.nl\/fr\/wp-json\/wp\/v2\/product_cat?post=64022"},{"taxonomy":"product_tag","embeddable":true,"href":"https:\/\/turijnmagazijn.nl\/fr\/wp-json\/wp\/v2\/product_tag?post=64022"}],"curies":[{"name":"wp","href":"https:\/\/api.w.org\/{rel}","templated":true}]}}