{"id":64028,"date":"2023-03-03T09:19:09","date_gmt":"2023-03-03T08:19:09","guid":{"rendered":"https:\/\/turijnmagazijn.nl\/product\/feu-de-brouillard-devant-droit-lancia-kappa\/"},"modified":"2023-07-26T14:17:47","modified_gmt":"2023-07-26T12:17:47","slug":"feu-brouillard-droite-avant-lancia-kappa","status":"publish","type":"product","link":"https:\/\/turijnmagazijn.nl\/fr\/produit\/feu-brouillard-droite-avant-lancia-kappa\/","title":{"rendered":"Feu de brouillard Devant droit Lancia Kappa"},"content":{"rendered":"<p>Feu de brouillard avant usag\u00e9 sur le c\u00f4t\u00e9 passager droit pour Lancia Kappa. Le feu antibrouillard est en bon \u00e9tat et provient d\u2019une berline Lancia Kappa construite en 1998. Le feu antibrouillard a des dommages communs \u00e0 la pierre concass\u00e9e mais est tr\u00e8s utilisable, et le r\u00e9flecteur est clair. Feu antibrouillard pour Lancia Kappa.<\/p>\n<p><span style=\"background-color: yellow;\">Le point de montage sur le c\u00f4t\u00e9 droit a \u00e9t\u00e9 partiellement d\u00e9moli. Le feu antibrouillard peut \u00eatre mont\u00e9. Il est \u00e9galement possible d\u2019utiliser l\u2019ancien bo\u00eetier et de transf\u00e9rer le verre.<\/span><\/p>\n<p>Inscriptions sur le verre de l\u2019unit\u00e9 et de la lentille:<br \/>02B E3 50805<br \/>D Carello<br \/>36760748<\/p>\n<p>Num\u00e9ro OEM Lancia&nbsp;<span style=\"color: rgb(6, 45, 104); font-family: Verdana; font-size: 10px; line-height: normal; text-align: -webkit-right; text-transform: uppercase; background-color: rgb(229, 229, 229);\">46437711<\/span><\/p>\n","protected":false},"excerpt":{"rendered":"<p>Feu brouillard avant droit Lancia Kappa &#8211; Feu brouillard avant droit c\u00f4t\u00e9 passager pour Lancia Kappa.Feu brouillard avant droit Lancia Kappa &#8211; Feu brouillard avant droit d\u2019occasion c\u00f4t\u00e9 passager avant droit pour Lancia Kappa.<\/p>\n","protected":false},"featured_media":46640,"comment_status":"open","ping_status":"closed","template":"","meta":{"_acf_changed":false},"product_brand":[],"product_cat":[1862,1865,1860,1798,1870],"product_tag":[],"class_list":{"0":"post-64028","1":"product","2":"type-product","3":"status-publish","4":"has-post-thumbnail","6":"product_cat-berlina-fr","7":"product_cat-coupe-fr","8":"product_cat-kappa-838-fr","9":"product_cat-lancia-fr","10":"product_cat-sw-fr","11":"pa_soort-onderdeel-eclairage","13":"first","14":"instock","15":"shipping-taxable","16":"purchasable","17":"product-type-simple"},"acf":[],"yoast_head":"<!-- This site is optimized with the Yoast SEO plugin v27.2 - https:\/\/yoast.com\/product\/yoast-seo-wordpress\/ -->\n<title>Feu de brouillard Devant droit Lancia Kappa - Turijnmagazijn<\/title>\n<meta name=\"robots\" content=\"index, follow, max-snippet:-1, max-image-preview:large, max-video-preview:-1\" \/>\n<link rel=\"canonical\" href=\"https:\/\/turijnmagazijn.nl\/fr\/produit\/feu-brouillard-droite-avant-lancia-kappa\/\" \/>\n<meta property=\"og:locale\" content=\"fr_FR\" \/>\n<meta property=\"og:type\" content=\"article\" \/>\n<meta property=\"og:title\" content=\"Feu de brouillard Devant droit Lancia Kappa - Turijnmagazijn\" \/>\n<meta property=\"og:description\" content=\"Feu brouillard avant droit Lancia Kappa - Feu brouillard avant droit c\u00f4t\u00e9 passager pour Lancia Kappa.Feu brouillard avant droit Lancia Kappa - Feu brouillard avant droit d\u2019occasion c\u00f4t\u00e9 passager avant droit pour Lancia Kappa.\" \/>\n<meta property=\"og:url\" content=\"https:\/\/turijnmagazijn.nl\/fr\/produit\/feu-brouillard-droite-avant-lancia-kappa\/\" \/>\n<meta property=\"og:site_name\" content=\"Turijnmagazijn\" \/>\n<meta property=\"article:publisher\" content=\"https:\/\/www.facebook.com\/turijnmagazijn\" \/>\n<meta property=\"article:modified_time\" content=\"2023-07-26T12:17:47+00:00\" \/>\n<meta property=\"og:image\" content=\"https:\/\/turijnmagazijn.jumpstone-dev.nl\/wp-content\/uploads\/2023\/03\/DK00102185-Mistlamp-Rechts-voorzijde-Lancia-Kappa-2-1.jpg\" \/>\n\t<meta property=\"og:image:width\" content=\"1024\" \/>\n\t<meta property=\"og:image:height\" content=\"768\" \/>\n\t<meta property=\"og:image:type\" content=\"image\/jpeg\" \/>\n<meta name=\"twitter:card\" content=\"summary_large_image\" \/>\n<meta name=\"twitter:label1\" content=\"Dur\u00e9e de lecture estim\u00e9e\" \/>\n\t<meta name=\"twitter:data1\" content=\"1 minute\" \/>\n<script type=\"application\/ld+json\" class=\"yoast-schema-graph\">{\"@context\":\"https:\/\/schema.org\",\"@graph\":[{\"@type\":\"WebPage\",\"@id\":\"https:\/\/turijnmagazijn.nl\/fr\/produit\/feu-brouillard-droite-avant-lancia-kappa\/\",\"url\":\"https:\/\/turijnmagazijn.nl\/fr\/produit\/feu-brouillard-droite-avant-lancia-kappa\/\",\"name\":\"Feu de brouillard Devant droit Lancia Kappa - Turijnmagazijn\",\"isPartOf\":{\"@id\":\"https:\/\/turijnmagazijn.jumpstone-dev.nl\/#website\"},\"primaryImageOfPage\":{\"@id\":\"https:\/\/turijnmagazijn.nl\/fr\/produit\/feu-brouillard-droite-avant-lancia-kappa\/#primaryimage\"},\"image\":{\"@id\":\"https:\/\/turijnmagazijn.nl\/fr\/produit\/feu-brouillard-droite-avant-lancia-kappa\/#primaryimage\"},\"thumbnailUrl\":\"https:\/\/turijnmagazijn.nl\/wp-content\/uploads\/2023\/03\/DK00102185-Mistlamp-Rechts-voorzijde-Lancia-Kappa-2-1.jpg\",\"datePublished\":\"2023-03-03T08:19:09+00:00\",\"dateModified\":\"2023-07-26T12:17:47+00:00\",\"breadcrumb\":{\"@id\":\"https:\/\/turijnmagazijn.nl\/fr\/produit\/feu-brouillard-droite-avant-lancia-kappa\/#breadcrumb\"},\"inLanguage\":\"fr-FR\",\"potentialAction\":[{\"@type\":\"ReadAction\",\"target\":[\"https:\/\/turijnmagazijn.nl\/fr\/produit\/feu-brouillard-droite-avant-lancia-kappa\/\"]}]},{\"@type\":\"ImageObject\",\"inLanguage\":\"fr-FR\",\"@id\":\"https:\/\/turijnmagazijn.nl\/fr\/produit\/feu-brouillard-droite-avant-lancia-kappa\/#primaryimage\",\"url\":\"https:\/\/turijnmagazijn.nl\/wp-content\/uploads\/2023\/03\/DK00102185-Mistlamp-Rechts-voorzijde-Lancia-Kappa-2-1.jpg\",\"contentUrl\":\"https:\/\/turijnmagazijn.nl\/wp-content\/uploads\/2023\/03\/DK00102185-Mistlamp-Rechts-voorzijde-Lancia-Kappa-2-1.jpg\",\"width\":1024,\"height\":768},{\"@type\":\"BreadcrumbList\",\"@id\":\"https:\/\/turijnmagazijn.nl\/fr\/produit\/feu-brouillard-droite-avant-lancia-kappa\/#breadcrumb\",\"itemListElement\":[{\"@type\":\"ListItem\",\"position\":1,\"name\":\"Home\",\"item\":\"https:\/\/turijnmagazijn.nl\/fr\/\"},{\"@type\":\"ListItem\",\"position\":2,\"name\":\"Produits\",\"item\":\"https:\/\/turijnmagazijn.nl\/fr\/shop\/\"},{\"@type\":\"ListItem\",\"position\":3,\"name\":\"Feu de brouillard Devant droit Lancia Kappa\"}]},{\"@type\":\"WebSite\",\"@id\":\"https:\/\/turijnmagazijn.jumpstone-dev.nl\/#website\",\"url\":\"https:\/\/turijnmagazijn.jumpstone-dev.nl\/\",\"name\":\"Turijnmagazijn\",\"description\":\"Onderdelen nieuw en gebruikt - Fiat &amp; Lancia\",\"publisher\":{\"@id\":\"https:\/\/turijnmagazijn.jumpstone-dev.nl\/#organization\"},\"potentialAction\":[{\"@type\":\"SearchAction\",\"target\":{\"@type\":\"EntryPoint\",\"urlTemplate\":\"https:\/\/turijnmagazijn.jumpstone-dev.nl\/?s={search_term_string}\"},\"query-input\":{\"@type\":\"PropertyValueSpecification\",\"valueRequired\":true,\"valueName\":\"search_term_string\"}}],\"inLanguage\":\"fr-FR\"},{\"@type\":\"Organization\",\"@id\":\"https:\/\/turijnmagazijn.jumpstone-dev.nl\/#organization\",\"name\":\"Turijnmagazijn\",\"url\":\"https:\/\/turijnmagazijn.jumpstone-dev.nl\/\",\"logo\":{\"@type\":\"ImageObject\",\"inLanguage\":\"fr-FR\",\"@id\":\"https:\/\/turijnmagazijn.jumpstone-dev.nl\/#\/schema\/logo\/image\/\",\"url\":\"https:\/\/turijnmagazijn.nl\/wp-content\/uploads\/2021\/02\/turijnmagazijnlogo.png\",\"contentUrl\":\"https:\/\/turijnmagazijn.nl\/wp-content\/uploads\/2021\/02\/turijnmagazijnlogo.png\",\"width\":555,\"height\":270,\"caption\":\"Turijnmagazijn\"},\"image\":{\"@id\":\"https:\/\/turijnmagazijn.jumpstone-dev.nl\/#\/schema\/logo\/image\/\"},\"sameAs\":[\"https:\/\/www.facebook.com\/turijnmagazijn\"]}]}<\/script>\n<!-- \/ Yoast SEO plugin. -->","yoast_head_json":{"title":"Feu de brouillard Devant droit Lancia Kappa - Turijnmagazijn","robots":{"index":"index","follow":"follow","max-snippet":"max-snippet:-1","max-image-preview":"max-image-preview:large","max-video-preview":"max-video-preview:-1"},"canonical":"https:\/\/turijnmagazijn.nl\/fr\/produit\/feu-brouillard-droite-avant-lancia-kappa\/","og_locale":"fr_FR","og_type":"article","og_title":"Feu de brouillard Devant droit Lancia Kappa - Turijnmagazijn","og_description":"Feu brouillard avant droit Lancia Kappa - Feu brouillard avant droit c\u00f4t\u00e9 passager pour Lancia Kappa.Feu brouillard avant droit Lancia Kappa - Feu brouillard avant droit d\u2019occasion c\u00f4t\u00e9 passager avant droit pour Lancia Kappa.","og_url":"https:\/\/turijnmagazijn.nl\/fr\/produit\/feu-brouillard-droite-avant-lancia-kappa\/","og_site_name":"Turijnmagazijn","article_publisher":"https:\/\/www.facebook.com\/turijnmagazijn","article_modified_time":"2023-07-26T12:17:47+00:00","og_image":[{"width":1024,"height":768,"url":"https:\/\/turijnmagazijn.jumpstone-dev.nl\/wp-content\/uploads\/2023\/03\/DK00102185-Mistlamp-Rechts-voorzijde-Lancia-Kappa-2-1.jpg","type":"image\/jpeg"}],"twitter_card":"summary_large_image","twitter_misc":{"Dur\u00e9e de lecture estim\u00e9e":"1 minute"},"schema":{"@context":"https:\/\/schema.org","@graph":[{"@type":"WebPage","@id":"https:\/\/turijnmagazijn.nl\/fr\/produit\/feu-brouillard-droite-avant-lancia-kappa\/","url":"https:\/\/turijnmagazijn.nl\/fr\/produit\/feu-brouillard-droite-avant-lancia-kappa\/","name":"Feu de brouillard Devant droit Lancia Kappa - Turijnmagazijn","isPartOf":{"@id":"https:\/\/turijnmagazijn.jumpstone-dev.nl\/#website"},"primaryImageOfPage":{"@id":"https:\/\/turijnmagazijn.nl\/fr\/produit\/feu-brouillard-droite-avant-lancia-kappa\/#primaryimage"},"image":{"@id":"https:\/\/turijnmagazijn.nl\/fr\/produit\/feu-brouillard-droite-avant-lancia-kappa\/#primaryimage"},"thumbnailUrl":"https:\/\/turijnmagazijn.nl\/wp-content\/uploads\/2023\/03\/DK00102185-Mistlamp-Rechts-voorzijde-Lancia-Kappa-2-1.jpg","datePublished":"2023-03-03T08:19:09+00:00","dateModified":"2023-07-26T12:17:47+00:00","breadcrumb":{"@id":"https:\/\/turijnmagazijn.nl\/fr\/produit\/feu-brouillard-droite-avant-lancia-kappa\/#breadcrumb"},"inLanguage":"fr-FR","potentialAction":[{"@type":"ReadAction","target":["https:\/\/turijnmagazijn.nl\/fr\/produit\/feu-brouillard-droite-avant-lancia-kappa\/"]}]},{"@type":"ImageObject","inLanguage":"fr-FR","@id":"https:\/\/turijnmagazijn.nl\/fr\/produit\/feu-brouillard-droite-avant-lancia-kappa\/#primaryimage","url":"https:\/\/turijnmagazijn.nl\/wp-content\/uploads\/2023\/03\/DK00102185-Mistlamp-Rechts-voorzijde-Lancia-Kappa-2-1.jpg","contentUrl":"https:\/\/turijnmagazijn.nl\/wp-content\/uploads\/2023\/03\/DK00102185-Mistlamp-Rechts-voorzijde-Lancia-Kappa-2-1.jpg","width":1024,"height":768},{"@type":"BreadcrumbList","@id":"https:\/\/turijnmagazijn.nl\/fr\/produit\/feu-brouillard-droite-avant-lancia-kappa\/#breadcrumb","itemListElement":[{"@type":"ListItem","position":1,"name":"Home","item":"https:\/\/turijnmagazijn.nl\/fr\/"},{"@type":"ListItem","position":2,"name":"Produits","item":"https:\/\/turijnmagazijn.nl\/fr\/shop\/"},{"@type":"ListItem","position":3,"name":"Feu de brouillard Devant droit Lancia Kappa"}]},{"@type":"WebSite","@id":"https:\/\/turijnmagazijn.jumpstone-dev.nl\/#website","url":"https:\/\/turijnmagazijn.jumpstone-dev.nl\/","name":"Turijnmagazijn","description":"Onderdelen nieuw en gebruikt - Fiat &amp; Lancia","publisher":{"@id":"https:\/\/turijnmagazijn.jumpstone-dev.nl\/#organization"},"potentialAction":[{"@type":"SearchAction","target":{"@type":"EntryPoint","urlTemplate":"https:\/\/turijnmagazijn.jumpstone-dev.nl\/?s={search_term_string}"},"query-input":{"@type":"PropertyValueSpecification","valueRequired":true,"valueName":"search_term_string"}}],"inLanguage":"fr-FR"},{"@type":"Organization","@id":"https:\/\/turijnmagazijn.jumpstone-dev.nl\/#organization","name":"Turijnmagazijn","url":"https:\/\/turijnmagazijn.jumpstone-dev.nl\/","logo":{"@type":"ImageObject","inLanguage":"fr-FR","@id":"https:\/\/turijnmagazijn.jumpstone-dev.nl\/#\/schema\/logo\/image\/","url":"https:\/\/turijnmagazijn.nl\/wp-content\/uploads\/2021\/02\/turijnmagazijnlogo.png","contentUrl":"https:\/\/turijnmagazijn.nl\/wp-content\/uploads\/2021\/02\/turijnmagazijnlogo.png","width":555,"height":270,"caption":"Turijnmagazijn"},"image":{"@id":"https:\/\/turijnmagazijn.jumpstone-dev.nl\/#\/schema\/logo\/image\/"},"sameAs":["https:\/\/www.facebook.com\/turijnmagazijn"]}]}},"_links":{"self":[{"href":"https:\/\/turijnmagazijn.nl\/fr\/wp-json\/wp\/v2\/product\/64028","targetHints":{"allow":["GET"]}}],"collection":[{"href":"https:\/\/turijnmagazijn.nl\/fr\/wp-json\/wp\/v2\/product"}],"about":[{"href":"https:\/\/turijnmagazijn.nl\/fr\/wp-json\/wp\/v2\/types\/product"}],"replies":[{"embeddable":true,"href":"https:\/\/turijnmagazijn.nl\/fr\/wp-json\/wp\/v2\/comments?post=64028"}],"wp:featuredmedia":[{"embeddable":true,"href":"https:\/\/turijnmagazijn.nl\/fr\/wp-json\/wp\/v2\/media\/46640"}],"wp:attachment":[{"href":"https:\/\/turijnmagazijn.nl\/fr\/wp-json\/wp\/v2\/media?parent=64028"}],"wp:term":[{"taxonomy":"product_brand","embeddable":true,"href":"https:\/\/turijnmagazijn.nl\/fr\/wp-json\/wp\/v2\/product_brand?post=64028"},{"taxonomy":"product_cat","embeddable":true,"href":"https:\/\/turijnmagazijn.nl\/fr\/wp-json\/wp\/v2\/product_cat?post=64028"},{"taxonomy":"product_tag","embeddable":true,"href":"https:\/\/turijnmagazijn.nl\/fr\/wp-json\/wp\/v2\/product_tag?post=64028"}],"curies":[{"name":"wp","href":"https:\/\/api.w.org\/{rel}","templated":true}]}}