{"id":64080,"date":"2023-03-03T08:19:27","date_gmt":"2023-03-03T07:19:27","guid":{"rendered":"https:\/\/turijnmagazijn.nl\/product\/prise-1-broche-avec-cable-pour-ventilateur-de-radiateur-ou-cablage-de-thermointerrupteur-cote-faisceau-lancia-delta-integrale\/"},"modified":"2024-09-03T08:50:04","modified_gmt":"2024-09-03T06:50:04","slug":"1-pole-prise-avec-cable-pour-radiateur-ventilateur-ou-thermoswitch-faisceau-de-cablage-cote-lancia-delta-integral","status":"publish","type":"product","link":"https:\/\/turijnmagazijn.nl\/fr\/produit\/1-pole-prise-avec-cable-pour-radiateur-ventilateur-ou-thermoswitch-faisceau-de-cablage-cote-lancia-delta-integral\/","title":{"rendered":"Prise 1 broche avec c\u00e2ble pour ventilateur de radiateur ou c\u00e2blage de thermointerrupteur c\u00f4t\u00e9 faisceau Lancia Delta Integrale"},"content":{"rendered":"<p><a style=\"background-color: #ffffff; color: #23527c; outline: 0px;\" href=\"https:\/\/turijnmagazijn.nl\/brievenbusverzending\/\" target=\"\" rel=\"noopener\"><img decoding=\"async\" src=\"https:\/\/www.delenkorf.nl\/image\/catalog\/brievenbus.png\"><\/a>  Fiche unipolaire d&rsquo;origine avec c\u00e2ble pour application du c\u00f4t\u00e9 du faisceau de c\u00e2blage pour la connexion du ventilateur de radiateur ou de l&rsquo;interrupteur du ventilateur de radiateur. Concerne la fiche d\u2019origine usag\u00e9e d\u2019une Lancia Delta Integrale 16V de 1990. Le bouchon est en bon \u00e9tat complet avec joint en caoutchouc. La longueur du c\u00e2ble d\u2019origine incluse est d\u2019environ 80 centim\u00e8tres.<\/p>\n","protected":false},"excerpt":{"rendered":"<p>Prise 1 broche avec c\u00e2ble pour ventilateur de radiateur ou c\u00e2blage de thermorupteur c\u00f4t\u00e9 faisceau Lancia Delta Integrale &#8211; Prise d\u2019origine \u00e0 1 broche d\u2019origine usag\u00e9e avec c\u00e2ble pour application du c\u00f4t\u00e9 du faisceau de c\u00e2blage pour la connexion du ventilateur du radiateur ou du radi<\/p>\n","protected":false},"featured_media":46812,"comment_status":"closed","ping_status":"closed","template":"","meta":{"_acf_changed":false},"product_brand":[],"product_cat":[1806,1830,1798],"product_tag":[],"class_list":{"0":"post-64080","1":"product","2":"type-product","3":"status-publish","4":"has-post-thumbnail","6":"product_cat-delta-1-831-fr","7":"product_cat-integrale-8v-fr","8":"product_cat-lancia-fr","9":"pa_soort-onderdeel-electronique-et-cables","11":"first","12":"instock","13":"shipping-taxable","14":"purchasable","15":"product-type-simple"},"acf":[],"yoast_head":"<!-- This site is optimized with the Yoast SEO plugin v27.3 - https:\/\/yoast.com\/product\/yoast-seo-wordpress\/ -->\n<title>Prise 1 broche avec c\u00e2ble pour ventilateur de radiateur ou c\u00e2blage de thermointerrupteur c\u00f4t\u00e9 faisceau Lancia Delta Integrale - Turijnmagazijn<\/title>\n<meta name=\"robots\" content=\"index, follow, max-snippet:-1, max-image-preview:large, max-video-preview:-1\" \/>\n<link rel=\"canonical\" href=\"https:\/\/turijnmagazijn.nl\/fr\/produit\/1-pole-prise-avec-cable-pour-radiateur-ventilateur-ou-thermoswitch-faisceau-de-cablage-cote-lancia-delta-integral\/\" \/>\n<meta property=\"og:locale\" content=\"fr_FR\" \/>\n<meta property=\"og:type\" content=\"article\" \/>\n<meta property=\"og:title\" content=\"Prise 1 broche avec c\u00e2ble pour ventilateur de radiateur ou c\u00e2blage de thermointerrupteur c\u00f4t\u00e9 faisceau Lancia Delta Integrale - Turijnmagazijn\" \/>\n<meta property=\"og:description\" content=\"Prise 1 broche avec c\u00e2ble pour ventilateur de radiateur ou c\u00e2blage de thermorupteur c\u00f4t\u00e9 faisceau Lancia Delta Integrale - Prise d\u2019origine \u00e0 1 broche d\u2019origine usag\u00e9e avec c\u00e2ble pour application du c\u00f4t\u00e9 du faisceau de c\u00e2blage pour la connexion du ventilateur du radiateur ou du radi\" \/>\n<meta property=\"og:url\" content=\"https:\/\/turijnmagazijn.nl\/fr\/produit\/1-pole-prise-avec-cable-pour-radiateur-ventilateur-ou-thermoswitch-faisceau-de-cablage-cote-lancia-delta-integral\/\" \/>\n<meta property=\"og:site_name\" content=\"Turijnmagazijn\" \/>\n<meta property=\"article:publisher\" content=\"https:\/\/www.facebook.com\/turijnmagazijn\" \/>\n<meta property=\"article:modified_time\" content=\"2024-09-03T06:50:04+00:00\" \/>\n<meta property=\"og:image\" content=\"https:\/\/turijnmagazijn.nl\/wp-content\/uploads\/2023\/03\/DK00102205-4-1.jpg\" \/>\n\t<meta property=\"og:image:width\" content=\"1024\" \/>\n\t<meta property=\"og:image:height\" content=\"768\" \/>\n\t<meta property=\"og:image:type\" content=\"image\/jpeg\" \/>\n<meta name=\"twitter:card\" content=\"summary_large_image\" \/>\n<script type=\"application\/ld+json\" class=\"yoast-schema-graph\">{\"@context\":\"https:\\\/\\\/schema.org\",\"@graph\":[{\"@type\":\"WebPage\",\"@id\":\"https:\\\/\\\/turijnmagazijn.nl\\\/fr\\\/produit\\\/1-pole-prise-avec-cable-pour-radiateur-ventilateur-ou-thermoswitch-faisceau-de-cablage-cote-lancia-delta-integral\\\/\",\"url\":\"https:\\\/\\\/turijnmagazijn.nl\\\/fr\\\/produit\\\/1-pole-prise-avec-cable-pour-radiateur-ventilateur-ou-thermoswitch-faisceau-de-cablage-cote-lancia-delta-integral\\\/\",\"name\":\"Prise 1 broche avec c\u00e2ble pour ventilateur de radiateur ou c\u00e2blage de thermointerrupteur c\u00f4t\u00e9 faisceau Lancia Delta Integrale - Turijnmagazijn\",\"isPartOf\":{\"@id\":\"https:\\\/\\\/turijnmagazijn.jumpstone-dev.nl\\\/#website\"},\"primaryImageOfPage\":{\"@id\":\"https:\\\/\\\/turijnmagazijn.nl\\\/fr\\\/produit\\\/1-pole-prise-avec-cable-pour-radiateur-ventilateur-ou-thermoswitch-faisceau-de-cablage-cote-lancia-delta-integral\\\/#primaryimage\"},\"image\":{\"@id\":\"https:\\\/\\\/turijnmagazijn.nl\\\/fr\\\/produit\\\/1-pole-prise-avec-cable-pour-radiateur-ventilateur-ou-thermoswitch-faisceau-de-cablage-cote-lancia-delta-integral\\\/#primaryimage\"},\"thumbnailUrl\":\"https:\\\/\\\/turijnmagazijn.nl\\\/wp-content\\\/uploads\\\/2023\\\/03\\\/DK00102205-4-1.jpg\",\"datePublished\":\"2023-03-03T07:19:27+00:00\",\"dateModified\":\"2024-09-03T06:50:04+00:00\",\"breadcrumb\":{\"@id\":\"https:\\\/\\\/turijnmagazijn.nl\\\/fr\\\/produit\\\/1-pole-prise-avec-cable-pour-radiateur-ventilateur-ou-thermoswitch-faisceau-de-cablage-cote-lancia-delta-integral\\\/#breadcrumb\"},\"inLanguage\":\"fr-FR\",\"potentialAction\":[{\"@type\":\"ReadAction\",\"target\":[\"https:\\\/\\\/turijnmagazijn.nl\\\/fr\\\/produit\\\/1-pole-prise-avec-cable-pour-radiateur-ventilateur-ou-thermoswitch-faisceau-de-cablage-cote-lancia-delta-integral\\\/\"]}]},{\"@type\":\"ImageObject\",\"inLanguage\":\"fr-FR\",\"@id\":\"https:\\\/\\\/turijnmagazijn.nl\\\/fr\\\/produit\\\/1-pole-prise-avec-cable-pour-radiateur-ventilateur-ou-thermoswitch-faisceau-de-cablage-cote-lancia-delta-integral\\\/#primaryimage\",\"url\":\"https:\\\/\\\/turijnmagazijn.nl\\\/wp-content\\\/uploads\\\/2023\\\/03\\\/DK00102205-4-1.jpg\",\"contentUrl\":\"https:\\\/\\\/turijnmagazijn.nl\\\/wp-content\\\/uploads\\\/2023\\\/03\\\/DK00102205-4-1.jpg\",\"width\":1024,\"height\":768,\"caption\":\"DK00102205-4-1\"},{\"@type\":\"BreadcrumbList\",\"@id\":\"https:\\\/\\\/turijnmagazijn.nl\\\/fr\\\/produit\\\/1-pole-prise-avec-cable-pour-radiateur-ventilateur-ou-thermoswitch-faisceau-de-cablage-cote-lancia-delta-integral\\\/#breadcrumb\",\"itemListElement\":[{\"@type\":\"ListItem\",\"position\":1,\"name\":\"Home\",\"item\":\"https:\\\/\\\/turijnmagazijn.nl\\\/fr\\\/\"},{\"@type\":\"ListItem\",\"position\":2,\"name\":\"Produits\",\"item\":\"https:\\\/\\\/turijnmagazijn.nl\\\/fr\\\/shop\\\/\"},{\"@type\":\"ListItem\",\"position\":3,\"name\":\"Prise 1 broche avec c\u00e2ble pour ventilateur de radiateur ou c\u00e2blage de thermointerrupteur c\u00f4t\u00e9 faisceau Lancia Delta Integrale\"}]},{\"@type\":\"WebSite\",\"@id\":\"https:\\\/\\\/turijnmagazijn.jumpstone-dev.nl\\\/#website\",\"url\":\"https:\\\/\\\/turijnmagazijn.jumpstone-dev.nl\\\/\",\"name\":\"Turijnmagazijn\",\"description\":\"Onderdelen nieuw en gebruikt - Fiat &amp; Lancia\",\"publisher\":{\"@id\":\"https:\\\/\\\/turijnmagazijn.jumpstone-dev.nl\\\/#organization\"},\"potentialAction\":[{\"@type\":\"SearchAction\",\"target\":{\"@type\":\"EntryPoint\",\"urlTemplate\":\"https:\\\/\\\/turijnmagazijn.jumpstone-dev.nl\\\/?s={search_term_string}\"},\"query-input\":{\"@type\":\"PropertyValueSpecification\",\"valueRequired\":true,\"valueName\":\"search_term_string\"}}],\"inLanguage\":\"fr-FR\"},{\"@type\":\"Organization\",\"@id\":\"https:\\\/\\\/turijnmagazijn.jumpstone-dev.nl\\\/#organization\",\"name\":\"Turijnmagazijn\",\"url\":\"https:\\\/\\\/turijnmagazijn.jumpstone-dev.nl\\\/\",\"logo\":{\"@type\":\"ImageObject\",\"inLanguage\":\"fr-FR\",\"@id\":\"https:\\\/\\\/turijnmagazijn.jumpstone-dev.nl\\\/#\\\/schema\\\/logo\\\/image\\\/\",\"url\":\"https:\\\/\\\/turijnmagazijn.nl\\\/wp-content\\\/uploads\\\/2021\\\/02\\\/turijnmagazijnlogo.png\",\"contentUrl\":\"https:\\\/\\\/turijnmagazijn.nl\\\/wp-content\\\/uploads\\\/2021\\\/02\\\/turijnmagazijnlogo.png\",\"width\":555,\"height\":270,\"caption\":\"Turijnmagazijn\"},\"image\":{\"@id\":\"https:\\\/\\\/turijnmagazijn.jumpstone-dev.nl\\\/#\\\/schema\\\/logo\\\/image\\\/\"},\"sameAs\":[\"https:\\\/\\\/www.facebook.com\\\/turijnmagazijn\"]}]}<\/script>\n<!-- \/ Yoast SEO plugin. -->","yoast_head_json":{"title":"Prise 1 broche avec c\u00e2ble pour ventilateur de radiateur ou c\u00e2blage de thermointerrupteur c\u00f4t\u00e9 faisceau Lancia Delta Integrale - Turijnmagazijn","robots":{"index":"index","follow":"follow","max-snippet":"max-snippet:-1","max-image-preview":"max-image-preview:large","max-video-preview":"max-video-preview:-1"},"canonical":"https:\/\/turijnmagazijn.nl\/fr\/produit\/1-pole-prise-avec-cable-pour-radiateur-ventilateur-ou-thermoswitch-faisceau-de-cablage-cote-lancia-delta-integral\/","og_locale":"fr_FR","og_type":"article","og_title":"Prise 1 broche avec c\u00e2ble pour ventilateur de radiateur ou c\u00e2blage de thermointerrupteur c\u00f4t\u00e9 faisceau Lancia Delta Integrale - Turijnmagazijn","og_description":"Prise 1 broche avec c\u00e2ble pour ventilateur de radiateur ou c\u00e2blage de thermorupteur c\u00f4t\u00e9 faisceau Lancia Delta Integrale - Prise d\u2019origine \u00e0 1 broche d\u2019origine usag\u00e9e avec c\u00e2ble pour application du c\u00f4t\u00e9 du faisceau de c\u00e2blage pour la connexion du ventilateur du radiateur ou du radi","og_url":"https:\/\/turijnmagazijn.nl\/fr\/produit\/1-pole-prise-avec-cable-pour-radiateur-ventilateur-ou-thermoswitch-faisceau-de-cablage-cote-lancia-delta-integral\/","og_site_name":"Turijnmagazijn","article_publisher":"https:\/\/www.facebook.com\/turijnmagazijn","article_modified_time":"2024-09-03T06:50:04+00:00","og_image":[{"width":1024,"height":768,"url":"https:\/\/turijnmagazijn.nl\/wp-content\/uploads\/2023\/03\/DK00102205-4-1.jpg","type":"image\/jpeg"}],"twitter_card":"summary_large_image","schema":{"@context":"https:\/\/schema.org","@graph":[{"@type":"WebPage","@id":"https:\/\/turijnmagazijn.nl\/fr\/produit\/1-pole-prise-avec-cable-pour-radiateur-ventilateur-ou-thermoswitch-faisceau-de-cablage-cote-lancia-delta-integral\/","url":"https:\/\/turijnmagazijn.nl\/fr\/produit\/1-pole-prise-avec-cable-pour-radiateur-ventilateur-ou-thermoswitch-faisceau-de-cablage-cote-lancia-delta-integral\/","name":"Prise 1 broche avec c\u00e2ble pour ventilateur de radiateur ou c\u00e2blage de thermointerrupteur c\u00f4t\u00e9 faisceau Lancia Delta Integrale - Turijnmagazijn","isPartOf":{"@id":"https:\/\/turijnmagazijn.jumpstone-dev.nl\/#website"},"primaryImageOfPage":{"@id":"https:\/\/turijnmagazijn.nl\/fr\/produit\/1-pole-prise-avec-cable-pour-radiateur-ventilateur-ou-thermoswitch-faisceau-de-cablage-cote-lancia-delta-integral\/#primaryimage"},"image":{"@id":"https:\/\/turijnmagazijn.nl\/fr\/produit\/1-pole-prise-avec-cable-pour-radiateur-ventilateur-ou-thermoswitch-faisceau-de-cablage-cote-lancia-delta-integral\/#primaryimage"},"thumbnailUrl":"https:\/\/turijnmagazijn.nl\/wp-content\/uploads\/2023\/03\/DK00102205-4-1.jpg","datePublished":"2023-03-03T07:19:27+00:00","dateModified":"2024-09-03T06:50:04+00:00","breadcrumb":{"@id":"https:\/\/turijnmagazijn.nl\/fr\/produit\/1-pole-prise-avec-cable-pour-radiateur-ventilateur-ou-thermoswitch-faisceau-de-cablage-cote-lancia-delta-integral\/#breadcrumb"},"inLanguage":"fr-FR","potentialAction":[{"@type":"ReadAction","target":["https:\/\/turijnmagazijn.nl\/fr\/produit\/1-pole-prise-avec-cable-pour-radiateur-ventilateur-ou-thermoswitch-faisceau-de-cablage-cote-lancia-delta-integral\/"]}]},{"@type":"ImageObject","inLanguage":"fr-FR","@id":"https:\/\/turijnmagazijn.nl\/fr\/produit\/1-pole-prise-avec-cable-pour-radiateur-ventilateur-ou-thermoswitch-faisceau-de-cablage-cote-lancia-delta-integral\/#primaryimage","url":"https:\/\/turijnmagazijn.nl\/wp-content\/uploads\/2023\/03\/DK00102205-4-1.jpg","contentUrl":"https:\/\/turijnmagazijn.nl\/wp-content\/uploads\/2023\/03\/DK00102205-4-1.jpg","width":1024,"height":768,"caption":"DK00102205-4-1"},{"@type":"BreadcrumbList","@id":"https:\/\/turijnmagazijn.nl\/fr\/produit\/1-pole-prise-avec-cable-pour-radiateur-ventilateur-ou-thermoswitch-faisceau-de-cablage-cote-lancia-delta-integral\/#breadcrumb","itemListElement":[{"@type":"ListItem","position":1,"name":"Home","item":"https:\/\/turijnmagazijn.nl\/fr\/"},{"@type":"ListItem","position":2,"name":"Produits","item":"https:\/\/turijnmagazijn.nl\/fr\/shop\/"},{"@type":"ListItem","position":3,"name":"Prise 1 broche avec c\u00e2ble pour ventilateur de radiateur ou c\u00e2blage de thermointerrupteur c\u00f4t\u00e9 faisceau Lancia Delta Integrale"}]},{"@type":"WebSite","@id":"https:\/\/turijnmagazijn.jumpstone-dev.nl\/#website","url":"https:\/\/turijnmagazijn.jumpstone-dev.nl\/","name":"Turijnmagazijn","description":"Onderdelen nieuw en gebruikt - Fiat &amp; Lancia","publisher":{"@id":"https:\/\/turijnmagazijn.jumpstone-dev.nl\/#organization"},"potentialAction":[{"@type":"SearchAction","target":{"@type":"EntryPoint","urlTemplate":"https:\/\/turijnmagazijn.jumpstone-dev.nl\/?s={search_term_string}"},"query-input":{"@type":"PropertyValueSpecification","valueRequired":true,"valueName":"search_term_string"}}],"inLanguage":"fr-FR"},{"@type":"Organization","@id":"https:\/\/turijnmagazijn.jumpstone-dev.nl\/#organization","name":"Turijnmagazijn","url":"https:\/\/turijnmagazijn.jumpstone-dev.nl\/","logo":{"@type":"ImageObject","inLanguage":"fr-FR","@id":"https:\/\/turijnmagazijn.jumpstone-dev.nl\/#\/schema\/logo\/image\/","url":"https:\/\/turijnmagazijn.nl\/wp-content\/uploads\/2021\/02\/turijnmagazijnlogo.png","contentUrl":"https:\/\/turijnmagazijn.nl\/wp-content\/uploads\/2021\/02\/turijnmagazijnlogo.png","width":555,"height":270,"caption":"Turijnmagazijn"},"image":{"@id":"https:\/\/turijnmagazijn.jumpstone-dev.nl\/#\/schema\/logo\/image\/"},"sameAs":["https:\/\/www.facebook.com\/turijnmagazijn"]}]}},"_links":{"self":[{"href":"https:\/\/turijnmagazijn.nl\/fr\/wp-json\/wp\/v2\/product\/64080","targetHints":{"allow":["GET"]}}],"collection":[{"href":"https:\/\/turijnmagazijn.nl\/fr\/wp-json\/wp\/v2\/product"}],"about":[{"href":"https:\/\/turijnmagazijn.nl\/fr\/wp-json\/wp\/v2\/types\/product"}],"replies":[{"embeddable":true,"href":"https:\/\/turijnmagazijn.nl\/fr\/wp-json\/wp\/v2\/comments?post=64080"}],"wp:featuredmedia":[{"embeddable":true,"href":"https:\/\/turijnmagazijn.nl\/fr\/wp-json\/wp\/v2\/media\/46812"}],"wp:attachment":[{"href":"https:\/\/turijnmagazijn.nl\/fr\/wp-json\/wp\/v2\/media?parent=64080"}],"wp:term":[{"taxonomy":"product_brand","embeddable":true,"href":"https:\/\/turijnmagazijn.nl\/fr\/wp-json\/wp\/v2\/product_brand?post=64080"},{"taxonomy":"product_cat","embeddable":true,"href":"https:\/\/turijnmagazijn.nl\/fr\/wp-json\/wp\/v2\/product_cat?post=64080"},{"taxonomy":"product_tag","embeddable":true,"href":"https:\/\/turijnmagazijn.nl\/fr\/wp-json\/wp\/v2\/product_tag?post=64080"}],"curies":[{"name":"wp","href":"https:\/\/api.w.org\/{rel}","templated":true}]}}