{"id":64092,"date":"2023-03-03T08:19:27","date_gmt":"2023-03-03T07:19:27","guid":{"rendered":"https:\/\/turijnmagazijn.nl\/product\/anneau-de-ressort-m6-lancia-delta-integrale\/"},"modified":"2024-11-01T19:52:47","modified_gmt":"2024-11-01T18:52:47","slug":"anneau-de-ressort-m6-lancia-delta-integral","status":"publish","type":"product","link":"https:\/\/turijnmagazijn.nl\/fr\/produit\/anneau-de-ressort-m6-lancia-delta-integral\/","title":{"rendered":"Anneau de ressort M6 Lancia Delta Integrale"},"content":{"rendered":"<p>Anneau \u00e0 ressort M6 d\u2019origine utilis\u00e9 sur la Lancia Delta Integrale.<\/p>\n<p>Ce mat\u00e9riau est utilis\u00e9, entre autres, dans la colonne de direction pour la connexion de la moiti\u00e9 sup\u00e9rieure et inf\u00e9rieure de la t\u00f4le d\u2019acier de la colonne de direction.<\/p>\n<p>D\u2019une Delta HF 4WD construite en 1988. Est en bon \u00e9tat.<\/p>\n<p>Ventes par pi\u00e8ce.<\/p>\n<p>Pi\u00e8ce num\u00e9ro 18 sur le dessin technique du dessin EPER num\u00e9ro <strong>1020001002<\/strong> concernant l&rsquo;application sur la Lancia Delta Integrale. 3 pi\u00e8ces de cet article sont n\u00e9cessaires par voiture. Num\u00e9ro de pi\u00e8ce 9 sur le dessin technique de l&rsquo;EPER num\u00e9ro <strong>1020101001<\/strong> concernant l&rsquo;application sur la Lancia Delta Integrale. <\/p>\n<p> Une copie de ce document est requise par voiture.<\/p>\n<p>Pi\u00e8ce num\u00e9ro 10 sur le dessin technique du dessin EPER num\u00e9ro <strong>1024700001<\/strong> concernant l&rsquo;application sur la Lancia Delta Integrale. 3 pi\u00e8ces de cet article sont n\u00e9cessaires par voiture. Num\u00e9ro de pi\u00e8ce 18 sur le dessin technique de l&rsquo;EPER num\u00e9ro <strong>1025801001<\/strong> concernant l&rsquo;application sur la Lancia Delta Integrale. 11 pi\u00e8ces de cet article sont n\u00e9cessaires par voiture. Num\u00e9ro de pi\u00e8ce 7 sur le dessin technique de l&rsquo;EPER num\u00e9ro <strong>1030900002<\/strong> concernant l&rsquo;application sur la Lancia Delta Integrale. Vous aurez besoin de 2 pi\u00e8ces de cet article par voiture. Num\u00e9ro de pi\u00e8ce 7 sur le dessin technique de l&rsquo;EPER num\u00e9ro <strong>1030900003<\/strong> concernant l&rsquo;application sur la Lancia Delta Integrale. Vous aurez besoin de 2 pi\u00e8ces de cet article par voiture. Num\u00e9ro de pi\u00e8ce 16 sur le dessin technique de l&rsquo;EPER num\u00e9ro <strong>1040100001<\/strong> concernant l&rsquo;application sur la Lancia Delta Integrale. Vous aurez besoin de 10 pi\u00e8ces de cet article par voiture. Num\u00e9ro de pi\u00e8ce 12 sur le dessin technique de l&rsquo;EPER num\u00e9ro <strong>1810300002<\/strong> concernant l&rsquo;application sur la Lancia Delta Integrale. Vous aurez besoin de 2 pi\u00e8ces de cet article par voiture. Num\u00e9ro de pi\u00e8ce 16 sur le dessin technique de l&rsquo;EPER num\u00e9ro <strong>2121900001<\/strong> concernant l&rsquo;application sur la Lancia Delta Integrale. Vous aurez besoin de 2 pi\u00e8ces de cet article par voiture. Num\u00e9ro de pi\u00e8ce 12 sur le dessin technique de l&rsquo;EPER num\u00e9ro <strong>2430100001<\/strong> concernant l&rsquo;application sur la Lancia Delta Integrale. Vous aurez besoin de 2 pi\u00e8ces de cet article par voiture. Pi\u00e8ce num\u00e9ro 6 du dessin technique de l&rsquo;EPER num\u00e9ro <strong>F789404C0A777F7F5B39D4F73EFB9F97<\/strong> concernant l&rsquo;application sur la Lancia Delta Integrale. Deux unit\u00e9s de cet article sont n\u00e9cessaires par voiture. Num\u00e9ro de pi\u00e8ce 9 sur le dessin technique de l&rsquo;EPER num\u00e9ro de dessin <strong>1B2661FBBB213A9352A7323748EDAA9E<\/strong> concernant l&rsquo;application sur la Lancia Delta Integrale. 3 pi\u00e8ces de cet article sont n\u00e9cessaires par voiture. Pi\u00e8ce num\u00e9ro 8 sur le dessin technique de l&rsquo;EPER num\u00e9ro de dessin <strong>719A2972A2DFDCB7D84E04B57F21399E<\/strong> concernant l&rsquo;application sur la Lancia Delta Integrale. 4 pi\u00e8ces de cet article sont n\u00e9cessaires par voiture. Num\u00e9ro de pi\u00e8ce 7 sur le dessin technique de l&rsquo;EPER num\u00e9ro de dessin <strong>817E99945DA0B9087DC283712F4EA7E9<\/strong> concernant l&rsquo;application sur la Lancia Delta Integrale. 4 pi\u00e8ces de cet article sont n\u00e9cessaires par voiture. Pi\u00e8ce num\u00e9ro 4 du dessin technique de l&rsquo;EPER num\u00e9ro de dessin <strong>5B9D5171BC08C457952391605CE30B56<\/strong> concernant l&rsquo;application sur la Lancia Delta Integrale. Deux pi\u00e8ces de ce type sont n\u00e9cessaires par voiture. Num\u00e9ro de pi\u00e8ce 8 sur le dessin technique de l&rsquo;EPER num\u00e9ro de dessin <strong>0F79BE85747656DE5B33DF4E2A32E7B0<\/strong> concernant l&rsquo;application sur la Lancia Delta Integrale. Deux unit\u00e9s de cet article sont n\u00e9cessaires par voiture. Pi\u00e8ce num\u00e9ro 7 sur le dessin technique de l&rsquo;EPER num\u00e9ro de dessin <strong>2A8EBA501CF73A30DF6B2863782CA7A3<\/strong> concernant l&rsquo;application sur la Lancia Delta Integrale. 10 pi\u00e8ces de cette pi\u00e8ce sont n\u00e9cessaires par voiture. <\/p>\n<p>Pi\u00e8ce num\u00e9ro 6 du dessin technique de EPER num\u00e9ro <strong>5FA2D93433E9929DAF423B077A45B6D2<\/strong> concernant l&rsquo;application sur la Lancia Delta Integrale. Deux pi\u00e8ces de ce type sont n\u00e9cessaires par voiture. Pi\u00e8ce num\u00e9ro 2 sur le dessin technique de l&rsquo;EPER num\u00e9ro de dessin <strong>5CB31ED3F2A680E43DC895F221133116<\/strong> mbt application sur la Lancia Delta Integrale. 4 pi\u00e8ces de cet article sont n\u00e9cessaires par voiture. Num\u00e9ro de pi\u00e8ce 7 sur le dessin technique de l&rsquo;EPER num\u00e9ro de dessin <strong>80FD5953B1716A6315DF00798BCA1BA6<\/strong> application mbt sur la Lancia Delta Integrale. 4 pi\u00e8ces de cet article sont n\u00e9cessaires par voiture. Pi\u00e8ce num\u00e9ro 2 sur le dessin technique de l&rsquo;EPER num\u00e9ro de dessin <strong>73DC240BE35BD35849D1EF7B08C6DBC7<\/strong> application mbt sur la Lancia Delta Integrale. 4 pi\u00e8ces de cette pi\u00e8ce sont n\u00e9cessaires par voiture. Pi\u00e8ce num\u00e9ro 5 sur le dessin technique de l&rsquo;EPER num\u00e9ro <strong>855A6C87D6E36C746317F0C94624CD56<\/strong> concernant l&rsquo;application sur la Lancia Delta Integrale. <\/p>\n<p> Une copie de ce document est requise par voiture.<\/p>\n<p>Pi\u00e8ce num\u00e9ro 8 du dessin technique EPER num\u00e9ro <strong>0E202E4713F48CBA786A0310CE36C73E<\/strong> concernant l&rsquo;application sur la Lancia Delta Integrale. Il faut 8 exemplaires de cette pi\u00e8ce par voiture. <\/p>\n<p>&nbsp;<\/p>\n<p>Lancia OEM 12601274<\/p>\n","protected":false},"excerpt":{"rendered":"<p>Anneau de ressort M6 Lancia Delta Integrale &#8211; Anneau de ressort M6 d\u2019origine utilis\u00e9 appliqu\u00e9 \u00e0 la Lancia Delta Integrale.<\/p>\n","protected":false},"featured_media":46828,"comment_status":"open","ping_status":"closed","template":"","meta":{"_acf_changed":false},"product_brand":[],"product_cat":[1809,1806,1819,1821,1825,1836,1830,1838,1798],"product_tag":[],"class_list":{"0":"post-64092","1":"product","2":"type-product","3":"status-publish","4":"has-post-thumbnail","6":"product_cat-1-1-1-3-1-5-fr","7":"product_cat-delta-1-831-fr","8":"product_cat-gt-i-e-fr","9":"product_cat-hf-4wd-fr","10":"product_cat-hf-turbo-fr","11":"product_cat-integrale-16v-fr","12":"product_cat-integrale-8v-fr","13":"product_cat-integrale-evo-fr","14":"product_cat-lancia-fr","15":"pa_soort-onderdeel-dautres-pieces-de-voiture","16":"pa_soort-onderdeel-moteur-et-accessoires","18":"first","19":"instock","20":"shipping-taxable","21":"purchasable","22":"product-type-simple"},"acf":[],"yoast_head":"<!-- This site is optimized with the Yoast SEO plugin v27.2 - https:\/\/yoast.com\/product\/yoast-seo-wordpress\/ -->\n<title>Anneau de ressort M6 Lancia Delta Integrale - Turijnmagazijn<\/title>\n<meta name=\"robots\" content=\"index, follow, max-snippet:-1, max-image-preview:large, max-video-preview:-1\" \/>\n<link rel=\"canonical\" href=\"https:\/\/turijnmagazijn.nl\/fr\/produit\/anneau-de-ressort-m6-lancia-delta-integral\/\" \/>\n<meta property=\"og:locale\" content=\"fr_FR\" \/>\n<meta property=\"og:type\" content=\"article\" \/>\n<meta property=\"og:title\" content=\"Anneau de ressort M6 Lancia Delta Integrale - Turijnmagazijn\" \/>\n<meta property=\"og:description\" content=\"Anneau de ressort M6 Lancia Delta Integrale - Anneau de ressort M6 d\u2019origine utilis\u00e9 appliqu\u00e9 \u00e0 la Lancia Delta Integrale.\" \/>\n<meta property=\"og:url\" content=\"https:\/\/turijnmagazijn.nl\/fr\/produit\/anneau-de-ressort-m6-lancia-delta-integral\/\" \/>\n<meta property=\"og:site_name\" content=\"Turijnmagazijn\" \/>\n<meta property=\"article:publisher\" content=\"https:\/\/www.facebook.com\/turijnmagazijn\" \/>\n<meta property=\"article:modified_time\" content=\"2024-11-01T18:52:47+00:00\" \/>\n<meta property=\"og:image\" content=\"https:\/\/turijnmagazijn.nl\/wp-content\/uploads\/2023\/03\/DK00102207-Veerring-M6-Lancia-Delta-Integrale-2-1.jpg\" \/>\n\t<meta property=\"og:image:width\" content=\"1024\" \/>\n\t<meta property=\"og:image:height\" content=\"768\" \/>\n\t<meta property=\"og:image:type\" content=\"image\/jpeg\" \/>\n<meta name=\"twitter:card\" content=\"summary_large_image\" \/>\n<meta name=\"twitter:label1\" content=\"Dur\u00e9e de lecture estim\u00e9e\" \/>\n\t<meta name=\"twitter:data1\" content=\"4 minutes\" \/>\n<script type=\"application\/ld+json\" class=\"yoast-schema-graph\">{\"@context\":\"https:\/\/schema.org\",\"@graph\":[{\"@type\":\"WebPage\",\"@id\":\"https:\/\/turijnmagazijn.nl\/fr\/produit\/anneau-de-ressort-m6-lancia-delta-integral\/\",\"url\":\"https:\/\/turijnmagazijn.nl\/fr\/produit\/anneau-de-ressort-m6-lancia-delta-integral\/\",\"name\":\"Anneau de ressort M6 Lancia Delta Integrale - Turijnmagazijn\",\"isPartOf\":{\"@id\":\"https:\/\/turijnmagazijn.jumpstone-dev.nl\/#website\"},\"primaryImageOfPage\":{\"@id\":\"https:\/\/turijnmagazijn.nl\/fr\/produit\/anneau-de-ressort-m6-lancia-delta-integral\/#primaryimage\"},\"image\":{\"@id\":\"https:\/\/turijnmagazijn.nl\/fr\/produit\/anneau-de-ressort-m6-lancia-delta-integral\/#primaryimage\"},\"thumbnailUrl\":\"https:\/\/turijnmagazijn.nl\/wp-content\/uploads\/2023\/03\/DK00102207-Veerring-M6-Lancia-Delta-Integrale-2-1.jpg\",\"datePublished\":\"2023-03-03T07:19:27+00:00\",\"dateModified\":\"2024-11-01T18:52:47+00:00\",\"breadcrumb\":{\"@id\":\"https:\/\/turijnmagazijn.nl\/fr\/produit\/anneau-de-ressort-m6-lancia-delta-integral\/#breadcrumb\"},\"inLanguage\":\"fr-FR\",\"potentialAction\":[{\"@type\":\"ReadAction\",\"target\":[\"https:\/\/turijnmagazijn.nl\/fr\/produit\/anneau-de-ressort-m6-lancia-delta-integral\/\"]}]},{\"@type\":\"ImageObject\",\"inLanguage\":\"fr-FR\",\"@id\":\"https:\/\/turijnmagazijn.nl\/fr\/produit\/anneau-de-ressort-m6-lancia-delta-integral\/#primaryimage\",\"url\":\"https:\/\/turijnmagazijn.nl\/wp-content\/uploads\/2023\/03\/DK00102207-Veerring-M6-Lancia-Delta-Integrale-2-1.jpg\",\"contentUrl\":\"https:\/\/turijnmagazijn.nl\/wp-content\/uploads\/2023\/03\/DK00102207-Veerring-M6-Lancia-Delta-Integrale-2-1.jpg\",\"width\":1024,\"height\":768},{\"@type\":\"BreadcrumbList\",\"@id\":\"https:\/\/turijnmagazijn.nl\/fr\/produit\/anneau-de-ressort-m6-lancia-delta-integral\/#breadcrumb\",\"itemListElement\":[{\"@type\":\"ListItem\",\"position\":1,\"name\":\"Home\",\"item\":\"https:\/\/turijnmagazijn.nl\/fr\/\"},{\"@type\":\"ListItem\",\"position\":2,\"name\":\"Produits\",\"item\":\"https:\/\/turijnmagazijn.nl\/fr\/shop\/\"},{\"@type\":\"ListItem\",\"position\":3,\"name\":\"Anneau de ressort M6 Lancia Delta Integrale\"}]},{\"@type\":\"WebSite\",\"@id\":\"https:\/\/turijnmagazijn.jumpstone-dev.nl\/#website\",\"url\":\"https:\/\/turijnmagazijn.jumpstone-dev.nl\/\",\"name\":\"Turijnmagazijn\",\"description\":\"Onderdelen nieuw en gebruikt - Fiat &amp; Lancia\",\"publisher\":{\"@id\":\"https:\/\/turijnmagazijn.jumpstone-dev.nl\/#organization\"},\"potentialAction\":[{\"@type\":\"SearchAction\",\"target\":{\"@type\":\"EntryPoint\",\"urlTemplate\":\"https:\/\/turijnmagazijn.jumpstone-dev.nl\/?s={search_term_string}\"},\"query-input\":{\"@type\":\"PropertyValueSpecification\",\"valueRequired\":true,\"valueName\":\"search_term_string\"}}],\"inLanguage\":\"fr-FR\"},{\"@type\":\"Organization\",\"@id\":\"https:\/\/turijnmagazijn.jumpstone-dev.nl\/#organization\",\"name\":\"Turijnmagazijn\",\"url\":\"https:\/\/turijnmagazijn.jumpstone-dev.nl\/\",\"logo\":{\"@type\":\"ImageObject\",\"inLanguage\":\"fr-FR\",\"@id\":\"https:\/\/turijnmagazijn.jumpstone-dev.nl\/#\/schema\/logo\/image\/\",\"url\":\"https:\/\/turijnmagazijn.nl\/wp-content\/uploads\/2021\/02\/turijnmagazijnlogo.png\",\"contentUrl\":\"https:\/\/turijnmagazijn.nl\/wp-content\/uploads\/2021\/02\/turijnmagazijnlogo.png\",\"width\":555,\"height\":270,\"caption\":\"Turijnmagazijn\"},\"image\":{\"@id\":\"https:\/\/turijnmagazijn.jumpstone-dev.nl\/#\/schema\/logo\/image\/\"},\"sameAs\":[\"https:\/\/www.facebook.com\/turijnmagazijn\"]}]}<\/script>\n<!-- \/ Yoast SEO plugin. -->","yoast_head_json":{"title":"Anneau de ressort M6 Lancia Delta Integrale - Turijnmagazijn","robots":{"index":"index","follow":"follow","max-snippet":"max-snippet:-1","max-image-preview":"max-image-preview:large","max-video-preview":"max-video-preview:-1"},"canonical":"https:\/\/turijnmagazijn.nl\/fr\/produit\/anneau-de-ressort-m6-lancia-delta-integral\/","og_locale":"fr_FR","og_type":"article","og_title":"Anneau de ressort M6 Lancia Delta Integrale - Turijnmagazijn","og_description":"Anneau de ressort M6 Lancia Delta Integrale - Anneau de ressort M6 d\u2019origine utilis\u00e9 appliqu\u00e9 \u00e0 la Lancia Delta Integrale.","og_url":"https:\/\/turijnmagazijn.nl\/fr\/produit\/anneau-de-ressort-m6-lancia-delta-integral\/","og_site_name":"Turijnmagazijn","article_publisher":"https:\/\/www.facebook.com\/turijnmagazijn","article_modified_time":"2024-11-01T18:52:47+00:00","og_image":[{"width":1024,"height":768,"url":"https:\/\/turijnmagazijn.nl\/wp-content\/uploads\/2023\/03\/DK00102207-Veerring-M6-Lancia-Delta-Integrale-2-1.jpg","type":"image\/jpeg"}],"twitter_card":"summary_large_image","twitter_misc":{"Dur\u00e9e de lecture estim\u00e9e":"4 minutes"},"schema":{"@context":"https:\/\/schema.org","@graph":[{"@type":"WebPage","@id":"https:\/\/turijnmagazijn.nl\/fr\/produit\/anneau-de-ressort-m6-lancia-delta-integral\/","url":"https:\/\/turijnmagazijn.nl\/fr\/produit\/anneau-de-ressort-m6-lancia-delta-integral\/","name":"Anneau de ressort M6 Lancia Delta Integrale - Turijnmagazijn","isPartOf":{"@id":"https:\/\/turijnmagazijn.jumpstone-dev.nl\/#website"},"primaryImageOfPage":{"@id":"https:\/\/turijnmagazijn.nl\/fr\/produit\/anneau-de-ressort-m6-lancia-delta-integral\/#primaryimage"},"image":{"@id":"https:\/\/turijnmagazijn.nl\/fr\/produit\/anneau-de-ressort-m6-lancia-delta-integral\/#primaryimage"},"thumbnailUrl":"https:\/\/turijnmagazijn.nl\/wp-content\/uploads\/2023\/03\/DK00102207-Veerring-M6-Lancia-Delta-Integrale-2-1.jpg","datePublished":"2023-03-03T07:19:27+00:00","dateModified":"2024-11-01T18:52:47+00:00","breadcrumb":{"@id":"https:\/\/turijnmagazijn.nl\/fr\/produit\/anneau-de-ressort-m6-lancia-delta-integral\/#breadcrumb"},"inLanguage":"fr-FR","potentialAction":[{"@type":"ReadAction","target":["https:\/\/turijnmagazijn.nl\/fr\/produit\/anneau-de-ressort-m6-lancia-delta-integral\/"]}]},{"@type":"ImageObject","inLanguage":"fr-FR","@id":"https:\/\/turijnmagazijn.nl\/fr\/produit\/anneau-de-ressort-m6-lancia-delta-integral\/#primaryimage","url":"https:\/\/turijnmagazijn.nl\/wp-content\/uploads\/2023\/03\/DK00102207-Veerring-M6-Lancia-Delta-Integrale-2-1.jpg","contentUrl":"https:\/\/turijnmagazijn.nl\/wp-content\/uploads\/2023\/03\/DK00102207-Veerring-M6-Lancia-Delta-Integrale-2-1.jpg","width":1024,"height":768},{"@type":"BreadcrumbList","@id":"https:\/\/turijnmagazijn.nl\/fr\/produit\/anneau-de-ressort-m6-lancia-delta-integral\/#breadcrumb","itemListElement":[{"@type":"ListItem","position":1,"name":"Home","item":"https:\/\/turijnmagazijn.nl\/fr\/"},{"@type":"ListItem","position":2,"name":"Produits","item":"https:\/\/turijnmagazijn.nl\/fr\/shop\/"},{"@type":"ListItem","position":3,"name":"Anneau de ressort M6 Lancia Delta Integrale"}]},{"@type":"WebSite","@id":"https:\/\/turijnmagazijn.jumpstone-dev.nl\/#website","url":"https:\/\/turijnmagazijn.jumpstone-dev.nl\/","name":"Turijnmagazijn","description":"Onderdelen nieuw en gebruikt - Fiat &amp; Lancia","publisher":{"@id":"https:\/\/turijnmagazijn.jumpstone-dev.nl\/#organization"},"potentialAction":[{"@type":"SearchAction","target":{"@type":"EntryPoint","urlTemplate":"https:\/\/turijnmagazijn.jumpstone-dev.nl\/?s={search_term_string}"},"query-input":{"@type":"PropertyValueSpecification","valueRequired":true,"valueName":"search_term_string"}}],"inLanguage":"fr-FR"},{"@type":"Organization","@id":"https:\/\/turijnmagazijn.jumpstone-dev.nl\/#organization","name":"Turijnmagazijn","url":"https:\/\/turijnmagazijn.jumpstone-dev.nl\/","logo":{"@type":"ImageObject","inLanguage":"fr-FR","@id":"https:\/\/turijnmagazijn.jumpstone-dev.nl\/#\/schema\/logo\/image\/","url":"https:\/\/turijnmagazijn.nl\/wp-content\/uploads\/2021\/02\/turijnmagazijnlogo.png","contentUrl":"https:\/\/turijnmagazijn.nl\/wp-content\/uploads\/2021\/02\/turijnmagazijnlogo.png","width":555,"height":270,"caption":"Turijnmagazijn"},"image":{"@id":"https:\/\/turijnmagazijn.jumpstone-dev.nl\/#\/schema\/logo\/image\/"},"sameAs":["https:\/\/www.facebook.com\/turijnmagazijn"]}]}},"_links":{"self":[{"href":"https:\/\/turijnmagazijn.nl\/fr\/wp-json\/wp\/v2\/product\/64092","targetHints":{"allow":["GET"]}}],"collection":[{"href":"https:\/\/turijnmagazijn.nl\/fr\/wp-json\/wp\/v2\/product"}],"about":[{"href":"https:\/\/turijnmagazijn.nl\/fr\/wp-json\/wp\/v2\/types\/product"}],"replies":[{"embeddable":true,"href":"https:\/\/turijnmagazijn.nl\/fr\/wp-json\/wp\/v2\/comments?post=64092"}],"wp:featuredmedia":[{"embeddable":true,"href":"https:\/\/turijnmagazijn.nl\/fr\/wp-json\/wp\/v2\/media\/46828"}],"wp:attachment":[{"href":"https:\/\/turijnmagazijn.nl\/fr\/wp-json\/wp\/v2\/media?parent=64092"}],"wp:term":[{"taxonomy":"product_brand","embeddable":true,"href":"https:\/\/turijnmagazijn.nl\/fr\/wp-json\/wp\/v2\/product_brand?post=64092"},{"taxonomy":"product_cat","embeddable":true,"href":"https:\/\/turijnmagazijn.nl\/fr\/wp-json\/wp\/v2\/product_cat?post=64092"},{"taxonomy":"product_tag","embeddable":true,"href":"https:\/\/turijnmagazijn.nl\/fr\/wp-json\/wp\/v2\/product_tag?post=64092"}],"curies":[{"name":"wp","href":"https:\/\/api.w.org\/{rel}","templated":true}]}}