{"id":64093,"date":"2023-03-03T09:19:27","date_gmt":"2023-03-03T08:19:27","guid":{"rendered":"https:\/\/turijnmagazijn.nl\/product\/plug-housing-2-broches-interrupteur-de-radiateur-de-ventilateur-lancia-delta-integrale\/"},"modified":"2024-09-03T08:50:00","modified_gmt":"2024-09-03T06:50:00","slug":"plug-home-2-pole-radiateur-ventilateur-radiateur-interrupteur-lancia-delta-integral","status":"publish","type":"product","link":"https:\/\/turijnmagazijn.nl\/fr\/produit\/plug-home-2-pole-radiateur-ventilateur-radiateur-interrupteur-lancia-delta-integral\/","title":{"rendered":"Plug-housing 2 broches Interrupteur de radiateur de ventilateur Lancia Delta Integrale"},"content":{"rendered":"<p>Prise usag\u00e9e sans contacts pour application du c\u00f4t\u00e9 du faisceau de c\u00e2blage pour la connexion du ventilateur du radiateur ou de l\u2019interrupteur du ventilateur du radiateur. Concerne la fiche d\u2019origine usag\u00e9e d\u2019une Lancia Delta Integrale 16V de 1990.<\/p>\n<p>Le bouchon est en bon \u00e9tat complet avec joint en caoutchouc.<\/p>\n","protected":false},"excerpt":{"rendered":"<p>Interrupteur de radiateur de ventilateur de radiateur Plug-house 2 broches Lancia Delta Integrale &#8211; Prise utilis\u00e9e sans contacts pour application du c\u00f4t\u00e9 du faisceau de c\u00e2blage pour la connexion du ventilateur du radiateur ou de l\u2019interrupteur du ventilateur du radiateur.<\/p>\n","protected":false},"featured_media":46820,"comment_status":"open","ping_status":"closed","template":"","meta":{"_acf_changed":false},"product_brand":[],"product_cat":[1806,1830,1798],"product_tag":[],"class_list":{"0":"post-64093","1":"product","2":"type-product","3":"status-publish","4":"has-post-thumbnail","6":"product_cat-delta-1-831-fr","7":"product_cat-integrale-8v-fr","8":"product_cat-lancia-fr","9":"pa_soort-onderdeel-electronique-et-cables","10":"pa_soort-onderdeel-fenetres-et-accessoires","12":"first","13":"instock","14":"shipping-taxable","15":"purchasable","16":"product-type-simple"},"acf":[],"yoast_head":"<!-- This site is optimized with the Yoast SEO plugin v27.2 - https:\/\/yoast.com\/product\/yoast-seo-wordpress\/ -->\n<title>Plug-housing 2 broches Interrupteur de radiateur de ventilateur Lancia Delta Integrale - Turijnmagazijn<\/title>\n<meta name=\"robots\" content=\"index, follow, max-snippet:-1, max-image-preview:large, max-video-preview:-1\" \/>\n<link rel=\"canonical\" href=\"https:\/\/turijnmagazijn.nl\/fr\/produit\/plug-home-2-pole-radiateur-ventilateur-radiateur-interrupteur-lancia-delta-integral\/\" \/>\n<meta property=\"og:locale\" content=\"fr_FR\" \/>\n<meta property=\"og:type\" content=\"article\" \/>\n<meta property=\"og:title\" content=\"Plug-housing 2 broches Interrupteur de radiateur de ventilateur Lancia Delta Integrale - Turijnmagazijn\" \/>\n<meta property=\"og:description\" content=\"Interrupteur de radiateur de ventilateur de radiateur Plug-house 2 broches Lancia Delta Integrale - Prise utilis\u00e9e sans contacts pour application du c\u00f4t\u00e9 du faisceau de c\u00e2blage pour la connexion du ventilateur du radiateur ou de l\u2019interrupteur du ventilateur du radiateur.\" \/>\n<meta property=\"og:url\" content=\"https:\/\/turijnmagazijn.nl\/fr\/produit\/plug-home-2-pole-radiateur-ventilateur-radiateur-interrupteur-lancia-delta-integral\/\" \/>\n<meta property=\"og:site_name\" content=\"Turijnmagazijn\" \/>\n<meta property=\"article:publisher\" content=\"https:\/\/www.facebook.com\/turijnmagazijn\" \/>\n<meta property=\"article:modified_time\" content=\"2024-09-03T06:50:00+00:00\" \/>\n<meta property=\"og:image\" content=\"https:\/\/turijnmagazijn.nl\/wp-content\/uploads\/2023\/03\/DK00102206-4-1.jpg\" \/>\n\t<meta property=\"og:image:width\" content=\"1024\" \/>\n\t<meta property=\"og:image:height\" content=\"768\" \/>\n\t<meta property=\"og:image:type\" content=\"image\/jpeg\" \/>\n<meta name=\"twitter:card\" content=\"summary_large_image\" \/>\n<script type=\"application\/ld+json\" class=\"yoast-schema-graph\">{\"@context\":\"https:\/\/schema.org\",\"@graph\":[{\"@type\":\"WebPage\",\"@id\":\"https:\/\/turijnmagazijn.nl\/fr\/produit\/plug-home-2-pole-radiateur-ventilateur-radiateur-interrupteur-lancia-delta-integral\/\",\"url\":\"https:\/\/turijnmagazijn.nl\/fr\/produit\/plug-home-2-pole-radiateur-ventilateur-radiateur-interrupteur-lancia-delta-integral\/\",\"name\":\"Plug-housing 2 broches Interrupteur de radiateur de ventilateur Lancia Delta Integrale - Turijnmagazijn\",\"isPartOf\":{\"@id\":\"https:\/\/turijnmagazijn.jumpstone-dev.nl\/#website\"},\"primaryImageOfPage\":{\"@id\":\"https:\/\/turijnmagazijn.nl\/fr\/produit\/plug-home-2-pole-radiateur-ventilateur-radiateur-interrupteur-lancia-delta-integral\/#primaryimage\"},\"image\":{\"@id\":\"https:\/\/turijnmagazijn.nl\/fr\/produit\/plug-home-2-pole-radiateur-ventilateur-radiateur-interrupteur-lancia-delta-integral\/#primaryimage\"},\"thumbnailUrl\":\"https:\/\/turijnmagazijn.nl\/wp-content\/uploads\/2023\/03\/DK00102206-4-1.jpg\",\"datePublished\":\"2023-03-03T08:19:27+00:00\",\"dateModified\":\"2024-09-03T06:50:00+00:00\",\"breadcrumb\":{\"@id\":\"https:\/\/turijnmagazijn.nl\/fr\/produit\/plug-home-2-pole-radiateur-ventilateur-radiateur-interrupteur-lancia-delta-integral\/#breadcrumb\"},\"inLanguage\":\"fr-FR\",\"potentialAction\":[{\"@type\":\"ReadAction\",\"target\":[\"https:\/\/turijnmagazijn.nl\/fr\/produit\/plug-home-2-pole-radiateur-ventilateur-radiateur-interrupteur-lancia-delta-integral\/\"]}]},{\"@type\":\"ImageObject\",\"inLanguage\":\"fr-FR\",\"@id\":\"https:\/\/turijnmagazijn.nl\/fr\/produit\/plug-home-2-pole-radiateur-ventilateur-radiateur-interrupteur-lancia-delta-integral\/#primaryimage\",\"url\":\"https:\/\/turijnmagazijn.nl\/wp-content\/uploads\/2023\/03\/DK00102206-4-1.jpg\",\"contentUrl\":\"https:\/\/turijnmagazijn.nl\/wp-content\/uploads\/2023\/03\/DK00102206-4-1.jpg\",\"width\":1024,\"height\":768},{\"@type\":\"BreadcrumbList\",\"@id\":\"https:\/\/turijnmagazijn.nl\/fr\/produit\/plug-home-2-pole-radiateur-ventilateur-radiateur-interrupteur-lancia-delta-integral\/#breadcrumb\",\"itemListElement\":[{\"@type\":\"ListItem\",\"position\":1,\"name\":\"Home\",\"item\":\"https:\/\/turijnmagazijn.jumpstone-dev.nl\/\"},{\"@type\":\"ListItem\",\"position\":2,\"name\":\"Produits\",\"item\":\"https:\/\/turijnmagazijn.nl\/fr\/shop\/\"},{\"@type\":\"ListItem\",\"position\":3,\"name\":\"Plug-housing 2 broches Interrupteur de radiateur de ventilateur Lancia Delta Integrale\"}]},{\"@type\":\"WebSite\",\"@id\":\"https:\/\/turijnmagazijn.jumpstone-dev.nl\/#website\",\"url\":\"https:\/\/turijnmagazijn.jumpstone-dev.nl\/\",\"name\":\"Turijnmagazijn\",\"description\":\"Onderdelen nieuw en gebruikt - Fiat &amp; Lancia\",\"publisher\":{\"@id\":\"https:\/\/turijnmagazijn.jumpstone-dev.nl\/#organization\"},\"potentialAction\":[{\"@type\":\"SearchAction\",\"target\":{\"@type\":\"EntryPoint\",\"urlTemplate\":\"https:\/\/turijnmagazijn.jumpstone-dev.nl\/?s={search_term_string}\"},\"query-input\":{\"@type\":\"PropertyValueSpecification\",\"valueRequired\":true,\"valueName\":\"search_term_string\"}}],\"inLanguage\":\"fr-FR\"},{\"@type\":\"Organization\",\"@id\":\"https:\/\/turijnmagazijn.jumpstone-dev.nl\/#organization\",\"name\":\"Turijnmagazijn\",\"url\":\"https:\/\/turijnmagazijn.jumpstone-dev.nl\/\",\"logo\":{\"@type\":\"ImageObject\",\"inLanguage\":\"fr-FR\",\"@id\":\"https:\/\/turijnmagazijn.jumpstone-dev.nl\/#\/schema\/logo\/image\/\",\"url\":\"https:\/\/turijnmagazijn.nl\/wp-content\/uploads\/2021\/02\/turijnmagazijnlogo.png\",\"contentUrl\":\"https:\/\/turijnmagazijn.nl\/wp-content\/uploads\/2021\/02\/turijnmagazijnlogo.png\",\"width\":555,\"height\":270,\"caption\":\"Turijnmagazijn\"},\"image\":{\"@id\":\"https:\/\/turijnmagazijn.jumpstone-dev.nl\/#\/schema\/logo\/image\/\"},\"sameAs\":[\"https:\/\/www.facebook.com\/turijnmagazijn\"]}]}<\/script>\n<!-- \/ Yoast SEO plugin. -->","yoast_head_json":{"title":"Plug-housing 2 broches Interrupteur de radiateur de ventilateur Lancia Delta Integrale - Turijnmagazijn","robots":{"index":"index","follow":"follow","max-snippet":"max-snippet:-1","max-image-preview":"max-image-preview:large","max-video-preview":"max-video-preview:-1"},"canonical":"https:\/\/turijnmagazijn.nl\/fr\/produit\/plug-home-2-pole-radiateur-ventilateur-radiateur-interrupteur-lancia-delta-integral\/","og_locale":"fr_FR","og_type":"article","og_title":"Plug-housing 2 broches Interrupteur de radiateur de ventilateur Lancia Delta Integrale - Turijnmagazijn","og_description":"Interrupteur de radiateur de ventilateur de radiateur Plug-house 2 broches Lancia Delta Integrale - Prise utilis\u00e9e sans contacts pour application du c\u00f4t\u00e9 du faisceau de c\u00e2blage pour la connexion du ventilateur du radiateur ou de l\u2019interrupteur du ventilateur du radiateur.","og_url":"https:\/\/turijnmagazijn.nl\/fr\/produit\/plug-home-2-pole-radiateur-ventilateur-radiateur-interrupteur-lancia-delta-integral\/","og_site_name":"Turijnmagazijn","article_publisher":"https:\/\/www.facebook.com\/turijnmagazijn","article_modified_time":"2024-09-03T06:50:00+00:00","og_image":[{"width":1024,"height":768,"url":"https:\/\/turijnmagazijn.nl\/wp-content\/uploads\/2023\/03\/DK00102206-4-1.jpg","type":"image\/jpeg"}],"twitter_card":"summary_large_image","schema":{"@context":"https:\/\/schema.org","@graph":[{"@type":"WebPage","@id":"https:\/\/turijnmagazijn.nl\/fr\/produit\/plug-home-2-pole-radiateur-ventilateur-radiateur-interrupteur-lancia-delta-integral\/","url":"https:\/\/turijnmagazijn.nl\/fr\/produit\/plug-home-2-pole-radiateur-ventilateur-radiateur-interrupteur-lancia-delta-integral\/","name":"Plug-housing 2 broches Interrupteur de radiateur de ventilateur Lancia Delta Integrale - Turijnmagazijn","isPartOf":{"@id":"https:\/\/turijnmagazijn.jumpstone-dev.nl\/#website"},"primaryImageOfPage":{"@id":"https:\/\/turijnmagazijn.nl\/fr\/produit\/plug-home-2-pole-radiateur-ventilateur-radiateur-interrupteur-lancia-delta-integral\/#primaryimage"},"image":{"@id":"https:\/\/turijnmagazijn.nl\/fr\/produit\/plug-home-2-pole-radiateur-ventilateur-radiateur-interrupteur-lancia-delta-integral\/#primaryimage"},"thumbnailUrl":"https:\/\/turijnmagazijn.nl\/wp-content\/uploads\/2023\/03\/DK00102206-4-1.jpg","datePublished":"2023-03-03T08:19:27+00:00","dateModified":"2024-09-03T06:50:00+00:00","breadcrumb":{"@id":"https:\/\/turijnmagazijn.nl\/fr\/produit\/plug-home-2-pole-radiateur-ventilateur-radiateur-interrupteur-lancia-delta-integral\/#breadcrumb"},"inLanguage":"fr-FR","potentialAction":[{"@type":"ReadAction","target":["https:\/\/turijnmagazijn.nl\/fr\/produit\/plug-home-2-pole-radiateur-ventilateur-radiateur-interrupteur-lancia-delta-integral\/"]}]},{"@type":"ImageObject","inLanguage":"fr-FR","@id":"https:\/\/turijnmagazijn.nl\/fr\/produit\/plug-home-2-pole-radiateur-ventilateur-radiateur-interrupteur-lancia-delta-integral\/#primaryimage","url":"https:\/\/turijnmagazijn.nl\/wp-content\/uploads\/2023\/03\/DK00102206-4-1.jpg","contentUrl":"https:\/\/turijnmagazijn.nl\/wp-content\/uploads\/2023\/03\/DK00102206-4-1.jpg","width":1024,"height":768},{"@type":"BreadcrumbList","@id":"https:\/\/turijnmagazijn.nl\/fr\/produit\/plug-home-2-pole-radiateur-ventilateur-radiateur-interrupteur-lancia-delta-integral\/#breadcrumb","itemListElement":[{"@type":"ListItem","position":1,"name":"Home","item":"https:\/\/turijnmagazijn.jumpstone-dev.nl\/"},{"@type":"ListItem","position":2,"name":"Produits","item":"https:\/\/turijnmagazijn.nl\/fr\/shop\/"},{"@type":"ListItem","position":3,"name":"Plug-housing 2 broches Interrupteur de radiateur de ventilateur Lancia Delta Integrale"}]},{"@type":"WebSite","@id":"https:\/\/turijnmagazijn.jumpstone-dev.nl\/#website","url":"https:\/\/turijnmagazijn.jumpstone-dev.nl\/","name":"Turijnmagazijn","description":"Onderdelen nieuw en gebruikt - Fiat &amp; Lancia","publisher":{"@id":"https:\/\/turijnmagazijn.jumpstone-dev.nl\/#organization"},"potentialAction":[{"@type":"SearchAction","target":{"@type":"EntryPoint","urlTemplate":"https:\/\/turijnmagazijn.jumpstone-dev.nl\/?s={search_term_string}"},"query-input":{"@type":"PropertyValueSpecification","valueRequired":true,"valueName":"search_term_string"}}],"inLanguage":"fr-FR"},{"@type":"Organization","@id":"https:\/\/turijnmagazijn.jumpstone-dev.nl\/#organization","name":"Turijnmagazijn","url":"https:\/\/turijnmagazijn.jumpstone-dev.nl\/","logo":{"@type":"ImageObject","inLanguage":"fr-FR","@id":"https:\/\/turijnmagazijn.jumpstone-dev.nl\/#\/schema\/logo\/image\/","url":"https:\/\/turijnmagazijn.nl\/wp-content\/uploads\/2021\/02\/turijnmagazijnlogo.png","contentUrl":"https:\/\/turijnmagazijn.nl\/wp-content\/uploads\/2021\/02\/turijnmagazijnlogo.png","width":555,"height":270,"caption":"Turijnmagazijn"},"image":{"@id":"https:\/\/turijnmagazijn.jumpstone-dev.nl\/#\/schema\/logo\/image\/"},"sameAs":["https:\/\/www.facebook.com\/turijnmagazijn"]}]}},"_links":{"self":[{"href":"https:\/\/turijnmagazijn.nl\/fr\/wp-json\/wp\/v2\/product\/64093","targetHints":{"allow":["GET"]}}],"collection":[{"href":"https:\/\/turijnmagazijn.nl\/fr\/wp-json\/wp\/v2\/product"}],"about":[{"href":"https:\/\/turijnmagazijn.nl\/fr\/wp-json\/wp\/v2\/types\/product"}],"replies":[{"embeddable":true,"href":"https:\/\/turijnmagazijn.nl\/fr\/wp-json\/wp\/v2\/comments?post=64093"}],"wp:featuredmedia":[{"embeddable":true,"href":"https:\/\/turijnmagazijn.nl\/fr\/wp-json\/wp\/v2\/media\/46820"}],"wp:attachment":[{"href":"https:\/\/turijnmagazijn.nl\/fr\/wp-json\/wp\/v2\/media?parent=64093"}],"wp:term":[{"taxonomy":"product_brand","embeddable":true,"href":"https:\/\/turijnmagazijn.nl\/fr\/wp-json\/wp\/v2\/product_brand?post=64093"},{"taxonomy":"product_cat","embeddable":true,"href":"https:\/\/turijnmagazijn.nl\/fr\/wp-json\/wp\/v2\/product_cat?post=64093"},{"taxonomy":"product_tag","embeddable":true,"href":"https:\/\/turijnmagazijn.nl\/fr\/wp-json\/wp\/v2\/product_tag?post=64093"}],"curies":[{"name":"wp","href":"https:\/\/api.w.org\/{rel}","templated":true}]}}