{"id":64100,"date":"2023-03-03T08:19:27","date_gmt":"2023-03-03T07:19:27","guid":{"rendered":"https:\/\/turijnmagazijn.nl\/product\/anneau-de-carrosserie-m6-lancia-delta-integrale\/"},"modified":"2024-11-01T20:34:28","modified_gmt":"2024-11-01T19:34:28","slug":"corps-anneau-m6-lancia-delta-integrale","status":"publish","type":"product","link":"https:\/\/turijnmagazijn.nl\/fr\/produit\/corps-anneau-m6-lancia-delta-integrale\/","title":{"rendered":"Anneau de carrosserie M6 Lancia Delta Integrale"},"content":{"rendered":"<p>Bague en cuir usag\u00e9 d\u2019origine M6 utilis\u00e9e sur la Lancia Delta Integrale.<\/p>\n<p>Ce mat\u00e9riau est utilis\u00e9, entre autres, dans la colonne de direction pour la connexion de la moiti\u00e9 sup\u00e9rieure et inf\u00e9rieure de la t\u00f4le d\u2019acier de la colonne de direction.<\/p>\n<p>D\u2019une Delta HF 4WD construite en 1988. Est en bon \u00e9tat.<\/p>\n<p>Ventes par pi\u00e8ce.<\/p>\n<p>Pi\u00e8ce num\u00e9ro 22 sur le dessin technique du dessin EPER num\u00e9ro 1022201001 concernant l&rsquo;application sur la Lancia Delta Integrale. Deux exemplaires de cet article sont n\u00e9cessaires par voiture. Pi\u00e8ce num\u00e9ro 17 sur le dessin technique de l&rsquo;EPER num\u00e9ro 1025801001 concernant l&rsquo;application sur la Lancia Delta Integrale. Vous aurez besoin de 3 pi\u00e8ces de cet article par voiture. Num\u00e9ro de pi\u00e8ce 20 sur le dessin technique de l&rsquo;EPER num\u00e9ro 1040100001 concernant l&rsquo;application sur la Lancia Delta Integrale. Vous aurez besoin de 4 pi\u00e8ces de cet article par voiture. Num\u00e9ro de pi\u00e8ce 18 sur le dessin technique de l&rsquo;EPER num\u00e9ro 1040201001 concernant l&rsquo;application sur la Lancia Delta Integrale. Vous aurez besoin de 6 pi\u00e8ces de cet article par voiture. Num\u00e9ro de pi\u00e8ce 11 sur le dessin technique de l&rsquo;EPER num\u00e9ro 2120700001 concernant l&rsquo;application sur la Lancia Delta Integrale. 3 pi\u00e8ces de cet article sont n\u00e9cessaires par voiture. Num\u00e9ro de pi\u00e8ce 10 sur le dessin technique de l&rsquo;EPER num\u00e9ro 719A2972A2DFDCB7D84E04B57F21399E concernant l&rsquo;application sur la Lancia Delta Integrale. 4 pi\u00e8ces de cette pi\u00e8ce sont n\u00e9cessaires par voiture. Pi\u00e8ce num\u00e9ro 6 sur le dessin technique de l&rsquo;EPER num\u00e9ro de dessin DE554A5054E6716D7C8409DFCB29881C concernant l&rsquo;application sur la Lancia Delta Integrale. Deux pi\u00e8ces de ce type sont n\u00e9cessaires par voiture. Num\u00e9ro de pi\u00e8ce 11 sur le dessin technique de l&rsquo;EPER num\u00e9ro de dessin 5611718C681193D36A6BC198EBCC9E6F mbt l&rsquo;application sur la Lancia Delta Integrale. Deux exemplaires de cet article sont n\u00e9cessaires par voiture. Num\u00e9ro d&rsquo;article 11 sur le dessin technique d&rsquo;EPER num\u00e9ro de dessin 112EE6A522F90A58D4C577BD76643159 mbt l&rsquo;application sur la Lancia Delta Integrale. Deux unit\u00e9s de cet article sont n\u00e9cessaires par voiture. Pi\u00e8ce num\u00e9ro 5 du dessin technique de l&rsquo;EPER num\u00e9ro de dessin 2414D61E034F1B27767FC763ADEFE1D7 concernant l&rsquo;application sur la Lancia Delta Integrale. 6 pi\u00e8ces de cet article sont n\u00e9cessaires par voiture. Num\u00e9ro de pi\u00e8ce 9 sur le dessin technique de l&rsquo;EPER num\u00e9ro de dessin 2414D61E034F1B27767FC763ADEFE1D7 concernant l&rsquo;application sur la Lancia Delta Integrale. Deux unit\u00e9s de cet article sont n\u00e9cessaires par voiture. Pi\u00e8ce num\u00e9ro 5 sur le dessin technique de l&rsquo;EPER num\u00e9ro de dessin D6BDEC69EE29754BE39F87DB9CBED603 concernant l&rsquo;application sur la Lancia Delta Integrale. Deux unit\u00e9s de cet article sont n\u00e9cessaires par voiture. Pi\u00e8ce num\u00e9ro 10 sur le dessin technique de l&rsquo;EPER num\u00e9ro de dessin D6BDEC69EE29754BE39F87DB9CBED603 concernant l&rsquo;application sur la Lancia Delta Integrale. 6 pi\u00e8ces de cet article sont n\u00e9cessaires par voiture. <\/p>\n<p>&nbsp;<\/p>\n<p>&nbsp;<\/p>\n<p>&nbsp;<\/p>\n<p>&nbsp;<\/p>\n<p>Lancia OEM 10519421<\/p>\n","protected":false},"excerpt":{"rendered":"<p>Bague de carrosserie M6 Lancia Delta Integrale &#8211; Bague de suspension originale usag\u00e9e M6 appliqu\u00e9e sur la Lancia Delta Integrale.<\/p>\n","protected":false},"featured_media":46844,"comment_status":"open","ping_status":"closed","template":"","meta":{"_acf_changed":false},"product_brand":[],"product_cat":[1809,1806,1819,1821,1825,1836,1830,1838,1798],"product_tag":[],"class_list":{"0":"post-64100","1":"product","2":"type-product","3":"status-publish","4":"has-post-thumbnail","6":"product_cat-1-1-1-3-1-5-fr","7":"product_cat-delta-1-831-fr","8":"product_cat-gt-i-e-fr","9":"product_cat-hf-4wd-fr","10":"product_cat-hf-turbo-fr","11":"product_cat-integrale-16v-fr","12":"product_cat-integrale-8v-fr","13":"product_cat-integrale-evo-fr","14":"product_cat-lancia-fr","15":"pa_soort-onderdeel-carrosserie-et-tolerie","16":"pa_soort-onderdeel-dautres-pieces-de-voiture","18":"first","19":"instock","20":"shipping-taxable","21":"purchasable","22":"product-type-simple"},"acf":[],"yoast_head":"<!-- This site is optimized with the Yoast SEO plugin v27.2 - https:\/\/yoast.com\/product\/yoast-seo-wordpress\/ -->\n<title>Anneau de carrosserie M6 Lancia Delta Integrale - Turijnmagazijn<\/title>\n<meta name=\"robots\" content=\"index, follow, max-snippet:-1, max-image-preview:large, max-video-preview:-1\" \/>\n<link rel=\"canonical\" href=\"https:\/\/turijnmagazijn.nl\/fr\/produit\/corps-anneau-m6-lancia-delta-integrale\/\" \/>\n<meta property=\"og:locale\" content=\"fr_FR\" \/>\n<meta property=\"og:type\" content=\"article\" \/>\n<meta property=\"og:title\" content=\"Anneau de carrosserie M6 Lancia Delta Integrale - Turijnmagazijn\" \/>\n<meta property=\"og:description\" content=\"Bague de carrosserie M6 Lancia Delta Integrale - Bague de suspension originale usag\u00e9e M6 appliqu\u00e9e sur la Lancia Delta Integrale.\" \/>\n<meta property=\"og:url\" content=\"https:\/\/turijnmagazijn.nl\/fr\/produit\/corps-anneau-m6-lancia-delta-integrale\/\" \/>\n<meta property=\"og:site_name\" content=\"Turijnmagazijn\" \/>\n<meta property=\"article:publisher\" content=\"https:\/\/www.facebook.com\/turijnmagazijn\" \/>\n<meta property=\"article:modified_time\" content=\"2024-11-01T19:34:28+00:00\" \/>\n<meta property=\"og:image\" content=\"https:\/\/turijnmagazijn.nl\/wp-content\/uploads\/2023\/03\/DK00102209-Carrosseriering-M6-Lancia-Delta-Integrale-1-1-e1730489634892.jpg\" \/>\n\t<meta property=\"og:image:width\" content=\"1024\" \/>\n\t<meta property=\"og:image:height\" content=\"768\" \/>\n\t<meta property=\"og:image:type\" content=\"image\/jpeg\" \/>\n<meta name=\"twitter:card\" content=\"summary_large_image\" \/>\n<meta name=\"twitter:label1\" content=\"Dur\u00e9e de lecture estim\u00e9e\" \/>\n\t<meta name=\"twitter:data1\" content=\"3 minutes\" \/>\n<script type=\"application\/ld+json\" class=\"yoast-schema-graph\">{\"@context\":\"https:\/\/schema.org\",\"@graph\":[{\"@type\":\"WebPage\",\"@id\":\"https:\/\/turijnmagazijn.nl\/fr\/produit\/corps-anneau-m6-lancia-delta-integrale\/\",\"url\":\"https:\/\/turijnmagazijn.nl\/fr\/produit\/corps-anneau-m6-lancia-delta-integrale\/\",\"name\":\"Anneau de carrosserie M6 Lancia Delta Integrale - Turijnmagazijn\",\"isPartOf\":{\"@id\":\"https:\/\/turijnmagazijn.jumpstone-dev.nl\/#website\"},\"primaryImageOfPage\":{\"@id\":\"https:\/\/turijnmagazijn.nl\/fr\/produit\/corps-anneau-m6-lancia-delta-integrale\/#primaryimage\"},\"image\":{\"@id\":\"https:\/\/turijnmagazijn.nl\/fr\/produit\/corps-anneau-m6-lancia-delta-integrale\/#primaryimage\"},\"thumbnailUrl\":\"https:\/\/turijnmagazijn.nl\/wp-content\/uploads\/2023\/03\/DK00102209-Carrosseriering-M6-Lancia-Delta-Integrale-1-1-e1730489634892.jpg\",\"datePublished\":\"2023-03-03T07:19:27+00:00\",\"dateModified\":\"2024-11-01T19:34:28+00:00\",\"breadcrumb\":{\"@id\":\"https:\/\/turijnmagazijn.nl\/fr\/produit\/corps-anneau-m6-lancia-delta-integrale\/#breadcrumb\"},\"inLanguage\":\"fr-FR\",\"potentialAction\":[{\"@type\":\"ReadAction\",\"target\":[\"https:\/\/turijnmagazijn.nl\/fr\/produit\/corps-anneau-m6-lancia-delta-integrale\/\"]}]},{\"@type\":\"ImageObject\",\"inLanguage\":\"fr-FR\",\"@id\":\"https:\/\/turijnmagazijn.nl\/fr\/produit\/corps-anneau-m6-lancia-delta-integrale\/#primaryimage\",\"url\":\"https:\/\/turijnmagazijn.nl\/wp-content\/uploads\/2023\/03\/DK00102209-Carrosseriering-M6-Lancia-Delta-Integrale-1-1-e1730489634892.jpg\",\"contentUrl\":\"https:\/\/turijnmagazijn.nl\/wp-content\/uploads\/2023\/03\/DK00102209-Carrosseriering-M6-Lancia-Delta-Integrale-1-1-e1730489634892.jpg\",\"width\":1024,\"height\":768},{\"@type\":\"BreadcrumbList\",\"@id\":\"https:\/\/turijnmagazijn.nl\/fr\/produit\/corps-anneau-m6-lancia-delta-integrale\/#breadcrumb\",\"itemListElement\":[{\"@type\":\"ListItem\",\"position\":1,\"name\":\"Home\",\"item\":\"https:\/\/turijnmagazijn.nl\/fr\/\"},{\"@type\":\"ListItem\",\"position\":2,\"name\":\"Produits\",\"item\":\"https:\/\/turijnmagazijn.nl\/fr\/shop\/\"},{\"@type\":\"ListItem\",\"position\":3,\"name\":\"Anneau de carrosserie M6 Lancia Delta Integrale\"}]},{\"@type\":\"WebSite\",\"@id\":\"https:\/\/turijnmagazijn.jumpstone-dev.nl\/#website\",\"url\":\"https:\/\/turijnmagazijn.jumpstone-dev.nl\/\",\"name\":\"Turijnmagazijn\",\"description\":\"Onderdelen nieuw en gebruikt - Fiat &amp; Lancia\",\"publisher\":{\"@id\":\"https:\/\/turijnmagazijn.jumpstone-dev.nl\/#organization\"},\"potentialAction\":[{\"@type\":\"SearchAction\",\"target\":{\"@type\":\"EntryPoint\",\"urlTemplate\":\"https:\/\/turijnmagazijn.jumpstone-dev.nl\/?s={search_term_string}\"},\"query-input\":{\"@type\":\"PropertyValueSpecification\",\"valueRequired\":true,\"valueName\":\"search_term_string\"}}],\"inLanguage\":\"fr-FR\"},{\"@type\":\"Organization\",\"@id\":\"https:\/\/turijnmagazijn.jumpstone-dev.nl\/#organization\",\"name\":\"Turijnmagazijn\",\"url\":\"https:\/\/turijnmagazijn.jumpstone-dev.nl\/\",\"logo\":{\"@type\":\"ImageObject\",\"inLanguage\":\"fr-FR\",\"@id\":\"https:\/\/turijnmagazijn.jumpstone-dev.nl\/#\/schema\/logo\/image\/\",\"url\":\"https:\/\/turijnmagazijn.nl\/wp-content\/uploads\/2021\/02\/turijnmagazijnlogo.png\",\"contentUrl\":\"https:\/\/turijnmagazijn.nl\/wp-content\/uploads\/2021\/02\/turijnmagazijnlogo.png\",\"width\":555,\"height\":270,\"caption\":\"Turijnmagazijn\"},\"image\":{\"@id\":\"https:\/\/turijnmagazijn.jumpstone-dev.nl\/#\/schema\/logo\/image\/\"},\"sameAs\":[\"https:\/\/www.facebook.com\/turijnmagazijn\"]}]}<\/script>\n<!-- \/ Yoast SEO plugin. -->","yoast_head_json":{"title":"Anneau de carrosserie M6 Lancia Delta Integrale - Turijnmagazijn","robots":{"index":"index","follow":"follow","max-snippet":"max-snippet:-1","max-image-preview":"max-image-preview:large","max-video-preview":"max-video-preview:-1"},"canonical":"https:\/\/turijnmagazijn.nl\/fr\/produit\/corps-anneau-m6-lancia-delta-integrale\/","og_locale":"fr_FR","og_type":"article","og_title":"Anneau de carrosserie M6 Lancia Delta Integrale - Turijnmagazijn","og_description":"Bague de carrosserie M6 Lancia Delta Integrale - Bague de suspension originale usag\u00e9e M6 appliqu\u00e9e sur la Lancia Delta Integrale.","og_url":"https:\/\/turijnmagazijn.nl\/fr\/produit\/corps-anneau-m6-lancia-delta-integrale\/","og_site_name":"Turijnmagazijn","article_publisher":"https:\/\/www.facebook.com\/turijnmagazijn","article_modified_time":"2024-11-01T19:34:28+00:00","og_image":[{"width":1024,"height":768,"url":"https:\/\/turijnmagazijn.nl\/wp-content\/uploads\/2023\/03\/DK00102209-Carrosseriering-M6-Lancia-Delta-Integrale-1-1-e1730489634892.jpg","type":"image\/jpeg"}],"twitter_card":"summary_large_image","twitter_misc":{"Dur\u00e9e de lecture estim\u00e9e":"3 minutes"},"schema":{"@context":"https:\/\/schema.org","@graph":[{"@type":"WebPage","@id":"https:\/\/turijnmagazijn.nl\/fr\/produit\/corps-anneau-m6-lancia-delta-integrale\/","url":"https:\/\/turijnmagazijn.nl\/fr\/produit\/corps-anneau-m6-lancia-delta-integrale\/","name":"Anneau de carrosserie M6 Lancia Delta Integrale - Turijnmagazijn","isPartOf":{"@id":"https:\/\/turijnmagazijn.jumpstone-dev.nl\/#website"},"primaryImageOfPage":{"@id":"https:\/\/turijnmagazijn.nl\/fr\/produit\/corps-anneau-m6-lancia-delta-integrale\/#primaryimage"},"image":{"@id":"https:\/\/turijnmagazijn.nl\/fr\/produit\/corps-anneau-m6-lancia-delta-integrale\/#primaryimage"},"thumbnailUrl":"https:\/\/turijnmagazijn.nl\/wp-content\/uploads\/2023\/03\/DK00102209-Carrosseriering-M6-Lancia-Delta-Integrale-1-1-e1730489634892.jpg","datePublished":"2023-03-03T07:19:27+00:00","dateModified":"2024-11-01T19:34:28+00:00","breadcrumb":{"@id":"https:\/\/turijnmagazijn.nl\/fr\/produit\/corps-anneau-m6-lancia-delta-integrale\/#breadcrumb"},"inLanguage":"fr-FR","potentialAction":[{"@type":"ReadAction","target":["https:\/\/turijnmagazijn.nl\/fr\/produit\/corps-anneau-m6-lancia-delta-integrale\/"]}]},{"@type":"ImageObject","inLanguage":"fr-FR","@id":"https:\/\/turijnmagazijn.nl\/fr\/produit\/corps-anneau-m6-lancia-delta-integrale\/#primaryimage","url":"https:\/\/turijnmagazijn.nl\/wp-content\/uploads\/2023\/03\/DK00102209-Carrosseriering-M6-Lancia-Delta-Integrale-1-1-e1730489634892.jpg","contentUrl":"https:\/\/turijnmagazijn.nl\/wp-content\/uploads\/2023\/03\/DK00102209-Carrosseriering-M6-Lancia-Delta-Integrale-1-1-e1730489634892.jpg","width":1024,"height":768},{"@type":"BreadcrumbList","@id":"https:\/\/turijnmagazijn.nl\/fr\/produit\/corps-anneau-m6-lancia-delta-integrale\/#breadcrumb","itemListElement":[{"@type":"ListItem","position":1,"name":"Home","item":"https:\/\/turijnmagazijn.nl\/fr\/"},{"@type":"ListItem","position":2,"name":"Produits","item":"https:\/\/turijnmagazijn.nl\/fr\/shop\/"},{"@type":"ListItem","position":3,"name":"Anneau de carrosserie M6 Lancia Delta Integrale"}]},{"@type":"WebSite","@id":"https:\/\/turijnmagazijn.jumpstone-dev.nl\/#website","url":"https:\/\/turijnmagazijn.jumpstone-dev.nl\/","name":"Turijnmagazijn","description":"Onderdelen nieuw en gebruikt - Fiat &amp; Lancia","publisher":{"@id":"https:\/\/turijnmagazijn.jumpstone-dev.nl\/#organization"},"potentialAction":[{"@type":"SearchAction","target":{"@type":"EntryPoint","urlTemplate":"https:\/\/turijnmagazijn.jumpstone-dev.nl\/?s={search_term_string}"},"query-input":{"@type":"PropertyValueSpecification","valueRequired":true,"valueName":"search_term_string"}}],"inLanguage":"fr-FR"},{"@type":"Organization","@id":"https:\/\/turijnmagazijn.jumpstone-dev.nl\/#organization","name":"Turijnmagazijn","url":"https:\/\/turijnmagazijn.jumpstone-dev.nl\/","logo":{"@type":"ImageObject","inLanguage":"fr-FR","@id":"https:\/\/turijnmagazijn.jumpstone-dev.nl\/#\/schema\/logo\/image\/","url":"https:\/\/turijnmagazijn.nl\/wp-content\/uploads\/2021\/02\/turijnmagazijnlogo.png","contentUrl":"https:\/\/turijnmagazijn.nl\/wp-content\/uploads\/2021\/02\/turijnmagazijnlogo.png","width":555,"height":270,"caption":"Turijnmagazijn"},"image":{"@id":"https:\/\/turijnmagazijn.jumpstone-dev.nl\/#\/schema\/logo\/image\/"},"sameAs":["https:\/\/www.facebook.com\/turijnmagazijn"]}]}},"_links":{"self":[{"href":"https:\/\/turijnmagazijn.nl\/fr\/wp-json\/wp\/v2\/product\/64100","targetHints":{"allow":["GET"]}}],"collection":[{"href":"https:\/\/turijnmagazijn.nl\/fr\/wp-json\/wp\/v2\/product"}],"about":[{"href":"https:\/\/turijnmagazijn.nl\/fr\/wp-json\/wp\/v2\/types\/product"}],"replies":[{"embeddable":true,"href":"https:\/\/turijnmagazijn.nl\/fr\/wp-json\/wp\/v2\/comments?post=64100"}],"wp:featuredmedia":[{"embeddable":true,"href":"https:\/\/turijnmagazijn.nl\/fr\/wp-json\/wp\/v2\/media\/46844"}],"wp:attachment":[{"href":"https:\/\/turijnmagazijn.nl\/fr\/wp-json\/wp\/v2\/media?parent=64100"}],"wp:term":[{"taxonomy":"product_brand","embeddable":true,"href":"https:\/\/turijnmagazijn.nl\/fr\/wp-json\/wp\/v2\/product_brand?post=64100"},{"taxonomy":"product_cat","embeddable":true,"href":"https:\/\/turijnmagazijn.nl\/fr\/wp-json\/wp\/v2\/product_cat?post=64100"},{"taxonomy":"product_tag","embeddable":true,"href":"https:\/\/turijnmagazijn.nl\/fr\/wp-json\/wp\/v2\/product_tag?post=64100"}],"curies":[{"name":"wp","href":"https:\/\/api.w.org\/{rel}","templated":true}]}}