{"id":64107,"date":"2023-03-03T09:19:27","date_gmt":"2023-03-03T08:19:27","guid":{"rendered":"https:\/\/turijnmagazijn.nl\/product\/set-4-supports-pare-chocs-arriere-lancia-delta-integrale-revise-et-ameliore\/"},"modified":"2023-07-27T12:15:04","modified_gmt":"2023-07-27T10:15:04","slug":"set-4-brackets-pare-chocs-arriere-lancia-delta-integral-revise-et-ameliore","status":"publish","type":"product","link":"https:\/\/turijnmagazijn.nl\/fr\/produit\/set-4-brackets-pare-chocs-arriere-lancia-delta-integral-revise-et-ameliore\/","title":{"rendered":"Set 4 supports pare-chocs arri\u00e8re Lancia Delta Integrale r\u00e9vis\u00e9 et am\u00e9lior\u00e9"},"content":{"rendered":"<p>Jeu r\u00e9vis\u00e9 de supports de pare-chocs arri\u00e8re pour Lancia Delta Integrale.&nbsp;<\/p>\n<p>Ces pare-chocs proviennent d\u2019une Lancia Delta Integrale 16V construite en 1990. Les supports auxiliaires sont soud\u00e9s pour le renforcement au point de flambage sup\u00e9rieur. Au fil des ans, les supports deviennent mous et commencent \u00e0 se d\u00e9chirer en raison de la vadrouille du pare-chocs qu\u2019ils attrapent. Ces supports sont soud\u00e9s \u00e0 cet endroit afin qu\u2019ils soient beaucoup plus fermes que l\u2019original. Les supports sont ensuite enduits de poudre en gris argent\u00e9 afin qu\u2019ils ne rouillent plus jamais. Un must pour le puriste qui ne veut que le meilleur sur son Delta.<\/p>\n<p>&nbsp;Lancia OEM 2x 82430643<\/p>\n<p>Lancia OEM 2x 82403529<\/p>\n","protected":false},"excerpt":{"rendered":"<p>Set 4 supports pare-chocs arri\u00e8re Lancia Delta Integrale r\u00e9vis\u00e9 et am\u00e9lior\u00e9 &#8211; Jeu r\u00e9vis\u00e9 de supports de pare-chocs arri\u00e8re pour Lancia Delta Integrale.<\/p>\n","protected":false},"featured_media":46872,"comment_status":"open","ping_status":"closed","template":"","meta":{"_acf_changed":false},"product_brand":[],"product_cat":[1806,1830,1798],"product_tag":[],"class_list":{"0":"post-64107","1":"product","2":"type-product","3":"status-publish","4":"has-post-thumbnail","6":"product_cat-delta-1-831-fr","7":"product_cat-integrale-8v-fr","8":"product_cat-lancia-fr","9":"pa_soort-onderdeel-carrosserie-et-tolerie","11":"first","12":"instock","13":"shipping-taxable","14":"purchasable","15":"product-type-simple"},"acf":[],"yoast_head":"<!-- This site is optimized with the Yoast SEO plugin v27.2 - https:\/\/yoast.com\/product\/yoast-seo-wordpress\/ -->\n<title>Set 4 supports pare-chocs arri\u00e8re Lancia Delta Integrale r\u00e9vis\u00e9 et am\u00e9lior\u00e9 - Turijnmagazijn<\/title>\n<meta name=\"robots\" content=\"index, follow, max-snippet:-1, max-image-preview:large, max-video-preview:-1\" \/>\n<link rel=\"canonical\" href=\"https:\/\/turijnmagazijn.nl\/fr\/produit\/set-4-brackets-pare-chocs-arriere-lancia-delta-integral-revise-et-ameliore\/\" \/>\n<meta property=\"og:locale\" content=\"fr_FR\" \/>\n<meta property=\"og:type\" content=\"article\" \/>\n<meta property=\"og:title\" content=\"Set 4 supports pare-chocs arri\u00e8re Lancia Delta Integrale r\u00e9vis\u00e9 et am\u00e9lior\u00e9 - Turijnmagazijn\" \/>\n<meta property=\"og:description\" content=\"Set 4 supports pare-chocs arri\u00e8re Lancia Delta Integrale r\u00e9vis\u00e9 et am\u00e9lior\u00e9 - Jeu r\u00e9vis\u00e9 de supports de pare-chocs arri\u00e8re pour Lancia Delta Integrale.\" \/>\n<meta property=\"og:url\" content=\"https:\/\/turijnmagazijn.nl\/fr\/produit\/set-4-brackets-pare-chocs-arriere-lancia-delta-integral-revise-et-ameliore\/\" \/>\n<meta property=\"og:site_name\" content=\"Turijnmagazijn\" \/>\n<meta property=\"article:publisher\" content=\"https:\/\/www.facebook.com\/turijnmagazijn\" \/>\n<meta property=\"article:modified_time\" content=\"2023-07-27T10:15:04+00:00\" \/>\n<meta property=\"og:image\" content=\"https:\/\/turijnmagazijn.nl\/wp-content\/uploads\/2023\/03\/DK00102212-Set-4-beugels-achterbumper-Lancia-Delta-Integrale-gereviseerd-en-verbeterd-3-1.jpg\" \/>\n\t<meta property=\"og:image:width\" content=\"1024\" \/>\n\t<meta property=\"og:image:height\" content=\"768\" \/>\n\t<meta property=\"og:image:type\" content=\"image\/jpeg\" \/>\n<meta name=\"twitter:card\" content=\"summary_large_image\" \/>\n<meta name=\"twitter:label1\" content=\"Dur\u00e9e de lecture estim\u00e9e\" \/>\n\t<meta name=\"twitter:data1\" content=\"1 minute\" \/>\n<script type=\"application\/ld+json\" class=\"yoast-schema-graph\">{\"@context\":\"https:\/\/schema.org\",\"@graph\":[{\"@type\":\"WebPage\",\"@id\":\"https:\/\/turijnmagazijn.nl\/fr\/produit\/set-4-brackets-pare-chocs-arriere-lancia-delta-integral-revise-et-ameliore\/\",\"url\":\"https:\/\/turijnmagazijn.nl\/fr\/produit\/set-4-brackets-pare-chocs-arriere-lancia-delta-integral-revise-et-ameliore\/\",\"name\":\"Set 4 supports pare-chocs arri\u00e8re Lancia Delta Integrale r\u00e9vis\u00e9 et am\u00e9lior\u00e9 - Turijnmagazijn\",\"isPartOf\":{\"@id\":\"https:\/\/turijnmagazijn.jumpstone-dev.nl\/#website\"},\"primaryImageOfPage\":{\"@id\":\"https:\/\/turijnmagazijn.nl\/fr\/produit\/set-4-brackets-pare-chocs-arriere-lancia-delta-integral-revise-et-ameliore\/#primaryimage\"},\"image\":{\"@id\":\"https:\/\/turijnmagazijn.nl\/fr\/produit\/set-4-brackets-pare-chocs-arriere-lancia-delta-integral-revise-et-ameliore\/#primaryimage\"},\"thumbnailUrl\":\"https:\/\/turijnmagazijn.nl\/wp-content\/uploads\/2023\/03\/DK00102212-Set-4-beugels-achterbumper-Lancia-Delta-Integrale-gereviseerd-en-verbeterd-3-1.jpg\",\"datePublished\":\"2023-03-03T08:19:27+00:00\",\"dateModified\":\"2023-07-27T10:15:04+00:00\",\"breadcrumb\":{\"@id\":\"https:\/\/turijnmagazijn.nl\/fr\/produit\/set-4-brackets-pare-chocs-arriere-lancia-delta-integral-revise-et-ameliore\/#breadcrumb\"},\"inLanguage\":\"fr-FR\",\"potentialAction\":[{\"@type\":\"ReadAction\",\"target\":[\"https:\/\/turijnmagazijn.nl\/fr\/produit\/set-4-brackets-pare-chocs-arriere-lancia-delta-integral-revise-et-ameliore\/\"]}]},{\"@type\":\"ImageObject\",\"inLanguage\":\"fr-FR\",\"@id\":\"https:\/\/turijnmagazijn.nl\/fr\/produit\/set-4-brackets-pare-chocs-arriere-lancia-delta-integral-revise-et-ameliore\/#primaryimage\",\"url\":\"https:\/\/turijnmagazijn.nl\/wp-content\/uploads\/2023\/03\/DK00102212-Set-4-beugels-achterbumper-Lancia-Delta-Integrale-gereviseerd-en-verbeterd-3-1.jpg\",\"contentUrl\":\"https:\/\/turijnmagazijn.nl\/wp-content\/uploads\/2023\/03\/DK00102212-Set-4-beugels-achterbumper-Lancia-Delta-Integrale-gereviseerd-en-verbeterd-3-1.jpg\",\"width\":1024,\"height\":768},{\"@type\":\"BreadcrumbList\",\"@id\":\"https:\/\/turijnmagazijn.nl\/fr\/produit\/set-4-brackets-pare-chocs-arriere-lancia-delta-integral-revise-et-ameliore\/#breadcrumb\",\"itemListElement\":[{\"@type\":\"ListItem\",\"position\":1,\"name\":\"Home\",\"item\":\"https:\/\/turijnmagazijn.jumpstone-dev.nl\/\"},{\"@type\":\"ListItem\",\"position\":2,\"name\":\"Produits\",\"item\":\"https:\/\/turijnmagazijn.nl\/fr\/shop\/\"},{\"@type\":\"ListItem\",\"position\":3,\"name\":\"Set 4 supports pare-chocs arri\u00e8re Lancia Delta Integrale r\u00e9vis\u00e9 et am\u00e9lior\u00e9\"}]},{\"@type\":\"WebSite\",\"@id\":\"https:\/\/turijnmagazijn.jumpstone-dev.nl\/#website\",\"url\":\"https:\/\/turijnmagazijn.jumpstone-dev.nl\/\",\"name\":\"Turijnmagazijn\",\"description\":\"Onderdelen nieuw en gebruikt - Fiat &amp; Lancia\",\"publisher\":{\"@id\":\"https:\/\/turijnmagazijn.jumpstone-dev.nl\/#organization\"},\"potentialAction\":[{\"@type\":\"SearchAction\",\"target\":{\"@type\":\"EntryPoint\",\"urlTemplate\":\"https:\/\/turijnmagazijn.jumpstone-dev.nl\/?s={search_term_string}\"},\"query-input\":{\"@type\":\"PropertyValueSpecification\",\"valueRequired\":true,\"valueName\":\"search_term_string\"}}],\"inLanguage\":\"fr-FR\"},{\"@type\":\"Organization\",\"@id\":\"https:\/\/turijnmagazijn.jumpstone-dev.nl\/#organization\",\"name\":\"Turijnmagazijn\",\"url\":\"https:\/\/turijnmagazijn.jumpstone-dev.nl\/\",\"logo\":{\"@type\":\"ImageObject\",\"inLanguage\":\"fr-FR\",\"@id\":\"https:\/\/turijnmagazijn.jumpstone-dev.nl\/#\/schema\/logo\/image\/\",\"url\":\"https:\/\/turijnmagazijn.nl\/wp-content\/uploads\/2021\/02\/turijnmagazijnlogo.png\",\"contentUrl\":\"https:\/\/turijnmagazijn.nl\/wp-content\/uploads\/2021\/02\/turijnmagazijnlogo.png\",\"width\":555,\"height\":270,\"caption\":\"Turijnmagazijn\"},\"image\":{\"@id\":\"https:\/\/turijnmagazijn.jumpstone-dev.nl\/#\/schema\/logo\/image\/\"},\"sameAs\":[\"https:\/\/www.facebook.com\/turijnmagazijn\"]}]}<\/script>\n<!-- \/ Yoast SEO plugin. -->","yoast_head_json":{"title":"Set 4 supports pare-chocs arri\u00e8re Lancia Delta Integrale r\u00e9vis\u00e9 et am\u00e9lior\u00e9 - Turijnmagazijn","robots":{"index":"index","follow":"follow","max-snippet":"max-snippet:-1","max-image-preview":"max-image-preview:large","max-video-preview":"max-video-preview:-1"},"canonical":"https:\/\/turijnmagazijn.nl\/fr\/produit\/set-4-brackets-pare-chocs-arriere-lancia-delta-integral-revise-et-ameliore\/","og_locale":"fr_FR","og_type":"article","og_title":"Set 4 supports pare-chocs arri\u00e8re Lancia Delta Integrale r\u00e9vis\u00e9 et am\u00e9lior\u00e9 - Turijnmagazijn","og_description":"Set 4 supports pare-chocs arri\u00e8re Lancia Delta Integrale r\u00e9vis\u00e9 et am\u00e9lior\u00e9 - Jeu r\u00e9vis\u00e9 de supports de pare-chocs arri\u00e8re pour Lancia Delta Integrale.","og_url":"https:\/\/turijnmagazijn.nl\/fr\/produit\/set-4-brackets-pare-chocs-arriere-lancia-delta-integral-revise-et-ameliore\/","og_site_name":"Turijnmagazijn","article_publisher":"https:\/\/www.facebook.com\/turijnmagazijn","article_modified_time":"2023-07-27T10:15:04+00:00","og_image":[{"width":1024,"height":768,"url":"https:\/\/turijnmagazijn.nl\/wp-content\/uploads\/2023\/03\/DK00102212-Set-4-beugels-achterbumper-Lancia-Delta-Integrale-gereviseerd-en-verbeterd-3-1.jpg","type":"image\/jpeg"}],"twitter_card":"summary_large_image","twitter_misc":{"Dur\u00e9e de lecture estim\u00e9e":"1 minute"},"schema":{"@context":"https:\/\/schema.org","@graph":[{"@type":"WebPage","@id":"https:\/\/turijnmagazijn.nl\/fr\/produit\/set-4-brackets-pare-chocs-arriere-lancia-delta-integral-revise-et-ameliore\/","url":"https:\/\/turijnmagazijn.nl\/fr\/produit\/set-4-brackets-pare-chocs-arriere-lancia-delta-integral-revise-et-ameliore\/","name":"Set 4 supports pare-chocs arri\u00e8re Lancia Delta Integrale r\u00e9vis\u00e9 et am\u00e9lior\u00e9 - Turijnmagazijn","isPartOf":{"@id":"https:\/\/turijnmagazijn.jumpstone-dev.nl\/#website"},"primaryImageOfPage":{"@id":"https:\/\/turijnmagazijn.nl\/fr\/produit\/set-4-brackets-pare-chocs-arriere-lancia-delta-integral-revise-et-ameliore\/#primaryimage"},"image":{"@id":"https:\/\/turijnmagazijn.nl\/fr\/produit\/set-4-brackets-pare-chocs-arriere-lancia-delta-integral-revise-et-ameliore\/#primaryimage"},"thumbnailUrl":"https:\/\/turijnmagazijn.nl\/wp-content\/uploads\/2023\/03\/DK00102212-Set-4-beugels-achterbumper-Lancia-Delta-Integrale-gereviseerd-en-verbeterd-3-1.jpg","datePublished":"2023-03-03T08:19:27+00:00","dateModified":"2023-07-27T10:15:04+00:00","breadcrumb":{"@id":"https:\/\/turijnmagazijn.nl\/fr\/produit\/set-4-brackets-pare-chocs-arriere-lancia-delta-integral-revise-et-ameliore\/#breadcrumb"},"inLanguage":"fr-FR","potentialAction":[{"@type":"ReadAction","target":["https:\/\/turijnmagazijn.nl\/fr\/produit\/set-4-brackets-pare-chocs-arriere-lancia-delta-integral-revise-et-ameliore\/"]}]},{"@type":"ImageObject","inLanguage":"fr-FR","@id":"https:\/\/turijnmagazijn.nl\/fr\/produit\/set-4-brackets-pare-chocs-arriere-lancia-delta-integral-revise-et-ameliore\/#primaryimage","url":"https:\/\/turijnmagazijn.nl\/wp-content\/uploads\/2023\/03\/DK00102212-Set-4-beugels-achterbumper-Lancia-Delta-Integrale-gereviseerd-en-verbeterd-3-1.jpg","contentUrl":"https:\/\/turijnmagazijn.nl\/wp-content\/uploads\/2023\/03\/DK00102212-Set-4-beugels-achterbumper-Lancia-Delta-Integrale-gereviseerd-en-verbeterd-3-1.jpg","width":1024,"height":768},{"@type":"BreadcrumbList","@id":"https:\/\/turijnmagazijn.nl\/fr\/produit\/set-4-brackets-pare-chocs-arriere-lancia-delta-integral-revise-et-ameliore\/#breadcrumb","itemListElement":[{"@type":"ListItem","position":1,"name":"Home","item":"https:\/\/turijnmagazijn.jumpstone-dev.nl\/"},{"@type":"ListItem","position":2,"name":"Produits","item":"https:\/\/turijnmagazijn.nl\/fr\/shop\/"},{"@type":"ListItem","position":3,"name":"Set 4 supports pare-chocs arri\u00e8re Lancia Delta Integrale r\u00e9vis\u00e9 et am\u00e9lior\u00e9"}]},{"@type":"WebSite","@id":"https:\/\/turijnmagazijn.jumpstone-dev.nl\/#website","url":"https:\/\/turijnmagazijn.jumpstone-dev.nl\/","name":"Turijnmagazijn","description":"Onderdelen nieuw en gebruikt - Fiat &amp; Lancia","publisher":{"@id":"https:\/\/turijnmagazijn.jumpstone-dev.nl\/#organization"},"potentialAction":[{"@type":"SearchAction","target":{"@type":"EntryPoint","urlTemplate":"https:\/\/turijnmagazijn.jumpstone-dev.nl\/?s={search_term_string}"},"query-input":{"@type":"PropertyValueSpecification","valueRequired":true,"valueName":"search_term_string"}}],"inLanguage":"fr-FR"},{"@type":"Organization","@id":"https:\/\/turijnmagazijn.jumpstone-dev.nl\/#organization","name":"Turijnmagazijn","url":"https:\/\/turijnmagazijn.jumpstone-dev.nl\/","logo":{"@type":"ImageObject","inLanguage":"fr-FR","@id":"https:\/\/turijnmagazijn.jumpstone-dev.nl\/#\/schema\/logo\/image\/","url":"https:\/\/turijnmagazijn.nl\/wp-content\/uploads\/2021\/02\/turijnmagazijnlogo.png","contentUrl":"https:\/\/turijnmagazijn.nl\/wp-content\/uploads\/2021\/02\/turijnmagazijnlogo.png","width":555,"height":270,"caption":"Turijnmagazijn"},"image":{"@id":"https:\/\/turijnmagazijn.jumpstone-dev.nl\/#\/schema\/logo\/image\/"},"sameAs":["https:\/\/www.facebook.com\/turijnmagazijn"]}]}},"_links":{"self":[{"href":"https:\/\/turijnmagazijn.nl\/fr\/wp-json\/wp\/v2\/product\/64107","targetHints":{"allow":["GET"]}}],"collection":[{"href":"https:\/\/turijnmagazijn.nl\/fr\/wp-json\/wp\/v2\/product"}],"about":[{"href":"https:\/\/turijnmagazijn.nl\/fr\/wp-json\/wp\/v2\/types\/product"}],"replies":[{"embeddable":true,"href":"https:\/\/turijnmagazijn.nl\/fr\/wp-json\/wp\/v2\/comments?post=64107"}],"wp:featuredmedia":[{"embeddable":true,"href":"https:\/\/turijnmagazijn.nl\/fr\/wp-json\/wp\/v2\/media\/46872"}],"wp:attachment":[{"href":"https:\/\/turijnmagazijn.nl\/fr\/wp-json\/wp\/v2\/media?parent=64107"}],"wp:term":[{"taxonomy":"product_brand","embeddable":true,"href":"https:\/\/turijnmagazijn.nl\/fr\/wp-json\/wp\/v2\/product_brand?post=64107"},{"taxonomy":"product_cat","embeddable":true,"href":"https:\/\/turijnmagazijn.nl\/fr\/wp-json\/wp\/v2\/product_cat?post=64107"},{"taxonomy":"product_tag","embeddable":true,"href":"https:\/\/turijnmagazijn.nl\/fr\/wp-json\/wp\/v2\/product_tag?post=64107"}],"curies":[{"name":"wp","href":"https:\/\/api.w.org\/{rel}","templated":true}]}}