{"id":64123,"date":"2023-03-03T09:19:27","date_gmt":"2023-03-03T08:19:27","guid":{"rendered":"https:\/\/turijnmagazijn.nl\/product\/support-auxiliaire-de-pare-chocs-arriere-lancia-delta-integrale-revise-et-ameliore\/"},"modified":"2023-07-27T12:15:00","modified_gmt":"2023-07-27T10:15:00","slug":"support-auxiliaire-pare-chocs-arriere-lancia-delta-integral-revise-et-ameliore","status":"publish","type":"product","link":"https:\/\/turijnmagazijn.nl\/fr\/produit\/support-auxiliaire-pare-chocs-arriere-lancia-delta-integral-revise-et-ameliore\/","title":{"rendered":"Support auxiliaire de pare-chocs arri\u00e8re Lancia Delta Integrale r\u00e9vis\u00e9 et am\u00e9lior\u00e9"},"content":{"rendered":"<p>Support de pare-chocs arri\u00e8re r\u00e9vis\u00e9 pour Lancia Delta Integrale, concerne le support auxiliaire qui emp\u00eache le battement du pare-chocs \u00e0 grande vitesse.<\/p>\n<p>Ce support provient d\u2019une Lancia Delta Integrale 16V construite en 1990. Le support auxiliaire est soud\u00e9 pour le renforcement au point de flambage sup\u00e9rieur. Au fil des ans, les supports deviennent mous et commencent \u00e0 se d\u00e9chirer en raison de la vadrouille du pare-chocs qu\u2019ils attrapent.  <span style=\"font-weight: bold;\">Ces supports r\u00e9vis\u00e9s sont soud\u00e9s \u00e0 cet endroit afin qu\u2019ils soient beaucoup plus robustes que l\u2019original!<\/span>  Les supports sont ensuite enduits de poudre en gris argent\u00e9 afin qu\u2019ils ne rouillent plus jamais. Un must pour le puriste qui ne veut que le meilleur sur son Delta.<\/p>\n<p><\/p>\n<p>&nbsp;Lancia OEM 82430643<\/p>\n","protected":false},"excerpt":{"rendered":"<p>Support auxiliaire pare-chocs arri\u00e8re Lancia Delta Integrale r\u00e9vis\u00e9 et am\u00e9lior\u00e9 &#8211; Support de pare-chocs arri\u00e8re r\u00e9vis\u00e9 pour Lancia Delta Integrale, concerne le support auxiliaire qui emp\u00eache le battement du pare-chocs \u00e0 grande vitesse.<\/p>\n","protected":false},"featured_media":46904,"comment_status":"open","ping_status":"closed","template":"","meta":{"_acf_changed":false},"product_brand":[],"product_cat":[1806,1830,1798],"product_tag":[],"class_list":{"0":"post-64123","1":"product","2":"type-product","3":"status-publish","4":"has-post-thumbnail","6":"product_cat-delta-1-831-fr","7":"product_cat-integrale-8v-fr","8":"product_cat-lancia-fr","9":"pa_soort-onderdeel-carrosserie-et-tolerie","11":"first","12":"instock","13":"shipping-taxable","14":"purchasable","15":"product-type-simple"},"acf":[],"yoast_head":"<!-- This site is optimized with the Yoast SEO plugin v27.2 - https:\/\/yoast.com\/product\/yoast-seo-wordpress\/ -->\n<title>Support auxiliaire de pare-chocs arri\u00e8re Lancia Delta Integrale r\u00e9vis\u00e9 et am\u00e9lior\u00e9 - Turijnmagazijn<\/title>\n<meta name=\"robots\" content=\"index, follow, max-snippet:-1, max-image-preview:large, max-video-preview:-1\" \/>\n<link rel=\"canonical\" href=\"https:\/\/turijnmagazijn.nl\/fr\/produit\/support-auxiliaire-pare-chocs-arriere-lancia-delta-integral-revise-et-ameliore\/\" \/>\n<meta property=\"og:locale\" content=\"fr_FR\" \/>\n<meta property=\"og:type\" content=\"article\" \/>\n<meta property=\"og:title\" content=\"Support auxiliaire de pare-chocs arri\u00e8re Lancia Delta Integrale r\u00e9vis\u00e9 et am\u00e9lior\u00e9 - Turijnmagazijn\" \/>\n<meta property=\"og:description\" content=\"Support auxiliaire pare-chocs arri\u00e8re Lancia Delta Integrale r\u00e9vis\u00e9 et am\u00e9lior\u00e9 - Support de pare-chocs arri\u00e8re r\u00e9vis\u00e9 pour Lancia Delta Integrale, concerne le support auxiliaire qui emp\u00eache le battement du pare-chocs \u00e0 grande vitesse.\" \/>\n<meta property=\"og:url\" content=\"https:\/\/turijnmagazijn.nl\/fr\/produit\/support-auxiliaire-pare-chocs-arriere-lancia-delta-integral-revise-et-ameliore\/\" \/>\n<meta property=\"og:site_name\" content=\"Turijnmagazijn\" \/>\n<meta property=\"article:publisher\" content=\"https:\/\/www.facebook.com\/turijnmagazijn\" \/>\n<meta property=\"article:modified_time\" content=\"2023-07-27T10:15:00+00:00\" \/>\n<meta property=\"og:image\" content=\"https:\/\/turijnmagazijn.nl\/wp-content\/uploads\/2023\/03\/DK00102214-Hulpbeugel-achterbumper-Lancia-Delta-Integrale-gereviseerd-en-verbeterd-1-1.jpg\" \/>\n\t<meta property=\"og:image:width\" content=\"1024\" \/>\n\t<meta property=\"og:image:height\" content=\"768\" \/>\n\t<meta property=\"og:image:type\" content=\"image\/jpeg\" \/>\n<meta name=\"twitter:card\" content=\"summary_large_image\" \/>\n<meta name=\"twitter:label1\" content=\"Dur\u00e9e de lecture estim\u00e9e\" \/>\n\t<meta name=\"twitter:data1\" content=\"1 minute\" \/>\n<script type=\"application\/ld+json\" class=\"yoast-schema-graph\">{\"@context\":\"https:\/\/schema.org\",\"@graph\":[{\"@type\":\"WebPage\",\"@id\":\"https:\/\/turijnmagazijn.nl\/fr\/produit\/support-auxiliaire-pare-chocs-arriere-lancia-delta-integral-revise-et-ameliore\/\",\"url\":\"https:\/\/turijnmagazijn.nl\/fr\/produit\/support-auxiliaire-pare-chocs-arriere-lancia-delta-integral-revise-et-ameliore\/\",\"name\":\"Support auxiliaire de pare-chocs arri\u00e8re Lancia Delta Integrale r\u00e9vis\u00e9 et am\u00e9lior\u00e9 - Turijnmagazijn\",\"isPartOf\":{\"@id\":\"https:\/\/turijnmagazijn.jumpstone-dev.nl\/#website\"},\"primaryImageOfPage\":{\"@id\":\"https:\/\/turijnmagazijn.nl\/fr\/produit\/support-auxiliaire-pare-chocs-arriere-lancia-delta-integral-revise-et-ameliore\/#primaryimage\"},\"image\":{\"@id\":\"https:\/\/turijnmagazijn.nl\/fr\/produit\/support-auxiliaire-pare-chocs-arriere-lancia-delta-integral-revise-et-ameliore\/#primaryimage\"},\"thumbnailUrl\":\"https:\/\/turijnmagazijn.nl\/wp-content\/uploads\/2023\/03\/DK00102214-Hulpbeugel-achterbumper-Lancia-Delta-Integrale-gereviseerd-en-verbeterd-1-1.jpg\",\"datePublished\":\"2023-03-03T08:19:27+00:00\",\"dateModified\":\"2023-07-27T10:15:00+00:00\",\"breadcrumb\":{\"@id\":\"https:\/\/turijnmagazijn.nl\/fr\/produit\/support-auxiliaire-pare-chocs-arriere-lancia-delta-integral-revise-et-ameliore\/#breadcrumb\"},\"inLanguage\":\"fr-FR\",\"potentialAction\":[{\"@type\":\"ReadAction\",\"target\":[\"https:\/\/turijnmagazijn.nl\/fr\/produit\/support-auxiliaire-pare-chocs-arriere-lancia-delta-integral-revise-et-ameliore\/\"]}]},{\"@type\":\"ImageObject\",\"inLanguage\":\"fr-FR\",\"@id\":\"https:\/\/turijnmagazijn.nl\/fr\/produit\/support-auxiliaire-pare-chocs-arriere-lancia-delta-integral-revise-et-ameliore\/#primaryimage\",\"url\":\"https:\/\/turijnmagazijn.nl\/wp-content\/uploads\/2023\/03\/DK00102214-Hulpbeugel-achterbumper-Lancia-Delta-Integrale-gereviseerd-en-verbeterd-1-1.jpg\",\"contentUrl\":\"https:\/\/turijnmagazijn.nl\/wp-content\/uploads\/2023\/03\/DK00102214-Hulpbeugel-achterbumper-Lancia-Delta-Integrale-gereviseerd-en-verbeterd-1-1.jpg\",\"width\":1024,\"height\":768},{\"@type\":\"BreadcrumbList\",\"@id\":\"https:\/\/turijnmagazijn.nl\/fr\/produit\/support-auxiliaire-pare-chocs-arriere-lancia-delta-integral-revise-et-ameliore\/#breadcrumb\",\"itemListElement\":[{\"@type\":\"ListItem\",\"position\":1,\"name\":\"Home\",\"item\":\"https:\/\/turijnmagazijn.jumpstone-dev.nl\/\"},{\"@type\":\"ListItem\",\"position\":2,\"name\":\"Produits\",\"item\":\"https:\/\/turijnmagazijn.nl\/fr\/shop\/\"},{\"@type\":\"ListItem\",\"position\":3,\"name\":\"Support auxiliaire de pare-chocs arri\u00e8re Lancia Delta Integrale r\u00e9vis\u00e9 et am\u00e9lior\u00e9\"}]},{\"@type\":\"WebSite\",\"@id\":\"https:\/\/turijnmagazijn.jumpstone-dev.nl\/#website\",\"url\":\"https:\/\/turijnmagazijn.jumpstone-dev.nl\/\",\"name\":\"Turijnmagazijn\",\"description\":\"Onderdelen nieuw en gebruikt - Fiat &amp; Lancia\",\"publisher\":{\"@id\":\"https:\/\/turijnmagazijn.jumpstone-dev.nl\/#organization\"},\"potentialAction\":[{\"@type\":\"SearchAction\",\"target\":{\"@type\":\"EntryPoint\",\"urlTemplate\":\"https:\/\/turijnmagazijn.jumpstone-dev.nl\/?s={search_term_string}\"},\"query-input\":{\"@type\":\"PropertyValueSpecification\",\"valueRequired\":true,\"valueName\":\"search_term_string\"}}],\"inLanguage\":\"fr-FR\"},{\"@type\":\"Organization\",\"@id\":\"https:\/\/turijnmagazijn.jumpstone-dev.nl\/#organization\",\"name\":\"Turijnmagazijn\",\"url\":\"https:\/\/turijnmagazijn.jumpstone-dev.nl\/\",\"logo\":{\"@type\":\"ImageObject\",\"inLanguage\":\"fr-FR\",\"@id\":\"https:\/\/turijnmagazijn.jumpstone-dev.nl\/#\/schema\/logo\/image\/\",\"url\":\"https:\/\/turijnmagazijn.nl\/wp-content\/uploads\/2021\/02\/turijnmagazijnlogo.png\",\"contentUrl\":\"https:\/\/turijnmagazijn.nl\/wp-content\/uploads\/2021\/02\/turijnmagazijnlogo.png\",\"width\":555,\"height\":270,\"caption\":\"Turijnmagazijn\"},\"image\":{\"@id\":\"https:\/\/turijnmagazijn.jumpstone-dev.nl\/#\/schema\/logo\/image\/\"},\"sameAs\":[\"https:\/\/www.facebook.com\/turijnmagazijn\"]}]}<\/script>\n<!-- \/ Yoast SEO plugin. -->","yoast_head_json":{"title":"Support auxiliaire de pare-chocs arri\u00e8re Lancia Delta Integrale r\u00e9vis\u00e9 et am\u00e9lior\u00e9 - Turijnmagazijn","robots":{"index":"index","follow":"follow","max-snippet":"max-snippet:-1","max-image-preview":"max-image-preview:large","max-video-preview":"max-video-preview:-1"},"canonical":"https:\/\/turijnmagazijn.nl\/fr\/produit\/support-auxiliaire-pare-chocs-arriere-lancia-delta-integral-revise-et-ameliore\/","og_locale":"fr_FR","og_type":"article","og_title":"Support auxiliaire de pare-chocs arri\u00e8re Lancia Delta Integrale r\u00e9vis\u00e9 et am\u00e9lior\u00e9 - Turijnmagazijn","og_description":"Support auxiliaire pare-chocs arri\u00e8re Lancia Delta Integrale r\u00e9vis\u00e9 et am\u00e9lior\u00e9 - Support de pare-chocs arri\u00e8re r\u00e9vis\u00e9 pour Lancia Delta Integrale, concerne le support auxiliaire qui emp\u00eache le battement du pare-chocs \u00e0 grande vitesse.","og_url":"https:\/\/turijnmagazijn.nl\/fr\/produit\/support-auxiliaire-pare-chocs-arriere-lancia-delta-integral-revise-et-ameliore\/","og_site_name":"Turijnmagazijn","article_publisher":"https:\/\/www.facebook.com\/turijnmagazijn","article_modified_time":"2023-07-27T10:15:00+00:00","og_image":[{"width":1024,"height":768,"url":"https:\/\/turijnmagazijn.nl\/wp-content\/uploads\/2023\/03\/DK00102214-Hulpbeugel-achterbumper-Lancia-Delta-Integrale-gereviseerd-en-verbeterd-1-1.jpg","type":"image\/jpeg"}],"twitter_card":"summary_large_image","twitter_misc":{"Dur\u00e9e de lecture estim\u00e9e":"1 minute"},"schema":{"@context":"https:\/\/schema.org","@graph":[{"@type":"WebPage","@id":"https:\/\/turijnmagazijn.nl\/fr\/produit\/support-auxiliaire-pare-chocs-arriere-lancia-delta-integral-revise-et-ameliore\/","url":"https:\/\/turijnmagazijn.nl\/fr\/produit\/support-auxiliaire-pare-chocs-arriere-lancia-delta-integral-revise-et-ameliore\/","name":"Support auxiliaire de pare-chocs arri\u00e8re Lancia Delta Integrale r\u00e9vis\u00e9 et am\u00e9lior\u00e9 - Turijnmagazijn","isPartOf":{"@id":"https:\/\/turijnmagazijn.jumpstone-dev.nl\/#website"},"primaryImageOfPage":{"@id":"https:\/\/turijnmagazijn.nl\/fr\/produit\/support-auxiliaire-pare-chocs-arriere-lancia-delta-integral-revise-et-ameliore\/#primaryimage"},"image":{"@id":"https:\/\/turijnmagazijn.nl\/fr\/produit\/support-auxiliaire-pare-chocs-arriere-lancia-delta-integral-revise-et-ameliore\/#primaryimage"},"thumbnailUrl":"https:\/\/turijnmagazijn.nl\/wp-content\/uploads\/2023\/03\/DK00102214-Hulpbeugel-achterbumper-Lancia-Delta-Integrale-gereviseerd-en-verbeterd-1-1.jpg","datePublished":"2023-03-03T08:19:27+00:00","dateModified":"2023-07-27T10:15:00+00:00","breadcrumb":{"@id":"https:\/\/turijnmagazijn.nl\/fr\/produit\/support-auxiliaire-pare-chocs-arriere-lancia-delta-integral-revise-et-ameliore\/#breadcrumb"},"inLanguage":"fr-FR","potentialAction":[{"@type":"ReadAction","target":["https:\/\/turijnmagazijn.nl\/fr\/produit\/support-auxiliaire-pare-chocs-arriere-lancia-delta-integral-revise-et-ameliore\/"]}]},{"@type":"ImageObject","inLanguage":"fr-FR","@id":"https:\/\/turijnmagazijn.nl\/fr\/produit\/support-auxiliaire-pare-chocs-arriere-lancia-delta-integral-revise-et-ameliore\/#primaryimage","url":"https:\/\/turijnmagazijn.nl\/wp-content\/uploads\/2023\/03\/DK00102214-Hulpbeugel-achterbumper-Lancia-Delta-Integrale-gereviseerd-en-verbeterd-1-1.jpg","contentUrl":"https:\/\/turijnmagazijn.nl\/wp-content\/uploads\/2023\/03\/DK00102214-Hulpbeugel-achterbumper-Lancia-Delta-Integrale-gereviseerd-en-verbeterd-1-1.jpg","width":1024,"height":768},{"@type":"BreadcrumbList","@id":"https:\/\/turijnmagazijn.nl\/fr\/produit\/support-auxiliaire-pare-chocs-arriere-lancia-delta-integral-revise-et-ameliore\/#breadcrumb","itemListElement":[{"@type":"ListItem","position":1,"name":"Home","item":"https:\/\/turijnmagazijn.jumpstone-dev.nl\/"},{"@type":"ListItem","position":2,"name":"Produits","item":"https:\/\/turijnmagazijn.nl\/fr\/shop\/"},{"@type":"ListItem","position":3,"name":"Support auxiliaire de pare-chocs arri\u00e8re Lancia Delta Integrale r\u00e9vis\u00e9 et am\u00e9lior\u00e9"}]},{"@type":"WebSite","@id":"https:\/\/turijnmagazijn.jumpstone-dev.nl\/#website","url":"https:\/\/turijnmagazijn.jumpstone-dev.nl\/","name":"Turijnmagazijn","description":"Onderdelen nieuw en gebruikt - Fiat &amp; Lancia","publisher":{"@id":"https:\/\/turijnmagazijn.jumpstone-dev.nl\/#organization"},"potentialAction":[{"@type":"SearchAction","target":{"@type":"EntryPoint","urlTemplate":"https:\/\/turijnmagazijn.jumpstone-dev.nl\/?s={search_term_string}"},"query-input":{"@type":"PropertyValueSpecification","valueRequired":true,"valueName":"search_term_string"}}],"inLanguage":"fr-FR"},{"@type":"Organization","@id":"https:\/\/turijnmagazijn.jumpstone-dev.nl\/#organization","name":"Turijnmagazijn","url":"https:\/\/turijnmagazijn.jumpstone-dev.nl\/","logo":{"@type":"ImageObject","inLanguage":"fr-FR","@id":"https:\/\/turijnmagazijn.jumpstone-dev.nl\/#\/schema\/logo\/image\/","url":"https:\/\/turijnmagazijn.nl\/wp-content\/uploads\/2021\/02\/turijnmagazijnlogo.png","contentUrl":"https:\/\/turijnmagazijn.nl\/wp-content\/uploads\/2021\/02\/turijnmagazijnlogo.png","width":555,"height":270,"caption":"Turijnmagazijn"},"image":{"@id":"https:\/\/turijnmagazijn.jumpstone-dev.nl\/#\/schema\/logo\/image\/"},"sameAs":["https:\/\/www.facebook.com\/turijnmagazijn"]}]}},"_links":{"self":[{"href":"https:\/\/turijnmagazijn.nl\/fr\/wp-json\/wp\/v2\/product\/64123","targetHints":{"allow":["GET"]}}],"collection":[{"href":"https:\/\/turijnmagazijn.nl\/fr\/wp-json\/wp\/v2\/product"}],"about":[{"href":"https:\/\/turijnmagazijn.nl\/fr\/wp-json\/wp\/v2\/types\/product"}],"replies":[{"embeddable":true,"href":"https:\/\/turijnmagazijn.nl\/fr\/wp-json\/wp\/v2\/comments?post=64123"}],"wp:featuredmedia":[{"embeddable":true,"href":"https:\/\/turijnmagazijn.nl\/fr\/wp-json\/wp\/v2\/media\/46904"}],"wp:attachment":[{"href":"https:\/\/turijnmagazijn.nl\/fr\/wp-json\/wp\/v2\/media?parent=64123"}],"wp:term":[{"taxonomy":"product_brand","embeddable":true,"href":"https:\/\/turijnmagazijn.nl\/fr\/wp-json\/wp\/v2\/product_brand?post=64123"},{"taxonomy":"product_cat","embeddable":true,"href":"https:\/\/turijnmagazijn.nl\/fr\/wp-json\/wp\/v2\/product_cat?post=64123"},{"taxonomy":"product_tag","embeddable":true,"href":"https:\/\/turijnmagazijn.nl\/fr\/wp-json\/wp\/v2\/product_tag?post=64123"}],"curies":[{"name":"wp","href":"https:\/\/api.w.org\/{rel}","templated":true}]}}