{"id":64175,"date":"2023-03-03T09:19:49","date_gmt":"2023-03-03T08:19:49","guid":{"rendered":"https:\/\/turijnmagazijn.nl\/product\/couvercle-de-reservoir-de-carburant-lancia-delta-i-1300-1500-non-integral\/"},"modified":"2023-07-27T12:16:55","modified_gmt":"2023-07-27T10:16:55","slug":"reservoir-de-carburant-couvercle-lancia-delta-i-1300-1500-non-integre","status":"publish","type":"product","link":"https:\/\/turijnmagazijn.nl\/fr\/produit\/reservoir-de-carburant-couvercle-lancia-delta-i-1300-1500-non-integre\/","title":{"rendered":"Couvercle de r\u00e9servoir de carburant Lancia Delta I &#8211; 1300 1500 (non int\u00e9gral!)"},"content":{"rendered":"<p>Couvercle usag\u00e9 pour la finition du c\u00f4t\u00e9 int\u00e9rieur de la pompe \u00e0 carburant et un renfoncement plus lisse dans le plancher \u00e0 la t\u00eate de la banquette arri\u00e8re.<\/p>\n<p>Ce couvercle est en bon \u00e9tat!<\/p>\n<p>Le couvercle n\u2019est applicable qu\u2019\u00e0 la premi\u00e8re s\u00e9rie Lancia Delta (1986-1990) avec un moteur 1300 ou 1500. Donc pas adapt\u00e9 \u00e0 l\u2019int\u00e9grale!<\/p>\n<p>Lancia&nbsp;OEM 82423679<\/p>\n","protected":false},"excerpt":{"rendered":"<p>Couvercle du r\u00e9servoir de carburant Lancia Delta I &#8211; 1300 1500 (non int\u00e9gral!) &#8211; Couvercle usag\u00e9 pour la finition du c\u00f4t\u00e9 int\u00e9rieur de la pompe \u00e0 carburant et renfoncement flottant dans le plancher \u00e0 la t\u00eate du si\u00e8ge arri\u00e8re.<\/p>\n","protected":false},"featured_media":47184,"comment_status":"open","ping_status":"closed","template":"","meta":{"_acf_changed":false},"product_brand":[],"product_cat":[1806,1798],"product_tag":[],"class_list":{"0":"post-64175","1":"product","2":"type-product","3":"status-publish","4":"has-post-thumbnail","6":"product_cat-delta-1-831-fr","7":"product_cat-lancia-fr","8":"pa_soort-onderdeel-dautres-pieces-de-voiture","9":"pa_soort-onderdeel-systemes-de-carburant","11":"first","12":"instock","13":"shipping-taxable","14":"purchasable","15":"product-type-simple"},"acf":[],"yoast_head":"<!-- This site is optimized with the Yoast SEO plugin v27.2 - https:\/\/yoast.com\/product\/yoast-seo-wordpress\/ -->\n<title>Couvercle de r\u00e9servoir de carburant Lancia Delta I - 1300 1500 (non int\u00e9gral!) - Turijnmagazijn<\/title>\n<meta name=\"robots\" content=\"index, follow, max-snippet:-1, max-image-preview:large, max-video-preview:-1\" \/>\n<link rel=\"canonical\" href=\"https:\/\/turijnmagazijn.nl\/fr\/produit\/reservoir-de-carburant-couvercle-lancia-delta-i-1300-1500-non-integre\/\" \/>\n<meta property=\"og:locale\" content=\"fr_FR\" \/>\n<meta property=\"og:type\" content=\"article\" \/>\n<meta property=\"og:title\" content=\"Couvercle de r\u00e9servoir de carburant Lancia Delta I - 1300 1500 (non int\u00e9gral!) - Turijnmagazijn\" \/>\n<meta property=\"og:description\" content=\"Couvercle du r\u00e9servoir de carburant Lancia Delta I - 1300 1500 (non int\u00e9gral!) - Couvercle usag\u00e9 pour la finition du c\u00f4t\u00e9 int\u00e9rieur de la pompe \u00e0 carburant et renfoncement flottant dans le plancher \u00e0 la t\u00eate du si\u00e8ge arri\u00e8re.\" \/>\n<meta property=\"og:url\" content=\"https:\/\/turijnmagazijn.nl\/fr\/produit\/reservoir-de-carburant-couvercle-lancia-delta-i-1300-1500-non-integre\/\" \/>\n<meta property=\"og:site_name\" content=\"Turijnmagazijn\" \/>\n<meta property=\"article:publisher\" content=\"https:\/\/www.facebook.com\/turijnmagazijn\" \/>\n<meta property=\"article:modified_time\" content=\"2023-07-27T10:16:55+00:00\" \/>\n<meta property=\"og:image\" content=\"https:\/\/turijnmagazijn.nl\/wp-content\/uploads\/2023\/03\/DK0010224520Deksel20brandstoftank20Lancia20Delta20I20-20130020150020non-integrale202.jpg\" \/>\n\t<meta property=\"og:image:width\" content=\"1024\" \/>\n\t<meta property=\"og:image:height\" content=\"768\" \/>\n\t<meta property=\"og:image:type\" content=\"image\/jpeg\" \/>\n<meta name=\"twitter:card\" content=\"summary_large_image\" \/>\n<script type=\"application\/ld+json\" class=\"yoast-schema-graph\">{\"@context\":\"https:\/\/schema.org\",\"@graph\":[{\"@type\":\"WebPage\",\"@id\":\"https:\/\/turijnmagazijn.nl\/fr\/produit\/reservoir-de-carburant-couvercle-lancia-delta-i-1300-1500-non-integre\/\",\"url\":\"https:\/\/turijnmagazijn.nl\/fr\/produit\/reservoir-de-carburant-couvercle-lancia-delta-i-1300-1500-non-integre\/\",\"name\":\"Couvercle de r\u00e9servoir de carburant Lancia Delta I - 1300 1500 (non int\u00e9gral!) - Turijnmagazijn\",\"isPartOf\":{\"@id\":\"https:\/\/turijnmagazijn.jumpstone-dev.nl\/#website\"},\"primaryImageOfPage\":{\"@id\":\"https:\/\/turijnmagazijn.nl\/fr\/produit\/reservoir-de-carburant-couvercle-lancia-delta-i-1300-1500-non-integre\/#primaryimage\"},\"image\":{\"@id\":\"https:\/\/turijnmagazijn.nl\/fr\/produit\/reservoir-de-carburant-couvercle-lancia-delta-i-1300-1500-non-integre\/#primaryimage\"},\"thumbnailUrl\":\"https:\/\/turijnmagazijn.nl\/wp-content\/uploads\/2023\/03\/DK0010224520Deksel20brandstoftank20Lancia20Delta20I20-20130020150020non-integrale202.jpg\",\"datePublished\":\"2023-03-03T08:19:49+00:00\",\"dateModified\":\"2023-07-27T10:16:55+00:00\",\"breadcrumb\":{\"@id\":\"https:\/\/turijnmagazijn.nl\/fr\/produit\/reservoir-de-carburant-couvercle-lancia-delta-i-1300-1500-non-integre\/#breadcrumb\"},\"inLanguage\":\"fr-FR\",\"potentialAction\":[{\"@type\":\"ReadAction\",\"target\":[\"https:\/\/turijnmagazijn.nl\/fr\/produit\/reservoir-de-carburant-couvercle-lancia-delta-i-1300-1500-non-integre\/\"]}]},{\"@type\":\"ImageObject\",\"inLanguage\":\"fr-FR\",\"@id\":\"https:\/\/turijnmagazijn.nl\/fr\/produit\/reservoir-de-carburant-couvercle-lancia-delta-i-1300-1500-non-integre\/#primaryimage\",\"url\":\"https:\/\/turijnmagazijn.nl\/wp-content\/uploads\/2023\/03\/DK0010224520Deksel20brandstoftank20Lancia20Delta20I20-20130020150020non-integrale202.jpg\",\"contentUrl\":\"https:\/\/turijnmagazijn.nl\/wp-content\/uploads\/2023\/03\/DK0010224520Deksel20brandstoftank20Lancia20Delta20I20-20130020150020non-integrale202.jpg\",\"width\":1024,\"height\":768},{\"@type\":\"BreadcrumbList\",\"@id\":\"https:\/\/turijnmagazijn.nl\/fr\/produit\/reservoir-de-carburant-couvercle-lancia-delta-i-1300-1500-non-integre\/#breadcrumb\",\"itemListElement\":[{\"@type\":\"ListItem\",\"position\":1,\"name\":\"Home\",\"item\":\"https:\/\/turijnmagazijn.jumpstone-dev.nl\/\"},{\"@type\":\"ListItem\",\"position\":2,\"name\":\"Produits\",\"item\":\"https:\/\/turijnmagazijn.nl\/fr\/shop\/\"},{\"@type\":\"ListItem\",\"position\":3,\"name\":\"Couvercle de r\u00e9servoir de carburant Lancia Delta I &#8211; 1300 1500 (non int\u00e9gral!)\"}]},{\"@type\":\"WebSite\",\"@id\":\"https:\/\/turijnmagazijn.jumpstone-dev.nl\/#website\",\"url\":\"https:\/\/turijnmagazijn.jumpstone-dev.nl\/\",\"name\":\"Turijnmagazijn\",\"description\":\"Onderdelen nieuw en gebruikt - Fiat &amp; Lancia\",\"publisher\":{\"@id\":\"https:\/\/turijnmagazijn.jumpstone-dev.nl\/#organization\"},\"potentialAction\":[{\"@type\":\"SearchAction\",\"target\":{\"@type\":\"EntryPoint\",\"urlTemplate\":\"https:\/\/turijnmagazijn.jumpstone-dev.nl\/?s={search_term_string}\"},\"query-input\":{\"@type\":\"PropertyValueSpecification\",\"valueRequired\":true,\"valueName\":\"search_term_string\"}}],\"inLanguage\":\"fr-FR\"},{\"@type\":\"Organization\",\"@id\":\"https:\/\/turijnmagazijn.jumpstone-dev.nl\/#organization\",\"name\":\"Turijnmagazijn\",\"url\":\"https:\/\/turijnmagazijn.jumpstone-dev.nl\/\",\"logo\":{\"@type\":\"ImageObject\",\"inLanguage\":\"fr-FR\",\"@id\":\"https:\/\/turijnmagazijn.jumpstone-dev.nl\/#\/schema\/logo\/image\/\",\"url\":\"https:\/\/turijnmagazijn.nl\/wp-content\/uploads\/2021\/02\/turijnmagazijnlogo.png\",\"contentUrl\":\"https:\/\/turijnmagazijn.nl\/wp-content\/uploads\/2021\/02\/turijnmagazijnlogo.png\",\"width\":555,\"height\":270,\"caption\":\"Turijnmagazijn\"},\"image\":{\"@id\":\"https:\/\/turijnmagazijn.jumpstone-dev.nl\/#\/schema\/logo\/image\/\"},\"sameAs\":[\"https:\/\/www.facebook.com\/turijnmagazijn\"]}]}<\/script>\n<!-- \/ Yoast SEO plugin. -->","yoast_head_json":{"title":"Couvercle de r\u00e9servoir de carburant Lancia Delta I - 1300 1500 (non int\u00e9gral!) - Turijnmagazijn","robots":{"index":"index","follow":"follow","max-snippet":"max-snippet:-1","max-image-preview":"max-image-preview:large","max-video-preview":"max-video-preview:-1"},"canonical":"https:\/\/turijnmagazijn.nl\/fr\/produit\/reservoir-de-carburant-couvercle-lancia-delta-i-1300-1500-non-integre\/","og_locale":"fr_FR","og_type":"article","og_title":"Couvercle de r\u00e9servoir de carburant Lancia Delta I - 1300 1500 (non int\u00e9gral!) - Turijnmagazijn","og_description":"Couvercle du r\u00e9servoir de carburant Lancia Delta I - 1300 1500 (non int\u00e9gral!) - Couvercle usag\u00e9 pour la finition du c\u00f4t\u00e9 int\u00e9rieur de la pompe \u00e0 carburant et renfoncement flottant dans le plancher \u00e0 la t\u00eate du si\u00e8ge arri\u00e8re.","og_url":"https:\/\/turijnmagazijn.nl\/fr\/produit\/reservoir-de-carburant-couvercle-lancia-delta-i-1300-1500-non-integre\/","og_site_name":"Turijnmagazijn","article_publisher":"https:\/\/www.facebook.com\/turijnmagazijn","article_modified_time":"2023-07-27T10:16:55+00:00","og_image":[{"width":1024,"height":768,"url":"https:\/\/turijnmagazijn.nl\/wp-content\/uploads\/2023\/03\/DK0010224520Deksel20brandstoftank20Lancia20Delta20I20-20130020150020non-integrale202.jpg","type":"image\/jpeg"}],"twitter_card":"summary_large_image","schema":{"@context":"https:\/\/schema.org","@graph":[{"@type":"WebPage","@id":"https:\/\/turijnmagazijn.nl\/fr\/produit\/reservoir-de-carburant-couvercle-lancia-delta-i-1300-1500-non-integre\/","url":"https:\/\/turijnmagazijn.nl\/fr\/produit\/reservoir-de-carburant-couvercle-lancia-delta-i-1300-1500-non-integre\/","name":"Couvercle de r\u00e9servoir de carburant Lancia Delta I - 1300 1500 (non int\u00e9gral!) - Turijnmagazijn","isPartOf":{"@id":"https:\/\/turijnmagazijn.jumpstone-dev.nl\/#website"},"primaryImageOfPage":{"@id":"https:\/\/turijnmagazijn.nl\/fr\/produit\/reservoir-de-carburant-couvercle-lancia-delta-i-1300-1500-non-integre\/#primaryimage"},"image":{"@id":"https:\/\/turijnmagazijn.nl\/fr\/produit\/reservoir-de-carburant-couvercle-lancia-delta-i-1300-1500-non-integre\/#primaryimage"},"thumbnailUrl":"https:\/\/turijnmagazijn.nl\/wp-content\/uploads\/2023\/03\/DK0010224520Deksel20brandstoftank20Lancia20Delta20I20-20130020150020non-integrale202.jpg","datePublished":"2023-03-03T08:19:49+00:00","dateModified":"2023-07-27T10:16:55+00:00","breadcrumb":{"@id":"https:\/\/turijnmagazijn.nl\/fr\/produit\/reservoir-de-carburant-couvercle-lancia-delta-i-1300-1500-non-integre\/#breadcrumb"},"inLanguage":"fr-FR","potentialAction":[{"@type":"ReadAction","target":["https:\/\/turijnmagazijn.nl\/fr\/produit\/reservoir-de-carburant-couvercle-lancia-delta-i-1300-1500-non-integre\/"]}]},{"@type":"ImageObject","inLanguage":"fr-FR","@id":"https:\/\/turijnmagazijn.nl\/fr\/produit\/reservoir-de-carburant-couvercle-lancia-delta-i-1300-1500-non-integre\/#primaryimage","url":"https:\/\/turijnmagazijn.nl\/wp-content\/uploads\/2023\/03\/DK0010224520Deksel20brandstoftank20Lancia20Delta20I20-20130020150020non-integrale202.jpg","contentUrl":"https:\/\/turijnmagazijn.nl\/wp-content\/uploads\/2023\/03\/DK0010224520Deksel20brandstoftank20Lancia20Delta20I20-20130020150020non-integrale202.jpg","width":1024,"height":768},{"@type":"BreadcrumbList","@id":"https:\/\/turijnmagazijn.nl\/fr\/produit\/reservoir-de-carburant-couvercle-lancia-delta-i-1300-1500-non-integre\/#breadcrumb","itemListElement":[{"@type":"ListItem","position":1,"name":"Home","item":"https:\/\/turijnmagazijn.jumpstone-dev.nl\/"},{"@type":"ListItem","position":2,"name":"Produits","item":"https:\/\/turijnmagazijn.nl\/fr\/shop\/"},{"@type":"ListItem","position":3,"name":"Couvercle de r\u00e9servoir de carburant Lancia Delta I &#8211; 1300 1500 (non int\u00e9gral!)"}]},{"@type":"WebSite","@id":"https:\/\/turijnmagazijn.jumpstone-dev.nl\/#website","url":"https:\/\/turijnmagazijn.jumpstone-dev.nl\/","name":"Turijnmagazijn","description":"Onderdelen nieuw en gebruikt - Fiat &amp; Lancia","publisher":{"@id":"https:\/\/turijnmagazijn.jumpstone-dev.nl\/#organization"},"potentialAction":[{"@type":"SearchAction","target":{"@type":"EntryPoint","urlTemplate":"https:\/\/turijnmagazijn.jumpstone-dev.nl\/?s={search_term_string}"},"query-input":{"@type":"PropertyValueSpecification","valueRequired":true,"valueName":"search_term_string"}}],"inLanguage":"fr-FR"},{"@type":"Organization","@id":"https:\/\/turijnmagazijn.jumpstone-dev.nl\/#organization","name":"Turijnmagazijn","url":"https:\/\/turijnmagazijn.jumpstone-dev.nl\/","logo":{"@type":"ImageObject","inLanguage":"fr-FR","@id":"https:\/\/turijnmagazijn.jumpstone-dev.nl\/#\/schema\/logo\/image\/","url":"https:\/\/turijnmagazijn.nl\/wp-content\/uploads\/2021\/02\/turijnmagazijnlogo.png","contentUrl":"https:\/\/turijnmagazijn.nl\/wp-content\/uploads\/2021\/02\/turijnmagazijnlogo.png","width":555,"height":270,"caption":"Turijnmagazijn"},"image":{"@id":"https:\/\/turijnmagazijn.jumpstone-dev.nl\/#\/schema\/logo\/image\/"},"sameAs":["https:\/\/www.facebook.com\/turijnmagazijn"]}]}},"_links":{"self":[{"href":"https:\/\/turijnmagazijn.nl\/fr\/wp-json\/wp\/v2\/product\/64175","targetHints":{"allow":["GET"]}}],"collection":[{"href":"https:\/\/turijnmagazijn.nl\/fr\/wp-json\/wp\/v2\/product"}],"about":[{"href":"https:\/\/turijnmagazijn.nl\/fr\/wp-json\/wp\/v2\/types\/product"}],"replies":[{"embeddable":true,"href":"https:\/\/turijnmagazijn.nl\/fr\/wp-json\/wp\/v2\/comments?post=64175"}],"wp:featuredmedia":[{"embeddable":true,"href":"https:\/\/turijnmagazijn.nl\/fr\/wp-json\/wp\/v2\/media\/47184"}],"wp:attachment":[{"href":"https:\/\/turijnmagazijn.nl\/fr\/wp-json\/wp\/v2\/media?parent=64175"}],"wp:term":[{"taxonomy":"product_brand","embeddable":true,"href":"https:\/\/turijnmagazijn.nl\/fr\/wp-json\/wp\/v2\/product_brand?post=64175"},{"taxonomy":"product_cat","embeddable":true,"href":"https:\/\/turijnmagazijn.nl\/fr\/wp-json\/wp\/v2\/product_cat?post=64175"},{"taxonomy":"product_tag","embeddable":true,"href":"https:\/\/turijnmagazijn.nl\/fr\/wp-json\/wp\/v2\/product_tag?post=64175"}],"curies":[{"name":"wp","href":"https:\/\/api.w.org\/{rel}","templated":true}]}}