{"id":64179,"date":"2023-03-03T09:19:28","date_gmt":"2023-03-03T08:19:28","guid":{"rendered":"https:\/\/turijnmagazijn.nl\/product\/plaque-de-couverture-feu-arriere-interieur-gauche-lancia-kappa\/"},"modified":"2024-07-15T17:01:07","modified_gmt":"2024-07-15T15:01:07","slug":"couverture-feu-arriere-interieur-gauche-lancia-kappa","status":"publish","type":"product","link":"https:\/\/turijnmagazijn.nl\/fr\/produit\/couverture-feu-arriere-interieur-gauche-lancia-kappa\/","title":{"rendered":"Capot feu arri\u00e8re int\u00e9rieur gauche Lancia Kappa"},"content":{"rendered":"<p><span data-sheets-value=\"{\"1\":2,\"2\":\"Afdekplaat Achterlicht interieur Rechts Lancia Kappa\"}\" data-sheets-userformat=\"{\"2\":6657,\"3\":{\"1\":0},\"12\":0,\"14\":[null,2,3092271],\"15\":\"Roboto, RobotoDraft, Helvetica, Arial, sans-serif\"}\" style=\"color: rgb(0, 0, 0);\"><a href=\"https:\/\/turijnmagazijn.nl\/brievenbusverzending\/\" target=\"\" style=\"background-color: rgb(255, 255, 255); color: rgb(35, 82, 124); outline: 0px;\" rel=\"noopener\"><img decoding=\"async\" src=\"https:\/\/www.delenkorf.nl\/image\/catalog\/brievenbus.png\"><\/a><br \/><\/span><\/p>\n<p><span data-sheets-value=\"{\"1\":2,\"2\":\"Afdekplaat Achterlicht interieur Rechts Lancia Kappa\"}\" data-sheets-userformat=\"{\"2\":6657,\"3\":{\"1\":0},\"12\":0,\"14\":[null,2,3092271],\"15\":\"Roboto, RobotoDraft, Helvetica, Arial, sans-serif\"}\" style=\"color: rgb(0, 0, 0);\">Plaque de recouvrement pour le feu arri\u00e8re gauche pour Lancia Kappa d\u2019occasion Ce capot est fix\u00e9 \u00e0 l\u2019arri\u00e8re de l\u2019unit\u00e9 d\u2019\u00e9clairage arri\u00e8re pour la finition sur le c\u00f4t\u00e9 int\u00e9rieur du compartiment \u00e0 bagages.  <\/span><\/p>\n<p><span data-sheets-value=\"{\"1\":2,\"2\":\"Afdekplaat Achterlicht interieur Rechts Lancia Kappa\"}\" data-sheets-userformat=\"{\"2\":6657,\"3\":{\"1\":0},\"12\":0,\"14\":[null,2,3092271],\"15\":\"Roboto, RobotoDraft, Helvetica, Arial, sans-serif\"}\" style=\"color: rgb(0, 0, 0);\">Cette plaque appartient \u00e0 la partie du feu arri\u00e8re qui est fix\u00e9e au couvercle du coffre, c\u2019est-\u00e0-dire la partie interne du groupe de feux arri\u00e8re.<\/span><\/p>\n<p><span data-sheets-value=\"{\"1\":2,\"2\":\"Afdekplaat Achterlicht interieur Rechts Lancia Kappa\"}\" data-sheets-userformat=\"{\"2\":6657,\"3\":{\"1\":0},\"12\":0,\"14\":[null,2,3092271],\"15\":\"Roboto, RobotoDraft, Helvetica, Arial, sans-serif\"}\" style=\"color: rgb(0, 0, 0);\">D\u2019une berline Lancia Kappa construite en 1995.<\/span><\/p>\n<p><span data-sheets-value=\"{\"1\":2,\"2\":\"Afdekplaat Achterlicht interieur Rechts Lancia Kappa\"}\" data-sheets-userformat=\"{\"2\":6657,\"3\":{\"1\":0},\"12\":0,\"14\":[null,2,3092271],\"15\":\"Roboto, RobotoDraft, Helvetica, Arial, sans-serif\"}\" style=\"color: rgb(0, 0, 0);\">convient \u00e9galement pour SW, pas pour Coup\u00e3\u00a9!<\/span><\/p>\n<p><span data-sheets-value=\"{\"1\":2,\"2\":\"Afdekplaat Achterlicht interieur Rechts Lancia Kappa\"}\" data-sheets-userformat=\"{\"2\":6657,\"3\":{\"1\":0},\"12\":0,\"14\":[null,2,3092271],\"15\":\"Roboto, RobotoDraft, Helvetica, Arial, sans-serif\"}\" style=\"\"><span style=\"color: rgb(0, 0, 0);\">Lancia OEM 82488045<\/span><br \/><\/span><\/p>\n","protected":false},"excerpt":{"rendered":"<p>Plaque de couverture Int\u00e9rieur du feu arri\u00e8re gauche Lancia Kappa &#8211; Plaque de couverture usag\u00e9e pour le feu arri\u00e8re gauche pour Lancia Kappa.<\/p>\n","protected":false},"featured_media":47112,"comment_status":"open","ping_status":"closed","template":"","meta":{"_acf_changed":false},"product_brand":[],"product_cat":[1860,1798,1870],"product_tag":[],"class_list":{"0":"post-64179","1":"product","2":"type-product","3":"status-publish","4":"has-post-thumbnail","6":"product_cat-kappa-838-fr","7":"product_cat-lancia-fr","8":"product_cat-sw-fr","9":"pa_soort-onderdeel-eclairage","11":"first","12":"instock","13":"shipping-taxable","14":"purchasable","15":"product-type-simple"},"acf":[],"yoast_head":"<!-- This site is optimized with the Yoast SEO plugin v27.3 - https:\/\/yoast.com\/product\/yoast-seo-wordpress\/ -->\n<title>Capot feu arri\u00e8re int\u00e9rieur gauche Lancia Kappa - Turijnmagazijn<\/title>\n<meta name=\"robots\" content=\"index, follow, max-snippet:-1, max-image-preview:large, max-video-preview:-1\" \/>\n<link rel=\"canonical\" href=\"https:\/\/turijnmagazijn.nl\/fr\/produit\/couverture-feu-arriere-interieur-gauche-lancia-kappa\/\" \/>\n<meta property=\"og:locale\" content=\"fr_FR\" \/>\n<meta property=\"og:type\" content=\"article\" \/>\n<meta property=\"og:title\" content=\"Capot feu arri\u00e8re int\u00e9rieur gauche Lancia Kappa - Turijnmagazijn\" \/>\n<meta property=\"og:description\" content=\"Plaque de couverture Int\u00e9rieur du feu arri\u00e8re gauche Lancia Kappa - Plaque de couverture usag\u00e9e pour le feu arri\u00e8re gauche pour Lancia Kappa.\" \/>\n<meta property=\"og:url\" content=\"https:\/\/turijnmagazijn.nl\/fr\/produit\/couverture-feu-arriere-interieur-gauche-lancia-kappa\/\" \/>\n<meta property=\"og:site_name\" content=\"Turijnmagazijn\" \/>\n<meta property=\"article:publisher\" content=\"https:\/\/www.facebook.com\/turijnmagazijn\" \/>\n<meta property=\"article:modified_time\" content=\"2024-07-15T15:01:07+00:00\" \/>\n<meta property=\"og:image\" content=\"https:\/\/turijnmagazijn.nl\/wp-content\/uploads\/2023\/03\/DK00102237-Afdekplaat-Achterlicht-interieur-Links-Lancia-Kappa-1-1.jpg\" \/>\n\t<meta property=\"og:image:width\" content=\"1024\" \/>\n\t<meta property=\"og:image:height\" content=\"768\" \/>\n\t<meta property=\"og:image:type\" content=\"image\/jpeg\" \/>\n<meta name=\"twitter:card\" content=\"summary_large_image\" \/>\n<script type=\"application\/ld+json\" class=\"yoast-schema-graph\">{\"@context\":\"https:\\\/\\\/schema.org\",\"@graph\":[{\"@type\":\"WebPage\",\"@id\":\"https:\\\/\\\/turijnmagazijn.nl\\\/fr\\\/produit\\\/couverture-feu-arriere-interieur-gauche-lancia-kappa\\\/\",\"url\":\"https:\\\/\\\/turijnmagazijn.nl\\\/fr\\\/produit\\\/couverture-feu-arriere-interieur-gauche-lancia-kappa\\\/\",\"name\":\"Capot feu arri\u00e8re int\u00e9rieur gauche Lancia Kappa - Turijnmagazijn\",\"isPartOf\":{\"@id\":\"https:\\\/\\\/turijnmagazijn.jumpstone-dev.nl\\\/#website\"},\"primaryImageOfPage\":{\"@id\":\"https:\\\/\\\/turijnmagazijn.nl\\\/fr\\\/produit\\\/couverture-feu-arriere-interieur-gauche-lancia-kappa\\\/#primaryimage\"},\"image\":{\"@id\":\"https:\\\/\\\/turijnmagazijn.nl\\\/fr\\\/produit\\\/couverture-feu-arriere-interieur-gauche-lancia-kappa\\\/#primaryimage\"},\"thumbnailUrl\":\"https:\\\/\\\/turijnmagazijn.nl\\\/wp-content\\\/uploads\\\/2023\\\/03\\\/DK00102237-Afdekplaat-Achterlicht-interieur-Links-Lancia-Kappa-1-1.jpg\",\"datePublished\":\"2023-03-03T08:19:28+00:00\",\"dateModified\":\"2024-07-15T15:01:07+00:00\",\"breadcrumb\":{\"@id\":\"https:\\\/\\\/turijnmagazijn.nl\\\/fr\\\/produit\\\/couverture-feu-arriere-interieur-gauche-lancia-kappa\\\/#breadcrumb\"},\"inLanguage\":\"fr-FR\",\"potentialAction\":[{\"@type\":\"ReadAction\",\"target\":[\"https:\\\/\\\/turijnmagazijn.nl\\\/fr\\\/produit\\\/couverture-feu-arriere-interieur-gauche-lancia-kappa\\\/\"]}]},{\"@type\":\"ImageObject\",\"inLanguage\":\"fr-FR\",\"@id\":\"https:\\\/\\\/turijnmagazijn.nl\\\/fr\\\/produit\\\/couverture-feu-arriere-interieur-gauche-lancia-kappa\\\/#primaryimage\",\"url\":\"https:\\\/\\\/turijnmagazijn.nl\\\/wp-content\\\/uploads\\\/2023\\\/03\\\/DK00102237-Afdekplaat-Achterlicht-interieur-Links-Lancia-Kappa-1-1.jpg\",\"contentUrl\":\"https:\\\/\\\/turijnmagazijn.nl\\\/wp-content\\\/uploads\\\/2023\\\/03\\\/DK00102237-Afdekplaat-Achterlicht-interieur-Links-Lancia-Kappa-1-1.jpg\",\"width\":1024,\"height\":768},{\"@type\":\"BreadcrumbList\",\"@id\":\"https:\\\/\\\/turijnmagazijn.nl\\\/fr\\\/produit\\\/couverture-feu-arriere-interieur-gauche-lancia-kappa\\\/#breadcrumb\",\"itemListElement\":[{\"@type\":\"ListItem\",\"position\":1,\"name\":\"Home\",\"item\":\"https:\\\/\\\/turijnmagazijn.nl\\\/fr\\\/\"},{\"@type\":\"ListItem\",\"position\":2,\"name\":\"Produits\",\"item\":\"https:\\\/\\\/turijnmagazijn.nl\\\/fr\\\/shop\\\/\"},{\"@type\":\"ListItem\",\"position\":3,\"name\":\"Capot feu arri\u00e8re int\u00e9rieur gauche Lancia Kappa\"}]},{\"@type\":\"WebSite\",\"@id\":\"https:\\\/\\\/turijnmagazijn.jumpstone-dev.nl\\\/#website\",\"url\":\"https:\\\/\\\/turijnmagazijn.jumpstone-dev.nl\\\/\",\"name\":\"Turijnmagazijn\",\"description\":\"Onderdelen nieuw en gebruikt - Fiat &amp; Lancia\",\"publisher\":{\"@id\":\"https:\\\/\\\/turijnmagazijn.jumpstone-dev.nl\\\/#organization\"},\"potentialAction\":[{\"@type\":\"SearchAction\",\"target\":{\"@type\":\"EntryPoint\",\"urlTemplate\":\"https:\\\/\\\/turijnmagazijn.jumpstone-dev.nl\\\/?s={search_term_string}\"},\"query-input\":{\"@type\":\"PropertyValueSpecification\",\"valueRequired\":true,\"valueName\":\"search_term_string\"}}],\"inLanguage\":\"fr-FR\"},{\"@type\":\"Organization\",\"@id\":\"https:\\\/\\\/turijnmagazijn.jumpstone-dev.nl\\\/#organization\",\"name\":\"Turijnmagazijn\",\"url\":\"https:\\\/\\\/turijnmagazijn.jumpstone-dev.nl\\\/\",\"logo\":{\"@type\":\"ImageObject\",\"inLanguage\":\"fr-FR\",\"@id\":\"https:\\\/\\\/turijnmagazijn.jumpstone-dev.nl\\\/#\\\/schema\\\/logo\\\/image\\\/\",\"url\":\"https:\\\/\\\/turijnmagazijn.nl\\\/wp-content\\\/uploads\\\/2021\\\/02\\\/turijnmagazijnlogo.png\",\"contentUrl\":\"https:\\\/\\\/turijnmagazijn.nl\\\/wp-content\\\/uploads\\\/2021\\\/02\\\/turijnmagazijnlogo.png\",\"width\":555,\"height\":270,\"caption\":\"Turijnmagazijn\"},\"image\":{\"@id\":\"https:\\\/\\\/turijnmagazijn.jumpstone-dev.nl\\\/#\\\/schema\\\/logo\\\/image\\\/\"},\"sameAs\":[\"https:\\\/\\\/www.facebook.com\\\/turijnmagazijn\"]}]}<\/script>\n<!-- \/ Yoast SEO plugin. -->","yoast_head_json":{"title":"Capot feu arri\u00e8re int\u00e9rieur gauche Lancia Kappa - Turijnmagazijn","robots":{"index":"index","follow":"follow","max-snippet":"max-snippet:-1","max-image-preview":"max-image-preview:large","max-video-preview":"max-video-preview:-1"},"canonical":"https:\/\/turijnmagazijn.nl\/fr\/produit\/couverture-feu-arriere-interieur-gauche-lancia-kappa\/","og_locale":"fr_FR","og_type":"article","og_title":"Capot feu arri\u00e8re int\u00e9rieur gauche Lancia Kappa - Turijnmagazijn","og_description":"Plaque de couverture Int\u00e9rieur du feu arri\u00e8re gauche Lancia Kappa - Plaque de couverture usag\u00e9e pour le feu arri\u00e8re gauche pour Lancia Kappa.","og_url":"https:\/\/turijnmagazijn.nl\/fr\/produit\/couverture-feu-arriere-interieur-gauche-lancia-kappa\/","og_site_name":"Turijnmagazijn","article_publisher":"https:\/\/www.facebook.com\/turijnmagazijn","article_modified_time":"2024-07-15T15:01:07+00:00","og_image":[{"width":1024,"height":768,"url":"https:\/\/turijnmagazijn.nl\/wp-content\/uploads\/2023\/03\/DK00102237-Afdekplaat-Achterlicht-interieur-Links-Lancia-Kappa-1-1.jpg","type":"image\/jpeg"}],"twitter_card":"summary_large_image","schema":{"@context":"https:\/\/schema.org","@graph":[{"@type":"WebPage","@id":"https:\/\/turijnmagazijn.nl\/fr\/produit\/couverture-feu-arriere-interieur-gauche-lancia-kappa\/","url":"https:\/\/turijnmagazijn.nl\/fr\/produit\/couverture-feu-arriere-interieur-gauche-lancia-kappa\/","name":"Capot feu arri\u00e8re int\u00e9rieur gauche Lancia Kappa - Turijnmagazijn","isPartOf":{"@id":"https:\/\/turijnmagazijn.jumpstone-dev.nl\/#website"},"primaryImageOfPage":{"@id":"https:\/\/turijnmagazijn.nl\/fr\/produit\/couverture-feu-arriere-interieur-gauche-lancia-kappa\/#primaryimage"},"image":{"@id":"https:\/\/turijnmagazijn.nl\/fr\/produit\/couverture-feu-arriere-interieur-gauche-lancia-kappa\/#primaryimage"},"thumbnailUrl":"https:\/\/turijnmagazijn.nl\/wp-content\/uploads\/2023\/03\/DK00102237-Afdekplaat-Achterlicht-interieur-Links-Lancia-Kappa-1-1.jpg","datePublished":"2023-03-03T08:19:28+00:00","dateModified":"2024-07-15T15:01:07+00:00","breadcrumb":{"@id":"https:\/\/turijnmagazijn.nl\/fr\/produit\/couverture-feu-arriere-interieur-gauche-lancia-kappa\/#breadcrumb"},"inLanguage":"fr-FR","potentialAction":[{"@type":"ReadAction","target":["https:\/\/turijnmagazijn.nl\/fr\/produit\/couverture-feu-arriere-interieur-gauche-lancia-kappa\/"]}]},{"@type":"ImageObject","inLanguage":"fr-FR","@id":"https:\/\/turijnmagazijn.nl\/fr\/produit\/couverture-feu-arriere-interieur-gauche-lancia-kappa\/#primaryimage","url":"https:\/\/turijnmagazijn.nl\/wp-content\/uploads\/2023\/03\/DK00102237-Afdekplaat-Achterlicht-interieur-Links-Lancia-Kappa-1-1.jpg","contentUrl":"https:\/\/turijnmagazijn.nl\/wp-content\/uploads\/2023\/03\/DK00102237-Afdekplaat-Achterlicht-interieur-Links-Lancia-Kappa-1-1.jpg","width":1024,"height":768},{"@type":"BreadcrumbList","@id":"https:\/\/turijnmagazijn.nl\/fr\/produit\/couverture-feu-arriere-interieur-gauche-lancia-kappa\/#breadcrumb","itemListElement":[{"@type":"ListItem","position":1,"name":"Home","item":"https:\/\/turijnmagazijn.nl\/fr\/"},{"@type":"ListItem","position":2,"name":"Produits","item":"https:\/\/turijnmagazijn.nl\/fr\/shop\/"},{"@type":"ListItem","position":3,"name":"Capot feu arri\u00e8re int\u00e9rieur gauche Lancia Kappa"}]},{"@type":"WebSite","@id":"https:\/\/turijnmagazijn.jumpstone-dev.nl\/#website","url":"https:\/\/turijnmagazijn.jumpstone-dev.nl\/","name":"Turijnmagazijn","description":"Onderdelen nieuw en gebruikt - Fiat &amp; Lancia","publisher":{"@id":"https:\/\/turijnmagazijn.jumpstone-dev.nl\/#organization"},"potentialAction":[{"@type":"SearchAction","target":{"@type":"EntryPoint","urlTemplate":"https:\/\/turijnmagazijn.jumpstone-dev.nl\/?s={search_term_string}"},"query-input":{"@type":"PropertyValueSpecification","valueRequired":true,"valueName":"search_term_string"}}],"inLanguage":"fr-FR"},{"@type":"Organization","@id":"https:\/\/turijnmagazijn.jumpstone-dev.nl\/#organization","name":"Turijnmagazijn","url":"https:\/\/turijnmagazijn.jumpstone-dev.nl\/","logo":{"@type":"ImageObject","inLanguage":"fr-FR","@id":"https:\/\/turijnmagazijn.jumpstone-dev.nl\/#\/schema\/logo\/image\/","url":"https:\/\/turijnmagazijn.nl\/wp-content\/uploads\/2021\/02\/turijnmagazijnlogo.png","contentUrl":"https:\/\/turijnmagazijn.nl\/wp-content\/uploads\/2021\/02\/turijnmagazijnlogo.png","width":555,"height":270,"caption":"Turijnmagazijn"},"image":{"@id":"https:\/\/turijnmagazijn.jumpstone-dev.nl\/#\/schema\/logo\/image\/"},"sameAs":["https:\/\/www.facebook.com\/turijnmagazijn"]}]}},"_links":{"self":[{"href":"https:\/\/turijnmagazijn.nl\/fr\/wp-json\/wp\/v2\/product\/64179","targetHints":{"allow":["GET"]}}],"collection":[{"href":"https:\/\/turijnmagazijn.nl\/fr\/wp-json\/wp\/v2\/product"}],"about":[{"href":"https:\/\/turijnmagazijn.nl\/fr\/wp-json\/wp\/v2\/types\/product"}],"replies":[{"embeddable":true,"href":"https:\/\/turijnmagazijn.nl\/fr\/wp-json\/wp\/v2\/comments?post=64179"}],"wp:featuredmedia":[{"embeddable":true,"href":"https:\/\/turijnmagazijn.nl\/fr\/wp-json\/wp\/v2\/media\/47112"}],"wp:attachment":[{"href":"https:\/\/turijnmagazijn.nl\/fr\/wp-json\/wp\/v2\/media?parent=64179"}],"wp:term":[{"taxonomy":"product_brand","embeddable":true,"href":"https:\/\/turijnmagazijn.nl\/fr\/wp-json\/wp\/v2\/product_brand?post=64179"},{"taxonomy":"product_cat","embeddable":true,"href":"https:\/\/turijnmagazijn.nl\/fr\/wp-json\/wp\/v2\/product_cat?post=64179"},{"taxonomy":"product_tag","embeddable":true,"href":"https:\/\/turijnmagazijn.nl\/fr\/wp-json\/wp\/v2\/product_tag?post=64179"}],"curies":[{"name":"wp","href":"https:\/\/api.w.org\/{rel}","templated":true}]}}