{"id":64211,"date":"2023-03-03T09:19:49","date_gmt":"2023-03-03T08:19:49","guid":{"rendered":"https:\/\/turijnmagazijn.nl\/product\/guirlande-de-fenetre-lancia-delta-i-portes-arriere-lr\/"},"modified":"2024-09-05T11:36:10","modified_gmt":"2024-09-05T09:36:10","slug":"guirlande-de-fenetre-lancia-delta-i-portes-arriere-lr","status":"publish","type":"product","link":"https:\/\/turijnmagazijn.nl\/fr\/produit\/guirlande-de-fenetre-lancia-delta-i-portes-arriere-lr\/","title":{"rendered":"Guirlande de fen\u00eatre Lancia Delta I portes arri\u00e8re L=R"},"content":{"rendered":"<p>Guirlande de fen\u00eatre utilis\u00e9e pour Lancia Delta Integrale pour montage sur les portes arri\u00e8re. Ces guirlandes de fen\u00eatre conviennent \u00e0 tous les types de Delta I, y compris l\u2019int\u00e9grale et l\u2019EVO. Concerne la manivelle pour la version de la manivelle de fen\u00eatre \u00e9quip\u00e9e d&rsquo;une bande d&rsquo;incrustation m\u00e9tallique, utilis\u00e9e en particulier sur les int\u00e9graux.<br \/>\nLivr\u00e9e sans le cadre et le mat\u00e9riel de montage.  L&rsquo;article est en bon \u00e9tat.  &nbsp;  OEM Lancia 177204580<\/p>\n","protected":false},"excerpt":{"rendered":"<p>Garland de fen\u00eatre Lancia Delta I portes arri\u00e8re L = R &#8211; Garland de fen\u00eatre usag\u00e9 pour Lancia Delta Integrale pour montage sur les portes arri\u00e8re.<\/p>\n","protected":false},"featured_media":78921,"comment_status":"open","ping_status":"closed","template":"","meta":{"_acf_changed":false},"product_brand":[],"product_cat":[1806,1836,1830,1838,1798],"product_tag":[],"class_list":{"0":"post-64211","1":"product","2":"type-product","3":"status-publish","4":"has-post-thumbnail","6":"product_cat-delta-1-831-fr","7":"product_cat-integrale-16v-fr","8":"product_cat-integrale-8v-fr","9":"product_cat-integrale-evo-fr","10":"product_cat-lancia-fr","11":"pa_soort-onderdeel-dautres-pieces-de-voiture","12":"pa_soort-onderdeel-interieur-et-sellerie","14":"first","15":"instock","16":"shipping-taxable","17":"purchasable","18":"product-type-simple"},"acf":[],"yoast_head":"<!-- This site is optimized with the Yoast SEO plugin v27.2 - https:\/\/yoast.com\/product\/yoast-seo-wordpress\/ -->\n<title>Guirlande de fen\u00eatre Lancia Delta I portes arri\u00e8re L=R - Turijnmagazijn<\/title>\n<meta name=\"robots\" content=\"index, follow, max-snippet:-1, max-image-preview:large, max-video-preview:-1\" \/>\n<link rel=\"canonical\" href=\"https:\/\/turijnmagazijn.nl\/fr\/produit\/guirlande-de-fenetre-lancia-delta-i-portes-arriere-lr\/\" \/>\n<meta property=\"og:locale\" content=\"fr_FR\" \/>\n<meta property=\"og:type\" content=\"article\" \/>\n<meta property=\"og:title\" content=\"Guirlande de fen\u00eatre Lancia Delta I portes arri\u00e8re L=R - Turijnmagazijn\" \/>\n<meta property=\"og:description\" content=\"Garland de fen\u00eatre Lancia Delta I portes arri\u00e8re L = R - Garland de fen\u00eatre usag\u00e9 pour Lancia Delta Integrale pour montage sur les portes arri\u00e8re.\" \/>\n<meta property=\"og:url\" content=\"https:\/\/turijnmagazijn.nl\/fr\/produit\/guirlande-de-fenetre-lancia-delta-i-portes-arriere-lr\/\" \/>\n<meta property=\"og:site_name\" content=\"Turijnmagazijn\" \/>\n<meta property=\"article:publisher\" content=\"https:\/\/www.facebook.com\/turijnmagazijn\" \/>\n<meta property=\"article:modified_time\" content=\"2024-09-05T09:36:10+00:00\" \/>\n<meta name=\"twitter:card\" content=\"summary_large_image\" \/>\n<script type=\"application\/ld+json\" class=\"yoast-schema-graph\">{\"@context\":\"https:\/\/schema.org\",\"@graph\":[{\"@type\":\"WebPage\",\"@id\":\"https:\/\/turijnmagazijn.nl\/fr\/produit\/guirlande-de-fenetre-lancia-delta-i-portes-arriere-lr\/\",\"url\":\"https:\/\/turijnmagazijn.nl\/fr\/produit\/guirlande-de-fenetre-lancia-delta-i-portes-arriere-lr\/\",\"name\":\"Guirlande de fen\u00eatre Lancia Delta I portes arri\u00e8re L=R - Turijnmagazijn\",\"isPartOf\":{\"@id\":\"https:\/\/turijnmagazijn.jumpstone-dev.nl\/#website\"},\"primaryImageOfPage\":{\"@id\":\"https:\/\/turijnmagazijn.nl\/fr\/produit\/guirlande-de-fenetre-lancia-delta-i-portes-arriere-lr\/#primaryimage\"},\"image\":{\"@id\":\"https:\/\/turijnmagazijn.nl\/fr\/produit\/guirlande-de-fenetre-lancia-delta-i-portes-arriere-lr\/#primaryimage\"},\"thumbnailUrl\":\"https:\/\/turijnmagazijn.nl\/wp-content\/uploads\/2023\/03\/DK0102247-Raamslinger-Lancia-Delta-I-achterportieren-LR-177204580-2-scaled.jpg\",\"datePublished\":\"2023-03-03T08:19:49+00:00\",\"dateModified\":\"2024-09-05T09:36:10+00:00\",\"breadcrumb\":{\"@id\":\"https:\/\/turijnmagazijn.nl\/fr\/produit\/guirlande-de-fenetre-lancia-delta-i-portes-arriere-lr\/#breadcrumb\"},\"inLanguage\":\"fr-FR\",\"potentialAction\":[{\"@type\":\"ReadAction\",\"target\":[\"https:\/\/turijnmagazijn.nl\/fr\/produit\/guirlande-de-fenetre-lancia-delta-i-portes-arriere-lr\/\"]}]},{\"@type\":\"ImageObject\",\"inLanguage\":\"fr-FR\",\"@id\":\"https:\/\/turijnmagazijn.nl\/fr\/produit\/guirlande-de-fenetre-lancia-delta-i-portes-arriere-lr\/#primaryimage\",\"url\":\"https:\/\/turijnmagazijn.nl\/wp-content\/uploads\/2023\/03\/DK0102247-Raamslinger-Lancia-Delta-I-achterportieren-LR-177204580-2-scaled.jpg\",\"contentUrl\":\"https:\/\/turijnmagazijn.nl\/wp-content\/uploads\/2023\/03\/DK0102247-Raamslinger-Lancia-Delta-I-achterportieren-LR-177204580-2-scaled.jpg\",\"width\":2560,\"height\":1920},{\"@type\":\"BreadcrumbList\",\"@id\":\"https:\/\/turijnmagazijn.nl\/fr\/produit\/guirlande-de-fenetre-lancia-delta-i-portes-arriere-lr\/#breadcrumb\",\"itemListElement\":[{\"@type\":\"ListItem\",\"position\":1,\"name\":\"Home\",\"item\":\"https:\/\/turijnmagazijn.nl\/fr\/\"},{\"@type\":\"ListItem\",\"position\":2,\"name\":\"Produits\",\"item\":\"https:\/\/turijnmagazijn.nl\/fr\/shop\/\"},{\"@type\":\"ListItem\",\"position\":3,\"name\":\"Guirlande de fen\u00eatre Lancia Delta I portes arri\u00e8re L=R\"}]},{\"@type\":\"WebSite\",\"@id\":\"https:\/\/turijnmagazijn.jumpstone-dev.nl\/#website\",\"url\":\"https:\/\/turijnmagazijn.jumpstone-dev.nl\/\",\"name\":\"Turijnmagazijn\",\"description\":\"Onderdelen nieuw en gebruikt - Fiat &amp; Lancia\",\"publisher\":{\"@id\":\"https:\/\/turijnmagazijn.jumpstone-dev.nl\/#organization\"},\"potentialAction\":[{\"@type\":\"SearchAction\",\"target\":{\"@type\":\"EntryPoint\",\"urlTemplate\":\"https:\/\/turijnmagazijn.jumpstone-dev.nl\/?s={search_term_string}\"},\"query-input\":{\"@type\":\"PropertyValueSpecification\",\"valueRequired\":true,\"valueName\":\"search_term_string\"}}],\"inLanguage\":\"fr-FR\"},{\"@type\":\"Organization\",\"@id\":\"https:\/\/turijnmagazijn.jumpstone-dev.nl\/#organization\",\"name\":\"Turijnmagazijn\",\"url\":\"https:\/\/turijnmagazijn.jumpstone-dev.nl\/\",\"logo\":{\"@type\":\"ImageObject\",\"inLanguage\":\"fr-FR\",\"@id\":\"https:\/\/turijnmagazijn.jumpstone-dev.nl\/#\/schema\/logo\/image\/\",\"url\":\"https:\/\/turijnmagazijn.nl\/wp-content\/uploads\/2021\/02\/turijnmagazijnlogo.png\",\"contentUrl\":\"https:\/\/turijnmagazijn.nl\/wp-content\/uploads\/2021\/02\/turijnmagazijnlogo.png\",\"width\":555,\"height\":270,\"caption\":\"Turijnmagazijn\"},\"image\":{\"@id\":\"https:\/\/turijnmagazijn.jumpstone-dev.nl\/#\/schema\/logo\/image\/\"},\"sameAs\":[\"https:\/\/www.facebook.com\/turijnmagazijn\"]}]}<\/script>\n<!-- \/ Yoast SEO plugin. -->","yoast_head_json":{"title":"Guirlande de fen\u00eatre Lancia Delta I portes arri\u00e8re L=R - Turijnmagazijn","robots":{"index":"index","follow":"follow","max-snippet":"max-snippet:-1","max-image-preview":"max-image-preview:large","max-video-preview":"max-video-preview:-1"},"canonical":"https:\/\/turijnmagazijn.nl\/fr\/produit\/guirlande-de-fenetre-lancia-delta-i-portes-arriere-lr\/","og_locale":"fr_FR","og_type":"article","og_title":"Guirlande de fen\u00eatre Lancia Delta I portes arri\u00e8re L=R - Turijnmagazijn","og_description":"Garland de fen\u00eatre Lancia Delta I portes arri\u00e8re L = R - Garland de fen\u00eatre usag\u00e9 pour Lancia Delta Integrale pour montage sur les portes arri\u00e8re.","og_url":"https:\/\/turijnmagazijn.nl\/fr\/produit\/guirlande-de-fenetre-lancia-delta-i-portes-arriere-lr\/","og_site_name":"Turijnmagazijn","article_publisher":"https:\/\/www.facebook.com\/turijnmagazijn","article_modified_time":"2024-09-05T09:36:10+00:00","twitter_card":"summary_large_image","schema":{"@context":"https:\/\/schema.org","@graph":[{"@type":"WebPage","@id":"https:\/\/turijnmagazijn.nl\/fr\/produit\/guirlande-de-fenetre-lancia-delta-i-portes-arriere-lr\/","url":"https:\/\/turijnmagazijn.nl\/fr\/produit\/guirlande-de-fenetre-lancia-delta-i-portes-arriere-lr\/","name":"Guirlande de fen\u00eatre Lancia Delta I portes arri\u00e8re L=R - Turijnmagazijn","isPartOf":{"@id":"https:\/\/turijnmagazijn.jumpstone-dev.nl\/#website"},"primaryImageOfPage":{"@id":"https:\/\/turijnmagazijn.nl\/fr\/produit\/guirlande-de-fenetre-lancia-delta-i-portes-arriere-lr\/#primaryimage"},"image":{"@id":"https:\/\/turijnmagazijn.nl\/fr\/produit\/guirlande-de-fenetre-lancia-delta-i-portes-arriere-lr\/#primaryimage"},"thumbnailUrl":"https:\/\/turijnmagazijn.nl\/wp-content\/uploads\/2023\/03\/DK0102247-Raamslinger-Lancia-Delta-I-achterportieren-LR-177204580-2-scaled.jpg","datePublished":"2023-03-03T08:19:49+00:00","dateModified":"2024-09-05T09:36:10+00:00","breadcrumb":{"@id":"https:\/\/turijnmagazijn.nl\/fr\/produit\/guirlande-de-fenetre-lancia-delta-i-portes-arriere-lr\/#breadcrumb"},"inLanguage":"fr-FR","potentialAction":[{"@type":"ReadAction","target":["https:\/\/turijnmagazijn.nl\/fr\/produit\/guirlande-de-fenetre-lancia-delta-i-portes-arriere-lr\/"]}]},{"@type":"ImageObject","inLanguage":"fr-FR","@id":"https:\/\/turijnmagazijn.nl\/fr\/produit\/guirlande-de-fenetre-lancia-delta-i-portes-arriere-lr\/#primaryimage","url":"https:\/\/turijnmagazijn.nl\/wp-content\/uploads\/2023\/03\/DK0102247-Raamslinger-Lancia-Delta-I-achterportieren-LR-177204580-2-scaled.jpg","contentUrl":"https:\/\/turijnmagazijn.nl\/wp-content\/uploads\/2023\/03\/DK0102247-Raamslinger-Lancia-Delta-I-achterportieren-LR-177204580-2-scaled.jpg","width":2560,"height":1920},{"@type":"BreadcrumbList","@id":"https:\/\/turijnmagazijn.nl\/fr\/produit\/guirlande-de-fenetre-lancia-delta-i-portes-arriere-lr\/#breadcrumb","itemListElement":[{"@type":"ListItem","position":1,"name":"Home","item":"https:\/\/turijnmagazijn.nl\/fr\/"},{"@type":"ListItem","position":2,"name":"Produits","item":"https:\/\/turijnmagazijn.nl\/fr\/shop\/"},{"@type":"ListItem","position":3,"name":"Guirlande de fen\u00eatre Lancia Delta I portes arri\u00e8re L=R"}]},{"@type":"WebSite","@id":"https:\/\/turijnmagazijn.jumpstone-dev.nl\/#website","url":"https:\/\/turijnmagazijn.jumpstone-dev.nl\/","name":"Turijnmagazijn","description":"Onderdelen nieuw en gebruikt - Fiat &amp; Lancia","publisher":{"@id":"https:\/\/turijnmagazijn.jumpstone-dev.nl\/#organization"},"potentialAction":[{"@type":"SearchAction","target":{"@type":"EntryPoint","urlTemplate":"https:\/\/turijnmagazijn.jumpstone-dev.nl\/?s={search_term_string}"},"query-input":{"@type":"PropertyValueSpecification","valueRequired":true,"valueName":"search_term_string"}}],"inLanguage":"fr-FR"},{"@type":"Organization","@id":"https:\/\/turijnmagazijn.jumpstone-dev.nl\/#organization","name":"Turijnmagazijn","url":"https:\/\/turijnmagazijn.jumpstone-dev.nl\/","logo":{"@type":"ImageObject","inLanguage":"fr-FR","@id":"https:\/\/turijnmagazijn.jumpstone-dev.nl\/#\/schema\/logo\/image\/","url":"https:\/\/turijnmagazijn.nl\/wp-content\/uploads\/2021\/02\/turijnmagazijnlogo.png","contentUrl":"https:\/\/turijnmagazijn.nl\/wp-content\/uploads\/2021\/02\/turijnmagazijnlogo.png","width":555,"height":270,"caption":"Turijnmagazijn"},"image":{"@id":"https:\/\/turijnmagazijn.jumpstone-dev.nl\/#\/schema\/logo\/image\/"},"sameAs":["https:\/\/www.facebook.com\/turijnmagazijn"]}]}},"_links":{"self":[{"href":"https:\/\/turijnmagazijn.nl\/fr\/wp-json\/wp\/v2\/product\/64211","targetHints":{"allow":["GET"]}}],"collection":[{"href":"https:\/\/turijnmagazijn.nl\/fr\/wp-json\/wp\/v2\/product"}],"about":[{"href":"https:\/\/turijnmagazijn.nl\/fr\/wp-json\/wp\/v2\/types\/product"}],"replies":[{"embeddable":true,"href":"https:\/\/turijnmagazijn.nl\/fr\/wp-json\/wp\/v2\/comments?post=64211"}],"wp:featuredmedia":[{"embeddable":true,"href":"https:\/\/turijnmagazijn.nl\/fr\/wp-json\/wp\/v2\/media\/78921"}],"wp:attachment":[{"href":"https:\/\/turijnmagazijn.nl\/fr\/wp-json\/wp\/v2\/media?parent=64211"}],"wp:term":[{"taxonomy":"product_brand","embeddable":true,"href":"https:\/\/turijnmagazijn.nl\/fr\/wp-json\/wp\/v2\/product_brand?post=64211"},{"taxonomy":"product_cat","embeddable":true,"href":"https:\/\/turijnmagazijn.nl\/fr\/wp-json\/wp\/v2\/product_cat?post=64211"},{"taxonomy":"product_tag","embeddable":true,"href":"https:\/\/turijnmagazijn.nl\/fr\/wp-json\/wp\/v2\/product_tag?post=64211"}],"curies":[{"name":"wp","href":"https:\/\/api.w.org\/{rel}","templated":true}]}}