{"id":64217,"date":"2023-03-03T09:19:49","date_gmt":"2023-03-03T08:19:49","guid":{"rendered":"https:\/\/turijnmagazijn.nl\/product\/relais-noir-position-e3-lancia-kappa-valeo-67711971\/"},"modified":"2026-02-25T07:18:13","modified_gmt":"2026-02-25T06:18:13","slug":"relay-black-position-e3-lancia-kappa-valeo-67711971","status":"publish","type":"product","link":"https:\/\/turijnmagazijn.nl\/fr\/produit\/relay-black-position-e3-lancia-kappa-valeo-67711971\/","title":{"rendered":"Relais noir position E3 Lancia Kappa Valeo 67711971"},"content":{"rendered":"<p>Utilis\u00e9 grand relais noir pour Lancia Kappa. Ce relais est situ\u00e9 \u00e0 la position E3 dans la bo\u00eete \u00e0 fusibles de la cabine mont\u00e9e dans le tableau de bord au niveau de l\u2019espace pour les pieds du conducteur.  <\/p>\n<p>L\u00e9gende : Valeo A385<\/p>\n<p><span data-sheets-value=\"{\"1\":2,\"2\":\"afkomstig uit een Lancia Kappa 2.0 20V sedan benzine met automaat van bouwjaar 1997 met een kilometrage van 175.000km.\"}\" data-sheets-userformat=\"{\"2\":14851,\"3\":{\"1\":0},\"4\":{\"1\":2,\"2\":16777215},\"12\":0,\"14\":{\"1\":2,\"2\":6710886},\"15\":\"\"Open Sans\", sans-serif\",\"16\":9}\" style=\"font-size: 9pt; font-family: \"Open Sans\", Arial;\">Provenant d\u2019une Lancia Kappa 2.0 berline essence 20V avec transmission automatique construite en 1997 avec un kilom\u00e9trage de 175 000 km.<\/span><\/p>\n<p>Lancia&nbsp;OEM 67711971<\/p>\n","protected":false},"excerpt":{"rendered":"<p>Relais position noire E2 Lancia Kappa Valeo 67711971 &#8211; Utilis\u00e9 grand relais noir pour Lancia Kappa.Relais position noire E3 Lancia Kappa Valeo 67711971 &#8211; Utilis\u00e9 grand relais noir pour Lancia Kappa.<\/p>\n","protected":false},"featured_media":47200,"comment_status":"open","ping_status":"closed","template":"","meta":{"_acf_changed":false},"product_brand":[],"product_cat":[1862,1865,1860,1798,1870],"product_tag":[],"class_list":{"0":"post-64217","1":"product","2":"type-product","3":"status-publish","4":"has-post-thumbnail","6":"product_cat-berlina-fr","7":"product_cat-coupe-fr","8":"product_cat-kappa-838-fr","9":"product_cat-lancia-fr","10":"product_cat-sw-fr","11":"pa_soort-onderdeel-dautres-pieces-de-voiture","12":"pa_soort-onderdeel-electronique-et-cables","14":"first","15":"instock","16":"sale","17":"shipping-taxable","18":"purchasable","19":"product-type-simple"},"acf":[],"yoast_head":"<!-- This site is optimized with the Yoast SEO plugin v27.2 - https:\/\/yoast.com\/product\/yoast-seo-wordpress\/ -->\n<title>Relais noir position E3 Lancia Kappa Valeo 67711971 - Turijnmagazijn<\/title>\n<meta name=\"robots\" content=\"index, follow, max-snippet:-1, max-image-preview:large, max-video-preview:-1\" \/>\n<link rel=\"canonical\" href=\"https:\/\/turijnmagazijn.nl\/fr\/produit\/relay-black-position-e3-lancia-kappa-valeo-67711971\/\" \/>\n<meta property=\"og:locale\" content=\"fr_FR\" \/>\n<meta property=\"og:type\" content=\"article\" \/>\n<meta property=\"og:title\" content=\"Relais noir position E3 Lancia Kappa Valeo 67711971 - Turijnmagazijn\" \/>\n<meta property=\"og:description\" content=\"Relais position noire E2 Lancia Kappa Valeo 67711971 - Utilis\u00e9 grand relais noir pour Lancia Kappa.Relais position noire E3 Lancia Kappa Valeo 67711971 - Utilis\u00e9 grand relais noir pour Lancia Kappa.\" \/>\n<meta property=\"og:url\" content=\"https:\/\/turijnmagazijn.nl\/fr\/produit\/relay-black-position-e3-lancia-kappa-valeo-67711971\/\" \/>\n<meta property=\"og:site_name\" content=\"Turijnmagazijn\" \/>\n<meta property=\"article:publisher\" content=\"https:\/\/www.facebook.com\/turijnmagazijn\" \/>\n<meta property=\"article:modified_time\" content=\"2026-02-25T06:18:13+00:00\" \/>\n<meta property=\"og:image\" content=\"https:\/\/turijnmagazijn.nl\/wp-content\/uploads\/2023\/03\/DK00102251-Relais-zwart-postitie-E2-Lancia-Kappa-Valeo-67711971-2-1.jpg\" \/>\n\t<meta property=\"og:image:width\" content=\"1024\" \/>\n\t<meta property=\"og:image:height\" content=\"768\" \/>\n\t<meta property=\"og:image:type\" content=\"image\/jpeg\" \/>\n<meta name=\"twitter:card\" content=\"summary_large_image\" \/>\n<script type=\"application\/ld+json\" class=\"yoast-schema-graph\">{\"@context\":\"https:\/\/schema.org\",\"@graph\":[{\"@type\":\"WebPage\",\"@id\":\"https:\/\/turijnmagazijn.nl\/fr\/produit\/relay-black-position-e3-lancia-kappa-valeo-67711971\/\",\"url\":\"https:\/\/turijnmagazijn.nl\/fr\/produit\/relay-black-position-e3-lancia-kappa-valeo-67711971\/\",\"name\":\"Relais noir position E3 Lancia Kappa Valeo 67711971 - Turijnmagazijn\",\"isPartOf\":{\"@id\":\"https:\/\/turijnmagazijn.jumpstone-dev.nl\/#website\"},\"primaryImageOfPage\":{\"@id\":\"https:\/\/turijnmagazijn.nl\/fr\/produit\/relay-black-position-e3-lancia-kappa-valeo-67711971\/#primaryimage\"},\"image\":{\"@id\":\"https:\/\/turijnmagazijn.nl\/fr\/produit\/relay-black-position-e3-lancia-kappa-valeo-67711971\/#primaryimage\"},\"thumbnailUrl\":\"https:\/\/turijnmagazijn.nl\/wp-content\/uploads\/2023\/03\/DK00102251-Relais-zwart-postitie-E2-Lancia-Kappa-Valeo-67711971-2-1.jpg\",\"datePublished\":\"2023-03-03T08:19:49+00:00\",\"dateModified\":\"2026-02-25T06:18:13+00:00\",\"breadcrumb\":{\"@id\":\"https:\/\/turijnmagazijn.nl\/fr\/produit\/relay-black-position-e3-lancia-kappa-valeo-67711971\/#breadcrumb\"},\"inLanguage\":\"fr-FR\",\"potentialAction\":[{\"@type\":\"ReadAction\",\"target\":[\"https:\/\/turijnmagazijn.nl\/fr\/produit\/relay-black-position-e3-lancia-kappa-valeo-67711971\/\"]}]},{\"@type\":\"ImageObject\",\"inLanguage\":\"fr-FR\",\"@id\":\"https:\/\/turijnmagazijn.nl\/fr\/produit\/relay-black-position-e3-lancia-kappa-valeo-67711971\/#primaryimage\",\"url\":\"https:\/\/turijnmagazijn.nl\/wp-content\/uploads\/2023\/03\/DK00102251-Relais-zwart-postitie-E2-Lancia-Kappa-Valeo-67711971-2-1.jpg\",\"contentUrl\":\"https:\/\/turijnmagazijn.nl\/wp-content\/uploads\/2023\/03\/DK00102251-Relais-zwart-postitie-E2-Lancia-Kappa-Valeo-67711971-2-1.jpg\",\"width\":1024,\"height\":768},{\"@type\":\"BreadcrumbList\",\"@id\":\"https:\/\/turijnmagazijn.nl\/fr\/produit\/relay-black-position-e3-lancia-kappa-valeo-67711971\/#breadcrumb\",\"itemListElement\":[{\"@type\":\"ListItem\",\"position\":1,\"name\":\"Home\",\"item\":\"https:\/\/turijnmagazijn.nl\/fr\/\"},{\"@type\":\"ListItem\",\"position\":2,\"name\":\"Produits\",\"item\":\"https:\/\/turijnmagazijn.nl\/fr\/shop\/\"},{\"@type\":\"ListItem\",\"position\":3,\"name\":\"Relais noir position E3 Lancia Kappa Valeo 67711971\"}]},{\"@type\":\"WebSite\",\"@id\":\"https:\/\/turijnmagazijn.jumpstone-dev.nl\/#website\",\"url\":\"https:\/\/turijnmagazijn.jumpstone-dev.nl\/\",\"name\":\"Turijnmagazijn\",\"description\":\"Onderdelen nieuw en gebruikt - Fiat &amp; Lancia\",\"publisher\":{\"@id\":\"https:\/\/turijnmagazijn.jumpstone-dev.nl\/#organization\"},\"potentialAction\":[{\"@type\":\"SearchAction\",\"target\":{\"@type\":\"EntryPoint\",\"urlTemplate\":\"https:\/\/turijnmagazijn.jumpstone-dev.nl\/?s={search_term_string}\"},\"query-input\":{\"@type\":\"PropertyValueSpecification\",\"valueRequired\":true,\"valueName\":\"search_term_string\"}}],\"inLanguage\":\"fr-FR\"},{\"@type\":\"Organization\",\"@id\":\"https:\/\/turijnmagazijn.jumpstone-dev.nl\/#organization\",\"name\":\"Turijnmagazijn\",\"url\":\"https:\/\/turijnmagazijn.jumpstone-dev.nl\/\",\"logo\":{\"@type\":\"ImageObject\",\"inLanguage\":\"fr-FR\",\"@id\":\"https:\/\/turijnmagazijn.jumpstone-dev.nl\/#\/schema\/logo\/image\/\",\"url\":\"https:\/\/turijnmagazijn.nl\/wp-content\/uploads\/2021\/02\/turijnmagazijnlogo.png\",\"contentUrl\":\"https:\/\/turijnmagazijn.nl\/wp-content\/uploads\/2021\/02\/turijnmagazijnlogo.png\",\"width\":555,\"height\":270,\"caption\":\"Turijnmagazijn\"},\"image\":{\"@id\":\"https:\/\/turijnmagazijn.jumpstone-dev.nl\/#\/schema\/logo\/image\/\"},\"sameAs\":[\"https:\/\/www.facebook.com\/turijnmagazijn\"]}]}<\/script>\n<!-- \/ Yoast SEO plugin. -->","yoast_head_json":{"title":"Relais noir position E3 Lancia Kappa Valeo 67711971 - Turijnmagazijn","robots":{"index":"index","follow":"follow","max-snippet":"max-snippet:-1","max-image-preview":"max-image-preview:large","max-video-preview":"max-video-preview:-1"},"canonical":"https:\/\/turijnmagazijn.nl\/fr\/produit\/relay-black-position-e3-lancia-kappa-valeo-67711971\/","og_locale":"fr_FR","og_type":"article","og_title":"Relais noir position E3 Lancia Kappa Valeo 67711971 - Turijnmagazijn","og_description":"Relais position noire E2 Lancia Kappa Valeo 67711971 - Utilis\u00e9 grand relais noir pour Lancia Kappa.Relais position noire E3 Lancia Kappa Valeo 67711971 - Utilis\u00e9 grand relais noir pour Lancia Kappa.","og_url":"https:\/\/turijnmagazijn.nl\/fr\/produit\/relay-black-position-e3-lancia-kappa-valeo-67711971\/","og_site_name":"Turijnmagazijn","article_publisher":"https:\/\/www.facebook.com\/turijnmagazijn","article_modified_time":"2026-02-25T06:18:13+00:00","og_image":[{"width":1024,"height":768,"url":"https:\/\/turijnmagazijn.nl\/wp-content\/uploads\/2023\/03\/DK00102251-Relais-zwart-postitie-E2-Lancia-Kappa-Valeo-67711971-2-1.jpg","type":"image\/jpeg"}],"twitter_card":"summary_large_image","schema":{"@context":"https:\/\/schema.org","@graph":[{"@type":"WebPage","@id":"https:\/\/turijnmagazijn.nl\/fr\/produit\/relay-black-position-e3-lancia-kappa-valeo-67711971\/","url":"https:\/\/turijnmagazijn.nl\/fr\/produit\/relay-black-position-e3-lancia-kappa-valeo-67711971\/","name":"Relais noir position E3 Lancia Kappa Valeo 67711971 - Turijnmagazijn","isPartOf":{"@id":"https:\/\/turijnmagazijn.jumpstone-dev.nl\/#website"},"primaryImageOfPage":{"@id":"https:\/\/turijnmagazijn.nl\/fr\/produit\/relay-black-position-e3-lancia-kappa-valeo-67711971\/#primaryimage"},"image":{"@id":"https:\/\/turijnmagazijn.nl\/fr\/produit\/relay-black-position-e3-lancia-kappa-valeo-67711971\/#primaryimage"},"thumbnailUrl":"https:\/\/turijnmagazijn.nl\/wp-content\/uploads\/2023\/03\/DK00102251-Relais-zwart-postitie-E2-Lancia-Kappa-Valeo-67711971-2-1.jpg","datePublished":"2023-03-03T08:19:49+00:00","dateModified":"2026-02-25T06:18:13+00:00","breadcrumb":{"@id":"https:\/\/turijnmagazijn.nl\/fr\/produit\/relay-black-position-e3-lancia-kappa-valeo-67711971\/#breadcrumb"},"inLanguage":"fr-FR","potentialAction":[{"@type":"ReadAction","target":["https:\/\/turijnmagazijn.nl\/fr\/produit\/relay-black-position-e3-lancia-kappa-valeo-67711971\/"]}]},{"@type":"ImageObject","inLanguage":"fr-FR","@id":"https:\/\/turijnmagazijn.nl\/fr\/produit\/relay-black-position-e3-lancia-kappa-valeo-67711971\/#primaryimage","url":"https:\/\/turijnmagazijn.nl\/wp-content\/uploads\/2023\/03\/DK00102251-Relais-zwart-postitie-E2-Lancia-Kappa-Valeo-67711971-2-1.jpg","contentUrl":"https:\/\/turijnmagazijn.nl\/wp-content\/uploads\/2023\/03\/DK00102251-Relais-zwart-postitie-E2-Lancia-Kappa-Valeo-67711971-2-1.jpg","width":1024,"height":768},{"@type":"BreadcrumbList","@id":"https:\/\/turijnmagazijn.nl\/fr\/produit\/relay-black-position-e3-lancia-kappa-valeo-67711971\/#breadcrumb","itemListElement":[{"@type":"ListItem","position":1,"name":"Home","item":"https:\/\/turijnmagazijn.nl\/fr\/"},{"@type":"ListItem","position":2,"name":"Produits","item":"https:\/\/turijnmagazijn.nl\/fr\/shop\/"},{"@type":"ListItem","position":3,"name":"Relais noir position E3 Lancia Kappa Valeo 67711971"}]},{"@type":"WebSite","@id":"https:\/\/turijnmagazijn.jumpstone-dev.nl\/#website","url":"https:\/\/turijnmagazijn.jumpstone-dev.nl\/","name":"Turijnmagazijn","description":"Onderdelen nieuw en gebruikt - Fiat &amp; Lancia","publisher":{"@id":"https:\/\/turijnmagazijn.jumpstone-dev.nl\/#organization"},"potentialAction":[{"@type":"SearchAction","target":{"@type":"EntryPoint","urlTemplate":"https:\/\/turijnmagazijn.jumpstone-dev.nl\/?s={search_term_string}"},"query-input":{"@type":"PropertyValueSpecification","valueRequired":true,"valueName":"search_term_string"}}],"inLanguage":"fr-FR"},{"@type":"Organization","@id":"https:\/\/turijnmagazijn.jumpstone-dev.nl\/#organization","name":"Turijnmagazijn","url":"https:\/\/turijnmagazijn.jumpstone-dev.nl\/","logo":{"@type":"ImageObject","inLanguage":"fr-FR","@id":"https:\/\/turijnmagazijn.jumpstone-dev.nl\/#\/schema\/logo\/image\/","url":"https:\/\/turijnmagazijn.nl\/wp-content\/uploads\/2021\/02\/turijnmagazijnlogo.png","contentUrl":"https:\/\/turijnmagazijn.nl\/wp-content\/uploads\/2021\/02\/turijnmagazijnlogo.png","width":555,"height":270,"caption":"Turijnmagazijn"},"image":{"@id":"https:\/\/turijnmagazijn.jumpstone-dev.nl\/#\/schema\/logo\/image\/"},"sameAs":["https:\/\/www.facebook.com\/turijnmagazijn"]}]}},"_links":{"self":[{"href":"https:\/\/turijnmagazijn.nl\/fr\/wp-json\/wp\/v2\/product\/64217","targetHints":{"allow":["GET"]}}],"collection":[{"href":"https:\/\/turijnmagazijn.nl\/fr\/wp-json\/wp\/v2\/product"}],"about":[{"href":"https:\/\/turijnmagazijn.nl\/fr\/wp-json\/wp\/v2\/types\/product"}],"replies":[{"embeddable":true,"href":"https:\/\/turijnmagazijn.nl\/fr\/wp-json\/wp\/v2\/comments?post=64217"}],"wp:featuredmedia":[{"embeddable":true,"href":"https:\/\/turijnmagazijn.nl\/fr\/wp-json\/wp\/v2\/media\/47200"}],"wp:attachment":[{"href":"https:\/\/turijnmagazijn.nl\/fr\/wp-json\/wp\/v2\/media?parent=64217"}],"wp:term":[{"taxonomy":"product_brand","embeddable":true,"href":"https:\/\/turijnmagazijn.nl\/fr\/wp-json\/wp\/v2\/product_brand?post=64217"},{"taxonomy":"product_cat","embeddable":true,"href":"https:\/\/turijnmagazijn.nl\/fr\/wp-json\/wp\/v2\/product_cat?post=64217"},{"taxonomy":"product_tag","embeddable":true,"href":"https:\/\/turijnmagazijn.nl\/fr\/wp-json\/wp\/v2\/product_tag?post=64217"}],"curies":[{"name":"wp","href":"https:\/\/api.w.org\/{rel}","templated":true}]}}