{"id":64235,"date":"2023-03-03T09:16:11","date_gmt":"2023-03-03T08:16:11","guid":{"rendered":"https:\/\/turijnmagazijn.nl\/product\/interrupteur-de-recul-lancia-delta-i-thema-i-fiat-croma-i-alfa-164-alfa-155\/"},"modified":"2024-11-01T19:21:29","modified_gmt":"2024-11-01T18:21:29","slug":"inverser-linterrupteur-lancia-delta-i-thema-i-fiat-croma-i-alfa-164-alfa-155","status":"publish","type":"product","link":"https:\/\/turijnmagazijn.nl\/fr\/produit\/inverser-linterrupteur-lancia-delta-i-thema-i-fiat-croma-i-alfa-164-alfa-155\/","title":{"rendered":"Interrupteur de recul Lancia Delta I Thema I Fiat Croma I Alfa 164 Alfa 155"},"content":{"rendered":"<p>Interrupteur utilis\u00e9 pour allumer les feux de recul de diverses voitures, notamment :  <\/p>\n<ul>\n<li>Lancia Delta HF Integrale 8V<\/li>\n<li>Lancia Thema 2.0 IE \/ 2.5 TD \/ 2.8 V6 \/ 8.32<\/li>\n<li>Fiat Croma 1.6 ie \/ 2.0 ie \/ 2.5 TD<\/li>\n<li>Alfa Romeo 155 2.5 TD \/ 2.5 V6<\/li>\n<li>Alfa Romeo 164 tous types.<\/li>\n<\/ul>\n<p>  Marque Sipea OEM FIAT 7565135 Pi\u00e8ce num\u00e9ro 10 sur le dessin technique du dessin EPER num\u00e9ro 2120700001 concernant l&rsquo;application \u00e0 la Lancia Delta Integrale. Une copie de ce document est requise par voiture. OEM Lancia 7565135 OEM ALFA ROMEO 7565135<\/p>\n","protected":false},"excerpt":{"rendered":"<p>7565135 Interrupteur de marche arri\u00e8re Lancia Delta I Thema I Fiat Croma I Alfa 164 Alfa 155 &#8211; Interrupteur usag\u00e9 pour l&rsquo;allumage des feux de marche arri\u00e8re pour diverses voitures dont:Lancia Delta HF Integrale 8VLancia Thema 2.<\/p>\n","protected":false},"featured_media":43116,"comment_status":"open","ping_status":"closed","template":"","meta":{"_acf_changed":false},"product_brand":[],"product_cat":[1609,1654,1582,1722,1806,1690,1830,1798,1896],"product_tag":[],"class_list":{"0":"post-64235","1":"product","2":"type-product","3":"status-publish","4":"has-post-thumbnail","6":"product_cat-155-167-fr","7":"product_cat-164-164-fr","8":"product_cat-alfa-romeo-fr","9":"product_cat-croma-1-154-fr","10":"product_cat-delta-1-831-fr","11":"product_cat-fiat-fr","12":"product_cat-integrale-8v-fr","13":"product_cat-lancia-fr","14":"product_cat-thema-834-fr","15":"pa_soort-onderdeel-carrosserie-et-tolerie","16":"pa_soort-onderdeel-electronique-et-cables","18":"first","19":"instock","20":"shipping-taxable","21":"purchasable","22":"product-type-simple"},"acf":[],"yoast_head":"<!-- This site is optimized with the Yoast SEO plugin v27.3 - https:\/\/yoast.com\/product\/yoast-seo-wordpress\/ -->\n<title>Interrupteur de recul Lancia Delta I Thema I Fiat Croma I Alfa 164 Alfa 155 - Turijnmagazijn<\/title>\n<meta name=\"robots\" content=\"index, follow, max-snippet:-1, max-image-preview:large, max-video-preview:-1\" \/>\n<link rel=\"canonical\" href=\"https:\/\/turijnmagazijn.nl\/fr\/produit\/inverser-linterrupteur-lancia-delta-i-thema-i-fiat-croma-i-alfa-164-alfa-155\/\" \/>\n<meta property=\"og:locale\" content=\"fr_FR\" \/>\n<meta property=\"og:type\" content=\"article\" \/>\n<meta property=\"og:title\" content=\"Interrupteur de recul Lancia Delta I Thema I Fiat Croma I Alfa 164 Alfa 155 - Turijnmagazijn\" \/>\n<meta property=\"og:description\" content=\"7565135 Interrupteur de marche arri\u00e8re Lancia Delta I Thema I Fiat Croma I Alfa 164 Alfa 155 - Interrupteur usag\u00e9 pour l&#039;allumage des feux de marche arri\u00e8re pour diverses voitures dont:Lancia Delta HF Integrale 8VLancia Thema 2.\" \/>\n<meta property=\"og:url\" content=\"https:\/\/turijnmagazijn.nl\/fr\/produit\/inverser-linterrupteur-lancia-delta-i-thema-i-fiat-croma-i-alfa-164-alfa-155\/\" \/>\n<meta property=\"og:site_name\" content=\"Turijnmagazijn\" \/>\n<meta property=\"article:publisher\" content=\"https:\/\/www.facebook.com\/turijnmagazijn\" \/>\n<meta property=\"article:modified_time\" content=\"2024-11-01T18:21:29+00:00\" \/>\n<meta property=\"og:image\" content=\"https:\/\/turijnmagazijn.nl\/wp-content\/uploads\/2023\/03\/DK0010183520Achteruitrijschakelaar20Lancia20Delta20I20Thema20I2020Fiat20Croma20I20Alfa2016420Alfa20155202.jpg\" \/>\n\t<meta property=\"og:image:width\" content=\"800\" \/>\n\t<meta property=\"og:image:height\" content=\"600\" \/>\n\t<meta property=\"og:image:type\" content=\"image\/jpeg\" \/>\n<meta name=\"twitter:card\" content=\"summary_large_image\" \/>\n<script type=\"application\/ld+json\" class=\"yoast-schema-graph\">{\"@context\":\"https:\\\/\\\/schema.org\",\"@graph\":[{\"@type\":\"WebPage\",\"@id\":\"https:\\\/\\\/turijnmagazijn.nl\\\/fr\\\/produit\\\/inverser-linterrupteur-lancia-delta-i-thema-i-fiat-croma-i-alfa-164-alfa-155\\\/\",\"url\":\"https:\\\/\\\/turijnmagazijn.nl\\\/fr\\\/produit\\\/inverser-linterrupteur-lancia-delta-i-thema-i-fiat-croma-i-alfa-164-alfa-155\\\/\",\"name\":\"Interrupteur de recul Lancia Delta I Thema I Fiat Croma I Alfa 164 Alfa 155 - Turijnmagazijn\",\"isPartOf\":{\"@id\":\"https:\\\/\\\/turijnmagazijn.jumpstone-dev.nl\\\/#website\"},\"primaryImageOfPage\":{\"@id\":\"https:\\\/\\\/turijnmagazijn.nl\\\/fr\\\/produit\\\/inverser-linterrupteur-lancia-delta-i-thema-i-fiat-croma-i-alfa-164-alfa-155\\\/#primaryimage\"},\"image\":{\"@id\":\"https:\\\/\\\/turijnmagazijn.nl\\\/fr\\\/produit\\\/inverser-linterrupteur-lancia-delta-i-thema-i-fiat-croma-i-alfa-164-alfa-155\\\/#primaryimage\"},\"thumbnailUrl\":\"https:\\\/\\\/turijnmagazijn.nl\\\/wp-content\\\/uploads\\\/2023\\\/03\\\/DK0010183520Achteruitrijschakelaar20Lancia20Delta20I20Thema20I2020Fiat20Croma20I20Alfa2016420Alfa20155202.jpg\",\"datePublished\":\"2023-03-03T08:16:11+00:00\",\"dateModified\":\"2024-11-01T18:21:29+00:00\",\"breadcrumb\":{\"@id\":\"https:\\\/\\\/turijnmagazijn.nl\\\/fr\\\/produit\\\/inverser-linterrupteur-lancia-delta-i-thema-i-fiat-croma-i-alfa-164-alfa-155\\\/#breadcrumb\"},\"inLanguage\":\"fr-FR\",\"potentialAction\":[{\"@type\":\"ReadAction\",\"target\":[\"https:\\\/\\\/turijnmagazijn.nl\\\/fr\\\/produit\\\/inverser-linterrupteur-lancia-delta-i-thema-i-fiat-croma-i-alfa-164-alfa-155\\\/\"]}]},{\"@type\":\"ImageObject\",\"inLanguage\":\"fr-FR\",\"@id\":\"https:\\\/\\\/turijnmagazijn.nl\\\/fr\\\/produit\\\/inverser-linterrupteur-lancia-delta-i-thema-i-fiat-croma-i-alfa-164-alfa-155\\\/#primaryimage\",\"url\":\"https:\\\/\\\/turijnmagazijn.nl\\\/wp-content\\\/uploads\\\/2023\\\/03\\\/DK0010183520Achteruitrijschakelaar20Lancia20Delta20I20Thema20I2020Fiat20Croma20I20Alfa2016420Alfa20155202.jpg\",\"contentUrl\":\"https:\\\/\\\/turijnmagazijn.nl\\\/wp-content\\\/uploads\\\/2023\\\/03\\\/DK0010183520Achteruitrijschakelaar20Lancia20Delta20I20Thema20I2020Fiat20Croma20I20Alfa2016420Alfa20155202.jpg\",\"width\":800,\"height\":600},{\"@type\":\"BreadcrumbList\",\"@id\":\"https:\\\/\\\/turijnmagazijn.nl\\\/fr\\\/produit\\\/inverser-linterrupteur-lancia-delta-i-thema-i-fiat-croma-i-alfa-164-alfa-155\\\/#breadcrumb\",\"itemListElement\":[{\"@type\":\"ListItem\",\"position\":1,\"name\":\"Home\",\"item\":\"https:\\\/\\\/turijnmagazijn.nl\\\/fr\\\/\"},{\"@type\":\"ListItem\",\"position\":2,\"name\":\"Produits\",\"item\":\"https:\\\/\\\/turijnmagazijn.nl\\\/fr\\\/shop\\\/\"},{\"@type\":\"ListItem\",\"position\":3,\"name\":\"Interrupteur de recul Lancia Delta I Thema I Fiat Croma I Alfa 164 Alfa 155\"}]},{\"@type\":\"WebSite\",\"@id\":\"https:\\\/\\\/turijnmagazijn.jumpstone-dev.nl\\\/#website\",\"url\":\"https:\\\/\\\/turijnmagazijn.jumpstone-dev.nl\\\/\",\"name\":\"Turijnmagazijn\",\"description\":\"Onderdelen nieuw en gebruikt - Fiat &amp; Lancia\",\"publisher\":{\"@id\":\"https:\\\/\\\/turijnmagazijn.jumpstone-dev.nl\\\/#organization\"},\"potentialAction\":[{\"@type\":\"SearchAction\",\"target\":{\"@type\":\"EntryPoint\",\"urlTemplate\":\"https:\\\/\\\/turijnmagazijn.jumpstone-dev.nl\\\/?s={search_term_string}\"},\"query-input\":{\"@type\":\"PropertyValueSpecification\",\"valueRequired\":true,\"valueName\":\"search_term_string\"}}],\"inLanguage\":\"fr-FR\"},{\"@type\":\"Organization\",\"@id\":\"https:\\\/\\\/turijnmagazijn.jumpstone-dev.nl\\\/#organization\",\"name\":\"Turijnmagazijn\",\"url\":\"https:\\\/\\\/turijnmagazijn.jumpstone-dev.nl\\\/\",\"logo\":{\"@type\":\"ImageObject\",\"inLanguage\":\"fr-FR\",\"@id\":\"https:\\\/\\\/turijnmagazijn.jumpstone-dev.nl\\\/#\\\/schema\\\/logo\\\/image\\\/\",\"url\":\"https:\\\/\\\/turijnmagazijn.nl\\\/wp-content\\\/uploads\\\/2021\\\/02\\\/turijnmagazijnlogo.png\",\"contentUrl\":\"https:\\\/\\\/turijnmagazijn.nl\\\/wp-content\\\/uploads\\\/2021\\\/02\\\/turijnmagazijnlogo.png\",\"width\":555,\"height\":270,\"caption\":\"Turijnmagazijn\"},\"image\":{\"@id\":\"https:\\\/\\\/turijnmagazijn.jumpstone-dev.nl\\\/#\\\/schema\\\/logo\\\/image\\\/\"},\"sameAs\":[\"https:\\\/\\\/www.facebook.com\\\/turijnmagazijn\"]}]}<\/script>\n<!-- \/ Yoast SEO plugin. -->","yoast_head_json":{"title":"Interrupteur de recul Lancia Delta I Thema I Fiat Croma I Alfa 164 Alfa 155 - Turijnmagazijn","robots":{"index":"index","follow":"follow","max-snippet":"max-snippet:-1","max-image-preview":"max-image-preview:large","max-video-preview":"max-video-preview:-1"},"canonical":"https:\/\/turijnmagazijn.nl\/fr\/produit\/inverser-linterrupteur-lancia-delta-i-thema-i-fiat-croma-i-alfa-164-alfa-155\/","og_locale":"fr_FR","og_type":"article","og_title":"Interrupteur de recul Lancia Delta I Thema I Fiat Croma I Alfa 164 Alfa 155 - Turijnmagazijn","og_description":"7565135 Interrupteur de marche arri\u00e8re Lancia Delta I Thema I Fiat Croma I Alfa 164 Alfa 155 - Interrupteur usag\u00e9 pour l'allumage des feux de marche arri\u00e8re pour diverses voitures dont:Lancia Delta HF Integrale 8VLancia Thema 2.","og_url":"https:\/\/turijnmagazijn.nl\/fr\/produit\/inverser-linterrupteur-lancia-delta-i-thema-i-fiat-croma-i-alfa-164-alfa-155\/","og_site_name":"Turijnmagazijn","article_publisher":"https:\/\/www.facebook.com\/turijnmagazijn","article_modified_time":"2024-11-01T18:21:29+00:00","og_image":[{"width":800,"height":600,"url":"https:\/\/turijnmagazijn.nl\/wp-content\/uploads\/2023\/03\/DK0010183520Achteruitrijschakelaar20Lancia20Delta20I20Thema20I2020Fiat20Croma20I20Alfa2016420Alfa20155202.jpg","type":"image\/jpeg"}],"twitter_card":"summary_large_image","schema":{"@context":"https:\/\/schema.org","@graph":[{"@type":"WebPage","@id":"https:\/\/turijnmagazijn.nl\/fr\/produit\/inverser-linterrupteur-lancia-delta-i-thema-i-fiat-croma-i-alfa-164-alfa-155\/","url":"https:\/\/turijnmagazijn.nl\/fr\/produit\/inverser-linterrupteur-lancia-delta-i-thema-i-fiat-croma-i-alfa-164-alfa-155\/","name":"Interrupteur de recul Lancia Delta I Thema I Fiat Croma I Alfa 164 Alfa 155 - Turijnmagazijn","isPartOf":{"@id":"https:\/\/turijnmagazijn.jumpstone-dev.nl\/#website"},"primaryImageOfPage":{"@id":"https:\/\/turijnmagazijn.nl\/fr\/produit\/inverser-linterrupteur-lancia-delta-i-thema-i-fiat-croma-i-alfa-164-alfa-155\/#primaryimage"},"image":{"@id":"https:\/\/turijnmagazijn.nl\/fr\/produit\/inverser-linterrupteur-lancia-delta-i-thema-i-fiat-croma-i-alfa-164-alfa-155\/#primaryimage"},"thumbnailUrl":"https:\/\/turijnmagazijn.nl\/wp-content\/uploads\/2023\/03\/DK0010183520Achteruitrijschakelaar20Lancia20Delta20I20Thema20I2020Fiat20Croma20I20Alfa2016420Alfa20155202.jpg","datePublished":"2023-03-03T08:16:11+00:00","dateModified":"2024-11-01T18:21:29+00:00","breadcrumb":{"@id":"https:\/\/turijnmagazijn.nl\/fr\/produit\/inverser-linterrupteur-lancia-delta-i-thema-i-fiat-croma-i-alfa-164-alfa-155\/#breadcrumb"},"inLanguage":"fr-FR","potentialAction":[{"@type":"ReadAction","target":["https:\/\/turijnmagazijn.nl\/fr\/produit\/inverser-linterrupteur-lancia-delta-i-thema-i-fiat-croma-i-alfa-164-alfa-155\/"]}]},{"@type":"ImageObject","inLanguage":"fr-FR","@id":"https:\/\/turijnmagazijn.nl\/fr\/produit\/inverser-linterrupteur-lancia-delta-i-thema-i-fiat-croma-i-alfa-164-alfa-155\/#primaryimage","url":"https:\/\/turijnmagazijn.nl\/wp-content\/uploads\/2023\/03\/DK0010183520Achteruitrijschakelaar20Lancia20Delta20I20Thema20I2020Fiat20Croma20I20Alfa2016420Alfa20155202.jpg","contentUrl":"https:\/\/turijnmagazijn.nl\/wp-content\/uploads\/2023\/03\/DK0010183520Achteruitrijschakelaar20Lancia20Delta20I20Thema20I2020Fiat20Croma20I20Alfa2016420Alfa20155202.jpg","width":800,"height":600},{"@type":"BreadcrumbList","@id":"https:\/\/turijnmagazijn.nl\/fr\/produit\/inverser-linterrupteur-lancia-delta-i-thema-i-fiat-croma-i-alfa-164-alfa-155\/#breadcrumb","itemListElement":[{"@type":"ListItem","position":1,"name":"Home","item":"https:\/\/turijnmagazijn.nl\/fr\/"},{"@type":"ListItem","position":2,"name":"Produits","item":"https:\/\/turijnmagazijn.nl\/fr\/shop\/"},{"@type":"ListItem","position":3,"name":"Interrupteur de recul Lancia Delta I Thema I Fiat Croma I Alfa 164 Alfa 155"}]},{"@type":"WebSite","@id":"https:\/\/turijnmagazijn.jumpstone-dev.nl\/#website","url":"https:\/\/turijnmagazijn.jumpstone-dev.nl\/","name":"Turijnmagazijn","description":"Onderdelen nieuw en gebruikt - Fiat &amp; Lancia","publisher":{"@id":"https:\/\/turijnmagazijn.jumpstone-dev.nl\/#organization"},"potentialAction":[{"@type":"SearchAction","target":{"@type":"EntryPoint","urlTemplate":"https:\/\/turijnmagazijn.jumpstone-dev.nl\/?s={search_term_string}"},"query-input":{"@type":"PropertyValueSpecification","valueRequired":true,"valueName":"search_term_string"}}],"inLanguage":"fr-FR"},{"@type":"Organization","@id":"https:\/\/turijnmagazijn.jumpstone-dev.nl\/#organization","name":"Turijnmagazijn","url":"https:\/\/turijnmagazijn.jumpstone-dev.nl\/","logo":{"@type":"ImageObject","inLanguage":"fr-FR","@id":"https:\/\/turijnmagazijn.jumpstone-dev.nl\/#\/schema\/logo\/image\/","url":"https:\/\/turijnmagazijn.nl\/wp-content\/uploads\/2021\/02\/turijnmagazijnlogo.png","contentUrl":"https:\/\/turijnmagazijn.nl\/wp-content\/uploads\/2021\/02\/turijnmagazijnlogo.png","width":555,"height":270,"caption":"Turijnmagazijn"},"image":{"@id":"https:\/\/turijnmagazijn.jumpstone-dev.nl\/#\/schema\/logo\/image\/"},"sameAs":["https:\/\/www.facebook.com\/turijnmagazijn"]}]}},"_links":{"self":[{"href":"https:\/\/turijnmagazijn.nl\/fr\/wp-json\/wp\/v2\/product\/64235","targetHints":{"allow":["GET"]}}],"collection":[{"href":"https:\/\/turijnmagazijn.nl\/fr\/wp-json\/wp\/v2\/product"}],"about":[{"href":"https:\/\/turijnmagazijn.nl\/fr\/wp-json\/wp\/v2\/types\/product"}],"replies":[{"embeddable":true,"href":"https:\/\/turijnmagazijn.nl\/fr\/wp-json\/wp\/v2\/comments?post=64235"}],"wp:featuredmedia":[{"embeddable":true,"href":"https:\/\/turijnmagazijn.nl\/fr\/wp-json\/wp\/v2\/media\/43116"}],"wp:attachment":[{"href":"https:\/\/turijnmagazijn.nl\/fr\/wp-json\/wp\/v2\/media?parent=64235"}],"wp:term":[{"taxonomy":"product_brand","embeddable":true,"href":"https:\/\/turijnmagazijn.nl\/fr\/wp-json\/wp\/v2\/product_brand?post=64235"},{"taxonomy":"product_cat","embeddable":true,"href":"https:\/\/turijnmagazijn.nl\/fr\/wp-json\/wp\/v2\/product_cat?post=64235"},{"taxonomy":"product_tag","embeddable":true,"href":"https:\/\/turijnmagazijn.nl\/fr\/wp-json\/wp\/v2\/product_tag?post=64235"}],"curies":[{"name":"wp","href":"https:\/\/api.w.org\/{rel}","templated":true}]}}