{"id":64252,"date":"2023-03-03T09:19:49","date_gmt":"2023-03-03T08:19:49","guid":{"rendered":"https:\/\/turijnmagazijn.nl\/product\/poignee-de-porte-laterale-interieure-lancia-delta-i-droite-non-integrale\/"},"modified":"2025-05-08T16:59:42","modified_gmt":"2025-05-08T14:59:42","slug":"poignee-de-porte-laterale-interieure-droite-lancia-delta-i-non-integrale","status":"publish","type":"product","link":"https:\/\/turijnmagazijn.nl\/fr\/produit\/poignee-de-porte-laterale-interieure-droite-lancia-delta-i-non-integrale\/","title":{"rendered":"Poign\u00e9e de porte lat\u00e9rale int\u00e9rieure Lancia Delta I droite (non int\u00e9grale!)"},"content":{"rendered":"<p>Poign\u00e9e de porte en plastique usag\u00e9e pour Lancia Delta type I, concerne la poign\u00e9e c\u00f4t\u00e9 int\u00e9rieur. Convient \u00e0 la fois pour la porte avant et arri\u00e8re DROITE. Ce type de poign\u00e9e est sans insert en aluminium, donc ne convient pas aux mod\u00e8les int\u00e9graux! OEM Lancia 176247960<\/p>\n","protected":false},"excerpt":{"rendered":"<p>Poign\u00e9e de porte lat\u00e9rale int\u00e9rieure Right Lancia Delta I (non int\u00e9grale!) &#8211; Poign\u00e9e de porte en plastique usag\u00e9e pour Lancia Delta type I, concerne la poign\u00e9e c\u00f4t\u00e9 int\u00e9rieur.<\/p>\n","protected":false},"featured_media":47196,"comment_status":"open","ping_status":"closed","template":"","meta":{"_acf_changed":false},"product_brand":[],"product_cat":[1809,1806,1819,1821,1825,1798],"product_tag":[],"class_list":{"0":"post-64252","1":"product","2":"type-product","3":"status-publish","4":"has-post-thumbnail","6":"product_cat-1-1-1-3-1-5-fr","7":"product_cat-delta-1-831-fr","8":"product_cat-gt-i-e-fr","9":"product_cat-hf-4wd-fr","10":"product_cat-hf-turbo-fr","11":"product_cat-lancia-fr","12":"pa_soort-onderdeel-dautres-pieces-de-voiture","13":"pa_soort-onderdeel-interieur-et-sellerie","15":"first","16":"instock","17":"shipping-taxable","18":"purchasable","19":"product-type-simple"},"acf":[],"yoast_head":"<!-- This site is optimized with the Yoast SEO plugin v27.2 - https:\/\/yoast.com\/product\/yoast-seo-wordpress\/ -->\n<title>Poign\u00e9e de porte lat\u00e9rale int\u00e9rieure Lancia Delta I droite (non int\u00e9grale!) - Turijnmagazijn<\/title>\n<meta name=\"robots\" content=\"index, follow, max-snippet:-1, max-image-preview:large, max-video-preview:-1\" \/>\n<link rel=\"canonical\" href=\"https:\/\/turijnmagazijn.nl\/fr\/produit\/poignee-de-porte-laterale-interieure-droite-lancia-delta-i-non-integrale\/\" \/>\n<meta property=\"og:locale\" content=\"fr_FR\" \/>\n<meta property=\"og:type\" content=\"article\" \/>\n<meta property=\"og:title\" content=\"Poign\u00e9e de porte lat\u00e9rale int\u00e9rieure Lancia Delta I droite (non int\u00e9grale!) - Turijnmagazijn\" \/>\n<meta property=\"og:description\" content=\"Poign\u00e9e de porte lat\u00e9rale int\u00e9rieure Right Lancia Delta I (non int\u00e9grale!) - Poign\u00e9e de porte en plastique usag\u00e9e pour Lancia Delta type I, concerne la poign\u00e9e c\u00f4t\u00e9 int\u00e9rieur.\" \/>\n<meta property=\"og:url\" content=\"https:\/\/turijnmagazijn.nl\/fr\/produit\/poignee-de-porte-laterale-interieure-droite-lancia-delta-i-non-integrale\/\" \/>\n<meta property=\"og:site_name\" content=\"Turijnmagazijn\" \/>\n<meta property=\"article:publisher\" content=\"https:\/\/www.facebook.com\/turijnmagazijn\" \/>\n<meta property=\"article:modified_time\" content=\"2025-05-08T14:59:42+00:00\" \/>\n<meta property=\"og:image\" content=\"https:\/\/turijnmagazijn.nl\/wp-content\/uploads\/2023\/03\/DK0010224920Interieur20zijde20deurgreep20Rechts20Lancia20Delta20I20non-integrale20203.jpg\" \/>\n\t<meta property=\"og:image:width\" content=\"1024\" \/>\n\t<meta property=\"og:image:height\" content=\"768\" \/>\n\t<meta property=\"og:image:type\" content=\"image\/jpeg\" \/>\n<meta name=\"twitter:card\" content=\"summary_large_image\" \/>\n<script type=\"application\/ld+json\" class=\"yoast-schema-graph\">{\"@context\":\"https:\/\/schema.org\",\"@graph\":[{\"@type\":\"WebPage\",\"@id\":\"https:\/\/turijnmagazijn.nl\/fr\/produit\/poignee-de-porte-laterale-interieure-droite-lancia-delta-i-non-integrale\/\",\"url\":\"https:\/\/turijnmagazijn.nl\/fr\/produit\/poignee-de-porte-laterale-interieure-droite-lancia-delta-i-non-integrale\/\",\"name\":\"Poign\u00e9e de porte lat\u00e9rale int\u00e9rieure Lancia Delta I droite (non int\u00e9grale!) - Turijnmagazijn\",\"isPartOf\":{\"@id\":\"https:\/\/turijnmagazijn.jumpstone-dev.nl\/#website\"},\"primaryImageOfPage\":{\"@id\":\"https:\/\/turijnmagazijn.nl\/fr\/produit\/poignee-de-porte-laterale-interieure-droite-lancia-delta-i-non-integrale\/#primaryimage\"},\"image\":{\"@id\":\"https:\/\/turijnmagazijn.nl\/fr\/produit\/poignee-de-porte-laterale-interieure-droite-lancia-delta-i-non-integrale\/#primaryimage\"},\"thumbnailUrl\":\"https:\/\/turijnmagazijn.nl\/wp-content\/uploads\/2023\/03\/DK0010224920Interieur20zijde20deurgreep20Rechts20Lancia20Delta20I20non-integrale20203.jpg\",\"datePublished\":\"2023-03-03T08:19:49+00:00\",\"dateModified\":\"2025-05-08T14:59:42+00:00\",\"breadcrumb\":{\"@id\":\"https:\/\/turijnmagazijn.nl\/fr\/produit\/poignee-de-porte-laterale-interieure-droite-lancia-delta-i-non-integrale\/#breadcrumb\"},\"inLanguage\":\"fr-FR\",\"potentialAction\":[{\"@type\":\"ReadAction\",\"target\":[\"https:\/\/turijnmagazijn.nl\/fr\/produit\/poignee-de-porte-laterale-interieure-droite-lancia-delta-i-non-integrale\/\"]}]},{\"@type\":\"ImageObject\",\"inLanguage\":\"fr-FR\",\"@id\":\"https:\/\/turijnmagazijn.nl\/fr\/produit\/poignee-de-porte-laterale-interieure-droite-lancia-delta-i-non-integrale\/#primaryimage\",\"url\":\"https:\/\/turijnmagazijn.nl\/wp-content\/uploads\/2023\/03\/DK0010224920Interieur20zijde20deurgreep20Rechts20Lancia20Delta20I20non-integrale20203.jpg\",\"contentUrl\":\"https:\/\/turijnmagazijn.nl\/wp-content\/uploads\/2023\/03\/DK0010224920Interieur20zijde20deurgreep20Rechts20Lancia20Delta20I20non-integrale20203.jpg\",\"width\":1024,\"height\":768},{\"@type\":\"BreadcrumbList\",\"@id\":\"https:\/\/turijnmagazijn.nl\/fr\/produit\/poignee-de-porte-laterale-interieure-droite-lancia-delta-i-non-integrale\/#breadcrumb\",\"itemListElement\":[{\"@type\":\"ListItem\",\"position\":1,\"name\":\"Home\",\"item\":\"https:\/\/turijnmagazijn.nl\/fr\/\"},{\"@type\":\"ListItem\",\"position\":2,\"name\":\"Produits\",\"item\":\"https:\/\/turijnmagazijn.nl\/fr\/shop\/\"},{\"@type\":\"ListItem\",\"position\":3,\"name\":\"Poign\u00e9e de porte lat\u00e9rale int\u00e9rieure Lancia Delta I droite (non int\u00e9grale!)\"}]},{\"@type\":\"WebSite\",\"@id\":\"https:\/\/turijnmagazijn.jumpstone-dev.nl\/#website\",\"url\":\"https:\/\/turijnmagazijn.jumpstone-dev.nl\/\",\"name\":\"Turijnmagazijn\",\"description\":\"Onderdelen nieuw en gebruikt - Fiat &amp; Lancia\",\"publisher\":{\"@id\":\"https:\/\/turijnmagazijn.jumpstone-dev.nl\/#organization\"},\"potentialAction\":[{\"@type\":\"SearchAction\",\"target\":{\"@type\":\"EntryPoint\",\"urlTemplate\":\"https:\/\/turijnmagazijn.jumpstone-dev.nl\/?s={search_term_string}\"},\"query-input\":{\"@type\":\"PropertyValueSpecification\",\"valueRequired\":true,\"valueName\":\"search_term_string\"}}],\"inLanguage\":\"fr-FR\"},{\"@type\":\"Organization\",\"@id\":\"https:\/\/turijnmagazijn.jumpstone-dev.nl\/#organization\",\"name\":\"Turijnmagazijn\",\"url\":\"https:\/\/turijnmagazijn.jumpstone-dev.nl\/\",\"logo\":{\"@type\":\"ImageObject\",\"inLanguage\":\"fr-FR\",\"@id\":\"https:\/\/turijnmagazijn.jumpstone-dev.nl\/#\/schema\/logo\/image\/\",\"url\":\"https:\/\/turijnmagazijn.nl\/wp-content\/uploads\/2021\/02\/turijnmagazijnlogo.png\",\"contentUrl\":\"https:\/\/turijnmagazijn.nl\/wp-content\/uploads\/2021\/02\/turijnmagazijnlogo.png\",\"width\":555,\"height\":270,\"caption\":\"Turijnmagazijn\"},\"image\":{\"@id\":\"https:\/\/turijnmagazijn.jumpstone-dev.nl\/#\/schema\/logo\/image\/\"},\"sameAs\":[\"https:\/\/www.facebook.com\/turijnmagazijn\"]}]}<\/script>\n<!-- \/ Yoast SEO plugin. -->","yoast_head_json":{"title":"Poign\u00e9e de porte lat\u00e9rale int\u00e9rieure Lancia Delta I droite (non int\u00e9grale!) - Turijnmagazijn","robots":{"index":"index","follow":"follow","max-snippet":"max-snippet:-1","max-image-preview":"max-image-preview:large","max-video-preview":"max-video-preview:-1"},"canonical":"https:\/\/turijnmagazijn.nl\/fr\/produit\/poignee-de-porte-laterale-interieure-droite-lancia-delta-i-non-integrale\/","og_locale":"fr_FR","og_type":"article","og_title":"Poign\u00e9e de porte lat\u00e9rale int\u00e9rieure Lancia Delta I droite (non int\u00e9grale!) - Turijnmagazijn","og_description":"Poign\u00e9e de porte lat\u00e9rale int\u00e9rieure Right Lancia Delta I (non int\u00e9grale!) - Poign\u00e9e de porte en plastique usag\u00e9e pour Lancia Delta type I, concerne la poign\u00e9e c\u00f4t\u00e9 int\u00e9rieur.","og_url":"https:\/\/turijnmagazijn.nl\/fr\/produit\/poignee-de-porte-laterale-interieure-droite-lancia-delta-i-non-integrale\/","og_site_name":"Turijnmagazijn","article_publisher":"https:\/\/www.facebook.com\/turijnmagazijn","article_modified_time":"2025-05-08T14:59:42+00:00","og_image":[{"width":1024,"height":768,"url":"https:\/\/turijnmagazijn.nl\/wp-content\/uploads\/2023\/03\/DK0010224920Interieur20zijde20deurgreep20Rechts20Lancia20Delta20I20non-integrale20203.jpg","type":"image\/jpeg"}],"twitter_card":"summary_large_image","schema":{"@context":"https:\/\/schema.org","@graph":[{"@type":"WebPage","@id":"https:\/\/turijnmagazijn.nl\/fr\/produit\/poignee-de-porte-laterale-interieure-droite-lancia-delta-i-non-integrale\/","url":"https:\/\/turijnmagazijn.nl\/fr\/produit\/poignee-de-porte-laterale-interieure-droite-lancia-delta-i-non-integrale\/","name":"Poign\u00e9e de porte lat\u00e9rale int\u00e9rieure Lancia Delta I droite (non int\u00e9grale!) - Turijnmagazijn","isPartOf":{"@id":"https:\/\/turijnmagazijn.jumpstone-dev.nl\/#website"},"primaryImageOfPage":{"@id":"https:\/\/turijnmagazijn.nl\/fr\/produit\/poignee-de-porte-laterale-interieure-droite-lancia-delta-i-non-integrale\/#primaryimage"},"image":{"@id":"https:\/\/turijnmagazijn.nl\/fr\/produit\/poignee-de-porte-laterale-interieure-droite-lancia-delta-i-non-integrale\/#primaryimage"},"thumbnailUrl":"https:\/\/turijnmagazijn.nl\/wp-content\/uploads\/2023\/03\/DK0010224920Interieur20zijde20deurgreep20Rechts20Lancia20Delta20I20non-integrale20203.jpg","datePublished":"2023-03-03T08:19:49+00:00","dateModified":"2025-05-08T14:59:42+00:00","breadcrumb":{"@id":"https:\/\/turijnmagazijn.nl\/fr\/produit\/poignee-de-porte-laterale-interieure-droite-lancia-delta-i-non-integrale\/#breadcrumb"},"inLanguage":"fr-FR","potentialAction":[{"@type":"ReadAction","target":["https:\/\/turijnmagazijn.nl\/fr\/produit\/poignee-de-porte-laterale-interieure-droite-lancia-delta-i-non-integrale\/"]}]},{"@type":"ImageObject","inLanguage":"fr-FR","@id":"https:\/\/turijnmagazijn.nl\/fr\/produit\/poignee-de-porte-laterale-interieure-droite-lancia-delta-i-non-integrale\/#primaryimage","url":"https:\/\/turijnmagazijn.nl\/wp-content\/uploads\/2023\/03\/DK0010224920Interieur20zijde20deurgreep20Rechts20Lancia20Delta20I20non-integrale20203.jpg","contentUrl":"https:\/\/turijnmagazijn.nl\/wp-content\/uploads\/2023\/03\/DK0010224920Interieur20zijde20deurgreep20Rechts20Lancia20Delta20I20non-integrale20203.jpg","width":1024,"height":768},{"@type":"BreadcrumbList","@id":"https:\/\/turijnmagazijn.nl\/fr\/produit\/poignee-de-porte-laterale-interieure-droite-lancia-delta-i-non-integrale\/#breadcrumb","itemListElement":[{"@type":"ListItem","position":1,"name":"Home","item":"https:\/\/turijnmagazijn.nl\/fr\/"},{"@type":"ListItem","position":2,"name":"Produits","item":"https:\/\/turijnmagazijn.nl\/fr\/shop\/"},{"@type":"ListItem","position":3,"name":"Poign\u00e9e de porte lat\u00e9rale int\u00e9rieure Lancia Delta I droite (non int\u00e9grale!)"}]},{"@type":"WebSite","@id":"https:\/\/turijnmagazijn.jumpstone-dev.nl\/#website","url":"https:\/\/turijnmagazijn.jumpstone-dev.nl\/","name":"Turijnmagazijn","description":"Onderdelen nieuw en gebruikt - Fiat &amp; Lancia","publisher":{"@id":"https:\/\/turijnmagazijn.jumpstone-dev.nl\/#organization"},"potentialAction":[{"@type":"SearchAction","target":{"@type":"EntryPoint","urlTemplate":"https:\/\/turijnmagazijn.jumpstone-dev.nl\/?s={search_term_string}"},"query-input":{"@type":"PropertyValueSpecification","valueRequired":true,"valueName":"search_term_string"}}],"inLanguage":"fr-FR"},{"@type":"Organization","@id":"https:\/\/turijnmagazijn.jumpstone-dev.nl\/#organization","name":"Turijnmagazijn","url":"https:\/\/turijnmagazijn.jumpstone-dev.nl\/","logo":{"@type":"ImageObject","inLanguage":"fr-FR","@id":"https:\/\/turijnmagazijn.jumpstone-dev.nl\/#\/schema\/logo\/image\/","url":"https:\/\/turijnmagazijn.nl\/wp-content\/uploads\/2021\/02\/turijnmagazijnlogo.png","contentUrl":"https:\/\/turijnmagazijn.nl\/wp-content\/uploads\/2021\/02\/turijnmagazijnlogo.png","width":555,"height":270,"caption":"Turijnmagazijn"},"image":{"@id":"https:\/\/turijnmagazijn.jumpstone-dev.nl\/#\/schema\/logo\/image\/"},"sameAs":["https:\/\/www.facebook.com\/turijnmagazijn"]}]}},"_links":{"self":[{"href":"https:\/\/turijnmagazijn.nl\/fr\/wp-json\/wp\/v2\/product\/64252","targetHints":{"allow":["GET"]}}],"collection":[{"href":"https:\/\/turijnmagazijn.nl\/fr\/wp-json\/wp\/v2\/product"}],"about":[{"href":"https:\/\/turijnmagazijn.nl\/fr\/wp-json\/wp\/v2\/types\/product"}],"replies":[{"embeddable":true,"href":"https:\/\/turijnmagazijn.nl\/fr\/wp-json\/wp\/v2\/comments?post=64252"}],"wp:featuredmedia":[{"embeddable":true,"href":"https:\/\/turijnmagazijn.nl\/fr\/wp-json\/wp\/v2\/media\/47196"}],"wp:attachment":[{"href":"https:\/\/turijnmagazijn.nl\/fr\/wp-json\/wp\/v2\/media?parent=64252"}],"wp:term":[{"taxonomy":"product_brand","embeddable":true,"href":"https:\/\/turijnmagazijn.nl\/fr\/wp-json\/wp\/v2\/product_brand?post=64252"},{"taxonomy":"product_cat","embeddable":true,"href":"https:\/\/turijnmagazijn.nl\/fr\/wp-json\/wp\/v2\/product_cat?post=64252"},{"taxonomy":"product_tag","embeddable":true,"href":"https:\/\/turijnmagazijn.nl\/fr\/wp-json\/wp\/v2\/product_tag?post=64252"}],"curies":[{"name":"wp","href":"https:\/\/api.w.org\/{rel}","templated":true}]}}